





{"id":67553,"date":"2023-12-22T17:05:06","date_gmt":"2023-12-22T16:05:06","guid":{"rendered":"https:\/\/repliquemangacine.fr\/?post_type=product&#038;p=67553"},"modified":"2025-11-18T15:35:38","modified_gmt":"2025-11-18T14:35:38","slug":"funda-doble-marron","status":"publish","type":"product","link":"https:\/\/repliquemangacine.fr\/es\/holster-accessoires-western\/holster-double-marron\/","title":{"rendered":"Funda doble marr\u00f3n"},"content":{"rendered":"<h2>Funda doble marr\u00f3n<\/h2>\n<p>Para empezar, este <strong>Funda doble marr\u00f3n<\/strong>, especialmente dise\u00f1ado para llevar dos rev\u00f3lveres. Este cintur\u00f3n tiene una cartuchera con 24 balas de fogueo. Generalmente est\u00e1 dise\u00f1ado para usarse con una sola mano. Esto permite sacar y\/o reemplazar el arma de mano con la misma mano. Para volver a colocar el arma corta en su funda con una sola mano, se necesita un material semirr\u00edgido. De este modo, la funda conserva su forma y no se derrumba cuando el rev\u00f3lver ya no est\u00e1 dentro para sostenerla.<\/p>\n<p>Tradicionalmente se sujetan al cintur\u00f3n mediante una correa. Se popularizaron en las pel\u00edculas del oeste y en famosas escenas de duelos. La extracci\u00f3n de la pistola en algunas pel\u00edculas es bastante espectacular y se pueden ver proezas t\u00e9cnicas para volver a guardarla.<\/p>\n<h2>Tu Funda Doble Marr\u00f3n al mejor precio.<\/h2>\n<p>Le ofrecemos una amplia selecci\u00f3n de accesorios Western.<\/p>\n<p>Lo primero y m\u00e1s importante,<\/p>\n<ul>\n<li>Para su funda, necesita <a href=\"https:\/\/repliquemangacine.fr\/es\/pistola-kolser\/estuche-colt-45-pulido-4-75-pulgadas-1873-kolser\/\">colt 45 pulido 4.75<\/a>modelo 1873 de la marca <a href=\"https:\/\/kolser.com\/\" target=\"_blank\" rel=\"noopener noreferrer\">Kolser<\/a> .<\/li>\n<li>Tambi\u00e9n hay balas de prueba con cebadores para Colt 45 para llenar su cartuchera.<\/li>\n<li>As\u00ed como <a href=\"https:\/\/repliquemangacine.fr\/es\/pistola-kolser\/blister-208-imprimaciones-kolser\/\">bl\u00edsteres de imprimaciones<\/a> las piezas de repuesto necesarias para que todo funcione.<\/li>\n<li>Y muchos m\u00e1s por descubrir en nuestra tienda en l\u00ednea.<\/li>\n<\/ul>\n<p>As\u00ed que esta es una magn\u00edfica idea de regalo para todos los amantes de las armas hist\u00f3ricas. En conclusi\u00f3n, puede utilizar esta funda negra de 2 Colts para sus recreaciones y representaciones del oeste. Sobre todo, esta arma es un objeto de colecci\u00f3n y una pieza decorativa. R\u00e9plique Manga Cin\u00e9 es una empresa francesa y distribuidor oficial de la marca Denix.<\/p>\n<h2>\u00bfC\u00f3mo se fabrican sus accesorios occidentales?<\/h2>\n<p>Para empezar, todos nuestros productos derivados son de la m\u00e1xima calidad, fabricados con meticulosa atenci\u00f3n al detalle. Una parte se hace a mano, para reproducir hasta el m\u00e1s m\u00ednimo detalle. Las partes m\u00e1s importantes se mecanizan con m\u00e1quinas muy precisas. Los grabados se hacen generalmente con punta de diamante o l\u00e1ser. Su <strong>Funda doble marr\u00f3n<\/strong> fabricados para reproducir cada detalle con exactitud. Para igualar el legado de las obras maestras originales. El \u00e9nfasis se pone en crear r\u00e9plicas de alta calidad que sean lo m\u00e1s hist\u00f3ricamente exactas posible. En conclusi\u00f3n, importadas de China, Espa\u00f1a o la India, \u00a1nuestras r\u00e9plicas le sorprender\u00e1n!<\/p>","protected":false},"excerpt":{"rendered":"<p>Este cintur\u00f3n occidental de muy alta calidad est\u00e1 hecho de cuero grueso moldeado.<\/p>\n<ul>\n<li>Hecho y cosido a mano.<\/li>\n<li>Dos pistoleras con piezas decorativas de cuero aut\u00e9ntico.<\/li>\n<li>Hebilla de cintur\u00f3n met\u00e1lica.<\/li>\n<li>Correas de soporte.<\/li>\n<li>Cinta de cartuchos.<\/li>\n<li>Se suministra sin balas de prueba<\/li>\n<\/ul>","protected":false},"featured_media":67554,"template":"","meta":[],"product_brand":[],"product_cat":[45,90,27,64],"product_tag":[],"class_list":{"0":"post-67553","1":"product","2":"type-product","3":"status-publish","4":"has-post-thumbnail","6":"product_cat-holster-western-ceinturon","7":"product_cat-holster-accessoires-western","8":"product_cat-armes-et-accessoires-western","9":"product_cat-western-repliques-armes","11":"first","12":"outofstock","13":"taxable","14":"shipping-taxable","15":"purchasable","16":"product-type-simple"},"yoast_head":"<!-- This site is optimized with the Yoast SEO plugin v27.4 - https:\/\/yoast.com\/product\/yoast-seo-wordpress\/ -->\n<title>Holster Double Marron - Accessoires Western | RMC<\/title>\n<meta name=\"description\" content=\"D\u00e9couvrez ce superbe Holster Double Marron au meilleur prix. Tout en cuir marron. Cartouchi\u00e8res. Id\u00e9al pour votre costume de Cow-boys.\" \/>\n<meta name=\"robots\" content=\"index, follow, max-snippet:-1, max-image-preview:large, max-video-preview:-1\" \/>\n<link rel=\"canonical\" href=\"https:\/\/repliquemangacine.fr\/es\/accesorios-western-funda\/funda-doble-marron\/\" \/>\n<meta property=\"og:locale\" content=\"es_ES\" \/>\n<meta property=\"og:type\" content=\"article\" \/>\n<meta property=\"og:title\" content=\"Holster Double Marron - Accessoires Western | RMC\" \/>\n<meta property=\"og:description\" content=\"D\u00e9couvrez ce superbe Holster Double Marron au meilleur prix. Tout en cuir marron. Cartouchi\u00e8res. Id\u00e9al pour votre costume de Cow-boys.\" \/>\n<meta property=\"og:url\" content=\"https:\/\/repliquemangacine.fr\/es\/accesorios-western-funda\/funda-doble-marron\/\" \/>\n<meta property=\"og:site_name\" content=\"R\u00e9plique Manga Cin\u00e9\" \/>\n<meta property=\"article:publisher\" content=\"https:\/\/www.facebook.com\/RepliqueMangaCine\" \/>\n<meta property=\"article:modified_time\" content=\"2025-11-18T14:35:38+00:00\" \/>\n<meta property=\"og:image\" content=\"https:\/\/repliquemangacine.fr\/wp-content\/uploads\/2023\/12\/Holster-double-marron.jpg\" \/>\n\t<meta property=\"og:image:width\" content=\"500\" \/>\n\t<meta property=\"og:image:height\" content=\"500\" \/>\n\t<meta property=\"og:image:type\" content=\"image\/jpeg\" \/>\n<meta name=\"twitter:card\" content=\"summary_large_image\" \/>\n<meta name=\"twitter:label1\" content=\"Tiempo de lectura\" \/>\n\t<meta name=\"twitter:data1\" content=\"3 minutos\" \/>\n<script type=\"application\/ld+json\" class=\"yoast-schema-graph\">{\"@context\":\"https:\\\/\\\/schema.org\",\"@graph\":[{\"@type\":\"WebPage\",\"@id\":\"https:\\\/\\\/repliquemangacine.fr\\\/holster-accessoires-western\\\/holster-double-marron\\\/\",\"url\":\"https:\\\/\\\/repliquemangacine.fr\\\/holster-accessoires-western\\\/holster-double-marron\\\/\",\"name\":\"Holster Double Marron - Accessoires Western | RMC\",\"isPartOf\":{\"@id\":\"https:\\\/\\\/repliquemangacine.fr\\\/#website\"},\"primaryImageOfPage\":{\"@id\":\"https:\\\/\\\/repliquemangacine.fr\\\/holster-accessoires-western\\\/holster-double-marron\\\/#primaryimage\"},\"image\":{\"@id\":\"https:\\\/\\\/repliquemangacine.fr\\\/holster-accessoires-western\\\/holster-double-marron\\\/#primaryimage\"},\"thumbnailUrl\":\"https:\\\/\\\/repliquemangacine.fr\\\/wp-content\\\/uploads\\\/2023\\\/12\\\/Holster-double-marron.jpg\",\"datePublished\":\"2023-12-22T16:05:06+00:00\",\"dateModified\":\"2025-11-18T14:35:38+00:00\",\"description\":\"D\u00e9couvrez ce superbe Holster Double Marron au meilleur prix. Tout en cuir marron. Cartouchi\u00e8res. Id\u00e9al pour votre costume de Cow-boys.\",\"breadcrumb\":{\"@id\":\"https:\\\/\\\/repliquemangacine.fr\\\/holster-accessoires-western\\\/holster-double-marron\\\/#breadcrumb\"},\"inLanguage\":\"es\",\"potentialAction\":[{\"@type\":\"ReadAction\",\"target\":[\"https:\\\/\\\/repliquemangacine.fr\\\/holster-accessoires-western\\\/holster-double-marron\\\/\"]}]},{\"@type\":\"ImageObject\",\"inLanguage\":\"es\",\"@id\":\"https:\\\/\\\/repliquemangacine.fr\\\/holster-accessoires-western\\\/holster-double-marron\\\/#primaryimage\",\"url\":\"https:\\\/\\\/repliquemangacine.fr\\\/wp-content\\\/uploads\\\/2023\\\/12\\\/Holster-double-marron.jpg\",\"contentUrl\":\"https:\\\/\\\/repliquemangacine.fr\\\/wp-content\\\/uploads\\\/2023\\\/12\\\/Holster-double-marron.jpg\",\"width\":500,\"height\":500,\"caption\":\"Holster Double Marron\"},{\"@type\":\"BreadcrumbList\",\"@id\":\"https:\\\/\\\/repliquemangacine.fr\\\/holster-accessoires-western\\\/holster-double-marron\\\/#breadcrumb\",\"itemListElement\":[{\"@type\":\"ListItem\",\"position\":1,\"name\":\"Accueil\",\"item\":\"https:\\\/\\\/repliquemangacine.fr\\\/\"},{\"@type\":\"ListItem\",\"position\":2,\"name\":\"Produits\",\"item\":\"https:\\\/\\\/repliquemangacine.fr\\\/boutique\\\/\"},{\"@type\":\"ListItem\",\"position\":3,\"name\":\"Holster Double Marron\"}]},{\"@type\":\"WebSite\",\"@id\":\"https:\\\/\\\/repliquemangacine.fr\\\/#website\",\"url\":\"https:\\\/\\\/repliquemangacine.fr\\\/\",\"name\":\"R\u00e9plique Manga Cin\u00e9\",\"description\":\"\",\"publisher\":{\"@id\":\"https:\\\/\\\/repliquemangacine.fr\\\/#organization\"},\"potentialAction\":[{\"@type\":\"SearchAction\",\"target\":{\"@type\":\"EntryPoint\",\"urlTemplate\":\"https:\\\/\\\/repliquemangacine.fr\\\/?s={search_term_string}\"},\"query-input\":{\"@type\":\"PropertyValueSpecification\",\"valueRequired\":true,\"valueName\":\"search_term_string\"}}],\"inLanguage\":\"es\"},{\"@type\":\"Organization\",\"@id\":\"https:\\\/\\\/repliquemangacine.fr\\\/#organization\",\"name\":\"R\u00e9plique Manga Cin\u00e9\",\"url\":\"https:\\\/\\\/repliquemangacine.fr\\\/\",\"logo\":{\"@type\":\"ImageObject\",\"inLanguage\":\"es\",\"@id\":\"https:\\\/\\\/repliquemangacine.fr\\\/#\\\/schema\\\/logo\\\/image\\\/\",\"url\":\"https:\\\/\\\/repliquemangacine.fr\\\/wp-content\\\/uploads\\\/2023\\\/10\\\/RMC-500250.png\",\"contentUrl\":\"https:\\\/\\\/repliquemangacine.fr\\\/wp-content\\\/uploads\\\/2023\\\/10\\\/RMC-500250.png\",\"width\":500,\"height\":250,\"caption\":\"R\u00e9plique Manga Cin\u00e9\"},\"image\":{\"@id\":\"https:\\\/\\\/repliquemangacine.fr\\\/#\\\/schema\\\/logo\\\/image\\\/\"},\"sameAs\":[\"https:\\\/\\\/www.facebook.com\\\/RepliqueMangaCine\",\"https:\\\/\\\/www.instagram.com\\\/repliquemangacine.fr\\\/\"]}]}<\/script>\n<!-- \/ Yoast SEO plugin. -->","yoast_head_json":{"title":"Funda Doble Marr\u00f3n - Accesorios Western | RMC","description":"Descubra esta magn\u00edfica funda doble marr\u00f3n al mejor precio. Toda de cuero marr\u00f3n. Trabillas para el cintur\u00f3n. Ideal para su disfraz de Cowboy.","robots":{"index":"index","follow":"follow","max-snippet":"max-snippet:-1","max-image-preview":"max-image-preview:large","max-video-preview":"max-video-preview:-1"},"canonical":"https:\/\/repliquemangacine.fr\/es\/accesorios-western-funda\/funda-doble-marron\/","og_locale":"es_ES","og_type":"article","og_title":"Holster Double Marron - Accessoires Western | RMC","og_description":"D\u00e9couvrez ce superbe Holster Double Marron au meilleur prix. Tout en cuir marron. Cartouchi\u00e8res. Id\u00e9al pour votre costume de Cow-boys.","og_url":"https:\/\/repliquemangacine.fr\/es\/accesorios-western-funda\/funda-doble-marron\/","og_site_name":"R\u00e9plique Manga Cin\u00e9","article_publisher":"https:\/\/www.facebook.com\/RepliqueMangaCine","article_modified_time":"2025-11-18T14:35:38+00:00","og_image":[{"width":500,"height":500,"url":"https:\/\/repliquemangacine.fr\/wp-content\/uploads\/2023\/12\/Holster-double-marron.jpg","type":"image\/jpeg"}],"twitter_card":"summary_large_image","twitter_misc":{"Tiempo de lectura":"3 minutos"},"schema":{"@context":"https:\/\/schema.org","@graph":[{"@type":"WebPage","@id":"https:\/\/repliquemangacine.fr\/holster-accessoires-western\/holster-double-marron\/","url":"https:\/\/repliquemangacine.fr\/holster-accessoires-western\/holster-double-marron\/","name":"Funda Doble Marr\u00f3n - Accesorios Western | RMC","isPartOf":{"@id":"https:\/\/repliquemangacine.fr\/#website"},"primaryImageOfPage":{"@id":"https:\/\/repliquemangacine.fr\/holster-accessoires-western\/holster-double-marron\/#primaryimage"},"image":{"@id":"https:\/\/repliquemangacine.fr\/holster-accessoires-western\/holster-double-marron\/#primaryimage"},"thumbnailUrl":"https:\/\/repliquemangacine.fr\/wp-content\/uploads\/2023\/12\/Holster-double-marron.jpg","datePublished":"2023-12-22T16:05:06+00:00","dateModified":"2025-11-18T14:35:38+00:00","description":"Descubra esta magn\u00edfica funda doble marr\u00f3n al mejor precio. Toda de cuero marr\u00f3n. Trabillas para el cintur\u00f3n. Ideal para su disfraz de Cowboy.","breadcrumb":{"@id":"https:\/\/repliquemangacine.fr\/holster-accessoires-western\/holster-double-marron\/#breadcrumb"},"inLanguage":"es","potentialAction":[{"@type":"ReadAction","target":["https:\/\/repliquemangacine.fr\/holster-accessoires-western\/holster-double-marron\/"]}]},{"@type":"ImageObject","inLanguage":"es","@id":"https:\/\/repliquemangacine.fr\/holster-accessoires-western\/holster-double-marron\/#primaryimage","url":"https:\/\/repliquemangacine.fr\/wp-content\/uploads\/2023\/12\/Holster-double-marron.jpg","contentUrl":"https:\/\/repliquemangacine.fr\/wp-content\/uploads\/2023\/12\/Holster-double-marron.jpg","width":500,"height":500,"caption":"Holster Double Marron"},{"@type":"BreadcrumbList","@id":"https:\/\/repliquemangacine.fr\/holster-accessoires-western\/holster-double-marron\/#breadcrumb","itemListElement":[{"@type":"ListItem","position":1,"name":"Accueil","item":"https:\/\/repliquemangacine.fr\/"},{"@type":"ListItem","position":2,"name":"Produits","item":"https:\/\/repliquemangacine.fr\/boutique\/"},{"@type":"ListItem","position":3,"name":"Holster Double Marron"}]},{"@type":"WebSite","@id":"https:\/\/repliquemangacine.fr\/#website","url":"https:\/\/repliquemangacine.fr\/","name":"R\u00e9plique Manga Cin\u00e9","description":"","publisher":{"@id":"https:\/\/repliquemangacine.fr\/#organization"},"potentialAction":[{"@type":"SearchAction","target":{"@type":"EntryPoint","urlTemplate":"https:\/\/repliquemangacine.fr\/?s={search_term_string}"},"query-input":{"@type":"PropertyValueSpecification","valueRequired":true,"valueName":"search_term_string"}}],"inLanguage":"es"},{"@type":"Organization","@id":"https:\/\/repliquemangacine.fr\/#organization","name":"R\u00e9plique Manga Cin\u00e9","url":"https:\/\/repliquemangacine.fr\/","logo":{"@type":"ImageObject","inLanguage":"es","@id":"https:\/\/repliquemangacine.fr\/#\/schema\/logo\/image\/","url":"https:\/\/repliquemangacine.fr\/wp-content\/uploads\/2023\/10\/RMC-500250.png","contentUrl":"https:\/\/repliquemangacine.fr\/wp-content\/uploads\/2023\/10\/RMC-500250.png","width":500,"height":250,"caption":"R\u00e9plique Manga Cin\u00e9"},"image":{"@id":"https:\/\/repliquemangacine.fr\/#\/schema\/logo\/image\/"},"sameAs":["https:\/\/www.facebook.com\/RepliqueMangaCine","https:\/\/www.instagram.com\/repliquemangacine.fr\/"]}]}},"_links":{"self":[{"href":"https:\/\/repliquemangacine.fr\/es\/wp-json\/wp\/v2\/product\/67553","targetHints":{"allow":["GET"]}}],"collection":[{"href":"https:\/\/repliquemangacine.fr\/es\/wp-json\/wp\/v2\/product"}],"about":[{"href":"https:\/\/repliquemangacine.fr\/es\/wp-json\/wp\/v2\/types\/product"}],"wp:featuredmedia":[{"embeddable":true,"href":"https:\/\/repliquemangacine.fr\/es\/wp-json\/wp\/v2\/media\/67554"}],"wp:attachment":[{"href":"https:\/\/repliquemangacine.fr\/es\/wp-json\/wp\/v2\/media?parent=67553"}],"wp:term":[{"taxonomy":"product_brand","embeddable":true,"href":"https:\/\/repliquemangacine.fr\/es\/wp-json\/wp\/v2\/product_brand?post=67553"},{"taxonomy":"product_cat","embeddable":true,"href":"https:\/\/repliquemangacine.fr\/es\/wp-json\/wp\/v2\/product_cat?post=67553"},{"taxonomy":"product_tag","embeddable":true,"href":"https:\/\/repliquemangacine.fr\/es\/wp-json\/wp\/v2\/product_tag?post=67553"}],"curies":[{"name":"wp","href":"https:\/\/api.w.org\/{rel}","templated":true}]}}