





{"id":67142,"date":"2023-12-15T18:45:45","date_gmt":"2023-12-15T17:45:45","guid":{"rendered":"https:\/\/repliquemangacine.fr\/?post_type=product&#038;p=67142"},"modified":"2025-12-02T16:33:56","modified_gmt":"2025-12-02T15:33:56","slug":"espada-de-delendil-los-anillos-de-poder","status":"publish","type":"product","link":"https:\/\/repliquemangacine.fr\/es\/epees-et-dague-les-anneaux-de-pouvoir\/epee-delendil-les-anneaux-de-pouvoir\/","title":{"rendered":"Espada de Elendil - Anillos de Poder"},"content":{"rendered":"<h2>Descubre la Espada de Elendil de \"Los Anillos del Poder\".<\/h2>\n<p>Para empezar, la Espada de Elendil, un tesoro m\u00edtico de la Tierra Media. Pieza central en el universo de \"El Se\u00f1or de los Anillos\", tambi\u00e9n ocupa un lugar destacado en la serie \"Los Anillos del Poder\". Esta arma legendaria, forjada por las h\u00e1biles manos de los elfos, lleva consigo la historia y el valor de los grandes reyes de la Tierra Media.<\/p>\n<h3>\"Los anillos del poder: una nueva visi\u00f3n de la espada de Elendil<\/h3>\n<p>En \"Los Anillos del Poder\", la serie se toma libertades narrativas para explorar las ra\u00edces y el destino de Narsil, la espada de Elendil. Aunque fiel al esp\u00edritu de la obra original de Tolkien, la serie ofrece una interpretaci\u00f3n \u00fanica y enriquecedora de la historia de esta emblem\u00e1tica espada. Esta libertad creativa ofrece a los fans una nueva perspectiva de Narsil, haciendo que cada r\u00e9plica de la espada sea a\u00fan m\u00e1s preciada y buscada por los coleccionistas.<\/p>\n<h2>Narsil: La legendaria espada de Elendil<\/h2>\n<p>Narsil, m\u00e1s que una simple espada, es un s\u00edmbolo de valent\u00eda y leyenda en el universo de \u201cEl Se\u00f1or de los Anillos\u201d. Su historia est\u00e1 intr\u00ednsecamente ligada a la de Elendil, el gran rey de los hombres, y atraviesa las edades de la Tierra Media.<\/p>\n<p>Reinventada en la serie \u201c<a href=\"https:\/\/www.premiere.fr\/Series\/News-Series\/Les-Anneaux-de-pouvoir-pourquoi-lepee-de-lepisode-3-est-si-importante\" target=\"_blank\" rel=\"noopener noreferrer\">Los anillos del poder<\/a>\", Narsil conserva su aura m\u00edtica al tiempo que se beneficia de una nueva narrativa. Aparece en el episodio 3\u1d49 de la serie. Queda por saber qui\u00e9n forj\u00f3 a Narsil en N\u00famenor y por qu\u00e9 M\u00edriel confi\u00f3 la espada a Elendil de esta manera.<\/p>\n<h3>Narsil, la Espada de Elendil en \"Los Anillos del Poder\".<\/h3>\n<p>La serie, aunque respeta el esp\u00edritu de la obra de Tolkien, explora nuevos aspectos de esta espada legendaria. Narsil representa el poder y la realeza, pero tambi\u00e9n un puente entre \u00e9pocas y leyendas.  Un tesoro para los admiradores de Tolkien y los coleccionistas de objetos \u00fanicos.<\/p>\n<h2>Las espadas del Se\u00f1or de los Anillos y Los Anillos del Poder<\/h2>\n<p>En el rico y envolvente universo de \u201cEl Se\u00f1or de los Anillos\u201d y \u201cLos Anillos de Poder\u201d, las espadas y dagas desempe\u00f1an un papel crucial.<\/p>\n<p>Estas espadas, que van desde la legendaria espada Narsil reforjada hasta la\u2019<a href=\"https:\/\/repliquemangacine.fr\/es\/espadas-y-dagas-los-anillos-del-poder\/espada-anduril-aragorn-el-senor-de-los-anillos\/\">Anduril<\/a>el <a href=\"https:\/\/repliquemangacine.fr\/es\/espadas-del-senor-de-los-anillos\/dague-aragorn-poignard-elfique-cuchillo-elfo-daragorn\/\">la daga de aragorn<\/a> su daga \u00e9lfica. Tambi\u00e9n est\u00e1 el<a href=\"https:\/\/repliquemangacine.fr\/es\/nuevos-productos\/espada-de-galadriel-anillos-de-poder\/\">La espada de Galadriel<\/a> en los anillos de poder, as\u00ed como su daga. Todas estas armas cuentan la historia de la Tierra Media.<\/p>\n<h3>Una colecci\u00f3n \u00fanica de armas de la Tierra Media<\/h3>\n<p>Cada espada y daga, ya sea de un rey o de un hobbit, se reproduce con una meticulosa atenci\u00f3n al detalle.  Los amantes de Tolkien y los coleccionistas quedar\u00e1n maravillados con la calidad de nuestras r\u00e9plicas.<br \/>\nEn conclusi\u00f3n, estas espadas no son solo objetos de colecci\u00f3n. Son un portal hacia un mundo de fantas\u00eda y aventura, un legado de la magia de Tolkien.<\/p>","protected":false},"excerpt":{"rendered":"<p>Magn\u00edfica r\u00e9plica de la espada de Elendil de la serie \"Los Anillos del Poder\".<\/p>\n<ul>\n<li>Hoja de acero pulido con grabado dorado<\/li>\n<li>Pomo en forma de sol de acero macizo con una perla en el centro.<\/li>\n<li>Asa forrada en polipiel negra<\/li>\n<li>Protector de forma espec\u00edfica de acero macizo<\/li>\n<li>Funda de polipiel negra.<\/li>\n<li>Longitud de la hoja: 77 cm - Longitud total: 105,5 cm<\/li>\n<li>Peso : 1440 gr<\/li>\n<\/ul>","protected":false},"featured_media":68951,"template":"","meta":[],"product_brand":[],"product_cat":[68,106],"product_tag":[],"class_list":{"0":"post-67142","1":"product","2":"type-product","3":"status-publish","4":"has-post-thumbnail","6":"product_cat-epees-seigneur-des-anneaux","7":"product_cat-epees-et-dague-les-anneaux-de-pouvoir","9":"first","10":"instock","11":"taxable","12":"shipping-taxable","13":"purchasable","14":"product-type-simple"},"yoast_head":"<!-- This site is optimized with the Yoast SEO plugin v27.4 - https:\/\/yoast.com\/product\/yoast-seo-wordpress\/ -->\n<title>\u00c9p\u00e9e d&#039;Elendil - Les Anneaux de Pouvoir - Ep\u00e9e Narsil | RMC<\/title>\n<meta name=\"description\" content=\"En exclusivit\u00e9 ! Retrouvez cette sublime \u00c9p\u00e9e d&#039;Elendil dans la s\u00e9rie les Anneaux de pouvoir. Lame en acier poli d\u00e9cor\u00e9e. Fourreau similicuir. 105,5 cm\" \/>\n<meta name=\"robots\" content=\"index, follow, max-snippet:-1, max-image-preview:large, max-video-preview:-1\" \/>\n<link rel=\"canonical\" href=\"https:\/\/repliquemangacine.fr\/es\/espadas-y-dagas-los-anillos-del-poder\/espada-de-delendil-los-anillos-de-poder\/\" \/>\n<meta property=\"og:locale\" content=\"es_ES\" \/>\n<meta property=\"og:type\" content=\"article\" \/>\n<meta property=\"og:title\" content=\"\u00c9p\u00e9e d&#039;Elendil - Les Anneaux de Pouvoir - Ep\u00e9e Narsil | RMC\" \/>\n<meta property=\"og:description\" content=\"En exclusivit\u00e9 ! Retrouvez cette sublime \u00c9p\u00e9e d&#039;Elendil dans la s\u00e9rie les Anneaux de pouvoir. Lame en acier poli d\u00e9cor\u00e9e. Fourreau similicuir. 105,5 cm\" \/>\n<meta property=\"og:url\" content=\"https:\/\/repliquemangacine.fr\/es\/espadas-y-dagas-los-anillos-del-poder\/espada-de-delendil-los-anillos-de-poder\/\" \/>\n<meta property=\"og:site_name\" content=\"R\u00e9plique Manga Cin\u00e9\" \/>\n<meta property=\"article:publisher\" content=\"https:\/\/www.facebook.com\/RepliqueMangaCine\" \/>\n<meta property=\"article:modified_time\" content=\"2025-12-02T15:33:56+00:00\" \/>\n<meta property=\"og:image\" content=\"https:\/\/repliquemangacine.fr\/wp-content\/uploads\/2023\/12\/Epee-Elendil-les-anneaux-de-pouvoir.jpg\" \/>\n\t<meta property=\"og:image:width\" content=\"500\" \/>\n\t<meta property=\"og:image:height\" content=\"500\" \/>\n\t<meta property=\"og:image:type\" content=\"image\/jpeg\" \/>\n<meta name=\"twitter:card\" content=\"summary_large_image\" \/>\n<meta name=\"twitter:label1\" content=\"Tiempo de lectura\" \/>\n\t<meta name=\"twitter:data1\" content=\"3 minutos\" \/>\n<script type=\"application\/ld+json\" class=\"yoast-schema-graph\">{\"@context\":\"https:\\\/\\\/schema.org\",\"@graph\":[{\"@type\":\"WebPage\",\"@id\":\"https:\\\/\\\/repliquemangacine.fr\\\/epees-et-dague-les-anneaux-de-pouvoir\\\/epee-delendil-les-anneaux-de-pouvoir\\\/\",\"url\":\"https:\\\/\\\/repliquemangacine.fr\\\/epees-et-dague-les-anneaux-de-pouvoir\\\/epee-delendil-les-anneaux-de-pouvoir\\\/\",\"name\":\"\u00c9p\u00e9e d'Elendil - Les Anneaux de Pouvoir - Ep\u00e9e Narsil | RMC\",\"isPartOf\":{\"@id\":\"https:\\\/\\\/repliquemangacine.fr\\\/#website\"},\"primaryImageOfPage\":{\"@id\":\"https:\\\/\\\/repliquemangacine.fr\\\/epees-et-dague-les-anneaux-de-pouvoir\\\/epee-delendil-les-anneaux-de-pouvoir\\\/#primaryimage\"},\"image\":{\"@id\":\"https:\\\/\\\/repliquemangacine.fr\\\/epees-et-dague-les-anneaux-de-pouvoir\\\/epee-delendil-les-anneaux-de-pouvoir\\\/#primaryimage\"},\"thumbnailUrl\":\"https:\\\/\\\/repliquemangacine.fr\\\/wp-content\\\/uploads\\\/2023\\\/12\\\/Epee-Elendil-les-anneaux-de-pouvoir.jpg\",\"datePublished\":\"2023-12-15T17:45:45+00:00\",\"dateModified\":\"2025-12-02T15:33:56+00:00\",\"description\":\"En exclusivit\u00e9 ! Retrouvez cette sublime \u00c9p\u00e9e d'Elendil dans la s\u00e9rie les Anneaux de pouvoir. Lame en acier poli d\u00e9cor\u00e9e. Fourreau similicuir. 105,5 cm\",\"breadcrumb\":{\"@id\":\"https:\\\/\\\/repliquemangacine.fr\\\/epees-et-dague-les-anneaux-de-pouvoir\\\/epee-delendil-les-anneaux-de-pouvoir\\\/#breadcrumb\"},\"inLanguage\":\"es\",\"potentialAction\":[{\"@type\":\"ReadAction\",\"target\":[\"https:\\\/\\\/repliquemangacine.fr\\\/epees-et-dague-les-anneaux-de-pouvoir\\\/epee-delendil-les-anneaux-de-pouvoir\\\/\"]}]},{\"@type\":\"ImageObject\",\"inLanguage\":\"es\",\"@id\":\"https:\\\/\\\/repliquemangacine.fr\\\/epees-et-dague-les-anneaux-de-pouvoir\\\/epee-delendil-les-anneaux-de-pouvoir\\\/#primaryimage\",\"url\":\"https:\\\/\\\/repliquemangacine.fr\\\/wp-content\\\/uploads\\\/2023\\\/12\\\/Epee-Elendil-les-anneaux-de-pouvoir.jpg\",\"contentUrl\":\"https:\\\/\\\/repliquemangacine.fr\\\/wp-content\\\/uploads\\\/2023\\\/12\\\/Epee-Elendil-les-anneaux-de-pouvoir.jpg\",\"width\":500,\"height\":500,\"caption\":\"Ep\u00e9e d'Elendil Les Anneaux de Pouvoir\"},{\"@type\":\"BreadcrumbList\",\"@id\":\"https:\\\/\\\/repliquemangacine.fr\\\/epees-et-dague-les-anneaux-de-pouvoir\\\/epee-delendil-les-anneaux-de-pouvoir\\\/#breadcrumb\",\"itemListElement\":[{\"@type\":\"ListItem\",\"position\":1,\"name\":\"Accueil\",\"item\":\"https:\\\/\\\/repliquemangacine.fr\\\/\"},{\"@type\":\"ListItem\",\"position\":2,\"name\":\"Produits\",\"item\":\"https:\\\/\\\/repliquemangacine.fr\\\/boutique\\\/\"},{\"@type\":\"ListItem\",\"position\":3,\"name\":\"\u00c9p\u00e9e d&#8217;Elendil &#8211; Les Anneaux de Pouvoir\"}]},{\"@type\":\"WebSite\",\"@id\":\"https:\\\/\\\/repliquemangacine.fr\\\/#website\",\"url\":\"https:\\\/\\\/repliquemangacine.fr\\\/\",\"name\":\"R\u00e9plique Manga Cin\u00e9\",\"description\":\"\",\"publisher\":{\"@id\":\"https:\\\/\\\/repliquemangacine.fr\\\/#organization\"},\"potentialAction\":[{\"@type\":\"SearchAction\",\"target\":{\"@type\":\"EntryPoint\",\"urlTemplate\":\"https:\\\/\\\/repliquemangacine.fr\\\/?s={search_term_string}\"},\"query-input\":{\"@type\":\"PropertyValueSpecification\",\"valueRequired\":true,\"valueName\":\"search_term_string\"}}],\"inLanguage\":\"es\"},{\"@type\":\"Organization\",\"@id\":\"https:\\\/\\\/repliquemangacine.fr\\\/#organization\",\"name\":\"R\u00e9plique Manga Cin\u00e9\",\"url\":\"https:\\\/\\\/repliquemangacine.fr\\\/\",\"logo\":{\"@type\":\"ImageObject\",\"inLanguage\":\"es\",\"@id\":\"https:\\\/\\\/repliquemangacine.fr\\\/#\\\/schema\\\/logo\\\/image\\\/\",\"url\":\"https:\\\/\\\/repliquemangacine.fr\\\/wp-content\\\/uploads\\\/2023\\\/10\\\/RMC-500250.png\",\"contentUrl\":\"https:\\\/\\\/repliquemangacine.fr\\\/wp-content\\\/uploads\\\/2023\\\/10\\\/RMC-500250.png\",\"width\":500,\"height\":250,\"caption\":\"R\u00e9plique Manga Cin\u00e9\"},\"image\":{\"@id\":\"https:\\\/\\\/repliquemangacine.fr\\\/#\\\/schema\\\/logo\\\/image\\\/\"},\"sameAs\":[\"https:\\\/\\\/www.facebook.com\\\/RepliqueMangaCine\",\"https:\\\/\\\/www.instagram.com\\\/repliquemangacine.fr\\\/\"]}]}<\/script>\n<!-- \/ Yoast SEO plugin. -->","yoast_head_json":{"title":"Espada de Elendil - Los Anillos del Poder - Espada Narsil | RMC","description":"\u00a1Exclusiva! Descubre esta sublime Espada de Elendil de la serie Los Anillos del Poder. Hoja de acero pulido decorado. Vaina de cuero artificial. 105,5 cm","robots":{"index":"index","follow":"follow","max-snippet":"max-snippet:-1","max-image-preview":"max-image-preview:large","max-video-preview":"max-video-preview:-1"},"canonical":"https:\/\/repliquemangacine.fr\/es\/espadas-y-dagas-los-anillos-del-poder\/espada-de-delendil-los-anillos-de-poder\/","og_locale":"es_ES","og_type":"article","og_title":"\u00c9p\u00e9e d'Elendil - Les Anneaux de Pouvoir - Ep\u00e9e Narsil | RMC","og_description":"En exclusivit\u00e9 ! Retrouvez cette sublime \u00c9p\u00e9e d'Elendil dans la s\u00e9rie les Anneaux de pouvoir. Lame en acier poli d\u00e9cor\u00e9e. Fourreau similicuir. 105,5 cm","og_url":"https:\/\/repliquemangacine.fr\/es\/espadas-y-dagas-los-anillos-del-poder\/espada-de-delendil-los-anillos-de-poder\/","og_site_name":"R\u00e9plique Manga Cin\u00e9","article_publisher":"https:\/\/www.facebook.com\/RepliqueMangaCine","article_modified_time":"2025-12-02T15:33:56+00:00","og_image":[{"width":500,"height":500,"url":"https:\/\/repliquemangacine.fr\/wp-content\/uploads\/2023\/12\/Epee-Elendil-les-anneaux-de-pouvoir.jpg","type":"image\/jpeg"}],"twitter_card":"summary_large_image","twitter_misc":{"Tiempo de lectura":"3 minutos"},"schema":{"@context":"https:\/\/schema.org","@graph":[{"@type":"WebPage","@id":"https:\/\/repliquemangacine.fr\/epees-et-dague-les-anneaux-de-pouvoir\/epee-delendil-les-anneaux-de-pouvoir\/","url":"https:\/\/repliquemangacine.fr\/epees-et-dague-les-anneaux-de-pouvoir\/epee-delendil-les-anneaux-de-pouvoir\/","name":"Espada de Elendil - Los Anillos del Poder - Espada Narsil | RMC","isPartOf":{"@id":"https:\/\/repliquemangacine.fr\/#website"},"primaryImageOfPage":{"@id":"https:\/\/repliquemangacine.fr\/epees-et-dague-les-anneaux-de-pouvoir\/epee-delendil-les-anneaux-de-pouvoir\/#primaryimage"},"image":{"@id":"https:\/\/repliquemangacine.fr\/epees-et-dague-les-anneaux-de-pouvoir\/epee-delendil-les-anneaux-de-pouvoir\/#primaryimage"},"thumbnailUrl":"https:\/\/repliquemangacine.fr\/wp-content\/uploads\/2023\/12\/Epee-Elendil-les-anneaux-de-pouvoir.jpg","datePublished":"2023-12-15T17:45:45+00:00","dateModified":"2025-12-02T15:33:56+00:00","description":"\u00a1Exclusiva! Descubre esta sublime Espada de Elendil de la serie Los Anillos del Poder. Hoja de acero pulido decorado. Vaina de cuero artificial. 105,5 cm","breadcrumb":{"@id":"https:\/\/repliquemangacine.fr\/epees-et-dague-les-anneaux-de-pouvoir\/epee-delendil-les-anneaux-de-pouvoir\/#breadcrumb"},"inLanguage":"es","potentialAction":[{"@type":"ReadAction","target":["https:\/\/repliquemangacine.fr\/epees-et-dague-les-anneaux-de-pouvoir\/epee-delendil-les-anneaux-de-pouvoir\/"]}]},{"@type":"ImageObject","inLanguage":"es","@id":"https:\/\/repliquemangacine.fr\/epees-et-dague-les-anneaux-de-pouvoir\/epee-delendil-les-anneaux-de-pouvoir\/#primaryimage","url":"https:\/\/repliquemangacine.fr\/wp-content\/uploads\/2023\/12\/Epee-Elendil-les-anneaux-de-pouvoir.jpg","contentUrl":"https:\/\/repliquemangacine.fr\/wp-content\/uploads\/2023\/12\/Epee-Elendil-les-anneaux-de-pouvoir.jpg","width":500,"height":500,"caption":"Ep\u00e9e d'Elendil Les Anneaux de Pouvoir"},{"@type":"BreadcrumbList","@id":"https:\/\/repliquemangacine.fr\/epees-et-dague-les-anneaux-de-pouvoir\/epee-delendil-les-anneaux-de-pouvoir\/#breadcrumb","itemListElement":[{"@type":"ListItem","position":1,"name":"Accueil","item":"https:\/\/repliquemangacine.fr\/"},{"@type":"ListItem","position":2,"name":"Produits","item":"https:\/\/repliquemangacine.fr\/boutique\/"},{"@type":"ListItem","position":3,"name":"\u00c9p\u00e9e d&#8217;Elendil &#8211; Les Anneaux de Pouvoir"}]},{"@type":"WebSite","@id":"https:\/\/repliquemangacine.fr\/#website","url":"https:\/\/repliquemangacine.fr\/","name":"R\u00e9plique Manga Cin\u00e9","description":"","publisher":{"@id":"https:\/\/repliquemangacine.fr\/#organization"},"potentialAction":[{"@type":"SearchAction","target":{"@type":"EntryPoint","urlTemplate":"https:\/\/repliquemangacine.fr\/?s={search_term_string}"},"query-input":{"@type":"PropertyValueSpecification","valueRequired":true,"valueName":"search_term_string"}}],"inLanguage":"es"},{"@type":"Organization","@id":"https:\/\/repliquemangacine.fr\/#organization","name":"R\u00e9plique Manga Cin\u00e9","url":"https:\/\/repliquemangacine.fr\/","logo":{"@type":"ImageObject","inLanguage":"es","@id":"https:\/\/repliquemangacine.fr\/#\/schema\/logo\/image\/","url":"https:\/\/repliquemangacine.fr\/wp-content\/uploads\/2023\/10\/RMC-500250.png","contentUrl":"https:\/\/repliquemangacine.fr\/wp-content\/uploads\/2023\/10\/RMC-500250.png","width":500,"height":250,"caption":"R\u00e9plique Manga Cin\u00e9"},"image":{"@id":"https:\/\/repliquemangacine.fr\/#\/schema\/logo\/image\/"},"sameAs":["https:\/\/www.facebook.com\/RepliqueMangaCine","https:\/\/www.instagram.com\/repliquemangacine.fr\/"]}]}},"_links":{"self":[{"href":"https:\/\/repliquemangacine.fr\/es\/wp-json\/wp\/v2\/product\/67142","targetHints":{"allow":["GET"]}}],"collection":[{"href":"https:\/\/repliquemangacine.fr\/es\/wp-json\/wp\/v2\/product"}],"about":[{"href":"https:\/\/repliquemangacine.fr\/es\/wp-json\/wp\/v2\/types\/product"}],"wp:featuredmedia":[{"embeddable":true,"href":"https:\/\/repliquemangacine.fr\/es\/wp-json\/wp\/v2\/media\/68951"}],"wp:attachment":[{"href":"https:\/\/repliquemangacine.fr\/es\/wp-json\/wp\/v2\/media?parent=67142"}],"wp:term":[{"taxonomy":"product_brand","embeddable":true,"href":"https:\/\/repliquemangacine.fr\/es\/wp-json\/wp\/v2\/product_brand?post=67142"},{"taxonomy":"product_cat","embeddable":true,"href":"https:\/\/repliquemangacine.fr\/es\/wp-json\/wp\/v2\/product_cat?post=67142"},{"taxonomy":"product_tag","embeddable":true,"href":"https:\/\/repliquemangacine.fr\/es\/wp-json\/wp\/v2\/product_tag?post=67142"}],"curies":[{"name":"wp","href":"https:\/\/api.w.org\/{rel}","templated":true}]}}