





{"id":66140,"date":"2023-11-30T14:47:21","date_gmt":"2023-11-30T13:47:21","guid":{"rendered":"https:\/\/repliquemangacine.fr\/?post_type=product&#038;p=66140"},"modified":"2026-04-08T12:49:19","modified_gmt":"2026-04-08T10:49:19","slug":"aceite-ballistol-universal","status":"publish","type":"product","link":"https:\/\/repliquemangacine.fr\/es\/armes-historiques\/huile-universelle-ballistol\/","title":{"rendered":"Aceite Ballistol Universal"},"content":{"rendered":"<h2>La excelencia del aceite Ballistol Universal<\/h2>\n<p>En primer lugar, el aceite universal Ballistol, un producto polivalente que ofrece m\u00faltiples ventajas y usos. Compuesto por aceite blanco puro en el sentido m\u00e9dico del t\u00e9rmino,<br \/>\nlo que significa que no contiene resina ni \u00e1cido y no se deteriora con el paso del tiempo. Esta cualidad la hace ideal para diversas aplicaciones, en particular para el mantenimiento y la conservaci\u00f3n de objetos.<\/p>\n<h3>Aceite universal Ballistol: aprobado y sin rival<\/h3>\n<p>Cabe destacar que este producto es ideal para el cuidado del metal, la madera, el cuero, el caucho, los materiales sint\u00e9ticos, la piel, el pelaje de los animales y mucho m\u00e1s.<\/p>\n<p>Por cierto, <a href=\"https:\/\/ballistol.de\/\" target=\"_blank\" rel=\"noopener noreferrer\">Ballistol<\/a> es respetuoso con el medio ambiente, biodegradable y seguro para la piel y los alimentos. Estas caracter\u00edsticas lo hacen especialmente adecuado para una amplia gama de aplicaciones, desde el cuidado de las armas hasta otros usos dom\u00e9sticos y profesionales.<\/p>\n<h2>Aceite universal Ballistol: imprescindible para el cuidado de r\u00e9plicas y accesorios<\/h2>\n<p>El aceite universal Ballistol es la opci\u00f3n preferida para el mantenimiento \u00f3ptimo de katanas, r\u00e9plicas de armas y accesorios de cuero, como fundas.<\/p>\n<p>Su composici\u00f3n \u00fanica, a base de aceite blanco puro, lo hace ideal para la conservaci\u00f3n y el cuidado de estos valiosos art\u00edculos.<\/p>\n<h2>Descubra el poder vers\u00e1til de Ballistol<\/h2>\n<p>BALLISTOL proporciona una pel\u00edcula protectora alcalina en la superficie de los metales. Neutraliza el sudor de las manos y otros residuos corrosivos \u00e1cidos para proteger la superficie contra la corrosi\u00f3n.<\/p>\n<p>Ideal para artesan\u00eda, industria, bricolaje, agricultura, hogar, jardiner\u00eda, autom\u00f3viles y motocicletas, pesca, caza y tiro.<\/p>\n<p>Su f\u00f3rmula no corrosiva y biodegradable lo convierte en una opci\u00f3n segura y respetuosa con el medio ambiente para mantener sus equipos en perfecto estado.<\/p>\n<h2>Cuidado y protecci\u00f3n de alta calidad para sus colecciones<\/h2>\n<p>Con respecto a <a href=\"https:\/\/repliquemangacine.fr\/es\/forja-de-katanas\/\">katanas<\/a> y otras cuchillas. Ballistol desempe\u00f1a un papel crucial en la conservaci\u00f3n del filo y el brillo de las cuchillas. Su capacidad para penetrar en profundidad previene la corrosi\u00f3n.<br \/>\ny mantiene la integridad de la hoja, prolongando as\u00ed su vida \u00fatil y belleza.<\/p>\n<p>Para los <a href=\"https:\/\/repliquemangacine.fr\/es\/replicas-de-armas\/\">r\u00e9plicas de armas<\/a>, Ballistol protege contra el \u00f3xido y el deterioro, al tiempo que neutraliza los residuos \u00e1cidos, garantizando as\u00ed que sus r\u00e9plicas se mantengan tan<br \/>\nimpresionantes como el d\u00eda en que las adquirieron.<\/p>\n<h3>Ballistol y el cuidado de los accesorios de cuero<\/h3>\n<p>En cuanto al cuidado de los cueros, como las fundas, Ballistol es igual de eficaz. Nutre el cuero, haci\u00e9ndolo m\u00e1s flexible y resistente, a la vez que protege su superficie.<\/p>\n<p>En conclusi\u00f3n, con Ballistol, garantiza una longevidad y una elegancia sin igual a sus colecciones de r\u00e9plicas y accesorios.<\/p>","protected":false},"excerpt":{"rendered":"<p>Absolutamente fabuloso aceite universal de Ballistol.<\/p>\n<p>Mantenimiento de metal, madera, cuero, etc.<\/p>\n<ul>\n<li>Protege contra la corrosi\u00f3n Mantiene, lubrica, desinfecta, protege contra el \u00f3xido<\/li>\n<li>Se desliza f\u00e1cilmente por los recovecos m\u00e1s peque\u00f1os<\/li>\n<li>No resinifica, totalmente biodegradable<\/li>\n<li>Apto para alimentos, compatible con la piel.<\/li>\n<li>Disponible en pulverizadores de 200 y 400 ml y botellas de 500 ml<\/li>\n<\/ul>","protected":false},"featured_media":66154,"template":"","meta":[],"product_brand":[896],"product_cat":[50,51,49,25,34,65,66,30,39,86,82,33,77,93,84,73,44,72,68,112,69,55,46,92,111,45,90,26,32,117,116,38,109,71,88,23,52,40,114,83,28,833,76,115,74],"product_tag":[],"class_list":{"0":"post-66140","1":"product","2":"type-product","3":"status-publish","4":"has-post-thumbnail","6":"product_brand-replique-manga-cine","7":"product_cat-accessoires-katana","8":"product_cat-accessoires-western","9":"product_cat-armes-de-pirates","10":"product_cat-armes-historiques","11":"product_cat-armes-westerns","12":"product_cat-katana-et-epee-de-manga-anime-autre-manga","13":"product_cat-repliques-d-armes-films-et-series","14":"product_cat-katana-bleach","15":"product_cat-carabine-winchester","16":"product_cat-repliques-carabine-winchester-western","17":"product_cat-casques-romains-et-grecs","18":"product_cat-colt-pistolet","19":"product_cat-colt-revolver-western","20":"product_cat-dagues-medievales","21":"product_cat-epee-templier-medievale","22":"product_cat-epees-glaives-antique","23":"product_cat-epees-et-dagues-fantasy","24":"product_cat-epees-game-of-thrones","25":"product_cat-epees-seigneur-des-anneaux","26":"product_cat-epees-serie-tv-vikings","27":"product_cat-epees-the-hobbit","28":"product_cat-fusil-ancien","29":"product_cat-fusil-d-assaut-fusil-moderne","30":"product_cat-haches-de-guerre-medievale-et-accessoire-medievaux","31":"product_cat-haches-serie-vikings","32":"product_cat-holster-western-ceinturon","33":"product_cat-holster-accessoires-western","34":"product_cat-katana-epee","35":"product_cat-katana-decoration","36":"product_cat-katana-demon-slayer-metal","37":"product_cat-katana-en-bois-demon-slayer","38":"product_cat-katana-forge","39":"product_cat-katana-naruto","40":"product_cat-katana-kill-bill","41":"product_cat-katanas-le-dernier-samourai","42":"product_cat-repliques-manga-jeux-video","43":"product_cat-pistolet-ancien","44":"product_cat-pistolet-moderne","45":"product_cat-pistolet-pirate","46":"product_cat-replique-d-armes-1er-empire","47":"product_cat-repliques-darmes","48":"product_cat-repliques-darmes-napoleon","49":"product_cat-reproductions-armes-seconde-guerre-mondiale-denix","50":"product_cat-sabre-dabordage-de-pirate","51":"product_cat-sabres-1er-empire","53":"first","54":"instock","55":"taxable","56":"shipping-taxable","57":"purchasable","58":"product-type-variable"},"yoast_head":"<!-- This site is optimized with the Yoast SEO plugin v27.4 - https:\/\/yoast.com\/product\/yoast-seo-wordpress\/ -->\n<title>Huile universelle Ballistol - Entretien premium assur\u00e9 | R\u00e9plique Manga Cin\u00e9<\/title>\n<meta name=\"description\" content=\"D\u00e9couvrez l&#039;Huile universelle Ballistol le must pour l&#039;entretien des armes, des katanas et du cuir. Biod\u00e9gradable, ultra-efficace. Spray de 200ml, 400ml ...\" \/>\n<meta name=\"robots\" content=\"index, follow, max-snippet:-1, max-image-preview:large, max-video-preview:-1\" \/>\n<link rel=\"canonical\" href=\"https:\/\/repliquemangacine.fr\/es\/armas-historicas\/aceite-ballistol-universal\/\" \/>\n<meta property=\"og:locale\" content=\"es_ES\" \/>\n<meta property=\"og:type\" content=\"article\" \/>\n<meta property=\"og:title\" content=\"Huile universelle Ballistol - Entretien premium assur\u00e9 | R\u00e9plique Manga Cin\u00e9\" \/>\n<meta property=\"og:description\" content=\"D\u00e9couvrez l&#039;Huile universelle Ballistol le must pour l&#039;entretien des armes, des katanas et du cuir. Biod\u00e9gradable, ultra-efficace. Spray de 200ml, 400ml ...\" \/>\n<meta property=\"og:url\" content=\"https:\/\/repliquemangacine.fr\/es\/armas-historicas\/aceite-ballistol-universal\/\" \/>\n<meta property=\"og:site_name\" content=\"R\u00e9plique Manga Cin\u00e9\" \/>\n<meta property=\"article:publisher\" content=\"https:\/\/www.facebook.com\/RepliqueMangaCine\" \/>\n<meta property=\"article:modified_time\" content=\"2026-04-08T10:49:19+00:00\" \/>\n<meta property=\"og:image\" content=\"https:\/\/repliquemangacine.fr\/wp-content\/uploads\/2023\/11\/huile-ballistol.jpg\" \/>\n\t<meta property=\"og:image:width\" content=\"500\" \/>\n\t<meta property=\"og:image:height\" content=\"500\" \/>\n\t<meta property=\"og:image:type\" content=\"image\/jpeg\" \/>\n<meta name=\"twitter:card\" content=\"summary_large_image\" \/>\n<meta name=\"twitter:label1\" content=\"Tiempo de lectura\" \/>\n\t<meta name=\"twitter:data1\" content=\"3 minutos\" \/>\n<script type=\"application\/ld+json\" class=\"yoast-schema-graph\">{\"@context\":\"https:\\\/\\\/schema.org\",\"@graph\":[{\"@type\":\"WebPage\",\"@id\":\"https:\\\/\\\/repliquemangacine.fr\\\/armes-historiques\\\/huile-universelle-ballistol\\\/\",\"url\":\"https:\\\/\\\/repliquemangacine.fr\\\/armes-historiques\\\/huile-universelle-ballistol\\\/\",\"name\":\"Huile universelle Ballistol - Entretien premium assur\u00e9 | R\u00e9plique Manga Cin\u00e9\",\"isPartOf\":{\"@id\":\"https:\\\/\\\/repliquemangacine.fr\\\/#website\"},\"primaryImageOfPage\":{\"@id\":\"https:\\\/\\\/repliquemangacine.fr\\\/armes-historiques\\\/huile-universelle-ballistol\\\/#primaryimage\"},\"image\":{\"@id\":\"https:\\\/\\\/repliquemangacine.fr\\\/armes-historiques\\\/huile-universelle-ballistol\\\/#primaryimage\"},\"thumbnailUrl\":\"https:\\\/\\\/repliquemangacine.fr\\\/wp-content\\\/uploads\\\/2023\\\/11\\\/huile-ballistol.jpg\",\"datePublished\":\"2023-11-30T13:47:21+00:00\",\"dateModified\":\"2026-04-08T10:49:19+00:00\",\"description\":\"D\u00e9couvrez l'Huile universelle Ballistol le must pour l'entretien des armes, des katanas et du cuir. Biod\u00e9gradable, ultra-efficace. Spray de 200ml, 400ml ...\",\"breadcrumb\":{\"@id\":\"https:\\\/\\\/repliquemangacine.fr\\\/armes-historiques\\\/huile-universelle-ballistol\\\/#breadcrumb\"},\"inLanguage\":\"es\",\"potentialAction\":[{\"@type\":\"ReadAction\",\"target\":[\"https:\\\/\\\/repliquemangacine.fr\\\/armes-historiques\\\/huile-universelle-ballistol\\\/\"]}]},{\"@type\":\"ImageObject\",\"inLanguage\":\"es\",\"@id\":\"https:\\\/\\\/repliquemangacine.fr\\\/armes-historiques\\\/huile-universelle-ballistol\\\/#primaryimage\",\"url\":\"https:\\\/\\\/repliquemangacine.fr\\\/wp-content\\\/uploads\\\/2023\\\/11\\\/huile-ballistol.jpg\",\"contentUrl\":\"https:\\\/\\\/repliquemangacine.fr\\\/wp-content\\\/uploads\\\/2023\\\/11\\\/huile-ballistol.jpg\",\"width\":500,\"height\":500,\"caption\":\"Huile Ballistol\"},{\"@type\":\"BreadcrumbList\",\"@id\":\"https:\\\/\\\/repliquemangacine.fr\\\/armes-historiques\\\/huile-universelle-ballistol\\\/#breadcrumb\",\"itemListElement\":[{\"@type\":\"ListItem\",\"position\":1,\"name\":\"Accueil\",\"item\":\"https:\\\/\\\/repliquemangacine.fr\\\/\"},{\"@type\":\"ListItem\",\"position\":2,\"name\":\"Produits\",\"item\":\"https:\\\/\\\/repliquemangacine.fr\\\/boutique\\\/\"},{\"@type\":\"ListItem\",\"position\":3,\"name\":\"Huile universelle Ballistol\"}]},{\"@type\":\"WebSite\",\"@id\":\"https:\\\/\\\/repliquemangacine.fr\\\/#website\",\"url\":\"https:\\\/\\\/repliquemangacine.fr\\\/\",\"name\":\"R\u00e9plique Manga Cin\u00e9\",\"description\":\"\",\"publisher\":{\"@id\":\"https:\\\/\\\/repliquemangacine.fr\\\/#organization\"},\"potentialAction\":[{\"@type\":\"SearchAction\",\"target\":{\"@type\":\"EntryPoint\",\"urlTemplate\":\"https:\\\/\\\/repliquemangacine.fr\\\/?s={search_term_string}\"},\"query-input\":{\"@type\":\"PropertyValueSpecification\",\"valueRequired\":true,\"valueName\":\"search_term_string\"}}],\"inLanguage\":\"es\"},{\"@type\":\"Organization\",\"@id\":\"https:\\\/\\\/repliquemangacine.fr\\\/#organization\",\"name\":\"R\u00e9plique Manga Cin\u00e9\",\"url\":\"https:\\\/\\\/repliquemangacine.fr\\\/\",\"logo\":{\"@type\":\"ImageObject\",\"inLanguage\":\"es\",\"@id\":\"https:\\\/\\\/repliquemangacine.fr\\\/#\\\/schema\\\/logo\\\/image\\\/\",\"url\":\"https:\\\/\\\/repliquemangacine.fr\\\/wp-content\\\/uploads\\\/2023\\\/10\\\/RMC-500250.png\",\"contentUrl\":\"https:\\\/\\\/repliquemangacine.fr\\\/wp-content\\\/uploads\\\/2023\\\/10\\\/RMC-500250.png\",\"width\":500,\"height\":250,\"caption\":\"R\u00e9plique Manga Cin\u00e9\"},\"image\":{\"@id\":\"https:\\\/\\\/repliquemangacine.fr\\\/#\\\/schema\\\/logo\\\/image\\\/\"},\"sameAs\":[\"https:\\\/\\\/www.facebook.com\\\/RepliqueMangaCine\",\"https:\\\/\\\/www.instagram.com\\\/repliquemangacine.fr\\\/\"]}]}<\/script>\n<!-- \/ Yoast SEO plugin. -->","yoast_head_json":{"title":"Ballistol Universal Oil - Mantenimiento Premium garantizado | R\u00e9plique Manga Cin\u00e9","description":"Descubra el Aceite Universal Ballistol, imprescindible para el cuidado de armas, katanas y cuero. Biodegradable, ultra eficaz. Spray 200ml, 400ml ...","robots":{"index":"index","follow":"follow","max-snippet":"max-snippet:-1","max-image-preview":"max-image-preview:large","max-video-preview":"max-video-preview:-1"},"canonical":"https:\/\/repliquemangacine.fr\/es\/armas-historicas\/aceite-ballistol-universal\/","og_locale":"es_ES","og_type":"article","og_title":"Huile universelle Ballistol - Entretien premium assur\u00e9 | R\u00e9plique Manga Cin\u00e9","og_description":"D\u00e9couvrez l'Huile universelle Ballistol le must pour l'entretien des armes, des katanas et du cuir. Biod\u00e9gradable, ultra-efficace. Spray de 200ml, 400ml ...","og_url":"https:\/\/repliquemangacine.fr\/es\/armas-historicas\/aceite-ballistol-universal\/","og_site_name":"R\u00e9plique Manga Cin\u00e9","article_publisher":"https:\/\/www.facebook.com\/RepliqueMangaCine","article_modified_time":"2026-04-08T10:49:19+00:00","og_image":[{"width":500,"height":500,"url":"https:\/\/repliquemangacine.fr\/wp-content\/uploads\/2023\/11\/huile-ballistol.jpg","type":"image\/jpeg"}],"twitter_card":"summary_large_image","twitter_misc":{"Tiempo de lectura":"3 minutos"},"schema":{"@context":"https:\/\/schema.org","@graph":[{"@type":"WebPage","@id":"https:\/\/repliquemangacine.fr\/armes-historiques\/huile-universelle-ballistol\/","url":"https:\/\/repliquemangacine.fr\/armes-historiques\/huile-universelle-ballistol\/","name":"Ballistol Universal Oil - Mantenimiento Premium garantizado | R\u00e9plique Manga Cin\u00e9","isPartOf":{"@id":"https:\/\/repliquemangacine.fr\/#website"},"primaryImageOfPage":{"@id":"https:\/\/repliquemangacine.fr\/armes-historiques\/huile-universelle-ballistol\/#primaryimage"},"image":{"@id":"https:\/\/repliquemangacine.fr\/armes-historiques\/huile-universelle-ballistol\/#primaryimage"},"thumbnailUrl":"https:\/\/repliquemangacine.fr\/wp-content\/uploads\/2023\/11\/huile-ballistol.jpg","datePublished":"2023-11-30T13:47:21+00:00","dateModified":"2026-04-08T10:49:19+00:00","description":"Descubra el Aceite Universal Ballistol, imprescindible para el cuidado de armas, katanas y cuero. Biodegradable, ultra eficaz. Spray 200ml, 400ml ...","breadcrumb":{"@id":"https:\/\/repliquemangacine.fr\/armes-historiques\/huile-universelle-ballistol\/#breadcrumb"},"inLanguage":"es","potentialAction":[{"@type":"ReadAction","target":["https:\/\/repliquemangacine.fr\/armes-historiques\/huile-universelle-ballistol\/"]}]},{"@type":"ImageObject","inLanguage":"es","@id":"https:\/\/repliquemangacine.fr\/armes-historiques\/huile-universelle-ballistol\/#primaryimage","url":"https:\/\/repliquemangacine.fr\/wp-content\/uploads\/2023\/11\/huile-ballistol.jpg","contentUrl":"https:\/\/repliquemangacine.fr\/wp-content\/uploads\/2023\/11\/huile-ballistol.jpg","width":500,"height":500,"caption":"Huile Ballistol"},{"@type":"BreadcrumbList","@id":"https:\/\/repliquemangacine.fr\/armes-historiques\/huile-universelle-ballistol\/#breadcrumb","itemListElement":[{"@type":"ListItem","position":1,"name":"Accueil","item":"https:\/\/repliquemangacine.fr\/"},{"@type":"ListItem","position":2,"name":"Produits","item":"https:\/\/repliquemangacine.fr\/boutique\/"},{"@type":"ListItem","position":3,"name":"Huile universelle Ballistol"}]},{"@type":"WebSite","@id":"https:\/\/repliquemangacine.fr\/#website","url":"https:\/\/repliquemangacine.fr\/","name":"R\u00e9plique Manga Cin\u00e9","description":"","publisher":{"@id":"https:\/\/repliquemangacine.fr\/#organization"},"potentialAction":[{"@type":"SearchAction","target":{"@type":"EntryPoint","urlTemplate":"https:\/\/repliquemangacine.fr\/?s={search_term_string}"},"query-input":{"@type":"PropertyValueSpecification","valueRequired":true,"valueName":"search_term_string"}}],"inLanguage":"es"},{"@type":"Organization","@id":"https:\/\/repliquemangacine.fr\/#organization","name":"R\u00e9plique Manga Cin\u00e9","url":"https:\/\/repliquemangacine.fr\/","logo":{"@type":"ImageObject","inLanguage":"es","@id":"https:\/\/repliquemangacine.fr\/#\/schema\/logo\/image\/","url":"https:\/\/repliquemangacine.fr\/wp-content\/uploads\/2023\/10\/RMC-500250.png","contentUrl":"https:\/\/repliquemangacine.fr\/wp-content\/uploads\/2023\/10\/RMC-500250.png","width":500,"height":250,"caption":"R\u00e9plique Manga Cin\u00e9"},"image":{"@id":"https:\/\/repliquemangacine.fr\/#\/schema\/logo\/image\/"},"sameAs":["https:\/\/www.facebook.com\/RepliqueMangaCine","https:\/\/www.instagram.com\/repliquemangacine.fr\/"]}]}},"_links":{"self":[{"href":"https:\/\/repliquemangacine.fr\/es\/wp-json\/wp\/v2\/product\/66140","targetHints":{"allow":["GET"]}}],"collection":[{"href":"https:\/\/repliquemangacine.fr\/es\/wp-json\/wp\/v2\/product"}],"about":[{"href":"https:\/\/repliquemangacine.fr\/es\/wp-json\/wp\/v2\/types\/product"}],"wp:featuredmedia":[{"embeddable":true,"href":"https:\/\/repliquemangacine.fr\/es\/wp-json\/wp\/v2\/media\/66154"}],"wp:attachment":[{"href":"https:\/\/repliquemangacine.fr\/es\/wp-json\/wp\/v2\/media?parent=66140"}],"wp:term":[{"taxonomy":"product_brand","embeddable":true,"href":"https:\/\/repliquemangacine.fr\/es\/wp-json\/wp\/v2\/product_brand?post=66140"},{"taxonomy":"product_cat","embeddable":true,"href":"https:\/\/repliquemangacine.fr\/es\/wp-json\/wp\/v2\/product_cat?post=66140"},{"taxonomy":"product_tag","embeddable":true,"href":"https:\/\/repliquemangacine.fr\/es\/wp-json\/wp\/v2\/product_tag?post=66140"}],"curies":[{"name":"wp","href":"https:\/\/api.w.org\/{rel}","templated":true}]}}