





{"id":66091,"date":"2023-11-29T17:19:50","date_gmt":"2023-11-29T16:19:50","guid":{"rendered":"https:\/\/repliquemangacine.fr\/?post_type=product&#038;p=66091"},"modified":"2025-11-18T15:42:05","modified_gmt":"2025-11-18T14:42:05","slug":"dagas-drax-guardianes-de-la-galaxia","status":"publish","type":"product","link":"https:\/\/repliquemangacine.fr\/es\/super-heros-marvel\/dagues-de-drax-les-gardiens-de-la-galaxie\/","title":{"rendered":"Las dagas de Drax - Guardianes de la Galaxia"},"content":{"rendered":"<h2>Las dagas de Drax: un artefacto ic\u00f3nico de los Guardianes de la Galaxia<\/h2>\n<p>En primer lugar, en el Universo Cinematogr\u00e1fico Marvel, el <strong>Las dagas de Drax<\/strong> ocupan un lugar especial, destacando como s\u00edmbolo de fuerza y resistencia. Utilizada por Drax el Destructor en la exitosa pel\u00edcula \"Guardianes de la Galaxia\". Esta emblem\u00e1tica arma refleja no solo la feroz e indomable personalidad de Drax, sino tambi\u00e9n su capacidad para asumir nuevos retos. <a href=\"https:\/\/universcinematographiquemarvel.fandom.com\/fr\/wiki\/Drax\" target=\"_blank\" rel=\"noopener noreferrer\">Drax<\/a>sino que tambi\u00e9n encarna su conmovedora historia.<\/p>\n<h3>El arma legendaria de Drax en el Universo Marvel<\/h3>\n<p>La daga, elaborada con notable precisi\u00f3n, no s\u00f3lo es una codiciada pieza de coleccionista para los aficionados. Tambi\u00e9n es un ejemplo excepcional de artesan\u00eda en el mundo de las r\u00e9plicas de pel\u00edculas. Su dise\u00f1o \u00fanico, que combina est\u00e9tica y funcionalidad, la convierte en un objeto de deseo para coleccionistas y fans del universo Marvel.<\/p>\n<h2>Las armas ic\u00f3nicas del Universo Marvel<\/h2>\n<p>El universo Marvel, con su despliegue de h\u00e9roes y villanos, tambi\u00e9n es famoso por sus armas ic\u00f3nicas. Armas que son s\u00edmbolos de poder y car\u00e1cter. En <a href=\"https:\/\/repliquemangacine.fr\/es\/superheroes-marvel\/mjolnir-metal-thor-martillo-con-base\/\">El martillo de Thor<\/a> en <a href=\"https:\/\/repliquemangacine.fr\/es\/superheroes-marvel\/capitan-america-escudo-version-de-lujo\/\">Los escudos del Capit\u00e1n Am\u00e9rica<\/a>, Cada arma cuenta una historia, reflejando la fuerza y los valores de quien la maneja.<\/p>\n<p>Estas armas, que se han convertido en ic\u00f3nicas, son muy codiciadas tanto por los aficionados al cine como por los apasionados del coleccionismo.<\/p>\n<h3>El poder de las armas ic\u00f3nicas de Marvel<\/h3>\n<p>Encarnan la innovaci\u00f3n y la artesan\u00eda excepcionales del universo Marvel. Son testimonio del cuidado y la precisi\u00f3n con que se han creado, tanto en la narrativa cinematogr\u00e1fica como en su reproducci\u00f3n para coleccionistas.<\/p>\n<p>En conclusi\u00f3n, poseer una r\u00e9plica de estas armas emblem\u00e1ticas es como tener un pedazo de la historia de Marvel. Un s\u00edmbolo de la lucha entre el bien y el mal, y una celebraci\u00f3n del hero\u00edsmo en todas sus formas.<\/p>\n<h2>Consigue Drax's Two Daggers al mejor precio<\/h2>\n<p>Descubra la oportunidad \u00fanica de poseer su propio conjunto de dos dagas de Drax, a un precio inigualable. Estas r\u00e9plicas, aunque no son oficiales, est\u00e1n fabricadas con un gran cuidado por los detalles y una calidad que har\u00e1 las delicias de los aficionados m\u00e1s exigentes.<\/p>\n<p>Cada daga es fruto de un trabajo meticuloso. Reproduce fielmente la est\u00e9tica y el dinamismo de las emblem\u00e1ticas armas de Drax en \u201cGuardianes de la Galaxia\u201d.<\/p>\n<h3>R\u00e9plicas de calidad excepcional de las Dagas de Drax<\/h3>\n<p>Ofrecidas a un precio competitivo, estas r\u00e9plicas son accesibles sin comprometer la calidad. Representan el equilibrio perfecto entre un precio asequible y un acabado de alta gama.,<br \/>\nlo que convierte a este conjunto en una opci\u00f3n preferida para los coleccionistas y los fans del universo Marvel.<\/p>\n<p>En conclusi\u00f3n, a\u00f1ade un toque de aventura y valent\u00eda a tu colecci\u00f3n con estos <strong>Las dagas de Drax<\/strong>Estas piezas excepcionales captan el esp\u00edritu de lucha y el alma del famoso guerrero.<\/p>","protected":false},"excerpt":{"rendered":"<p>Magn\u00edfica r\u00e9plica no oficial, set de dos dagas de Drax de Guardianes de la Galaxia.<\/p>\n<ul>\n<li>Hoja de acero satinado<\/li>\n<li>Grabado en las hojas en rojo<\/li>\n<li>Guarda y mango de acero niquelado<\/li>\n<li>Pomo de acero niquelado con forma especial<\/li>\n<li>Funda de polipiel negra con cierre de velcro<\/li>\n<li>Longitud de cada hoja: 30,5 cm - Longitud total: 48 cm cada una<\/li>\n<li>Peso : 670 grs cada uno.<\/li>\n<\/ul>","protected":false},"featured_media":66094,"template":"","meta":[],"product_brand":[896],"product_cat":[59],"product_tag":[],"class_list":{"0":"post-66091","1":"product","2":"type-product","3":"status-publish","4":"has-post-thumbnail","6":"product_brand-replique-manga-cine","7":"product_cat-super-heros-marvel","9":"first","10":"instock","11":"sale","12":"taxable","13":"shipping-taxable","14":"purchasable","15":"product-type-simple"},"yoast_head":"<!-- This site is optimized with the Yoast SEO plugin v27.4 - https:\/\/yoast.com\/product\/yoast-seo-wordpress\/ -->\n<title>Dagues de Drax - Les gardiens de la Galaxie - R\u00e9plique Manga Cin\u00e9<\/title>\n<meta name=\"description\" content=\"D\u00e9couvrez les r\u00e9pliques des dagues de Drax dans Les Gardiens de la Galaxie. Qualit\u00e9 exceptionnelle, prix imbattable, pour les fans de l&#039;univers Marvel.\" \/>\n<meta name=\"robots\" content=\"index, follow, max-snippet:-1, max-image-preview:large, max-video-preview:-1\" \/>\n<link rel=\"canonical\" href=\"https:\/\/repliquemangacine.fr\/es\/superheroes-marvel\/dagas-drax-guardianes-de-la-galaxia\/\" \/>\n<meta property=\"og:locale\" content=\"es_ES\" \/>\n<meta property=\"og:type\" content=\"article\" \/>\n<meta property=\"og:title\" content=\"Dagues de Drax - Les gardiens de la Galaxie - R\u00e9plique Manga Cin\u00e9\" \/>\n<meta property=\"og:description\" content=\"D\u00e9couvrez les r\u00e9pliques des dagues de Drax dans Les Gardiens de la Galaxie. Qualit\u00e9 exceptionnelle, prix imbattable, pour les fans de l&#039;univers Marvel.\" \/>\n<meta property=\"og:url\" content=\"https:\/\/repliquemangacine.fr\/es\/superheroes-marvel\/dagas-drax-guardianes-de-la-galaxia\/\" \/>\n<meta property=\"og:site_name\" content=\"R\u00e9plique Manga Cin\u00e9\" \/>\n<meta property=\"article:publisher\" content=\"https:\/\/www.facebook.com\/RepliqueMangaCine\" \/>\n<meta property=\"article:modified_time\" content=\"2025-11-18T14:42:05+00:00\" \/>\n<meta property=\"og:image\" content=\"https:\/\/repliquemangacine.fr\/wp-content\/uploads\/2023\/11\/Dagues-de-Drax.jpg\" \/>\n\t<meta property=\"og:image:width\" content=\"500\" \/>\n\t<meta property=\"og:image:height\" content=\"500\" \/>\n\t<meta property=\"og:image:type\" content=\"image\/jpeg\" \/>\n<meta name=\"twitter:card\" content=\"summary_large_image\" \/>\n<meta name=\"twitter:label1\" content=\"Tiempo de lectura\" \/>\n\t<meta name=\"twitter:data1\" content=\"3 minutos\" \/>\n<script type=\"application\/ld+json\" class=\"yoast-schema-graph\">{\"@context\":\"https:\\\/\\\/schema.org\",\"@graph\":[{\"@type\":\"WebPage\",\"@id\":\"https:\\\/\\\/repliquemangacine.fr\\\/super-heros-marvel\\\/dagues-de-drax-les-gardiens-de-la-galaxie\\\/\",\"url\":\"https:\\\/\\\/repliquemangacine.fr\\\/super-heros-marvel\\\/dagues-de-drax-les-gardiens-de-la-galaxie\\\/\",\"name\":\"Dagues de Drax - Les gardiens de la Galaxie - R\u00e9plique Manga Cin\u00e9\",\"isPartOf\":{\"@id\":\"https:\\\/\\\/repliquemangacine.fr\\\/#website\"},\"primaryImageOfPage\":{\"@id\":\"https:\\\/\\\/repliquemangacine.fr\\\/super-heros-marvel\\\/dagues-de-drax-les-gardiens-de-la-galaxie\\\/#primaryimage\"},\"image\":{\"@id\":\"https:\\\/\\\/repliquemangacine.fr\\\/super-heros-marvel\\\/dagues-de-drax-les-gardiens-de-la-galaxie\\\/#primaryimage\"},\"thumbnailUrl\":\"https:\\\/\\\/repliquemangacine.fr\\\/wp-content\\\/uploads\\\/2023\\\/11\\\/Dagues-de-Drax.jpg\",\"datePublished\":\"2023-11-29T16:19:50+00:00\",\"dateModified\":\"2025-11-18T14:42:05+00:00\",\"description\":\"D\u00e9couvrez les r\u00e9pliques des dagues de Drax dans Les Gardiens de la Galaxie. Qualit\u00e9 exceptionnelle, prix imbattable, pour les fans de l'univers Marvel.\",\"breadcrumb\":{\"@id\":\"https:\\\/\\\/repliquemangacine.fr\\\/super-heros-marvel\\\/dagues-de-drax-les-gardiens-de-la-galaxie\\\/#breadcrumb\"},\"inLanguage\":\"es\",\"potentialAction\":[{\"@type\":\"ReadAction\",\"target\":[\"https:\\\/\\\/repliquemangacine.fr\\\/super-heros-marvel\\\/dagues-de-drax-les-gardiens-de-la-galaxie\\\/\"]}]},{\"@type\":\"ImageObject\",\"inLanguage\":\"es\",\"@id\":\"https:\\\/\\\/repliquemangacine.fr\\\/super-heros-marvel\\\/dagues-de-drax-les-gardiens-de-la-galaxie\\\/#primaryimage\",\"url\":\"https:\\\/\\\/repliquemangacine.fr\\\/wp-content\\\/uploads\\\/2023\\\/11\\\/Dagues-de-Drax.jpg\",\"contentUrl\":\"https:\\\/\\\/repliquemangacine.fr\\\/wp-content\\\/uploads\\\/2023\\\/11\\\/Dagues-de-Drax.jpg\",\"width\":500,\"height\":500,\"caption\":\"Dagues de Drax\"},{\"@type\":\"BreadcrumbList\",\"@id\":\"https:\\\/\\\/repliquemangacine.fr\\\/super-heros-marvel\\\/dagues-de-drax-les-gardiens-de-la-galaxie\\\/#breadcrumb\",\"itemListElement\":[{\"@type\":\"ListItem\",\"position\":1,\"name\":\"Accueil\",\"item\":\"https:\\\/\\\/repliquemangacine.fr\\\/\"},{\"@type\":\"ListItem\",\"position\":2,\"name\":\"Produits\",\"item\":\"https:\\\/\\\/repliquemangacine.fr\\\/boutique\\\/\"},{\"@type\":\"ListItem\",\"position\":3,\"name\":\"Dagues de Drax &#8211; Les gardiens de la Galaxie\"}]},{\"@type\":\"WebSite\",\"@id\":\"https:\\\/\\\/repliquemangacine.fr\\\/#website\",\"url\":\"https:\\\/\\\/repliquemangacine.fr\\\/\",\"name\":\"R\u00e9plique Manga Cin\u00e9\",\"description\":\"\",\"publisher\":{\"@id\":\"https:\\\/\\\/repliquemangacine.fr\\\/#organization\"},\"potentialAction\":[{\"@type\":\"SearchAction\",\"target\":{\"@type\":\"EntryPoint\",\"urlTemplate\":\"https:\\\/\\\/repliquemangacine.fr\\\/?s={search_term_string}\"},\"query-input\":{\"@type\":\"PropertyValueSpecification\",\"valueRequired\":true,\"valueName\":\"search_term_string\"}}],\"inLanguage\":\"es\"},{\"@type\":\"Organization\",\"@id\":\"https:\\\/\\\/repliquemangacine.fr\\\/#organization\",\"name\":\"R\u00e9plique Manga Cin\u00e9\",\"url\":\"https:\\\/\\\/repliquemangacine.fr\\\/\",\"logo\":{\"@type\":\"ImageObject\",\"inLanguage\":\"es\",\"@id\":\"https:\\\/\\\/repliquemangacine.fr\\\/#\\\/schema\\\/logo\\\/image\\\/\",\"url\":\"https:\\\/\\\/repliquemangacine.fr\\\/wp-content\\\/uploads\\\/2023\\\/10\\\/RMC-500250.png\",\"contentUrl\":\"https:\\\/\\\/repliquemangacine.fr\\\/wp-content\\\/uploads\\\/2023\\\/10\\\/RMC-500250.png\",\"width\":500,\"height\":250,\"caption\":\"R\u00e9plique Manga Cin\u00e9\"},\"image\":{\"@id\":\"https:\\\/\\\/repliquemangacine.fr\\\/#\\\/schema\\\/logo\\\/image\\\/\"},\"sameAs\":[\"https:\\\/\\\/www.facebook.com\\\/RepliqueMangaCine\",\"https:\\\/\\\/www.instagram.com\\\/repliquemangacine.fr\\\/\"]}]}<\/script>\n<!-- \/ Yoast SEO plugin. -->","yoast_head_json":{"title":"Dagas de Drax - Guardianes de la Galaxia - R\u00e9plique Manga Cin\u00e9","description":"Descubre las r\u00e9plicas de las dagas de Drax de Guardianes de la Galaxia. Calidad excepcional, precio imbatible, para los fans del universo Marvel.","robots":{"index":"index","follow":"follow","max-snippet":"max-snippet:-1","max-image-preview":"max-image-preview:large","max-video-preview":"max-video-preview:-1"},"canonical":"https:\/\/repliquemangacine.fr\/es\/superheroes-marvel\/dagas-drax-guardianes-de-la-galaxia\/","og_locale":"es_ES","og_type":"article","og_title":"Dagues de Drax - Les gardiens de la Galaxie - R\u00e9plique Manga Cin\u00e9","og_description":"D\u00e9couvrez les r\u00e9pliques des dagues de Drax dans Les Gardiens de la Galaxie. Qualit\u00e9 exceptionnelle, prix imbattable, pour les fans de l'univers Marvel.","og_url":"https:\/\/repliquemangacine.fr\/es\/superheroes-marvel\/dagas-drax-guardianes-de-la-galaxia\/","og_site_name":"R\u00e9plique Manga Cin\u00e9","article_publisher":"https:\/\/www.facebook.com\/RepliqueMangaCine","article_modified_time":"2025-11-18T14:42:05+00:00","og_image":[{"width":500,"height":500,"url":"https:\/\/repliquemangacine.fr\/wp-content\/uploads\/2023\/11\/Dagues-de-Drax.jpg","type":"image\/jpeg"}],"twitter_card":"summary_large_image","twitter_misc":{"Tiempo de lectura":"3 minutos"},"schema":{"@context":"https:\/\/schema.org","@graph":[{"@type":"WebPage","@id":"https:\/\/repliquemangacine.fr\/super-heros-marvel\/dagues-de-drax-les-gardiens-de-la-galaxie\/","url":"https:\/\/repliquemangacine.fr\/super-heros-marvel\/dagues-de-drax-les-gardiens-de-la-galaxie\/","name":"Dagas de Drax - Guardianes de la Galaxia - R\u00e9plique Manga Cin\u00e9","isPartOf":{"@id":"https:\/\/repliquemangacine.fr\/#website"},"primaryImageOfPage":{"@id":"https:\/\/repliquemangacine.fr\/super-heros-marvel\/dagues-de-drax-les-gardiens-de-la-galaxie\/#primaryimage"},"image":{"@id":"https:\/\/repliquemangacine.fr\/super-heros-marvel\/dagues-de-drax-les-gardiens-de-la-galaxie\/#primaryimage"},"thumbnailUrl":"https:\/\/repliquemangacine.fr\/wp-content\/uploads\/2023\/11\/Dagues-de-Drax.jpg","datePublished":"2023-11-29T16:19:50+00:00","dateModified":"2025-11-18T14:42:05+00:00","description":"Descubre las r\u00e9plicas de las dagas de Drax de Guardianes de la Galaxia. Calidad excepcional, precio imbatible, para los fans del universo Marvel.","breadcrumb":{"@id":"https:\/\/repliquemangacine.fr\/super-heros-marvel\/dagues-de-drax-les-gardiens-de-la-galaxie\/#breadcrumb"},"inLanguage":"es","potentialAction":[{"@type":"ReadAction","target":["https:\/\/repliquemangacine.fr\/super-heros-marvel\/dagues-de-drax-les-gardiens-de-la-galaxie\/"]}]},{"@type":"ImageObject","inLanguage":"es","@id":"https:\/\/repliquemangacine.fr\/super-heros-marvel\/dagues-de-drax-les-gardiens-de-la-galaxie\/#primaryimage","url":"https:\/\/repliquemangacine.fr\/wp-content\/uploads\/2023\/11\/Dagues-de-Drax.jpg","contentUrl":"https:\/\/repliquemangacine.fr\/wp-content\/uploads\/2023\/11\/Dagues-de-Drax.jpg","width":500,"height":500,"caption":"Dagues de Drax"},{"@type":"BreadcrumbList","@id":"https:\/\/repliquemangacine.fr\/super-heros-marvel\/dagues-de-drax-les-gardiens-de-la-galaxie\/#breadcrumb","itemListElement":[{"@type":"ListItem","position":1,"name":"Accueil","item":"https:\/\/repliquemangacine.fr\/"},{"@type":"ListItem","position":2,"name":"Produits","item":"https:\/\/repliquemangacine.fr\/boutique\/"},{"@type":"ListItem","position":3,"name":"Dagues de Drax &#8211; Les gardiens de la Galaxie"}]},{"@type":"WebSite","@id":"https:\/\/repliquemangacine.fr\/#website","url":"https:\/\/repliquemangacine.fr\/","name":"R\u00e9plique Manga Cin\u00e9","description":"","publisher":{"@id":"https:\/\/repliquemangacine.fr\/#organization"},"potentialAction":[{"@type":"SearchAction","target":{"@type":"EntryPoint","urlTemplate":"https:\/\/repliquemangacine.fr\/?s={search_term_string}"},"query-input":{"@type":"PropertyValueSpecification","valueRequired":true,"valueName":"search_term_string"}}],"inLanguage":"es"},{"@type":"Organization","@id":"https:\/\/repliquemangacine.fr\/#organization","name":"R\u00e9plique Manga Cin\u00e9","url":"https:\/\/repliquemangacine.fr\/","logo":{"@type":"ImageObject","inLanguage":"es","@id":"https:\/\/repliquemangacine.fr\/#\/schema\/logo\/image\/","url":"https:\/\/repliquemangacine.fr\/wp-content\/uploads\/2023\/10\/RMC-500250.png","contentUrl":"https:\/\/repliquemangacine.fr\/wp-content\/uploads\/2023\/10\/RMC-500250.png","width":500,"height":250,"caption":"R\u00e9plique Manga Cin\u00e9"},"image":{"@id":"https:\/\/repliquemangacine.fr\/#\/schema\/logo\/image\/"},"sameAs":["https:\/\/www.facebook.com\/RepliqueMangaCine","https:\/\/www.instagram.com\/repliquemangacine.fr\/"]}]}},"_links":{"self":[{"href":"https:\/\/repliquemangacine.fr\/es\/wp-json\/wp\/v2\/product\/66091","targetHints":{"allow":["GET"]}}],"collection":[{"href":"https:\/\/repliquemangacine.fr\/es\/wp-json\/wp\/v2\/product"}],"about":[{"href":"https:\/\/repliquemangacine.fr\/es\/wp-json\/wp\/v2\/types\/product"}],"wp:featuredmedia":[{"embeddable":true,"href":"https:\/\/repliquemangacine.fr\/es\/wp-json\/wp\/v2\/media\/66094"}],"wp:attachment":[{"href":"https:\/\/repliquemangacine.fr\/es\/wp-json\/wp\/v2\/media?parent=66091"}],"wp:term":[{"taxonomy":"product_brand","embeddable":true,"href":"https:\/\/repliquemangacine.fr\/es\/wp-json\/wp\/v2\/product_brand?post=66091"},{"taxonomy":"product_cat","embeddable":true,"href":"https:\/\/repliquemangacine.fr\/es\/wp-json\/wp\/v2\/product_cat?post=66091"},{"taxonomy":"product_tag","embeddable":true,"href":"https:\/\/repliquemangacine.fr\/es\/wp-json\/wp\/v2\/product_tag?post=66091"}],"curies":[{"name":"wp","href":"https:\/\/api.w.org\/{rel}","templated":true}]}}