





{"id":65870,"date":"2023-11-24T19:08:31","date_gmt":"2023-11-24T18:08:31","guid":{"rendered":"https:\/\/repliquemangacine.fr\/?post_type=product&#038;p=65870"},"modified":"2025-11-18T15:49:46","modified_gmt":"2025-11-18T14:49:46","slug":"escudo-de-combate","status":"publish","type":"product","link":"https:\/\/repliquemangacine.fr\/es\/armes-et-accessoires-vikings\/bouclier-de-combat\/","title":{"rendered":"Escudo de batalla vikingo"},"content":{"rendered":"<h2>Escudo de batalla vikingo - S\u00edmbolo de fuerza<\/h2>\n<p>En primer lugar, el <strong>Escudo de batalla vikingo<\/strong>, elemento clave del arsenal de los guerreros n\u00f3rdicos, que representa una notable fusi\u00f3n de funcionalidad y simbolismo.<br \/>\nDise\u00f1ados para la guerra y la protecci\u00f3n, estos escudos redondos estaban fabricados con madera ligera. A menudo se reforzaban con bandas de metal y un umbo (protuberancia) central de hierro.<br \/>\nSu tama\u00f1o variaba, pero el di\u00e1metro t\u00edpico oscilaba entre 70 y 100 cm, lo que permit\u00eda una maniobrabilidad \u00f3ptima en las feroces batallas.<\/p>\n<h3>Viking Shield: poder y protecci\u00f3n<\/h3>\n<p>Pintados y decorados con motivos simb\u00f3licos, los escudos vikingos no eran solo herramientas de guerra. Adem\u00e1s, tambi\u00e9n eran expresiones de la identidad y las creencias de los vikingos.<br \/>\nEl color y el dise\u00f1o desempe\u00f1aban un papel crucial a la hora de intimidar a los enemigos. Por su parte, la robusta construcci\u00f3n ofrec\u00eda una defensa vital contra las armas de la \u00e9poca.<\/p>\n<h2>Tu Viking Combat Shield al mejor precio<\/h2>\n<p>Sum\u00e9rgete en el fascinante mundo de los vikingos con un escudo vikingo que ofrece un equilibrio perfecto entre calidad y precio. Estas r\u00e9plicas, fieles a los originales utilizados en las batallas de la Edad Media, est\u00e1n dise\u00f1adas para ofrecer una experiencia aut\u00e9ntica.<\/p>\n<p>Tomemos el ejemplo de<\/p>\n<ul>\n<li><a href=\"https:\/\/repliquemangacine.fr\/es\/serie-shields-vikingos\/escudo-vikingo-fenrir\/\">Escudo Fenrir<\/a>Fabricado exactamente igual que en los primeros tiempos, con tablero de madera pintada, umbo central y borde de cuero cosido a mano.<\/li>\n<li>Tambi\u00e9n existe la <a href=\"https:\/\/repliquemangacine.fr\/es\/armas-y-accesorios-vikingos\/escudo-vikingo-de-madera\/\">escudo redondo<\/a> con su umbo y sus refuerzos met\u00e1licos, \u00a1y mucho m\u00e1s!<\/li>\n<\/ul>\n<h3>El esp\u00edritu vikingo a un precio asequible: escudos de alta calidad<\/h3>\n<p>Con la garant\u00eda de una calidad excepcional a un precio competitivo, estos escudos vikingos no son s\u00f3lo objetos de coleccionista. Son portales a un pasado heroico. El cuidado puesto en su fabricaci\u00f3n garantiza una durabilidad y autenticidad sin concesiones.<\/p>\n<h2>T\u00e9cnicas y estrategias de combate con el escudo vikingo<\/h2>\n<p>Dise\u00f1ado espec\u00edficamente para demostraciones y recreaciones hist\u00f3ricas. Este escudo, fiel a los dise\u00f1os y materiales hist\u00f3ricos, es ideal para aquellos que desean experimentar las t\u00e9cnicas de combate y las estrategias de los guerreros vikingos de una manera segura y espectacular.<\/p>\n<p>Su construcci\u00f3n robusta y su maniobrabilidad lo hacen perfecto para exhibiciones, donde la precisi\u00f3n de los movimientos y la seguridad son primordiales.<\/p>\n<h3>El muro de escudos vikingos: una t\u00e1ctica de inmersi\u00f3n para exposiciones.<\/h3>\n<p>Incorpore la famosa t\u00e1ctica vikinga del \u201cmuro de escudos\u201d en sus demostraciones. Nuestro escudo est\u00e1 especialmente dise\u00f1ado para permitir esta formaci\u00f3n defensiva, en la que los guerreros alineaban sus escudos muy juntos para crear una barrera casi impenetrable.<\/p>\n<p>Cabe destacar que esta t\u00e1ctica ofrece una fascinante inmersi\u00f3n en las estrategias de combate. <a href=\"https:\/\/www.futura-sciences.com\/sciences\/questions-reponses\/histoire-histoire-vikings-leur-epopee-13777\/\" target=\"_blank\" rel=\"noopener noreferrer\">vikingo<\/a>. En conclusi\u00f3n, perfecto tanto para los aficionados a la historia como para los artistas del combate esc\u00e9nico.<\/p>","protected":false},"excerpt":{"rendered":"<p>Magn\u00edfico escudo de batalla vikingo<\/p>\n<ul>\n<li>Adecuado para peleas de exhibici\u00f3n<\/li>\n<li>Escudo redondo de madera<\/li>\n<li>Joroba de acero (Umbo) y accesorios de acero, aprox. 1,2 mm.<\/li>\n<li>La parte trasera est\u00e1 cubierta de tela.<\/li>\n<li>El pu\u00f1o de acero est\u00e1 acolchado y envuelto en ante.<\/li>\n<li>Di\u00e1metro: aprox. 55 cm - Grosor del material: aprox. 1,4 cm<\/li>\n<li>Peso: aprox. 3,2 kg<\/li>\n<\/ul>","protected":false},"featured_media":65874,"template":"","meta":[],"product_brand":[896],"product_cat":[103],"product_tag":[],"class_list":{"0":"post-65870","1":"product","2":"type-product","3":"status-publish","4":"has-post-thumbnail","6":"product_brand-replique-manga-cine","7":"product_cat-armes-et-accessoires-vikings","9":"first","10":"instock","11":"taxable","12":"shipping-taxable","13":"purchasable","14":"product-type-simple"},"yoast_head":"<!-- This site is optimized with the Yoast SEO plugin v27.4 - https:\/\/yoast.com\/product\/yoast-seo-wordpress\/ -->\n<title>Bouclier de combat Viking | R\u00e9plique Manga Cin\u00e9<\/title>\n<meta name=\"description\" content=\"D\u00e9couvrez ce superbe Bouclier de combat Viking au meilleur prix. Tout n bois avec garniture en m\u00e9tal. Poign\u00e9e au dos. Adapt\u00e9 au combat d&#039;exhibition\" \/>\n<meta name=\"robots\" content=\"index, follow, max-snippet:-1, max-image-preview:large, max-video-preview:-1\" \/>\n<link rel=\"canonical\" href=\"https:\/\/repliquemangacine.fr\/es\/armas-y-accesorios-vikingos\/escudo-de-combate\/\" \/>\n<meta property=\"og:locale\" content=\"es_ES\" \/>\n<meta property=\"og:type\" content=\"article\" \/>\n<meta property=\"og:title\" content=\"Bouclier de combat Viking | R\u00e9plique Manga Cin\u00e9\" \/>\n<meta property=\"og:description\" content=\"D\u00e9couvrez ce superbe Bouclier de combat Viking au meilleur prix. Tout n bois avec garniture en m\u00e9tal. Poign\u00e9e au dos. Adapt\u00e9 au combat d&#039;exhibition\" \/>\n<meta property=\"og:url\" content=\"https:\/\/repliquemangacine.fr\/es\/armas-y-accesorios-vikingos\/escudo-de-combate\/\" \/>\n<meta property=\"og:site_name\" content=\"R\u00e9plique Manga Cin\u00e9\" \/>\n<meta property=\"article:publisher\" content=\"https:\/\/www.facebook.com\/RepliqueMangaCine\" \/>\n<meta property=\"article:modified_time\" content=\"2025-11-18T14:49:46+00:00\" \/>\n<meta property=\"og:image\" content=\"https:\/\/repliquemangacine.fr\/wp-content\/uploads\/2023\/11\/Bouclier-de-combat.jpg\" \/>\n\t<meta property=\"og:image:width\" content=\"500\" \/>\n\t<meta property=\"og:image:height\" content=\"500\" \/>\n\t<meta property=\"og:image:type\" content=\"image\/jpeg\" \/>\n<meta name=\"twitter:card\" content=\"summary_large_image\" \/>\n<meta name=\"twitter:label1\" content=\"Tiempo de lectura\" \/>\n\t<meta name=\"twitter:data1\" content=\"3 minutos\" \/>\n<script type=\"application\/ld+json\" class=\"yoast-schema-graph\">{\"@context\":\"https:\\\/\\\/schema.org\",\"@graph\":[{\"@type\":\"WebPage\",\"@id\":\"https:\\\/\\\/repliquemangacine.fr\\\/armes-et-accessoires-vikings\\\/bouclier-de-combat\\\/\",\"url\":\"https:\\\/\\\/repliquemangacine.fr\\\/armes-et-accessoires-vikings\\\/bouclier-de-combat\\\/\",\"name\":\"Bouclier de combat Viking | R\u00e9plique Manga Cin\u00e9\",\"isPartOf\":{\"@id\":\"https:\\\/\\\/repliquemangacine.fr\\\/#website\"},\"primaryImageOfPage\":{\"@id\":\"https:\\\/\\\/repliquemangacine.fr\\\/armes-et-accessoires-vikings\\\/bouclier-de-combat\\\/#primaryimage\"},\"image\":{\"@id\":\"https:\\\/\\\/repliquemangacine.fr\\\/armes-et-accessoires-vikings\\\/bouclier-de-combat\\\/#primaryimage\"},\"thumbnailUrl\":\"https:\\\/\\\/repliquemangacine.fr\\\/wp-content\\\/uploads\\\/2023\\\/11\\\/Bouclier-de-combat.jpg\",\"datePublished\":\"2023-11-24T18:08:31+00:00\",\"dateModified\":\"2025-11-18T14:49:46+00:00\",\"description\":\"D\u00e9couvrez ce superbe Bouclier de combat Viking au meilleur prix. Tout n bois avec garniture en m\u00e9tal. Poign\u00e9e au dos. Adapt\u00e9 au combat d'exhibition\",\"breadcrumb\":{\"@id\":\"https:\\\/\\\/repliquemangacine.fr\\\/armes-et-accessoires-vikings\\\/bouclier-de-combat\\\/#breadcrumb\"},\"inLanguage\":\"es\",\"potentialAction\":[{\"@type\":\"ReadAction\",\"target\":[\"https:\\\/\\\/repliquemangacine.fr\\\/armes-et-accessoires-vikings\\\/bouclier-de-combat\\\/\"]}]},{\"@type\":\"ImageObject\",\"inLanguage\":\"es\",\"@id\":\"https:\\\/\\\/repliquemangacine.fr\\\/armes-et-accessoires-vikings\\\/bouclier-de-combat\\\/#primaryimage\",\"url\":\"https:\\\/\\\/repliquemangacine.fr\\\/wp-content\\\/uploads\\\/2023\\\/11\\\/Bouclier-de-combat.jpg\",\"contentUrl\":\"https:\\\/\\\/repliquemangacine.fr\\\/wp-content\\\/uploads\\\/2023\\\/11\\\/Bouclier-de-combat.jpg\",\"width\":500,\"height\":500,\"caption\":\"Bouclier de combat Viking\"},{\"@type\":\"BreadcrumbList\",\"@id\":\"https:\\\/\\\/repliquemangacine.fr\\\/armes-et-accessoires-vikings\\\/bouclier-de-combat\\\/#breadcrumb\",\"itemListElement\":[{\"@type\":\"ListItem\",\"position\":1,\"name\":\"Accueil\",\"item\":\"https:\\\/\\\/repliquemangacine.fr\\\/\"},{\"@type\":\"ListItem\",\"position\":2,\"name\":\"Produits\",\"item\":\"https:\\\/\\\/repliquemangacine.fr\\\/boutique\\\/\"},{\"@type\":\"ListItem\",\"position\":3,\"name\":\"Bouclier de combat Viking\"}]},{\"@type\":\"WebSite\",\"@id\":\"https:\\\/\\\/repliquemangacine.fr\\\/#website\",\"url\":\"https:\\\/\\\/repliquemangacine.fr\\\/\",\"name\":\"R\u00e9plique Manga Cin\u00e9\",\"description\":\"\",\"publisher\":{\"@id\":\"https:\\\/\\\/repliquemangacine.fr\\\/#organization\"},\"potentialAction\":[{\"@type\":\"SearchAction\",\"target\":{\"@type\":\"EntryPoint\",\"urlTemplate\":\"https:\\\/\\\/repliquemangacine.fr\\\/?s={search_term_string}\"},\"query-input\":{\"@type\":\"PropertyValueSpecification\",\"valueRequired\":true,\"valueName\":\"search_term_string\"}}],\"inLanguage\":\"es\"},{\"@type\":\"Organization\",\"@id\":\"https:\\\/\\\/repliquemangacine.fr\\\/#organization\",\"name\":\"R\u00e9plique Manga Cin\u00e9\",\"url\":\"https:\\\/\\\/repliquemangacine.fr\\\/\",\"logo\":{\"@type\":\"ImageObject\",\"inLanguage\":\"es\",\"@id\":\"https:\\\/\\\/repliquemangacine.fr\\\/#\\\/schema\\\/logo\\\/image\\\/\",\"url\":\"https:\\\/\\\/repliquemangacine.fr\\\/wp-content\\\/uploads\\\/2023\\\/10\\\/RMC-500250.png\",\"contentUrl\":\"https:\\\/\\\/repliquemangacine.fr\\\/wp-content\\\/uploads\\\/2023\\\/10\\\/RMC-500250.png\",\"width\":500,\"height\":250,\"caption\":\"R\u00e9plique Manga Cin\u00e9\"},\"image\":{\"@id\":\"https:\\\/\\\/repliquemangacine.fr\\\/#\\\/schema\\\/logo\\\/image\\\/\"},\"sameAs\":[\"https:\\\/\\\/www.facebook.com\\\/RepliqueMangaCine\",\"https:\\\/\\\/www.instagram.com\\\/repliquemangacine.fr\\\/\"]}]}<\/script>\n<!-- \/ Yoast SEO plugin. -->","yoast_head_json":{"title":"Escudo de batalla vikingo | R\u00e9plique Manga Cin\u00e9","description":"Descubre este magn\u00edfico escudo de batalla vikingo al mejor precio. Todo de madera con adornos met\u00e1licos. Asa en la parte posterior. Apto para combates de exhibici\u00f3n.","robots":{"index":"index","follow":"follow","max-snippet":"max-snippet:-1","max-image-preview":"max-image-preview:large","max-video-preview":"max-video-preview:-1"},"canonical":"https:\/\/repliquemangacine.fr\/es\/armas-y-accesorios-vikingos\/escudo-de-combate\/","og_locale":"es_ES","og_type":"article","og_title":"Bouclier de combat Viking | R\u00e9plique Manga Cin\u00e9","og_description":"D\u00e9couvrez ce superbe Bouclier de combat Viking au meilleur prix. Tout n bois avec garniture en m\u00e9tal. Poign\u00e9e au dos. Adapt\u00e9 au combat d'exhibition","og_url":"https:\/\/repliquemangacine.fr\/es\/armas-y-accesorios-vikingos\/escudo-de-combate\/","og_site_name":"R\u00e9plique Manga Cin\u00e9","article_publisher":"https:\/\/www.facebook.com\/RepliqueMangaCine","article_modified_time":"2025-11-18T14:49:46+00:00","og_image":[{"width":500,"height":500,"url":"https:\/\/repliquemangacine.fr\/wp-content\/uploads\/2023\/11\/Bouclier-de-combat.jpg","type":"image\/jpeg"}],"twitter_card":"summary_large_image","twitter_misc":{"Tiempo de lectura":"3 minutos"},"schema":{"@context":"https:\/\/schema.org","@graph":[{"@type":"WebPage","@id":"https:\/\/repliquemangacine.fr\/armes-et-accessoires-vikings\/bouclier-de-combat\/","url":"https:\/\/repliquemangacine.fr\/armes-et-accessoires-vikings\/bouclier-de-combat\/","name":"Escudo de batalla vikingo | R\u00e9plique Manga Cin\u00e9","isPartOf":{"@id":"https:\/\/repliquemangacine.fr\/#website"},"primaryImageOfPage":{"@id":"https:\/\/repliquemangacine.fr\/armes-et-accessoires-vikings\/bouclier-de-combat\/#primaryimage"},"image":{"@id":"https:\/\/repliquemangacine.fr\/armes-et-accessoires-vikings\/bouclier-de-combat\/#primaryimage"},"thumbnailUrl":"https:\/\/repliquemangacine.fr\/wp-content\/uploads\/2023\/11\/Bouclier-de-combat.jpg","datePublished":"2023-11-24T18:08:31+00:00","dateModified":"2025-11-18T14:49:46+00:00","description":"Descubre este magn\u00edfico escudo de batalla vikingo al mejor precio. Todo de madera con adornos met\u00e1licos. Asa en la parte posterior. Apto para combates de exhibici\u00f3n.","breadcrumb":{"@id":"https:\/\/repliquemangacine.fr\/armes-et-accessoires-vikings\/bouclier-de-combat\/#breadcrumb"},"inLanguage":"es","potentialAction":[{"@type":"ReadAction","target":["https:\/\/repliquemangacine.fr\/armes-et-accessoires-vikings\/bouclier-de-combat\/"]}]},{"@type":"ImageObject","inLanguage":"es","@id":"https:\/\/repliquemangacine.fr\/armes-et-accessoires-vikings\/bouclier-de-combat\/#primaryimage","url":"https:\/\/repliquemangacine.fr\/wp-content\/uploads\/2023\/11\/Bouclier-de-combat.jpg","contentUrl":"https:\/\/repliquemangacine.fr\/wp-content\/uploads\/2023\/11\/Bouclier-de-combat.jpg","width":500,"height":500,"caption":"Bouclier de combat Viking"},{"@type":"BreadcrumbList","@id":"https:\/\/repliquemangacine.fr\/armes-et-accessoires-vikings\/bouclier-de-combat\/#breadcrumb","itemListElement":[{"@type":"ListItem","position":1,"name":"Accueil","item":"https:\/\/repliquemangacine.fr\/"},{"@type":"ListItem","position":2,"name":"Produits","item":"https:\/\/repliquemangacine.fr\/boutique\/"},{"@type":"ListItem","position":3,"name":"Bouclier de combat Viking"}]},{"@type":"WebSite","@id":"https:\/\/repliquemangacine.fr\/#website","url":"https:\/\/repliquemangacine.fr\/","name":"R\u00e9plique Manga Cin\u00e9","description":"","publisher":{"@id":"https:\/\/repliquemangacine.fr\/#organization"},"potentialAction":[{"@type":"SearchAction","target":{"@type":"EntryPoint","urlTemplate":"https:\/\/repliquemangacine.fr\/?s={search_term_string}"},"query-input":{"@type":"PropertyValueSpecification","valueRequired":true,"valueName":"search_term_string"}}],"inLanguage":"es"},{"@type":"Organization","@id":"https:\/\/repliquemangacine.fr\/#organization","name":"R\u00e9plique Manga Cin\u00e9","url":"https:\/\/repliquemangacine.fr\/","logo":{"@type":"ImageObject","inLanguage":"es","@id":"https:\/\/repliquemangacine.fr\/#\/schema\/logo\/image\/","url":"https:\/\/repliquemangacine.fr\/wp-content\/uploads\/2023\/10\/RMC-500250.png","contentUrl":"https:\/\/repliquemangacine.fr\/wp-content\/uploads\/2023\/10\/RMC-500250.png","width":500,"height":250,"caption":"R\u00e9plique Manga Cin\u00e9"},"image":{"@id":"https:\/\/repliquemangacine.fr\/#\/schema\/logo\/image\/"},"sameAs":["https:\/\/www.facebook.com\/RepliqueMangaCine","https:\/\/www.instagram.com\/repliquemangacine.fr\/"]}]}},"_links":{"self":[{"href":"https:\/\/repliquemangacine.fr\/es\/wp-json\/wp\/v2\/product\/65870","targetHints":{"allow":["GET"]}}],"collection":[{"href":"https:\/\/repliquemangacine.fr\/es\/wp-json\/wp\/v2\/product"}],"about":[{"href":"https:\/\/repliquemangacine.fr\/es\/wp-json\/wp\/v2\/types\/product"}],"wp:featuredmedia":[{"embeddable":true,"href":"https:\/\/repliquemangacine.fr\/es\/wp-json\/wp\/v2\/media\/65874"}],"wp:attachment":[{"href":"https:\/\/repliquemangacine.fr\/es\/wp-json\/wp\/v2\/media?parent=65870"}],"wp:term":[{"taxonomy":"product_brand","embeddable":true,"href":"https:\/\/repliquemangacine.fr\/es\/wp-json\/wp\/v2\/product_brand?post=65870"},{"taxonomy":"product_cat","embeddable":true,"href":"https:\/\/repliquemangacine.fr\/es\/wp-json\/wp\/v2\/product_cat?post=65870"},{"taxonomy":"product_tag","embeddable":true,"href":"https:\/\/repliquemangacine.fr\/es\/wp-json\/wp\/v2\/product_tag?post=65870"}],"curies":[{"name":"wp","href":"https:\/\/api.w.org\/{rel}","templated":true}]}}