





{"id":65854,"date":"2023-11-24T16:39:35","date_gmt":"2023-11-24T15:39:35","guid":{"rendered":"https:\/\/repliquemangacine.fr\/?post_type=product&#038;p=65854"},"modified":"2026-02-06T15:46:15","modified_gmt":"2026-02-06T14:46:15","slug":"sable-de-tropa-1801","status":"publish","type":"product","link":"https:\/\/repliquemangacine.fr\/es\/armes-historiques\/sabre-de-troupe-1801\/","title":{"rendered":"Sable de tropa 1801"},"content":{"rendered":"<h2>Sabre de Troupe 1801 - Un legado napole\u00f3nico<\/h2>\n<p>En primer lugar, el sable de tropa de caballer\u00eda de 1801, tambi\u00e9n conocido como \"sable de caballer\u00eda l\u00e9g\u00e8re mod\u00e8le An IX\", es un arma emblem\u00e1tica de la \u00e9poca napole\u00f3nica en Francia.<\/p>\n<ul>\n<li><strong>Origen y antecedentes :<\/strong> Introducido en 1801, este sable fue dise\u00f1ado para equipar a la caballer\u00eda ligera del ej\u00e9rcito franc\u00e9s.<\/li>\n<li><strong>Dise\u00f1o y caracter\u00edsticas :<\/strong> El sable de caballer\u00eda ligera modelo 1801 presenta una hoja curva, ideal para cargar a caballo.<\/li>\n<li><strong>Uso y eficacia :<\/strong> Dise\u00f1ado para ataques r\u00e1pidos y movimientos fluidos. Especialmente eficaz en las cargas de caballer\u00eda.<\/li>\n<\/ul>\n<h3>Impacto y legado del sable de caballer\u00eda<\/h3>\n<p>El sable de caballer\u00eda ligera modelo 1801 se convirti\u00f3 en un s\u00edmbolo del poder militar napole\u00f3nico, influyendo en el dise\u00f1o de las armas blancas de otros ej\u00e9rcitos europeos. Su eficacia y dise\u00f1o fueron admirados e imitados, consolidando la reputaci\u00f3n del ej\u00e9rcito franc\u00e9s como una fuerza formidable.<\/p>\n<h2>Su Un sable de caballer\u00eda IX - Relaci\u00f3n calidad-precio excepcional<\/h2>\n<p>La espada de caballer\u00eda Modelo A\u00f1o IX no es solo una r\u00e9plica hist\u00f3rica, sino tambi\u00e9n la mejor opci\u00f3n en t\u00e9rminos de relaci\u00f3n calidad-precio para los coleccionistas.  Fiel al original, es un ejemplo perfecto de calidad.<\/p>\n<p>La adquisici\u00f3n de una r\u00e9plica del Modelo A\u00f1o XI representa una oportunidad \u00fanica de poseer un pedazo de historia. Ofrece un valor est\u00e9tico e hist\u00f3rico excepcional.<\/p>\n<p>Ideal para coleccionistas expertos que desean ampliar su colecci\u00f3n sin comprometer la calidad ni el presupuesto.<\/p>\n<h3>Los emblem\u00e1ticos sables del Primer Imperio: una leyenda de acero<\/h3>\n<p>Durante el reinado de <a href=\"https:\/\/www.larousse.fr\/encyclopedie\/personnage\/Napol%C3%A9on_I_er\/134747\" target=\"_blank\" rel=\"noopener noreferrer\">Napole\u00f3n<\/a> Bonaparte, el ej\u00e9rcito franc\u00e9s utiliz\u00f3 varios tipos de sables.<\/p>\n<p>Lo primero y m\u00e1s importante,<\/p>\n<ul>\n<li><a href=\"https:\/\/repliquemangacine.fr\/es\/replicas-de-armas-napoleon\/encendedor-de-sable-del-1er-imperio-de-infanteria-napoleonica\/\">Encendedor de sable:<\/a> Llevado por la infanter\u00eda, el encendedor de sable era una herramienta vers\u00e1til en el campo de batalla.<\/li>\n<li><a href=\"https:\/\/repliquemangacine.fr\/es\/espadas-del-i-imperio\/blucher-m1811-sable-de-caballeria-prusiano\/\">Sable Bl\u00fccher M1811<\/a> Bl\u00fccher, general alem\u00e1n, comandante popular durante la campa\u00f1a alemana contra Napole\u00f3n.<\/li>\n<\/ul>\n<h2>\u00bfC\u00f3mo puedo mantener la hoja de mi sable de tropa 1801?<\/h2>\n<p>En primer lugar, las espadas de colecci\u00f3n y decorativas, fabricadas y ensambladas de forma simplificada. Al ser de uso decorativo, no cuentan con los elementos de seguridad necesarios para una espada japonesa destinada al entrenamiento.<\/p>\n<p>Sin embargo, su <strong>Sable de tropa 1801<\/strong> una hoja de acero que hay que cuidar para evitar que se da\u00f1e con el tiempo. De hecho, vas a exponer tu espada, tus amigos sentir\u00e1n curiosidad por ver la hoja y tocarla. Ah\u00ed es donde hay que tener cuidado. Hay que destacar que la acidez de los dedos es muy perjudicial para el acero, independientemente de su calidad.<\/p>\n<p>Sin embargo, si esto ocurre, no se preocupe, solo tiene que humedecer un pa\u00f1o con un poco de aceite y limpiar las huellas dactilares. De esta forma, conservar\u00e1 su espada durante mucho tiempo.<\/p>\n<p>&nbsp;<\/p>","protected":false},"excerpt":{"rendered":"<p>Magn\u00edfica reproducci\u00f3n del sable de la tropa de caballer\u00eda francesa de 1801.<\/p>\n<ul>\n<li>Hoja de acero<\/li>\n<li>Guarda especial de acero dorado<\/li>\n<li>Asa forrada en polipiel negra<\/li>\n<li>Vaina de metal.<\/li>\n<\/ul>","protected":false},"featured_media":65863,"template":"","meta":[],"product_brand":[896],"product_cat":[25,83,74],"product_tag":[],"class_list":{"0":"post-65854","1":"product","2":"type-product","3":"status-publish","4":"has-post-thumbnail","6":"product_brand-replique-manga-cine","7":"product_cat-armes-historiques","8":"product_cat-replique-d-armes-1er-empire","9":"product_cat-sabres-1er-empire","11":"first","12":"instock","13":"taxable","14":"shipping-taxable","15":"purchasable","16":"product-type-simple"},"yoast_head":"<!-- This site is optimized with the Yoast SEO plugin v27.4 - https:\/\/yoast.com\/product\/yoast-seo-wordpress\/ -->\n<title>Sabre de Troupe 1801 - Sabre de cavalerie | R\u00e9plique Manga Cin\u00e9<\/title>\n<meta name=\"description\" content=\"D\u00e9couvrez ce magnifique sabre de troupe 1801 au meilleur prix. Lame en acier. Garde de forme sp\u00e9cifique en acier dor\u00e9. Fourreau en m\u00e9tal\" \/>\n<meta name=\"robots\" content=\"index, follow, max-snippet:-1, max-image-preview:large, max-video-preview:-1\" \/>\n<link rel=\"canonical\" href=\"https:\/\/repliquemangacine.fr\/es\/armas-historicas\/sable-de-tropa-1801\/\" \/>\n<meta property=\"og:locale\" content=\"es_ES\" \/>\n<meta property=\"og:type\" content=\"article\" \/>\n<meta property=\"og:title\" content=\"Sabre de Troupe 1801 - Sabre de cavalerie | R\u00e9plique Manga Cin\u00e9\" \/>\n<meta property=\"og:description\" content=\"D\u00e9couvrez ce magnifique sabre de troupe 1801 au meilleur prix. Lame en acier. Garde de forme sp\u00e9cifique en acier dor\u00e9. Fourreau en m\u00e9tal\" \/>\n<meta property=\"og:url\" content=\"https:\/\/repliquemangacine.fr\/es\/armas-historicas\/sable-de-tropa-1801\/\" \/>\n<meta property=\"og:site_name\" content=\"R\u00e9plique Manga Cin\u00e9\" \/>\n<meta property=\"article:publisher\" content=\"https:\/\/www.facebook.com\/RepliqueMangaCine\" \/>\n<meta property=\"article:modified_time\" content=\"2026-02-06T14:46:15+00:00\" \/>\n<meta property=\"og:image\" content=\"https:\/\/repliquemangacine.fr\/wp-content\/uploads\/2023\/11\/sabre-de-cavalerie-napoleonlamejpg.jpg\" \/>\n\t<meta property=\"og:image:width\" content=\"500\" \/>\n\t<meta property=\"og:image:height\" content=\"500\" \/>\n\t<meta property=\"og:image:type\" content=\"image\/jpeg\" \/>\n<meta name=\"twitter:card\" content=\"summary_large_image\" \/>\n<meta name=\"twitter:label1\" content=\"Tiempo de lectura\" \/>\n\t<meta name=\"twitter:data1\" content=\"3 minutos\" \/>\n<script type=\"application\/ld+json\" class=\"yoast-schema-graph\">{\"@context\":\"https:\\\/\\\/schema.org\",\"@graph\":[{\"@type\":\"WebPage\",\"@id\":\"https:\\\/\\\/repliquemangacine.fr\\\/armes-historiques\\\/sabre-de-troupe-1801\\\/\",\"url\":\"https:\\\/\\\/repliquemangacine.fr\\\/armes-historiques\\\/sabre-de-troupe-1801\\\/\",\"name\":\"Sabre de Troupe 1801 - Sabre de cavalerie | R\u00e9plique Manga Cin\u00e9\",\"isPartOf\":{\"@id\":\"https:\\\/\\\/repliquemangacine.fr\\\/#website\"},\"primaryImageOfPage\":{\"@id\":\"https:\\\/\\\/repliquemangacine.fr\\\/armes-historiques\\\/sabre-de-troupe-1801\\\/#primaryimage\"},\"image\":{\"@id\":\"https:\\\/\\\/repliquemangacine.fr\\\/armes-historiques\\\/sabre-de-troupe-1801\\\/#primaryimage\"},\"thumbnailUrl\":\"https:\\\/\\\/repliquemangacine.fr\\\/wp-content\\\/uploads\\\/2023\\\/11\\\/sabre-de-cavalerie-napoleonlamejpg.jpg\",\"datePublished\":\"2023-11-24T15:39:35+00:00\",\"dateModified\":\"2026-02-06T14:46:15+00:00\",\"description\":\"D\u00e9couvrez ce magnifique sabre de troupe 1801 au meilleur prix. Lame en acier. Garde de forme sp\u00e9cifique en acier dor\u00e9. Fourreau en m\u00e9tal\",\"breadcrumb\":{\"@id\":\"https:\\\/\\\/repliquemangacine.fr\\\/armes-historiques\\\/sabre-de-troupe-1801\\\/#breadcrumb\"},\"inLanguage\":\"es\",\"potentialAction\":[{\"@type\":\"ReadAction\",\"target\":[\"https:\\\/\\\/repliquemangacine.fr\\\/armes-historiques\\\/sabre-de-troupe-1801\\\/\"]}]},{\"@type\":\"ImageObject\",\"inLanguage\":\"es\",\"@id\":\"https:\\\/\\\/repliquemangacine.fr\\\/armes-historiques\\\/sabre-de-troupe-1801\\\/#primaryimage\",\"url\":\"https:\\\/\\\/repliquemangacine.fr\\\/wp-content\\\/uploads\\\/2023\\\/11\\\/sabre-de-cavalerie-napoleonlamejpg.jpg\",\"contentUrl\":\"https:\\\/\\\/repliquemangacine.fr\\\/wp-content\\\/uploads\\\/2023\\\/11\\\/sabre-de-cavalerie-napoleonlamejpg.jpg\",\"width\":500,\"height\":500,\"caption\":\"Sabre de Troupe 1801\"},{\"@type\":\"BreadcrumbList\",\"@id\":\"https:\\\/\\\/repliquemangacine.fr\\\/armes-historiques\\\/sabre-de-troupe-1801\\\/#breadcrumb\",\"itemListElement\":[{\"@type\":\"ListItem\",\"position\":1,\"name\":\"Accueil\",\"item\":\"https:\\\/\\\/repliquemangacine.fr\\\/\"},{\"@type\":\"ListItem\",\"position\":2,\"name\":\"Produits\",\"item\":\"https:\\\/\\\/repliquemangacine.fr\\\/boutique\\\/\"},{\"@type\":\"ListItem\",\"position\":3,\"name\":\"Sabre de Troupe 1801\"}]},{\"@type\":\"WebSite\",\"@id\":\"https:\\\/\\\/repliquemangacine.fr\\\/#website\",\"url\":\"https:\\\/\\\/repliquemangacine.fr\\\/\",\"name\":\"R\u00e9plique Manga Cin\u00e9\",\"description\":\"\",\"publisher\":{\"@id\":\"https:\\\/\\\/repliquemangacine.fr\\\/#organization\"},\"potentialAction\":[{\"@type\":\"SearchAction\",\"target\":{\"@type\":\"EntryPoint\",\"urlTemplate\":\"https:\\\/\\\/repliquemangacine.fr\\\/?s={search_term_string}\"},\"query-input\":{\"@type\":\"PropertyValueSpecification\",\"valueRequired\":true,\"valueName\":\"search_term_string\"}}],\"inLanguage\":\"es\"},{\"@type\":\"Organization\",\"@id\":\"https:\\\/\\\/repliquemangacine.fr\\\/#organization\",\"name\":\"R\u00e9plique Manga Cin\u00e9\",\"url\":\"https:\\\/\\\/repliquemangacine.fr\\\/\",\"logo\":{\"@type\":\"ImageObject\",\"inLanguage\":\"es\",\"@id\":\"https:\\\/\\\/repliquemangacine.fr\\\/#\\\/schema\\\/logo\\\/image\\\/\",\"url\":\"https:\\\/\\\/repliquemangacine.fr\\\/wp-content\\\/uploads\\\/2023\\\/10\\\/RMC-500250.png\",\"contentUrl\":\"https:\\\/\\\/repliquemangacine.fr\\\/wp-content\\\/uploads\\\/2023\\\/10\\\/RMC-500250.png\",\"width\":500,\"height\":250,\"caption\":\"R\u00e9plique Manga Cin\u00e9\"},\"image\":{\"@id\":\"https:\\\/\\\/repliquemangacine.fr\\\/#\\\/schema\\\/logo\\\/image\\\/\"},\"sameAs\":[\"https:\\\/\\\/www.facebook.com\\\/RepliqueMangaCine\",\"https:\\\/\\\/www.instagram.com\\\/repliquemangacine.fr\\\/\"]}]}<\/script>\n<!-- \/ Yoast SEO plugin. -->","yoast_head_json":{"title":"Sable de tropa 1801 - Sable de caballer\u00eda | R\u00e9plique Manga Cin\u00e9","description":"Descubra este magn\u00edfico sable de tropa de 1801 al mejor precio. Hoja de acero. Guarda especial de acero dorado. Vaina de metal.","robots":{"index":"index","follow":"follow","max-snippet":"max-snippet:-1","max-image-preview":"max-image-preview:large","max-video-preview":"max-video-preview:-1"},"canonical":"https:\/\/repliquemangacine.fr\/es\/armas-historicas\/sable-de-tropa-1801\/","og_locale":"es_ES","og_type":"article","og_title":"Sabre de Troupe 1801 - Sabre de cavalerie | R\u00e9plique Manga Cin\u00e9","og_description":"D\u00e9couvrez ce magnifique sabre de troupe 1801 au meilleur prix. Lame en acier. Garde de forme sp\u00e9cifique en acier dor\u00e9. Fourreau en m\u00e9tal","og_url":"https:\/\/repliquemangacine.fr\/es\/armas-historicas\/sable-de-tropa-1801\/","og_site_name":"R\u00e9plique Manga Cin\u00e9","article_publisher":"https:\/\/www.facebook.com\/RepliqueMangaCine","article_modified_time":"2026-02-06T14:46:15+00:00","og_image":[{"width":500,"height":500,"url":"https:\/\/repliquemangacine.fr\/wp-content\/uploads\/2023\/11\/sabre-de-cavalerie-napoleonlamejpg.jpg","type":"image\/jpeg"}],"twitter_card":"summary_large_image","twitter_misc":{"Tiempo de lectura":"3 minutos"},"schema":{"@context":"https:\/\/schema.org","@graph":[{"@type":"WebPage","@id":"https:\/\/repliquemangacine.fr\/armes-historiques\/sabre-de-troupe-1801\/","url":"https:\/\/repliquemangacine.fr\/armes-historiques\/sabre-de-troupe-1801\/","name":"Sable de tropa 1801 - Sable de caballer\u00eda | R\u00e9plique Manga Cin\u00e9","isPartOf":{"@id":"https:\/\/repliquemangacine.fr\/#website"},"primaryImageOfPage":{"@id":"https:\/\/repliquemangacine.fr\/armes-historiques\/sabre-de-troupe-1801\/#primaryimage"},"image":{"@id":"https:\/\/repliquemangacine.fr\/armes-historiques\/sabre-de-troupe-1801\/#primaryimage"},"thumbnailUrl":"https:\/\/repliquemangacine.fr\/wp-content\/uploads\/2023\/11\/sabre-de-cavalerie-napoleonlamejpg.jpg","datePublished":"2023-11-24T15:39:35+00:00","dateModified":"2026-02-06T14:46:15+00:00","description":"Descubra este magn\u00edfico sable de tropa de 1801 al mejor precio. Hoja de acero. Guarda especial de acero dorado. Vaina de metal.","breadcrumb":{"@id":"https:\/\/repliquemangacine.fr\/armes-historiques\/sabre-de-troupe-1801\/#breadcrumb"},"inLanguage":"es","potentialAction":[{"@type":"ReadAction","target":["https:\/\/repliquemangacine.fr\/armes-historiques\/sabre-de-troupe-1801\/"]}]},{"@type":"ImageObject","inLanguage":"es","@id":"https:\/\/repliquemangacine.fr\/armes-historiques\/sabre-de-troupe-1801\/#primaryimage","url":"https:\/\/repliquemangacine.fr\/wp-content\/uploads\/2023\/11\/sabre-de-cavalerie-napoleonlamejpg.jpg","contentUrl":"https:\/\/repliquemangacine.fr\/wp-content\/uploads\/2023\/11\/sabre-de-cavalerie-napoleonlamejpg.jpg","width":500,"height":500,"caption":"Sabre de Troupe 1801"},{"@type":"BreadcrumbList","@id":"https:\/\/repliquemangacine.fr\/armes-historiques\/sabre-de-troupe-1801\/#breadcrumb","itemListElement":[{"@type":"ListItem","position":1,"name":"Accueil","item":"https:\/\/repliquemangacine.fr\/"},{"@type":"ListItem","position":2,"name":"Produits","item":"https:\/\/repliquemangacine.fr\/boutique\/"},{"@type":"ListItem","position":3,"name":"Sabre de Troupe 1801"}]},{"@type":"WebSite","@id":"https:\/\/repliquemangacine.fr\/#website","url":"https:\/\/repliquemangacine.fr\/","name":"R\u00e9plique Manga Cin\u00e9","description":"","publisher":{"@id":"https:\/\/repliquemangacine.fr\/#organization"},"potentialAction":[{"@type":"SearchAction","target":{"@type":"EntryPoint","urlTemplate":"https:\/\/repliquemangacine.fr\/?s={search_term_string}"},"query-input":{"@type":"PropertyValueSpecification","valueRequired":true,"valueName":"search_term_string"}}],"inLanguage":"es"},{"@type":"Organization","@id":"https:\/\/repliquemangacine.fr\/#organization","name":"R\u00e9plique Manga Cin\u00e9","url":"https:\/\/repliquemangacine.fr\/","logo":{"@type":"ImageObject","inLanguage":"es","@id":"https:\/\/repliquemangacine.fr\/#\/schema\/logo\/image\/","url":"https:\/\/repliquemangacine.fr\/wp-content\/uploads\/2023\/10\/RMC-500250.png","contentUrl":"https:\/\/repliquemangacine.fr\/wp-content\/uploads\/2023\/10\/RMC-500250.png","width":500,"height":250,"caption":"R\u00e9plique Manga Cin\u00e9"},"image":{"@id":"https:\/\/repliquemangacine.fr\/#\/schema\/logo\/image\/"},"sameAs":["https:\/\/www.facebook.com\/RepliqueMangaCine","https:\/\/www.instagram.com\/repliquemangacine.fr\/"]}]}},"_links":{"self":[{"href":"https:\/\/repliquemangacine.fr\/es\/wp-json\/wp\/v2\/product\/65854","targetHints":{"allow":["GET"]}}],"collection":[{"href":"https:\/\/repliquemangacine.fr\/es\/wp-json\/wp\/v2\/product"}],"about":[{"href":"https:\/\/repliquemangacine.fr\/es\/wp-json\/wp\/v2\/types\/product"}],"wp:featuredmedia":[{"embeddable":true,"href":"https:\/\/repliquemangacine.fr\/es\/wp-json\/wp\/v2\/media\/65863"}],"wp:attachment":[{"href":"https:\/\/repliquemangacine.fr\/es\/wp-json\/wp\/v2\/media?parent=65854"}],"wp:term":[{"taxonomy":"product_brand","embeddable":true,"href":"https:\/\/repliquemangacine.fr\/es\/wp-json\/wp\/v2\/product_brand?post=65854"},{"taxonomy":"product_cat","embeddable":true,"href":"https:\/\/repliquemangacine.fr\/es\/wp-json\/wp\/v2\/product_cat?post=65854"},{"taxonomy":"product_tag","embeddable":true,"href":"https:\/\/repliquemangacine.fr\/es\/wp-json\/wp\/v2\/product_tag?post=65854"}],"curies":[{"name":"wp","href":"https:\/\/api.w.org\/{rel}","templated":true}]}}