





{"id":65765,"date":"2023-11-22T12:35:02","date_gmt":"2023-11-22T11:35:02","guid":{"rendered":"https:\/\/repliquemangacine.fr\/?post_type=product&#038;p=65765"},"modified":"2025-11-18T15:53:14","modified_gmt":"2025-11-18T14:53:14","slug":"katana-duncan-highlander","status":"publish","type":"product","link":"https:\/\/repliquemangacine.fr\/es\/repliques-d-armes-films-et-series\/katana-duncan-highlander\/","title":{"rendered":"Katana Duncan Highlander"},"content":{"rendered":"<h2>La Katana de Duncan en Highlander: Un icono de poder<\/h2>\n<p>Para empezar, la katana de Duncan MacLeod, protagonista de la famosa serie \u201cHighlander\u201d, es m\u00e1s que un simple arma.  A menudo se presenta como un s\u00edmbolo de su herencia y su identidad como inmortal. Representa el honor, la tradici\u00f3n y la continuidad de las ense\u00f1anzas de su pueblo.<\/p>\n<p>En \u201c<a href=\"https:\/\/highlander.fandom.com\/fr\/wiki\/Accueil\" target=\"_blank\" rel=\"noopener noreferrer\">Highlander<\/a>\u201c, la katana se utiliza en numerosos combates y es fundamental en la trama. Es un s\u00edmbolo del poder y la destreza en combate de Duncan.<br \/>\nLa serie destaca con frecuencia la importancia del dominio de la espada en la cultura de los Inmortales.<\/p>\n<h3>Una r\u00e9plica para entusiastas<\/h3>\n<p>La katana de Duncan no solo es famosa por su papel en la serie, sino tambi\u00e9n por su dise\u00f1o elegante y preciso.<\/p>\n<p>Esta katana es un tesoro para cualquier coleccionista de la serie. Captura el esp\u00edritu del samur\u00e1i y el aura de misterio de los Inmortales.<\/p>\n<h2>Espadas en Highlander: Armas Legendarias<\/h2>\n<p>La serie \u201cHighlander\u201d no se limita \u00fanicamente a la katana de Duncan MacLeod. En ella aparecen una gran variedad de espadas y katanas, cada una con su propia historia y carisma.<\/p>\n<p>Tomemos el caso de la\u2019<a href=\"https:\/\/repliquemangacine.fr\/es\/espadas-katana-de-peliculas-y-series\/epee-kurgan-highlander\/\">Espada Kurgan<\/a>, destaca por su imponente dise\u00f1o y su aspecto amenazador. Esta arma refleja a la perfecci\u00f3n la naturaleza despiadada y dominante de su personaje.<\/p>\n<p>Tambi\u00e9n existe la<a href=\"https:\/\/repliquemangacine.fr\/es\/espadas-katana-de-peliculas-y-series\/connor-macleod-espada-highlander\/\">La espada de Connor MacLeod<\/a>, una espada escocesa, a menudo representada como una claymore. Simboliza sus ra\u00edces escocesas y su herencia.<\/p>\n<p>Estas armas ilustran la diversidad de culturas y \u00e9pocas representadas en la serie.<\/p>\n<h3>Panorama de espadas hist\u00f3ricas y m\u00edticas<\/h3>\n<p>Las espadas y katanas de Highlander son testimonios del inmenso patrimonio cultural e hist\u00f3rico que la serie pretende representar.<br \/>\nCada hoja tiene su propia personalidad, que refleja las caracter\u00edsticas y la historia de su portador.<\/p>\n<h2>\u00bfC\u00f3mo mantengo la hoja de mi katana Duncan?<\/h2>\n<p>En primer lugar, las katanas de colecci\u00f3n y decorativas se fabrican y ensamblan de forma simplificada. Como su uso es decorativo, no disponen de los elementos de seguridad exigidos a una espada japonesa destinada al entrenamiento. Sin embargo, su <strong>La katana de Duncan en Highlander<\/strong> una hoja de acero que hay que cuidar para evitar que se da\u00f1e con el tiempo. De hecho, vas a exponer tu katana, tus amigos sentir\u00e1n curiosidad por ver la hoja y tocarla.<\/p>\n<p>Aqu\u00ed hay que tener cuidado, hay que destacar que la acidez de los dedos es muy perjudicial para el acero, independientemente de su calidad. Sin embargo, si esto ocurre, no se preocupe, solo necesita un pa\u00f1o humedecido con un poco de aceite y limpiar las huellas dactilares. De esta manera, conservar\u00e1 su espada durante mucho tiempo.<\/p>","protected":false},"excerpt":{"rendered":"<p>Magn\u00edfica r\u00e9plica de la katana de Duncan McLeod en Highlander.<\/p>\n<ul>\n<li>Hoja de acero inoxidable 440<\/li>\n<li>Asa de resina ricamente decorada por ambos lados<\/li>\n<li>Pomo de resina con forma de cabeza de serpiente<\/li>\n<li>Vaina lacada en negro con decoraci\u00f3n dorada en los extremos.<\/li>\n<li>Longitud total: 104 cm<\/li>\n<\/ul>","protected":false},"featured_media":65767,"template":"","meta":[],"product_brand":[896],"product_cat":[91,66,24],"product_tag":[],"class_list":{"0":"post-65765","1":"product","2":"type-product","3":"status-publish","4":"has-post-thumbnail","6":"product_brand-replique-manga-cine","7":"product_cat-katana-les-epees-de-films-et-series","8":"product_cat-repliques-d-armes-films-et-series","9":"product_cat-films-series-tv-vente-de-katana-epee-et-produits-derives","11":"first","12":"instock","13":"taxable","14":"shipping-taxable","15":"purchasable","16":"product-type-simple"},"yoast_head":"<!-- This site is optimized with the Yoast SEO plugin v27.4 - https:\/\/yoast.com\/product\/yoast-seo-wordpress\/ -->\n<title>Katana Duncan Highlander | R\u00e9plique Manga Cin\u00e9<\/title>\n<meta name=\"description\" content=\"D\u00e9couvrez le magnifique Katana de Duncan dans Highlander au meilleur prix. Lame acier. Poign\u00e9e en r\u00e9sine superbement d\u00e9cor\u00e9e. Pommeau t\u00eate de serpent.\" \/>\n<meta name=\"robots\" content=\"index, follow, max-snippet:-1, max-image-preview:large, max-video-preview:-1\" \/>\n<link rel=\"canonical\" href=\"https:\/\/repliquemangacine.fr\/es\/replicas-de-armas-peliculas-y-series\/katana-duncan-highlander\/\" \/>\n<meta property=\"og:locale\" content=\"es_ES\" \/>\n<meta property=\"og:type\" content=\"article\" \/>\n<meta property=\"og:title\" content=\"Katana Duncan Highlander | R\u00e9plique Manga Cin\u00e9\" \/>\n<meta property=\"og:description\" content=\"D\u00e9couvrez le magnifique Katana de Duncan dans Highlander au meilleur prix. Lame acier. Poign\u00e9e en r\u00e9sine superbement d\u00e9cor\u00e9e. Pommeau t\u00eate de serpent.\" \/>\n<meta property=\"og:url\" content=\"https:\/\/repliquemangacine.fr\/es\/replicas-de-armas-peliculas-y-series\/katana-duncan-highlander\/\" \/>\n<meta property=\"og:site_name\" content=\"R\u00e9plique Manga Cin\u00e9\" \/>\n<meta property=\"article:publisher\" content=\"https:\/\/www.facebook.com\/RepliqueMangaCine\" \/>\n<meta property=\"article:modified_time\" content=\"2025-11-18T14:53:14+00:00\" \/>\n<meta property=\"og:image\" content=\"https:\/\/repliquemangacine.fr\/wp-content\/uploads\/2023\/11\/katana-highlander.jpg\" \/>\n\t<meta property=\"og:image:width\" content=\"500\" \/>\n\t<meta property=\"og:image:height\" content=\"500\" \/>\n\t<meta property=\"og:image:type\" content=\"image\/jpeg\" \/>\n<meta name=\"twitter:card\" content=\"summary_large_image\" \/>\n<meta name=\"twitter:label1\" content=\"Tiempo de lectura\" \/>\n\t<meta name=\"twitter:data1\" content=\"3 minutos\" \/>\n<script type=\"application\/ld+json\" class=\"yoast-schema-graph\">{\"@context\":\"https:\\\/\\\/schema.org\",\"@graph\":[{\"@type\":\"WebPage\",\"@id\":\"https:\\\/\\\/repliquemangacine.fr\\\/repliques-d-armes-films-et-series\\\/katana-duncan-highlander\\\/\",\"url\":\"https:\\\/\\\/repliquemangacine.fr\\\/repliques-d-armes-films-et-series\\\/katana-duncan-highlander\\\/\",\"name\":\"Katana Duncan Highlander | R\u00e9plique Manga Cin\u00e9\",\"isPartOf\":{\"@id\":\"https:\\\/\\\/repliquemangacine.fr\\\/#website\"},\"primaryImageOfPage\":{\"@id\":\"https:\\\/\\\/repliquemangacine.fr\\\/repliques-d-armes-films-et-series\\\/katana-duncan-highlander\\\/#primaryimage\"},\"image\":{\"@id\":\"https:\\\/\\\/repliquemangacine.fr\\\/repliques-d-armes-films-et-series\\\/katana-duncan-highlander\\\/#primaryimage\"},\"thumbnailUrl\":\"https:\\\/\\\/repliquemangacine.fr\\\/wp-content\\\/uploads\\\/2023\\\/11\\\/katana-highlander.jpg\",\"datePublished\":\"2023-11-22T11:35:02+00:00\",\"dateModified\":\"2025-11-18T14:53:14+00:00\",\"description\":\"D\u00e9couvrez le magnifique Katana de Duncan dans Highlander au meilleur prix. Lame acier. Poign\u00e9e en r\u00e9sine superbement d\u00e9cor\u00e9e. Pommeau t\u00eate de serpent.\",\"breadcrumb\":{\"@id\":\"https:\\\/\\\/repliquemangacine.fr\\\/repliques-d-armes-films-et-series\\\/katana-duncan-highlander\\\/#breadcrumb\"},\"inLanguage\":\"es\",\"potentialAction\":[{\"@type\":\"ReadAction\",\"target\":[\"https:\\\/\\\/repliquemangacine.fr\\\/repliques-d-armes-films-et-series\\\/katana-duncan-highlander\\\/\"]}]},{\"@type\":\"ImageObject\",\"inLanguage\":\"es\",\"@id\":\"https:\\\/\\\/repliquemangacine.fr\\\/repliques-d-armes-films-et-series\\\/katana-duncan-highlander\\\/#primaryimage\",\"url\":\"https:\\\/\\\/repliquemangacine.fr\\\/wp-content\\\/uploads\\\/2023\\\/11\\\/katana-highlander.jpg\",\"contentUrl\":\"https:\\\/\\\/repliquemangacine.fr\\\/wp-content\\\/uploads\\\/2023\\\/11\\\/katana-highlander.jpg\",\"width\":500,\"height\":500,\"caption\":\"Katana Duncan Highlander\"},{\"@type\":\"BreadcrumbList\",\"@id\":\"https:\\\/\\\/repliquemangacine.fr\\\/repliques-d-armes-films-et-series\\\/katana-duncan-highlander\\\/#breadcrumb\",\"itemListElement\":[{\"@type\":\"ListItem\",\"position\":1,\"name\":\"Accueil\",\"item\":\"https:\\\/\\\/repliquemangacine.fr\\\/\"},{\"@type\":\"ListItem\",\"position\":2,\"name\":\"Produits\",\"item\":\"https:\\\/\\\/repliquemangacine.fr\\\/boutique\\\/\"},{\"@type\":\"ListItem\",\"position\":3,\"name\":\"Katana Duncan Highlander\"}]},{\"@type\":\"WebSite\",\"@id\":\"https:\\\/\\\/repliquemangacine.fr\\\/#website\",\"url\":\"https:\\\/\\\/repliquemangacine.fr\\\/\",\"name\":\"R\u00e9plique Manga Cin\u00e9\",\"description\":\"\",\"publisher\":{\"@id\":\"https:\\\/\\\/repliquemangacine.fr\\\/#organization\"},\"potentialAction\":[{\"@type\":\"SearchAction\",\"target\":{\"@type\":\"EntryPoint\",\"urlTemplate\":\"https:\\\/\\\/repliquemangacine.fr\\\/?s={search_term_string}\"},\"query-input\":{\"@type\":\"PropertyValueSpecification\",\"valueRequired\":true,\"valueName\":\"search_term_string\"}}],\"inLanguage\":\"es\"},{\"@type\":\"Organization\",\"@id\":\"https:\\\/\\\/repliquemangacine.fr\\\/#organization\",\"name\":\"R\u00e9plique Manga Cin\u00e9\",\"url\":\"https:\\\/\\\/repliquemangacine.fr\\\/\",\"logo\":{\"@type\":\"ImageObject\",\"inLanguage\":\"es\",\"@id\":\"https:\\\/\\\/repliquemangacine.fr\\\/#\\\/schema\\\/logo\\\/image\\\/\",\"url\":\"https:\\\/\\\/repliquemangacine.fr\\\/wp-content\\\/uploads\\\/2023\\\/10\\\/RMC-500250.png\",\"contentUrl\":\"https:\\\/\\\/repliquemangacine.fr\\\/wp-content\\\/uploads\\\/2023\\\/10\\\/RMC-500250.png\",\"width\":500,\"height\":250,\"caption\":\"R\u00e9plique Manga Cin\u00e9\"},\"image\":{\"@id\":\"https:\\\/\\\/repliquemangacine.fr\\\/#\\\/schema\\\/logo\\\/image\\\/\"},\"sameAs\":[\"https:\\\/\\\/www.facebook.com\\\/RepliqueMangaCine\",\"https:\\\/\\\/www.instagram.com\\\/repliquemangacine.fr\\\/\"]}]}<\/script>\n<!-- \/ Yoast SEO plugin. -->","yoast_head_json":{"title":"Katana Duncan Highlander | R\u00e9plique Manga Cin\u00e9","description":"Descubre la magn\u00edfica Katana de Duncan en Highlander al mejor precio. Hoja de acero. Empu\u00f1adura de resina magn\u00edficamente decorada. Pomo con cabeza de serpiente.","robots":{"index":"index","follow":"follow","max-snippet":"max-snippet:-1","max-image-preview":"max-image-preview:large","max-video-preview":"max-video-preview:-1"},"canonical":"https:\/\/repliquemangacine.fr\/es\/replicas-de-armas-peliculas-y-series\/katana-duncan-highlander\/","og_locale":"es_ES","og_type":"article","og_title":"Katana Duncan Highlander | R\u00e9plique Manga Cin\u00e9","og_description":"D\u00e9couvrez le magnifique Katana de Duncan dans Highlander au meilleur prix. Lame acier. Poign\u00e9e en r\u00e9sine superbement d\u00e9cor\u00e9e. Pommeau t\u00eate de serpent.","og_url":"https:\/\/repliquemangacine.fr\/es\/replicas-de-armas-peliculas-y-series\/katana-duncan-highlander\/","og_site_name":"R\u00e9plique Manga Cin\u00e9","article_publisher":"https:\/\/www.facebook.com\/RepliqueMangaCine","article_modified_time":"2025-11-18T14:53:14+00:00","og_image":[{"width":500,"height":500,"url":"https:\/\/repliquemangacine.fr\/wp-content\/uploads\/2023\/11\/katana-highlander.jpg","type":"image\/jpeg"}],"twitter_card":"summary_large_image","twitter_misc":{"Tiempo de lectura":"3 minutos"},"schema":{"@context":"https:\/\/schema.org","@graph":[{"@type":"WebPage","@id":"https:\/\/repliquemangacine.fr\/repliques-d-armes-films-et-series\/katana-duncan-highlander\/","url":"https:\/\/repliquemangacine.fr\/repliques-d-armes-films-et-series\/katana-duncan-highlander\/","name":"Katana Duncan Highlander | R\u00e9plique Manga Cin\u00e9","isPartOf":{"@id":"https:\/\/repliquemangacine.fr\/#website"},"primaryImageOfPage":{"@id":"https:\/\/repliquemangacine.fr\/repliques-d-armes-films-et-series\/katana-duncan-highlander\/#primaryimage"},"image":{"@id":"https:\/\/repliquemangacine.fr\/repliques-d-armes-films-et-series\/katana-duncan-highlander\/#primaryimage"},"thumbnailUrl":"https:\/\/repliquemangacine.fr\/wp-content\/uploads\/2023\/11\/katana-highlander.jpg","datePublished":"2023-11-22T11:35:02+00:00","dateModified":"2025-11-18T14:53:14+00:00","description":"Descubre la magn\u00edfica Katana de Duncan en Highlander al mejor precio. Hoja de acero. Empu\u00f1adura de resina magn\u00edficamente decorada. Pomo con cabeza de serpiente.","breadcrumb":{"@id":"https:\/\/repliquemangacine.fr\/repliques-d-armes-films-et-series\/katana-duncan-highlander\/#breadcrumb"},"inLanguage":"es","potentialAction":[{"@type":"ReadAction","target":["https:\/\/repliquemangacine.fr\/repliques-d-armes-films-et-series\/katana-duncan-highlander\/"]}]},{"@type":"ImageObject","inLanguage":"es","@id":"https:\/\/repliquemangacine.fr\/repliques-d-armes-films-et-series\/katana-duncan-highlander\/#primaryimage","url":"https:\/\/repliquemangacine.fr\/wp-content\/uploads\/2023\/11\/katana-highlander.jpg","contentUrl":"https:\/\/repliquemangacine.fr\/wp-content\/uploads\/2023\/11\/katana-highlander.jpg","width":500,"height":500,"caption":"Katana Duncan Highlander"},{"@type":"BreadcrumbList","@id":"https:\/\/repliquemangacine.fr\/repliques-d-armes-films-et-series\/katana-duncan-highlander\/#breadcrumb","itemListElement":[{"@type":"ListItem","position":1,"name":"Accueil","item":"https:\/\/repliquemangacine.fr\/"},{"@type":"ListItem","position":2,"name":"Produits","item":"https:\/\/repliquemangacine.fr\/boutique\/"},{"@type":"ListItem","position":3,"name":"Katana Duncan Highlander"}]},{"@type":"WebSite","@id":"https:\/\/repliquemangacine.fr\/#website","url":"https:\/\/repliquemangacine.fr\/","name":"R\u00e9plique Manga Cin\u00e9","description":"","publisher":{"@id":"https:\/\/repliquemangacine.fr\/#organization"},"potentialAction":[{"@type":"SearchAction","target":{"@type":"EntryPoint","urlTemplate":"https:\/\/repliquemangacine.fr\/?s={search_term_string}"},"query-input":{"@type":"PropertyValueSpecification","valueRequired":true,"valueName":"search_term_string"}}],"inLanguage":"es"},{"@type":"Organization","@id":"https:\/\/repliquemangacine.fr\/#organization","name":"R\u00e9plique Manga Cin\u00e9","url":"https:\/\/repliquemangacine.fr\/","logo":{"@type":"ImageObject","inLanguage":"es","@id":"https:\/\/repliquemangacine.fr\/#\/schema\/logo\/image\/","url":"https:\/\/repliquemangacine.fr\/wp-content\/uploads\/2023\/10\/RMC-500250.png","contentUrl":"https:\/\/repliquemangacine.fr\/wp-content\/uploads\/2023\/10\/RMC-500250.png","width":500,"height":250,"caption":"R\u00e9plique Manga Cin\u00e9"},"image":{"@id":"https:\/\/repliquemangacine.fr\/#\/schema\/logo\/image\/"},"sameAs":["https:\/\/www.facebook.com\/RepliqueMangaCine","https:\/\/www.instagram.com\/repliquemangacine.fr\/"]}]}},"_links":{"self":[{"href":"https:\/\/repliquemangacine.fr\/es\/wp-json\/wp\/v2\/product\/65765","targetHints":{"allow":["GET"]}}],"collection":[{"href":"https:\/\/repliquemangacine.fr\/es\/wp-json\/wp\/v2\/product"}],"about":[{"href":"https:\/\/repliquemangacine.fr\/es\/wp-json\/wp\/v2\/types\/product"}],"wp:featuredmedia":[{"embeddable":true,"href":"https:\/\/repliquemangacine.fr\/es\/wp-json\/wp\/v2\/media\/65767"}],"wp:attachment":[{"href":"https:\/\/repliquemangacine.fr\/es\/wp-json\/wp\/v2\/media?parent=65765"}],"wp:term":[{"taxonomy":"product_brand","embeddable":true,"href":"https:\/\/repliquemangacine.fr\/es\/wp-json\/wp\/v2\/product_brand?post=65765"},{"taxonomy":"product_cat","embeddable":true,"href":"https:\/\/repliquemangacine.fr\/es\/wp-json\/wp\/v2\/product_cat?post=65765"},{"taxonomy":"product_tag","embeddable":true,"href":"https:\/\/repliquemangacine.fr\/es\/wp-json\/wp\/v2\/product_tag?post=65765"}],"curies":[{"name":"wp","href":"https:\/\/api.w.org\/{rel}","templated":true}]}}