





{"id":65741,"date":"2023-11-21T18:20:35","date_gmt":"2023-11-21T17:20:35","guid":{"rendered":"https:\/\/repliquemangacine.fr\/?post_type=product&#038;p=65741"},"modified":"2025-12-30T21:14:10","modified_gmt":"2025-12-30T20:14:10","slug":"espada-heartsbane-juego-de-tronos","status":"publish","type":"product","link":"https:\/\/repliquemangacine.fr\/es\/game-of-thrones\/epee-heartsbane-game-of-thrones\/","title":{"rendered":"Espada Heartsbane Juego de Tronos"},"content":{"rendered":"<h2>La espada Heartsbane en Juego de Tronos<\/h2>\n<p>En primer lugar, el<strong>Espada Heartsbane<\/strong>o <a href=\"https:\/\/gameofthrones.fandom.com\/fr\/wiki\/Corvenin\" target=\"_blank\" rel=\"noopener noreferrer\">Corvenin<\/a> en franc\u00e9s, ocupa un lugar destacado en el universo de \u201cJuego de Tronos\u201d. Esta espada ancestral, s\u00edmbolo de la casa Tarly, est\u00e1 forjada en acero valyrio, un material raro y extremadamente resistente.<\/p>\n<p>Durante siglos, Corvenin perteneci\u00f3 a la casa Tarly. Presid\u00eda la chimenea de la residencia familiar antes de que Samwell la robara. Se la regal\u00f3 a Jorah Mormont para que la utilizara durante la batalla contra los Caminantes Blancos.<\/p>\n<h3>S\u00edmbolo de poder y tradici\u00f3n<\/h3>\n<p>En la serie, Heartsbane representa mucho m\u00e1s que un simple arma. Encarna el orgullo y el honor de la casa Tarly, pasando de generaci\u00f3n en generaci\u00f3n.<\/p>\n<p>Su presencia en la serie subraya la importancia del legado y el poder en las grandes casas de Poniente.<\/p>\n<h2>Espadas de Juego de Tronos a precios asequibles<\/h2>\n<p>R\u00e9plique Manga Cin\u00e9 presenta una atractiva colecci\u00f3n de espadas de \u201cJuego de Tronos\u201d, que combina calidad y precios competitivos. Esta selecci\u00f3n es ideal para los aficionados que buscan autenticidad y accesibilidad.<\/p>\n<p>Nuestra gama incluye piezas emblem\u00e1ticas como el\u2019<a href=\"https:\/\/repliquemangacine.fr\/es\/espadas-de-juego-de-tronos\/espada-aguja-arya-stark-juego-de-tronos\/\">Espada Aguja de Arya<\/a> Stark, la famosa Guardiana del Juramento de Brienne de Tarth y, por supuesto, el famoso <a href=\"https:\/\/repliquemangacine.fr\/es\/espadas-de-juego-de-tronos\/jon-snow-espada-grande-juego-de-tronos-etiqueta\/\">La espada de Jon Nieve Grand-Griffe<\/a>.<\/p>\n<h3>Calidad y precisi\u00f3n de la r\u00e9plica<\/h3>\n<p>Fabricadas con los mejores materiales, estas espadas no solo son objetos de colecci\u00f3n, sino aut\u00e9nticas joyas para los fans de la serie. Su meticulosa fabricaci\u00f3n garantiza la fidelidad a los detalles que se ven en la serie, con grabados complejos y acabados de alta calidad.<\/p>\n<p>En RMC, nos enorgullece ofrecer estas espadas ic\u00f3nicas a precios asequibles. De este modo, los aficionados a \u201cJuego de Tronos\u201d pueden tener un pedazo de su serie favorita sin renunciar a la calidad.<\/p>\n<h2>\u00bfC\u00f3mo mantengo la hoja de mi espada Heartsbane?<\/h2>\n<p>En primer lugar, espadas de coleccionista y decorativas, fabricadas y ensambladas de forma simplificada. Como su uso es decorativo, no cuentan con los elementos de seguridad exigidos a una espada japonesa destinada al entrenamiento. Sin embargo, su <strong>Espada Heartsbane<\/strong> En Juego de Tronos, una espada de acero que hay que cuidar para evitar que se estropee con el tiempo.<\/p>\n<p>De hecho, cuando exponga su espada, sus amigos sentir\u00e1n curiosidad por ver la hoja y tocarla. Ah\u00ed es donde hay que tener cuidado. Cabe destacar que la acidez de los dedos es muy perjudicial para el acero, independientemente de su calidad.<\/p>\n<p>Sin embargo, si esto ocurre, no se preocupe, solo tiene que humedecer un pa\u00f1o con un poco de aceite y limpiar las huellas dactilares. De esta forma, conservar\u00e1 su espada durante mucho tiempo.<\/p>","protected":false},"excerpt":{"rendered":"<p>Magn\u00edfica r\u00e9plica de la espada Heartsbane de la Casa Tarly en Juego de Tronos<\/p>\n<ul>\n<li>Hoja de acero inoxidable con ranura<\/li>\n<li>Guarda de acero con funici\u00f3n de bronce, finamente decorada con los dos arqueros<\/li>\n<li>Pomo de acero macizo acabado en bronce<\/li>\n<li>Mango de madera<\/li>\n<li>Se entrega con una placa de pared de madera con un arquero.<\/li>\n<li>Longitud de la hoja 82 cm - Longitud total: 107 cm<\/li>\n<li>Peso : 1875 gr<\/li>\n<\/ul>","protected":false},"featured_media":75704,"template":"","meta":[],"product_brand":[896],"product_cat":[72,47],"product_tag":[],"class_list":{"0":"post-65741","1":"product","2":"type-product","3":"status-publish","4":"has-post-thumbnail","6":"product_brand-replique-manga-cine","7":"product_cat-epees-game-of-thrones","8":"product_cat-game-of-thrones","10":"first","11":"instock","12":"sale","13":"taxable","14":"shipping-taxable","15":"purchasable","16":"product-type-simple"},"yoast_head":"<!-- This site is optimized with the Yoast SEO plugin v27.4 - https:\/\/yoast.com\/product\/yoast-seo-wordpress\/ -->\n<title>\u00c9p\u00e9e Heartsbane Game of Thrones | R\u00e9plique Manga Cin\u00e9<\/title>\n<meta name=\"description\" content=\"D\u00e9couvrez cette superbe r\u00e9plique de l&#039;\u00c9p\u00e9e Heartsbane dans Game of Thrones au meilleur prix. Lame en acier. Garde en m\u00e9tal finement d\u00e9cor\u00e9e. L. 120 cm\" \/>\n<meta name=\"robots\" content=\"index, follow, max-snippet:-1, max-image-preview:large, max-video-preview:-1\" \/>\n<link rel=\"canonical\" href=\"https:\/\/repliquemangacine.fr\/es\/juego-de-tronos\/espada-heartsbane-juego-de-tronos\/\" \/>\n<meta property=\"og:locale\" content=\"es_ES\" \/>\n<meta property=\"og:type\" content=\"article\" \/>\n<meta property=\"og:title\" content=\"\u00c9p\u00e9e Heartsbane Game of Thrones | R\u00e9plique Manga Cin\u00e9\" \/>\n<meta property=\"og:description\" content=\"D\u00e9couvrez cette superbe r\u00e9plique de l&#039;\u00c9p\u00e9e Heartsbane dans Game of Thrones au meilleur prix. Lame en acier. Garde en m\u00e9tal finement d\u00e9cor\u00e9e. L. 120 cm\" \/>\n<meta property=\"og:url\" content=\"https:\/\/repliquemangacine.fr\/es\/juego-de-tronos\/espada-heartsbane-juego-de-tronos\/\" \/>\n<meta property=\"og:site_name\" content=\"R\u00e9plique Manga Cin\u00e9\" \/>\n<meta property=\"article:publisher\" content=\"https:\/\/www.facebook.com\/RepliqueMangaCine\" \/>\n<meta property=\"article:modified_time\" content=\"2025-12-30T20:14:10+00:00\" \/>\n<meta property=\"og:image\" content=\"https:\/\/repliquemangacine.fr\/wp-content\/uploads\/2023\/11\/epee-tally.jpg\" \/>\n\t<meta property=\"og:image:width\" content=\"500\" \/>\n\t<meta property=\"og:image:height\" content=\"500\" \/>\n\t<meta property=\"og:image:type\" content=\"image\/jpeg\" \/>\n<meta name=\"twitter:card\" content=\"summary_large_image\" \/>\n<meta name=\"twitter:label1\" content=\"Tiempo de lectura\" \/>\n\t<meta name=\"twitter:data1\" content=\"3 minutos\" \/>\n<script type=\"application\/ld+json\" class=\"yoast-schema-graph\">{\"@context\":\"https:\\\/\\\/schema.org\",\"@graph\":[{\"@type\":\"WebPage\",\"@id\":\"https:\\\/\\\/repliquemangacine.fr\\\/game-of-thrones\\\/epee-heartsbane-game-of-thrones\\\/\",\"url\":\"https:\\\/\\\/repliquemangacine.fr\\\/game-of-thrones\\\/epee-heartsbane-game-of-thrones\\\/\",\"name\":\"\u00c9p\u00e9e Heartsbane Game of Thrones | R\u00e9plique Manga Cin\u00e9\",\"isPartOf\":{\"@id\":\"https:\\\/\\\/repliquemangacine.fr\\\/#website\"},\"primaryImageOfPage\":{\"@id\":\"https:\\\/\\\/repliquemangacine.fr\\\/game-of-thrones\\\/epee-heartsbane-game-of-thrones\\\/#primaryimage\"},\"image\":{\"@id\":\"https:\\\/\\\/repliquemangacine.fr\\\/game-of-thrones\\\/epee-heartsbane-game-of-thrones\\\/#primaryimage\"},\"thumbnailUrl\":\"https:\\\/\\\/repliquemangacine.fr\\\/wp-content\\\/uploads\\\/2023\\\/11\\\/epee-tally.jpg\",\"datePublished\":\"2023-11-21T17:20:35+00:00\",\"dateModified\":\"2025-12-30T20:14:10+00:00\",\"description\":\"D\u00e9couvrez cette superbe r\u00e9plique de l'\u00c9p\u00e9e Heartsbane dans Game of Thrones au meilleur prix. Lame en acier. Garde en m\u00e9tal finement d\u00e9cor\u00e9e. L. 120 cm\",\"breadcrumb\":{\"@id\":\"https:\\\/\\\/repliquemangacine.fr\\\/game-of-thrones\\\/epee-heartsbane-game-of-thrones\\\/#breadcrumb\"},\"inLanguage\":\"es\",\"potentialAction\":[{\"@type\":\"ReadAction\",\"target\":[\"https:\\\/\\\/repliquemangacine.fr\\\/game-of-thrones\\\/epee-heartsbane-game-of-thrones\\\/\"]}]},{\"@type\":\"ImageObject\",\"inLanguage\":\"es\",\"@id\":\"https:\\\/\\\/repliquemangacine.fr\\\/game-of-thrones\\\/epee-heartsbane-game-of-thrones\\\/#primaryimage\",\"url\":\"https:\\\/\\\/repliquemangacine.fr\\\/wp-content\\\/uploads\\\/2023\\\/11\\\/epee-tally.jpg\",\"contentUrl\":\"https:\\\/\\\/repliquemangacine.fr\\\/wp-content\\\/uploads\\\/2023\\\/11\\\/epee-tally.jpg\",\"width\":500,\"height\":500,\"caption\":\"\u00c9p\u00e9e Heartsbane Game of Thrones Maison Tarly\"},{\"@type\":\"BreadcrumbList\",\"@id\":\"https:\\\/\\\/repliquemangacine.fr\\\/game-of-thrones\\\/epee-heartsbane-game-of-thrones\\\/#breadcrumb\",\"itemListElement\":[{\"@type\":\"ListItem\",\"position\":1,\"name\":\"Accueil\",\"item\":\"https:\\\/\\\/repliquemangacine.fr\\\/\"},{\"@type\":\"ListItem\",\"position\":2,\"name\":\"Produits\",\"item\":\"https:\\\/\\\/repliquemangacine.fr\\\/boutique\\\/\"},{\"@type\":\"ListItem\",\"position\":3,\"name\":\"\u00c9p\u00e9e Heartsbane Game of Thrones\"}]},{\"@type\":\"WebSite\",\"@id\":\"https:\\\/\\\/repliquemangacine.fr\\\/#website\",\"url\":\"https:\\\/\\\/repliquemangacine.fr\\\/\",\"name\":\"R\u00e9plique Manga Cin\u00e9\",\"description\":\"\",\"publisher\":{\"@id\":\"https:\\\/\\\/repliquemangacine.fr\\\/#organization\"},\"potentialAction\":[{\"@type\":\"SearchAction\",\"target\":{\"@type\":\"EntryPoint\",\"urlTemplate\":\"https:\\\/\\\/repliquemangacine.fr\\\/?s={search_term_string}\"},\"query-input\":{\"@type\":\"PropertyValueSpecification\",\"valueRequired\":true,\"valueName\":\"search_term_string\"}}],\"inLanguage\":\"es\"},{\"@type\":\"Organization\",\"@id\":\"https:\\\/\\\/repliquemangacine.fr\\\/#organization\",\"name\":\"R\u00e9plique Manga Cin\u00e9\",\"url\":\"https:\\\/\\\/repliquemangacine.fr\\\/\",\"logo\":{\"@type\":\"ImageObject\",\"inLanguage\":\"es\",\"@id\":\"https:\\\/\\\/repliquemangacine.fr\\\/#\\\/schema\\\/logo\\\/image\\\/\",\"url\":\"https:\\\/\\\/repliquemangacine.fr\\\/wp-content\\\/uploads\\\/2023\\\/10\\\/RMC-500250.png\",\"contentUrl\":\"https:\\\/\\\/repliquemangacine.fr\\\/wp-content\\\/uploads\\\/2023\\\/10\\\/RMC-500250.png\",\"width\":500,\"height\":250,\"caption\":\"R\u00e9plique Manga Cin\u00e9\"},\"image\":{\"@id\":\"https:\\\/\\\/repliquemangacine.fr\\\/#\\\/schema\\\/logo\\\/image\\\/\"},\"sameAs\":[\"https:\\\/\\\/www.facebook.com\\\/RepliqueMangaCine\",\"https:\\\/\\\/www.instagram.com\\\/repliquemangacine.fr\\\/\"]}]}<\/script>\n<!-- \/ Yoast SEO plugin. -->","yoast_head_json":{"title":"Espada Heartsbane Juego de Tronos | R\u00e9plique Manga Cin\u00e9","description":"Descubre esta magn\u00edfica r\u00e9plica de la espada Heartsbane de Juego de Tronos al mejor precio. Hoja de acero. Guarda de metal finamente decorada. Longitud 120 cm","robots":{"index":"index","follow":"follow","max-snippet":"max-snippet:-1","max-image-preview":"max-image-preview:large","max-video-preview":"max-video-preview:-1"},"canonical":"https:\/\/repliquemangacine.fr\/es\/juego-de-tronos\/espada-heartsbane-juego-de-tronos\/","og_locale":"es_ES","og_type":"article","og_title":"\u00c9p\u00e9e Heartsbane Game of Thrones | R\u00e9plique Manga Cin\u00e9","og_description":"D\u00e9couvrez cette superbe r\u00e9plique de l'\u00c9p\u00e9e Heartsbane dans Game of Thrones au meilleur prix. Lame en acier. Garde en m\u00e9tal finement d\u00e9cor\u00e9e. L. 120 cm","og_url":"https:\/\/repliquemangacine.fr\/es\/juego-de-tronos\/espada-heartsbane-juego-de-tronos\/","og_site_name":"R\u00e9plique Manga Cin\u00e9","article_publisher":"https:\/\/www.facebook.com\/RepliqueMangaCine","article_modified_time":"2025-12-30T20:14:10+00:00","og_image":[{"width":500,"height":500,"url":"https:\/\/repliquemangacine.fr\/wp-content\/uploads\/2023\/11\/epee-tally.jpg","type":"image\/jpeg"}],"twitter_card":"summary_large_image","twitter_misc":{"Tiempo de lectura":"3 minutos"},"schema":{"@context":"https:\/\/schema.org","@graph":[{"@type":"WebPage","@id":"https:\/\/repliquemangacine.fr\/game-of-thrones\/epee-heartsbane-game-of-thrones\/","url":"https:\/\/repliquemangacine.fr\/game-of-thrones\/epee-heartsbane-game-of-thrones\/","name":"Espada Heartsbane Juego de Tronos | R\u00e9plique Manga Cin\u00e9","isPartOf":{"@id":"https:\/\/repliquemangacine.fr\/#website"},"primaryImageOfPage":{"@id":"https:\/\/repliquemangacine.fr\/game-of-thrones\/epee-heartsbane-game-of-thrones\/#primaryimage"},"image":{"@id":"https:\/\/repliquemangacine.fr\/game-of-thrones\/epee-heartsbane-game-of-thrones\/#primaryimage"},"thumbnailUrl":"https:\/\/repliquemangacine.fr\/wp-content\/uploads\/2023\/11\/epee-tally.jpg","datePublished":"2023-11-21T17:20:35+00:00","dateModified":"2025-12-30T20:14:10+00:00","description":"Descubre esta magn\u00edfica r\u00e9plica de la espada Heartsbane de Juego de Tronos al mejor precio. Hoja de acero. Guarda de metal finamente decorada. Longitud 120 cm","breadcrumb":{"@id":"https:\/\/repliquemangacine.fr\/game-of-thrones\/epee-heartsbane-game-of-thrones\/#breadcrumb"},"inLanguage":"es","potentialAction":[{"@type":"ReadAction","target":["https:\/\/repliquemangacine.fr\/game-of-thrones\/epee-heartsbane-game-of-thrones\/"]}]},{"@type":"ImageObject","inLanguage":"es","@id":"https:\/\/repliquemangacine.fr\/game-of-thrones\/epee-heartsbane-game-of-thrones\/#primaryimage","url":"https:\/\/repliquemangacine.fr\/wp-content\/uploads\/2023\/11\/epee-tally.jpg","contentUrl":"https:\/\/repliquemangacine.fr\/wp-content\/uploads\/2023\/11\/epee-tally.jpg","width":500,"height":500,"caption":"\u00c9p\u00e9e Heartsbane Game of Thrones Maison Tarly"},{"@type":"BreadcrumbList","@id":"https:\/\/repliquemangacine.fr\/game-of-thrones\/epee-heartsbane-game-of-thrones\/#breadcrumb","itemListElement":[{"@type":"ListItem","position":1,"name":"Accueil","item":"https:\/\/repliquemangacine.fr\/"},{"@type":"ListItem","position":2,"name":"Produits","item":"https:\/\/repliquemangacine.fr\/boutique\/"},{"@type":"ListItem","position":3,"name":"\u00c9p\u00e9e Heartsbane Game of Thrones"}]},{"@type":"WebSite","@id":"https:\/\/repliquemangacine.fr\/#website","url":"https:\/\/repliquemangacine.fr\/","name":"R\u00e9plique Manga Cin\u00e9","description":"","publisher":{"@id":"https:\/\/repliquemangacine.fr\/#organization"},"potentialAction":[{"@type":"SearchAction","target":{"@type":"EntryPoint","urlTemplate":"https:\/\/repliquemangacine.fr\/?s={search_term_string}"},"query-input":{"@type":"PropertyValueSpecification","valueRequired":true,"valueName":"search_term_string"}}],"inLanguage":"es"},{"@type":"Organization","@id":"https:\/\/repliquemangacine.fr\/#organization","name":"R\u00e9plique Manga Cin\u00e9","url":"https:\/\/repliquemangacine.fr\/","logo":{"@type":"ImageObject","inLanguage":"es","@id":"https:\/\/repliquemangacine.fr\/#\/schema\/logo\/image\/","url":"https:\/\/repliquemangacine.fr\/wp-content\/uploads\/2023\/10\/RMC-500250.png","contentUrl":"https:\/\/repliquemangacine.fr\/wp-content\/uploads\/2023\/10\/RMC-500250.png","width":500,"height":250,"caption":"R\u00e9plique Manga Cin\u00e9"},"image":{"@id":"https:\/\/repliquemangacine.fr\/#\/schema\/logo\/image\/"},"sameAs":["https:\/\/www.facebook.com\/RepliqueMangaCine","https:\/\/www.instagram.com\/repliquemangacine.fr\/"]}]}},"_links":{"self":[{"href":"https:\/\/repliquemangacine.fr\/es\/wp-json\/wp\/v2\/product\/65741","targetHints":{"allow":["GET"]}}],"collection":[{"href":"https:\/\/repliquemangacine.fr\/es\/wp-json\/wp\/v2\/product"}],"about":[{"href":"https:\/\/repliquemangacine.fr\/es\/wp-json\/wp\/v2\/types\/product"}],"wp:featuredmedia":[{"embeddable":true,"href":"https:\/\/repliquemangacine.fr\/es\/wp-json\/wp\/v2\/media\/75704"}],"wp:attachment":[{"href":"https:\/\/repliquemangacine.fr\/es\/wp-json\/wp\/v2\/media?parent=65741"}],"wp:term":[{"taxonomy":"product_brand","embeddable":true,"href":"https:\/\/repliquemangacine.fr\/es\/wp-json\/wp\/v2\/product_brand?post=65741"},{"taxonomy":"product_cat","embeddable":true,"href":"https:\/\/repliquemangacine.fr\/es\/wp-json\/wp\/v2\/product_cat?post=65741"},{"taxonomy":"product_tag","embeddable":true,"href":"https:\/\/repliquemangacine.fr\/es\/wp-json\/wp\/v2\/product_tag?post=65741"}],"curies":[{"name":"wp","href":"https:\/\/api.w.org\/{rel}","templated":true}]}}