





{"id":65673,"date":"2023-11-20T17:49:36","date_gmt":"2023-11-20T16:49:36","guid":{"rendered":"https:\/\/repliquemangacine.fr\/?post_type=product&#038;p=65673"},"modified":"2025-11-27T11:41:23","modified_gmt":"2025-11-27T10:41:23","slug":"excalibur-espada-legendaria","status":"publish","type":"product","link":"https:\/\/repliquemangacine.fr\/es\/armes-historiques\/excalibur-epee-legendaire\/","title":{"rendered":"Espada legendaria Excalibur"},"content":{"rendered":"<h2>Excalibur, la espada legendaria de la mitolog\u00eda<\/h2>\n<p>Lo primero y m\u00e1s importante, <strong>Excalibur, la espada legendaria<\/strong>, encarna una parte esencial de la mitolog\u00eda art\u00farica, rodeada de misterios y leyendas.<\/p>\n<p>Esta espada legendaria, a menudo asociada al rey Arturo, simboliza la realeza y el valor inquebrantable. Seg\u00fan la leyenda, solo el verdadero rey de Inglaterra pod\u00eda sacar Excalibur de su roca.<br \/>\no del yunque, seg\u00fan las versiones de la historia.<\/p>\n<p>Esta haza\u00f1a, realizada por Arturo, marc\u00f3 el comienzo de su legendario reinado y de sus aventuras con los Caballeros de la Mesa Redonda.<\/p>\n<h3>La magia y el poder de Excalibur<\/h3>\n<p>La magia de Excalibur reside en su poder curativo y su resistencia invencible en combate. Forjada en la m\u00edstica isla de Avalon, se dec\u00eda que pose\u00eda poderes m\u00e1gicos.<br \/>\ny una fuerza sin igual.<\/p>\n<p>La escena de la entrega de\u2019<a href=\"https:\/\/www.worldhistory.org\/trans\/fr\/1-16022\/excalibur\/\" target=\"_blank\" rel=\"noopener noreferrer\">Excalibur<\/a> al joven Arturo por la Dama del Lago es un momento emblem\u00e1tico de la literatura medieval.<\/p>\n<h2>Relaci\u00f3n calidad-precio excepcional en R\u00e9plique Manga Cin\u00e9<\/h2>\n<p>En RMC, la relaci\u00f3n calidad-precio de nuestras espadas hist\u00f3ricas y r\u00e9plicas de mangas y pel\u00edculas es inigualable. Entendemos la importancia de proporcionar a nuestros clientes<br \/>\nproductos que no solo capturan la esencia y los minuciosos detalles de las obras originales, sino que tambi\u00e9n son accesibles y asequibles.<\/p>\n<p>Nuestra colecci\u00f3n de espadas hist\u00f3ricas, que abarca desde <a href=\"https:\/\/repliquemangacine.fr\/es\/espadas-espada-antigua\/\">espadas antiguas<\/a> en <a href=\"https:\/\/repliquemangacine.fr\/es\/espada-templaria-medieval\/\">espadas medievales<\/a>cuidadosamente seleccionados para garantizar una calidad y un precio ejemplares.<\/p>\n<h3>Fidelidad hist\u00f3rica y art\u00edstica a precios asequibles<\/h3>\n<p>Los aficionados al manga y al cine se merecen lo mejor. Por eso, en R\u00e9plique Manga Cin\u00e9, cada art\u00edculo de nuestro cat\u00e1logo, ya sea el <a href=\"https:\/\/repliquemangacine.fr\/es\/katana-de-acero-kimetsu-no-yaiba-metal-katana-demon-slayer\/katana-tanjiro-kamado-demon-slayer\/\">La katana de Tanjiro<\/a> en Demon Slayer o una r\u00e9plica de un arma ic\u00f3nica del cine, est\u00e1 hecha con pasi\u00f3n y dedicaci\u00f3n. D\u00e9jate transportar al fant\u00e1stico mundo de tus h\u00e9roes favoritos.<\/p>\n<h2>\u00bfC\u00f3mo se mantiene la hoja de Excalibur, la espada legendaria?<\/h2>\n<p>En primer lugar, las katanas de colecci\u00f3n y decorativas, fabricadas y ensambladas de forma simplificada. Al ser de uso decorativo, no cuentan con los elementos de seguridad necesarios para una espada japonesa destinada al entrenamiento.<\/p>\n<p>Sin embargo, su <strong>Espada legendaria Excalibur<\/strong> una hoja de acero que hay que cuidar para evitar que se da\u00f1e con el tiempo. De hecho, vas a exponer tu katana, tus amigos sentir\u00e1n curiosidad por ver la hoja y tocarla.<\/p>\n<p>Aqu\u00ed hay que tener cuidado, hay que destacar que la acidez de los dedos es muy perjudicial para el acero, independientemente de su calidad. Sin embargo, si esto ocurre, no se preocupe, solo necesita un pa\u00f1o humedecido con un poco de aceite y limpiar las huellas dactilares. De esta manera, conservar\u00e1 su espada durante mucho tiempo.<\/p>","protected":false},"excerpt":{"rendered":"<p>Magn\u00edfica r\u00e9plica de la legendaria espada Excalibur<\/p>\n<ul>\n<li>Hoja de acero inoxidable con ranura central<\/li>\n<li>Guarda de acero finamente decorada<\/li>\n<li>Pomo de acero macizo con perla de resina roja<\/li>\n<li>Asa revestida de polipiel<\/li>\n<li>Se entrega con placa mural decorada<\/li>\n<li>Longitud total: 100 cm<\/li>\n<\/ul>","protected":false},"featured_media":65674,"template":"","meta":[],"product_brand":[896],"product_cat":[25,84],"product_tag":[],"class_list":{"0":"post-65673","1":"product","2":"type-product","3":"status-publish","4":"has-post-thumbnail","6":"product_brand-replique-manga-cine","7":"product_cat-armes-historiques","8":"product_cat-epee-templier-medievale","10":"first","11":"instock","12":"taxable","13":"shipping-taxable","14":"purchasable","15":"product-type-simple"},"yoast_head":"<!-- This site is optimized with the Yoast SEO plugin v27.4 - https:\/\/yoast.com\/product\/yoast-seo-wordpress\/ -->\n<title>Excalibur \u00e9p\u00e9e l\u00e9gendaire - Vente Ep\u00e9es historiques | R\u00e9plique Manga Cin\u00e9<\/title>\n<meta name=\"description\" content=\"D\u00e9couvrez la nouvelle Excalibur \u00e9p\u00e9e l\u00e9gendaire au meilleur prix. Cette r\u00e9plique s&#039;inspire de celle de Windlass. Lame acier inox. Garde en acier. 100 cm\" \/>\n<meta name=\"robots\" content=\"index, follow, max-snippet:-1, max-image-preview:large, max-video-preview:-1\" \/>\n<link rel=\"canonical\" href=\"https:\/\/repliquemangacine.fr\/es\/armas-historicas\/excalibur-espada-legendaria\/\" \/>\n<meta property=\"og:locale\" content=\"es_ES\" \/>\n<meta property=\"og:type\" content=\"article\" \/>\n<meta property=\"og:title\" content=\"Excalibur \u00e9p\u00e9e l\u00e9gendaire - Vente Ep\u00e9es historiques | R\u00e9plique Manga Cin\u00e9\" \/>\n<meta property=\"og:description\" content=\"D\u00e9couvrez la nouvelle Excalibur \u00e9p\u00e9e l\u00e9gendaire au meilleur prix. Cette r\u00e9plique s&#039;inspire de celle de Windlass. Lame acier inox. Garde en acier. 100 cm\" \/>\n<meta property=\"og:url\" content=\"https:\/\/repliquemangacine.fr\/es\/armas-historicas\/excalibur-espada-legendaria\/\" \/>\n<meta property=\"og:site_name\" content=\"R\u00e9plique Manga Cin\u00e9\" \/>\n<meta property=\"article:publisher\" content=\"https:\/\/www.facebook.com\/RepliqueMangaCine\" \/>\n<meta property=\"article:modified_time\" content=\"2025-11-27T10:41:23+00:00\" \/>\n<meta property=\"og:image\" content=\"https:\/\/repliquemangacine.fr\/wp-content\/uploads\/2023\/11\/epee-excalibur.jpg\" \/>\n\t<meta property=\"og:image:width\" content=\"500\" \/>\n\t<meta property=\"og:image:height\" content=\"500\" \/>\n\t<meta property=\"og:image:type\" content=\"image\/jpeg\" \/>\n<meta name=\"twitter:card\" content=\"summary_large_image\" \/>\n<meta name=\"twitter:label1\" content=\"Tiempo de lectura\" \/>\n\t<meta name=\"twitter:data1\" content=\"3 minutos\" \/>\n<script type=\"application\/ld+json\" class=\"yoast-schema-graph\">{\"@context\":\"https:\\\/\\\/schema.org\",\"@graph\":[{\"@type\":\"WebPage\",\"@id\":\"https:\\\/\\\/repliquemangacine.fr\\\/armes-historiques\\\/excalibur-epee-legendaire\\\/\",\"url\":\"https:\\\/\\\/repliquemangacine.fr\\\/armes-historiques\\\/excalibur-epee-legendaire\\\/\",\"name\":\"Excalibur \u00e9p\u00e9e l\u00e9gendaire - Vente Ep\u00e9es historiques | R\u00e9plique Manga Cin\u00e9\",\"isPartOf\":{\"@id\":\"https:\\\/\\\/repliquemangacine.fr\\\/#website\"},\"primaryImageOfPage\":{\"@id\":\"https:\\\/\\\/repliquemangacine.fr\\\/armes-historiques\\\/excalibur-epee-legendaire\\\/#primaryimage\"},\"image\":{\"@id\":\"https:\\\/\\\/repliquemangacine.fr\\\/armes-historiques\\\/excalibur-epee-legendaire\\\/#primaryimage\"},\"thumbnailUrl\":\"https:\\\/\\\/repliquemangacine.fr\\\/wp-content\\\/uploads\\\/2023\\\/11\\\/epee-excalibur.jpg\",\"datePublished\":\"2023-11-20T16:49:36+00:00\",\"dateModified\":\"2025-11-27T10:41:23+00:00\",\"description\":\"D\u00e9couvrez la nouvelle Excalibur \u00e9p\u00e9e l\u00e9gendaire au meilleur prix. Cette r\u00e9plique s'inspire de celle de Windlass. Lame acier inox. Garde en acier. 100 cm\",\"breadcrumb\":{\"@id\":\"https:\\\/\\\/repliquemangacine.fr\\\/armes-historiques\\\/excalibur-epee-legendaire\\\/#breadcrumb\"},\"inLanguage\":\"es\",\"potentialAction\":[{\"@type\":\"ReadAction\",\"target\":[\"https:\\\/\\\/repliquemangacine.fr\\\/armes-historiques\\\/excalibur-epee-legendaire\\\/\"]}]},{\"@type\":\"ImageObject\",\"inLanguage\":\"es\",\"@id\":\"https:\\\/\\\/repliquemangacine.fr\\\/armes-historiques\\\/excalibur-epee-legendaire\\\/#primaryimage\",\"url\":\"https:\\\/\\\/repliquemangacine.fr\\\/wp-content\\\/uploads\\\/2023\\\/11\\\/epee-excalibur.jpg\",\"contentUrl\":\"https:\\\/\\\/repliquemangacine.fr\\\/wp-content\\\/uploads\\\/2023\\\/11\\\/epee-excalibur.jpg\",\"width\":500,\"height\":500,\"caption\":\"Excalibur \u00e9p\u00e9e l\u00e9gendaire\"},{\"@type\":\"BreadcrumbList\",\"@id\":\"https:\\\/\\\/repliquemangacine.fr\\\/armes-historiques\\\/excalibur-epee-legendaire\\\/#breadcrumb\",\"itemListElement\":[{\"@type\":\"ListItem\",\"position\":1,\"name\":\"Accueil\",\"item\":\"https:\\\/\\\/repliquemangacine.fr\\\/\"},{\"@type\":\"ListItem\",\"position\":2,\"name\":\"Produits\",\"item\":\"https:\\\/\\\/repliquemangacine.fr\\\/boutique\\\/\"},{\"@type\":\"ListItem\",\"position\":3,\"name\":\"Excalibur \u00e9p\u00e9e l\u00e9gendaire\"}]},{\"@type\":\"WebSite\",\"@id\":\"https:\\\/\\\/repliquemangacine.fr\\\/#website\",\"url\":\"https:\\\/\\\/repliquemangacine.fr\\\/\",\"name\":\"R\u00e9plique Manga Cin\u00e9\",\"description\":\"\",\"publisher\":{\"@id\":\"https:\\\/\\\/repliquemangacine.fr\\\/#organization\"},\"potentialAction\":[{\"@type\":\"SearchAction\",\"target\":{\"@type\":\"EntryPoint\",\"urlTemplate\":\"https:\\\/\\\/repliquemangacine.fr\\\/?s={search_term_string}\"},\"query-input\":{\"@type\":\"PropertyValueSpecification\",\"valueRequired\":true,\"valueName\":\"search_term_string\"}}],\"inLanguage\":\"es\"},{\"@type\":\"Organization\",\"@id\":\"https:\\\/\\\/repliquemangacine.fr\\\/#organization\",\"name\":\"R\u00e9plique Manga Cin\u00e9\",\"url\":\"https:\\\/\\\/repliquemangacine.fr\\\/\",\"logo\":{\"@type\":\"ImageObject\",\"inLanguage\":\"es\",\"@id\":\"https:\\\/\\\/repliquemangacine.fr\\\/#\\\/schema\\\/logo\\\/image\\\/\",\"url\":\"https:\\\/\\\/repliquemangacine.fr\\\/wp-content\\\/uploads\\\/2023\\\/10\\\/RMC-500250.png\",\"contentUrl\":\"https:\\\/\\\/repliquemangacine.fr\\\/wp-content\\\/uploads\\\/2023\\\/10\\\/RMC-500250.png\",\"width\":500,\"height\":250,\"caption\":\"R\u00e9plique Manga Cin\u00e9\"},\"image\":{\"@id\":\"https:\\\/\\\/repliquemangacine.fr\\\/#\\\/schema\\\/logo\\\/image\\\/\"},\"sameAs\":[\"https:\\\/\\\/www.facebook.com\\\/RepliqueMangaCine\",\"https:\\\/\\\/www.instagram.com\\\/repliquemangacine.fr\\\/\"]}]}<\/script>\n<!-- \/ Yoast SEO plugin. -->","yoast_head_json":{"title":"Excalibur espada legendaria - Espadas hist\u00f3ricas en venta | R\u00e9plique Manga Cin\u00e9","description":"Descubre la nueva espada legendaria Excalibur al mejor precio. Esta r\u00e9plica est\u00e1 inspirada en la espada Molinete. Hoja de acero inoxidable. Guarda de acero. 100 cm de largo","robots":{"index":"index","follow":"follow","max-snippet":"max-snippet:-1","max-image-preview":"max-image-preview:large","max-video-preview":"max-video-preview:-1"},"canonical":"https:\/\/repliquemangacine.fr\/es\/armas-historicas\/excalibur-espada-legendaria\/","og_locale":"es_ES","og_type":"article","og_title":"Excalibur \u00e9p\u00e9e l\u00e9gendaire - Vente Ep\u00e9es historiques | R\u00e9plique Manga Cin\u00e9","og_description":"D\u00e9couvrez la nouvelle Excalibur \u00e9p\u00e9e l\u00e9gendaire au meilleur prix. Cette r\u00e9plique s'inspire de celle de Windlass. Lame acier inox. Garde en acier. 100 cm","og_url":"https:\/\/repliquemangacine.fr\/es\/armas-historicas\/excalibur-espada-legendaria\/","og_site_name":"R\u00e9plique Manga Cin\u00e9","article_publisher":"https:\/\/www.facebook.com\/RepliqueMangaCine","article_modified_time":"2025-11-27T10:41:23+00:00","og_image":[{"width":500,"height":500,"url":"https:\/\/repliquemangacine.fr\/wp-content\/uploads\/2023\/11\/epee-excalibur.jpg","type":"image\/jpeg"}],"twitter_card":"summary_large_image","twitter_misc":{"Tiempo de lectura":"3 minutos"},"schema":{"@context":"https:\/\/schema.org","@graph":[{"@type":"WebPage","@id":"https:\/\/repliquemangacine.fr\/armes-historiques\/excalibur-epee-legendaire\/","url":"https:\/\/repliquemangacine.fr\/armes-historiques\/excalibur-epee-legendaire\/","name":"Excalibur espada legendaria - Espadas hist\u00f3ricas en venta | R\u00e9plique Manga Cin\u00e9","isPartOf":{"@id":"https:\/\/repliquemangacine.fr\/#website"},"primaryImageOfPage":{"@id":"https:\/\/repliquemangacine.fr\/armes-historiques\/excalibur-epee-legendaire\/#primaryimage"},"image":{"@id":"https:\/\/repliquemangacine.fr\/armes-historiques\/excalibur-epee-legendaire\/#primaryimage"},"thumbnailUrl":"https:\/\/repliquemangacine.fr\/wp-content\/uploads\/2023\/11\/epee-excalibur.jpg","datePublished":"2023-11-20T16:49:36+00:00","dateModified":"2025-11-27T10:41:23+00:00","description":"Descubre la nueva espada legendaria Excalibur al mejor precio. Esta r\u00e9plica est\u00e1 inspirada en la espada Molinete. Hoja de acero inoxidable. Guarda de acero. 100 cm de largo","breadcrumb":{"@id":"https:\/\/repliquemangacine.fr\/armes-historiques\/excalibur-epee-legendaire\/#breadcrumb"},"inLanguage":"es","potentialAction":[{"@type":"ReadAction","target":["https:\/\/repliquemangacine.fr\/armes-historiques\/excalibur-epee-legendaire\/"]}]},{"@type":"ImageObject","inLanguage":"es","@id":"https:\/\/repliquemangacine.fr\/armes-historiques\/excalibur-epee-legendaire\/#primaryimage","url":"https:\/\/repliquemangacine.fr\/wp-content\/uploads\/2023\/11\/epee-excalibur.jpg","contentUrl":"https:\/\/repliquemangacine.fr\/wp-content\/uploads\/2023\/11\/epee-excalibur.jpg","width":500,"height":500,"caption":"Excalibur \u00e9p\u00e9e l\u00e9gendaire"},{"@type":"BreadcrumbList","@id":"https:\/\/repliquemangacine.fr\/armes-historiques\/excalibur-epee-legendaire\/#breadcrumb","itemListElement":[{"@type":"ListItem","position":1,"name":"Accueil","item":"https:\/\/repliquemangacine.fr\/"},{"@type":"ListItem","position":2,"name":"Produits","item":"https:\/\/repliquemangacine.fr\/boutique\/"},{"@type":"ListItem","position":3,"name":"Excalibur \u00e9p\u00e9e l\u00e9gendaire"}]},{"@type":"WebSite","@id":"https:\/\/repliquemangacine.fr\/#website","url":"https:\/\/repliquemangacine.fr\/","name":"R\u00e9plique Manga Cin\u00e9","description":"","publisher":{"@id":"https:\/\/repliquemangacine.fr\/#organization"},"potentialAction":[{"@type":"SearchAction","target":{"@type":"EntryPoint","urlTemplate":"https:\/\/repliquemangacine.fr\/?s={search_term_string}"},"query-input":{"@type":"PropertyValueSpecification","valueRequired":true,"valueName":"search_term_string"}}],"inLanguage":"es"},{"@type":"Organization","@id":"https:\/\/repliquemangacine.fr\/#organization","name":"R\u00e9plique Manga Cin\u00e9","url":"https:\/\/repliquemangacine.fr\/","logo":{"@type":"ImageObject","inLanguage":"es","@id":"https:\/\/repliquemangacine.fr\/#\/schema\/logo\/image\/","url":"https:\/\/repliquemangacine.fr\/wp-content\/uploads\/2023\/10\/RMC-500250.png","contentUrl":"https:\/\/repliquemangacine.fr\/wp-content\/uploads\/2023\/10\/RMC-500250.png","width":500,"height":250,"caption":"R\u00e9plique Manga Cin\u00e9"},"image":{"@id":"https:\/\/repliquemangacine.fr\/#\/schema\/logo\/image\/"},"sameAs":["https:\/\/www.facebook.com\/RepliqueMangaCine","https:\/\/www.instagram.com\/repliquemangacine.fr\/"]}]}},"_links":{"self":[{"href":"https:\/\/repliquemangacine.fr\/es\/wp-json\/wp\/v2\/product\/65673","targetHints":{"allow":["GET"]}}],"collection":[{"href":"https:\/\/repliquemangacine.fr\/es\/wp-json\/wp\/v2\/product"}],"about":[{"href":"https:\/\/repliquemangacine.fr\/es\/wp-json\/wp\/v2\/types\/product"}],"wp:featuredmedia":[{"embeddable":true,"href":"https:\/\/repliquemangacine.fr\/es\/wp-json\/wp\/v2\/media\/65674"}],"wp:attachment":[{"href":"https:\/\/repliquemangacine.fr\/es\/wp-json\/wp\/v2\/media?parent=65673"}],"wp:term":[{"taxonomy":"product_brand","embeddable":true,"href":"https:\/\/repliquemangacine.fr\/es\/wp-json\/wp\/v2\/product_brand?post=65673"},{"taxonomy":"product_cat","embeddable":true,"href":"https:\/\/repliquemangacine.fr\/es\/wp-json\/wp\/v2\/product_cat?post=65673"},{"taxonomy":"product_tag","embeddable":true,"href":"https:\/\/repliquemangacine.fr\/es\/wp-json\/wp\/v2\/product_tag?post=65673"}],"curies":[{"name":"wp","href":"https:\/\/api.w.org\/{rel}","templated":true}]}}