





{"id":65656,"date":"2023-11-20T12:48:07","date_gmt":"2023-11-20T11:48:07","guid":{"rendered":"https:\/\/repliquemangacine.fr\/?post_type=product&#038;p=65656"},"modified":"2026-04-21T19:29:10","modified_gmt":"2026-04-21T17:29:10","slug":"katana-de-yami-en-trebol-negro","status":"publish","type":"product","link":"https:\/\/repliquemangacine.fr\/es\/katana-et-epee-de-manga-anime-autre-manga\/katana-de-yami-dans-black-clover\/","title":{"rendered":"Katana de Yami en Tr\u00e9bol Negro"},"content":{"rendered":"<h2>Katana de Yami en Tr\u00e9bol Negro<\/h2>\n<p>Para empezar, la Katana de Yami en Black Clover, elemento clave en la trama, no es solo un arma de combate. Yami la utiliza para canalizar su poderosa magia oscura.,<br \/>\nlo que le permite cortar la magia misma, una habilidad poco com\u00fan en este mundo m\u00e1gico.<\/p>\n<p>El personaje de <a href=\"https:\/\/blackclover.fandom.com\/fr\/wiki\/Yami_Sukehiro\" target=\"_blank\" rel=\"noopener noreferrer\">Yami Sukehiro<\/a> destaca por su impresionante dominio del kenjutsu y por poseer una katana \u00fanica.<\/p>\n<p>Esta espada, m\u00e1s que un simple arma, es un s\u00edmbolo de su fuerza y determinaci\u00f3n. Yami, originario de un pa\u00eds lejano, aporta un toque ex\u00f3tico con su estilo de lucha y su emblem\u00e1tica katana.<\/p>\n<h3>Espada legendaria de Yami en \"Tr\u00e9bol negro<\/h3>\n<p>La katana de Yami, con su hoja oscura y su aura misteriosa, representa una fusi\u00f3n entre la cultura tradicional japonesa y el mundo fant\u00e1stico de \"Black Clover\", lo que convierte a Yami en un personaje fascinante e inolvidable.<\/p>\n<h2>Tu Yami Katana: la mejor relaci\u00f3n calidad-precio<\/h2>\n<p>El universo de \u201cBlack Clover\u201d est\u00e1 repleto de s\u00edmbolos fascinantes, pero pocos son tan emblem\u00e1ticos como la katana de Yami Sukehiro. Esta arma, que encarna la fuerza y la delicadeza de su usuario, se ha convertido en un objeto de deseo para los fans del manga.<\/p>\n<p>Esta r\u00e9plica, fiel al dise\u00f1o original, ofrece una excelente relaci\u00f3n calidad-precio. Fabricada con materiales de calidad, garantiza durabilidad y fidelidad al manga.<\/p>\n<h3>El atractivo universal de las katanas en el manga<\/h3>\n<p>Las katanas ocupan un lugar especial en el coraz\u00f3n de los aficionados al manga y al anime. Estas espadas, a menudo representadas con gran detalle, son m\u00e1s que simples armas.<\/p>\n<p>Son una extensi\u00f3n de los propios personajes. Del \u201d <a href=\"https:\/\/repliquemangacine.fr\/es\/katana-de-metal-de-una-pieza\/katana-espada-wado-ichimonji-espada-de-zoro\/\">Espada Wado Ichimonji de Zoro<\/a> en One Piece\" a \"la<a href=\"https:\/\/repliquemangacine.fr\/es\/katana-naruto\/kusanagi-espada-sasuke-naruto\/\">La espada Kusanagi de Sasuke.<\/a> En Naruto\", cada katana cuenta una historia, que refleja la personalidad y la evoluci\u00f3n de su portador.<\/p>\n<h2>\u00bfC\u00f3mo se mantiene la hoja de la katana?<\/h2>\n<p>En primer lugar, las katanas de colecci\u00f3n y decorativas se fabrican y ensamblan de forma simplificada. Como su uso es decorativo, no disponen de los elementos de seguridad exigidos a una espada japonesa destinada al entrenamiento. Sin embargo, su <strong>La katana de Yami en Black Clover<\/strong> una hoja de acero que hay que mantener para evitar que se da\u00f1e con el tiempo.<\/p>\n<p>De hecho, cuando exponga su katana, sus amigos sentir\u00e1n curiosidad por ver la hoja y tocarla. Es aqu\u00ed donde hay que tener cuidado, ya que hay que destacar que la acidez de los dedos es muy perjudicial para el acero, independientemente de su calidad.<\/p>\n<p>Sin embargo, si esto ocurre, no se preocupe, solo tiene que humedecer un pa\u00f1o con un poco de aceite y limpiar las huellas dactilares. De esta forma, conservar\u00e1 su espada durante mucho tiempo.<\/p>","protected":false},"excerpt":{"rendered":"<p>Magn\u00edfica r\u00e9plica de la Katana de Yami Sukehiro en Black Clover<\/p>\n<ul>\n<li>Hoja de acero bicolor<\/li>\n<li>Mango de imitaci\u00f3n de piel de raya recubierto de trenzado de algod\u00f3n negro<\/li>\n<li>Guarda de acero macizo con forma espec\u00edfica<\/li>\n<li>Vaina de madera negra<\/li>\n<li>Longitud total: 103 cm<\/li>\n<\/ul>","protected":false},"featured_media":65658,"template":"","meta":[],"product_brand":[896],"product_cat":[65,23],"product_tag":[],"class_list":{"0":"post-65656","1":"product","2":"type-product","3":"status-publish","4":"has-post-thumbnail","6":"product_brand-replique-manga-cine","7":"product_cat-katana-et-epee-de-manga-anime-autre-manga","8":"product_cat-repliques-manga-jeux-video","10":"first","11":"outofstock","12":"taxable","13":"shipping-taxable","14":"purchasable","15":"product-type-simple"},"yoast_head":"<!-- This site is optimized with the Yoast SEO plugin v27.5 - https:\/\/yoast.com\/product\/yoast-seo-wordpress\/ -->\n<title>Katana de Yami dans Black Clover - Vente Katana Manga | RMC<\/title>\n<meta name=\"description\" content=\"D\u00e9couvrez le Katana de Yami dans Black Clover au meilleur prix. Lame en acier deux tons. Garde en acier plein de forme sp\u00e9cifique. Longueur totale : 103 cm\" \/>\n<meta name=\"robots\" content=\"index, follow, max-snippet:-1, max-image-preview:large, max-video-preview:-1\" \/>\n<link rel=\"canonical\" href=\"https:\/\/repliquemangacine.fr\/es\/katana-y-manga-espada-anime-otros-manga\/katana-de-yami-en-trebol-negro\/\" \/>\n<meta property=\"og:locale\" content=\"es_ES\" \/>\n<meta property=\"og:type\" content=\"article\" \/>\n<meta property=\"og:title\" content=\"Katana de Yami dans Black Clover - Vente Katana Manga | RMC\" \/>\n<meta property=\"og:description\" content=\"D\u00e9couvrez le Katana de Yami dans Black Clover au meilleur prix. Lame en acier deux tons. Garde en acier plein de forme sp\u00e9cifique. Longueur totale : 103 cm\" \/>\n<meta property=\"og:url\" content=\"https:\/\/repliquemangacine.fr\/es\/katana-y-manga-espada-anime-otros-manga\/katana-de-yami-en-trebol-negro\/\" \/>\n<meta property=\"og:site_name\" content=\"R\u00e9plique Manga Cin\u00e9\" \/>\n<meta property=\"article:publisher\" content=\"https:\/\/www.facebook.com\/RepliqueMangaCine\" \/>\n<meta property=\"article:modified_time\" content=\"2026-04-21T17:29:10+00:00\" \/>\n<meta property=\"og:image\" content=\"https:\/\/repliquemangacine.fr\/wp-content\/uploads\/2023\/11\/Katana-Yami-Black-Clover-lame.jpg\" \/>\n\t<meta property=\"og:image:width\" content=\"500\" \/>\n\t<meta property=\"og:image:height\" content=\"500\" \/>\n\t<meta property=\"og:image:type\" content=\"image\/jpeg\" \/>\n<meta name=\"twitter:card\" content=\"summary_large_image\" \/>\n<meta name=\"twitter:label1\" content=\"Tiempo de lectura\" \/>\n\t<meta name=\"twitter:data1\" content=\"3 minutos\" \/>\n<script type=\"application\/ld+json\" class=\"yoast-schema-graph\">{\"@context\":\"https:\\\/\\\/schema.org\",\"@graph\":[{\"@type\":\"WebPage\",\"@id\":\"https:\\\/\\\/repliquemangacine.fr\\\/katana-et-epee-de-manga-anime-autre-manga\\\/katana-de-yami-dans-black-clover\\\/\",\"url\":\"https:\\\/\\\/repliquemangacine.fr\\\/katana-et-epee-de-manga-anime-autre-manga\\\/katana-de-yami-dans-black-clover\\\/\",\"name\":\"Katana de Yami dans Black Clover - Vente Katana Manga | RMC\",\"isPartOf\":{\"@id\":\"https:\\\/\\\/repliquemangacine.fr\\\/#website\"},\"primaryImageOfPage\":{\"@id\":\"https:\\\/\\\/repliquemangacine.fr\\\/katana-et-epee-de-manga-anime-autre-manga\\\/katana-de-yami-dans-black-clover\\\/#primaryimage\"},\"image\":{\"@id\":\"https:\\\/\\\/repliquemangacine.fr\\\/katana-et-epee-de-manga-anime-autre-manga\\\/katana-de-yami-dans-black-clover\\\/#primaryimage\"},\"thumbnailUrl\":\"https:\\\/\\\/repliquemangacine.fr\\\/wp-content\\\/uploads\\\/2023\\\/11\\\/Katana-Yami-Black-Clover-lame.jpg\",\"datePublished\":\"2023-11-20T11:48:07+00:00\",\"dateModified\":\"2026-04-21T17:29:10+00:00\",\"description\":\"D\u00e9couvrez le Katana de Yami dans Black Clover au meilleur prix. Lame en acier deux tons. Garde en acier plein de forme sp\u00e9cifique. Longueur totale : 103 cm\",\"breadcrumb\":{\"@id\":\"https:\\\/\\\/repliquemangacine.fr\\\/katana-et-epee-de-manga-anime-autre-manga\\\/katana-de-yami-dans-black-clover\\\/#breadcrumb\"},\"inLanguage\":\"es\",\"potentialAction\":[{\"@type\":\"ReadAction\",\"target\":[\"https:\\\/\\\/repliquemangacine.fr\\\/katana-et-epee-de-manga-anime-autre-manga\\\/katana-de-yami-dans-black-clover\\\/\"]}]},{\"@type\":\"ImageObject\",\"inLanguage\":\"es\",\"@id\":\"https:\\\/\\\/repliquemangacine.fr\\\/katana-et-epee-de-manga-anime-autre-manga\\\/katana-de-yami-dans-black-clover\\\/#primaryimage\",\"url\":\"https:\\\/\\\/repliquemangacine.fr\\\/wp-content\\\/uploads\\\/2023\\\/11\\\/Katana-Yami-Black-Clover-lame.jpg\",\"contentUrl\":\"https:\\\/\\\/repliquemangacine.fr\\\/wp-content\\\/uploads\\\/2023\\\/11\\\/Katana-Yami-Black-Clover-lame.jpg\",\"width\":500,\"height\":500,\"caption\":\"Katana de Yami dans Black Clover\"},{\"@type\":\"BreadcrumbList\",\"@id\":\"https:\\\/\\\/repliquemangacine.fr\\\/katana-et-epee-de-manga-anime-autre-manga\\\/katana-de-yami-dans-black-clover\\\/#breadcrumb\",\"itemListElement\":[{\"@type\":\"ListItem\",\"position\":1,\"name\":\"Accueil\",\"item\":\"https:\\\/\\\/repliquemangacine.fr\\\/\"},{\"@type\":\"ListItem\",\"position\":2,\"name\":\"Produits\",\"item\":\"https:\\\/\\\/repliquemangacine.fr\\\/boutique\\\/\"},{\"@type\":\"ListItem\",\"position\":3,\"name\":\"Katana de Yami dans Black Clover\"}]},{\"@type\":\"WebSite\",\"@id\":\"https:\\\/\\\/repliquemangacine.fr\\\/#website\",\"url\":\"https:\\\/\\\/repliquemangacine.fr\\\/\",\"name\":\"R\u00e9plique Manga Cin\u00e9\",\"description\":\"\",\"publisher\":{\"@id\":\"https:\\\/\\\/repliquemangacine.fr\\\/#organization\"},\"potentialAction\":[{\"@type\":\"SearchAction\",\"target\":{\"@type\":\"EntryPoint\",\"urlTemplate\":\"https:\\\/\\\/repliquemangacine.fr\\\/?s={search_term_string}\"},\"query-input\":{\"@type\":\"PropertyValueSpecification\",\"valueRequired\":true,\"valueName\":\"search_term_string\"}}],\"inLanguage\":\"es\"},{\"@type\":\"Organization\",\"@id\":\"https:\\\/\\\/repliquemangacine.fr\\\/#organization\",\"name\":\"R\u00e9plique Manga Cin\u00e9\",\"url\":\"https:\\\/\\\/repliquemangacine.fr\\\/\",\"logo\":{\"@type\":\"ImageObject\",\"inLanguage\":\"es\",\"@id\":\"https:\\\/\\\/repliquemangacine.fr\\\/#\\\/schema\\\/logo\\\/image\\\/\",\"url\":\"https:\\\/\\\/repliquemangacine.fr\\\/wp-content\\\/uploads\\\/2023\\\/10\\\/RMC-500250.png\",\"contentUrl\":\"https:\\\/\\\/repliquemangacine.fr\\\/wp-content\\\/uploads\\\/2023\\\/10\\\/RMC-500250.png\",\"width\":500,\"height\":250,\"caption\":\"R\u00e9plique Manga Cin\u00e9\"},\"image\":{\"@id\":\"https:\\\/\\\/repliquemangacine.fr\\\/#\\\/schema\\\/logo\\\/image\\\/\"},\"sameAs\":[\"https:\\\/\\\/www.facebook.com\\\/RepliqueMangaCine\",\"https:\\\/\\\/www.instagram.com\\\/repliquemangacine.fr\\\/\"]}]}<\/script>\n<!-- \/ Yoast SEO plugin. -->","yoast_head_json":{"title":"Katana de Yami en Tr\u00e9bol Negro - Katana Manga Sale | RMC","description":"Descubre la Katana Yami en Tr\u00e9bol Negro al mejor precio. Hoja de acero bicolor. Guarda de acero macizo con forma espec\u00edfica. Longitud total: 103 cm","robots":{"index":"index","follow":"follow","max-snippet":"max-snippet:-1","max-image-preview":"max-image-preview:large","max-video-preview":"max-video-preview:-1"},"canonical":"https:\/\/repliquemangacine.fr\/es\/katana-y-manga-espada-anime-otros-manga\/katana-de-yami-en-trebol-negro\/","og_locale":"es_ES","og_type":"article","og_title":"Katana de Yami dans Black Clover - Vente Katana Manga | RMC","og_description":"D\u00e9couvrez le Katana de Yami dans Black Clover au meilleur prix. Lame en acier deux tons. Garde en acier plein de forme sp\u00e9cifique. Longueur totale : 103 cm","og_url":"https:\/\/repliquemangacine.fr\/es\/katana-y-manga-espada-anime-otros-manga\/katana-de-yami-en-trebol-negro\/","og_site_name":"R\u00e9plique Manga Cin\u00e9","article_publisher":"https:\/\/www.facebook.com\/RepliqueMangaCine","article_modified_time":"2026-04-21T17:29:10+00:00","og_image":[{"width":500,"height":500,"url":"https:\/\/repliquemangacine.fr\/wp-content\/uploads\/2023\/11\/Katana-Yami-Black-Clover-lame.jpg","type":"image\/jpeg"}],"twitter_card":"summary_large_image","twitter_misc":{"Tiempo de lectura":"3 minutos"},"schema":{"@context":"https:\/\/schema.org","@graph":[{"@type":"WebPage","@id":"https:\/\/repliquemangacine.fr\/katana-et-epee-de-manga-anime-autre-manga\/katana-de-yami-dans-black-clover\/","url":"https:\/\/repliquemangacine.fr\/katana-et-epee-de-manga-anime-autre-manga\/katana-de-yami-dans-black-clover\/","name":"Katana de Yami en Tr\u00e9bol Negro - Katana Manga Sale | RMC","isPartOf":{"@id":"https:\/\/repliquemangacine.fr\/#website"},"primaryImageOfPage":{"@id":"https:\/\/repliquemangacine.fr\/katana-et-epee-de-manga-anime-autre-manga\/katana-de-yami-dans-black-clover\/#primaryimage"},"image":{"@id":"https:\/\/repliquemangacine.fr\/katana-et-epee-de-manga-anime-autre-manga\/katana-de-yami-dans-black-clover\/#primaryimage"},"thumbnailUrl":"https:\/\/repliquemangacine.fr\/wp-content\/uploads\/2023\/11\/Katana-Yami-Black-Clover-lame.jpg","datePublished":"2023-11-20T11:48:07+00:00","dateModified":"2026-04-21T17:29:10+00:00","description":"Descubre la Katana Yami en Tr\u00e9bol Negro al mejor precio. Hoja de acero bicolor. Guarda de acero macizo con forma espec\u00edfica. Longitud total: 103 cm","breadcrumb":{"@id":"https:\/\/repliquemangacine.fr\/katana-et-epee-de-manga-anime-autre-manga\/katana-de-yami-dans-black-clover\/#breadcrumb"},"inLanguage":"es","potentialAction":[{"@type":"ReadAction","target":["https:\/\/repliquemangacine.fr\/katana-et-epee-de-manga-anime-autre-manga\/katana-de-yami-dans-black-clover\/"]}]},{"@type":"ImageObject","inLanguage":"es","@id":"https:\/\/repliquemangacine.fr\/katana-et-epee-de-manga-anime-autre-manga\/katana-de-yami-dans-black-clover\/#primaryimage","url":"https:\/\/repliquemangacine.fr\/wp-content\/uploads\/2023\/11\/Katana-Yami-Black-Clover-lame.jpg","contentUrl":"https:\/\/repliquemangacine.fr\/wp-content\/uploads\/2023\/11\/Katana-Yami-Black-Clover-lame.jpg","width":500,"height":500,"caption":"Katana de Yami dans Black Clover"},{"@type":"BreadcrumbList","@id":"https:\/\/repliquemangacine.fr\/katana-et-epee-de-manga-anime-autre-manga\/katana-de-yami-dans-black-clover\/#breadcrumb","itemListElement":[{"@type":"ListItem","position":1,"name":"Accueil","item":"https:\/\/repliquemangacine.fr\/"},{"@type":"ListItem","position":2,"name":"Produits","item":"https:\/\/repliquemangacine.fr\/boutique\/"},{"@type":"ListItem","position":3,"name":"Katana de Yami dans Black Clover"}]},{"@type":"WebSite","@id":"https:\/\/repliquemangacine.fr\/#website","url":"https:\/\/repliquemangacine.fr\/","name":"R\u00e9plique Manga Cin\u00e9","description":"","publisher":{"@id":"https:\/\/repliquemangacine.fr\/#organization"},"potentialAction":[{"@type":"SearchAction","target":{"@type":"EntryPoint","urlTemplate":"https:\/\/repliquemangacine.fr\/?s={search_term_string}"},"query-input":{"@type":"PropertyValueSpecification","valueRequired":true,"valueName":"search_term_string"}}],"inLanguage":"es"},{"@type":"Organization","@id":"https:\/\/repliquemangacine.fr\/#organization","name":"R\u00e9plique Manga Cin\u00e9","url":"https:\/\/repliquemangacine.fr\/","logo":{"@type":"ImageObject","inLanguage":"es","@id":"https:\/\/repliquemangacine.fr\/#\/schema\/logo\/image\/","url":"https:\/\/repliquemangacine.fr\/wp-content\/uploads\/2023\/10\/RMC-500250.png","contentUrl":"https:\/\/repliquemangacine.fr\/wp-content\/uploads\/2023\/10\/RMC-500250.png","width":500,"height":250,"caption":"R\u00e9plique Manga Cin\u00e9"},"image":{"@id":"https:\/\/repliquemangacine.fr\/#\/schema\/logo\/image\/"},"sameAs":["https:\/\/www.facebook.com\/RepliqueMangaCine","https:\/\/www.instagram.com\/repliquemangacine.fr\/"]}]}},"_links":{"self":[{"href":"https:\/\/repliquemangacine.fr\/es\/wp-json\/wp\/v2\/product\/65656","targetHints":{"allow":["GET"]}}],"collection":[{"href":"https:\/\/repliquemangacine.fr\/es\/wp-json\/wp\/v2\/product"}],"about":[{"href":"https:\/\/repliquemangacine.fr\/es\/wp-json\/wp\/v2\/types\/product"}],"wp:featuredmedia":[{"embeddable":true,"href":"https:\/\/repliquemangacine.fr\/es\/wp-json\/wp\/v2\/media\/65658"}],"wp:attachment":[{"href":"https:\/\/repliquemangacine.fr\/es\/wp-json\/wp\/v2\/media?parent=65656"}],"wp:term":[{"taxonomy":"product_brand","embeddable":true,"href":"https:\/\/repliquemangacine.fr\/es\/wp-json\/wp\/v2\/product_brand?post=65656"},{"taxonomy":"product_cat","embeddable":true,"href":"https:\/\/repliquemangacine.fr\/es\/wp-json\/wp\/v2\/product_cat?post=65656"},{"taxonomy":"product_tag","embeddable":true,"href":"https:\/\/repliquemangacine.fr\/es\/wp-json\/wp\/v2\/product_tag?post=65656"}],"curies":[{"name":"wp","href":"https:\/\/api.w.org\/{rel}","templated":true}]}}