





{"id":65630,"date":"2023-11-19T18:24:19","date_gmt":"2023-11-19T17:24:19","guid":{"rendered":"https:\/\/repliquemangacine.fr\/?post_type=product&#038;p=65630"},"modified":"2026-02-18T20:35:18","modified_gmt":"2026-02-18T19:35:18","slug":"soporte-de-madera-napoleon","status":"publish","type":"product","link":"https:\/\/repliquemangacine.fr\/es\/repliques-darmes-napoleon\/support-en-bois-napoleon\/","title":{"rendered":"Soporte de madera Napole\u00f3n"},"content":{"rendered":"<h2>Caballete de madera Napole\u00f3n - Denix<\/h2>\n<p>Para empezar, el soporte de madera Napole\u00f3n es esencial para una bonita presentaci\u00f3n de sus armas. Denix nos ofrece una idea original de soporte mediante un sencillo encaje, sin clavos ni tornillos.<\/p>\n<p>Con este peque\u00f1o objeto, podr\u00e1 exponer a bajo coste todas sus pistolas y rev\u00f3lveres, as\u00ed como sus espadas y dagas. Denix, empresa espa\u00f1ola de renombre mundial en la venta de reproducciones de armas hist\u00f3ricas.<\/p>\n<p>Adem\u00e1s, l\u00edder en su sector desde hace m\u00e1s de 50 a\u00f1os, exporta a m\u00e1s de 40 pa\u00edses y cuenta con una amplia red de distribuidores, de la que formamos parte para satisfacci\u00f3n de todos. Cabe destacar que todas las \u00e9pocas hist\u00f3ricas est\u00e1n presentes en su cat\u00e1logo:<\/p>\n<ul>\n<li>La Antig\u00fcedad y sus espadas<\/li>\n<li>La Edad Media y las espadas<\/li>\n<li><a href=\"https:\/\/repliquemangacine.fr\/es\/primer-imperio\/\">\u00c9poca napole\u00f3nica<\/a> con sus rifles, pistolas y sables<\/li>\n<li>El mundo occidental y sus potros y cabestros<\/li>\n<li>La Segunda Guerra Mundial y sus consecuencias <a href=\"https:\/\/repliquemangacine.fr\/es\/reproduccion-armas-segunda-guerra-mundial-denix\/\">Armas del D\u00eda D<\/a><\/li>\n<\/ul>\n<h2>Tu r\u00e9plica de armas Denix al mejor precio.<\/h2>\n<p>Le ofrecemos una amplia selecci\u00f3n de reproducciones de armas de la marca <a href=\"https:\/\/www.denix.fr\/\" target=\"_blank\" rel=\"noopener noreferrer\">Denix<\/a>.<\/p>\n<p>Lo primero y m\u00e1s importante,<\/p>\n<ul>\n<li>R\u00e9plicas del mundo antiguo, como el Glaive de Julio C\u00e9sar, con su notable acabado.<\/li>\n<li>Tambi\u00e9n est\u00e1 el periodo del Oeste con los Winchester y los potros Cowboy.<\/li>\n<li>As\u00ed como los periodos antiguo y medieval, como la espada del Rey Arturo, Excalibur<\/li>\n<li>Concluir la Segunda Guerra Mundial con todas las armas utilizadas en el D\u00eda D.<\/li>\n<li>Y mucho, mucho m\u00e1s por descubrir en nuestra tienda en l\u00ednea.<\/li>\n<\/ul>\n<p>Por eso, aqu\u00ed tienes unas ideas fant\u00e1sticas para regalar a todos los apasionados de la historia. En conclusi\u00f3n, puedes utilizar este soporte de madera Colt para decorar y exhibir tus armas de colecci\u00f3n.<\/p>\n<p>R\u00e9plique Manga Cin\u00e9 es una empresa familiar francesa, distribuidora oficial de la marca Denix.<\/p>\n<h2>Stand de madera de Napole\u00f3n: Celebra el estreno de la pel\u00edcula de Ridley Scott<\/h2>\n<p>Con motivo del estreno de la nueva pel\u00edcula \u00e9pica de Ridley Scott, nos enorgullece presentar el soporte de madera Napole\u00f3n.<\/p>\n<p>Dise\u00f1ados especialmente para los amantes de la historia napole\u00f3nica. Fabricados con cuidado y precisi\u00f3n, perfectos para realzar sus r\u00e9plicas de armas napole\u00f3nicas.,<br \/>\nya sean espadas, dagas o pistolas.<\/p>\n<h3>Un homenaje al genio militar de Napole\u00f3n<\/h3>\n<p>Dise\u00f1adas para complementar y realzar la belleza de su colecci\u00f3n. Inspiradas en la genialidad militar y la est\u00e9tica de la \u00e9poca napole\u00f3nica. Fabricadas con materiales de alta calidad, que garantizan durabilidad y elegancia. No solo ofrecen una forma segura y atractiva de exhibir sus r\u00e9plicas, sino que tambi\u00e9n rinden homenaje a una de las figuras m\u00e1s emblem\u00e1ticas de la historia.<\/p>\n<p>En conclusi\u00f3n, aproveche esta oportunidad \u00fanica para enriquecer su colecci\u00f3n con un accesorio digno del gran Napole\u00f3n.<\/p>\n<p>&nbsp;<\/p>","protected":false},"excerpt":{"rendered":"<p>Magn\u00edfico soporte de madera con emblema de la corona, especialmente dise\u00f1ado por Denix para el estreno de la pel\u00edcula de Ridley Scott \"Napole\u00f3n\".<\/p>\n<ul>\n<li>Toda la madera barnizada<\/li>\n<li>Emblema met\u00e1lico finamente decorado<\/li>\n<li>F\u00e1cil instalaci\u00f3n de enclavamiento<\/li>\n<\/ul>","protected":false},"featured_media":65631,"template":"","meta":[],"product_brand":[896],"product_cat":[55,52,833],"product_tag":[],"class_list":{"0":"post-65630","1":"product","2":"type-product","3":"status-publish","4":"has-post-thumbnail","6":"product_brand-replique-manga-cine","7":"product_cat-fusil-ancien","8":"product_cat-pistolet-ancien","9":"product_cat-repliques-darmes-napoleon","11":"first","12":"outofstock","13":"taxable","14":"shipping-taxable","15":"purchasable","16":"product-type-simple"},"yoast_head":"<!-- This site is optimized with the Yoast SEO plugin v27.4 - https:\/\/yoast.com\/product\/yoast-seo-wordpress\/ -->\n<title>Support en bois Napol\u00e9on - R\u00e9pliques et accessoires Denix | R\u00e9plique Manga Cin\u00e9<\/title>\n<meta name=\"description\" content=\"D\u00e9couvrez ce magnifique Support en bois Napol\u00e9on avec son embl\u00e8me de la couronne en m\u00e9tal finement d\u00e9cor\u00e9. Support tout en bois \u00e0 emboiter\" \/>\n<meta name=\"robots\" content=\"index, follow, max-snippet:-1, max-image-preview:large, max-video-preview:-1\" \/>\n<link rel=\"canonical\" href=\"https:\/\/repliquemangacine.fr\/es\/replicas-de-armas-napoleon\/soporte-de-madera-napoleon\/\" \/>\n<meta property=\"og:locale\" content=\"es_ES\" \/>\n<meta property=\"og:type\" content=\"article\" \/>\n<meta property=\"og:title\" content=\"Support en bois Napol\u00e9on - R\u00e9pliques et accessoires Denix | R\u00e9plique Manga Cin\u00e9\" \/>\n<meta property=\"og:description\" content=\"D\u00e9couvrez ce magnifique Support en bois Napol\u00e9on avec son embl\u00e8me de la couronne en m\u00e9tal finement d\u00e9cor\u00e9. Support tout en bois \u00e0 emboiter\" \/>\n<meta property=\"og:url\" content=\"https:\/\/repliquemangacine.fr\/es\/replicas-de-armas-napoleon\/soporte-de-madera-napoleon\/\" \/>\n<meta property=\"og:site_name\" content=\"R\u00e9plique Manga Cin\u00e9\" \/>\n<meta property=\"article:publisher\" content=\"https:\/\/www.facebook.com\/RepliqueMangaCine\" \/>\n<meta property=\"article:modified_time\" content=\"2026-02-18T19:35:18+00:00\" \/>\n<meta property=\"og:image\" content=\"https:\/\/repliquemangacine.fr\/wp-content\/uploads\/2023\/11\/Support-bois-Napoleon.jpg\" \/>\n\t<meta property=\"og:image:width\" content=\"500\" \/>\n\t<meta property=\"og:image:height\" content=\"500\" \/>\n\t<meta property=\"og:image:type\" content=\"image\/jpeg\" \/>\n<meta name=\"twitter:card\" content=\"summary_large_image\" \/>\n<meta name=\"twitter:label1\" content=\"Tiempo de lectura\" \/>\n\t<meta name=\"twitter:data1\" content=\"3 minutos\" \/>\n<script type=\"application\/ld+json\" class=\"yoast-schema-graph\">{\"@context\":\"https:\\\/\\\/schema.org\",\"@graph\":[{\"@type\":\"WebPage\",\"@id\":\"https:\\\/\\\/repliquemangacine.fr\\\/repliques-darmes-napoleon\\\/support-en-bois-napoleon\\\/\",\"url\":\"https:\\\/\\\/repliquemangacine.fr\\\/repliques-darmes-napoleon\\\/support-en-bois-napoleon\\\/\",\"name\":\"Support en bois Napol\u00e9on - R\u00e9pliques et accessoires Denix | R\u00e9plique Manga Cin\u00e9\",\"isPartOf\":{\"@id\":\"https:\\\/\\\/repliquemangacine.fr\\\/#website\"},\"primaryImageOfPage\":{\"@id\":\"https:\\\/\\\/repliquemangacine.fr\\\/repliques-darmes-napoleon\\\/support-en-bois-napoleon\\\/#primaryimage\"},\"image\":{\"@id\":\"https:\\\/\\\/repliquemangacine.fr\\\/repliques-darmes-napoleon\\\/support-en-bois-napoleon\\\/#primaryimage\"},\"thumbnailUrl\":\"https:\\\/\\\/repliquemangacine.fr\\\/wp-content\\\/uploads\\\/2023\\\/11\\\/Support-bois-Napoleon.jpg\",\"datePublished\":\"2023-11-19T17:24:19+00:00\",\"dateModified\":\"2026-02-18T19:35:18+00:00\",\"description\":\"D\u00e9couvrez ce magnifique Support en bois Napol\u00e9on avec son embl\u00e8me de la couronne en m\u00e9tal finement d\u00e9cor\u00e9. Support tout en bois \u00e0 emboiter\",\"breadcrumb\":{\"@id\":\"https:\\\/\\\/repliquemangacine.fr\\\/repliques-darmes-napoleon\\\/support-en-bois-napoleon\\\/#breadcrumb\"},\"inLanguage\":\"es\",\"potentialAction\":[{\"@type\":\"ReadAction\",\"target\":[\"https:\\\/\\\/repliquemangacine.fr\\\/repliques-darmes-napoleon\\\/support-en-bois-napoleon\\\/\"]}]},{\"@type\":\"ImageObject\",\"inLanguage\":\"es\",\"@id\":\"https:\\\/\\\/repliquemangacine.fr\\\/repliques-darmes-napoleon\\\/support-en-bois-napoleon\\\/#primaryimage\",\"url\":\"https:\\\/\\\/repliquemangacine.fr\\\/wp-content\\\/uploads\\\/2023\\\/11\\\/Support-bois-Napoleon.jpg\",\"contentUrl\":\"https:\\\/\\\/repliquemangacine.fr\\\/wp-content\\\/uploads\\\/2023\\\/11\\\/Support-bois-Napoleon.jpg\",\"width\":500,\"height\":500,\"caption\":\"Support en bois Napol\u00e9on\"},{\"@type\":\"BreadcrumbList\",\"@id\":\"https:\\\/\\\/repliquemangacine.fr\\\/repliques-darmes-napoleon\\\/support-en-bois-napoleon\\\/#breadcrumb\",\"itemListElement\":[{\"@type\":\"ListItem\",\"position\":1,\"name\":\"Accueil\",\"item\":\"https:\\\/\\\/repliquemangacine.fr\\\/\"},{\"@type\":\"ListItem\",\"position\":2,\"name\":\"Produits\",\"item\":\"https:\\\/\\\/repliquemangacine.fr\\\/boutique\\\/\"},{\"@type\":\"ListItem\",\"position\":3,\"name\":\"Support en bois Napol\u00e9on\"}]},{\"@type\":\"WebSite\",\"@id\":\"https:\\\/\\\/repliquemangacine.fr\\\/#website\",\"url\":\"https:\\\/\\\/repliquemangacine.fr\\\/\",\"name\":\"R\u00e9plique Manga Cin\u00e9\",\"description\":\"\",\"publisher\":{\"@id\":\"https:\\\/\\\/repliquemangacine.fr\\\/#organization\"},\"potentialAction\":[{\"@type\":\"SearchAction\",\"target\":{\"@type\":\"EntryPoint\",\"urlTemplate\":\"https:\\\/\\\/repliquemangacine.fr\\\/?s={search_term_string}\"},\"query-input\":{\"@type\":\"PropertyValueSpecification\",\"valueRequired\":true,\"valueName\":\"search_term_string\"}}],\"inLanguage\":\"es\"},{\"@type\":\"Organization\",\"@id\":\"https:\\\/\\\/repliquemangacine.fr\\\/#organization\",\"name\":\"R\u00e9plique Manga Cin\u00e9\",\"url\":\"https:\\\/\\\/repliquemangacine.fr\\\/\",\"logo\":{\"@type\":\"ImageObject\",\"inLanguage\":\"es\",\"@id\":\"https:\\\/\\\/repliquemangacine.fr\\\/#\\\/schema\\\/logo\\\/image\\\/\",\"url\":\"https:\\\/\\\/repliquemangacine.fr\\\/wp-content\\\/uploads\\\/2023\\\/10\\\/RMC-500250.png\",\"contentUrl\":\"https:\\\/\\\/repliquemangacine.fr\\\/wp-content\\\/uploads\\\/2023\\\/10\\\/RMC-500250.png\",\"width\":500,\"height\":250,\"caption\":\"R\u00e9plique Manga Cin\u00e9\"},\"image\":{\"@id\":\"https:\\\/\\\/repliquemangacine.fr\\\/#\\\/schema\\\/logo\\\/image\\\/\"},\"sameAs\":[\"https:\\\/\\\/www.facebook.com\\\/RepliqueMangaCine\",\"https:\\\/\\\/www.instagram.com\\\/repliquemangacine.fr\\\/\"]}]}<\/script>\n<!-- \/ Yoast SEO plugin. -->","yoast_head_json":{"title":"Caballete de madera Napole\u00f3n - R\u00e9plicas y accesorios Denix | R\u00e9plique Manga Cin\u00e9","description":"Descubra esta magn\u00edfica peana de madera Napole\u00f3n con el emblema de la corona de metal finamente decorado. Peana totalmente de madera para encajar a presi\u00f3n","robots":{"index":"index","follow":"follow","max-snippet":"max-snippet:-1","max-image-preview":"max-image-preview:large","max-video-preview":"max-video-preview:-1"},"canonical":"https:\/\/repliquemangacine.fr\/es\/replicas-de-armas-napoleon\/soporte-de-madera-napoleon\/","og_locale":"es_ES","og_type":"article","og_title":"Support en bois Napol\u00e9on - R\u00e9pliques et accessoires Denix | R\u00e9plique Manga Cin\u00e9","og_description":"D\u00e9couvrez ce magnifique Support en bois Napol\u00e9on avec son embl\u00e8me de la couronne en m\u00e9tal finement d\u00e9cor\u00e9. Support tout en bois \u00e0 emboiter","og_url":"https:\/\/repliquemangacine.fr\/es\/replicas-de-armas-napoleon\/soporte-de-madera-napoleon\/","og_site_name":"R\u00e9plique Manga Cin\u00e9","article_publisher":"https:\/\/www.facebook.com\/RepliqueMangaCine","article_modified_time":"2026-02-18T19:35:18+00:00","og_image":[{"width":500,"height":500,"url":"https:\/\/repliquemangacine.fr\/wp-content\/uploads\/2023\/11\/Support-bois-Napoleon.jpg","type":"image\/jpeg"}],"twitter_card":"summary_large_image","twitter_misc":{"Tiempo de lectura":"3 minutos"},"schema":{"@context":"https:\/\/schema.org","@graph":[{"@type":"WebPage","@id":"https:\/\/repliquemangacine.fr\/repliques-darmes-napoleon\/support-en-bois-napoleon\/","url":"https:\/\/repliquemangacine.fr\/repliques-darmes-napoleon\/support-en-bois-napoleon\/","name":"Caballete de madera Napole\u00f3n - R\u00e9plicas y accesorios Denix | R\u00e9plique Manga Cin\u00e9","isPartOf":{"@id":"https:\/\/repliquemangacine.fr\/#website"},"primaryImageOfPage":{"@id":"https:\/\/repliquemangacine.fr\/repliques-darmes-napoleon\/support-en-bois-napoleon\/#primaryimage"},"image":{"@id":"https:\/\/repliquemangacine.fr\/repliques-darmes-napoleon\/support-en-bois-napoleon\/#primaryimage"},"thumbnailUrl":"https:\/\/repliquemangacine.fr\/wp-content\/uploads\/2023\/11\/Support-bois-Napoleon.jpg","datePublished":"2023-11-19T17:24:19+00:00","dateModified":"2026-02-18T19:35:18+00:00","description":"Descubra esta magn\u00edfica peana de madera Napole\u00f3n con el emblema de la corona de metal finamente decorado. Peana totalmente de madera para encajar a presi\u00f3n","breadcrumb":{"@id":"https:\/\/repliquemangacine.fr\/repliques-darmes-napoleon\/support-en-bois-napoleon\/#breadcrumb"},"inLanguage":"es","potentialAction":[{"@type":"ReadAction","target":["https:\/\/repliquemangacine.fr\/repliques-darmes-napoleon\/support-en-bois-napoleon\/"]}]},{"@type":"ImageObject","inLanguage":"es","@id":"https:\/\/repliquemangacine.fr\/repliques-darmes-napoleon\/support-en-bois-napoleon\/#primaryimage","url":"https:\/\/repliquemangacine.fr\/wp-content\/uploads\/2023\/11\/Support-bois-Napoleon.jpg","contentUrl":"https:\/\/repliquemangacine.fr\/wp-content\/uploads\/2023\/11\/Support-bois-Napoleon.jpg","width":500,"height":500,"caption":"Support en bois Napol\u00e9on"},{"@type":"BreadcrumbList","@id":"https:\/\/repliquemangacine.fr\/repliques-darmes-napoleon\/support-en-bois-napoleon\/#breadcrumb","itemListElement":[{"@type":"ListItem","position":1,"name":"Accueil","item":"https:\/\/repliquemangacine.fr\/"},{"@type":"ListItem","position":2,"name":"Produits","item":"https:\/\/repliquemangacine.fr\/boutique\/"},{"@type":"ListItem","position":3,"name":"Support en bois Napol\u00e9on"}]},{"@type":"WebSite","@id":"https:\/\/repliquemangacine.fr\/#website","url":"https:\/\/repliquemangacine.fr\/","name":"R\u00e9plique Manga Cin\u00e9","description":"","publisher":{"@id":"https:\/\/repliquemangacine.fr\/#organization"},"potentialAction":[{"@type":"SearchAction","target":{"@type":"EntryPoint","urlTemplate":"https:\/\/repliquemangacine.fr\/?s={search_term_string}"},"query-input":{"@type":"PropertyValueSpecification","valueRequired":true,"valueName":"search_term_string"}}],"inLanguage":"es"},{"@type":"Organization","@id":"https:\/\/repliquemangacine.fr\/#organization","name":"R\u00e9plique Manga Cin\u00e9","url":"https:\/\/repliquemangacine.fr\/","logo":{"@type":"ImageObject","inLanguage":"es","@id":"https:\/\/repliquemangacine.fr\/#\/schema\/logo\/image\/","url":"https:\/\/repliquemangacine.fr\/wp-content\/uploads\/2023\/10\/RMC-500250.png","contentUrl":"https:\/\/repliquemangacine.fr\/wp-content\/uploads\/2023\/10\/RMC-500250.png","width":500,"height":250,"caption":"R\u00e9plique Manga Cin\u00e9"},"image":{"@id":"https:\/\/repliquemangacine.fr\/#\/schema\/logo\/image\/"},"sameAs":["https:\/\/www.facebook.com\/RepliqueMangaCine","https:\/\/www.instagram.com\/repliquemangacine.fr\/"]}]}},"_links":{"self":[{"href":"https:\/\/repliquemangacine.fr\/es\/wp-json\/wp\/v2\/product\/65630","targetHints":{"allow":["GET"]}}],"collection":[{"href":"https:\/\/repliquemangacine.fr\/es\/wp-json\/wp\/v2\/product"}],"about":[{"href":"https:\/\/repliquemangacine.fr\/es\/wp-json\/wp\/v2\/types\/product"}],"wp:featuredmedia":[{"embeddable":true,"href":"https:\/\/repliquemangacine.fr\/es\/wp-json\/wp\/v2\/media\/65631"}],"wp:attachment":[{"href":"https:\/\/repliquemangacine.fr\/es\/wp-json\/wp\/v2\/media?parent=65630"}],"wp:term":[{"taxonomy":"product_brand","embeddable":true,"href":"https:\/\/repliquemangacine.fr\/es\/wp-json\/wp\/v2\/product_brand?post=65630"},{"taxonomy":"product_cat","embeddable":true,"href":"https:\/\/repliquemangacine.fr\/es\/wp-json\/wp\/v2\/product_cat?post=65630"},{"taxonomy":"product_tag","embeddable":true,"href":"https:\/\/repliquemangacine.fr\/es\/wp-json\/wp\/v2\/product_tag?post=65630"}],"curies":[{"name":"wp","href":"https:\/\/api.w.org\/{rel}","templated":true}]}}