





{"id":65618,"date":"2023-11-19T17:29:01","date_gmt":"2023-11-19T16:29:01","guid":{"rendered":"https:\/\/repliquemangacine.fr\/?post_type=product&#038;p=65618"},"modified":"2026-03-27T15:05:53","modified_gmt":"2026-03-27T14:05:53","slug":"daga-de-coronacion-de-napoleon","status":"publish","type":"product","link":"https:\/\/repliquemangacine.fr\/es\/repliques-darmes-napoleon\/dague-du-sacre-de-napoleon\/","title":{"rendered":"La daga de la coronaci\u00f3n de Napole\u00f3n"},"content":{"rendered":"<h2>La daga de la coronaci\u00f3n de Napole\u00f3n: s\u00edmbolo de elegancia y poder<\/h2>\n<p>Para empezar, la daga de coronaci\u00f3n de Napole\u00f3n, modelo 1809, fue realizada por Martin-Guillaume Biennais, \u00aborfebre de Su Majestad el Emperador y Rey en Par\u00eds\u00bb.<br \/>\nLleva los emblemas imperiales.<\/p>\n<p>Esta pieza, a menudo eclipsada por las famosas espadas del emperador, tiene sin embargo su propio valor hist\u00f3rico y art\u00edstico. Ricamente ornamentada, simbolizaba la elegancia y el poder de Napole\u00f3n.<\/p>\n<h3>Finura y artesan\u00eda: la daga ceremonial Napole\u00f3n<\/h3>\n<p>La daga de Napole\u00f3n era una obra maestra de la artesan\u00eda. El orfebre de la \u00e9poca prest\u00f3 especial atenci\u00f3n a los detalles. Adornando la empu\u00f1adura y la vaina con motivos<br \/>\ncomplejos.  No era solo un arma, sino una aut\u00e9ntica obra de arte, que representaba el estatus y el refinado gusto del emperador.<\/p>\n<p>Esta daga de Bonaparte representa mucho m\u00e1s que un simple arma: es un emblema de la historia y la grandeza de la \u00e9poca napole\u00f3nica.<\/p>\n<h2>Armas napole\u00f3nicas Denix: un tesoro del pasado<\/h2>\n<p>Las pistolas Denix ofrecen una ventana \u00fanica al pasado, combinando la belleza de la artesan\u00eda antigua con la precisi\u00f3n moderna.  Fabricadas por uno de los l\u00edderes mundiales en la producci\u00f3n de armas hist\u00f3ricas, son piezas excepcionales para los amantes de la historia y los coleccionistas. He aqu\u00ed algunos ejemplos:<\/p>\n<ul>\n<li>Le <a href=\"https:\/\/repliquemangacine.fr\/es\/replicas-de-armas-napoleon\/encendedor-de-sable-del-1er-imperio-de-infanteria-napoleonica\/\">sable encendedor<\/a> Infanter\u00eda napole\u00f3nica<\/li>\n<li>Tambi\u00e9n existe la<a href=\"https:\/\/repliquemangacine.fr\/es\/replicas-de-armas-napoleon\/canon-napoleon-1857-usa-guerra-civil-denix\/\"> ca\u00f1\u00f3n en miniatura<\/a> de Napole\u00f3n<\/li>\n<li>As\u00ed como el <a href=\"https:\/\/repliquemangacine.fr\/es\/replicas-de-armas-napoleon\/fusil-charleville-1806-con-bayoneta\/\">Fusil Charleville 1806<\/a> con su bayoneta<\/li>\n<\/ul>\n<p>Todas sus r\u00e9plicas reflejan la riqueza de la historia a trav\u00e9s de meticulosos detalles y una artesan\u00eda superior.<\/p>\n<h3>Calidad y autenticidad: Denix se distingue<\/h3>\n<p>Por \u00faltimo, el <a href=\"https:\/\/www.denix.fr\/\" target=\"_blank\" rel=\"noopener noreferrer\">Denix<\/a> destaca por su capacidad para crear r\u00e9plicas hist\u00f3ricas que combinan la fidelidad al original con una calidad excepcional. Pero no son simples reproducciones. Son el resultado de un meticuloso trabajo artesanal, respetando las t\u00e9cnicas y dise\u00f1os de la \u00e9poca.<\/p>\n<h2>\u00bfC\u00f3mo se fabrican las r\u00e9plicas de armas Denix?<\/h2>\n<p>Utilizadas en recreaciones hist\u00f3ricas, pel\u00edculas, series y por coleccionistas. Las reproducciones Denix est\u00e1n fabricadas con materiales de alta calidad. Cuidadosamente elaboradas y ensambladas para crear armas de colecci\u00f3n realistas.<\/p>\n<ul>\n<li>Los metales se encuentran en una aleaci\u00f3n met\u00e1lica conocida como Zamac, cuya composici\u00f3n b\u00e1sica es zinc en 95%.<\/li>\n<li>Las espadas y dagas tienen una hoja de acero inoxidable de alta calidad.<\/li>\n<li>Las piezas de pl\u00e1stico de las r\u00e9plicas son de ABS moldeado, que ofrece una gran resistencia.<\/li>\n<li>La madera elegida por su belleza y durabilidad, como la caoba, el olivo o el nogal, dar\u00e1 a sus culatas y barricas un aspecto elegante y aut\u00e9ntico.<\/li>\n<\/ul>\n<p>Cabe destacar que todas las reproducciones de armas Denix son id\u00e9nticas a las originales, como su Daga de la Coronaci\u00f3n de Napole\u00f3n.<\/p>","protected":false},"excerpt":{"rendered":"<p>Magn\u00edfica r\u00e9plica de la daga de la coronaci\u00f3n de Napole\u00f3n modelo 1809 firmada Denix<\/p>\n<ul>\n<li>Hoja de acero inoxidable decorada.<\/li>\n<li>Asa de metal ricamente decorada con la cabeza del Emperador<\/li>\n<li>Vaina con emblema de la N y \u00e1guila con las alas extendidas.<\/li>\n<li>Anilla lateral para transporte<\/li>\n<li>Longitud total: 41 cm<\/li>\n<\/ul>","protected":false},"featured_media":65619,"template":"","meta":[],"product_brand":[896],"product_cat":[25,833],"product_tag":[],"class_list":{"0":"post-65618","1":"product","2":"type-product","3":"status-publish","4":"has-post-thumbnail","6":"product_brand-replique-manga-cine","7":"product_cat-armes-historiques","8":"product_cat-repliques-darmes-napoleon","10":"first","11":"instock","12":"taxable","13":"shipping-taxable","14":"purchasable","15":"product-type-simple"},"yoast_head":"<!-- This site is optimized with the Yoast SEO plugin v27.4 - https:\/\/yoast.com\/product\/yoast-seo-wordpress\/ -->\n<title>Dague du Sacre de Napol\u00e9on - R\u00e9pliques d&#039;armes Denix | R\u00e9plique Manga Cin\u00e9<\/title>\n<meta name=\"description\" content=\"\u00c0 l&#039;occasion de la sortie du film &quot; Napol\u00e9on &quot; de Ridley Scott, la Dague du Sacre de Napol\u00e9on. Lame acier. Fourreau et poign\u00e9e avec embl\u00e8me de l&#039;empereur.\" \/>\n<meta name=\"robots\" content=\"index, follow, max-snippet:-1, max-image-preview:large, max-video-preview:-1\" \/>\n<link rel=\"canonical\" href=\"https:\/\/repliquemangacine.fr\/es\/replicas-de-armas-napoleon\/daga-de-coronacion-de-napoleon\/\" \/>\n<meta property=\"og:locale\" content=\"es_ES\" \/>\n<meta property=\"og:type\" content=\"article\" \/>\n<meta property=\"og:title\" content=\"Dague du Sacre de Napol\u00e9on - R\u00e9pliques d&#039;armes Denix | R\u00e9plique Manga Cin\u00e9\" \/>\n<meta property=\"og:description\" content=\"\u00c0 l&#039;occasion de la sortie du film &quot; Napol\u00e9on &quot; de Ridley Scott, la Dague du Sacre de Napol\u00e9on. Lame acier. Fourreau et poign\u00e9e avec embl\u00e8me de l&#039;empereur.\" \/>\n<meta property=\"og:url\" content=\"https:\/\/repliquemangacine.fr\/es\/replicas-de-armas-napoleon\/daga-de-coronacion-de-napoleon\/\" \/>\n<meta property=\"og:site_name\" content=\"R\u00e9plique Manga Cin\u00e9\" \/>\n<meta property=\"article:publisher\" content=\"https:\/\/www.facebook.com\/RepliqueMangaCine\" \/>\n<meta property=\"article:modified_time\" content=\"2026-03-27T14:05:53+00:00\" \/>\n<meta property=\"og:image\" content=\"https:\/\/repliquemangacine.fr\/wp-content\/uploads\/2023\/11\/dague-Napoleon-lame-jpg.jpg\" \/>\n\t<meta property=\"og:image:width\" content=\"500\" \/>\n\t<meta property=\"og:image:height\" content=\"500\" \/>\n\t<meta property=\"og:image:type\" content=\"image\/jpeg\" \/>\n<meta name=\"twitter:card\" content=\"summary_large_image\" \/>\n<meta name=\"twitter:label1\" content=\"Tiempo de lectura\" \/>\n\t<meta name=\"twitter:data1\" content=\"3 minutos\" \/>\n<script type=\"application\/ld+json\" class=\"yoast-schema-graph\">{\"@context\":\"https:\\\/\\\/schema.org\",\"@graph\":[{\"@type\":\"WebPage\",\"@id\":\"https:\\\/\\\/repliquemangacine.fr\\\/repliques-darmes-napoleon\\\/dague-du-sacre-de-napoleon\\\/\",\"url\":\"https:\\\/\\\/repliquemangacine.fr\\\/repliques-darmes-napoleon\\\/dague-du-sacre-de-napoleon\\\/\",\"name\":\"Dague du Sacre de Napol\u00e9on - R\u00e9pliques d'armes Denix | R\u00e9plique Manga Cin\u00e9\",\"isPartOf\":{\"@id\":\"https:\\\/\\\/repliquemangacine.fr\\\/#website\"},\"primaryImageOfPage\":{\"@id\":\"https:\\\/\\\/repliquemangacine.fr\\\/repliques-darmes-napoleon\\\/dague-du-sacre-de-napoleon\\\/#primaryimage\"},\"image\":{\"@id\":\"https:\\\/\\\/repliquemangacine.fr\\\/repliques-darmes-napoleon\\\/dague-du-sacre-de-napoleon\\\/#primaryimage\"},\"thumbnailUrl\":\"https:\\\/\\\/repliquemangacine.fr\\\/wp-content\\\/uploads\\\/2023\\\/11\\\/dague-Napoleon-lame-jpg.jpg\",\"datePublished\":\"2023-11-19T16:29:01+00:00\",\"dateModified\":\"2026-03-27T14:05:53+00:00\",\"description\":\"\u00c0 l'occasion de la sortie du film \\\" Napol\u00e9on \\\" de Ridley Scott, la Dague du Sacre de Napol\u00e9on. Lame acier. Fourreau et poign\u00e9e avec embl\u00e8me de l'empereur.\",\"breadcrumb\":{\"@id\":\"https:\\\/\\\/repliquemangacine.fr\\\/repliques-darmes-napoleon\\\/dague-du-sacre-de-napoleon\\\/#breadcrumb\"},\"inLanguage\":\"es\",\"potentialAction\":[{\"@type\":\"ReadAction\",\"target\":[\"https:\\\/\\\/repliquemangacine.fr\\\/repliques-darmes-napoleon\\\/dague-du-sacre-de-napoleon\\\/\"]}]},{\"@type\":\"ImageObject\",\"inLanguage\":\"es\",\"@id\":\"https:\\\/\\\/repliquemangacine.fr\\\/repliques-darmes-napoleon\\\/dague-du-sacre-de-napoleon\\\/#primaryimage\",\"url\":\"https:\\\/\\\/repliquemangacine.fr\\\/wp-content\\\/uploads\\\/2023\\\/11\\\/dague-Napoleon-lame-jpg.jpg\",\"contentUrl\":\"https:\\\/\\\/repliquemangacine.fr\\\/wp-content\\\/uploads\\\/2023\\\/11\\\/dague-Napoleon-lame-jpg.jpg\",\"width\":500,\"height\":500,\"caption\":\"Dague du Sacre de Napol\u00e9on\"},{\"@type\":\"BreadcrumbList\",\"@id\":\"https:\\\/\\\/repliquemangacine.fr\\\/repliques-darmes-napoleon\\\/dague-du-sacre-de-napoleon\\\/#breadcrumb\",\"itemListElement\":[{\"@type\":\"ListItem\",\"position\":1,\"name\":\"Accueil\",\"item\":\"https:\\\/\\\/repliquemangacine.fr\\\/\"},{\"@type\":\"ListItem\",\"position\":2,\"name\":\"Produits\",\"item\":\"https:\\\/\\\/repliquemangacine.fr\\\/boutique\\\/\"},{\"@type\":\"ListItem\",\"position\":3,\"name\":\"Dague du Sacre de Napol\u00e9on\"}]},{\"@type\":\"WebSite\",\"@id\":\"https:\\\/\\\/repliquemangacine.fr\\\/#website\",\"url\":\"https:\\\/\\\/repliquemangacine.fr\\\/\",\"name\":\"R\u00e9plique Manga Cin\u00e9\",\"description\":\"\",\"publisher\":{\"@id\":\"https:\\\/\\\/repliquemangacine.fr\\\/#organization\"},\"potentialAction\":[{\"@type\":\"SearchAction\",\"target\":{\"@type\":\"EntryPoint\",\"urlTemplate\":\"https:\\\/\\\/repliquemangacine.fr\\\/?s={search_term_string}\"},\"query-input\":{\"@type\":\"PropertyValueSpecification\",\"valueRequired\":true,\"valueName\":\"search_term_string\"}}],\"inLanguage\":\"es\"},{\"@type\":\"Organization\",\"@id\":\"https:\\\/\\\/repliquemangacine.fr\\\/#organization\",\"name\":\"R\u00e9plique Manga Cin\u00e9\",\"url\":\"https:\\\/\\\/repliquemangacine.fr\\\/\",\"logo\":{\"@type\":\"ImageObject\",\"inLanguage\":\"es\",\"@id\":\"https:\\\/\\\/repliquemangacine.fr\\\/#\\\/schema\\\/logo\\\/image\\\/\",\"url\":\"https:\\\/\\\/repliquemangacine.fr\\\/wp-content\\\/uploads\\\/2023\\\/10\\\/RMC-500250.png\",\"contentUrl\":\"https:\\\/\\\/repliquemangacine.fr\\\/wp-content\\\/uploads\\\/2023\\\/10\\\/RMC-500250.png\",\"width\":500,\"height\":250,\"caption\":\"R\u00e9plique Manga Cin\u00e9\"},\"image\":{\"@id\":\"https:\\\/\\\/repliquemangacine.fr\\\/#\\\/schema\\\/logo\\\/image\\\/\"},\"sameAs\":[\"https:\\\/\\\/www.facebook.com\\\/RepliqueMangaCine\",\"https:\\\/\\\/www.instagram.com\\\/repliquemangacine.fr\\\/\"]}]}<\/script>\n<!-- \/ Yoast SEO plugin. -->","yoast_head_json":{"title":"Daga de la coronaci\u00f3n de Napole\u00f3n - Denix Replica Weapons | R\u00e9plique Manga Cin\u00e9","description":"Con motivo del estreno de la pel\u00edcula de Ridley Scott \"Napole\u00f3n\", la Daga del Rito de Napole\u00f3n. Hoja de acero. Vaina y empu\u00f1adura con el emblema del emperador.","robots":{"index":"index","follow":"follow","max-snippet":"max-snippet:-1","max-image-preview":"max-image-preview:large","max-video-preview":"max-video-preview:-1"},"canonical":"https:\/\/repliquemangacine.fr\/es\/replicas-de-armas-napoleon\/daga-de-coronacion-de-napoleon\/","og_locale":"es_ES","og_type":"article","og_title":"Dague du Sacre de Napol\u00e9on - R\u00e9pliques d'armes Denix | R\u00e9plique Manga Cin\u00e9","og_description":"\u00c0 l'occasion de la sortie du film \" Napol\u00e9on \" de Ridley Scott, la Dague du Sacre de Napol\u00e9on. Lame acier. Fourreau et poign\u00e9e avec embl\u00e8me de l'empereur.","og_url":"https:\/\/repliquemangacine.fr\/es\/replicas-de-armas-napoleon\/daga-de-coronacion-de-napoleon\/","og_site_name":"R\u00e9plique Manga Cin\u00e9","article_publisher":"https:\/\/www.facebook.com\/RepliqueMangaCine","article_modified_time":"2026-03-27T14:05:53+00:00","og_image":[{"width":500,"height":500,"url":"https:\/\/repliquemangacine.fr\/wp-content\/uploads\/2023\/11\/dague-Napoleon-lame-jpg.jpg","type":"image\/jpeg"}],"twitter_card":"summary_large_image","twitter_misc":{"Tiempo de lectura":"3 minutos"},"schema":{"@context":"https:\/\/schema.org","@graph":[{"@type":"WebPage","@id":"https:\/\/repliquemangacine.fr\/repliques-darmes-napoleon\/dague-du-sacre-de-napoleon\/","url":"https:\/\/repliquemangacine.fr\/repliques-darmes-napoleon\/dague-du-sacre-de-napoleon\/","name":"Daga de la coronaci\u00f3n de Napole\u00f3n - Denix Replica Weapons | R\u00e9plique Manga Cin\u00e9","isPartOf":{"@id":"https:\/\/repliquemangacine.fr\/#website"},"primaryImageOfPage":{"@id":"https:\/\/repliquemangacine.fr\/repliques-darmes-napoleon\/dague-du-sacre-de-napoleon\/#primaryimage"},"image":{"@id":"https:\/\/repliquemangacine.fr\/repliques-darmes-napoleon\/dague-du-sacre-de-napoleon\/#primaryimage"},"thumbnailUrl":"https:\/\/repliquemangacine.fr\/wp-content\/uploads\/2023\/11\/dague-Napoleon-lame-jpg.jpg","datePublished":"2023-11-19T16:29:01+00:00","dateModified":"2026-03-27T14:05:53+00:00","description":"Con motivo del estreno de la pel\u00edcula de Ridley Scott \"Napole\u00f3n\", la Daga del Rito de Napole\u00f3n. Hoja de acero. Vaina y empu\u00f1adura con el emblema del emperador.","breadcrumb":{"@id":"https:\/\/repliquemangacine.fr\/repliques-darmes-napoleon\/dague-du-sacre-de-napoleon\/#breadcrumb"},"inLanguage":"es","potentialAction":[{"@type":"ReadAction","target":["https:\/\/repliquemangacine.fr\/repliques-darmes-napoleon\/dague-du-sacre-de-napoleon\/"]}]},{"@type":"ImageObject","inLanguage":"es","@id":"https:\/\/repliquemangacine.fr\/repliques-darmes-napoleon\/dague-du-sacre-de-napoleon\/#primaryimage","url":"https:\/\/repliquemangacine.fr\/wp-content\/uploads\/2023\/11\/dague-Napoleon-lame-jpg.jpg","contentUrl":"https:\/\/repliquemangacine.fr\/wp-content\/uploads\/2023\/11\/dague-Napoleon-lame-jpg.jpg","width":500,"height":500,"caption":"Dague du Sacre de Napol\u00e9on"},{"@type":"BreadcrumbList","@id":"https:\/\/repliquemangacine.fr\/repliques-darmes-napoleon\/dague-du-sacre-de-napoleon\/#breadcrumb","itemListElement":[{"@type":"ListItem","position":1,"name":"Accueil","item":"https:\/\/repliquemangacine.fr\/"},{"@type":"ListItem","position":2,"name":"Produits","item":"https:\/\/repliquemangacine.fr\/boutique\/"},{"@type":"ListItem","position":3,"name":"Dague du Sacre de Napol\u00e9on"}]},{"@type":"WebSite","@id":"https:\/\/repliquemangacine.fr\/#website","url":"https:\/\/repliquemangacine.fr\/","name":"R\u00e9plique Manga Cin\u00e9","description":"","publisher":{"@id":"https:\/\/repliquemangacine.fr\/#organization"},"potentialAction":[{"@type":"SearchAction","target":{"@type":"EntryPoint","urlTemplate":"https:\/\/repliquemangacine.fr\/?s={search_term_string}"},"query-input":{"@type":"PropertyValueSpecification","valueRequired":true,"valueName":"search_term_string"}}],"inLanguage":"es"},{"@type":"Organization","@id":"https:\/\/repliquemangacine.fr\/#organization","name":"R\u00e9plique Manga Cin\u00e9","url":"https:\/\/repliquemangacine.fr\/","logo":{"@type":"ImageObject","inLanguage":"es","@id":"https:\/\/repliquemangacine.fr\/#\/schema\/logo\/image\/","url":"https:\/\/repliquemangacine.fr\/wp-content\/uploads\/2023\/10\/RMC-500250.png","contentUrl":"https:\/\/repliquemangacine.fr\/wp-content\/uploads\/2023\/10\/RMC-500250.png","width":500,"height":250,"caption":"R\u00e9plique Manga Cin\u00e9"},"image":{"@id":"https:\/\/repliquemangacine.fr\/#\/schema\/logo\/image\/"},"sameAs":["https:\/\/www.facebook.com\/RepliqueMangaCine","https:\/\/www.instagram.com\/repliquemangacine.fr\/"]}]}},"_links":{"self":[{"href":"https:\/\/repliquemangacine.fr\/es\/wp-json\/wp\/v2\/product\/65618","targetHints":{"allow":["GET"]}}],"collection":[{"href":"https:\/\/repliquemangacine.fr\/es\/wp-json\/wp\/v2\/product"}],"about":[{"href":"https:\/\/repliquemangacine.fr\/es\/wp-json\/wp\/v2\/types\/product"}],"wp:featuredmedia":[{"embeddable":true,"href":"https:\/\/repliquemangacine.fr\/es\/wp-json\/wp\/v2\/media\/65619"}],"wp:attachment":[{"href":"https:\/\/repliquemangacine.fr\/es\/wp-json\/wp\/v2\/media?parent=65618"}],"wp:term":[{"taxonomy":"product_brand","embeddable":true,"href":"https:\/\/repliquemangacine.fr\/es\/wp-json\/wp\/v2\/product_brand?post=65618"},{"taxonomy":"product_cat","embeddable":true,"href":"https:\/\/repliquemangacine.fr\/es\/wp-json\/wp\/v2\/product_cat?post=65618"},{"taxonomy":"product_tag","embeddable":true,"href":"https:\/\/repliquemangacine.fr\/es\/wp-json\/wp\/v2\/product_tag?post=65618"}],"curies":[{"name":"wp","href":"https:\/\/api.w.org\/{rel}","templated":true}]}}