





{"id":65489,"date":"2023-11-14T19:04:40","date_gmt":"2023-11-14T18:04:40","guid":{"rendered":"https:\/\/repliquemangacine.fr\/?post_type=product&#038;p=65489"},"modified":"2026-02-23T15:30:02","modified_gmt":"2026-02-23T14:30:02","slug":"winchester-1873-rifle-antiguo","status":"publish","type":"product","link":"https:\/\/repliquemangacine.fr\/es\/armes-westerns\/fusil-winchester-1873-vieilli\/","title":{"rendered":"Rifle Winchester 1873 antiguo"},"content":{"rendered":"<h2>Antiguo rifle Winchester 1873 de Denix<\/h2>\n<p>Para empezar, el <strong>Rifle Winchester 1873 antiguo<\/strong>, a menudo descrita como \u201cel arma que conquist\u00f3 el Oeste\u201d. Dise\u00f1ada por la Winchester Repeating Arms Company, revolucion\u00f3 las armas de fuego de la \u00e9poca gracias a su innovador mecanismo de carga repetitiva.<\/p>\n<p>El Winchester 1873 adquiri\u00f3 una fama legendaria, apareciendo a menudo en pel\u00edculas y literatura del oeste. Hollywood incluso le dedic\u00f3 una pel\u00edcula, \u201cWinchester \u201973\u201d, rodada en 1950, con James Stewart y dirigida por Anthony Mann.<\/p>\n<h3>Dise\u00f1o y funcionamiento del rifle Winchester 1873<\/h3>\n<p>Cabe se\u00f1alar que el Winchester 1873 utilizaba un mecanismo de palanca para expulsar un cartucho gastado y cargar un nuevo cartucho en la rec\u00e1mara. Este sistema permit\u00eda disparos r\u00e1pidos y repetitivos, un gran avance con respecto a las armas de un solo disparo. Disponible en varios calibres, el m\u00e1s com\u00fan es el .44-40 Winchester.<\/p>\n<h2>Rifle Winchester 1873 : El icono del Oeste por Denix<\/h2>\n<p>Le <strong>Rifle Winchester 1873 antiguo<\/strong> de Denix encarna el esp\u00edritu y la aventura del Oeste americano. Esta meticulosa r\u00e9plica, fabricada por Denix, l\u00edder en la reproducci\u00f3n de armas hist\u00f3ricas. Ofrece una calidad y un realismo excepcionales. Reconocido por su innovador mecanismo de palanca y su velocidad de disparo. Denix ha recreado el famoso rifle hasta el \u00faltimo detalle. Desde el calibre original .44-40 Winchester hasta el mecanismo de carga y el acabado. De hecho, todos los aspectos reflejan la herencia de esta legendaria arma, con la ventaja a\u00f1adida de la expulsi\u00f3n de la bala.<\/p>\n<h3>R\u00e9plica aut\u00e9ntica de Denix<\/h3>\n<p>Con Denix, sum\u00e9rjase en la historia del Oeste americano con aut\u00e9nticas r\u00e9plicas de armas. Por ejemplo :<\/p>\n<ul>\n<li>La r\u00e9plica del <a href=\"https:\/\/repliquemangacine.fr\/es\/denix\/colt-dragoon-1848\/\">Colt Dragoon de 1848<\/a> con su sublime grabado en el ca\u00f1\u00f3n.<\/li>\n<li>Adem\u00e1s del famoso <a href=\"https:\/\/repliquemangacine.fr\/es\/denix\/wyatt-earp-escopeta-de-doble-canon-usa-1881\/\">Wyatt Earp escopeta de doble ca\u00f1\u00f3n<\/a>.<\/li>\n<li>Y hay mucho m\u00e1s por descubrir.<\/li>\n<\/ul>\n<p>Cada r\u00e9plica de Denix es un homenaje al Salvaje Oeste<\/p>\n<h2>Calidad y precio: lo mejor de Denix<\/h2>\n<p>Cuando se trata de combinar calidad excepcional y asequibilidad, Denix destaca como una marca esencial. Mundialmente conocida por sus r\u00e9plicas de armas hist\u00f3ricas, <a href=\"https:\/\/www.denix.fr\/fr\/catalogue\/guerre-civile-occidentale-et-americaine-1861-1899\/carabines-carabines-et-fusils\/8318\/\" target=\"_blank\" rel=\"noopener noreferrer\">Denix<\/a> Ofrece una gama de productos que combinan fidelidad hist\u00f3rica y fabricaci\u00f3n cuidada, todo ello a precios asequibles.<\/p>\n<p>Cada producto es el resultado de una investigaci\u00f3n exhaustiva y una meticulosa atenci\u00f3n al detalle, lo que garantiza una experiencia aut\u00e9ntica. Esto hace que sus r\u00e9plicas sean ideales tanto para coleccionistas expertos como para amantes de la historia.<\/p>\n<h3>Relaci\u00f3n calidad-precio inmejorable en Denix<\/h3>\n<p>La relaci\u00f3n calidad-precio de Denix no tiene rival en el campo de las r\u00e9plicas de armas. Ya sea para enriquecer una colecci\u00f3n o para recreaciones hist\u00f3ricas. En conclusi\u00f3n, la marca se compromete a ofrecer r\u00e9plicas de notable calidad a precios que desaf\u00edan toda competencia, haciendo que la historia est\u00e9 al alcance de todos.<\/p>\n<p>&nbsp;<\/p>","protected":false},"excerpt":{"rendered":"<p>Magn\u00edfica r\u00e9plica del rifle de repetici\u00f3n Denix Winchester 1873.<\/p>\n<ul>\n<li>Metal (zamac) y madera<\/li>\n<li>Mecanismo funcional con expulsi\u00f3n de balas.<\/li>\n<li>Aspecto envejecido<\/li>\n<li>Stock de madera<\/li>\n<li>Palanca del guardamonte funcional para expulsar las balas.<\/li>\n<li>Se suministra con 3 bolas eyectoras.<\/li>\n<li>Longitud total: 110 cm<\/li>\n<li>Peso: 2625 g<\/li>\n<li>No se requiere autorizaci\u00f3n. Venta y posesi\u00f3n libres.<\/li>\n<\/ul>\n<p><iframe title=\"Reproductor de v\u00eddeo YouTube\" src=\"https:\/\/www.youtube.com\/embed\/hOfWcKSPhvM?si=rMilG3JhfID0RdD5\" width=\"560\" height=\"315\" frameborder=\"0\" allowfullscreen=\"allowfullscreen\"><\/iframe><\/p>","protected":false},"featured_media":85657,"template":"","meta":[],"product_brand":[896],"product_cat":[34,39,86,28,64,27],"product_tag":[],"class_list":{"0":"post-65489","1":"product","2":"type-product","3":"status-publish","4":"has-post-thumbnail","6":"product_brand-replique-manga-cine","7":"product_cat-armes-westerns","8":"product_cat-carabine-winchester","9":"product_cat-repliques-carabine-winchester-western","10":"product_cat-repliques-darmes","11":"product_cat-western-repliques-armes","12":"product_cat-armes-et-accessoires-western","14":"first","15":"outofstock","16":"sale","17":"taxable","18":"shipping-taxable","19":"purchasable","20":"product-type-simple"},"yoast_head":"<!-- This site is optimized with the Yoast SEO plugin v27.4 - https:\/\/yoast.com\/product\/yoast-seo-wordpress\/ -->\n<title>Fusil Winchester 1873 Vieilli - R\u00e9pliques d&#039;armes Denix | RMC<\/title>\n<meta name=\"description\" content=\"Venez d\u00e9couvrir cette superbe r\u00e9plique du Fusil Winchester 1873 Vieilli de Denix au meilleur prix. Mecanisme fonctionnel. \u00c9jection des balles. 110 cm\" \/>\n<meta name=\"robots\" content=\"index, follow, max-snippet:-1, max-image-preview:large, max-video-preview:-1\" \/>\n<link rel=\"canonical\" href=\"https:\/\/repliquemangacine.fr\/es\/armas-occidentales\/winchester-1873-rifle-antiguo\/\" \/>\n<meta property=\"og:locale\" content=\"es_ES\" \/>\n<meta property=\"og:type\" content=\"article\" \/>\n<meta property=\"og:title\" content=\"Fusil Winchester 1873 Vieilli - R\u00e9pliques d&#039;armes Denix | RMC\" \/>\n<meta property=\"og:description\" content=\"Venez d\u00e9couvrir cette superbe r\u00e9plique du Fusil Winchester 1873 Vieilli de Denix au meilleur prix. Mecanisme fonctionnel. \u00c9jection des balles. 110 cm\" \/>\n<meta property=\"og:url\" content=\"https:\/\/repliquemangacine.fr\/es\/armas-occidentales\/winchester-1873-rifle-antiguo\/\" \/>\n<meta property=\"og:site_name\" content=\"R\u00e9plique Manga Cin\u00e9\" \/>\n<meta property=\"article:publisher\" content=\"https:\/\/www.facebook.com\/RepliqueMangaCine\" \/>\n<meta property=\"article:modified_time\" content=\"2026-02-23T14:30:02+00:00\" \/>\n<meta property=\"og:image\" content=\"https:\/\/repliquemangacine.fr\/wp-content\/uploads\/2023\/11\/Fusil-Winchester-1873-Vieilli-1.jpg\" \/>\n\t<meta property=\"og:image:width\" content=\"700\" \/>\n\t<meta property=\"og:image:height\" content=\"700\" \/>\n\t<meta property=\"og:image:type\" content=\"image\/jpeg\" \/>\n<meta name=\"twitter:card\" content=\"summary_large_image\" \/>\n<meta name=\"twitter:label1\" content=\"Tiempo de lectura\" \/>\n\t<meta name=\"twitter:data1\" content=\"3 minutos\" \/>\n<script type=\"application\/ld+json\" class=\"yoast-schema-graph\">{\"@context\":\"https:\\\/\\\/schema.org\",\"@graph\":[{\"@type\":\"WebPage\",\"@id\":\"https:\\\/\\\/repliquemangacine.fr\\\/armes-westerns\\\/fusil-winchester-1873-vieilli\\\/\",\"url\":\"https:\\\/\\\/repliquemangacine.fr\\\/armes-westerns\\\/fusil-winchester-1873-vieilli\\\/\",\"name\":\"Fusil Winchester 1873 Vieilli - R\u00e9pliques d'armes Denix | RMC\",\"isPartOf\":{\"@id\":\"https:\\\/\\\/repliquemangacine.fr\\\/#website\"},\"primaryImageOfPage\":{\"@id\":\"https:\\\/\\\/repliquemangacine.fr\\\/armes-westerns\\\/fusil-winchester-1873-vieilli\\\/#primaryimage\"},\"image\":{\"@id\":\"https:\\\/\\\/repliquemangacine.fr\\\/armes-westerns\\\/fusil-winchester-1873-vieilli\\\/#primaryimage\"},\"thumbnailUrl\":\"https:\\\/\\\/repliquemangacine.fr\\\/wp-content\\\/uploads\\\/2023\\\/11\\\/Fusil-Winchester-1873-Vieilli-1.jpg\",\"datePublished\":\"2023-11-14T18:04:40+00:00\",\"dateModified\":\"2026-02-23T14:30:02+00:00\",\"description\":\"Venez d\u00e9couvrir cette superbe r\u00e9plique du Fusil Winchester 1873 Vieilli de Denix au meilleur prix. Mecanisme fonctionnel. \u00c9jection des balles. 110 cm\",\"breadcrumb\":{\"@id\":\"https:\\\/\\\/repliquemangacine.fr\\\/armes-westerns\\\/fusil-winchester-1873-vieilli\\\/#breadcrumb\"},\"inLanguage\":\"es\",\"potentialAction\":[{\"@type\":\"ReadAction\",\"target\":[\"https:\\\/\\\/repliquemangacine.fr\\\/armes-westerns\\\/fusil-winchester-1873-vieilli\\\/\"]}]},{\"@type\":\"ImageObject\",\"inLanguage\":\"es\",\"@id\":\"https:\\\/\\\/repliquemangacine.fr\\\/armes-westerns\\\/fusil-winchester-1873-vieilli\\\/#primaryimage\",\"url\":\"https:\\\/\\\/repliquemangacine.fr\\\/wp-content\\\/uploads\\\/2023\\\/11\\\/Fusil-Winchester-1873-Vieilli-1.jpg\",\"contentUrl\":\"https:\\\/\\\/repliquemangacine.fr\\\/wp-content\\\/uploads\\\/2023\\\/11\\\/Fusil-Winchester-1873-Vieilli-1.jpg\",\"width\":700,\"height\":700,\"caption\":\"Fusil Winchester 1873 Vieilli Denix\"},{\"@type\":\"BreadcrumbList\",\"@id\":\"https:\\\/\\\/repliquemangacine.fr\\\/armes-westerns\\\/fusil-winchester-1873-vieilli\\\/#breadcrumb\",\"itemListElement\":[{\"@type\":\"ListItem\",\"position\":1,\"name\":\"Accueil\",\"item\":\"https:\\\/\\\/repliquemangacine.fr\\\/\"},{\"@type\":\"ListItem\",\"position\":2,\"name\":\"Produits\",\"item\":\"https:\\\/\\\/repliquemangacine.fr\\\/boutique\\\/\"},{\"@type\":\"ListItem\",\"position\":3,\"name\":\"Fusil Winchester 1873 Vieilli\"}]},{\"@type\":\"WebSite\",\"@id\":\"https:\\\/\\\/repliquemangacine.fr\\\/#website\",\"url\":\"https:\\\/\\\/repliquemangacine.fr\\\/\",\"name\":\"R\u00e9plique Manga Cin\u00e9\",\"description\":\"\",\"publisher\":{\"@id\":\"https:\\\/\\\/repliquemangacine.fr\\\/#organization\"},\"potentialAction\":[{\"@type\":\"SearchAction\",\"target\":{\"@type\":\"EntryPoint\",\"urlTemplate\":\"https:\\\/\\\/repliquemangacine.fr\\\/?s={search_term_string}\"},\"query-input\":{\"@type\":\"PropertyValueSpecification\",\"valueRequired\":true,\"valueName\":\"search_term_string\"}}],\"inLanguage\":\"es\"},{\"@type\":\"Organization\",\"@id\":\"https:\\\/\\\/repliquemangacine.fr\\\/#organization\",\"name\":\"R\u00e9plique Manga Cin\u00e9\",\"url\":\"https:\\\/\\\/repliquemangacine.fr\\\/\",\"logo\":{\"@type\":\"ImageObject\",\"inLanguage\":\"es\",\"@id\":\"https:\\\/\\\/repliquemangacine.fr\\\/#\\\/schema\\\/logo\\\/image\\\/\",\"url\":\"https:\\\/\\\/repliquemangacine.fr\\\/wp-content\\\/uploads\\\/2023\\\/10\\\/RMC-500250.png\",\"contentUrl\":\"https:\\\/\\\/repliquemangacine.fr\\\/wp-content\\\/uploads\\\/2023\\\/10\\\/RMC-500250.png\",\"width\":500,\"height\":250,\"caption\":\"R\u00e9plique Manga Cin\u00e9\"},\"image\":{\"@id\":\"https:\\\/\\\/repliquemangacine.fr\\\/#\\\/schema\\\/logo\\\/image\\\/\"},\"sameAs\":[\"https:\\\/\\\/www.facebook.com\\\/RepliqueMangaCine\",\"https:\\\/\\\/www.instagram.com\\\/repliquemangacine.fr\\\/\"]}]}<\/script>\n<!-- \/ Yoast SEO plugin. -->","yoast_head_json":{"title":"Rifle antiguo Winchester 1873 - Denix Replica Weapons | RMC","description":"Venga a descubrir esta magn\u00edfica r\u00e9plica del rifle Denix Aged Winchester 1873 al mejor precio. Mecanismo funcional. Expulsi\u00f3n de bala. 110 cm","robots":{"index":"index","follow":"follow","max-snippet":"max-snippet:-1","max-image-preview":"max-image-preview:large","max-video-preview":"max-video-preview:-1"},"canonical":"https:\/\/repliquemangacine.fr\/es\/armas-occidentales\/winchester-1873-rifle-antiguo\/","og_locale":"es_ES","og_type":"article","og_title":"Fusil Winchester 1873 Vieilli - R\u00e9pliques d'armes Denix | RMC","og_description":"Venez d\u00e9couvrir cette superbe r\u00e9plique du Fusil Winchester 1873 Vieilli de Denix au meilleur prix. Mecanisme fonctionnel. \u00c9jection des balles. 110 cm","og_url":"https:\/\/repliquemangacine.fr\/es\/armas-occidentales\/winchester-1873-rifle-antiguo\/","og_site_name":"R\u00e9plique Manga Cin\u00e9","article_publisher":"https:\/\/www.facebook.com\/RepliqueMangaCine","article_modified_time":"2026-02-23T14:30:02+00:00","og_image":[{"width":700,"height":700,"url":"https:\/\/repliquemangacine.fr\/wp-content\/uploads\/2023\/11\/Fusil-Winchester-1873-Vieilli-1.jpg","type":"image\/jpeg"}],"twitter_card":"summary_large_image","twitter_misc":{"Tiempo de lectura":"3 minutos"},"schema":{"@context":"https:\/\/schema.org","@graph":[{"@type":"WebPage","@id":"https:\/\/repliquemangacine.fr\/armes-westerns\/fusil-winchester-1873-vieilli\/","url":"https:\/\/repliquemangacine.fr\/armes-westerns\/fusil-winchester-1873-vieilli\/","name":"Rifle antiguo Winchester 1873 - Denix Replica Weapons | RMC","isPartOf":{"@id":"https:\/\/repliquemangacine.fr\/#website"},"primaryImageOfPage":{"@id":"https:\/\/repliquemangacine.fr\/armes-westerns\/fusil-winchester-1873-vieilli\/#primaryimage"},"image":{"@id":"https:\/\/repliquemangacine.fr\/armes-westerns\/fusil-winchester-1873-vieilli\/#primaryimage"},"thumbnailUrl":"https:\/\/repliquemangacine.fr\/wp-content\/uploads\/2023\/11\/Fusil-Winchester-1873-Vieilli-1.jpg","datePublished":"2023-11-14T18:04:40+00:00","dateModified":"2026-02-23T14:30:02+00:00","description":"Venga a descubrir esta magn\u00edfica r\u00e9plica del rifle Denix Aged Winchester 1873 al mejor precio. Mecanismo funcional. Expulsi\u00f3n de bala. 110 cm","breadcrumb":{"@id":"https:\/\/repliquemangacine.fr\/armes-westerns\/fusil-winchester-1873-vieilli\/#breadcrumb"},"inLanguage":"es","potentialAction":[{"@type":"ReadAction","target":["https:\/\/repliquemangacine.fr\/armes-westerns\/fusil-winchester-1873-vieilli\/"]}]},{"@type":"ImageObject","inLanguage":"es","@id":"https:\/\/repliquemangacine.fr\/armes-westerns\/fusil-winchester-1873-vieilli\/#primaryimage","url":"https:\/\/repliquemangacine.fr\/wp-content\/uploads\/2023\/11\/Fusil-Winchester-1873-Vieilli-1.jpg","contentUrl":"https:\/\/repliquemangacine.fr\/wp-content\/uploads\/2023\/11\/Fusil-Winchester-1873-Vieilli-1.jpg","width":700,"height":700,"caption":"Fusil Winchester 1873 Vieilli Denix"},{"@type":"BreadcrumbList","@id":"https:\/\/repliquemangacine.fr\/armes-westerns\/fusil-winchester-1873-vieilli\/#breadcrumb","itemListElement":[{"@type":"ListItem","position":1,"name":"Accueil","item":"https:\/\/repliquemangacine.fr\/"},{"@type":"ListItem","position":2,"name":"Produits","item":"https:\/\/repliquemangacine.fr\/boutique\/"},{"@type":"ListItem","position":3,"name":"Fusil Winchester 1873 Vieilli"}]},{"@type":"WebSite","@id":"https:\/\/repliquemangacine.fr\/#website","url":"https:\/\/repliquemangacine.fr\/","name":"R\u00e9plique Manga Cin\u00e9","description":"","publisher":{"@id":"https:\/\/repliquemangacine.fr\/#organization"},"potentialAction":[{"@type":"SearchAction","target":{"@type":"EntryPoint","urlTemplate":"https:\/\/repliquemangacine.fr\/?s={search_term_string}"},"query-input":{"@type":"PropertyValueSpecification","valueRequired":true,"valueName":"search_term_string"}}],"inLanguage":"es"},{"@type":"Organization","@id":"https:\/\/repliquemangacine.fr\/#organization","name":"R\u00e9plique Manga Cin\u00e9","url":"https:\/\/repliquemangacine.fr\/","logo":{"@type":"ImageObject","inLanguage":"es","@id":"https:\/\/repliquemangacine.fr\/#\/schema\/logo\/image\/","url":"https:\/\/repliquemangacine.fr\/wp-content\/uploads\/2023\/10\/RMC-500250.png","contentUrl":"https:\/\/repliquemangacine.fr\/wp-content\/uploads\/2023\/10\/RMC-500250.png","width":500,"height":250,"caption":"R\u00e9plique Manga Cin\u00e9"},"image":{"@id":"https:\/\/repliquemangacine.fr\/#\/schema\/logo\/image\/"},"sameAs":["https:\/\/www.facebook.com\/RepliqueMangaCine","https:\/\/www.instagram.com\/repliquemangacine.fr\/"]}]}},"_links":{"self":[{"href":"https:\/\/repliquemangacine.fr\/es\/wp-json\/wp\/v2\/product\/65489","targetHints":{"allow":["GET"]}}],"collection":[{"href":"https:\/\/repliquemangacine.fr\/es\/wp-json\/wp\/v2\/product"}],"about":[{"href":"https:\/\/repliquemangacine.fr\/es\/wp-json\/wp\/v2\/types\/product"}],"wp:featuredmedia":[{"embeddable":true,"href":"https:\/\/repliquemangacine.fr\/es\/wp-json\/wp\/v2\/media\/85657"}],"wp:attachment":[{"href":"https:\/\/repliquemangacine.fr\/es\/wp-json\/wp\/v2\/media?parent=65489"}],"wp:term":[{"taxonomy":"product_brand","embeddable":true,"href":"https:\/\/repliquemangacine.fr\/es\/wp-json\/wp\/v2\/product_brand?post=65489"},{"taxonomy":"product_cat","embeddable":true,"href":"https:\/\/repliquemangacine.fr\/es\/wp-json\/wp\/v2\/product_cat?post=65489"},{"taxonomy":"product_tag","embeddable":true,"href":"https:\/\/repliquemangacine.fr\/es\/wp-json\/wp\/v2\/product_tag?post=65489"}],"curies":[{"name":"wp","href":"https:\/\/api.w.org\/{rel}","templated":true}]}}