





{"id":65456,"date":"2023-11-14T12:41:25","date_gmt":"2023-11-14T11:41:25","guid":{"rendered":"https:\/\/repliquemangacine.fr\/?post_type=product&#038;p=65456"},"modified":"2026-01-17T12:45:05","modified_gmt":"2026-01-17T11:45:05","slug":"winchester-1873-rifle-cromado","status":"publish","type":"product","link":"https:\/\/repliquemangacine.fr\/es\/western-repliques-armes\/fusil-winchester-1873-chrome\/","title":{"rendered":"Rifle Winchester 1873 cromado"},"content":{"rendered":"<h2>Rifle Winchester 1873 Cromado de la marca Denix<\/h2>\n<p>Para empezar, el <strong>Rifle Winchester 1873 cromado<\/strong>, a menudo descrita como \u201cel arma que conquist\u00f3 el Oeste\u201d. Dise\u00f1ada por la Winchester Repeating Arms Company, revolucion\u00f3 las armas de fuego de la \u00e9poca gracias a su innovador mecanismo de carga repetitiva.<\/p>\n<p>El Winchester 1873 adquiri\u00f3 una fama legendaria, apareciendo a menudo en pel\u00edculas y literatura del oeste. Hollywood incluso le dedic\u00f3 una pel\u00edcula, \u201cWinchester \u201973\u201d, rodada en 1950, con James Stewart y dirigida por Anthony Mann.<\/p>\n<h3>Dise\u00f1o y funcionamiento del rifle Winchester 1873<\/h3>\n<p>Cabe se\u00f1alar que el Winchester 1873 utilizaba un mecanismo de palanca para expulsar un cartucho gastado y cargar un nuevo cartucho en la rec\u00e1mara. Este sistema permit\u00eda disparos r\u00e1pidos y repetitivos, un gran avance con respecto a las armas de un solo disparo. Disponible en varios calibres, el m\u00e1s com\u00fan es el .44-40 Winchester.<\/p>\n<h2>Rifle Winchester 1873 : El icono del Oeste por Denix<\/h2>\n<p>Le <strong>Rifle Winchester 1873<\/strong> <strong>cromo<\/strong> de <a href=\"https:\/\/www.denix.fr\/fr\/catalogue\/guerre-civile-occidentale-et-americaine-1861-1899\/carabines-carabines-et-fusils\/6318\/\" target=\"_blank\" rel=\"noopener noreferrer\">Denix<\/a> Encarna el esp\u00edritu y la aventura del Oeste americano. Esta r\u00e9plica meticulosa, fabricada por Denix, l\u00edder en la reproducci\u00f3n de armas hist\u00f3ricas, ofrece una calidad y un realismo excepcionales. Es famosa por su innovador mecanismo de palanca y su rapidez de disparo.<\/p>\n<p>Denix ha recreado el famoso rifle hasta el m\u00e1s m\u00ednimo detalle. Desde el calibre original .44-40 Winchester hasta el mecanismo de carga y los acabados. De hecho, cada aspecto refleja la herencia de esta arma legendaria, adem\u00e1s de la expulsi\u00f3n de las balas.<\/p>\n<h3>R\u00e9plica aut\u00e9ntica de Denix<\/h3>\n<p>Con Denix, sum\u00e9rjase en la historia del Oeste americano con aut\u00e9nticas r\u00e9plicas de armas. Por ejemplo :<\/p>\n<ul>\n<li>La r\u00e9plica del <a href=\"https:\/\/repliquemangacine.fr\/es\/denix\/revolver-colt-army-1860\/\">colt Army 1860<\/a> utilizado por ambos bandos durante la Guerra Civil Americana.<\/li>\n<li>Adem\u00e1s del famoso <a href=\"https:\/\/repliquemangacine.fr\/es\/denix\/peacemaker-colt-le-frontier-revolver-calibre-45\/\">Colt \"Le Frontier<\/a> en varias versiones.<\/li>\n<li>Y hay mucho m\u00e1s por descubrir.<\/li>\n<\/ul>\n<p>Cada r\u00e9plica de Denix es un homenaje al Salvaje Oeste<\/p>\n<h2>Calidad y precio: lo mejor de Denix<\/h2>\n<p>Cuando se trata de combinar una calidad excepcional con precios asequibles, Denix destaca como una marca imprescindible. Reconocida mundialmente por sus r\u00e9plicas de armas hist\u00f3ricas, Denix ofrece una gama de productos que combinan fidelidad hist\u00f3rica y fabricaci\u00f3n cuidada, todo ello a precios accesibles.<\/p>\n<p>Cada producto es el resultado de una investigaci\u00f3n exhaustiva y una meticulosa atenci\u00f3n al detalle, lo que garantiza una experiencia aut\u00e9ntica. Esto hace que sus r\u00e9plicas sean ideales tanto para coleccionistas expertos como para amantes de la historia.<\/p>\n<h3>Relaci\u00f3n calidad-precio inmejorable en Denix<\/h3>\n<p>La relaci\u00f3n calidad-precio de Denix es inigualable en el \u00e1mbito de las r\u00e9plicas de armas. Ya sea para enriquecer una colecci\u00f3n o para recreaciones hist\u00f3ricas.<\/p>\n<p>En conclusi\u00f3n, la marca se compromete a ofrecer r\u00e9plicas de una calidad excepcional a precios sin competencia, haciendo que la historia sea accesible para todos.<\/p>","protected":false},"excerpt":{"rendered":"<p>Magn\u00edfica r\u00e9plica del rifle de repetici\u00f3n Denix Winchester 1873.<\/p>\n<ul>\n<li>Metal (zamac) y madera<\/li>\n<li>Mecanismo funcional con expulsi\u00f3n de balas.<\/li>\n<li>Stock de madera<\/li>\n<li>Palanca del guardamonte funcional para expulsar las balas.<\/li>\n<li>Se suministra con 3 bolas eyectoras.<\/li>\n<li>Longitud total: 110 cm<\/li>\n<li>Peso: 2625 g<\/li>\n<li>No se requiere autorizaci\u00f3n. Venta y posesi\u00f3n libres.<\/li>\n<\/ul>\n<p><iframe title=\"Reproductor de v\u00eddeo YouTube\" src=\"https:\/\/www.youtube.com\/embed\/hOfWcKSPhvM?si=rMilG3JhfID0RdD5\" width=\"560\" height=\"315\" frameborder=\"0\" allowfullscreen=\"allowfullscreen\"><\/iframe><\/p>","protected":false},"featured_media":85654,"template":"","meta":[],"product_brand":[896],"product_cat":[34,39,86,28,64,27],"product_tag":[],"class_list":{"0":"post-65456","1":"product","2":"type-product","3":"status-publish","4":"has-post-thumbnail","6":"product_brand-replique-manga-cine","7":"product_cat-armes-westerns","8":"product_cat-carabine-winchester","9":"product_cat-repliques-carabine-winchester-western","10":"product_cat-repliques-darmes","11":"product_cat-western-repliques-armes","12":"product_cat-armes-et-accessoires-western","14":"first","15":"outofstock","16":"sale","17":"taxable","18":"shipping-taxable","19":"purchasable","20":"product-type-simple"},"yoast_head":"<!-- This site is optimized with the Yoast SEO plugin v27.4 - https:\/\/yoast.com\/product\/yoast-seo-wordpress\/ -->\n<title>Fusil Winchester 1873 Chrom\u00e9 - R\u00e9pliques d&#039;armes Denix | RMC<\/title>\n<meta name=\"description\" content=\"D\u00e9couvrez le Fusil Winchester 1873 Chrom\u00e9 de la marque Denix au meilleur prix. En zamac et bois. M\u00e9canisme fonctionnel. \u00c9jection des balles. L. 110 cm\" \/>\n<meta name=\"robots\" content=\"index, follow, max-snippet:-1, max-image-preview:large, max-video-preview:-1\" \/>\n<link rel=\"canonical\" href=\"https:\/\/repliquemangacine.fr\/es\/replicas-de-armas-occidentales\/winchester-1873-rifle-cromado\/\" \/>\n<meta property=\"og:locale\" content=\"es_ES\" \/>\n<meta property=\"og:type\" content=\"article\" \/>\n<meta property=\"og:title\" content=\"Fusil Winchester 1873 Chrom\u00e9 - R\u00e9pliques d&#039;armes Denix | RMC\" \/>\n<meta property=\"og:description\" content=\"D\u00e9couvrez le Fusil Winchester 1873 Chrom\u00e9 de la marque Denix au meilleur prix. En zamac et bois. M\u00e9canisme fonctionnel. \u00c9jection des balles. L. 110 cm\" \/>\n<meta property=\"og:url\" content=\"https:\/\/repliquemangacine.fr\/es\/replicas-de-armas-occidentales\/winchester-1873-rifle-cromado\/\" \/>\n<meta property=\"og:site_name\" content=\"R\u00e9plique Manga Cin\u00e9\" \/>\n<meta property=\"article:publisher\" content=\"https:\/\/www.facebook.com\/RepliqueMangaCine\" \/>\n<meta property=\"article:modified_time\" content=\"2026-01-17T11:45:05+00:00\" \/>\n<meta property=\"og:image\" content=\"https:\/\/repliquemangacine.fr\/wp-content\/uploads\/2023\/11\/Fusil-Winchester-1873-Chrome.jpg\" \/>\n\t<meta property=\"og:image:width\" content=\"700\" \/>\n\t<meta property=\"og:image:height\" content=\"700\" \/>\n\t<meta property=\"og:image:type\" content=\"image\/jpeg\" \/>\n<meta name=\"twitter:card\" content=\"summary_large_image\" \/>\n<meta name=\"twitter:label1\" content=\"Tiempo de lectura\" \/>\n\t<meta name=\"twitter:data1\" content=\"3 minutos\" \/>\n<script type=\"application\/ld+json\" class=\"yoast-schema-graph\">{\"@context\":\"https:\\\/\\\/schema.org\",\"@graph\":[{\"@type\":\"WebPage\",\"@id\":\"https:\\\/\\\/repliquemangacine.fr\\\/western-repliques-armes\\\/fusil-winchester-1873-chrome\\\/\",\"url\":\"https:\\\/\\\/repliquemangacine.fr\\\/western-repliques-armes\\\/fusil-winchester-1873-chrome\\\/\",\"name\":\"Fusil Winchester 1873 Chrom\u00e9 - R\u00e9pliques d'armes Denix | RMC\",\"isPartOf\":{\"@id\":\"https:\\\/\\\/repliquemangacine.fr\\\/#website\"},\"primaryImageOfPage\":{\"@id\":\"https:\\\/\\\/repliquemangacine.fr\\\/western-repliques-armes\\\/fusil-winchester-1873-chrome\\\/#primaryimage\"},\"image\":{\"@id\":\"https:\\\/\\\/repliquemangacine.fr\\\/western-repliques-armes\\\/fusil-winchester-1873-chrome\\\/#primaryimage\"},\"thumbnailUrl\":\"https:\\\/\\\/repliquemangacine.fr\\\/wp-content\\\/uploads\\\/2023\\\/11\\\/Fusil-Winchester-1873-Chrome.jpg\",\"datePublished\":\"2023-11-14T11:41:25+00:00\",\"dateModified\":\"2026-01-17T11:45:05+00:00\",\"description\":\"D\u00e9couvrez le Fusil Winchester 1873 Chrom\u00e9 de la marque Denix au meilleur prix. En zamac et bois. M\u00e9canisme fonctionnel. \u00c9jection des balles. L. 110 cm\",\"breadcrumb\":{\"@id\":\"https:\\\/\\\/repliquemangacine.fr\\\/western-repliques-armes\\\/fusil-winchester-1873-chrome\\\/#breadcrumb\"},\"inLanguage\":\"es\",\"potentialAction\":[{\"@type\":\"ReadAction\",\"target\":[\"https:\\\/\\\/repliquemangacine.fr\\\/western-repliques-armes\\\/fusil-winchester-1873-chrome\\\/\"]}]},{\"@type\":\"ImageObject\",\"inLanguage\":\"es\",\"@id\":\"https:\\\/\\\/repliquemangacine.fr\\\/western-repliques-armes\\\/fusil-winchester-1873-chrome\\\/#primaryimage\",\"url\":\"https:\\\/\\\/repliquemangacine.fr\\\/wp-content\\\/uploads\\\/2023\\\/11\\\/Fusil-Winchester-1873-Chrome.jpg\",\"contentUrl\":\"https:\\\/\\\/repliquemangacine.fr\\\/wp-content\\\/uploads\\\/2023\\\/11\\\/Fusil-Winchester-1873-Chrome.jpg\",\"width\":700,\"height\":700,\"caption\":\"Fusil Winchester 1873 Chrom\u00e9 Denix\"},{\"@type\":\"BreadcrumbList\",\"@id\":\"https:\\\/\\\/repliquemangacine.fr\\\/western-repliques-armes\\\/fusil-winchester-1873-chrome\\\/#breadcrumb\",\"itemListElement\":[{\"@type\":\"ListItem\",\"position\":1,\"name\":\"Accueil\",\"item\":\"https:\\\/\\\/repliquemangacine.fr\\\/\"},{\"@type\":\"ListItem\",\"position\":2,\"name\":\"Produits\",\"item\":\"https:\\\/\\\/repliquemangacine.fr\\\/boutique\\\/\"},{\"@type\":\"ListItem\",\"position\":3,\"name\":\"Fusil Winchester 1873 Chrom\u00e9\"}]},{\"@type\":\"WebSite\",\"@id\":\"https:\\\/\\\/repliquemangacine.fr\\\/#website\",\"url\":\"https:\\\/\\\/repliquemangacine.fr\\\/\",\"name\":\"R\u00e9plique Manga Cin\u00e9\",\"description\":\"\",\"publisher\":{\"@id\":\"https:\\\/\\\/repliquemangacine.fr\\\/#organization\"},\"potentialAction\":[{\"@type\":\"SearchAction\",\"target\":{\"@type\":\"EntryPoint\",\"urlTemplate\":\"https:\\\/\\\/repliquemangacine.fr\\\/?s={search_term_string}\"},\"query-input\":{\"@type\":\"PropertyValueSpecification\",\"valueRequired\":true,\"valueName\":\"search_term_string\"}}],\"inLanguage\":\"es\"},{\"@type\":\"Organization\",\"@id\":\"https:\\\/\\\/repliquemangacine.fr\\\/#organization\",\"name\":\"R\u00e9plique Manga Cin\u00e9\",\"url\":\"https:\\\/\\\/repliquemangacine.fr\\\/\",\"logo\":{\"@type\":\"ImageObject\",\"inLanguage\":\"es\",\"@id\":\"https:\\\/\\\/repliquemangacine.fr\\\/#\\\/schema\\\/logo\\\/image\\\/\",\"url\":\"https:\\\/\\\/repliquemangacine.fr\\\/wp-content\\\/uploads\\\/2023\\\/10\\\/RMC-500250.png\",\"contentUrl\":\"https:\\\/\\\/repliquemangacine.fr\\\/wp-content\\\/uploads\\\/2023\\\/10\\\/RMC-500250.png\",\"width\":500,\"height\":250,\"caption\":\"R\u00e9plique Manga Cin\u00e9\"},\"image\":{\"@id\":\"https:\\\/\\\/repliquemangacine.fr\\\/#\\\/schema\\\/logo\\\/image\\\/\"},\"sameAs\":[\"https:\\\/\\\/www.facebook.com\\\/RepliqueMangaCine\",\"https:\\\/\\\/www.instagram.com\\\/repliquemangacine.fr\\\/\"]}]}<\/script>\n<!-- \/ Yoast SEO plugin. -->","yoast_head_json":{"title":"Rifle Winchester 1873 Cromado - R\u00e9plicas de Armas Denix | RMC","description":"Descubre el rifle Winchester 1873 Chromed de Denix al mejor precio. Fabricado en zamac y madera. Mecanismo funcional. Expulsi\u00f3n de bala. L. 110 cm","robots":{"index":"index","follow":"follow","max-snippet":"max-snippet:-1","max-image-preview":"max-image-preview:large","max-video-preview":"max-video-preview:-1"},"canonical":"https:\/\/repliquemangacine.fr\/es\/replicas-de-armas-occidentales\/winchester-1873-rifle-cromado\/","og_locale":"es_ES","og_type":"article","og_title":"Fusil Winchester 1873 Chrom\u00e9 - R\u00e9pliques d'armes Denix | RMC","og_description":"D\u00e9couvrez le Fusil Winchester 1873 Chrom\u00e9 de la marque Denix au meilleur prix. En zamac et bois. M\u00e9canisme fonctionnel. \u00c9jection des balles. L. 110 cm","og_url":"https:\/\/repliquemangacine.fr\/es\/replicas-de-armas-occidentales\/winchester-1873-rifle-cromado\/","og_site_name":"R\u00e9plique Manga Cin\u00e9","article_publisher":"https:\/\/www.facebook.com\/RepliqueMangaCine","article_modified_time":"2026-01-17T11:45:05+00:00","og_image":[{"width":700,"height":700,"url":"https:\/\/repliquemangacine.fr\/wp-content\/uploads\/2023\/11\/Fusil-Winchester-1873-Chrome.jpg","type":"image\/jpeg"}],"twitter_card":"summary_large_image","twitter_misc":{"Tiempo de lectura":"3 minutos"},"schema":{"@context":"https:\/\/schema.org","@graph":[{"@type":"WebPage","@id":"https:\/\/repliquemangacine.fr\/western-repliques-armes\/fusil-winchester-1873-chrome\/","url":"https:\/\/repliquemangacine.fr\/western-repliques-armes\/fusil-winchester-1873-chrome\/","name":"Rifle Winchester 1873 Cromado - R\u00e9plicas de Armas Denix | RMC","isPartOf":{"@id":"https:\/\/repliquemangacine.fr\/#website"},"primaryImageOfPage":{"@id":"https:\/\/repliquemangacine.fr\/western-repliques-armes\/fusil-winchester-1873-chrome\/#primaryimage"},"image":{"@id":"https:\/\/repliquemangacine.fr\/western-repliques-armes\/fusil-winchester-1873-chrome\/#primaryimage"},"thumbnailUrl":"https:\/\/repliquemangacine.fr\/wp-content\/uploads\/2023\/11\/Fusil-Winchester-1873-Chrome.jpg","datePublished":"2023-11-14T11:41:25+00:00","dateModified":"2026-01-17T11:45:05+00:00","description":"Descubre el rifle Winchester 1873 Chromed de Denix al mejor precio. Fabricado en zamac y madera. Mecanismo funcional. Expulsi\u00f3n de bala. L. 110 cm","breadcrumb":{"@id":"https:\/\/repliquemangacine.fr\/western-repliques-armes\/fusil-winchester-1873-chrome\/#breadcrumb"},"inLanguage":"es","potentialAction":[{"@type":"ReadAction","target":["https:\/\/repliquemangacine.fr\/western-repliques-armes\/fusil-winchester-1873-chrome\/"]}]},{"@type":"ImageObject","inLanguage":"es","@id":"https:\/\/repliquemangacine.fr\/western-repliques-armes\/fusil-winchester-1873-chrome\/#primaryimage","url":"https:\/\/repliquemangacine.fr\/wp-content\/uploads\/2023\/11\/Fusil-Winchester-1873-Chrome.jpg","contentUrl":"https:\/\/repliquemangacine.fr\/wp-content\/uploads\/2023\/11\/Fusil-Winchester-1873-Chrome.jpg","width":700,"height":700,"caption":"Fusil Winchester 1873 Chrom\u00e9 Denix"},{"@type":"BreadcrumbList","@id":"https:\/\/repliquemangacine.fr\/western-repliques-armes\/fusil-winchester-1873-chrome\/#breadcrumb","itemListElement":[{"@type":"ListItem","position":1,"name":"Accueil","item":"https:\/\/repliquemangacine.fr\/"},{"@type":"ListItem","position":2,"name":"Produits","item":"https:\/\/repliquemangacine.fr\/boutique\/"},{"@type":"ListItem","position":3,"name":"Fusil Winchester 1873 Chrom\u00e9"}]},{"@type":"WebSite","@id":"https:\/\/repliquemangacine.fr\/#website","url":"https:\/\/repliquemangacine.fr\/","name":"R\u00e9plique Manga Cin\u00e9","description":"","publisher":{"@id":"https:\/\/repliquemangacine.fr\/#organization"},"potentialAction":[{"@type":"SearchAction","target":{"@type":"EntryPoint","urlTemplate":"https:\/\/repliquemangacine.fr\/?s={search_term_string}"},"query-input":{"@type":"PropertyValueSpecification","valueRequired":true,"valueName":"search_term_string"}}],"inLanguage":"es"},{"@type":"Organization","@id":"https:\/\/repliquemangacine.fr\/#organization","name":"R\u00e9plique Manga Cin\u00e9","url":"https:\/\/repliquemangacine.fr\/","logo":{"@type":"ImageObject","inLanguage":"es","@id":"https:\/\/repliquemangacine.fr\/#\/schema\/logo\/image\/","url":"https:\/\/repliquemangacine.fr\/wp-content\/uploads\/2023\/10\/RMC-500250.png","contentUrl":"https:\/\/repliquemangacine.fr\/wp-content\/uploads\/2023\/10\/RMC-500250.png","width":500,"height":250,"caption":"R\u00e9plique Manga Cin\u00e9"},"image":{"@id":"https:\/\/repliquemangacine.fr\/#\/schema\/logo\/image\/"},"sameAs":["https:\/\/www.facebook.com\/RepliqueMangaCine","https:\/\/www.instagram.com\/repliquemangacine.fr\/"]}]}},"_links":{"self":[{"href":"https:\/\/repliquemangacine.fr\/es\/wp-json\/wp\/v2\/product\/65456","targetHints":{"allow":["GET"]}}],"collection":[{"href":"https:\/\/repliquemangacine.fr\/es\/wp-json\/wp\/v2\/product"}],"about":[{"href":"https:\/\/repliquemangacine.fr\/es\/wp-json\/wp\/v2\/types\/product"}],"wp:featuredmedia":[{"embeddable":true,"href":"https:\/\/repliquemangacine.fr\/es\/wp-json\/wp\/v2\/media\/85654"}],"wp:attachment":[{"href":"https:\/\/repliquemangacine.fr\/es\/wp-json\/wp\/v2\/media?parent=65456"}],"wp:term":[{"taxonomy":"product_brand","embeddable":true,"href":"https:\/\/repliquemangacine.fr\/es\/wp-json\/wp\/v2\/product_brand?post=65456"},{"taxonomy":"product_cat","embeddable":true,"href":"https:\/\/repliquemangacine.fr\/es\/wp-json\/wp\/v2\/product_cat?post=65456"},{"taxonomy":"product_tag","embeddable":true,"href":"https:\/\/repliquemangacine.fr\/es\/wp-json\/wp\/v2\/product_tag?post=65456"}],"curies":[{"name":"wp","href":"https:\/\/api.w.org\/{rel}","templated":true}]}}