





{"id":65404,"date":"2023-11-13T15:05:31","date_gmt":"2023-11-13T14:05:31","guid":{"rendered":"https:\/\/repliquemangacine.fr\/?post_type=product&#038;p=65404"},"modified":"2026-02-25T15:22:27","modified_gmt":"2026-02-25T14:22:27","slug":"colt-navy-1851-kolser","status":"publish","type":"product","link":"https:\/\/repliquemangacine.fr\/es\/colt-revolver-western\/colt-navy-1851-kolser\/","title":{"rendered":"Colt Navy 1851 Kolser"},"content":{"rendered":"<h2>La Colt Navy 1851 Kolser : Para aficionados a la historia.<\/h2>\n<p>Para empezar, la pistola Navy 1851 gris de la marca Kolser es una peque\u00f1a maravilla para los coleccionistas. Dise\u00f1ada por primera vez en 1851 por Samuel Colt, antes se llamaba Colt Belt Revolving Pistol. Era el rev\u00f3lver preferido de personalidades eminentes y de la mayor\u00eda de los rangers antes de la guerra civil.<\/p>\n<p>De hecho, r\u00e1pidamente gan\u00f3 popularidad, especialmente durante la Guerra Civil estadounidense, donde fue utilizado por ambos bandos, la Uni\u00f3n y la Confederaci\u00f3n. Gracias a su capacidad para seis disparos, su tama\u00f1o y peso, as\u00ed como su fiabilidad, se convirti\u00f3 en el arma preferida en las condiciones a menudo dif\u00edciles de los campos de batalla.<\/p>\n<h3>El legado hist\u00f3rico del Colt Navy 1851 en la Guerra Civil estadounidense<\/h3>\n<p>Este rev\u00f3lver sigue siendo una pieza emblem\u00e1tica en la historia de las armas de fuego. De hecho, sigue siendo apreciado por los coleccionistas y el cine.<\/p>\n<h2>Kolser Colt Navy 1851: calidad y asequibilidad<\/h2>\n<p>La marca <a href=\"https:\/\/kolser.com\/\" target=\"_blank\" rel=\"noopener noreferrer\">Kolser<\/a>especializada en r\u00e9plicas de armas hist\u00f3ricas, ofrece una notable combinaci\u00f3n de calidad y asequibilidad con su Colt Navy 1851 gris. Esta fiel r\u00e9plica del famoso rev\u00f3lver de la Guerra Civil es una de las mejores opciones para coleccionistas y aficionados a la historia. Ofrece una experiencia cercana a la original sin los costes prohibitivos de las piezas de \u00e9poca.<\/p>\n<h3>Excepcional relaci\u00f3n calidad-precio en el Colt Navy 1851 Kolser<\/h3>\n<p>Kolser ha logrado encontrar el equilibrio perfecto entre el respeto por la autenticidad hist\u00f3rica y la accesibilidad econ\u00f3mica. Fabricado con materiales de calidad, reproduce los detalles y la mec\u00e1nica del arma original, sin dejar de ser asequible para su bolsillo.<\/p>\n<p>Esta relaci\u00f3n calidad-precio hace que la Colt Navy resulte especialmente atractiva para aquellos que desean a\u00f1adir una r\u00e9plica hist\u00f3rica a su colecci\u00f3n sin renunciar a la calidad. As\u00ed, Kolser ofrece la oportunidad de acceder a un pedazo de historia, combinando autenticidad, rendimiento y un precio competitivo.<\/p>\n<h2>Kolser : Una referencia en r\u00e9plicas de armas hist\u00f3ricas<\/h2>\n<p>Kolser se ha consolidado como un actor imprescindible en la fabricaci\u00f3n de r\u00e9plicas de armas hist\u00f3ricas de alta calidad. Reconocida por su amplio cat\u00e1logo que abarca diversas \u00e9pocas y estilos, la marca ofrece a los amantes de la historia y a los coleccionistas una amplia gama de opciones, desde rev\u00f3lveres cl\u00e1sicos del oeste americano.<\/p>\n<p>Tomemos el ejemplo de <a href=\"https:\/\/repliquemangacine.fr\/es\/pistola-kolser\/colt-peacemaker-kolser-5-5-snake\/\">Colt Snake en 5,5 pulgadas<\/a> con su empu\u00f1adura intercambiable. Tambi\u00e9n hay <a href=\"https:\/\/repliquemangacine.fr\/es\/pistola-kolser\/winchester-108-cm-laiton\/\">winchesters modelos 92 108 cm<\/a>con expulsi\u00f3n de balas. El cat\u00e1logo tambi\u00e9n incluye el <a href=\"https:\/\/repliquemangacine.fr\/es\/pistola-kolser\/revolver-thunderer-kolser-negro\/\">Pistola Thunderer<\/a> vestido todo de negro.<\/p>\n<h3>Diversidad y fidelidad: los puntos fuertes del cat\u00e1logo de Kolser<\/h3>\n<p>En conclusi\u00f3n, cada r\u00e9plica es el resultado de un meticuloso trabajo destinado a captar la esencia del arma original. Ya sea para recreaciones hist\u00f3ricas, exposiciones o simplemente por el placer de coleccionar. Las r\u00e9plicas Kolser ofrecen una experiencia aut\u00e9ntica.<\/p>","protected":false},"excerpt":{"rendered":"<p>Una r\u00e9plica absolutamente notable de la Kolser Colt Navy 1851.<\/p>\n<ul>\n<li>Todo en acero bicolor<\/li>\n<li>Stock de madera<\/li>\n<li>Grabado de las dos caras del tonel octogonal<\/li>\n<li>Mecanismo funcional con tres posiciones<\/li>\n<li>Cilindro giratorio de 6 c\u00e1maras apto para cebos de petardos<\/li>\n<li>Se suministra en caja<\/li>\n<li>Longitud total: 35 cm<\/li>\n<\/ul>\n<p><iframe title=\"Reproductor de v\u00eddeo YouTube\" src=\"https:\/\/www.youtube.com\/embed\/6lT4fGB7hAc?si=OUGueoPSUHwitwYE\" width=\"560\" height=\"315\" frameborder=\"0\" allowfullscreen=\"allowfullscreen\"><\/iframe><\/p>","protected":false},"featured_media":65405,"template":"","meta":[],"product_brand":[896],"product_cat":[100,34,77,28,64,27],"product_tag":[],"class_list":{"0":"post-65404","1":"product","2":"type-product","3":"status-publish","4":"has-post-thumbnail","6":"product_brand-replique-manga-cine","7":"product_cat-arme-kolser","8":"product_cat-armes-westerns","9":"product_cat-colt-revolver-western","10":"product_cat-repliques-darmes","11":"product_cat-western-repliques-armes","12":"product_cat-armes-et-accessoires-western","14":"first","15":"outofstock","16":"taxable","17":"shipping-taxable","18":"purchasable","19":"product-type-simple"},"yoast_head":"<!-- This site is optimized with the Yoast SEO plugin v27.4 - https:\/\/yoast.com\/product\/yoast-seo-wordpress\/ -->\n<title>Colt Navy 1851 Kolser - R\u00e9plique d&#039;armes Kolser | R\u00e9plique Manga Cin\u00e9<\/title>\n<meta name=\"description\" content=\"D\u00e9couvrez cette magnifique r\u00e9plique du Colt Navy 1851 de la marque Kolser au meilleur prix. Tout en acier. Crosse en bois. M\u00e9canisme fonctionnel. L. 35 cm\" \/>\n<meta name=\"robots\" content=\"index, follow, max-snippet:-1, max-image-preview:large, max-video-preview:-1\" \/>\n<link rel=\"canonical\" href=\"https:\/\/repliquemangacine.fr\/es\/revolver-colt-western\/colt-navy-1851-kolser\/\" \/>\n<meta property=\"og:locale\" content=\"es_ES\" \/>\n<meta property=\"og:type\" content=\"article\" \/>\n<meta property=\"og:title\" content=\"Colt Navy 1851 Kolser - R\u00e9plique d&#039;armes Kolser | R\u00e9plique Manga Cin\u00e9\" \/>\n<meta property=\"og:description\" content=\"D\u00e9couvrez cette magnifique r\u00e9plique du Colt Navy 1851 de la marque Kolser au meilleur prix. Tout en acier. Crosse en bois. M\u00e9canisme fonctionnel. L. 35 cm\" \/>\n<meta property=\"og:url\" content=\"https:\/\/repliquemangacine.fr\/es\/revolver-colt-western\/colt-navy-1851-kolser\/\" \/>\n<meta property=\"og:site_name\" content=\"R\u00e9plique Manga Cin\u00e9\" \/>\n<meta property=\"article:publisher\" content=\"https:\/\/www.facebook.com\/RepliqueMangaCine\" \/>\n<meta property=\"article:modified_time\" content=\"2026-02-25T14:22:27+00:00\" \/>\n<meta property=\"og:image\" content=\"https:\/\/repliquemangacine.fr\/wp-content\/uploads\/2023\/11\/Colt-Navy-1851.jpg\" \/>\n\t<meta property=\"og:image:width\" content=\"500\" \/>\n\t<meta property=\"og:image:height\" content=\"500\" \/>\n\t<meta property=\"og:image:type\" content=\"image\/jpeg\" \/>\n<meta name=\"twitter:card\" content=\"summary_large_image\" \/>\n<meta name=\"twitter:label1\" content=\"Tiempo de lectura\" \/>\n\t<meta name=\"twitter:data1\" content=\"3 minutos\" \/>\n<script type=\"application\/ld+json\" class=\"yoast-schema-graph\">{\"@context\":\"https:\\\/\\\/schema.org\",\"@graph\":[{\"@type\":\"WebPage\",\"@id\":\"https:\\\/\\\/repliquemangacine.fr\\\/colt-revolver-western\\\/colt-navy-1851-kolser\\\/\",\"url\":\"https:\\\/\\\/repliquemangacine.fr\\\/colt-revolver-western\\\/colt-navy-1851-kolser\\\/\",\"name\":\"Colt Navy 1851 Kolser - R\u00e9plique d'armes Kolser | R\u00e9plique Manga Cin\u00e9\",\"isPartOf\":{\"@id\":\"https:\\\/\\\/repliquemangacine.fr\\\/#website\"},\"primaryImageOfPage\":{\"@id\":\"https:\\\/\\\/repliquemangacine.fr\\\/colt-revolver-western\\\/colt-navy-1851-kolser\\\/#primaryimage\"},\"image\":{\"@id\":\"https:\\\/\\\/repliquemangacine.fr\\\/colt-revolver-western\\\/colt-navy-1851-kolser\\\/#primaryimage\"},\"thumbnailUrl\":\"https:\\\/\\\/repliquemangacine.fr\\\/wp-content\\\/uploads\\\/2023\\\/11\\\/Colt-Navy-1851.jpg\",\"datePublished\":\"2023-11-13T14:05:31+00:00\",\"dateModified\":\"2026-02-25T14:22:27+00:00\",\"description\":\"D\u00e9couvrez cette magnifique r\u00e9plique du Colt Navy 1851 de la marque Kolser au meilleur prix. Tout en acier. Crosse en bois. M\u00e9canisme fonctionnel. L. 35 cm\",\"breadcrumb\":{\"@id\":\"https:\\\/\\\/repliquemangacine.fr\\\/colt-revolver-western\\\/colt-navy-1851-kolser\\\/#breadcrumb\"},\"inLanguage\":\"es\",\"potentialAction\":[{\"@type\":\"ReadAction\",\"target\":[\"https:\\\/\\\/repliquemangacine.fr\\\/colt-revolver-western\\\/colt-navy-1851-kolser\\\/\"]}]},{\"@type\":\"ImageObject\",\"inLanguage\":\"es\",\"@id\":\"https:\\\/\\\/repliquemangacine.fr\\\/colt-revolver-western\\\/colt-navy-1851-kolser\\\/#primaryimage\",\"url\":\"https:\\\/\\\/repliquemangacine.fr\\\/wp-content\\\/uploads\\\/2023\\\/11\\\/Colt-Navy-1851.jpg\",\"contentUrl\":\"https:\\\/\\\/repliquemangacine.fr\\\/wp-content\\\/uploads\\\/2023\\\/11\\\/Colt-Navy-1851.jpg\",\"width\":500,\"height\":500,\"caption\":\"Colt Navy 1851\"},{\"@type\":\"BreadcrumbList\",\"@id\":\"https:\\\/\\\/repliquemangacine.fr\\\/colt-revolver-western\\\/colt-navy-1851-kolser\\\/#breadcrumb\",\"itemListElement\":[{\"@type\":\"ListItem\",\"position\":1,\"name\":\"Accueil\",\"item\":\"https:\\\/\\\/repliquemangacine.fr\\\/\"},{\"@type\":\"ListItem\",\"position\":2,\"name\":\"Produits\",\"item\":\"https:\\\/\\\/repliquemangacine.fr\\\/boutique\\\/\"},{\"@type\":\"ListItem\",\"position\":3,\"name\":\"Colt Navy 1851 Kolser\"}]},{\"@type\":\"WebSite\",\"@id\":\"https:\\\/\\\/repliquemangacine.fr\\\/#website\",\"url\":\"https:\\\/\\\/repliquemangacine.fr\\\/\",\"name\":\"R\u00e9plique Manga Cin\u00e9\",\"description\":\"\",\"publisher\":{\"@id\":\"https:\\\/\\\/repliquemangacine.fr\\\/#organization\"},\"potentialAction\":[{\"@type\":\"SearchAction\",\"target\":{\"@type\":\"EntryPoint\",\"urlTemplate\":\"https:\\\/\\\/repliquemangacine.fr\\\/?s={search_term_string}\"},\"query-input\":{\"@type\":\"PropertyValueSpecification\",\"valueRequired\":true,\"valueName\":\"search_term_string\"}}],\"inLanguage\":\"es\"},{\"@type\":\"Organization\",\"@id\":\"https:\\\/\\\/repliquemangacine.fr\\\/#organization\",\"name\":\"R\u00e9plique Manga Cin\u00e9\",\"url\":\"https:\\\/\\\/repliquemangacine.fr\\\/\",\"logo\":{\"@type\":\"ImageObject\",\"inLanguage\":\"es\",\"@id\":\"https:\\\/\\\/repliquemangacine.fr\\\/#\\\/schema\\\/logo\\\/image\\\/\",\"url\":\"https:\\\/\\\/repliquemangacine.fr\\\/wp-content\\\/uploads\\\/2023\\\/10\\\/RMC-500250.png\",\"contentUrl\":\"https:\\\/\\\/repliquemangacine.fr\\\/wp-content\\\/uploads\\\/2023\\\/10\\\/RMC-500250.png\",\"width\":500,\"height\":250,\"caption\":\"R\u00e9plique Manga Cin\u00e9\"},\"image\":{\"@id\":\"https:\\\/\\\/repliquemangacine.fr\\\/#\\\/schema\\\/logo\\\/image\\\/\"},\"sameAs\":[\"https:\\\/\\\/www.facebook.com\\\/RepliqueMangaCine\",\"https:\\\/\\\/www.instagram.com\\\/repliquemangacine.fr\\\/\"]}]}<\/script>\n<!-- \/ Yoast SEO plugin. -->","yoast_head_json":{"title":"Colt Navy 1851 Kolser - R\u00e9plica de pistola Kolser | R\u00e9plique Manga Cin\u00e9","description":"Descubra esta magn\u00edfica r\u00e9plica del Colt Navy 1851 de Kolser al mejor precio. Toda de acero. Culata de madera. Mecanismo funcional. L. 35 cm","robots":{"index":"index","follow":"follow","max-snippet":"max-snippet:-1","max-image-preview":"max-image-preview:large","max-video-preview":"max-video-preview:-1"},"canonical":"https:\/\/repliquemangacine.fr\/es\/revolver-colt-western\/colt-navy-1851-kolser\/","og_locale":"es_ES","og_type":"article","og_title":"Colt Navy 1851 Kolser - R\u00e9plique d'armes Kolser | R\u00e9plique Manga Cin\u00e9","og_description":"D\u00e9couvrez cette magnifique r\u00e9plique du Colt Navy 1851 de la marque Kolser au meilleur prix. Tout en acier. Crosse en bois. M\u00e9canisme fonctionnel. L. 35 cm","og_url":"https:\/\/repliquemangacine.fr\/es\/revolver-colt-western\/colt-navy-1851-kolser\/","og_site_name":"R\u00e9plique Manga Cin\u00e9","article_publisher":"https:\/\/www.facebook.com\/RepliqueMangaCine","article_modified_time":"2026-02-25T14:22:27+00:00","og_image":[{"width":500,"height":500,"url":"https:\/\/repliquemangacine.fr\/wp-content\/uploads\/2023\/11\/Colt-Navy-1851.jpg","type":"image\/jpeg"}],"twitter_card":"summary_large_image","twitter_misc":{"Tiempo de lectura":"3 minutos"},"schema":{"@context":"https:\/\/schema.org","@graph":[{"@type":"WebPage","@id":"https:\/\/repliquemangacine.fr\/colt-revolver-western\/colt-navy-1851-kolser\/","url":"https:\/\/repliquemangacine.fr\/colt-revolver-western\/colt-navy-1851-kolser\/","name":"Colt Navy 1851 Kolser - R\u00e9plica de pistola Kolser | R\u00e9plique Manga Cin\u00e9","isPartOf":{"@id":"https:\/\/repliquemangacine.fr\/#website"},"primaryImageOfPage":{"@id":"https:\/\/repliquemangacine.fr\/colt-revolver-western\/colt-navy-1851-kolser\/#primaryimage"},"image":{"@id":"https:\/\/repliquemangacine.fr\/colt-revolver-western\/colt-navy-1851-kolser\/#primaryimage"},"thumbnailUrl":"https:\/\/repliquemangacine.fr\/wp-content\/uploads\/2023\/11\/Colt-Navy-1851.jpg","datePublished":"2023-11-13T14:05:31+00:00","dateModified":"2026-02-25T14:22:27+00:00","description":"Descubra esta magn\u00edfica r\u00e9plica del Colt Navy 1851 de Kolser al mejor precio. Toda de acero. Culata de madera. Mecanismo funcional. L. 35 cm","breadcrumb":{"@id":"https:\/\/repliquemangacine.fr\/colt-revolver-western\/colt-navy-1851-kolser\/#breadcrumb"},"inLanguage":"es","potentialAction":[{"@type":"ReadAction","target":["https:\/\/repliquemangacine.fr\/colt-revolver-western\/colt-navy-1851-kolser\/"]}]},{"@type":"ImageObject","inLanguage":"es","@id":"https:\/\/repliquemangacine.fr\/colt-revolver-western\/colt-navy-1851-kolser\/#primaryimage","url":"https:\/\/repliquemangacine.fr\/wp-content\/uploads\/2023\/11\/Colt-Navy-1851.jpg","contentUrl":"https:\/\/repliquemangacine.fr\/wp-content\/uploads\/2023\/11\/Colt-Navy-1851.jpg","width":500,"height":500,"caption":"Colt Navy 1851"},{"@type":"BreadcrumbList","@id":"https:\/\/repliquemangacine.fr\/colt-revolver-western\/colt-navy-1851-kolser\/#breadcrumb","itemListElement":[{"@type":"ListItem","position":1,"name":"Accueil","item":"https:\/\/repliquemangacine.fr\/"},{"@type":"ListItem","position":2,"name":"Produits","item":"https:\/\/repliquemangacine.fr\/boutique\/"},{"@type":"ListItem","position":3,"name":"Colt Navy 1851 Kolser"}]},{"@type":"WebSite","@id":"https:\/\/repliquemangacine.fr\/#website","url":"https:\/\/repliquemangacine.fr\/","name":"R\u00e9plique Manga Cin\u00e9","description":"","publisher":{"@id":"https:\/\/repliquemangacine.fr\/#organization"},"potentialAction":[{"@type":"SearchAction","target":{"@type":"EntryPoint","urlTemplate":"https:\/\/repliquemangacine.fr\/?s={search_term_string}"},"query-input":{"@type":"PropertyValueSpecification","valueRequired":true,"valueName":"search_term_string"}}],"inLanguage":"es"},{"@type":"Organization","@id":"https:\/\/repliquemangacine.fr\/#organization","name":"R\u00e9plique Manga Cin\u00e9","url":"https:\/\/repliquemangacine.fr\/","logo":{"@type":"ImageObject","inLanguage":"es","@id":"https:\/\/repliquemangacine.fr\/#\/schema\/logo\/image\/","url":"https:\/\/repliquemangacine.fr\/wp-content\/uploads\/2023\/10\/RMC-500250.png","contentUrl":"https:\/\/repliquemangacine.fr\/wp-content\/uploads\/2023\/10\/RMC-500250.png","width":500,"height":250,"caption":"R\u00e9plique Manga Cin\u00e9"},"image":{"@id":"https:\/\/repliquemangacine.fr\/#\/schema\/logo\/image\/"},"sameAs":["https:\/\/www.facebook.com\/RepliqueMangaCine","https:\/\/www.instagram.com\/repliquemangacine.fr\/"]}]}},"_links":{"self":[{"href":"https:\/\/repliquemangacine.fr\/es\/wp-json\/wp\/v2\/product\/65404","targetHints":{"allow":["GET"]}}],"collection":[{"href":"https:\/\/repliquemangacine.fr\/es\/wp-json\/wp\/v2\/product"}],"about":[{"href":"https:\/\/repliquemangacine.fr\/es\/wp-json\/wp\/v2\/types\/product"}],"wp:featuredmedia":[{"embeddable":true,"href":"https:\/\/repliquemangacine.fr\/es\/wp-json\/wp\/v2\/media\/65405"}],"wp:attachment":[{"href":"https:\/\/repliquemangacine.fr\/es\/wp-json\/wp\/v2\/media?parent=65404"}],"wp:term":[{"taxonomy":"product_brand","embeddable":true,"href":"https:\/\/repliquemangacine.fr\/es\/wp-json\/wp\/v2\/product_brand?post=65404"},{"taxonomy":"product_cat","embeddable":true,"href":"https:\/\/repliquemangacine.fr\/es\/wp-json\/wp\/v2\/product_cat?post=65404"},{"taxonomy":"product_tag","embeddable":true,"href":"https:\/\/repliquemangacine.fr\/es\/wp-json\/wp\/v2\/product_tag?post=65404"}],"curies":[{"name":"wp","href":"https:\/\/api.w.org\/{rel}","templated":true}]}}