





{"id":65378,"date":"2023-11-13T11:45:52","date_gmt":"2023-11-13T10:45:52","guid":{"rendered":"https:\/\/repliquemangacine.fr\/?post_type=product&#038;p=65378"},"modified":"2026-04-17T11:29:51","modified_gmt":"2026-04-17T09:29:51","slug":"colt-navy-1851-laton","status":"publish","type":"product","link":"https:\/\/repliquemangacine.fr\/es\/arme-kolser\/colt-navy-1851-laiton\/","title":{"rendered":"Colt Navy 1851 lat\u00f3n"},"content":{"rendered":"<h2>Colt Navy 1851 de lat\u00f3n de Kolser: una r\u00e9plica hist\u00f3rica<\/h2>\n<p>En primer lugar, el <strong>Colt Navy 1851 lat\u00f3n<\/strong>, un arma emblem\u00e1tica de la Guerra de Secesi\u00f3n, desempe\u00f1\u00f3 un papel crucial durante este conflicto. Rev\u00f3lver de percusi\u00f3n muy apreciado por su fiabilidad,<br \/>\nsu precisi\u00f3n y facilidad de manejo.<\/p>\n<p>Utilizada tanto por los soldados de la Uni\u00f3n como por los de la Confederaci\u00f3n, la Colt Navy 1851 dej\u00f3 huella en numerosos enfrentamientos. Su dise\u00f1o innovador y su robustez la convirtieron en el arma preferida en los campos de batalla, y su elegante est\u00e9tica tambi\u00e9n sedujo a los civiles.<\/p>\n<h3>Fiabilidad y precisi\u00f3n: los puntos fuertes de la Colt Navy 1851 Kolser<\/h3>\n<p>Cabe destacar que la marca Kolser se compromete a reproducir la Colt Navy 1851 con una precisi\u00f3n impresionante. Cada aspecto del arma, desde el grabado hasta el acabado del metal, se trabaja meticulosamente para reflejar el arma hist\u00f3rica.<\/p>\n<p>Esto se consigue gracias a un minucioso dise\u00f1o pieza por pieza y a un proceso de montaje manual, lo que garantiza una atenci\u00f3n al detalle sin igual.<\/p>\n<h2>El Kolser Colt Navy 1851 : Una elecci\u00f3n de calidad a un precio competitivo<\/h2>\n<p>Fielmente reproducida por Kolser, esta Colt es una excelente opci\u00f3n para los amantes de las armas hist\u00f3ricas, ya que combina una calidad impecable con un precio atractivo. Esta r\u00e9plica, cuidadosamente dise\u00f1ada, ofrece a los aficionados una experiencia aut\u00e9ntica, reproduciendo con precisi\u00f3n los detalles y el mecanismo del arma original utilizada durante la Guerra de Secesi\u00f3n.<\/p>\n<p>Adem\u00e1s, el cuidado prestado a cada aspecto del rev\u00f3lver garantiza una fidelidad hist\u00f3rica excepcional. En resumen, el rev\u00f3lver de Kolser combina a la perfecci\u00f3n la tradici\u00f3n hist\u00f3rica y la accesibilidad econ\u00f3mica.<\/p>\n<h3>Excepcional relaci\u00f3n calidad-precio en el Colt Navy 1851 Kolser<\/h3>\n<p>El compromiso de Kolser de ofrecer un Colt que sea a la vez aut\u00e9ntico y asequible se refleja en su relaci\u00f3n calidad-precio. Los coleccionistas y los recreadores hist\u00f3ricos se benefician de una r\u00e9plica de excelente calidad sin tener que invertir una suma excesiva. Adem\u00e1s <a href=\"https:\/\/repliquemangacine.fr\/es\/nuevos-productos\/revolver-thunderer-laton\/\">Colt Thunderer<\/a> con su empu\u00f1adura de n\u00e1car, \u00a1una maravilla! Y muchos m\u00e1s<\/p>\n<h2>Ventajas de elegir la marca Kolser para las r\u00e9plicas hist\u00f3ricas<\/h2>\n<p>Kolser, una marca de renombre en el campo de las r\u00e9plicas de armas hist\u00f3ricas. Conocida por su compromiso con la autenticidad y la calidad. <a href=\"https:\/\/kolser.com\/\" target=\"_blank\" rel=\"noopener noreferrer\">Kolser<\/a> ofrece r\u00e9plicas que combinan fidelidad hist\u00f3rica y acabados artesanales de alta calidad.<\/p>\n<p>Esta marca es especialmente apreciada por coleccionistas y apasionados de la historia por su capacidad para recrear con precisi\u00f3n armas legendarias. En resumen, la marca Kolser destaca por su capacidad para ofrecer r\u00e9plicas de una fidelidad y una calidad excepcionales.<\/p>\n<h3>Calidad superior y fidelidad hist\u00f3rica: los puntos fuertes de Kolser<\/h3>\n<p>Una de las principales ventajas de Kolser es la alta calidad de sus r\u00e9plicas. Cada producto es el resultado de una exhaustiva investigaci\u00f3n y de un saber hacer artesanal, lo que garantiza una reproducci\u00f3n fiel de las armas originales. Adem\u00e1s, Kolser utiliza materiales de alta calidad, lo que garantiza la durabilidad y la est\u00e9tica de cada pieza.<\/p>\n<p>En conclusi\u00f3n, Kolser responde as\u00ed a las expectativas de los aficionados m\u00e1s exigentes.<\/p>","protected":false},"excerpt":{"rendered":"<p>Una r\u00e9plica absolutamente notable de la Kolser Colt Navy 1851.<\/p>\n<ul>\n<li>Todo en acero bicolor<\/li>\n<li>Stock de madera<\/li>\n<li>Grabado de las dos caras del tonel octogonal<\/li>\n<li>Mecanismo funcional con tres posiciones<\/li>\n<li>Cilindro giratorio de 6 c\u00e1maras apto para cebos de petardos<\/li>\n<li>Se suministra en caja<\/li>\n<li>Longitud total: 35 cm<\/li>\n<\/ul>\n<p><iframe title=\"Reproductor de v\u00eddeo YouTube\" src=\"https:\/\/www.youtube.com\/embed\/6lT4fGB7hAc?si=OUGueoPSUHwitwYE\" width=\"560\" height=\"315\" frameborder=\"0\" allowfullscreen=\"allowfullscreen\"><\/iframe><\/p>","protected":false},"featured_media":65380,"template":"","meta":[],"product_brand":[896],"product_cat":[100,34,77,28,27],"product_tag":[],"class_list":{"0":"post-65378","1":"product","2":"type-product","3":"status-publish","4":"has-post-thumbnail","6":"product_brand-replique-manga-cine","7":"product_cat-arme-kolser","8":"product_cat-armes-westerns","9":"product_cat-colt-revolver-western","10":"product_cat-repliques-darmes","11":"product_cat-armes-et-accessoires-western","13":"first","14":"outofstock","15":"taxable","16":"shipping-taxable","17":"purchasable","18":"product-type-simple"},"yoast_head":"<!-- This site is optimized with the Yoast SEO plugin v27.4 - https:\/\/yoast.com\/product\/yoast-seo-wordpress\/ -->\n<title>Colt Navy 1851 laiton - R\u00e9pliques d&#039;armes Kolser | R\u00e9plique Manga Cin\u00e9<\/title>\n<meta name=\"description\" content=\"D\u00e9couvrez la derni\u00e8re nouveaut\u00e9 Kolser, le Colt Navy 1851 laiton au meilleur prix. Tout en m\u00e9tal deux tons. M\u00e9canisme fonctionnel. Identique aux originaux.\" \/>\n<meta name=\"robots\" content=\"index, follow, max-snippet:-1, max-image-preview:large, max-video-preview:-1\" \/>\n<link rel=\"canonical\" href=\"https:\/\/repliquemangacine.fr\/es\/pistola-kolser\/colt-navy-1851-laton\/\" \/>\n<meta property=\"og:locale\" content=\"es_ES\" \/>\n<meta property=\"og:type\" content=\"article\" \/>\n<meta property=\"og:title\" content=\"Colt Navy 1851 laiton - R\u00e9pliques d&#039;armes Kolser | R\u00e9plique Manga Cin\u00e9\" \/>\n<meta property=\"og:description\" content=\"D\u00e9couvrez la derni\u00e8re nouveaut\u00e9 Kolser, le Colt Navy 1851 laiton au meilleur prix. Tout en m\u00e9tal deux tons. M\u00e9canisme fonctionnel. Identique aux originaux.\" \/>\n<meta property=\"og:url\" content=\"https:\/\/repliquemangacine.fr\/es\/pistola-kolser\/colt-navy-1851-laton\/\" \/>\n<meta property=\"og:site_name\" content=\"R\u00e9plique Manga Cin\u00e9\" \/>\n<meta property=\"article:publisher\" content=\"https:\/\/www.facebook.com\/RepliqueMangaCine\" \/>\n<meta property=\"article:modified_time\" content=\"2026-04-17T09:29:51+00:00\" \/>\n<meta property=\"og:image\" content=\"https:\/\/repliquemangacine.fr\/wp-content\/uploads\/2023\/11\/Colt-Navy-1851-laiton-kolser.jpg\" \/>\n\t<meta property=\"og:image:width\" content=\"500\" \/>\n\t<meta property=\"og:image:height\" content=\"500\" \/>\n\t<meta property=\"og:image:type\" content=\"image\/jpeg\" \/>\n<meta name=\"twitter:card\" content=\"summary_large_image\" \/>\n<meta name=\"twitter:label1\" content=\"Tiempo de lectura\" \/>\n\t<meta name=\"twitter:data1\" content=\"3 minutos\" \/>\n<script type=\"application\/ld+json\" class=\"yoast-schema-graph\">{\"@context\":\"https:\\\/\\\/schema.org\",\"@graph\":[{\"@type\":\"WebPage\",\"@id\":\"https:\\\/\\\/repliquemangacine.fr\\\/arme-kolser\\\/colt-navy-1851-laiton\\\/\",\"url\":\"https:\\\/\\\/repliquemangacine.fr\\\/arme-kolser\\\/colt-navy-1851-laiton\\\/\",\"name\":\"Colt Navy 1851 laiton - R\u00e9pliques d'armes Kolser | R\u00e9plique Manga Cin\u00e9\",\"isPartOf\":{\"@id\":\"https:\\\/\\\/repliquemangacine.fr\\\/#website\"},\"primaryImageOfPage\":{\"@id\":\"https:\\\/\\\/repliquemangacine.fr\\\/arme-kolser\\\/colt-navy-1851-laiton\\\/#primaryimage\"},\"image\":{\"@id\":\"https:\\\/\\\/repliquemangacine.fr\\\/arme-kolser\\\/colt-navy-1851-laiton\\\/#primaryimage\"},\"thumbnailUrl\":\"https:\\\/\\\/repliquemangacine.fr\\\/wp-content\\\/uploads\\\/2023\\\/11\\\/Colt-Navy-1851-laiton-kolser.jpg\",\"datePublished\":\"2023-11-13T10:45:52+00:00\",\"dateModified\":\"2026-04-17T09:29:51+00:00\",\"description\":\"D\u00e9couvrez la derni\u00e8re nouveaut\u00e9 Kolser, le Colt Navy 1851 laiton au meilleur prix. Tout en m\u00e9tal deux tons. M\u00e9canisme fonctionnel. Identique aux originaux.\",\"breadcrumb\":{\"@id\":\"https:\\\/\\\/repliquemangacine.fr\\\/arme-kolser\\\/colt-navy-1851-laiton\\\/#breadcrumb\"},\"inLanguage\":\"es\",\"potentialAction\":[{\"@type\":\"ReadAction\",\"target\":[\"https:\\\/\\\/repliquemangacine.fr\\\/arme-kolser\\\/colt-navy-1851-laiton\\\/\"]}]},{\"@type\":\"ImageObject\",\"inLanguage\":\"es\",\"@id\":\"https:\\\/\\\/repliquemangacine.fr\\\/arme-kolser\\\/colt-navy-1851-laiton\\\/#primaryimage\",\"url\":\"https:\\\/\\\/repliquemangacine.fr\\\/wp-content\\\/uploads\\\/2023\\\/11\\\/Colt-Navy-1851-laiton-kolser.jpg\",\"contentUrl\":\"https:\\\/\\\/repliquemangacine.fr\\\/wp-content\\\/uploads\\\/2023\\\/11\\\/Colt-Navy-1851-laiton-kolser.jpg\",\"width\":500,\"height\":500,\"caption\":\"Colt Navy 1851 laiton. Marque Kolser\"},{\"@type\":\"BreadcrumbList\",\"@id\":\"https:\\\/\\\/repliquemangacine.fr\\\/arme-kolser\\\/colt-navy-1851-laiton\\\/#breadcrumb\",\"itemListElement\":[{\"@type\":\"ListItem\",\"position\":1,\"name\":\"Accueil\",\"item\":\"https:\\\/\\\/repliquemangacine.fr\\\/\"},{\"@type\":\"ListItem\",\"position\":2,\"name\":\"Produits\",\"item\":\"https:\\\/\\\/repliquemangacine.fr\\\/boutique\\\/\"},{\"@type\":\"ListItem\",\"position\":3,\"name\":\"Colt Navy 1851 laiton\"}]},{\"@type\":\"WebSite\",\"@id\":\"https:\\\/\\\/repliquemangacine.fr\\\/#website\",\"url\":\"https:\\\/\\\/repliquemangacine.fr\\\/\",\"name\":\"R\u00e9plique Manga Cin\u00e9\",\"description\":\"\",\"publisher\":{\"@id\":\"https:\\\/\\\/repliquemangacine.fr\\\/#organization\"},\"potentialAction\":[{\"@type\":\"SearchAction\",\"target\":{\"@type\":\"EntryPoint\",\"urlTemplate\":\"https:\\\/\\\/repliquemangacine.fr\\\/?s={search_term_string}\"},\"query-input\":{\"@type\":\"PropertyValueSpecification\",\"valueRequired\":true,\"valueName\":\"search_term_string\"}}],\"inLanguage\":\"es\"},{\"@type\":\"Organization\",\"@id\":\"https:\\\/\\\/repliquemangacine.fr\\\/#organization\",\"name\":\"R\u00e9plique Manga Cin\u00e9\",\"url\":\"https:\\\/\\\/repliquemangacine.fr\\\/\",\"logo\":{\"@type\":\"ImageObject\",\"inLanguage\":\"es\",\"@id\":\"https:\\\/\\\/repliquemangacine.fr\\\/#\\\/schema\\\/logo\\\/image\\\/\",\"url\":\"https:\\\/\\\/repliquemangacine.fr\\\/wp-content\\\/uploads\\\/2023\\\/10\\\/RMC-500250.png\",\"contentUrl\":\"https:\\\/\\\/repliquemangacine.fr\\\/wp-content\\\/uploads\\\/2023\\\/10\\\/RMC-500250.png\",\"width\":500,\"height\":250,\"caption\":\"R\u00e9plique Manga Cin\u00e9\"},\"image\":{\"@id\":\"https:\\\/\\\/repliquemangacine.fr\\\/#\\\/schema\\\/logo\\\/image\\\/\"},\"sameAs\":[\"https:\\\/\\\/www.facebook.com\\\/RepliqueMangaCine\",\"https:\\\/\\\/www.instagram.com\\\/repliquemangacine.fr\\\/\"]}]}<\/script>\n<!-- \/ Yoast SEO plugin. -->","yoast_head_json":{"title":"Colt Navy 1851 lat\u00f3n - Kolser Replica Weapons | R\u00e9plique Manga Cin\u00e9","description":"Descubre lo \u00faltimo de Kolser, el Colt Navy 1851 de lat\u00f3n al mejor precio. Todo en metal bicolor. Mecanismo funcional. Id\u00e9ntico a los originales.","robots":{"index":"index","follow":"follow","max-snippet":"max-snippet:-1","max-image-preview":"max-image-preview:large","max-video-preview":"max-video-preview:-1"},"canonical":"https:\/\/repliquemangacine.fr\/es\/pistola-kolser\/colt-navy-1851-laton\/","og_locale":"es_ES","og_type":"article","og_title":"Colt Navy 1851 laiton - R\u00e9pliques d'armes Kolser | R\u00e9plique Manga Cin\u00e9","og_description":"D\u00e9couvrez la derni\u00e8re nouveaut\u00e9 Kolser, le Colt Navy 1851 laiton au meilleur prix. Tout en m\u00e9tal deux tons. M\u00e9canisme fonctionnel. Identique aux originaux.","og_url":"https:\/\/repliquemangacine.fr\/es\/pistola-kolser\/colt-navy-1851-laton\/","og_site_name":"R\u00e9plique Manga Cin\u00e9","article_publisher":"https:\/\/www.facebook.com\/RepliqueMangaCine","article_modified_time":"2026-04-17T09:29:51+00:00","og_image":[{"width":500,"height":500,"url":"https:\/\/repliquemangacine.fr\/wp-content\/uploads\/2023\/11\/Colt-Navy-1851-laiton-kolser.jpg","type":"image\/jpeg"}],"twitter_card":"summary_large_image","twitter_misc":{"Tiempo de lectura":"3 minutos"},"schema":{"@context":"https:\/\/schema.org","@graph":[{"@type":"WebPage","@id":"https:\/\/repliquemangacine.fr\/arme-kolser\/colt-navy-1851-laiton\/","url":"https:\/\/repliquemangacine.fr\/arme-kolser\/colt-navy-1851-laiton\/","name":"Colt Navy 1851 lat\u00f3n - Kolser Replica Weapons | R\u00e9plique Manga Cin\u00e9","isPartOf":{"@id":"https:\/\/repliquemangacine.fr\/#website"},"primaryImageOfPage":{"@id":"https:\/\/repliquemangacine.fr\/arme-kolser\/colt-navy-1851-laiton\/#primaryimage"},"image":{"@id":"https:\/\/repliquemangacine.fr\/arme-kolser\/colt-navy-1851-laiton\/#primaryimage"},"thumbnailUrl":"https:\/\/repliquemangacine.fr\/wp-content\/uploads\/2023\/11\/Colt-Navy-1851-laiton-kolser.jpg","datePublished":"2023-11-13T10:45:52+00:00","dateModified":"2026-04-17T09:29:51+00:00","description":"Descubre lo \u00faltimo de Kolser, el Colt Navy 1851 de lat\u00f3n al mejor precio. Todo en metal bicolor. Mecanismo funcional. Id\u00e9ntico a los originales.","breadcrumb":{"@id":"https:\/\/repliquemangacine.fr\/arme-kolser\/colt-navy-1851-laiton\/#breadcrumb"},"inLanguage":"es","potentialAction":[{"@type":"ReadAction","target":["https:\/\/repliquemangacine.fr\/arme-kolser\/colt-navy-1851-laiton\/"]}]},{"@type":"ImageObject","inLanguage":"es","@id":"https:\/\/repliquemangacine.fr\/arme-kolser\/colt-navy-1851-laiton\/#primaryimage","url":"https:\/\/repliquemangacine.fr\/wp-content\/uploads\/2023\/11\/Colt-Navy-1851-laiton-kolser.jpg","contentUrl":"https:\/\/repliquemangacine.fr\/wp-content\/uploads\/2023\/11\/Colt-Navy-1851-laiton-kolser.jpg","width":500,"height":500,"caption":"Colt Navy 1851 laiton. Marque Kolser"},{"@type":"BreadcrumbList","@id":"https:\/\/repliquemangacine.fr\/arme-kolser\/colt-navy-1851-laiton\/#breadcrumb","itemListElement":[{"@type":"ListItem","position":1,"name":"Accueil","item":"https:\/\/repliquemangacine.fr\/"},{"@type":"ListItem","position":2,"name":"Produits","item":"https:\/\/repliquemangacine.fr\/boutique\/"},{"@type":"ListItem","position":3,"name":"Colt Navy 1851 laiton"}]},{"@type":"WebSite","@id":"https:\/\/repliquemangacine.fr\/#website","url":"https:\/\/repliquemangacine.fr\/","name":"R\u00e9plique Manga Cin\u00e9","description":"","publisher":{"@id":"https:\/\/repliquemangacine.fr\/#organization"},"potentialAction":[{"@type":"SearchAction","target":{"@type":"EntryPoint","urlTemplate":"https:\/\/repliquemangacine.fr\/?s={search_term_string}"},"query-input":{"@type":"PropertyValueSpecification","valueRequired":true,"valueName":"search_term_string"}}],"inLanguage":"es"},{"@type":"Organization","@id":"https:\/\/repliquemangacine.fr\/#organization","name":"R\u00e9plique Manga Cin\u00e9","url":"https:\/\/repliquemangacine.fr\/","logo":{"@type":"ImageObject","inLanguage":"es","@id":"https:\/\/repliquemangacine.fr\/#\/schema\/logo\/image\/","url":"https:\/\/repliquemangacine.fr\/wp-content\/uploads\/2023\/10\/RMC-500250.png","contentUrl":"https:\/\/repliquemangacine.fr\/wp-content\/uploads\/2023\/10\/RMC-500250.png","width":500,"height":250,"caption":"R\u00e9plique Manga Cin\u00e9"},"image":{"@id":"https:\/\/repliquemangacine.fr\/#\/schema\/logo\/image\/"},"sameAs":["https:\/\/www.facebook.com\/RepliqueMangaCine","https:\/\/www.instagram.com\/repliquemangacine.fr\/"]}]}},"_links":{"self":[{"href":"https:\/\/repliquemangacine.fr\/es\/wp-json\/wp\/v2\/product\/65378","targetHints":{"allow":["GET"]}}],"collection":[{"href":"https:\/\/repliquemangacine.fr\/es\/wp-json\/wp\/v2\/product"}],"about":[{"href":"https:\/\/repliquemangacine.fr\/es\/wp-json\/wp\/v2\/types\/product"}],"wp:featuredmedia":[{"embeddable":true,"href":"https:\/\/repliquemangacine.fr\/es\/wp-json\/wp\/v2\/media\/65380"}],"wp:attachment":[{"href":"https:\/\/repliquemangacine.fr\/es\/wp-json\/wp\/v2\/media?parent=65378"}],"wp:term":[{"taxonomy":"product_brand","embeddable":true,"href":"https:\/\/repliquemangacine.fr\/es\/wp-json\/wp\/v2\/product_brand?post=65378"},{"taxonomy":"product_cat","embeddable":true,"href":"https:\/\/repliquemangacine.fr\/es\/wp-json\/wp\/v2\/product_cat?post=65378"},{"taxonomy":"product_tag","embeddable":true,"href":"https:\/\/repliquemangacine.fr\/es\/wp-json\/wp\/v2\/product_tag?post=65378"}],"curies":[{"name":"wp","href":"https:\/\/api.w.org\/{rel}","templated":true}]}}