





{"id":65257,"date":"2023-11-13T11:06:10","date_gmt":"2023-11-13T10:06:10","guid":{"rendered":"https:\/\/repliquemangacine.fr\/?post_type=product&#038;p=65257"},"modified":"2025-12-12T17:24:52","modified_gmt":"2025-12-12T16:24:52","slug":"colt-navy-1862-gris","status":"publish","type":"product","link":"https:\/\/repliquemangacine.fr\/es\/arme-kolser\/colt-navy-1862-gris\/","title":{"rendered":"Colt Navy 1862 Gris"},"content":{"rendered":"<h2>El Colt Navy 1862 de Kolser: Una r\u00e9plica hist\u00f3rica de calidad<\/h2>\n<p>En primer lugar, el <strong>Colt Navy 1862 gris<\/strong>, reproducida por Kolser, es una r\u00e9plica de un arma hist\u00f3rica. Combina la fidelidad al modelo original con la excelencia artesanal. Esta r\u00e9plica, fabricada por una marca reconocida por su atenci\u00f3n al detalle, ofrece a los coleccionistas y apasionados de la historia una aut\u00e9ntica inmersi\u00f3n en el pasado.<\/p>\n<p>Esta Colt destaca por su precisi\u00f3n de fabricaci\u00f3n, respetando las especificaciones y el dise\u00f1o del arma original. Utilizada durante la Guerra de Secesi\u00f3n. Cada aspecto del arma, desde el grabado hasta el acabado del metal, est\u00e1 meticulosamente trabajado para reflejar el arma hist\u00f3rica.<\/p>\n<h3>Fiabilidad y precisi\u00f3n: los puntos fuertes de la Colt Navy 1862 Kolser<\/h3>\n<p>Este riguroso enfoque garantiza una experiencia aut\u00e9ntica a los usuarios. Ya sean recreadores hist\u00f3ricos o simples amantes de la historia. El Kolser Colt Navy 1862 no es solo una r\u00e9plica, es una pieza tangible de la historia, que rinde homenaje a una \u00e9poca pasada.<\/p>\n<h2>Colt Navy 1862 Kolser relaci\u00f3n calidad-precio: Una sabia inversi\u00f3n<\/h2>\n<p>La relaci\u00f3n calidad-precio del Colt Navy 1862 de la marca Kolser es un factor determinante para muchos coleccionistas y aficionados a las armas hist\u00f3ricas. Esta r\u00e9plica combina un escrupuloso respeto por la historia con un precio asequible, lo que le confiere un valor excepcional. Los coleccionistas pueden permitirse adquirir una pieza hist\u00f3rica sin comprometer ni la calidad ni su presupuesto.<\/p>\n<p>De hecho, Kolser ha logrado establecer un equilibrio perfecto entre la reproducci\u00f3n fiel de un arma hist\u00f3rica y un precio asequible para el gran p\u00fablico.<\/p>\n<h3>Equilibrio perfecto entre autenticidad y accesibilidad<\/h3>\n<p>Esta combinaci\u00f3n ganadora hace que las r\u00e9plicas del <strong>Colt Navy 1862 gris<\/strong> accesibles a una amplia gama de aficionados, desde principiantes hasta coleccionistas experimentados. La asequibilidad de estas r\u00e9plicas no desmerece en absoluto su calidad, lo que las convierte en la opci\u00f3n perfecta para los entusiastas. <a href=\"https:\/\/repliquemangacine.fr\/es\/pistola-kolser\/\">Armas Kolser<\/a> una opci\u00f3n ideal para cualquiera que desee poseer una pieza tangible de la historia.<\/p>\n<h2>\u00bfPor qu\u00e9 elegir Kolser para su r\u00e9plica Colt Navy 1862?<\/h2>\n<p>Elegir una r\u00e9plica Kolser es optar por una marca que ha demostrado su val\u00eda en el \u00e1mbito de las armas hist\u00f3ricas. Reconocida por su capacidad para producir r\u00e9plicas de una fidelidad excepcional, combinando la artesan\u00eda y las tecnolog\u00edas modernas. Por ello, esta reputaci\u00f3n convierte a Kolser en una opci\u00f3n imprescindible para los amantes de las armas hist\u00f3ricas.<\/p>\n<p>Cabe destacar que la marca presta especial atenci\u00f3n a los m\u00e1s m\u00ednimos detalles. De este modo, garantiza que cada r\u00e9plica no solo sea un objeto de colecci\u00f3n, sino tambi\u00e9n una pieza hist\u00f3rica fiel al original.<\/p>\n<h3>Kolser: sin\u00f3nimo de lealtad hist\u00f3rica y calidad<\/h3>\n<p>Adem\u00e1s, el compromiso de <a href=\"https:\/\/kolser.com\/\" target=\"_blank\" rel=\"noopener noreferrer\">Kolser<\/a> El compromiso de la empresa con la calidad y la autenticidad se refleja en cada una de las r\u00e9plicas de su cat\u00e1logo, por ejemplo, el <a href=\"https:\/\/repliquemangacine.fr\/es\/pistola-kolser\/peacemaker-5-5-juego-de-kolser-pulido\/\">colt peacemaker poli<\/a>.<\/p>\n<p>En conclusi\u00f3n, al elegir Kolser, los coleccionistas se aseguran de adquirir una r\u00e9plica que respeta el legado del <strong>Colt Navy 1862 gris<\/strong>Todo ello con la ventaja de unos conocimientos modernos y una calidad de fabricaci\u00f3n impecable.<\/p>","protected":false},"excerpt":{"rendered":"<p>Magn\u00edfica r\u00e9plica de la Colt Navy 1862 gris de Kolser.<\/p>\n<ul>\n<li>Metal gris antiguo<\/li>\n<li>Stock de madera.<\/li>\n<li>Mecanismo funcional con tres posiciones.<\/li>\n<li>C\u00e1mara de tambor giratorio rellenable, apta para cebos de petardos<\/li>\n<li>Se suministra en caja<\/li>\n<li>Longitud total: 35 cm<\/li>\n<\/ul>\n<p><iframe title=\"Reproductor de v\u00eddeo YouTube\" src=\"https:\/\/www.youtube.com\/embed\/6lT4fGB7hAc?si=f_fQ1nHr52Ynp5OL\" width=\"560\" height=\"315\" frameborder=\"0\" allowfullscreen=\"allowfullscreen\"><\/iframe><\/p>","protected":false},"featured_media":65266,"template":"","meta":[],"product_brand":[896],"product_cat":[100,34,77,28,27,64],"product_tag":[],"class_list":{"0":"post-65257","1":"product","2":"type-product","3":"status-publish","4":"has-post-thumbnail","6":"product_brand-replique-manga-cine","7":"product_cat-arme-kolser","8":"product_cat-armes-westerns","9":"product_cat-colt-revolver-western","10":"product_cat-repliques-darmes","11":"product_cat-armes-et-accessoires-western","12":"product_cat-western-repliques-armes","14":"first","15":"instock","16":"taxable","17":"shipping-taxable","18":"purchasable","19":"product-type-simple"},"yoast_head":"<!-- This site is optimized with the Yoast SEO plugin v27.4 - https:\/\/yoast.com\/product\/yoast-seo-wordpress\/ -->\n<title>Colt Navy 1862 Gris - R\u00e9plique d&#039;armes Kolser | R\u00e9plique Manga Cin\u00e9<\/title>\n<meta name=\"description\" content=\"Venez vite d\u00e9couvrir notre derni\u00e8re nouveaut\u00e9 Kolser le Colt Navy 1862 gris. Tout en m\u00e9tal, fid\u00e8le \u00e0 l&#039;original. M\u00e9canisme fonctionnel. Qualit\u00e9\/prix garanti\" \/>\n<meta name=\"robots\" content=\"index, follow, max-snippet:-1, max-image-preview:large, max-video-preview:-1\" \/>\n<link rel=\"canonical\" href=\"https:\/\/repliquemangacine.fr\/es\/pistola-kolser\/colt-navy-1862-gris\/\" \/>\n<meta property=\"og:locale\" content=\"es_ES\" \/>\n<meta property=\"og:type\" content=\"article\" \/>\n<meta property=\"og:title\" content=\"Colt Navy 1862 Gris - R\u00e9plique d&#039;armes Kolser | R\u00e9plique Manga Cin\u00e9\" \/>\n<meta property=\"og:description\" content=\"Venez vite d\u00e9couvrir notre derni\u00e8re nouveaut\u00e9 Kolser le Colt Navy 1862 gris. Tout en m\u00e9tal, fid\u00e8le \u00e0 l&#039;original. M\u00e9canisme fonctionnel. Qualit\u00e9\/prix garanti\" \/>\n<meta property=\"og:url\" content=\"https:\/\/repliquemangacine.fr\/es\/pistola-kolser\/colt-navy-1862-gris\/\" \/>\n<meta property=\"og:site_name\" content=\"R\u00e9plique Manga Cin\u00e9\" \/>\n<meta property=\"article:publisher\" content=\"https:\/\/www.facebook.com\/RepliqueMangaCine\" \/>\n<meta property=\"article:modified_time\" content=\"2025-12-12T16:24:52+00:00\" \/>\n<meta property=\"og:image\" content=\"https:\/\/repliquemangacine.fr\/wp-content\/uploads\/2023\/11\/Colt-Navy-1862-Gris.jpg\" \/>\n\t<meta property=\"og:image:width\" content=\"500\" \/>\n\t<meta property=\"og:image:height\" content=\"500\" \/>\n\t<meta property=\"og:image:type\" content=\"image\/jpeg\" \/>\n<meta name=\"twitter:card\" content=\"summary_large_image\" \/>\n<meta name=\"twitter:label1\" content=\"Tiempo de lectura\" \/>\n\t<meta name=\"twitter:data1\" content=\"3 minutos\" \/>\n<script type=\"application\/ld+json\" class=\"yoast-schema-graph\">{\"@context\":\"https:\\\/\\\/schema.org\",\"@graph\":[{\"@type\":\"WebPage\",\"@id\":\"https:\\\/\\\/repliquemangacine.fr\\\/arme-kolser\\\/colt-navy-1862-gris\\\/\",\"url\":\"https:\\\/\\\/repliquemangacine.fr\\\/arme-kolser\\\/colt-navy-1862-gris\\\/\",\"name\":\"Colt Navy 1862 Gris - R\u00e9plique d'armes Kolser | R\u00e9plique Manga Cin\u00e9\",\"isPartOf\":{\"@id\":\"https:\\\/\\\/repliquemangacine.fr\\\/#website\"},\"primaryImageOfPage\":{\"@id\":\"https:\\\/\\\/repliquemangacine.fr\\\/arme-kolser\\\/colt-navy-1862-gris\\\/#primaryimage\"},\"image\":{\"@id\":\"https:\\\/\\\/repliquemangacine.fr\\\/arme-kolser\\\/colt-navy-1862-gris\\\/#primaryimage\"},\"thumbnailUrl\":\"https:\\\/\\\/repliquemangacine.fr\\\/wp-content\\\/uploads\\\/2023\\\/11\\\/Colt-Navy-1862-Gris.jpg\",\"datePublished\":\"2023-11-13T10:06:10+00:00\",\"dateModified\":\"2025-12-12T16:24:52+00:00\",\"description\":\"Venez vite d\u00e9couvrir notre derni\u00e8re nouveaut\u00e9 Kolser le Colt Navy 1862 gris. Tout en m\u00e9tal, fid\u00e8le \u00e0 l'original. M\u00e9canisme fonctionnel. Qualit\u00e9\\\/prix garanti\",\"breadcrumb\":{\"@id\":\"https:\\\/\\\/repliquemangacine.fr\\\/arme-kolser\\\/colt-navy-1862-gris\\\/#breadcrumb\"},\"inLanguage\":\"es\",\"potentialAction\":[{\"@type\":\"ReadAction\",\"target\":[\"https:\\\/\\\/repliquemangacine.fr\\\/arme-kolser\\\/colt-navy-1862-gris\\\/\"]}]},{\"@type\":\"ImageObject\",\"inLanguage\":\"es\",\"@id\":\"https:\\\/\\\/repliquemangacine.fr\\\/arme-kolser\\\/colt-navy-1862-gris\\\/#primaryimage\",\"url\":\"https:\\\/\\\/repliquemangacine.fr\\\/wp-content\\\/uploads\\\/2023\\\/11\\\/Colt-Navy-1862-Gris.jpg\",\"contentUrl\":\"https:\\\/\\\/repliquemangacine.fr\\\/wp-content\\\/uploads\\\/2023\\\/11\\\/Colt-Navy-1862-Gris.jpg\",\"width\":500,\"height\":500,\"caption\":\"Colt Navy 1862 gris\"},{\"@type\":\"BreadcrumbList\",\"@id\":\"https:\\\/\\\/repliquemangacine.fr\\\/arme-kolser\\\/colt-navy-1862-gris\\\/#breadcrumb\",\"itemListElement\":[{\"@type\":\"ListItem\",\"position\":1,\"name\":\"Accueil\",\"item\":\"https:\\\/\\\/repliquemangacine.fr\\\/\"},{\"@type\":\"ListItem\",\"position\":2,\"name\":\"Produits\",\"item\":\"https:\\\/\\\/repliquemangacine.fr\\\/boutique\\\/\"},{\"@type\":\"ListItem\",\"position\":3,\"name\":\"Colt Navy 1862 Gris\"}]},{\"@type\":\"WebSite\",\"@id\":\"https:\\\/\\\/repliquemangacine.fr\\\/#website\",\"url\":\"https:\\\/\\\/repliquemangacine.fr\\\/\",\"name\":\"R\u00e9plique Manga Cin\u00e9\",\"description\":\"\",\"publisher\":{\"@id\":\"https:\\\/\\\/repliquemangacine.fr\\\/#organization\"},\"potentialAction\":[{\"@type\":\"SearchAction\",\"target\":{\"@type\":\"EntryPoint\",\"urlTemplate\":\"https:\\\/\\\/repliquemangacine.fr\\\/?s={search_term_string}\"},\"query-input\":{\"@type\":\"PropertyValueSpecification\",\"valueRequired\":true,\"valueName\":\"search_term_string\"}}],\"inLanguage\":\"es\"},{\"@type\":\"Organization\",\"@id\":\"https:\\\/\\\/repliquemangacine.fr\\\/#organization\",\"name\":\"R\u00e9plique Manga Cin\u00e9\",\"url\":\"https:\\\/\\\/repliquemangacine.fr\\\/\",\"logo\":{\"@type\":\"ImageObject\",\"inLanguage\":\"es\",\"@id\":\"https:\\\/\\\/repliquemangacine.fr\\\/#\\\/schema\\\/logo\\\/image\\\/\",\"url\":\"https:\\\/\\\/repliquemangacine.fr\\\/wp-content\\\/uploads\\\/2023\\\/10\\\/RMC-500250.png\",\"contentUrl\":\"https:\\\/\\\/repliquemangacine.fr\\\/wp-content\\\/uploads\\\/2023\\\/10\\\/RMC-500250.png\",\"width\":500,\"height\":250,\"caption\":\"R\u00e9plique Manga Cin\u00e9\"},\"image\":{\"@id\":\"https:\\\/\\\/repliquemangacine.fr\\\/#\\\/schema\\\/logo\\\/image\\\/\"},\"sameAs\":[\"https:\\\/\\\/www.facebook.com\\\/RepliqueMangaCine\",\"https:\\\/\\\/www.instagram.com\\\/repliquemangacine.fr\\\/\"]}]}<\/script>\n<!-- \/ Yoast SEO plugin. -->","yoast_head_json":{"title":"Colt Navy 1862 Gris - R\u00e9plica de pistola Kolser | R\u00e9plique Manga Cin\u00e9","description":"Venga a descubrir nuestra \u00faltima innovaci\u00f3n Kolser, la Colt Navy 1862 gris. Todo de metal, fiel al original. Mecanismo funcional. Calidad\/precio garantizados","robots":{"index":"index","follow":"follow","max-snippet":"max-snippet:-1","max-image-preview":"max-image-preview:large","max-video-preview":"max-video-preview:-1"},"canonical":"https:\/\/repliquemangacine.fr\/es\/pistola-kolser\/colt-navy-1862-gris\/","og_locale":"es_ES","og_type":"article","og_title":"Colt Navy 1862 Gris - R\u00e9plique d'armes Kolser | R\u00e9plique Manga Cin\u00e9","og_description":"Venez vite d\u00e9couvrir notre derni\u00e8re nouveaut\u00e9 Kolser le Colt Navy 1862 gris. Tout en m\u00e9tal, fid\u00e8le \u00e0 l'original. M\u00e9canisme fonctionnel. Qualit\u00e9\/prix garanti","og_url":"https:\/\/repliquemangacine.fr\/es\/pistola-kolser\/colt-navy-1862-gris\/","og_site_name":"R\u00e9plique Manga Cin\u00e9","article_publisher":"https:\/\/www.facebook.com\/RepliqueMangaCine","article_modified_time":"2025-12-12T16:24:52+00:00","og_image":[{"width":500,"height":500,"url":"https:\/\/repliquemangacine.fr\/wp-content\/uploads\/2023\/11\/Colt-Navy-1862-Gris.jpg","type":"image\/jpeg"}],"twitter_card":"summary_large_image","twitter_misc":{"Tiempo de lectura":"3 minutos"},"schema":{"@context":"https:\/\/schema.org","@graph":[{"@type":"WebPage","@id":"https:\/\/repliquemangacine.fr\/arme-kolser\/colt-navy-1862-gris\/","url":"https:\/\/repliquemangacine.fr\/arme-kolser\/colt-navy-1862-gris\/","name":"Colt Navy 1862 Gris - R\u00e9plica de pistola Kolser | R\u00e9plique Manga Cin\u00e9","isPartOf":{"@id":"https:\/\/repliquemangacine.fr\/#website"},"primaryImageOfPage":{"@id":"https:\/\/repliquemangacine.fr\/arme-kolser\/colt-navy-1862-gris\/#primaryimage"},"image":{"@id":"https:\/\/repliquemangacine.fr\/arme-kolser\/colt-navy-1862-gris\/#primaryimage"},"thumbnailUrl":"https:\/\/repliquemangacine.fr\/wp-content\/uploads\/2023\/11\/Colt-Navy-1862-Gris.jpg","datePublished":"2023-11-13T10:06:10+00:00","dateModified":"2025-12-12T16:24:52+00:00","description":"Venga a descubrir nuestra \u00faltima innovaci\u00f3n Kolser, la Colt Navy 1862 gris. Todo de metal, fiel al original. Mecanismo funcional. Calidad\/precio garantizados","breadcrumb":{"@id":"https:\/\/repliquemangacine.fr\/arme-kolser\/colt-navy-1862-gris\/#breadcrumb"},"inLanguage":"es","potentialAction":[{"@type":"ReadAction","target":["https:\/\/repliquemangacine.fr\/arme-kolser\/colt-navy-1862-gris\/"]}]},{"@type":"ImageObject","inLanguage":"es","@id":"https:\/\/repliquemangacine.fr\/arme-kolser\/colt-navy-1862-gris\/#primaryimage","url":"https:\/\/repliquemangacine.fr\/wp-content\/uploads\/2023\/11\/Colt-Navy-1862-Gris.jpg","contentUrl":"https:\/\/repliquemangacine.fr\/wp-content\/uploads\/2023\/11\/Colt-Navy-1862-Gris.jpg","width":500,"height":500,"caption":"Colt Navy 1862 gris"},{"@type":"BreadcrumbList","@id":"https:\/\/repliquemangacine.fr\/arme-kolser\/colt-navy-1862-gris\/#breadcrumb","itemListElement":[{"@type":"ListItem","position":1,"name":"Accueil","item":"https:\/\/repliquemangacine.fr\/"},{"@type":"ListItem","position":2,"name":"Produits","item":"https:\/\/repliquemangacine.fr\/boutique\/"},{"@type":"ListItem","position":3,"name":"Colt Navy 1862 Gris"}]},{"@type":"WebSite","@id":"https:\/\/repliquemangacine.fr\/#website","url":"https:\/\/repliquemangacine.fr\/","name":"R\u00e9plique Manga Cin\u00e9","description":"","publisher":{"@id":"https:\/\/repliquemangacine.fr\/#organization"},"potentialAction":[{"@type":"SearchAction","target":{"@type":"EntryPoint","urlTemplate":"https:\/\/repliquemangacine.fr\/?s={search_term_string}"},"query-input":{"@type":"PropertyValueSpecification","valueRequired":true,"valueName":"search_term_string"}}],"inLanguage":"es"},{"@type":"Organization","@id":"https:\/\/repliquemangacine.fr\/#organization","name":"R\u00e9plique Manga Cin\u00e9","url":"https:\/\/repliquemangacine.fr\/","logo":{"@type":"ImageObject","inLanguage":"es","@id":"https:\/\/repliquemangacine.fr\/#\/schema\/logo\/image\/","url":"https:\/\/repliquemangacine.fr\/wp-content\/uploads\/2023\/10\/RMC-500250.png","contentUrl":"https:\/\/repliquemangacine.fr\/wp-content\/uploads\/2023\/10\/RMC-500250.png","width":500,"height":250,"caption":"R\u00e9plique Manga Cin\u00e9"},"image":{"@id":"https:\/\/repliquemangacine.fr\/#\/schema\/logo\/image\/"},"sameAs":["https:\/\/www.facebook.com\/RepliqueMangaCine","https:\/\/www.instagram.com\/repliquemangacine.fr\/"]}]}},"_links":{"self":[{"href":"https:\/\/repliquemangacine.fr\/es\/wp-json\/wp\/v2\/product\/65257","targetHints":{"allow":["GET"]}}],"collection":[{"href":"https:\/\/repliquemangacine.fr\/es\/wp-json\/wp\/v2\/product"}],"about":[{"href":"https:\/\/repliquemangacine.fr\/es\/wp-json\/wp\/v2\/types\/product"}],"wp:featuredmedia":[{"embeddable":true,"href":"https:\/\/repliquemangacine.fr\/es\/wp-json\/wp\/v2\/media\/65266"}],"wp:attachment":[{"href":"https:\/\/repliquemangacine.fr\/es\/wp-json\/wp\/v2\/media?parent=65257"}],"wp:term":[{"taxonomy":"product_brand","embeddable":true,"href":"https:\/\/repliquemangacine.fr\/es\/wp-json\/wp\/v2\/product_brand?post=65257"},{"taxonomy":"product_cat","embeddable":true,"href":"https:\/\/repliquemangacine.fr\/es\/wp-json\/wp\/v2\/product_cat?post=65257"},{"taxonomy":"product_tag","embeddable":true,"href":"https:\/\/repliquemangacine.fr\/es\/wp-json\/wp\/v2\/product_tag?post=65257"}],"curies":[{"name":"wp","href":"https:\/\/api.w.org\/{rel}","templated":true}]}}