





{"id":65238,"date":"2023-11-13T11:12:10","date_gmt":"2023-11-13T10:12:10","guid":{"rendered":"https:\/\/repliquemangacine.fr\/?post_type=product&#038;p=65238"},"modified":"2026-04-14T12:08:32","modified_gmt":"2026-04-14T10:08:32","slug":"colt-navy-1862-negro-y-laton-kolser","status":"publish","type":"product","link":"https:\/\/repliquemangacine.fr\/es\/arme-kolser\/colt-navy-1862-noir-et-laiton-kolser\/","title":{"rendered":"Colt Navy 1862 lat\u00f3n - Kolser"},"content":{"rendered":"<h2>R\u00e9plica del Colt Navy Confederate 1862 de Kolser<\/h2>\n<p>En primer lugar, el <strong>Colt Navy 1862 lat\u00f3n<\/strong> La r\u00e9plica envejecida de Kolser recrea fielmente la pistola dise\u00f1ada originalmente por Samuel Colt y utilizada por los soldados confederados durante la Guerra Civil estadounidense. Aunque se basa en el modelo de 1851, esta r\u00e9plica se distingue por su ca\u00f1\u00f3n cil\u00edndrico, que sustituye al dise\u00f1o octogonal.<\/p>\n<p>Kolser reproduce fielmente las dimensiones del arma aut\u00e9ntica, garantizando una reproducci\u00f3n fiel, mientras que su peso se corresponde estrechamente con el del original. Esta r\u00e9plica cuenta con un mecanismo funcional de tres posiciones y un tambor de seis rec\u00e1maras.<\/p>\n<h3>El legado hist\u00f3rico de la Colt Navy 1862 en la Guerra Civil estadounidense<\/h3>\n<p>Rev\u00f3lver emblem\u00e1tico de la Guerra Civil estadounidense. Apreciado por su fiabilidad, precisi\u00f3n y manejo. Utilizado por ambos bandos, la Uni\u00f3n y la Confederaci\u00f3n, este rev\u00f3lver desempe\u00f1\u00f3 un papel clave en muchas batallas. Su innovador dise\u00f1o marc\u00f3 la evoluci\u00f3n de las armas de fuego, influyendo en los modelos futuros.<\/p>\n<h2>El Colt Navy 1862 Brass: una buena inversi\u00f3n para los amantes de la historia<\/h2>\n<p>Este <strong>Colt Navy 1862 lat\u00f3n<\/strong>, reproducida fielmente por Kolser, representa una oportunidad para coleccionistas y apasionados de la historia. Esta r\u00e9plica, que combina calidad y precio asequible, ofrece una oportunidad \u00fanica de poseer una parte de la historia sin arruinarse. Fabricado con atenci\u00f3n al detalle, el rev\u00f3lver captura la esencia y el esp\u00edritu del original sin dejar de ser accesible.<\/p>\n<p>Estas r\u00e9plicas est\u00e1n dise\u00f1adas para reflejar fielmente las caracter\u00edsticas del modelo original, incluida su famosa precisi\u00f3n y fiabilidad. La atenci\u00f3n prestada a cada detalle, desde el grabado hasta el acabado, convierte cada pieza en un valioso objeto de colecci\u00f3n.<\/p>\n<h3>Kolser r\u00e9plica relaci\u00f3n calidad-precio<\/h3>\n<p>Al elegir Kolser, los coleccionistas se benefician de una excelente relaci\u00f3n calidad-precio. Adem\u00e1s, la asequibilidad de estas r\u00e9plicas las hace ideales para quienes deseen iniciar o ampliar su colecci\u00f3n. Hay varios modelos entre los que elegir, como el <a href=\"https:\/\/repliquemangacine.fr\/es\/pistola-kolser\/culata-de-nacar-colt-thunderer\/\">Colt Thunderer<\/a> y su mango de n\u00e1car, o el <a href=\"https:\/\/repliquemangacine.fr\/es\/pistola-kolser\/ponds-leg-55cm-laton-kolser\/\">pata de yegua winchester<\/a> por Josh Randall.<\/p>\n<h2>\u00bfPor qu\u00e9 elegir Kolser para su r\u00e9plica Colt Navy 1862?<\/h2>\n<p><a href=\"https:\/\/kolser.com\/fr\/produit\/replica-colt-navy-confederate-1862\/\" target=\"_blank\" rel=\"noopener noreferrer\">Kolser<\/a> se ha consolidado como la opci\u00f3n preferida para las r\u00e9plicas de armas hist\u00f3ricas, y el <strong>Colt Navy 1862 lat\u00f3n<\/strong> no es una excepci\u00f3n. Adem\u00e1s, las r\u00e9plicas de Kolser se distinguen por su fidelidad al dise\u00f1o original. Su calidad de fabricaci\u00f3n y su precio asequible hacen de esta marca una opci\u00f3n imprescindible para los coleccionistas.<\/p>\n<p>La marca Kolser se ha ganado un gran reconocimiento en el mercado de las r\u00e9plicas de armas por su excepcional compromiso con la calidad superior y el notable realismo de sus r\u00e9plicas. Esto se consigue gracias a un minucioso dise\u00f1o pieza por pieza y a un meticuloso proceso de montaje manual, lo que garantiza una atenci\u00f3n al detalle sin igual.<\/p>\n<h3>Las ventajas distintivas de las r\u00e9plicas Kolser<\/h3>\n<p>En conclusi\u00f3n, elegir una r\u00e9plica Kolser significa elegir la excelencia en la reproducci\u00f3n de armas hist\u00f3ricas. Adem\u00e1s, Kolser utiliza materiales de calidad para garantizar la durabilidad y la est\u00e9tica.<\/p>","protected":false},"excerpt":{"rendered":"<p>Absolutamente magn\u00edfica r\u00e9plica de la Colt Navy 1862 de lat\u00f3n Kolser.<\/p>\n<ul>\n<li>Metal y lat\u00f3n<\/li>\n<li>Stock de madera.<\/li>\n<li>Mecanismo funcional.<\/li>\n<li>Grabado a ambos lados del ca\u00f1\u00f3n<\/li>\n<li>C\u00e1mara de tambor giratorio rellenable apta para cebos de petardos.<\/li>\n<li>Se suministra en caja.<\/li>\n<li>Longitud total: 35 cm<\/li>\n<\/ul>\n<p><iframe title=\"Reproductor de v\u00eddeo YouTube\" src=\"https:\/\/www.youtube.com\/embed\/6lT4fGB7hAc?si=kmY9Kajzr3u-F2Ah\" width=\"560\" height=\"315\" frameborder=\"0\" allowfullscreen=\"allowfullscreen\"><\/iframe><\/p>","protected":false},"featured_media":65246,"template":"","meta":[],"product_brand":[896],"product_cat":[100,34,33,77,28,64,27],"product_tag":[],"class_list":{"0":"post-65238","1":"product","2":"type-product","3":"status-publish","4":"has-post-thumbnail","6":"product_brand-replique-manga-cine","7":"product_cat-arme-kolser","8":"product_cat-armes-westerns","9":"product_cat-colt-pistolet","10":"product_cat-colt-revolver-western","11":"product_cat-repliques-darmes","12":"product_cat-western-repliques-armes","13":"product_cat-armes-et-accessoires-western","15":"first","16":"outofstock","17":"taxable","18":"shipping-taxable","19":"purchasable","20":"product-type-simple"},"yoast_head":"<!-- This site is optimized with the Yoast SEO plugin v27.4 - https:\/\/yoast.com\/product\/yoast-seo-wordpress\/ -->\n<title>Colt Navy 1862 laiton - Kolser - R\u00e9pliques d&#039;armes westerns | RMC<\/title>\n<meta name=\"description\" content=\"D\u00e9couvrez cette superbe r\u00e9plique du Colt Navy 1862 laiton de la marque Kolser. Finitions absolument remarquables. M\u00e9canisme fonctionnel. Haute qualit\u00e9.\" \/>\n<meta name=\"robots\" content=\"index, follow, max-snippet:-1, max-image-preview:large, max-video-preview:-1\" \/>\n<link rel=\"canonical\" href=\"https:\/\/repliquemangacine.fr\/es\/pistola-kolser\/colt-navy-1862-negro-y-laton-kolser\/\" \/>\n<meta property=\"og:locale\" content=\"es_ES\" \/>\n<meta property=\"og:type\" content=\"article\" \/>\n<meta property=\"og:title\" content=\"Colt Navy 1862 laiton - Kolser - R\u00e9pliques d&#039;armes westerns | RMC\" \/>\n<meta property=\"og:description\" content=\"D\u00e9couvrez cette superbe r\u00e9plique du Colt Navy 1862 laiton de la marque Kolser. Finitions absolument remarquables. M\u00e9canisme fonctionnel. Haute qualit\u00e9.\" \/>\n<meta property=\"og:url\" content=\"https:\/\/repliquemangacine.fr\/es\/pistola-kolser\/colt-navy-1862-negro-y-laton-kolser\/\" \/>\n<meta property=\"og:site_name\" content=\"R\u00e9plique Manga Cin\u00e9\" \/>\n<meta property=\"article:publisher\" content=\"https:\/\/www.facebook.com\/RepliqueMangaCine\" \/>\n<meta property=\"article:modified_time\" content=\"2026-04-14T10:08:32+00:00\" \/>\n<meta property=\"og:image\" content=\"https:\/\/repliquemangacine.fr\/wp-content\/uploads\/2023\/11\/colt-navy-1862-laiton-vieilli.jpg\" \/>\n\t<meta property=\"og:image:width\" content=\"500\" \/>\n\t<meta property=\"og:image:height\" content=\"500\" \/>\n\t<meta property=\"og:image:type\" content=\"image\/jpeg\" \/>\n<meta name=\"twitter:card\" content=\"summary_large_image\" \/>\n<meta name=\"twitter:label1\" content=\"Tiempo de lectura\" \/>\n\t<meta name=\"twitter:data1\" content=\"3 minutos\" \/>\n<script type=\"application\/ld+json\" class=\"yoast-schema-graph\">{\"@context\":\"https:\\\/\\\/schema.org\",\"@graph\":[{\"@type\":\"WebPage\",\"@id\":\"https:\\\/\\\/repliquemangacine.fr\\\/arme-kolser\\\/colt-navy-1862-noir-et-laiton-kolser\\\/\",\"url\":\"https:\\\/\\\/repliquemangacine.fr\\\/arme-kolser\\\/colt-navy-1862-noir-et-laiton-kolser\\\/\",\"name\":\"Colt Navy 1862 laiton - Kolser - R\u00e9pliques d'armes westerns | RMC\",\"isPartOf\":{\"@id\":\"https:\\\/\\\/repliquemangacine.fr\\\/#website\"},\"primaryImageOfPage\":{\"@id\":\"https:\\\/\\\/repliquemangacine.fr\\\/arme-kolser\\\/colt-navy-1862-noir-et-laiton-kolser\\\/#primaryimage\"},\"image\":{\"@id\":\"https:\\\/\\\/repliquemangacine.fr\\\/arme-kolser\\\/colt-navy-1862-noir-et-laiton-kolser\\\/#primaryimage\"},\"thumbnailUrl\":\"https:\\\/\\\/repliquemangacine.fr\\\/wp-content\\\/uploads\\\/2023\\\/11\\\/colt-navy-1862-laiton-vieilli.jpg\",\"datePublished\":\"2023-11-13T10:12:10+00:00\",\"dateModified\":\"2026-04-14T10:08:32+00:00\",\"description\":\"D\u00e9couvrez cette superbe r\u00e9plique du Colt Navy 1862 laiton de la marque Kolser. Finitions absolument remarquables. M\u00e9canisme fonctionnel. Haute qualit\u00e9.\",\"breadcrumb\":{\"@id\":\"https:\\\/\\\/repliquemangacine.fr\\\/arme-kolser\\\/colt-navy-1862-noir-et-laiton-kolser\\\/#breadcrumb\"},\"inLanguage\":\"es\",\"potentialAction\":[{\"@type\":\"ReadAction\",\"target\":[\"https:\\\/\\\/repliquemangacine.fr\\\/arme-kolser\\\/colt-navy-1862-noir-et-laiton-kolser\\\/\"]}]},{\"@type\":\"ImageObject\",\"inLanguage\":\"es\",\"@id\":\"https:\\\/\\\/repliquemangacine.fr\\\/arme-kolser\\\/colt-navy-1862-noir-et-laiton-kolser\\\/#primaryimage\",\"url\":\"https:\\\/\\\/repliquemangacine.fr\\\/wp-content\\\/uploads\\\/2023\\\/11\\\/colt-navy-1862-laiton-vieilli.jpg\",\"contentUrl\":\"https:\\\/\\\/repliquemangacine.fr\\\/wp-content\\\/uploads\\\/2023\\\/11\\\/colt-navy-1862-laiton-vieilli.jpg\",\"width\":500,\"height\":500,\"caption\":\"Colt Navy 1862 laiton Kolser\"},{\"@type\":\"BreadcrumbList\",\"@id\":\"https:\\\/\\\/repliquemangacine.fr\\\/arme-kolser\\\/colt-navy-1862-noir-et-laiton-kolser\\\/#breadcrumb\",\"itemListElement\":[{\"@type\":\"ListItem\",\"position\":1,\"name\":\"Accueil\",\"item\":\"https:\\\/\\\/repliquemangacine.fr\\\/\"},{\"@type\":\"ListItem\",\"position\":2,\"name\":\"Produits\",\"item\":\"https:\\\/\\\/repliquemangacine.fr\\\/boutique\\\/\"},{\"@type\":\"ListItem\",\"position\":3,\"name\":\"Colt Navy 1862 laiton &#8211; Kolser\"}]},{\"@type\":\"WebSite\",\"@id\":\"https:\\\/\\\/repliquemangacine.fr\\\/#website\",\"url\":\"https:\\\/\\\/repliquemangacine.fr\\\/\",\"name\":\"R\u00e9plique Manga Cin\u00e9\",\"description\":\"\",\"publisher\":{\"@id\":\"https:\\\/\\\/repliquemangacine.fr\\\/#organization\"},\"potentialAction\":[{\"@type\":\"SearchAction\",\"target\":{\"@type\":\"EntryPoint\",\"urlTemplate\":\"https:\\\/\\\/repliquemangacine.fr\\\/?s={search_term_string}\"},\"query-input\":{\"@type\":\"PropertyValueSpecification\",\"valueRequired\":true,\"valueName\":\"search_term_string\"}}],\"inLanguage\":\"es\"},{\"@type\":\"Organization\",\"@id\":\"https:\\\/\\\/repliquemangacine.fr\\\/#organization\",\"name\":\"R\u00e9plique Manga Cin\u00e9\",\"url\":\"https:\\\/\\\/repliquemangacine.fr\\\/\",\"logo\":{\"@type\":\"ImageObject\",\"inLanguage\":\"es\",\"@id\":\"https:\\\/\\\/repliquemangacine.fr\\\/#\\\/schema\\\/logo\\\/image\\\/\",\"url\":\"https:\\\/\\\/repliquemangacine.fr\\\/wp-content\\\/uploads\\\/2023\\\/10\\\/RMC-500250.png\",\"contentUrl\":\"https:\\\/\\\/repliquemangacine.fr\\\/wp-content\\\/uploads\\\/2023\\\/10\\\/RMC-500250.png\",\"width\":500,\"height\":250,\"caption\":\"R\u00e9plique Manga Cin\u00e9\"},\"image\":{\"@id\":\"https:\\\/\\\/repliquemangacine.fr\\\/#\\\/schema\\\/logo\\\/image\\\/\"},\"sameAs\":[\"https:\\\/\\\/www.facebook.com\\\/RepliqueMangaCine\",\"https:\\\/\\\/www.instagram.com\\\/repliquemangacine.fr\\\/\"]}]}<\/script>\n<!-- \/ Yoast SEO plugin. -->","yoast_head_json":{"title":"Colt Navy 1862 lat\u00f3n - Kolser - R\u00e9plicas de Armas del Oeste | RMC","description":"Descubra esta magn\u00edfica r\u00e9plica del Colt Navy 1862 de lat\u00f3n de Kolser. Acabado absolutamente notable. Mecanismo funcional. Alta calidad.","robots":{"index":"index","follow":"follow","max-snippet":"max-snippet:-1","max-image-preview":"max-image-preview:large","max-video-preview":"max-video-preview:-1"},"canonical":"https:\/\/repliquemangacine.fr\/es\/pistola-kolser\/colt-navy-1862-negro-y-laton-kolser\/","og_locale":"es_ES","og_type":"article","og_title":"Colt Navy 1862 laiton - Kolser - R\u00e9pliques d'armes westerns | RMC","og_description":"D\u00e9couvrez cette superbe r\u00e9plique du Colt Navy 1862 laiton de la marque Kolser. Finitions absolument remarquables. M\u00e9canisme fonctionnel. Haute qualit\u00e9.","og_url":"https:\/\/repliquemangacine.fr\/es\/pistola-kolser\/colt-navy-1862-negro-y-laton-kolser\/","og_site_name":"R\u00e9plique Manga Cin\u00e9","article_publisher":"https:\/\/www.facebook.com\/RepliqueMangaCine","article_modified_time":"2026-04-14T10:08:32+00:00","og_image":[{"width":500,"height":500,"url":"https:\/\/repliquemangacine.fr\/wp-content\/uploads\/2023\/11\/colt-navy-1862-laiton-vieilli.jpg","type":"image\/jpeg"}],"twitter_card":"summary_large_image","twitter_misc":{"Tiempo de lectura":"3 minutos"},"schema":{"@context":"https:\/\/schema.org","@graph":[{"@type":"WebPage","@id":"https:\/\/repliquemangacine.fr\/arme-kolser\/colt-navy-1862-noir-et-laiton-kolser\/","url":"https:\/\/repliquemangacine.fr\/arme-kolser\/colt-navy-1862-noir-et-laiton-kolser\/","name":"Colt Navy 1862 lat\u00f3n - Kolser - R\u00e9plicas de Armas del Oeste | RMC","isPartOf":{"@id":"https:\/\/repliquemangacine.fr\/#website"},"primaryImageOfPage":{"@id":"https:\/\/repliquemangacine.fr\/arme-kolser\/colt-navy-1862-noir-et-laiton-kolser\/#primaryimage"},"image":{"@id":"https:\/\/repliquemangacine.fr\/arme-kolser\/colt-navy-1862-noir-et-laiton-kolser\/#primaryimage"},"thumbnailUrl":"https:\/\/repliquemangacine.fr\/wp-content\/uploads\/2023\/11\/colt-navy-1862-laiton-vieilli.jpg","datePublished":"2023-11-13T10:12:10+00:00","dateModified":"2026-04-14T10:08:32+00:00","description":"Descubra esta magn\u00edfica r\u00e9plica del Colt Navy 1862 de lat\u00f3n de Kolser. Acabado absolutamente notable. Mecanismo funcional. Alta calidad.","breadcrumb":{"@id":"https:\/\/repliquemangacine.fr\/arme-kolser\/colt-navy-1862-noir-et-laiton-kolser\/#breadcrumb"},"inLanguage":"es","potentialAction":[{"@type":"ReadAction","target":["https:\/\/repliquemangacine.fr\/arme-kolser\/colt-navy-1862-noir-et-laiton-kolser\/"]}]},{"@type":"ImageObject","inLanguage":"es","@id":"https:\/\/repliquemangacine.fr\/arme-kolser\/colt-navy-1862-noir-et-laiton-kolser\/#primaryimage","url":"https:\/\/repliquemangacine.fr\/wp-content\/uploads\/2023\/11\/colt-navy-1862-laiton-vieilli.jpg","contentUrl":"https:\/\/repliquemangacine.fr\/wp-content\/uploads\/2023\/11\/colt-navy-1862-laiton-vieilli.jpg","width":500,"height":500,"caption":"Colt Navy 1862 laiton Kolser"},{"@type":"BreadcrumbList","@id":"https:\/\/repliquemangacine.fr\/arme-kolser\/colt-navy-1862-noir-et-laiton-kolser\/#breadcrumb","itemListElement":[{"@type":"ListItem","position":1,"name":"Accueil","item":"https:\/\/repliquemangacine.fr\/"},{"@type":"ListItem","position":2,"name":"Produits","item":"https:\/\/repliquemangacine.fr\/boutique\/"},{"@type":"ListItem","position":3,"name":"Colt Navy 1862 laiton &#8211; Kolser"}]},{"@type":"WebSite","@id":"https:\/\/repliquemangacine.fr\/#website","url":"https:\/\/repliquemangacine.fr\/","name":"R\u00e9plique Manga Cin\u00e9","description":"","publisher":{"@id":"https:\/\/repliquemangacine.fr\/#organization"},"potentialAction":[{"@type":"SearchAction","target":{"@type":"EntryPoint","urlTemplate":"https:\/\/repliquemangacine.fr\/?s={search_term_string}"},"query-input":{"@type":"PropertyValueSpecification","valueRequired":true,"valueName":"search_term_string"}}],"inLanguage":"es"},{"@type":"Organization","@id":"https:\/\/repliquemangacine.fr\/#organization","name":"R\u00e9plique Manga Cin\u00e9","url":"https:\/\/repliquemangacine.fr\/","logo":{"@type":"ImageObject","inLanguage":"es","@id":"https:\/\/repliquemangacine.fr\/#\/schema\/logo\/image\/","url":"https:\/\/repliquemangacine.fr\/wp-content\/uploads\/2023\/10\/RMC-500250.png","contentUrl":"https:\/\/repliquemangacine.fr\/wp-content\/uploads\/2023\/10\/RMC-500250.png","width":500,"height":250,"caption":"R\u00e9plique Manga Cin\u00e9"},"image":{"@id":"https:\/\/repliquemangacine.fr\/#\/schema\/logo\/image\/"},"sameAs":["https:\/\/www.facebook.com\/RepliqueMangaCine","https:\/\/www.instagram.com\/repliquemangacine.fr\/"]}]}},"_links":{"self":[{"href":"https:\/\/repliquemangacine.fr\/es\/wp-json\/wp\/v2\/product\/65238","targetHints":{"allow":["GET"]}}],"collection":[{"href":"https:\/\/repliquemangacine.fr\/es\/wp-json\/wp\/v2\/product"}],"about":[{"href":"https:\/\/repliquemangacine.fr\/es\/wp-json\/wp\/v2\/types\/product"}],"wp:featuredmedia":[{"embeddable":true,"href":"https:\/\/repliquemangacine.fr\/es\/wp-json\/wp\/v2\/media\/65246"}],"wp:attachment":[{"href":"https:\/\/repliquemangacine.fr\/es\/wp-json\/wp\/v2\/media?parent=65238"}],"wp:term":[{"taxonomy":"product_brand","embeddable":true,"href":"https:\/\/repliquemangacine.fr\/es\/wp-json\/wp\/v2\/product_brand?post=65238"},{"taxonomy":"product_cat","embeddable":true,"href":"https:\/\/repliquemangacine.fr\/es\/wp-json\/wp\/v2\/product_cat?post=65238"},{"taxonomy":"product_tag","embeddable":true,"href":"https:\/\/repliquemangacine.fr\/es\/wp-json\/wp\/v2\/product_tag?post=65238"}],"curies":[{"name":"wp","href":"https:\/\/api.w.org\/{rel}","templated":true}]}}