





{"id":65231,"date":"2023-11-12T12:55:42","date_gmt":"2023-11-12T11:55:42","guid":{"rendered":"https:\/\/repliquemangacine.fr\/?post_type=product&#038;p=65231"},"modified":"2025-11-18T16:14:06","modified_gmt":"2025-11-18T15:14:06","slug":"figura-de-kakashi-hatake","status":"publish","type":"product","link":"https:\/\/repliquemangacine.fr\/es\/figurine-naruto\/figurine-kakashi-hatake\/","title":{"rendered":"Figura de acci\u00f3n de Kakashi Hatake"},"content":{"rendered":"<h2>Figuras de Kakashi Hatake: Inmersi\u00f3n en el universo Naruto<\/h2>\n<p>Para empezar, descubra nuestra <strong>Estatuilla de Kakashi Hatake<\/strong>, del universo de Naruto, que har\u00e1 las delicias de cualquier fan. En primer lugar, la figura de Kakashi, el legendario ninja copiador, est\u00e1 fabricada con gran atenci\u00f3n al detalle. Ofrece una representaci\u00f3n fiel e impresionante de este emblem\u00e1tico personaje.<\/p>\n<p>Cabe destacar que esta figura de Kakashi lo representa invocando al escuadr\u00f3n de los Colmillos Rastreadores.<\/p>\n<p>Esta figura es la encarnaci\u00f3n perfecta del esp\u00edritu y la fuerza de Kakashi, rindiendo homenaje a su papel crucial en la serie.<\/p>\n<h3>Kakashi Hatake: un personaje ic\u00f3nico coleccionable<\/h3>\n<p>Nuestra figura de Kakashi Hatake no es s\u00f3lo un objeto de coleccionista, es un s\u00edmbolo del ingenio y el poder de este querido personaje. Al incluirla en tu colecci\u00f3n, no solo estar\u00e1s celebrando el car\u00e1cter de <a href=\"https:\/\/naruto.fandom.com\/fr\/wiki\/Kakashi_Hatake\" target=\"_blank\" rel=\"noopener noreferrer\">Kakashi<\/a>sino tambi\u00e9n la rica y emocionante herencia de la serie Naruto.<\/p>\n<h2>Un servicio excepcional para tus figuras de Kakashi Hatake<\/h2>\n<p>En R\u00e9plique Manga Cin\u00e9, la compra de su <strong>Estatuilla de Kakashi Hatake<\/strong> est\u00e1 respaldada por un servicio de atenci\u00f3n al cliente inigualable. Ya sea una figurita o un <a href=\"https:\/\/repliquemangacine.fr\/es\/katana-naruto\/\">Katana de Naruto<\/a>. Prestamos especial atenci\u00f3n al embalaje de cada art\u00edculo, garantizando la entrega en perfectas condiciones. Y con nuestro r\u00e1pido servicio de entrega en 24\/48 horas, no tendr\u00e1s que esperar mucho para dar la bienvenida a Kakashi a casa.<\/p>\n<h3>Pago seguro y atenci\u00f3n al cliente para una experiencia sin preocupaciones<\/h3>\n<p>Entendemos la importancia de la seguridad y la confianza cuando se compra en l\u00ednea. Por eso ofrecemos un proceso de compra 100% seguro para tu figura de Kakashi Hatake. Y si tienes alguna duda, nuestro equipo de atenci\u00f3n al cliente est\u00e1 aqu\u00ed para ayudarte y asesorarte en todo momento.<\/p>\n<h2>Elige calidad con nuestras figuras de Naruto<\/h2>\n<p>Cuando eliges una estatuilla de Naruto de nuestra colecci\u00f3n, est\u00e1s eligiendo la m\u00e1xima calidad. Estas figuras son el resultado de una fabricaci\u00f3n meticulosa, que combina durabilidad y fidelidad art\u00edstica. Puede que no sean oficiales, pero est\u00e1n dise\u00f1adas para durar y aportar un toque del universo Naruto a tu espacio personal o profesional.<\/p>\n<h3>Relaci\u00f3n calidad-precio inmejorable para Kakashi Hatake<\/h3>\n<p>Estamos orgullosos de ofrecer figuras de Naruto con una relaci\u00f3n calidad-precio excepcional. Por ejemplo: el <a href=\"https:\/\/repliquemangacine.fr\/es\/figurita-de-naruto\/naruto-rikudo-sennin-estatuilla\/\">Naruto Rikudo estatuilla<\/a> Sennin.<\/p>\n<p>Cada figura es una inversi\u00f3n en tu pasi\u00f3n por Naruto. Aporta un valor a\u00f1adido a tu colecci\u00f3n sin sobrecargar tu presupuesto.<\/p>\n<p>En conclusi\u00f3n, con R\u00e9plique Manga Cin\u00e9, cualquiera puede tener una pieza excepcional sin arruinarse.<\/p>","protected":false},"excerpt":{"rendered":"<p>Magn\u00edfica estatuilla <strong>no oficial<\/strong> del personaje Kakashi Hatake en Naruto.<\/p>\n<ul>\n<li>Todo PVC<\/li>\n<li>Con todo lujo de detalles<\/li>\n<li>Altura: 18 cm<\/li>\n<li>Se entrega en una caja expositora.<\/li>\n<\/ul>","protected":false},"featured_media":65232,"template":"","meta":[],"product_brand":[896],"product_cat":[832,831,42],"product_tag":[],"class_list":{"0":"post-65231","1":"product","2":"type-product","3":"status-publish","4":"has-post-thumbnail","6":"product_brand-replique-manga-cine","7":"product_cat-figurine-naruto","8":"product_cat-figurines-collector","9":"product_cat-katana-goodies-naruto-kunai","11":"first","12":"instock","13":"taxable","14":"shipping-taxable","15":"purchasable","16":"product-type-simple"},"yoast_head":"<!-- This site is optimized with the Yoast SEO plugin v27.4 - https:\/\/yoast.com\/product\/yoast-seo-wordpress\/ -->\n<title>Figurine Kakashi Hatake - R\u00e9plique Manga Cin\u00e9<\/title>\n<meta name=\"description\" content=\"Venez d\u00e9couvrir votre figurine Kakashi Hatake dans Naruto au meilleur prix du march\u00e9. Tout en PVC. Finement d\u00e9taill\u00e9e. Livr\u00e9 avec sa boite vitrine. H. 18 cm\" \/>\n<meta name=\"robots\" content=\"index, follow, max-snippet:-1, max-image-preview:large, max-video-preview:-1\" \/>\n<link rel=\"canonical\" href=\"https:\/\/repliquemangacine.fr\/es\/figurita-de-naruto\/figura-de-kakashi-hatake\/\" \/>\n<meta property=\"og:locale\" content=\"es_ES\" \/>\n<meta property=\"og:type\" content=\"article\" \/>\n<meta property=\"og:title\" content=\"Figurine Kakashi Hatake - R\u00e9plique Manga Cin\u00e9\" \/>\n<meta property=\"og:description\" content=\"Venez d\u00e9couvrir votre figurine Kakashi Hatake dans Naruto au meilleur prix du march\u00e9. Tout en PVC. Finement d\u00e9taill\u00e9e. Livr\u00e9 avec sa boite vitrine. H. 18 cm\" \/>\n<meta property=\"og:url\" content=\"https:\/\/repliquemangacine.fr\/es\/figurita-de-naruto\/figura-de-kakashi-hatake\/\" \/>\n<meta property=\"og:site_name\" content=\"R\u00e9plique Manga Cin\u00e9\" \/>\n<meta property=\"article:publisher\" content=\"https:\/\/www.facebook.com\/RepliqueMangaCine\" \/>\n<meta property=\"article:modified_time\" content=\"2025-11-18T15:14:06+00:00\" \/>\n<meta property=\"og:image\" content=\"https:\/\/repliquemangacine.fr\/wp-content\/uploads\/2023\/11\/figurine-kakashi-corps.jpg\" \/>\n\t<meta property=\"og:image:width\" content=\"500\" \/>\n\t<meta property=\"og:image:height\" content=\"500\" \/>\n\t<meta property=\"og:image:type\" content=\"image\/jpeg\" \/>\n<meta name=\"twitter:card\" content=\"summary_large_image\" \/>\n<meta name=\"twitter:label1\" content=\"Tiempo de lectura\" \/>\n\t<meta name=\"twitter:data1\" content=\"3 minutos\" \/>\n<script type=\"application\/ld+json\" class=\"yoast-schema-graph\">{\"@context\":\"https:\\\/\\\/schema.org\",\"@graph\":[{\"@type\":\"WebPage\",\"@id\":\"https:\\\/\\\/repliquemangacine.fr\\\/figurine-naruto\\\/figurine-kakashi-hatake\\\/\",\"url\":\"https:\\\/\\\/repliquemangacine.fr\\\/figurine-naruto\\\/figurine-kakashi-hatake\\\/\",\"name\":\"Figurine Kakashi Hatake - R\u00e9plique Manga Cin\u00e9\",\"isPartOf\":{\"@id\":\"https:\\\/\\\/repliquemangacine.fr\\\/#website\"},\"primaryImageOfPage\":{\"@id\":\"https:\\\/\\\/repliquemangacine.fr\\\/figurine-naruto\\\/figurine-kakashi-hatake\\\/#primaryimage\"},\"image\":{\"@id\":\"https:\\\/\\\/repliquemangacine.fr\\\/figurine-naruto\\\/figurine-kakashi-hatake\\\/#primaryimage\"},\"thumbnailUrl\":\"https:\\\/\\\/repliquemangacine.fr\\\/wp-content\\\/uploads\\\/2023\\\/11\\\/figurine-kakashi-corps.jpg\",\"datePublished\":\"2023-11-12T11:55:42+00:00\",\"dateModified\":\"2025-11-18T15:14:06+00:00\",\"description\":\"Venez d\u00e9couvrir votre figurine Kakashi Hatake dans Naruto au meilleur prix du march\u00e9. Tout en PVC. Finement d\u00e9taill\u00e9e. Livr\u00e9 avec sa boite vitrine. H. 18 cm\",\"breadcrumb\":{\"@id\":\"https:\\\/\\\/repliquemangacine.fr\\\/figurine-naruto\\\/figurine-kakashi-hatake\\\/#breadcrumb\"},\"inLanguage\":\"es\",\"potentialAction\":[{\"@type\":\"ReadAction\",\"target\":[\"https:\\\/\\\/repliquemangacine.fr\\\/figurine-naruto\\\/figurine-kakashi-hatake\\\/\"]}]},{\"@type\":\"ImageObject\",\"inLanguage\":\"es\",\"@id\":\"https:\\\/\\\/repliquemangacine.fr\\\/figurine-naruto\\\/figurine-kakashi-hatake\\\/#primaryimage\",\"url\":\"https:\\\/\\\/repliquemangacine.fr\\\/wp-content\\\/uploads\\\/2023\\\/11\\\/figurine-kakashi-corps.jpg\",\"contentUrl\":\"https:\\\/\\\/repliquemangacine.fr\\\/wp-content\\\/uploads\\\/2023\\\/11\\\/figurine-kakashi-corps.jpg\",\"width\":500,\"height\":500,\"caption\":\"Figurine Kakashi Hatake dans Naruto\"},{\"@type\":\"BreadcrumbList\",\"@id\":\"https:\\\/\\\/repliquemangacine.fr\\\/figurine-naruto\\\/figurine-kakashi-hatake\\\/#breadcrumb\",\"itemListElement\":[{\"@type\":\"ListItem\",\"position\":1,\"name\":\"Accueil\",\"item\":\"https:\\\/\\\/repliquemangacine.fr\\\/\"},{\"@type\":\"ListItem\",\"position\":2,\"name\":\"Produits\",\"item\":\"https:\\\/\\\/repliquemangacine.fr\\\/boutique\\\/\"},{\"@type\":\"ListItem\",\"position\":3,\"name\":\"Figurine Kakashi Hatake\"}]},{\"@type\":\"WebSite\",\"@id\":\"https:\\\/\\\/repliquemangacine.fr\\\/#website\",\"url\":\"https:\\\/\\\/repliquemangacine.fr\\\/\",\"name\":\"R\u00e9plique Manga Cin\u00e9\",\"description\":\"\",\"publisher\":{\"@id\":\"https:\\\/\\\/repliquemangacine.fr\\\/#organization\"},\"potentialAction\":[{\"@type\":\"SearchAction\",\"target\":{\"@type\":\"EntryPoint\",\"urlTemplate\":\"https:\\\/\\\/repliquemangacine.fr\\\/?s={search_term_string}\"},\"query-input\":{\"@type\":\"PropertyValueSpecification\",\"valueRequired\":true,\"valueName\":\"search_term_string\"}}],\"inLanguage\":\"es\"},{\"@type\":\"Organization\",\"@id\":\"https:\\\/\\\/repliquemangacine.fr\\\/#organization\",\"name\":\"R\u00e9plique Manga Cin\u00e9\",\"url\":\"https:\\\/\\\/repliquemangacine.fr\\\/\",\"logo\":{\"@type\":\"ImageObject\",\"inLanguage\":\"es\",\"@id\":\"https:\\\/\\\/repliquemangacine.fr\\\/#\\\/schema\\\/logo\\\/image\\\/\",\"url\":\"https:\\\/\\\/repliquemangacine.fr\\\/wp-content\\\/uploads\\\/2023\\\/10\\\/RMC-500250.png\",\"contentUrl\":\"https:\\\/\\\/repliquemangacine.fr\\\/wp-content\\\/uploads\\\/2023\\\/10\\\/RMC-500250.png\",\"width\":500,\"height\":250,\"caption\":\"R\u00e9plique Manga Cin\u00e9\"},\"image\":{\"@id\":\"https:\\\/\\\/repliquemangacine.fr\\\/#\\\/schema\\\/logo\\\/image\\\/\"},\"sameAs\":[\"https:\\\/\\\/www.facebook.com\\\/RepliqueMangaCine\",\"https:\\\/\\\/www.instagram.com\\\/repliquemangacine.fr\\\/\"]}]}<\/script>\n<!-- \/ Yoast SEO plugin. -->","yoast_head_json":{"title":"Kakashi Hatake figura de acci\u00f3n - R\u00e9plique Manga Cin\u00e9","description":"Descubre tu figura de Kakashi Hatake en Naruto al mejor precio del mercado. Todo en PVC. Finamente detallada. Se entrega con su caja expositora. H. 18 cm","robots":{"index":"index","follow":"follow","max-snippet":"max-snippet:-1","max-image-preview":"max-image-preview:large","max-video-preview":"max-video-preview:-1"},"canonical":"https:\/\/repliquemangacine.fr\/es\/figurita-de-naruto\/figura-de-kakashi-hatake\/","og_locale":"es_ES","og_type":"article","og_title":"Figurine Kakashi Hatake - R\u00e9plique Manga Cin\u00e9","og_description":"Venez d\u00e9couvrir votre figurine Kakashi Hatake dans Naruto au meilleur prix du march\u00e9. Tout en PVC. Finement d\u00e9taill\u00e9e. Livr\u00e9 avec sa boite vitrine. H. 18 cm","og_url":"https:\/\/repliquemangacine.fr\/es\/figurita-de-naruto\/figura-de-kakashi-hatake\/","og_site_name":"R\u00e9plique Manga Cin\u00e9","article_publisher":"https:\/\/www.facebook.com\/RepliqueMangaCine","article_modified_time":"2025-11-18T15:14:06+00:00","og_image":[{"width":500,"height":500,"url":"https:\/\/repliquemangacine.fr\/wp-content\/uploads\/2023\/11\/figurine-kakashi-corps.jpg","type":"image\/jpeg"}],"twitter_card":"summary_large_image","twitter_misc":{"Tiempo de lectura":"3 minutos"},"schema":{"@context":"https:\/\/schema.org","@graph":[{"@type":"WebPage","@id":"https:\/\/repliquemangacine.fr\/figurine-naruto\/figurine-kakashi-hatake\/","url":"https:\/\/repliquemangacine.fr\/figurine-naruto\/figurine-kakashi-hatake\/","name":"Kakashi Hatake figura de acci\u00f3n - R\u00e9plique Manga Cin\u00e9","isPartOf":{"@id":"https:\/\/repliquemangacine.fr\/#website"},"primaryImageOfPage":{"@id":"https:\/\/repliquemangacine.fr\/figurine-naruto\/figurine-kakashi-hatake\/#primaryimage"},"image":{"@id":"https:\/\/repliquemangacine.fr\/figurine-naruto\/figurine-kakashi-hatake\/#primaryimage"},"thumbnailUrl":"https:\/\/repliquemangacine.fr\/wp-content\/uploads\/2023\/11\/figurine-kakashi-corps.jpg","datePublished":"2023-11-12T11:55:42+00:00","dateModified":"2025-11-18T15:14:06+00:00","description":"Descubre tu figura de Kakashi Hatake en Naruto al mejor precio del mercado. Todo en PVC. Finamente detallada. Se entrega con su caja expositora. H. 18 cm","breadcrumb":{"@id":"https:\/\/repliquemangacine.fr\/figurine-naruto\/figurine-kakashi-hatake\/#breadcrumb"},"inLanguage":"es","potentialAction":[{"@type":"ReadAction","target":["https:\/\/repliquemangacine.fr\/figurine-naruto\/figurine-kakashi-hatake\/"]}]},{"@type":"ImageObject","inLanguage":"es","@id":"https:\/\/repliquemangacine.fr\/figurine-naruto\/figurine-kakashi-hatake\/#primaryimage","url":"https:\/\/repliquemangacine.fr\/wp-content\/uploads\/2023\/11\/figurine-kakashi-corps.jpg","contentUrl":"https:\/\/repliquemangacine.fr\/wp-content\/uploads\/2023\/11\/figurine-kakashi-corps.jpg","width":500,"height":500,"caption":"Figurine Kakashi Hatake dans Naruto"},{"@type":"BreadcrumbList","@id":"https:\/\/repliquemangacine.fr\/figurine-naruto\/figurine-kakashi-hatake\/#breadcrumb","itemListElement":[{"@type":"ListItem","position":1,"name":"Accueil","item":"https:\/\/repliquemangacine.fr\/"},{"@type":"ListItem","position":2,"name":"Produits","item":"https:\/\/repliquemangacine.fr\/boutique\/"},{"@type":"ListItem","position":3,"name":"Figurine Kakashi Hatake"}]},{"@type":"WebSite","@id":"https:\/\/repliquemangacine.fr\/#website","url":"https:\/\/repliquemangacine.fr\/","name":"R\u00e9plique Manga Cin\u00e9","description":"","publisher":{"@id":"https:\/\/repliquemangacine.fr\/#organization"},"potentialAction":[{"@type":"SearchAction","target":{"@type":"EntryPoint","urlTemplate":"https:\/\/repliquemangacine.fr\/?s={search_term_string}"},"query-input":{"@type":"PropertyValueSpecification","valueRequired":true,"valueName":"search_term_string"}}],"inLanguage":"es"},{"@type":"Organization","@id":"https:\/\/repliquemangacine.fr\/#organization","name":"R\u00e9plique Manga Cin\u00e9","url":"https:\/\/repliquemangacine.fr\/","logo":{"@type":"ImageObject","inLanguage":"es","@id":"https:\/\/repliquemangacine.fr\/#\/schema\/logo\/image\/","url":"https:\/\/repliquemangacine.fr\/wp-content\/uploads\/2023\/10\/RMC-500250.png","contentUrl":"https:\/\/repliquemangacine.fr\/wp-content\/uploads\/2023\/10\/RMC-500250.png","width":500,"height":250,"caption":"R\u00e9plique Manga Cin\u00e9"},"image":{"@id":"https:\/\/repliquemangacine.fr\/#\/schema\/logo\/image\/"},"sameAs":["https:\/\/www.facebook.com\/RepliqueMangaCine","https:\/\/www.instagram.com\/repliquemangacine.fr\/"]}]}},"_links":{"self":[{"href":"https:\/\/repliquemangacine.fr\/es\/wp-json\/wp\/v2\/product\/65231","targetHints":{"allow":["GET"]}}],"collection":[{"href":"https:\/\/repliquemangacine.fr\/es\/wp-json\/wp\/v2\/product"}],"about":[{"href":"https:\/\/repliquemangacine.fr\/es\/wp-json\/wp\/v2\/types\/product"}],"wp:featuredmedia":[{"embeddable":true,"href":"https:\/\/repliquemangacine.fr\/es\/wp-json\/wp\/v2\/media\/65232"}],"wp:attachment":[{"href":"https:\/\/repliquemangacine.fr\/es\/wp-json\/wp\/v2\/media?parent=65231"}],"wp:term":[{"taxonomy":"product_brand","embeddable":true,"href":"https:\/\/repliquemangacine.fr\/es\/wp-json\/wp\/v2\/product_brand?post=65231"},{"taxonomy":"product_cat","embeddable":true,"href":"https:\/\/repliquemangacine.fr\/es\/wp-json\/wp\/v2\/product_cat?post=65231"},{"taxonomy":"product_tag","embeddable":true,"href":"https:\/\/repliquemangacine.fr\/es\/wp-json\/wp\/v2\/product_tag?post=65231"}],"curies":[{"name":"wp","href":"https:\/\/api.w.org\/{rel}","templated":true}]}}