





{"id":65223,"date":"2023-11-12T11:59:58","date_gmt":"2023-11-12T10:59:58","guid":{"rendered":"https:\/\/repliquemangacine.fr\/?post_type=product&#038;p=65223"},"modified":"2025-11-18T16:14:36","modified_gmt":"2025-11-18T15:14:36","slug":"naruto-uzumaki-estatuilla","status":"publish","type":"product","link":"https:\/\/repliquemangacine.fr\/es\/figurine-naruto\/figurine-naruto-uzumaki\/","title":{"rendered":"Naruto Uzumaki figura de acci\u00f3n"},"content":{"rendered":"<h2>Descubre las figuras de acci\u00f3n de Naruto Uzumaki<\/h2>\n<p>Para empezar, ad\u00e9ntrate en el cautivador mundo de Naruto con nuestro <strong>Naruto Uzumaki estatuilla<\/strong>El ninja m\u00e1s intr\u00e9pido de Konoha. Estas figuras, dise\u00f1adas con mimo y precisi\u00f3n, capturan la esencia del protagonista de la serie. Cada pieza refleja la determinaci\u00f3n y energ\u00eda de Naruto, ofreciendo a los fans una fiel representaci\u00f3n de su h\u00e9roe favorito. Pero eso no es todo, RMC tambi\u00e9n ofrece lo siguiente para a\u00f1adir a tu colecci\u00f3n<a href=\"https:\/\/repliquemangacine.fr\/es\/katana-naruto\/kusanagi-espada-sasuke-naruto\/\"> Las katanas de Sasuke<\/a>. Y no olvides los kunai y otras golosinas.<\/p>\n<h3>El esp\u00edritu de Naruto Uzumaki en cada figura<\/h3>\n<p>De su famoso <a href=\"https:\/\/repliquemangacine.fr\/es\/saldos\/diadema-konoha-naruto\/\">Diadema Konoha<\/a> a sus trajes emblem\u00e1ticos, cada figurita de<a href=\"https:\/\/naruto.fandom.com\/fr\/wiki\/Naruto_Uzumaki\" target=\"_blank\" rel=\"noopener noreferrer\"> Naruto Uzumaki<\/a> es una oda al esp\u00edritu de lucha y perseverancia del personaje. Tanto si eres un coleccionista veterano como un nuevo fan, estas figuras son un complemento de valor incalculable para cualquier colecci\u00f3n, ya que capturan el coraz\u00f3n y el alma del universo Naruto.<\/p>\n<h2>Figurines d'Exception : Calidad \/ Precio incomparable<\/h2>\n<p>Adem\u00e1s, nuestra selecci\u00f3n de figuras combina a la perfecci\u00f3n calidad y precios competitivos. Ofrecemos a los aficionados y coleccionistas la posibilidad de adquirir piezas excepcionales sin compromiso. Cada figurita es el resultado de un trabajo meticuloso, que refleja la atenci\u00f3n al detalle y la fidelidad a los personajes originales. Esta combinaci\u00f3n de calidad superior y precio asequible hace que nuestra colecci\u00f3n sea \u00fanica en el mercado. Cabe destacar que se trata de una figurita no oficial, pero eso no le resta calidad, aparte de su bajo precio.<\/p>\n<h3>Encuentre la perfecci\u00f3n con nuestra relaci\u00f3n calidad\/precio<\/h3>\n<p>Entendemos la importancia de una buena relaci\u00f3n calidad-precio en el mundo de las colecciones. Por eso nos esforzamos por ofrecer figuras que no s\u00f3lo sean est\u00e9ticamente agradables, sino tambi\u00e9n duraderas y asequibles. Tanto si desea iniciar una nueva colecci\u00f3n como ampliar una ya existente, nuestras figuras son el mejor compromiso.<\/p>\n<h2>Por qu\u00e9 elegir nuestras figuras: Servicio y calidad garantizados<\/h2>\n<p>Al elegir nuestras figuras, usted opta por un servicio de calidad superior en cada etapa de su experiencia de compra. Nuestro cuidado embalaje garantiza que cada figura llegue a su domicilio en perfecto estado, lista para a\u00f1adirla a su colecci\u00f3n. Adem\u00e1s, con nuestra opci\u00f3n de entrega r\u00e1pida en 24\/48 horas, no tendr\u00e1 que esperar mucho para disfrutar de su compra.<\/p>\n<p>Nuestro servicio no se limita a la entrega r\u00e1pida y al embalaje cuidadoso. Tambi\u00e9n ofrecemos un pago seguro 100% para que pueda comprar con total tranquilidad.<\/p>\n<h3>Compromiso y fiabilidad: nuestras promesas a los clientes<\/h3>\n<p>En conclusi\u00f3n, si tiene alguna pregunta o necesita ayuda, nuestro equipo de atenci\u00f3n al cliente est\u00e1 siempre disponible para ayudarle. Cada cliente es valioso para nosotros, y nos comprometemos a proporcionarle una experiencia de compra excepcional, de principio a fin. En resumen, \u00a1esperamos verle pronto!<\/p>","protected":false},"excerpt":{"rendered":"<p>Magn\u00edfica estatuilla <strong>No oficial<\/strong> de Naruto Uzumaki<\/p>\n<ul>\n<li>Todo PVC<\/li>\n<li>Con todo lujo de detalles<\/li>\n<li>Peque\u00f1o soporte para sujetar la figurita<\/li>\n<li>Altura: 20 cm<\/li>\n<li>Viene con caja de coleccionista<\/li>\n<\/ul>","protected":false},"featured_media":65226,"template":"","meta":[],"product_brand":[896],"product_cat":[832,831,42],"product_tag":[],"class_list":{"0":"post-65223","1":"product","2":"type-product","3":"status-publish","4":"has-post-thumbnail","6":"product_brand-replique-manga-cine","7":"product_cat-figurine-naruto","8":"product_cat-figurines-collector","9":"product_cat-katana-goodies-naruto-kunai","11":"first","12":"instock","13":"taxable","14":"shipping-taxable","15":"purchasable","16":"product-type-simple"},"yoast_head":"<!-- This site is optimized with the Yoast SEO plugin v27.4 - https:\/\/yoast.com\/product\/yoast-seo-wordpress\/ -->\n<title>Figurine Naruto Uzumaki - R\u00e9plique Manga Cin\u00e9<\/title>\n<meta name=\"description\" content=\"D\u00e9couvrez cette superbe figurine Naruto Uzumaki au meilleur prix. Tout en PVC. Finement d\u00e9taill\u00e9e. Livr\u00e9 avec sa bo\u00eete collector. Hauteur : 20 cm\" \/>\n<meta name=\"robots\" content=\"index, follow, max-snippet:-1, max-image-preview:large, max-video-preview:-1\" \/>\n<link rel=\"canonical\" href=\"https:\/\/repliquemangacine.fr\/es\/figurita-de-naruto\/naruto-uzumaki-estatuilla\/\" \/>\n<meta property=\"og:locale\" content=\"es_ES\" \/>\n<meta property=\"og:type\" content=\"article\" \/>\n<meta property=\"og:title\" content=\"Figurine Naruto Uzumaki - R\u00e9plique Manga Cin\u00e9\" \/>\n<meta property=\"og:description\" content=\"D\u00e9couvrez cette superbe figurine Naruto Uzumaki au meilleur prix. Tout en PVC. Finement d\u00e9taill\u00e9e. Livr\u00e9 avec sa bo\u00eete collector. Hauteur : 20 cm\" \/>\n<meta property=\"og:url\" content=\"https:\/\/repliquemangacine.fr\/es\/figurita-de-naruto\/naruto-uzumaki-estatuilla\/\" \/>\n<meta property=\"og:site_name\" content=\"R\u00e9plique Manga Cin\u00e9\" \/>\n<meta property=\"article:publisher\" content=\"https:\/\/www.facebook.com\/RepliqueMangaCine\" \/>\n<meta property=\"article:modified_time\" content=\"2025-11-18T15:14:36+00:00\" \/>\n<meta property=\"og:image\" content=\"https:\/\/repliquemangacine.fr\/wp-content\/uploads\/2023\/11\/Figurine-naruto-1.jpg\" \/>\n\t<meta property=\"og:image:width\" content=\"500\" \/>\n\t<meta property=\"og:image:height\" content=\"500\" \/>\n\t<meta property=\"og:image:type\" content=\"image\/jpeg\" \/>\n<meta name=\"twitter:card\" content=\"summary_large_image\" \/>\n<meta name=\"twitter:label1\" content=\"Tiempo de lectura\" \/>\n\t<meta name=\"twitter:data1\" content=\"3 minutos\" \/>\n<script type=\"application\/ld+json\" class=\"yoast-schema-graph\">{\"@context\":\"https:\\\/\\\/schema.org\",\"@graph\":[{\"@type\":\"WebPage\",\"@id\":\"https:\\\/\\\/repliquemangacine.fr\\\/figurine-naruto\\\/figurine-naruto-uzumaki\\\/\",\"url\":\"https:\\\/\\\/repliquemangacine.fr\\\/figurine-naruto\\\/figurine-naruto-uzumaki\\\/\",\"name\":\"Figurine Naruto Uzumaki - R\u00e9plique Manga Cin\u00e9\",\"isPartOf\":{\"@id\":\"https:\\\/\\\/repliquemangacine.fr\\\/#website\"},\"primaryImageOfPage\":{\"@id\":\"https:\\\/\\\/repliquemangacine.fr\\\/figurine-naruto\\\/figurine-naruto-uzumaki\\\/#primaryimage\"},\"image\":{\"@id\":\"https:\\\/\\\/repliquemangacine.fr\\\/figurine-naruto\\\/figurine-naruto-uzumaki\\\/#primaryimage\"},\"thumbnailUrl\":\"https:\\\/\\\/repliquemangacine.fr\\\/wp-content\\\/uploads\\\/2023\\\/11\\\/Figurine-naruto-1.jpg\",\"datePublished\":\"2023-11-12T10:59:58+00:00\",\"dateModified\":\"2025-11-18T15:14:36+00:00\",\"description\":\"D\u00e9couvrez cette superbe figurine Naruto Uzumaki au meilleur prix. Tout en PVC. Finement d\u00e9taill\u00e9e. Livr\u00e9 avec sa bo\u00eete collector. Hauteur : 20 cm\",\"breadcrumb\":{\"@id\":\"https:\\\/\\\/repliquemangacine.fr\\\/figurine-naruto\\\/figurine-naruto-uzumaki\\\/#breadcrumb\"},\"inLanguage\":\"es\",\"potentialAction\":[{\"@type\":\"ReadAction\",\"target\":[\"https:\\\/\\\/repliquemangacine.fr\\\/figurine-naruto\\\/figurine-naruto-uzumaki\\\/\"]}]},{\"@type\":\"ImageObject\",\"inLanguage\":\"es\",\"@id\":\"https:\\\/\\\/repliquemangacine.fr\\\/figurine-naruto\\\/figurine-naruto-uzumaki\\\/#primaryimage\",\"url\":\"https:\\\/\\\/repliquemangacine.fr\\\/wp-content\\\/uploads\\\/2023\\\/11\\\/Figurine-naruto-1.jpg\",\"contentUrl\":\"https:\\\/\\\/repliquemangacine.fr\\\/wp-content\\\/uploads\\\/2023\\\/11\\\/Figurine-naruto-1.jpg\",\"width\":500,\"height\":500,\"caption\":\"Figurine Naruto Uzumaki\"},{\"@type\":\"BreadcrumbList\",\"@id\":\"https:\\\/\\\/repliquemangacine.fr\\\/figurine-naruto\\\/figurine-naruto-uzumaki\\\/#breadcrumb\",\"itemListElement\":[{\"@type\":\"ListItem\",\"position\":1,\"name\":\"Accueil\",\"item\":\"https:\\\/\\\/repliquemangacine.fr\\\/\"},{\"@type\":\"ListItem\",\"position\":2,\"name\":\"Produits\",\"item\":\"https:\\\/\\\/repliquemangacine.fr\\\/boutique\\\/\"},{\"@type\":\"ListItem\",\"position\":3,\"name\":\"Figurine Naruto Uzumaki\"}]},{\"@type\":\"WebSite\",\"@id\":\"https:\\\/\\\/repliquemangacine.fr\\\/#website\",\"url\":\"https:\\\/\\\/repliquemangacine.fr\\\/\",\"name\":\"R\u00e9plique Manga Cin\u00e9\",\"description\":\"\",\"publisher\":{\"@id\":\"https:\\\/\\\/repliquemangacine.fr\\\/#organization\"},\"potentialAction\":[{\"@type\":\"SearchAction\",\"target\":{\"@type\":\"EntryPoint\",\"urlTemplate\":\"https:\\\/\\\/repliquemangacine.fr\\\/?s={search_term_string}\"},\"query-input\":{\"@type\":\"PropertyValueSpecification\",\"valueRequired\":true,\"valueName\":\"search_term_string\"}}],\"inLanguage\":\"es\"},{\"@type\":\"Organization\",\"@id\":\"https:\\\/\\\/repliquemangacine.fr\\\/#organization\",\"name\":\"R\u00e9plique Manga Cin\u00e9\",\"url\":\"https:\\\/\\\/repliquemangacine.fr\\\/\",\"logo\":{\"@type\":\"ImageObject\",\"inLanguage\":\"es\",\"@id\":\"https:\\\/\\\/repliquemangacine.fr\\\/#\\\/schema\\\/logo\\\/image\\\/\",\"url\":\"https:\\\/\\\/repliquemangacine.fr\\\/wp-content\\\/uploads\\\/2023\\\/10\\\/RMC-500250.png\",\"contentUrl\":\"https:\\\/\\\/repliquemangacine.fr\\\/wp-content\\\/uploads\\\/2023\\\/10\\\/RMC-500250.png\",\"width\":500,\"height\":250,\"caption\":\"R\u00e9plique Manga Cin\u00e9\"},\"image\":{\"@id\":\"https:\\\/\\\/repliquemangacine.fr\\\/#\\\/schema\\\/logo\\\/image\\\/\"},\"sameAs\":[\"https:\\\/\\\/www.facebook.com\\\/RepliqueMangaCine\",\"https:\\\/\\\/www.instagram.com\\\/repliquemangacine.fr\\\/\"]}]}<\/script>\n<!-- \/ Yoast SEO plugin. -->","yoast_head_json":{"title":"Naruto Uzumaki figura de acci\u00f3n - R\u00e9plique Manga Cin\u00e9","description":"Descubre esta magn\u00edfica figura de Naruto Uzumaki al mejor precio. Todo en PVC. Finamente detallada. Viene con su caja de coleccionista. Altura: 20 cm","robots":{"index":"index","follow":"follow","max-snippet":"max-snippet:-1","max-image-preview":"max-image-preview:large","max-video-preview":"max-video-preview:-1"},"canonical":"https:\/\/repliquemangacine.fr\/es\/figurita-de-naruto\/naruto-uzumaki-estatuilla\/","og_locale":"es_ES","og_type":"article","og_title":"Figurine Naruto Uzumaki - R\u00e9plique Manga Cin\u00e9","og_description":"D\u00e9couvrez cette superbe figurine Naruto Uzumaki au meilleur prix. Tout en PVC. Finement d\u00e9taill\u00e9e. Livr\u00e9 avec sa bo\u00eete collector. Hauteur : 20 cm","og_url":"https:\/\/repliquemangacine.fr\/es\/figurita-de-naruto\/naruto-uzumaki-estatuilla\/","og_site_name":"R\u00e9plique Manga Cin\u00e9","article_publisher":"https:\/\/www.facebook.com\/RepliqueMangaCine","article_modified_time":"2025-11-18T15:14:36+00:00","og_image":[{"width":500,"height":500,"url":"https:\/\/repliquemangacine.fr\/wp-content\/uploads\/2023\/11\/Figurine-naruto-1.jpg","type":"image\/jpeg"}],"twitter_card":"summary_large_image","twitter_misc":{"Tiempo de lectura":"3 minutos"},"schema":{"@context":"https:\/\/schema.org","@graph":[{"@type":"WebPage","@id":"https:\/\/repliquemangacine.fr\/figurine-naruto\/figurine-naruto-uzumaki\/","url":"https:\/\/repliquemangacine.fr\/figurine-naruto\/figurine-naruto-uzumaki\/","name":"Naruto Uzumaki figura de acci\u00f3n - R\u00e9plique Manga Cin\u00e9","isPartOf":{"@id":"https:\/\/repliquemangacine.fr\/#website"},"primaryImageOfPage":{"@id":"https:\/\/repliquemangacine.fr\/figurine-naruto\/figurine-naruto-uzumaki\/#primaryimage"},"image":{"@id":"https:\/\/repliquemangacine.fr\/figurine-naruto\/figurine-naruto-uzumaki\/#primaryimage"},"thumbnailUrl":"https:\/\/repliquemangacine.fr\/wp-content\/uploads\/2023\/11\/Figurine-naruto-1.jpg","datePublished":"2023-11-12T10:59:58+00:00","dateModified":"2025-11-18T15:14:36+00:00","description":"Descubre esta magn\u00edfica figura de Naruto Uzumaki al mejor precio. Todo en PVC. Finamente detallada. Viene con su caja de coleccionista. Altura: 20 cm","breadcrumb":{"@id":"https:\/\/repliquemangacine.fr\/figurine-naruto\/figurine-naruto-uzumaki\/#breadcrumb"},"inLanguage":"es","potentialAction":[{"@type":"ReadAction","target":["https:\/\/repliquemangacine.fr\/figurine-naruto\/figurine-naruto-uzumaki\/"]}]},{"@type":"ImageObject","inLanguage":"es","@id":"https:\/\/repliquemangacine.fr\/figurine-naruto\/figurine-naruto-uzumaki\/#primaryimage","url":"https:\/\/repliquemangacine.fr\/wp-content\/uploads\/2023\/11\/Figurine-naruto-1.jpg","contentUrl":"https:\/\/repliquemangacine.fr\/wp-content\/uploads\/2023\/11\/Figurine-naruto-1.jpg","width":500,"height":500,"caption":"Figurine Naruto Uzumaki"},{"@type":"BreadcrumbList","@id":"https:\/\/repliquemangacine.fr\/figurine-naruto\/figurine-naruto-uzumaki\/#breadcrumb","itemListElement":[{"@type":"ListItem","position":1,"name":"Accueil","item":"https:\/\/repliquemangacine.fr\/"},{"@type":"ListItem","position":2,"name":"Produits","item":"https:\/\/repliquemangacine.fr\/boutique\/"},{"@type":"ListItem","position":3,"name":"Figurine Naruto Uzumaki"}]},{"@type":"WebSite","@id":"https:\/\/repliquemangacine.fr\/#website","url":"https:\/\/repliquemangacine.fr\/","name":"R\u00e9plique Manga Cin\u00e9","description":"","publisher":{"@id":"https:\/\/repliquemangacine.fr\/#organization"},"potentialAction":[{"@type":"SearchAction","target":{"@type":"EntryPoint","urlTemplate":"https:\/\/repliquemangacine.fr\/?s={search_term_string}"},"query-input":{"@type":"PropertyValueSpecification","valueRequired":true,"valueName":"search_term_string"}}],"inLanguage":"es"},{"@type":"Organization","@id":"https:\/\/repliquemangacine.fr\/#organization","name":"R\u00e9plique Manga Cin\u00e9","url":"https:\/\/repliquemangacine.fr\/","logo":{"@type":"ImageObject","inLanguage":"es","@id":"https:\/\/repliquemangacine.fr\/#\/schema\/logo\/image\/","url":"https:\/\/repliquemangacine.fr\/wp-content\/uploads\/2023\/10\/RMC-500250.png","contentUrl":"https:\/\/repliquemangacine.fr\/wp-content\/uploads\/2023\/10\/RMC-500250.png","width":500,"height":250,"caption":"R\u00e9plique Manga Cin\u00e9"},"image":{"@id":"https:\/\/repliquemangacine.fr\/#\/schema\/logo\/image\/"},"sameAs":["https:\/\/www.facebook.com\/RepliqueMangaCine","https:\/\/www.instagram.com\/repliquemangacine.fr\/"]}]}},"_links":{"self":[{"href":"https:\/\/repliquemangacine.fr\/es\/wp-json\/wp\/v2\/product\/65223","targetHints":{"allow":["GET"]}}],"collection":[{"href":"https:\/\/repliquemangacine.fr\/es\/wp-json\/wp\/v2\/product"}],"about":[{"href":"https:\/\/repliquemangacine.fr\/es\/wp-json\/wp\/v2\/types\/product"}],"wp:featuredmedia":[{"embeddable":true,"href":"https:\/\/repliquemangacine.fr\/es\/wp-json\/wp\/v2\/media\/65226"}],"wp:attachment":[{"href":"https:\/\/repliquemangacine.fr\/es\/wp-json\/wp\/v2\/media?parent=65223"}],"wp:term":[{"taxonomy":"product_brand","embeddable":true,"href":"https:\/\/repliquemangacine.fr\/es\/wp-json\/wp\/v2\/product_brand?post=65223"},{"taxonomy":"product_cat","embeddable":true,"href":"https:\/\/repliquemangacine.fr\/es\/wp-json\/wp\/v2\/product_cat?post=65223"},{"taxonomy":"product_tag","embeddable":true,"href":"https:\/\/repliquemangacine.fr\/es\/wp-json\/wp\/v2\/product_tag?post=65223"}],"curies":[{"name":"wp","href":"https:\/\/api.w.org\/{rel}","templated":true}]}}