





{"id":65201,"date":"2023-11-11T17:42:11","date_gmt":"2023-11-11T16:42:11","guid":{"rendered":"https:\/\/repliquemangacine.fr\/?post_type=product&#038;p=65201"},"modified":"2025-11-18T16:15:13","modified_gmt":"2025-11-18T15:15:13","slug":"naruto-rikudo-sennin-estatuilla","status":"publish","type":"product","link":"https:\/\/repliquemangacine.fr\/es\/figurine-naruto\/figurine-naruto-rikudo-sennin\/","title":{"rendered":"Naruto Rikudo Sennin figura de acci\u00f3n"},"content":{"rendered":"<h2>Naruto Rikudo Sennin Figurine: \u00a1Una pieza de coleccionista!<\/h2>\n<p>Para empezar, nuestro <strong>Naruto Rikudo Sennin estatuilla<\/strong> es imprescindible para todos los fans de la serie <a href=\"https:\/\/naruto.fandom.com\/fr\/wiki\/Naruto_Uzumaki\" target=\"_blank\" rel=\"noopener noreferrer\">Naruto<\/a>. Esta figura captura con precisi\u00f3n a Naruto en su forma m\u00e1s poderosa. Ofrece una representaci\u00f3n detallada y fiel de este emblem\u00e1tico personaje.<\/p>\n<p>Cada aspecto de la figura, desde la ropa hasta las expresiones, est\u00e1 dise\u00f1ado con especial atenci\u00f3n al detalle.  Rindiendo homenaje a uno de los momentos m\u00e1s memorables de la serie.<\/p>\n<h3>Calidad y lealtad: nuestro compromiso en R\u00e9plique Manga Cin\u00e9<\/h3>\n<p>Al elegir R\u00e9plique Manga Cin\u00e9 para su <strong>figurita<\/strong>, usted elige la calidad. Nuestro compromiso con la excelencia se refleja en cada una de las figuras que ofrecemos.<br \/>\nFabricada con materiales de alta calidad, esta figura no solo es visualmente impresionante, sino tambi\u00e9n duradera, lo que garantiza que seguir\u00e1 siendo una joya de su colecci\u00f3n durante muchos a\u00f1os.<\/p>\n<h2>La mejor experiencia de compra para la figura Naruto Rikudo Sennin<\/h2>\n<p>Comprar el <strong>Naruto Rikudo Sennin estatuilla<\/strong> En R\u00e9plique Manga Cin\u00e9, la experiencia es sin complicaciones. Entendemos la importancia de una entrega r\u00e1pida y segura. Por eso ofrecemos env\u00edo urgente en 24\/48 horas para que puedas disfrutar de tu nueva adquisici\u00f3n lo antes posible.<\/p>\n<p>Nuestro proceso de pago seguro garantiza que cada transacci\u00f3n sea no solo f\u00e1cil, sino tambi\u00e9n totalmente segura. Adem\u00e1s, ponemos mucho cuidado en el embalaje de cada figura, asegur\u00e1ndonos de que llegue a su puerta en perfectas condiciones.<\/p>\n<h3>Servicio de atenci\u00f3n al cliente dedicado y embalaje meticuloso<\/h3>\n<p>Nuestro equipo de atenci\u00f3n al cliente est\u00e1 siempre a su disposici\u00f3n para responder a sus preguntas y garantizar que su experiencia de compra sea lo m\u00e1s agradable posible. En RMC, nos comprometemos a proporcionarle no solo una figurita de calidad, sino tambi\u00e9n una experiencia de compra inolvidable.<\/p>\n<h2>\u00bfPor qu\u00e9 elegir la figura de acci\u00f3n Naruto Rikudo Sennin de RMC?<\/h2>\n<p>Elige la figura de Naruto en R\u00e9plique Manga Cin\u00e9 y \u00fanete a una comunidad de fans y coleccionistas apasionados. Esta figura representa a Naruto en su forma m\u00e1s impresionante y es una aut\u00e9ntica pieza de colecci\u00f3n.<\/p>\n<p>Al elegir RMC, no solo obtienes una figura de calidad, sino tambi\u00e9n un servicio de atenci\u00f3n al cliente excepcional, dispuesto a ayudarte con tu compra. Pero tambi\u00e9n otros art\u00edculos de coleccionista, como las katanas de Sasuk\u00e9 o las <a href=\"https:\/\/repliquemangacine.fr\/es\/naruto-kunai-y-shuriken\/\">Kunais<\/a> y golosinas.<\/p>\n<h3>Una experiencia completa para los fans de Naruto<\/h3>\n<p>Al elegir nuestro <strong>Naruto Rikudo Sennin estatuilla<\/strong>, entrar\u00e1s en un mundo en el que cada detalle cuenta, desde las hojas de metal o madera de nuestras katanas hasta las precisas l\u00edneas de nuestros kunais.<br \/>\nEsta figura forma parte de una completa gama de art\u00edculos que cautivan y encarnan el esp\u00edritu de la serie Naruto.  Con RMC, eliges una experiencia inmersiva en el universo Naruto.<\/p>","protected":false},"excerpt":{"rendered":"<p>Magn\u00edfica r\u00e9plica <strong>no oficial<\/strong> de la estatuilla Naruto Rikudo sennin.<\/p>\n<ul>\n<li>Todo PVC<\/li>\n<li>Con todo lujo de detalles<\/li>\n<li>Altura: 26 cm<\/li>\n<li>Viene con su propia caja de coleccionista<\/li>\n<\/ul>","protected":false},"featured_media":65203,"template":"","meta":[],"product_brand":[896],"product_cat":[832,831,42],"product_tag":[],"class_list":{"0":"post-65201","1":"product","2":"type-product","3":"status-publish","4":"has-post-thumbnail","6":"product_brand-replique-manga-cine","7":"product_cat-figurine-naruto","8":"product_cat-figurines-collector","9":"product_cat-katana-goodies-naruto-kunai","11":"first","12":"instock","13":"taxable","14":"shipping-taxable","15":"purchasable","16":"product-type-simple"},"yoast_head":"<!-- This site is optimized with the Yoast SEO plugin v27.5 - https:\/\/yoast.com\/product\/yoast-seo-wordpress\/ -->\n<title>Figurine Naruto Rikudo Sennin | R\u00e9plique Manga Cin\u00e9<\/title>\n<meta name=\"description\" content=\"D\u00e9couvrez vite ! Cette Figurine Naruto Rikudo Sennin mode au meilleur prix. Tout en PVC. Finement d\u00e9taill\u00e9s. Hauteur : 26 cm. Livr\u00e9 dans sa bo\u00eete collector\" \/>\n<meta name=\"robots\" content=\"index, follow, max-snippet:-1, max-image-preview:large, max-video-preview:-1\" \/>\n<link rel=\"canonical\" href=\"https:\/\/repliquemangacine.fr\/es\/figurita-de-naruto\/naruto-rikudo-sennin-estatuilla\/\" \/>\n<meta property=\"og:locale\" content=\"es_ES\" \/>\n<meta property=\"og:type\" content=\"article\" \/>\n<meta property=\"og:title\" content=\"Figurine Naruto Rikudo Sennin | R\u00e9plique Manga Cin\u00e9\" \/>\n<meta property=\"og:description\" content=\"D\u00e9couvrez vite ! Cette Figurine Naruto Rikudo Sennin mode au meilleur prix. Tout en PVC. Finement d\u00e9taill\u00e9s. Hauteur : 26 cm. Livr\u00e9 dans sa bo\u00eete collector\" \/>\n<meta property=\"og:url\" content=\"https:\/\/repliquemangacine.fr\/es\/figurita-de-naruto\/naruto-rikudo-sennin-estatuilla\/\" \/>\n<meta property=\"og:site_name\" content=\"R\u00e9plique Manga Cin\u00e9\" \/>\n<meta property=\"article:publisher\" content=\"https:\/\/www.facebook.com\/RepliqueMangaCine\" \/>\n<meta property=\"article:modified_time\" content=\"2025-11-18T15:15:13+00:00\" \/>\n<meta property=\"og:image\" content=\"https:\/\/repliquemangacine.fr\/wp-content\/uploads\/2023\/11\/figurine-naruto.jpg\" \/>\n\t<meta property=\"og:image:width\" content=\"500\" \/>\n\t<meta property=\"og:image:height\" content=\"500\" \/>\n\t<meta property=\"og:image:type\" content=\"image\/jpeg\" \/>\n<meta name=\"twitter:card\" content=\"summary_large_image\" \/>\n<meta name=\"twitter:label1\" content=\"Tiempo de lectura\" \/>\n\t<meta name=\"twitter:data1\" content=\"3 minutos\" \/>\n<script type=\"application\/ld+json\" class=\"yoast-schema-graph\">{\"@context\":\"https:\\\/\\\/schema.org\",\"@graph\":[{\"@type\":\"WebPage\",\"@id\":\"https:\\\/\\\/repliquemangacine.fr\\\/figurine-naruto\\\/figurine-naruto-rikudo-sennin\\\/\",\"url\":\"https:\\\/\\\/repliquemangacine.fr\\\/figurine-naruto\\\/figurine-naruto-rikudo-sennin\\\/\",\"name\":\"Figurine Naruto Rikudo Sennin | R\u00e9plique Manga Cin\u00e9\",\"isPartOf\":{\"@id\":\"https:\\\/\\\/repliquemangacine.fr\\\/#website\"},\"primaryImageOfPage\":{\"@id\":\"https:\\\/\\\/repliquemangacine.fr\\\/figurine-naruto\\\/figurine-naruto-rikudo-sennin\\\/#primaryimage\"},\"image\":{\"@id\":\"https:\\\/\\\/repliquemangacine.fr\\\/figurine-naruto\\\/figurine-naruto-rikudo-sennin\\\/#primaryimage\"},\"thumbnailUrl\":\"https:\\\/\\\/repliquemangacine.fr\\\/wp-content\\\/uploads\\\/2023\\\/11\\\/figurine-naruto.jpg\",\"datePublished\":\"2023-11-11T16:42:11+00:00\",\"dateModified\":\"2025-11-18T15:15:13+00:00\",\"description\":\"D\u00e9couvrez vite ! Cette Figurine Naruto Rikudo Sennin mode au meilleur prix. Tout en PVC. Finement d\u00e9taill\u00e9s. Hauteur : 26 cm. Livr\u00e9 dans sa bo\u00eete collector\",\"breadcrumb\":{\"@id\":\"https:\\\/\\\/repliquemangacine.fr\\\/figurine-naruto\\\/figurine-naruto-rikudo-sennin\\\/#breadcrumb\"},\"inLanguage\":\"es\",\"potentialAction\":[{\"@type\":\"ReadAction\",\"target\":[\"https:\\\/\\\/repliquemangacine.fr\\\/figurine-naruto\\\/figurine-naruto-rikudo-sennin\\\/\"]}]},{\"@type\":\"ImageObject\",\"inLanguage\":\"es\",\"@id\":\"https:\\\/\\\/repliquemangacine.fr\\\/figurine-naruto\\\/figurine-naruto-rikudo-sennin\\\/#primaryimage\",\"url\":\"https:\\\/\\\/repliquemangacine.fr\\\/wp-content\\\/uploads\\\/2023\\\/11\\\/figurine-naruto.jpg\",\"contentUrl\":\"https:\\\/\\\/repliquemangacine.fr\\\/wp-content\\\/uploads\\\/2023\\\/11\\\/figurine-naruto.jpg\",\"width\":500,\"height\":500,\"caption\":\"Figurine Naruto Rikudo sennin\"},{\"@type\":\"BreadcrumbList\",\"@id\":\"https:\\\/\\\/repliquemangacine.fr\\\/figurine-naruto\\\/figurine-naruto-rikudo-sennin\\\/#breadcrumb\",\"itemListElement\":[{\"@type\":\"ListItem\",\"position\":1,\"name\":\"Accueil\",\"item\":\"https:\\\/\\\/repliquemangacine.fr\\\/\"},{\"@type\":\"ListItem\",\"position\":2,\"name\":\"Produits\",\"item\":\"https:\\\/\\\/repliquemangacine.fr\\\/boutique\\\/\"},{\"@type\":\"ListItem\",\"position\":3,\"name\":\"Figurine Naruto Rikudo Sennin\"}]},{\"@type\":\"WebSite\",\"@id\":\"https:\\\/\\\/repliquemangacine.fr\\\/#website\",\"url\":\"https:\\\/\\\/repliquemangacine.fr\\\/\",\"name\":\"R\u00e9plique Manga Cin\u00e9\",\"description\":\"\",\"publisher\":{\"@id\":\"https:\\\/\\\/repliquemangacine.fr\\\/#organization\"},\"potentialAction\":[{\"@type\":\"SearchAction\",\"target\":{\"@type\":\"EntryPoint\",\"urlTemplate\":\"https:\\\/\\\/repliquemangacine.fr\\\/?s={search_term_string}\"},\"query-input\":{\"@type\":\"PropertyValueSpecification\",\"valueRequired\":true,\"valueName\":\"search_term_string\"}}],\"inLanguage\":\"es\"},{\"@type\":\"Organization\",\"@id\":\"https:\\\/\\\/repliquemangacine.fr\\\/#organization\",\"name\":\"R\u00e9plique Manga Cin\u00e9\",\"url\":\"https:\\\/\\\/repliquemangacine.fr\\\/\",\"logo\":{\"@type\":\"ImageObject\",\"inLanguage\":\"es\",\"@id\":\"https:\\\/\\\/repliquemangacine.fr\\\/#\\\/schema\\\/logo\\\/image\\\/\",\"url\":\"https:\\\/\\\/repliquemangacine.fr\\\/wp-content\\\/uploads\\\/2023\\\/10\\\/RMC-500250.png\",\"contentUrl\":\"https:\\\/\\\/repliquemangacine.fr\\\/wp-content\\\/uploads\\\/2023\\\/10\\\/RMC-500250.png\",\"width\":500,\"height\":250,\"caption\":\"R\u00e9plique Manga Cin\u00e9\"},\"image\":{\"@id\":\"https:\\\/\\\/repliquemangacine.fr\\\/#\\\/schema\\\/logo\\\/image\\\/\"},\"sameAs\":[\"https:\\\/\\\/www.facebook.com\\\/RepliqueMangaCine\",\"https:\\\/\\\/www.instagram.com\\\/repliquemangacine.fr\\\/\"]}]}<\/script>\n<!-- \/ Yoast SEO plugin. -->","yoast_head_json":{"title":"Naruto Rikudo Sennin Figura | R\u00e9plique Manga Cin\u00e9","description":"\u00a1Desc\u00fabrelo ahora! Esta figura de acci\u00f3n Naruto Rikudo modo Sennin est\u00e1 disponible al mejor precio. Todo en PVC. Finamente detallada. Altura: 26 cm. Entregado en caja de coleccionista.","robots":{"index":"index","follow":"follow","max-snippet":"max-snippet:-1","max-image-preview":"max-image-preview:large","max-video-preview":"max-video-preview:-1"},"canonical":"https:\/\/repliquemangacine.fr\/es\/figurita-de-naruto\/naruto-rikudo-sennin-estatuilla\/","og_locale":"es_ES","og_type":"article","og_title":"Figurine Naruto Rikudo Sennin | R\u00e9plique Manga Cin\u00e9","og_description":"D\u00e9couvrez vite ! Cette Figurine Naruto Rikudo Sennin mode au meilleur prix. Tout en PVC. Finement d\u00e9taill\u00e9s. Hauteur : 26 cm. Livr\u00e9 dans sa bo\u00eete collector","og_url":"https:\/\/repliquemangacine.fr\/es\/figurita-de-naruto\/naruto-rikudo-sennin-estatuilla\/","og_site_name":"R\u00e9plique Manga Cin\u00e9","article_publisher":"https:\/\/www.facebook.com\/RepliqueMangaCine","article_modified_time":"2025-11-18T15:15:13+00:00","og_image":[{"width":500,"height":500,"url":"https:\/\/repliquemangacine.fr\/wp-content\/uploads\/2023\/11\/figurine-naruto.jpg","type":"image\/jpeg"}],"twitter_card":"summary_large_image","twitter_misc":{"Tiempo de lectura":"3 minutos"},"schema":{"@context":"https:\/\/schema.org","@graph":[{"@type":"WebPage","@id":"https:\/\/repliquemangacine.fr\/figurine-naruto\/figurine-naruto-rikudo-sennin\/","url":"https:\/\/repliquemangacine.fr\/figurine-naruto\/figurine-naruto-rikudo-sennin\/","name":"Naruto Rikudo Sennin Figura | R\u00e9plique Manga Cin\u00e9","isPartOf":{"@id":"https:\/\/repliquemangacine.fr\/#website"},"primaryImageOfPage":{"@id":"https:\/\/repliquemangacine.fr\/figurine-naruto\/figurine-naruto-rikudo-sennin\/#primaryimage"},"image":{"@id":"https:\/\/repliquemangacine.fr\/figurine-naruto\/figurine-naruto-rikudo-sennin\/#primaryimage"},"thumbnailUrl":"https:\/\/repliquemangacine.fr\/wp-content\/uploads\/2023\/11\/figurine-naruto.jpg","datePublished":"2023-11-11T16:42:11+00:00","dateModified":"2025-11-18T15:15:13+00:00","description":"\u00a1Desc\u00fabrelo ahora! Esta figura de acci\u00f3n Naruto Rikudo modo Sennin est\u00e1 disponible al mejor precio. Todo en PVC. Finamente detallada. Altura: 26 cm. Entregado en caja de coleccionista.","breadcrumb":{"@id":"https:\/\/repliquemangacine.fr\/figurine-naruto\/figurine-naruto-rikudo-sennin\/#breadcrumb"},"inLanguage":"es","potentialAction":[{"@type":"ReadAction","target":["https:\/\/repliquemangacine.fr\/figurine-naruto\/figurine-naruto-rikudo-sennin\/"]}]},{"@type":"ImageObject","inLanguage":"es","@id":"https:\/\/repliquemangacine.fr\/figurine-naruto\/figurine-naruto-rikudo-sennin\/#primaryimage","url":"https:\/\/repliquemangacine.fr\/wp-content\/uploads\/2023\/11\/figurine-naruto.jpg","contentUrl":"https:\/\/repliquemangacine.fr\/wp-content\/uploads\/2023\/11\/figurine-naruto.jpg","width":500,"height":500,"caption":"Figurine Naruto Rikudo sennin"},{"@type":"BreadcrumbList","@id":"https:\/\/repliquemangacine.fr\/figurine-naruto\/figurine-naruto-rikudo-sennin\/#breadcrumb","itemListElement":[{"@type":"ListItem","position":1,"name":"Accueil","item":"https:\/\/repliquemangacine.fr\/"},{"@type":"ListItem","position":2,"name":"Produits","item":"https:\/\/repliquemangacine.fr\/boutique\/"},{"@type":"ListItem","position":3,"name":"Figurine Naruto Rikudo Sennin"}]},{"@type":"WebSite","@id":"https:\/\/repliquemangacine.fr\/#website","url":"https:\/\/repliquemangacine.fr\/","name":"R\u00e9plique Manga Cin\u00e9","description":"","publisher":{"@id":"https:\/\/repliquemangacine.fr\/#organization"},"potentialAction":[{"@type":"SearchAction","target":{"@type":"EntryPoint","urlTemplate":"https:\/\/repliquemangacine.fr\/?s={search_term_string}"},"query-input":{"@type":"PropertyValueSpecification","valueRequired":true,"valueName":"search_term_string"}}],"inLanguage":"es"},{"@type":"Organization","@id":"https:\/\/repliquemangacine.fr\/#organization","name":"R\u00e9plique Manga Cin\u00e9","url":"https:\/\/repliquemangacine.fr\/","logo":{"@type":"ImageObject","inLanguage":"es","@id":"https:\/\/repliquemangacine.fr\/#\/schema\/logo\/image\/","url":"https:\/\/repliquemangacine.fr\/wp-content\/uploads\/2023\/10\/RMC-500250.png","contentUrl":"https:\/\/repliquemangacine.fr\/wp-content\/uploads\/2023\/10\/RMC-500250.png","width":500,"height":250,"caption":"R\u00e9plique Manga Cin\u00e9"},"image":{"@id":"https:\/\/repliquemangacine.fr\/#\/schema\/logo\/image\/"},"sameAs":["https:\/\/www.facebook.com\/RepliqueMangaCine","https:\/\/www.instagram.com\/repliquemangacine.fr\/"]}]}},"_links":{"self":[{"href":"https:\/\/repliquemangacine.fr\/es\/wp-json\/wp\/v2\/product\/65201","targetHints":{"allow":["GET"]}}],"collection":[{"href":"https:\/\/repliquemangacine.fr\/es\/wp-json\/wp\/v2\/product"}],"about":[{"href":"https:\/\/repliquemangacine.fr\/es\/wp-json\/wp\/v2\/types\/product"}],"wp:featuredmedia":[{"embeddable":true,"href":"https:\/\/repliquemangacine.fr\/es\/wp-json\/wp\/v2\/media\/65203"}],"wp:attachment":[{"href":"https:\/\/repliquemangacine.fr\/es\/wp-json\/wp\/v2\/media?parent=65201"}],"wp:term":[{"taxonomy":"product_brand","embeddable":true,"href":"https:\/\/repliquemangacine.fr\/es\/wp-json\/wp\/v2\/product_brand?post=65201"},{"taxonomy":"product_cat","embeddable":true,"href":"https:\/\/repliquemangacine.fr\/es\/wp-json\/wp\/v2\/product_cat?post=65201"},{"taxonomy":"product_tag","embeddable":true,"href":"https:\/\/repliquemangacine.fr\/es\/wp-json\/wp\/v2\/product_tag?post=65201"}],"curies":[{"name":"wp","href":"https:\/\/api.w.org\/{rel}","templated":true}]}}