





{"id":65194,"date":"2023-11-11T16:38:48","date_gmt":"2023-11-11T15:38:48","guid":{"rendered":"https:\/\/repliquemangacine.fr\/?post_type=product&#038;p=65194"},"modified":"2025-11-18T16:15:41","modified_gmt":"2025-11-18T15:15:41","slug":"minato-namikaze-estatuilla","status":"publish","type":"product","link":"https:\/\/repliquemangacine.fr\/es\/figurine-naruto\/figurine-minato-namikaze\/","title":{"rendered":"Figura de acci\u00f3n de Minato Namikaze"},"content":{"rendered":"<h2>Colecciona la figura de Minato Namikaze de Naruto<\/h2>\n<p>Para empezar, sum\u00e9rgete en el coraz\u00f3n del universo Naruto con nuestro <strong>Figura de acci\u00f3n de Minato Namikaze<\/strong>. Esta pieza de coleccionista cautiva por su realismo y su fidelidad al legendario personaje de <a href=\"https:\/\/naruto.fandom.com\/fr\/wiki\/Minato_Namikaze\" target=\"_blank\" rel=\"noopener noreferrer\">Minato.<\/a> Yondaime, el Cuarto Hokage de Konoha.<\/p>\n<p>Conocida por su precisi\u00f3n hasta en el m\u00e1s m\u00ednimo detalle, esta figura encarna el esp\u00edritu y el poder de uno de los ninjas m\u00e1s venerados de la serie. Ofrece una representaci\u00f3n perfecta del famoso ninja de cabello rubio.<\/p>\n<p>Adem\u00e1s, encontrar\u00e1s piezas imprescindibles para cualquier fan de Naruto que desee ampliar su colecci\u00f3n.<\/p>\n<h3>Figura de acci\u00f3n de Minato Namikaze: imprescindible para los fans<\/h3>\n<p>Ideales para revivir momentos emblem\u00e1ticos de Naruto o para hacer un regalo \u00fanico a un fan de la serie. Estas figuritas no son solo objetos de coleccionista, son ventanas al fascinante mundo de Naruto, que invitan a los fans a sumergirse por completo.<\/p>\n<h2>Descubra nuestras figuras de Naruto: Calidad\/Precio garantizados<\/h2>\n<p>Ad\u00e9ntrate en el fascinante universo de Naruto con nuestra gama no oficial de figuras de Naruto, donde la calidad y el precio est\u00e1n en perfecta armon\u00eda.<\/p>\n<p>Cabe destacar que cada figura est\u00e1 dise\u00f1ada con un cuidado meticuloso, lo que garantiza la fidelidad a los personajes de la serie. Desde Naruto Uzumaki hasta <a href=\"https:\/\/repliquemangacine.fr\/es\/figuritas\/sasuke-uchiwa-naruto-estatuilla\/\">Sasuke Uchiha<\/a>de Kakashi Hatake, nuestras figuras encarnan el esp\u00edritu ninja con una excelente relaci\u00f3n calidad-precio.<\/p>\n<h3>Nuestras figuras de acci\u00f3n de Naruto: al mejor precio<\/h3>\n<p>Adem\u00e1s, son el resultado de una combinaci\u00f3n perfecta entre artesan\u00eda de calidad y precios asequibles, lo que hace que estas piezas de colecci\u00f3n sean tan atractivas como duraderas.<\/p>\n<p>Tanto si eres un coleccionista experimentado como si eres nuevo en el mundo de Naruto, nuestras figuras son la elecci\u00f3n ideal para ampliar tu colecci\u00f3n sin comprometer la calidad ni tu presupuesto.<\/p>\n<h2>Por qu\u00e9 comprar la figura Minato Namikaze de R\u00e9plique Manga Cin\u00e9<\/h2>\n<p>Descubra por qu\u00e9 nuestro <strong>Estatuilla de Minato Namikaze<\/strong> en R\u00e9plique Manga Cin\u00e9 es una opci\u00f3n imprescindible para los fans de Naruto. No solo ofrecemos una reproducci\u00f3n fiel del Cuarto Hokage, sino tambi\u00e9n una experiencia de compra excepcional.<\/p>\n<p>Con una entrega r\u00e1pida en 24\/48 horas, podr\u00e1s tener a tu h\u00e9roe favorito en casa sin demora. Si tienes alguna duda o pregunta, ll\u00e1manos y tu interlocutor te ayudar\u00e1 a elegir.<\/p>\n<h3>Atenci\u00f3n al cliente y calidad garantizadas en R\u00e9plique Manga Cin\u00e9<\/h3>\n<p>Nuestro compromiso con la satisfacci\u00f3n del cliente se refleja en nuestro cuidadoso servicio de embalaje, que garantiza que su figura llegue en perfectas condiciones. Adem\u00e1s, para su total tranquilidad, ofrecemos un pago seguro para todas sus transacciones.<\/p>\n<p>En conclusi\u00f3n, elegir RMC para tu figura es optar por la calidad, una entrega r\u00e1pida y unos servicios fiables.<\/p>\n<p>&nbsp;<\/p>","protected":false},"excerpt":{"rendered":"<p>R\u00e9plica <strong>no oficial<\/strong> de la figura de Minato Namikaze en Naruto<\/p>\n<ul>\n<li>Todo PVC<\/li>\n<li>Con todo lujo de detalles<\/li>\n<li>Peque\u00f1o soporte transparente<\/li>\n<li>Altura: 27 cm<\/li>\n<li>Se entrega en caja de coleccionista<\/li>\n<\/ul>","protected":false},"featured_media":65196,"template":"","meta":[],"product_brand":[896],"product_cat":[832,831,42],"product_tag":[],"class_list":{"0":"post-65194","1":"product","2":"type-product","3":"status-publish","4":"has-post-thumbnail","6":"product_brand-replique-manga-cine","7":"product_cat-figurine-naruto","8":"product_cat-figurines-collector","9":"product_cat-katana-goodies-naruto-kunai","11":"first","12":"instock","13":"taxable","14":"shipping-taxable","15":"purchasable","16":"product-type-simple"},"yoast_head":"<!-- This site is optimized with the Yoast SEO plugin v27.4 - https:\/\/yoast.com\/product\/yoast-seo-wordpress\/ -->\n<title>Figurine Minato Namikaze - Figurines Naruto | R\u00e9plique Manga Cin\u00e9<\/title>\n<meta name=\"description\" content=\"Entrez dans le monde de Naruto avec notre Figurine de Minato Namikaze au meilleur prix. Tout en PVC. Hauteur 27 cm - Livr\u00e9 avec sa boite collector\" \/>\n<meta name=\"robots\" content=\"index, follow, max-snippet:-1, max-image-preview:large, max-video-preview:-1\" \/>\n<link rel=\"canonical\" href=\"https:\/\/repliquemangacine.fr\/es\/figurita-de-naruto\/minato-namikaze-estatuilla\/\" \/>\n<meta property=\"og:locale\" content=\"es_ES\" \/>\n<meta property=\"og:type\" content=\"article\" \/>\n<meta property=\"og:title\" content=\"Figurine Minato Namikaze - Figurines Naruto | R\u00e9plique Manga Cin\u00e9\" \/>\n<meta property=\"og:description\" content=\"Entrez dans le monde de Naruto avec notre Figurine de Minato Namikaze au meilleur prix. Tout en PVC. Hauteur 27 cm - Livr\u00e9 avec sa boite collector\" \/>\n<meta property=\"og:url\" content=\"https:\/\/repliquemangacine.fr\/es\/figurita-de-naruto\/minato-namikaze-estatuilla\/\" \/>\n<meta property=\"og:site_name\" content=\"R\u00e9plique Manga Cin\u00e9\" \/>\n<meta property=\"article:publisher\" content=\"https:\/\/www.facebook.com\/RepliqueMangaCine\" \/>\n<meta property=\"article:modified_time\" content=\"2025-11-18T15:15:41+00:00\" \/>\n<meta property=\"og:image\" content=\"https:\/\/repliquemangacine.fr\/wp-content\/uploads\/2023\/11\/figurine-yondaime.jpg\" \/>\n\t<meta property=\"og:image:width\" content=\"500\" \/>\n\t<meta property=\"og:image:height\" content=\"500\" \/>\n\t<meta property=\"og:image:type\" content=\"image\/jpeg\" \/>\n<meta name=\"twitter:card\" content=\"summary_large_image\" \/>\n<meta name=\"twitter:label1\" content=\"Tiempo de lectura\" \/>\n\t<meta name=\"twitter:data1\" content=\"3 minutos\" \/>\n<script type=\"application\/ld+json\" class=\"yoast-schema-graph\">{\"@context\":\"https:\\\/\\\/schema.org\",\"@graph\":[{\"@type\":\"WebPage\",\"@id\":\"https:\\\/\\\/repliquemangacine.fr\\\/figurine-naruto\\\/figurine-minato-namikaze\\\/\",\"url\":\"https:\\\/\\\/repliquemangacine.fr\\\/figurine-naruto\\\/figurine-minato-namikaze\\\/\",\"name\":\"Figurine Minato Namikaze - Figurines Naruto | R\u00e9plique Manga Cin\u00e9\",\"isPartOf\":{\"@id\":\"https:\\\/\\\/repliquemangacine.fr\\\/#website\"},\"primaryImageOfPage\":{\"@id\":\"https:\\\/\\\/repliquemangacine.fr\\\/figurine-naruto\\\/figurine-minato-namikaze\\\/#primaryimage\"},\"image\":{\"@id\":\"https:\\\/\\\/repliquemangacine.fr\\\/figurine-naruto\\\/figurine-minato-namikaze\\\/#primaryimage\"},\"thumbnailUrl\":\"https:\\\/\\\/repliquemangacine.fr\\\/wp-content\\\/uploads\\\/2023\\\/11\\\/figurine-yondaime.jpg\",\"datePublished\":\"2023-11-11T15:38:48+00:00\",\"dateModified\":\"2025-11-18T15:15:41+00:00\",\"description\":\"Entrez dans le monde de Naruto avec notre Figurine de Minato Namikaze au meilleur prix. Tout en PVC. Hauteur 27 cm - Livr\u00e9 avec sa boite collector\",\"breadcrumb\":{\"@id\":\"https:\\\/\\\/repliquemangacine.fr\\\/figurine-naruto\\\/figurine-minato-namikaze\\\/#breadcrumb\"},\"inLanguage\":\"es\",\"potentialAction\":[{\"@type\":\"ReadAction\",\"target\":[\"https:\\\/\\\/repliquemangacine.fr\\\/figurine-naruto\\\/figurine-minato-namikaze\\\/\"]}]},{\"@type\":\"ImageObject\",\"inLanguage\":\"es\",\"@id\":\"https:\\\/\\\/repliquemangacine.fr\\\/figurine-naruto\\\/figurine-minato-namikaze\\\/#primaryimage\",\"url\":\"https:\\\/\\\/repliquemangacine.fr\\\/wp-content\\\/uploads\\\/2023\\\/11\\\/figurine-yondaime.jpg\",\"contentUrl\":\"https:\\\/\\\/repliquemangacine.fr\\\/wp-content\\\/uploads\\\/2023\\\/11\\\/figurine-yondaime.jpg\",\"width\":500,\"height\":500,\"caption\":\"Figurine Minato Namikaze dans Naruto\"},{\"@type\":\"BreadcrumbList\",\"@id\":\"https:\\\/\\\/repliquemangacine.fr\\\/figurine-naruto\\\/figurine-minato-namikaze\\\/#breadcrumb\",\"itemListElement\":[{\"@type\":\"ListItem\",\"position\":1,\"name\":\"Accueil\",\"item\":\"https:\\\/\\\/repliquemangacine.fr\\\/\"},{\"@type\":\"ListItem\",\"position\":2,\"name\":\"Produits\",\"item\":\"https:\\\/\\\/repliquemangacine.fr\\\/boutique\\\/\"},{\"@type\":\"ListItem\",\"position\":3,\"name\":\"Figurine Minato Namikaze\"}]},{\"@type\":\"WebSite\",\"@id\":\"https:\\\/\\\/repliquemangacine.fr\\\/#website\",\"url\":\"https:\\\/\\\/repliquemangacine.fr\\\/\",\"name\":\"R\u00e9plique Manga Cin\u00e9\",\"description\":\"\",\"publisher\":{\"@id\":\"https:\\\/\\\/repliquemangacine.fr\\\/#organization\"},\"potentialAction\":[{\"@type\":\"SearchAction\",\"target\":{\"@type\":\"EntryPoint\",\"urlTemplate\":\"https:\\\/\\\/repliquemangacine.fr\\\/?s={search_term_string}\"},\"query-input\":{\"@type\":\"PropertyValueSpecification\",\"valueRequired\":true,\"valueName\":\"search_term_string\"}}],\"inLanguage\":\"es\"},{\"@type\":\"Organization\",\"@id\":\"https:\\\/\\\/repliquemangacine.fr\\\/#organization\",\"name\":\"R\u00e9plique Manga Cin\u00e9\",\"url\":\"https:\\\/\\\/repliquemangacine.fr\\\/\",\"logo\":{\"@type\":\"ImageObject\",\"inLanguage\":\"es\",\"@id\":\"https:\\\/\\\/repliquemangacine.fr\\\/#\\\/schema\\\/logo\\\/image\\\/\",\"url\":\"https:\\\/\\\/repliquemangacine.fr\\\/wp-content\\\/uploads\\\/2023\\\/10\\\/RMC-500250.png\",\"contentUrl\":\"https:\\\/\\\/repliquemangacine.fr\\\/wp-content\\\/uploads\\\/2023\\\/10\\\/RMC-500250.png\",\"width\":500,\"height\":250,\"caption\":\"R\u00e9plique Manga Cin\u00e9\"},\"image\":{\"@id\":\"https:\\\/\\\/repliquemangacine.fr\\\/#\\\/schema\\\/logo\\\/image\\\/\"},\"sameAs\":[\"https:\\\/\\\/www.facebook.com\\\/RepliqueMangaCine\",\"https:\\\/\\\/www.instagram.com\\\/repliquemangacine.fr\\\/\"]}]}<\/script>\n<!-- \/ Yoast SEO plugin. -->","yoast_head_json":{"title":"Minato Namikaze figura de acci\u00f3n - Naruto figuras de acci\u00f3n | R\u00e9plique Manga Cin\u00e9","description":"Entra en el mundo de Naruto con nuestra figura de acci\u00f3n de Minato Namikaze al mejor precio. Todo en PVC. Altura 27 cm - Viene con caja de coleccionista","robots":{"index":"index","follow":"follow","max-snippet":"max-snippet:-1","max-image-preview":"max-image-preview:large","max-video-preview":"max-video-preview:-1"},"canonical":"https:\/\/repliquemangacine.fr\/es\/figurita-de-naruto\/minato-namikaze-estatuilla\/","og_locale":"es_ES","og_type":"article","og_title":"Figurine Minato Namikaze - Figurines Naruto | R\u00e9plique Manga Cin\u00e9","og_description":"Entrez dans le monde de Naruto avec notre Figurine de Minato Namikaze au meilleur prix. Tout en PVC. Hauteur 27 cm - Livr\u00e9 avec sa boite collector","og_url":"https:\/\/repliquemangacine.fr\/es\/figurita-de-naruto\/minato-namikaze-estatuilla\/","og_site_name":"R\u00e9plique Manga Cin\u00e9","article_publisher":"https:\/\/www.facebook.com\/RepliqueMangaCine","article_modified_time":"2025-11-18T15:15:41+00:00","og_image":[{"width":500,"height":500,"url":"https:\/\/repliquemangacine.fr\/wp-content\/uploads\/2023\/11\/figurine-yondaime.jpg","type":"image\/jpeg"}],"twitter_card":"summary_large_image","twitter_misc":{"Tiempo de lectura":"3 minutos"},"schema":{"@context":"https:\/\/schema.org","@graph":[{"@type":"WebPage","@id":"https:\/\/repliquemangacine.fr\/figurine-naruto\/figurine-minato-namikaze\/","url":"https:\/\/repliquemangacine.fr\/figurine-naruto\/figurine-minato-namikaze\/","name":"Minato Namikaze figura de acci\u00f3n - Naruto figuras de acci\u00f3n | R\u00e9plique Manga Cin\u00e9","isPartOf":{"@id":"https:\/\/repliquemangacine.fr\/#website"},"primaryImageOfPage":{"@id":"https:\/\/repliquemangacine.fr\/figurine-naruto\/figurine-minato-namikaze\/#primaryimage"},"image":{"@id":"https:\/\/repliquemangacine.fr\/figurine-naruto\/figurine-minato-namikaze\/#primaryimage"},"thumbnailUrl":"https:\/\/repliquemangacine.fr\/wp-content\/uploads\/2023\/11\/figurine-yondaime.jpg","datePublished":"2023-11-11T15:38:48+00:00","dateModified":"2025-11-18T15:15:41+00:00","description":"Entra en el mundo de Naruto con nuestra figura de acci\u00f3n de Minato Namikaze al mejor precio. Todo en PVC. Altura 27 cm - Viene con caja de coleccionista","breadcrumb":{"@id":"https:\/\/repliquemangacine.fr\/figurine-naruto\/figurine-minato-namikaze\/#breadcrumb"},"inLanguage":"es","potentialAction":[{"@type":"ReadAction","target":["https:\/\/repliquemangacine.fr\/figurine-naruto\/figurine-minato-namikaze\/"]}]},{"@type":"ImageObject","inLanguage":"es","@id":"https:\/\/repliquemangacine.fr\/figurine-naruto\/figurine-minato-namikaze\/#primaryimage","url":"https:\/\/repliquemangacine.fr\/wp-content\/uploads\/2023\/11\/figurine-yondaime.jpg","contentUrl":"https:\/\/repliquemangacine.fr\/wp-content\/uploads\/2023\/11\/figurine-yondaime.jpg","width":500,"height":500,"caption":"Figurine Minato Namikaze dans Naruto"},{"@type":"BreadcrumbList","@id":"https:\/\/repliquemangacine.fr\/figurine-naruto\/figurine-minato-namikaze\/#breadcrumb","itemListElement":[{"@type":"ListItem","position":1,"name":"Accueil","item":"https:\/\/repliquemangacine.fr\/"},{"@type":"ListItem","position":2,"name":"Produits","item":"https:\/\/repliquemangacine.fr\/boutique\/"},{"@type":"ListItem","position":3,"name":"Figurine Minato Namikaze"}]},{"@type":"WebSite","@id":"https:\/\/repliquemangacine.fr\/#website","url":"https:\/\/repliquemangacine.fr\/","name":"R\u00e9plique Manga Cin\u00e9","description":"","publisher":{"@id":"https:\/\/repliquemangacine.fr\/#organization"},"potentialAction":[{"@type":"SearchAction","target":{"@type":"EntryPoint","urlTemplate":"https:\/\/repliquemangacine.fr\/?s={search_term_string}"},"query-input":{"@type":"PropertyValueSpecification","valueRequired":true,"valueName":"search_term_string"}}],"inLanguage":"es"},{"@type":"Organization","@id":"https:\/\/repliquemangacine.fr\/#organization","name":"R\u00e9plique Manga Cin\u00e9","url":"https:\/\/repliquemangacine.fr\/","logo":{"@type":"ImageObject","inLanguage":"es","@id":"https:\/\/repliquemangacine.fr\/#\/schema\/logo\/image\/","url":"https:\/\/repliquemangacine.fr\/wp-content\/uploads\/2023\/10\/RMC-500250.png","contentUrl":"https:\/\/repliquemangacine.fr\/wp-content\/uploads\/2023\/10\/RMC-500250.png","width":500,"height":250,"caption":"R\u00e9plique Manga Cin\u00e9"},"image":{"@id":"https:\/\/repliquemangacine.fr\/#\/schema\/logo\/image\/"},"sameAs":["https:\/\/www.facebook.com\/RepliqueMangaCine","https:\/\/www.instagram.com\/repliquemangacine.fr\/"]}]}},"_links":{"self":[{"href":"https:\/\/repliquemangacine.fr\/es\/wp-json\/wp\/v2\/product\/65194","targetHints":{"allow":["GET"]}}],"collection":[{"href":"https:\/\/repliquemangacine.fr\/es\/wp-json\/wp\/v2\/product"}],"about":[{"href":"https:\/\/repliquemangacine.fr\/es\/wp-json\/wp\/v2\/types\/product"}],"wp:featuredmedia":[{"embeddable":true,"href":"https:\/\/repliquemangacine.fr\/es\/wp-json\/wp\/v2\/media\/65196"}],"wp:attachment":[{"href":"https:\/\/repliquemangacine.fr\/es\/wp-json\/wp\/v2\/media?parent=65194"}],"wp:term":[{"taxonomy":"product_brand","embeddable":true,"href":"https:\/\/repliquemangacine.fr\/es\/wp-json\/wp\/v2\/product_brand?post=65194"},{"taxonomy":"product_cat","embeddable":true,"href":"https:\/\/repliquemangacine.fr\/es\/wp-json\/wp\/v2\/product_cat?post=65194"},{"taxonomy":"product_tag","embeddable":true,"href":"https:\/\/repliquemangacine.fr\/es\/wp-json\/wp\/v2\/product_tag?post=65194"}],"curies":[{"name":"wp","href":"https:\/\/api.w.org\/{rel}","templated":true}]}}