





{"id":65151,"date":"2023-11-10T18:41:45","date_gmt":"2023-11-10T17:41:45","guid":{"rendered":"https:\/\/repliquemangacine.fr\/?post_type=product&#038;p=65151"},"modified":"2025-09-23T18:03:23","modified_gmt":"2025-09-23T16:03:23","slug":"sasuke-uchiwa-naruto-estatuilla","status":"publish","type":"product","link":"https:\/\/repliquemangacine.fr\/es\/figurines-collector\/figurine-sasuke-uchiwa-naruto\/","title":{"rendered":"Sasuke Uchiwa Naruto figura de acci\u00f3n"},"content":{"rendered":"<h2>Figurita de Sasuke Uchiwa en Naruto - Colecci\u00f3n Esencial<\/h2>\n<p>Para empezar, descubre nuestra figura de Sasuke Uchiwa, el emblem\u00e1tico personaje de la mundialmente famosa serie Naruto. Esta figura cautiva por su meticulosa atenci\u00f3n al detalle, que refleja a la perfecci\u00f3n el carisma y el poder de Sasuke Uchiha.<\/p>\n<p>Cada pieza est\u00e1 dise\u00f1ada para capturar la esencia de este legendario ninja, desde sus inicios como aprendiz hasta su ascenso como renombrado shinobi.<\/p>\n<p>Tanto si eres un coleccionista experimentado como si eres un nuevo fan de Naruto, esta figura de <a href=\"https:\/\/naruto.fandom.com\/fr\/wiki\/Sasuke_Uchiwa\" target=\"_blank\" rel=\"noopener noreferrer\">Sasuke<\/a> es imprescindible.<\/p>\n<h3>Figuras de Naruto para todos los fans.<\/h3>\n<p>Perfectas para a\u00f1adir a tu colecci\u00f3n personal, hacer un regalo \u00fanico a un ser querido o simplemente revivir los momentos m\u00e1s memorables de la serie. Con poses din\u00e1micas y expresiones fieles al personaje, estas figuritas transforman cada espacio en un trocito del universo Naruto.<\/p>\n<h2>Figura de acci\u00f3n de Sasuke Uchiwa: la mejor relaci\u00f3n calidad-precio<\/h2>\n<p>Sum\u00e9rgete en el universo de Naruto con nuestra figura de Sasuke, que combina alta calidad y precio asequible.<\/p>\n<p>Adem\u00e1s, cada figura de Sasuke Uchiha est\u00e1 dise\u00f1ada con gran atenci\u00f3n al detalle. Representan fielmente los rasgos y los atuendos ic\u00f3nicos del personaje. Estas figuras no son solo reproducciones, sino homenajes a uno de los ninjas m\u00e1s complejos y queridos de la serie Naruto.<\/p>\n<p>Nuestra selecci\u00f3n de figuras es perfecta para todos los presupuestos, sin comprometer nunca la calidad.<\/p>\n<h3>Figura de acci\u00f3n de Sasuke: calidad y precio para todos los fans<\/h3>\n<p>Tanto si eres un coleccionista experimentado como si eres un fan en busca de tu primera pieza, nuestras figuras ofrecen una excelente relaci\u00f3n calidad-precio. Ideales para a\u00f1adir un toque de esp\u00edritu ninja a tu espacio personal. Tambi\u00e9n ser\u00e1n un regalo memorable para un amigo al que le encante Naruto.<\/p>\n<h2>\u00bfPor qu\u00e9 elegir nuestras figuras de acci\u00f3n no oficiales de Naruto?<\/h2>\n<p>Nuestras figuras no oficiales de Naruto son la elecci\u00f3n perfecta para los fans que buscan calidad a un precio asequible. Cada figura representa fielmente a tus personajes favoritos de Naruto, desde el propio Naruto hasta Sasuke, Yondaime y Kakashi. Cabe destacar que tambi\u00e9n disponemos de figuras oficiales.<\/p>\n<p>Adem\u00e1s, nos centramos en lo que realmente importa a los fans, es decir, a vosotros: figuras que capturan el esp\u00edritu y la acci\u00f3n de la serie, pero que son asequibles.<\/p>\n<h3>Descubre la magia de Naruto con nuestras asequibles figuras<\/h3>\n<p>La fuerza de nuestras figuras de Naruto reside en su combinaci\u00f3n \u00fanica de detalles precisos y precios competitivos. Fabricadas con esmero, utilizando materiales duraderos.<br \/>\npara garantizar una larga vida \u00fatil. Nuestra variada gama ofrece muchas opciones, lo que permite a cada aficionado encontrar la figura que m\u00e1s le guste.<\/p>\n<p>En conclusi\u00f3n, al elegir nuestros productos, obtienes una excelente relaci\u00f3n calidad-precio. Adem\u00e1s, a\u00f1ades un toque del universo Naruto a tu colecci\u00f3n.<\/p>","protected":false},"excerpt":{"rendered":"<p>Figurita <strong>no oficial<\/strong> de Sasuke Uchiwa en Naruto<\/p>\n<ul>\n<li>Todo PVC<\/li>\n<li>Excelente acabado<\/li>\n<li>Altura: 25 cm<\/li>\n<li>Peque\u00f1a ayuda<\/li>\n<li>Viene con caja de coleccionista<\/li>\n<\/ul>","protected":false},"featured_media":65154,"template":"","meta":[],"product_brand":[896],"product_cat":[832,831,42],"product_tag":[],"class_list":{"0":"post-65151","1":"product","2":"type-product","3":"status-publish","4":"has-post-thumbnail","6":"product_brand-replique-manga-cine","7":"product_cat-figurine-naruto","8":"product_cat-figurines-collector","9":"product_cat-katana-goodies-naruto-kunai","11":"first","12":"instock","13":"taxable","14":"shipping-taxable","15":"purchasable","16":"product-type-simple"},"yoast_head":"<!-- This site is optimized with the Yoast SEO plugin v27.4 - https:\/\/yoast.com\/product\/yoast-seo-wordpress\/ -->\n<title>Figurine Sasuke Uchiwa Naruto - Figurine Naruto | R\u00e9plique Manga Cin\u00e9<\/title>\n<meta name=\"description\" content=\"D\u00e9couvrez notre figurine Sasuke Uchiwa au meilleur prix. Tout en PVC. Livr\u00e9 dans sa boite collector avec support pour tenir la figurine. Hauteur 25 cm\" \/>\n<meta name=\"robots\" content=\"index, follow, max-snippet:-1, max-image-preview:large, max-video-preview:-1\" \/>\n<link rel=\"canonical\" href=\"https:\/\/repliquemangacine.fr\/es\/figuras-de-coleccion\/sasuke-uchiwa-naruto-estatuilla\/\" \/>\n<meta property=\"og:locale\" content=\"es_ES\" \/>\n<meta property=\"og:type\" content=\"article\" \/>\n<meta property=\"og:title\" content=\"Figurine Sasuke Uchiwa Naruto - Figurine Naruto | R\u00e9plique Manga Cin\u00e9\" \/>\n<meta property=\"og:description\" content=\"D\u00e9couvrez notre figurine Sasuke Uchiwa au meilleur prix. Tout en PVC. Livr\u00e9 dans sa boite collector avec support pour tenir la figurine. Hauteur 25 cm\" \/>\n<meta property=\"og:url\" content=\"https:\/\/repliquemangacine.fr\/es\/figuras-de-coleccion\/sasuke-uchiwa-naruto-estatuilla\/\" \/>\n<meta property=\"og:site_name\" content=\"R\u00e9plique Manga Cin\u00e9\" \/>\n<meta property=\"article:publisher\" content=\"https:\/\/www.facebook.com\/RepliqueMangaCine\" \/>\n<meta property=\"article:modified_time\" content=\"2025-09-23T16:03:23+00:00\" \/>\n<meta property=\"og:image\" content=\"https:\/\/repliquemangacine.fr\/wp-content\/uploads\/2023\/11\/figurine-sasuke-sur-socle.jpg\" \/>\n\t<meta property=\"og:image:width\" content=\"500\" \/>\n\t<meta property=\"og:image:height\" content=\"500\" \/>\n\t<meta property=\"og:image:type\" content=\"image\/jpeg\" \/>\n<meta name=\"twitter:card\" content=\"summary_large_image\" \/>\n<meta name=\"twitter:label1\" content=\"Tiempo de lectura\" \/>\n\t<meta name=\"twitter:data1\" content=\"3 minutos\" \/>\n<script type=\"application\/ld+json\" class=\"yoast-schema-graph\">{\"@context\":\"https:\\\/\\\/schema.org\",\"@graph\":[{\"@type\":\"WebPage\",\"@id\":\"https:\\\/\\\/repliquemangacine.fr\\\/de\\\/sammlerfiguren\\\/figurine-sasuke-uchiwa-naruto\\\/\",\"url\":\"https:\\\/\\\/repliquemangacine.fr\\\/de\\\/sammlerfiguren\\\/figurine-sasuke-uchiwa-naruto\\\/\",\"name\":\"Figurine Sasuke Uchiwa Naruto - Figurine Naruto | R\u00e9plique Manga Cin\u00e9\",\"isPartOf\":{\"@id\":\"https:\\\/\\\/repliquemangacine.fr\\\/#website\"},\"primaryImageOfPage\":{\"@id\":\"https:\\\/\\\/repliquemangacine.fr\\\/de\\\/sammlerfiguren\\\/figurine-sasuke-uchiwa-naruto\\\/#primaryimage\"},\"image\":{\"@id\":\"https:\\\/\\\/repliquemangacine.fr\\\/de\\\/sammlerfiguren\\\/figurine-sasuke-uchiwa-naruto\\\/#primaryimage\"},\"thumbnailUrl\":\"https:\\\/\\\/repliquemangacine.fr\\\/wp-content\\\/uploads\\\/2023\\\/11\\\/figurine-sasuke-sur-socle.jpg\",\"datePublished\":\"2023-11-10T17:41:45+00:00\",\"dateModified\":\"2025-09-23T16:03:23+00:00\",\"description\":\"D\u00e9couvrez notre figurine Sasuke Uchiwa au meilleur prix. Tout en PVC. Livr\u00e9 dans sa boite collector avec support pour tenir la figurine. Hauteur 25 cm\",\"breadcrumb\":{\"@id\":\"https:\\\/\\\/repliquemangacine.fr\\\/de\\\/sammlerfiguren\\\/figurine-sasuke-uchiwa-naruto\\\/#breadcrumb\"},\"inLanguage\":\"es\",\"potentialAction\":[{\"@type\":\"ReadAction\",\"target\":[\"https:\\\/\\\/repliquemangacine.fr\\\/de\\\/sammlerfiguren\\\/figurine-sasuke-uchiwa-naruto\\\/\"]}]},{\"@type\":\"ImageObject\",\"inLanguage\":\"es\",\"@id\":\"https:\\\/\\\/repliquemangacine.fr\\\/de\\\/sammlerfiguren\\\/figurine-sasuke-uchiwa-naruto\\\/#primaryimage\",\"url\":\"https:\\\/\\\/repliquemangacine.fr\\\/wp-content\\\/uploads\\\/2023\\\/11\\\/figurine-sasuke-sur-socle.jpg\",\"contentUrl\":\"https:\\\/\\\/repliquemangacine.fr\\\/wp-content\\\/uploads\\\/2023\\\/11\\\/figurine-sasuke-sur-socle.jpg\",\"width\":500,\"height\":500,\"caption\":\"Figurine Sasuke Uchiwa\"},{\"@type\":\"BreadcrumbList\",\"@id\":\"https:\\\/\\\/repliquemangacine.fr\\\/de\\\/sammlerfiguren\\\/figurine-sasuke-uchiwa-naruto\\\/#breadcrumb\",\"itemListElement\":[{\"@type\":\"ListItem\",\"position\":1,\"name\":\"Accueil\",\"item\":\"https:\\\/\\\/repliquemangacine.fr\\\/\"},{\"@type\":\"ListItem\",\"position\":2,\"name\":\"Produits\",\"item\":\"https:\\\/\\\/repliquemangacine.fr\\\/boutique\\\/\"},{\"@type\":\"ListItem\",\"position\":3,\"name\":\"Figurine Sasuke Uchiwa Naruto\"}]},{\"@type\":\"WebSite\",\"@id\":\"https:\\\/\\\/repliquemangacine.fr\\\/#website\",\"url\":\"https:\\\/\\\/repliquemangacine.fr\\\/\",\"name\":\"R\u00e9plique Manga Cin\u00e9\",\"description\":\"\",\"publisher\":{\"@id\":\"https:\\\/\\\/repliquemangacine.fr\\\/#organization\"},\"potentialAction\":[{\"@type\":\"SearchAction\",\"target\":{\"@type\":\"EntryPoint\",\"urlTemplate\":\"https:\\\/\\\/repliquemangacine.fr\\\/?s={search_term_string}\"},\"query-input\":{\"@type\":\"PropertyValueSpecification\",\"valueRequired\":true,\"valueName\":\"search_term_string\"}}],\"inLanguage\":\"es\"},{\"@type\":\"Organization\",\"@id\":\"https:\\\/\\\/repliquemangacine.fr\\\/#organization\",\"name\":\"R\u00e9plique Manga Cin\u00e9\",\"url\":\"https:\\\/\\\/repliquemangacine.fr\\\/\",\"logo\":{\"@type\":\"ImageObject\",\"inLanguage\":\"es\",\"@id\":\"https:\\\/\\\/repliquemangacine.fr\\\/#\\\/schema\\\/logo\\\/image\\\/\",\"url\":\"https:\\\/\\\/repliquemangacine.fr\\\/wp-content\\\/uploads\\\/2023\\\/10\\\/RMC-500250.png\",\"contentUrl\":\"https:\\\/\\\/repliquemangacine.fr\\\/wp-content\\\/uploads\\\/2023\\\/10\\\/RMC-500250.png\",\"width\":500,\"height\":250,\"caption\":\"R\u00e9plique Manga Cin\u00e9\"},\"image\":{\"@id\":\"https:\\\/\\\/repliquemangacine.fr\\\/#\\\/schema\\\/logo\\\/image\\\/\"},\"sameAs\":[\"https:\\\/\\\/www.facebook.com\\\/RepliqueMangaCine\",\"https:\\\/\\\/www.instagram.com\\\/repliquemangacine.fr\\\/\"]}]}<\/script>\n<!-- \/ Yoast SEO plugin. -->","yoast_head_json":{"title":"Sasuke Uchiwa Naruto figura de acci\u00f3n - Naruto figura de acci\u00f3n | R\u00e9plique Manga Cin\u00e9","description":"Descubre nuestra figura de Sasuke Uchiwa al mejor precio. Todo en PVC. Viene en una caja de coleccionista con un soporte para sujetar la figura. Altura 25 cm","robots":{"index":"index","follow":"follow","max-snippet":"max-snippet:-1","max-image-preview":"max-image-preview:large","max-video-preview":"max-video-preview:-1"},"canonical":"https:\/\/repliquemangacine.fr\/es\/figuras-de-coleccion\/sasuke-uchiwa-naruto-estatuilla\/","og_locale":"es_ES","og_type":"article","og_title":"Figurine Sasuke Uchiwa Naruto - Figurine Naruto | R\u00e9plique Manga Cin\u00e9","og_description":"D\u00e9couvrez notre figurine Sasuke Uchiwa au meilleur prix. Tout en PVC. Livr\u00e9 dans sa boite collector avec support pour tenir la figurine. Hauteur 25 cm","og_url":"https:\/\/repliquemangacine.fr\/es\/figuras-de-coleccion\/sasuke-uchiwa-naruto-estatuilla\/","og_site_name":"R\u00e9plique Manga Cin\u00e9","article_publisher":"https:\/\/www.facebook.com\/RepliqueMangaCine","article_modified_time":"2025-09-23T16:03:23+00:00","og_image":[{"width":500,"height":500,"url":"https:\/\/repliquemangacine.fr\/wp-content\/uploads\/2023\/11\/figurine-sasuke-sur-socle.jpg","type":"image\/jpeg"}],"twitter_card":"summary_large_image","twitter_misc":{"Tiempo de lectura":"3 minutos"},"schema":{"@context":"https:\/\/schema.org","@graph":[{"@type":"WebPage","@id":"https:\/\/repliquemangacine.fr\/de\/sammlerfiguren\/figurine-sasuke-uchiwa-naruto\/","url":"https:\/\/repliquemangacine.fr\/de\/sammlerfiguren\/figurine-sasuke-uchiwa-naruto\/","name":"Sasuke Uchiwa Naruto figura de acci\u00f3n - Naruto figura de acci\u00f3n | R\u00e9plique Manga Cin\u00e9","isPartOf":{"@id":"https:\/\/repliquemangacine.fr\/#website"},"primaryImageOfPage":{"@id":"https:\/\/repliquemangacine.fr\/de\/sammlerfiguren\/figurine-sasuke-uchiwa-naruto\/#primaryimage"},"image":{"@id":"https:\/\/repliquemangacine.fr\/de\/sammlerfiguren\/figurine-sasuke-uchiwa-naruto\/#primaryimage"},"thumbnailUrl":"https:\/\/repliquemangacine.fr\/wp-content\/uploads\/2023\/11\/figurine-sasuke-sur-socle.jpg","datePublished":"2023-11-10T17:41:45+00:00","dateModified":"2025-09-23T16:03:23+00:00","description":"Descubre nuestra figura de Sasuke Uchiwa al mejor precio. Todo en PVC. Viene en una caja de coleccionista con un soporte para sujetar la figura. Altura 25 cm","breadcrumb":{"@id":"https:\/\/repliquemangacine.fr\/de\/sammlerfiguren\/figurine-sasuke-uchiwa-naruto\/#breadcrumb"},"inLanguage":"es","potentialAction":[{"@type":"ReadAction","target":["https:\/\/repliquemangacine.fr\/de\/sammlerfiguren\/figurine-sasuke-uchiwa-naruto\/"]}]},{"@type":"ImageObject","inLanguage":"es","@id":"https:\/\/repliquemangacine.fr\/de\/sammlerfiguren\/figurine-sasuke-uchiwa-naruto\/#primaryimage","url":"https:\/\/repliquemangacine.fr\/wp-content\/uploads\/2023\/11\/figurine-sasuke-sur-socle.jpg","contentUrl":"https:\/\/repliquemangacine.fr\/wp-content\/uploads\/2023\/11\/figurine-sasuke-sur-socle.jpg","width":500,"height":500,"caption":"Figurine Sasuke Uchiwa"},{"@type":"BreadcrumbList","@id":"https:\/\/repliquemangacine.fr\/de\/sammlerfiguren\/figurine-sasuke-uchiwa-naruto\/#breadcrumb","itemListElement":[{"@type":"ListItem","position":1,"name":"Accueil","item":"https:\/\/repliquemangacine.fr\/"},{"@type":"ListItem","position":2,"name":"Produits","item":"https:\/\/repliquemangacine.fr\/boutique\/"},{"@type":"ListItem","position":3,"name":"Figurine Sasuke Uchiwa Naruto"}]},{"@type":"WebSite","@id":"https:\/\/repliquemangacine.fr\/#website","url":"https:\/\/repliquemangacine.fr\/","name":"R\u00e9plique Manga Cin\u00e9","description":"","publisher":{"@id":"https:\/\/repliquemangacine.fr\/#organization"},"potentialAction":[{"@type":"SearchAction","target":{"@type":"EntryPoint","urlTemplate":"https:\/\/repliquemangacine.fr\/?s={search_term_string}"},"query-input":{"@type":"PropertyValueSpecification","valueRequired":true,"valueName":"search_term_string"}}],"inLanguage":"es"},{"@type":"Organization","@id":"https:\/\/repliquemangacine.fr\/#organization","name":"R\u00e9plique Manga Cin\u00e9","url":"https:\/\/repliquemangacine.fr\/","logo":{"@type":"ImageObject","inLanguage":"es","@id":"https:\/\/repliquemangacine.fr\/#\/schema\/logo\/image\/","url":"https:\/\/repliquemangacine.fr\/wp-content\/uploads\/2023\/10\/RMC-500250.png","contentUrl":"https:\/\/repliquemangacine.fr\/wp-content\/uploads\/2023\/10\/RMC-500250.png","width":500,"height":250,"caption":"R\u00e9plique Manga Cin\u00e9"},"image":{"@id":"https:\/\/repliquemangacine.fr\/#\/schema\/logo\/image\/"},"sameAs":["https:\/\/www.facebook.com\/RepliqueMangaCine","https:\/\/www.instagram.com\/repliquemangacine.fr\/"]}]}},"_links":{"self":[{"href":"https:\/\/repliquemangacine.fr\/es\/wp-json\/wp\/v2\/product\/65151","targetHints":{"allow":["GET"]}}],"collection":[{"href":"https:\/\/repliquemangacine.fr\/es\/wp-json\/wp\/v2\/product"}],"about":[{"href":"https:\/\/repliquemangacine.fr\/es\/wp-json\/wp\/v2\/types\/product"}],"wp:featuredmedia":[{"embeddable":true,"href":"https:\/\/repliquemangacine.fr\/es\/wp-json\/wp\/v2\/media\/65154"}],"wp:attachment":[{"href":"https:\/\/repliquemangacine.fr\/es\/wp-json\/wp\/v2\/media?parent=65151"}],"wp:term":[{"taxonomy":"product_brand","embeddable":true,"href":"https:\/\/repliquemangacine.fr\/es\/wp-json\/wp\/v2\/product_brand?post=65151"},{"taxonomy":"product_cat","embeddable":true,"href":"https:\/\/repliquemangacine.fr\/es\/wp-json\/wp\/v2\/product_cat?post=65151"},{"taxonomy":"product_tag","embeddable":true,"href":"https:\/\/repliquemangacine.fr\/es\/wp-json\/wp\/v2\/product_tag?post=65151"}],"curies":[{"name":"wp","href":"https:\/\/api.w.org\/{rel}","templated":true}]}}