





{"id":65062,"date":"2023-11-08T18:09:05","date_gmt":"2023-11-08T17:09:05","guid":{"rendered":"https:\/\/repliquemangacine.fr\/?post_type=product&#038;p=65062"},"modified":"2025-09-23T18:03:23","modified_gmt":"2025-09-23T16:03:23","slug":"saiyan-goku-dbz-estatuilla","status":"publish","type":"product","link":"https:\/\/repliquemangacine.fr\/es\/figurines-collector\/figurine-saiyan-goku-dbz\/","title":{"rendered":"Figura Saiyan Goku DBZ"},"content":{"rendered":"<h2>Figura del Saiyan Goku; el icono de Dragon Ball Z<\/h2>\n<p>Empieza por sumergirte en el coraz\u00f3n de la acci\u00f3n con el<strong> Figurita Saiyan Goku<\/strong>Esta estatuilla captura brillantemente el poder y la determinaci\u00f3n del legendario guerrero Saiyan, en su emblem\u00e1tica postura de combate. Esta estatuilla captura con brillantez el poder y la determinaci\u00f3n del legendario guerrero Saiyan, en su emblem\u00e1tica postura de combate. Cada detalle, desde su ardiente cabello hasta los pliegues de su uniforme de batalla, est\u00e1 fielmente reproducido. La estatuilla Dragon Ball Z Saiyan Goku es mucho m\u00e1s que un objeto de coleccionista.<\/p>\n<h3>Un legado Saiyan en tu sal\u00f3n<\/h3>\n<p>Es una celebraci\u00f3n del esp\u00edritu <a href=\"https:\/\/dragonball.fandom.com\/fr\/wiki\/Saiyans\" target=\"_blank\" rel=\"noopener noreferrer\">Saiyan<\/a>Es un homenaje al esp\u00edritu de lucha que todo fan de la serie lleva dentro. Con su impecable acabado y su din\u00e1mico dise\u00f1o, encarna la fuerza de Goku, listo para desatar un devastador Kamehameha. Sobre todo, no pierdas la oportunidad de poseer un pedazo de la historia del anime, donde se unen la pasi\u00f3n y la nostalgia.<\/p>\n<h2>Tu figura de acci\u00f3n de Saiyan Goku de calidad a un precio asequible<\/h2>\n<p>Entra en la arena de los Saiyans con nuestro <strong>Figurita Saiyan Goku<\/strong>Dragon Ball Z, una pieza de coleccionista que capta la esencia de Dragon Ball Z sin renunciar a la calidad ni al precio. Esta reproducci\u00f3n no oficial ofrece a los fans la oportunidad de poseer un pedazo de su anime favorito, encarnado en una estatuilla que ofrece una relaci\u00f3n calidad-precio inigualable.<\/p>\n<h3>Consigue lo mejor de Goku a un precio imbatible<\/h3>\n<p>Cabe se\u00f1alar que nuestro <strong>Figura Saiyan Goku<\/strong> Dragon Ball Z combina un precio asequible con una calidad excepcional. Esto la convierte en una elecci\u00f3n esencial para coleccionistas y fans de la serie. Experimenta el poder de Goku a trav\u00e9s de esta figura, dise\u00f1ada para aquellos que no quieren elegir entre una calidad superior y un presupuesto controlado. A\u00f1ade ya esta pieza a tu colecci\u00f3n y celebra el legado de Dragon Ball Z con un producto que hace honor a tu pasi\u00f3n.<\/p>\n<h2>R\u00e9plique Manga Cin\u00e9 : Su destino para las figuritas<\/h2>\n<p>En R\u00e9plique Manga Cin\u00e9, entendemos la expectaci\u00f3n que despiertan figuras ic\u00f3nicas como nuestro <strong>Figurita Saiyan Goku<\/strong> de Dragon Ball Z. Pero tambi\u00e9n <a href=\"https:\/\/repliquemangacine.fr\/es\/figuras-de-una-pieza\/\">Figuras de acci\u00f3n de One Piece<\/a>as\u00ed como <a href=\"https:\/\/repliquemangacine.fr\/es\/figuras-de-cazademonios\/\">Figuras de cazadores de demonios<\/a> pasando por Naruto.<\/p>\n<p>Por eso nos comprometemos a ofrecer m\u00e1s que simples r\u00e9plicas. Con una entrega r\u00e1pida en 24\/48 horas, un embalaje cuidado que garantiza la seguridad de tu preciado Saiyan durante el transporte y un pago seguro para tu total tranquilidad.<\/p>\n<h3>M\u00e1s que una figurita: servicio de calidad en R\u00e9plique Manga Cin\u00e9<\/h3>\n<p>En conclusi\u00f3n, usted se beneficia de una experiencia de cliente impecable desde el pedido hasta la entrega. D\u00e9jese transportar al mundo de Goku con la tranquilidad de un servicio de atenci\u00f3n al cliente que le acompa\u00f1a en todo momento. \u00a1A\u00f1ada hoy mismo esta pieza excepcional a su colecci\u00f3n!<\/p>","protected":false},"excerpt":{"rendered":"<p>Estatuilla de Super Saiyan Goku de Dragon Ball Z<\/p>\n<ul>\n<li>Todo PVC<\/li>\n<li>Con todo lujo de detalles<\/li>\n<li>Altura: 17 cm<\/li>\n<li>Se entrega con caja expositora<\/li>\n<li>No oficial<\/li>\n<\/ul>","protected":false},"featured_media":65063,"template":"","meta":[],"product_brand":[896],"product_cat":[831,94],"product_tag":[],"class_list":{"0":"post-65062","1":"product","2":"type-product","3":"status-publish","4":"has-post-thumbnail","6":"product_brand-replique-manga-cine","7":"product_cat-figurines-collector","8":"product_cat-goodies","10":"first","11":"instock","12":"taxable","13":"shipping-taxable","14":"purchasable","15":"product-type-simple"},"yoast_head":"<!-- This site is optimized with the Yoast SEO plugin v27.5 - https:\/\/yoast.com\/product\/yoast-seo-wordpress\/ -->\n<title>Figurine Saiyan Goku DBZ - Figurine Dragon Ball Z | R\u00e9plique Manga Cin\u00e9<\/title>\n<meta name=\"description\" content=\"D\u00e9couvrez la figurine Saiyan Goku dans Dragon Ball Z \u00e0 la qualit\u00e9 exceptionnelle, prix imbattable. Livraison rapide. Commandez maintenant !\" \/>\n<meta name=\"robots\" content=\"index, follow, max-snippet:-1, max-image-preview:large, max-video-preview:-1\" \/>\n<link rel=\"canonical\" href=\"https:\/\/repliquemangacine.fr\/es\/figuras-de-coleccion\/saiyan-goku-dbz-estatuilla\/\" \/>\n<meta property=\"og:locale\" content=\"es_ES\" \/>\n<meta property=\"og:type\" content=\"article\" \/>\n<meta property=\"og:title\" content=\"Figurine Saiyan Goku DBZ - Figurine Dragon Ball Z | R\u00e9plique Manga Cin\u00e9\" \/>\n<meta property=\"og:description\" content=\"D\u00e9couvrez la figurine Saiyan Goku dans Dragon Ball Z \u00e0 la qualit\u00e9 exceptionnelle, prix imbattable. Livraison rapide. Commandez maintenant !\" \/>\n<meta property=\"og:url\" content=\"https:\/\/repliquemangacine.fr\/es\/figuras-de-coleccion\/saiyan-goku-dbz-estatuilla\/\" \/>\n<meta property=\"og:site_name\" content=\"R\u00e9plique Manga Cin\u00e9\" \/>\n<meta property=\"article:publisher\" content=\"https:\/\/www.facebook.com\/RepliqueMangaCine\" \/>\n<meta property=\"article:modified_time\" content=\"2025-09-23T16:03:23+00:00\" \/>\n<meta property=\"og:image\" content=\"https:\/\/repliquemangacine.fr\/wp-content\/uploads\/2023\/11\/Figurine-Dragon-ball-Z.jpg\" \/>\n\t<meta property=\"og:image:width\" content=\"500\" \/>\n\t<meta property=\"og:image:height\" content=\"500\" \/>\n\t<meta property=\"og:image:type\" content=\"image\/jpeg\" \/>\n<meta name=\"twitter:card\" content=\"summary_large_image\" \/>\n<meta name=\"twitter:label1\" content=\"Tiempo de lectura\" \/>\n\t<meta name=\"twitter:data1\" content=\"3 minutos\" \/>\n<script type=\"application\/ld+json\" class=\"yoast-schema-graph\">{\"@context\":\"https:\\\/\\\/schema.org\",\"@graph\":[{\"@type\":\"WebPage\",\"@id\":\"https:\\\/\\\/repliquemangacine.fr\\\/en\\\/collectors-figurines\\\/saiyan-goku-dbz-figurine\\\/\",\"url\":\"https:\\\/\\\/repliquemangacine.fr\\\/en\\\/collectors-figurines\\\/saiyan-goku-dbz-figurine\\\/\",\"name\":\"Figurine Saiyan Goku DBZ - Figurine Dragon Ball Z | R\u00e9plique Manga Cin\u00e9\",\"isPartOf\":{\"@id\":\"https:\\\/\\\/repliquemangacine.fr\\\/#website\"},\"primaryImageOfPage\":{\"@id\":\"https:\\\/\\\/repliquemangacine.fr\\\/en\\\/collectors-figurines\\\/saiyan-goku-dbz-figurine\\\/#primaryimage\"},\"image\":{\"@id\":\"https:\\\/\\\/repliquemangacine.fr\\\/en\\\/collectors-figurines\\\/saiyan-goku-dbz-figurine\\\/#primaryimage\"},\"thumbnailUrl\":\"https:\\\/\\\/repliquemangacine.fr\\\/wp-content\\\/uploads\\\/2023\\\/11\\\/Figurine-Dragon-ball-Z.jpg\",\"datePublished\":\"2023-11-08T17:09:05+00:00\",\"dateModified\":\"2025-09-23T16:03:23+00:00\",\"description\":\"D\u00e9couvrez la figurine Saiyan Goku dans Dragon Ball Z \u00e0 la qualit\u00e9 exceptionnelle, prix imbattable. Livraison rapide. Commandez maintenant !\",\"breadcrumb\":{\"@id\":\"https:\\\/\\\/repliquemangacine.fr\\\/en\\\/collectors-figurines\\\/saiyan-goku-dbz-figurine\\\/#breadcrumb\"},\"inLanguage\":\"es\",\"potentialAction\":[{\"@type\":\"ReadAction\",\"target\":[\"https:\\\/\\\/repliquemangacine.fr\\\/en\\\/collectors-figurines\\\/saiyan-goku-dbz-figurine\\\/\"]}]},{\"@type\":\"ImageObject\",\"inLanguage\":\"es\",\"@id\":\"https:\\\/\\\/repliquemangacine.fr\\\/en\\\/collectors-figurines\\\/saiyan-goku-dbz-figurine\\\/#primaryimage\",\"url\":\"https:\\\/\\\/repliquemangacine.fr\\\/wp-content\\\/uploads\\\/2023\\\/11\\\/Figurine-Dragon-ball-Z.jpg\",\"contentUrl\":\"https:\\\/\\\/repliquemangacine.fr\\\/wp-content\\\/uploads\\\/2023\\\/11\\\/Figurine-Dragon-ball-Z.jpg\",\"width\":500,\"height\":500,\"caption\":\"Figurine Saiyan Goku DBZ\"},{\"@type\":\"BreadcrumbList\",\"@id\":\"https:\\\/\\\/repliquemangacine.fr\\\/en\\\/collectors-figurines\\\/saiyan-goku-dbz-figurine\\\/#breadcrumb\",\"itemListElement\":[{\"@type\":\"ListItem\",\"position\":1,\"name\":\"Accueil\",\"item\":\"https:\\\/\\\/repliquemangacine.fr\\\/\"},{\"@type\":\"ListItem\",\"position\":2,\"name\":\"Produits\",\"item\":\"https:\\\/\\\/repliquemangacine.fr\\\/boutique\\\/\"},{\"@type\":\"ListItem\",\"position\":3,\"name\":\"Figurine Saiyan Goku DBZ\"}]},{\"@type\":\"WebSite\",\"@id\":\"https:\\\/\\\/repliquemangacine.fr\\\/#website\",\"url\":\"https:\\\/\\\/repliquemangacine.fr\\\/\",\"name\":\"R\u00e9plique Manga Cin\u00e9\",\"description\":\"\",\"publisher\":{\"@id\":\"https:\\\/\\\/repliquemangacine.fr\\\/#organization\"},\"potentialAction\":[{\"@type\":\"SearchAction\",\"target\":{\"@type\":\"EntryPoint\",\"urlTemplate\":\"https:\\\/\\\/repliquemangacine.fr\\\/?s={search_term_string}\"},\"query-input\":{\"@type\":\"PropertyValueSpecification\",\"valueRequired\":true,\"valueName\":\"search_term_string\"}}],\"inLanguage\":\"es\"},{\"@type\":\"Organization\",\"@id\":\"https:\\\/\\\/repliquemangacine.fr\\\/#organization\",\"name\":\"R\u00e9plique Manga Cin\u00e9\",\"url\":\"https:\\\/\\\/repliquemangacine.fr\\\/\",\"logo\":{\"@type\":\"ImageObject\",\"inLanguage\":\"es\",\"@id\":\"https:\\\/\\\/repliquemangacine.fr\\\/#\\\/schema\\\/logo\\\/image\\\/\",\"url\":\"https:\\\/\\\/repliquemangacine.fr\\\/wp-content\\\/uploads\\\/2023\\\/10\\\/RMC-500250.png\",\"contentUrl\":\"https:\\\/\\\/repliquemangacine.fr\\\/wp-content\\\/uploads\\\/2023\\\/10\\\/RMC-500250.png\",\"width\":500,\"height\":250,\"caption\":\"R\u00e9plique Manga Cin\u00e9\"},\"image\":{\"@id\":\"https:\\\/\\\/repliquemangacine.fr\\\/#\\\/schema\\\/logo\\\/image\\\/\"},\"sameAs\":[\"https:\\\/\\\/www.facebook.com\\\/RepliqueMangaCine\",\"https:\\\/\\\/www.instagram.com\\\/repliquemangacine.fr\\\/\"]}]}<\/script>\n<!-- \/ Yoast SEO plugin. -->","yoast_head_json":{"title":"Saiyan Goku DBZ Figura - Dragon Ball Z Figura | R\u00e9plique Manga Cin\u00e9","description":"Descubre la figurita Saiyan Goku de Dragon Ball Z con su calidad excepcional y su precio imbatible. Entrega r\u00e1pida. \u00a1Haz tu pedido ahora !","robots":{"index":"index","follow":"follow","max-snippet":"max-snippet:-1","max-image-preview":"max-image-preview:large","max-video-preview":"max-video-preview:-1"},"canonical":"https:\/\/repliquemangacine.fr\/es\/figuras-de-coleccion\/saiyan-goku-dbz-estatuilla\/","og_locale":"es_ES","og_type":"article","og_title":"Figurine Saiyan Goku DBZ - Figurine Dragon Ball Z | R\u00e9plique Manga Cin\u00e9","og_description":"D\u00e9couvrez la figurine Saiyan Goku dans Dragon Ball Z \u00e0 la qualit\u00e9 exceptionnelle, prix imbattable. Livraison rapide. Commandez maintenant !","og_url":"https:\/\/repliquemangacine.fr\/es\/figuras-de-coleccion\/saiyan-goku-dbz-estatuilla\/","og_site_name":"R\u00e9plique Manga Cin\u00e9","article_publisher":"https:\/\/www.facebook.com\/RepliqueMangaCine","article_modified_time":"2025-09-23T16:03:23+00:00","og_image":[{"width":500,"height":500,"url":"https:\/\/repliquemangacine.fr\/wp-content\/uploads\/2023\/11\/Figurine-Dragon-ball-Z.jpg","type":"image\/jpeg"}],"twitter_card":"summary_large_image","twitter_misc":{"Tiempo de lectura":"3 minutos"},"schema":{"@context":"https:\/\/schema.org","@graph":[{"@type":"WebPage","@id":"https:\/\/repliquemangacine.fr\/en\/collectors-figurines\/saiyan-goku-dbz-figurine\/","url":"https:\/\/repliquemangacine.fr\/en\/collectors-figurines\/saiyan-goku-dbz-figurine\/","name":"Saiyan Goku DBZ Figura - Dragon Ball Z Figura | R\u00e9plique Manga Cin\u00e9","isPartOf":{"@id":"https:\/\/repliquemangacine.fr\/#website"},"primaryImageOfPage":{"@id":"https:\/\/repliquemangacine.fr\/en\/collectors-figurines\/saiyan-goku-dbz-figurine\/#primaryimage"},"image":{"@id":"https:\/\/repliquemangacine.fr\/en\/collectors-figurines\/saiyan-goku-dbz-figurine\/#primaryimage"},"thumbnailUrl":"https:\/\/repliquemangacine.fr\/wp-content\/uploads\/2023\/11\/Figurine-Dragon-ball-Z.jpg","datePublished":"2023-11-08T17:09:05+00:00","dateModified":"2025-09-23T16:03:23+00:00","description":"Descubre la figurita Saiyan Goku de Dragon Ball Z con su calidad excepcional y su precio imbatible. Entrega r\u00e1pida. \u00a1Haz tu pedido ahora !","breadcrumb":{"@id":"https:\/\/repliquemangacine.fr\/en\/collectors-figurines\/saiyan-goku-dbz-figurine\/#breadcrumb"},"inLanguage":"es","potentialAction":[{"@type":"ReadAction","target":["https:\/\/repliquemangacine.fr\/en\/collectors-figurines\/saiyan-goku-dbz-figurine\/"]}]},{"@type":"ImageObject","inLanguage":"es","@id":"https:\/\/repliquemangacine.fr\/en\/collectors-figurines\/saiyan-goku-dbz-figurine\/#primaryimage","url":"https:\/\/repliquemangacine.fr\/wp-content\/uploads\/2023\/11\/Figurine-Dragon-ball-Z.jpg","contentUrl":"https:\/\/repliquemangacine.fr\/wp-content\/uploads\/2023\/11\/Figurine-Dragon-ball-Z.jpg","width":500,"height":500,"caption":"Figurine Saiyan Goku DBZ"},{"@type":"BreadcrumbList","@id":"https:\/\/repliquemangacine.fr\/en\/collectors-figurines\/saiyan-goku-dbz-figurine\/#breadcrumb","itemListElement":[{"@type":"ListItem","position":1,"name":"Accueil","item":"https:\/\/repliquemangacine.fr\/"},{"@type":"ListItem","position":2,"name":"Produits","item":"https:\/\/repliquemangacine.fr\/boutique\/"},{"@type":"ListItem","position":3,"name":"Figurine Saiyan Goku DBZ"}]},{"@type":"WebSite","@id":"https:\/\/repliquemangacine.fr\/#website","url":"https:\/\/repliquemangacine.fr\/","name":"R\u00e9plique Manga Cin\u00e9","description":"","publisher":{"@id":"https:\/\/repliquemangacine.fr\/#organization"},"potentialAction":[{"@type":"SearchAction","target":{"@type":"EntryPoint","urlTemplate":"https:\/\/repliquemangacine.fr\/?s={search_term_string}"},"query-input":{"@type":"PropertyValueSpecification","valueRequired":true,"valueName":"search_term_string"}}],"inLanguage":"es"},{"@type":"Organization","@id":"https:\/\/repliquemangacine.fr\/#organization","name":"R\u00e9plique Manga Cin\u00e9","url":"https:\/\/repliquemangacine.fr\/","logo":{"@type":"ImageObject","inLanguage":"es","@id":"https:\/\/repliquemangacine.fr\/#\/schema\/logo\/image\/","url":"https:\/\/repliquemangacine.fr\/wp-content\/uploads\/2023\/10\/RMC-500250.png","contentUrl":"https:\/\/repliquemangacine.fr\/wp-content\/uploads\/2023\/10\/RMC-500250.png","width":500,"height":250,"caption":"R\u00e9plique Manga Cin\u00e9"},"image":{"@id":"https:\/\/repliquemangacine.fr\/#\/schema\/logo\/image\/"},"sameAs":["https:\/\/www.facebook.com\/RepliqueMangaCine","https:\/\/www.instagram.com\/repliquemangacine.fr\/"]}]}},"_links":{"self":[{"href":"https:\/\/repliquemangacine.fr\/es\/wp-json\/wp\/v2\/product\/65062","targetHints":{"allow":["GET"]}}],"collection":[{"href":"https:\/\/repliquemangacine.fr\/es\/wp-json\/wp\/v2\/product"}],"about":[{"href":"https:\/\/repliquemangacine.fr\/es\/wp-json\/wp\/v2\/types\/product"}],"wp:featuredmedia":[{"embeddable":true,"href":"https:\/\/repliquemangacine.fr\/es\/wp-json\/wp\/v2\/media\/65063"}],"wp:attachment":[{"href":"https:\/\/repliquemangacine.fr\/es\/wp-json\/wp\/v2\/media?parent=65062"}],"wp:term":[{"taxonomy":"product_brand","embeddable":true,"href":"https:\/\/repliquemangacine.fr\/es\/wp-json\/wp\/v2\/product_brand?post=65062"},{"taxonomy":"product_cat","embeddable":true,"href":"https:\/\/repliquemangacine.fr\/es\/wp-json\/wp\/v2\/product_cat?post=65062"},{"taxonomy":"product_tag","embeddable":true,"href":"https:\/\/repliquemangacine.fr\/es\/wp-json\/wp\/v2\/product_tag?post=65062"}],"curies":[{"name":"wp","href":"https:\/\/api.w.org\/{rel}","templated":true}]}}