





{"id":64875,"date":"2025-11-19T15:23:42","date_gmt":"2025-11-19T14:23:42","guid":{"rendered":"https:\/\/repliquemangacine.fr\/?post_type=product&#038;p=64875"},"modified":"2025-11-19T15:23:42","modified_gmt":"2025-11-19T14:23:42","slug":"figura-luffy-gear-4","status":"publish","type":"product","link":"https:\/\/repliquemangacine.fr\/es\/figurines-one-piece\/figurine-luffy-gear-4\/","title":{"rendered":"Luffy Gear 4 figura de acci\u00f3n"},"content":{"rendered":"<h2>Luffy Gear 4 One Piece figura de acci\u00f3n<\/h2>\n<p>Empieza por sumergirte en el apasionante mundo de One Piece con el <strong>Luffy Gear 4 figura de acci\u00f3n<\/strong>. Este excepcional objeto de colecci\u00f3n captura el esp\u00edritu aventurero y el poder sin igual de Monkey D. Luffy.<br \/>\nen su impresionante forma de la t\u00e9cnica Gear 4. Realizada con una minuciosa atenci\u00f3n al detalle, esta pieza ilustra a la perfecci\u00f3n la determinaci\u00f3n y la fuerza del famoso pirata.<\/p>\n<p>Le <a href=\"https:\/\/onepiece.fandom.com\/fr\/wiki\/Gomu_Gomu_no_Mi\/Gear_Fourth_Techniques#Gear_Fourth_Boundman\" target=\"_blank\" rel=\"noopener noreferrer\">Engranaje 4<\/a>, Este es el nombre de una t\u00e9cnica de lucha utilizada por Monkey D. Luffy que apareci\u00f3 por primera vez en su combate contra Doflamingo. Desarrollada por Luffy durante su entrenamiento en Rusukaina.<\/p>\n<h3>El poder de Luffy plasmado en una estatuilla<\/h3>\n<p>Tanto si eres un fan incondicional como si acabas de entrar en el mundo de los piratas, esta figura es imprescindible. No solo captura la esencia de Luffy,<br \/>\nSe impone como un s\u00edmbolo de tu pasi\u00f3n por la aventura y la animaci\u00f3n japonesa.<\/p>\n<h2>Figura de acci\u00f3n Luffy Gear 4 con la mejor relaci\u00f3n calidad-precio<\/h2>\n<p>Para los fans de One Piece en busca de un tesoro \u00fanico, nuestro <strong>Figura Luffy Gear 4<\/strong> no oficial representa la mejor relaci\u00f3n calidad\/precio disponible en el mercado.<br \/>\nCabe destacar que cada detalle de esta pieza ha sido cuidadosamente dise\u00f1ado para capturar el esp\u00edritu rebelde y la fuerza de car\u00e1cter de Monkey D. Luffy, el capit\u00e1n del sombrero de paja.<\/p>\n<p>Nuestra figura no oficial de Luffy destaca por su excelente acabado y su precio asequible, lo que la convierte en imprescindible para coleccionistas y aficionados.<\/p>\n<h3>Excelencia y accesibilidad en una estatuilla \u00fanica<\/h3>\n<p>Tanto si desea regalar esta figura como a\u00f1adirla a su propia colecci\u00f3n, ser\u00e1 una adquisici\u00f3n de la que no se arrepentir\u00e1, ya que refleja su pasi\u00f3n por la \u00e9pica aventura de Luffy.<br \/>\ny su tripulaci\u00f3n. Con su calidad superior y su precio competitivo, promete ser la joya de su colecci\u00f3n sin arruinarle.<\/p>\n<h2>Invierta en una moneda de colecci\u00f3n de One Piece<\/h2>\n<p>Invertir en nuestro <strong>Figura Luffy Gear 4<\/strong> No oficial, es elegir una pieza de colecci\u00f3n excepcional que trascienda los simples objetos de fan.<\/p>\n<p>Pero no te detengas ah\u00ed, descubre nuestros otros modelos de figuras de One Piece para completar tu colecci\u00f3n con los personajes emblem\u00e1ticos del universo creado por Eiichiro Oda.<\/p>\n<p>En primer lugar:<\/p>\n<ul>\n<li>La <a href=\"https:\/\/repliquemangacine.fr\/es\/figuritas\/figurita-zoro-one-piece\/\">Estatuilla de Zoro<\/a> con sus tres espadas<\/li>\n<li>As\u00ed como el <a href=\"https:\/\/repliquemangacine.fr\/es\/figuritas\/figurita-de-una-pieza-de-la-ley-de-trafalgar\/\">Figurita de la Ley de Trafalgar<\/a> con su gran katana<\/li>\n<li>Y muchos m\u00e1s en nuestra tienda en l\u00ednea<\/li>\n<\/ul>\n<p>En conclusi\u00f3n, haz tu pedido ahora mismo para beneficiarte de una oferta exclusiva y comenzar o ampliar tu colecci\u00f3n con la figura no oficial de Luffy.<br \/>\nCabe destacar que la disponibilidad de esta pieza excepcional es limitada. As\u00ed que no pierdas la oportunidad de hacerte con un fragmento de la saga One Piece.<\/p>","protected":false},"excerpt":{"rendered":"<p>Magn\u00edfica figura de Luffy Gear 4 en One Piece<\/p>\n<ul>\n<li>Todo PVC<\/li>\n<li>Detalles impresionantes<\/li>\n<li>Ayuda<\/li>\n<li>Altura: 25 cm<\/li>\n<li>Viene con caja de coleccionista<\/li>\n<\/ul>","protected":false},"featured_media":64877,"template":"","meta":[],"product_brand":[896],"product_cat":[831,124,94,23,36],"product_tag":[],"class_list":{"0":"post-64875","1":"product","2":"type-product","3":"status-publish","4":"has-post-thumbnail","6":"product_brand-replique-manga-cine","7":"product_cat-figurines-collector","8":"product_cat-figurines-one-piece","9":"product_cat-goodies","10":"product_cat-repliques-manga-jeux-video","11":"product_cat-katana-one-piece","13":"first","14":"instock","15":"taxable","16":"shipping-taxable","17":"purchasable","18":"product-type-simple"},"yoast_head":"<!-- This site is optimized with the Yoast SEO plugin v27.4 - https:\/\/yoast.com\/product\/yoast-seo-wordpress\/ -->\n<title>Figurine Luffy Gear 4 - Figurine One Piece | R\u00e9plique Manga Cin\u00e9<\/title>\n<meta name=\"description\" content=\"Commandez la Figurine Luffy Gear 4 au meilleur prix. Qualit\u00e9 sup\u00e9rieure, d\u00e9tails pr\u00e9cis \u2013 un must pour les fans de One Piece. Commandez maintenant\u202f!\" \/>\n<meta name=\"robots\" content=\"index, follow, max-snippet:-1, max-image-preview:large, max-video-preview:-1\" \/>\n<link rel=\"canonical\" href=\"https:\/\/repliquemangacine.fr\/es\/figuras-de-una-pieza\/figura-luffy-gear-4\/\" \/>\n<meta property=\"og:locale\" content=\"es_ES\" \/>\n<meta property=\"og:type\" content=\"article\" \/>\n<meta property=\"og:title\" content=\"Figurine Luffy Gear 4 - Figurine One Piece | R\u00e9plique Manga Cin\u00e9\" \/>\n<meta property=\"og:description\" content=\"Commandez la Figurine Luffy Gear 4 au meilleur prix. Qualit\u00e9 sup\u00e9rieure, d\u00e9tails pr\u00e9cis \u2013 un must pour les fans de One Piece. Commandez maintenant\u202f!\" \/>\n<meta property=\"og:url\" content=\"https:\/\/repliquemangacine.fr\/es\/figuras-de-una-pieza\/figura-luffy-gear-4\/\" \/>\n<meta property=\"og:site_name\" content=\"R\u00e9plique Manga Cin\u00e9\" \/>\n<meta property=\"article:publisher\" content=\"https:\/\/www.facebook.com\/RepliqueMangaCine\" \/>\n<meta property=\"og:image\" content=\"https:\/\/repliquemangacine.fr\/wp-content\/uploads\/2023\/11\/Figurine-Luffy-One-Piece.jpg\" \/>\n\t<meta property=\"og:image:width\" content=\"500\" \/>\n\t<meta property=\"og:image:height\" content=\"500\" \/>\n\t<meta property=\"og:image:type\" content=\"image\/jpeg\" \/>\n<meta name=\"twitter:card\" content=\"summary_large_image\" \/>\n<meta name=\"twitter:label1\" content=\"Tiempo de lectura\" \/>\n\t<meta name=\"twitter:data1\" content=\"3 minutos\" \/>\n<script type=\"application\/ld+json\" class=\"yoast-schema-graph\">{\"@context\":\"https:\\\/\\\/schema.org\",\"@graph\":[{\"@type\":\"WebPage\",\"@id\":\"https:\\\/\\\/repliquemangacine.fr\\\/figurines-one-piece\\\/figurine-luffy-gear-4\\\/\",\"url\":\"https:\\\/\\\/repliquemangacine.fr\\\/figurines-one-piece\\\/figurine-luffy-gear-4\\\/\",\"name\":\"Figurine Luffy Gear 4 - Figurine One Piece | R\u00e9plique Manga Cin\u00e9\",\"isPartOf\":{\"@id\":\"https:\\\/\\\/repliquemangacine.fr\\\/#website\"},\"primaryImageOfPage\":{\"@id\":\"https:\\\/\\\/repliquemangacine.fr\\\/figurines-one-piece\\\/figurine-luffy-gear-4\\\/#primaryimage\"},\"image\":{\"@id\":\"https:\\\/\\\/repliquemangacine.fr\\\/figurines-one-piece\\\/figurine-luffy-gear-4\\\/#primaryimage\"},\"thumbnailUrl\":\"https:\\\/\\\/repliquemangacine.fr\\\/wp-content\\\/uploads\\\/2023\\\/11\\\/Figurine-Luffy-One-Piece.jpg\",\"datePublished\":\"2025-11-19T14:23:42+00:00\",\"description\":\"Commandez la Figurine Luffy Gear 4 au meilleur prix. Qualit\u00e9 sup\u00e9rieure, d\u00e9tails pr\u00e9cis \u2013 un must pour les fans de One Piece. Commandez maintenant\u202f!\",\"breadcrumb\":{\"@id\":\"https:\\\/\\\/repliquemangacine.fr\\\/figurines-one-piece\\\/figurine-luffy-gear-4\\\/#breadcrumb\"},\"inLanguage\":\"es\",\"potentialAction\":[{\"@type\":\"ReadAction\",\"target\":[\"https:\\\/\\\/repliquemangacine.fr\\\/figurines-one-piece\\\/figurine-luffy-gear-4\\\/\"]}]},{\"@type\":\"ImageObject\",\"inLanguage\":\"es\",\"@id\":\"https:\\\/\\\/repliquemangacine.fr\\\/figurines-one-piece\\\/figurine-luffy-gear-4\\\/#primaryimage\",\"url\":\"https:\\\/\\\/repliquemangacine.fr\\\/wp-content\\\/uploads\\\/2023\\\/11\\\/Figurine-Luffy-One-Piece.jpg\",\"contentUrl\":\"https:\\\/\\\/repliquemangacine.fr\\\/wp-content\\\/uploads\\\/2023\\\/11\\\/Figurine-Luffy-One-Piece.jpg\",\"width\":500,\"height\":500,\"caption\":\"Figurine Luffy Gear 4 One piece\"},{\"@type\":\"BreadcrumbList\",\"@id\":\"https:\\\/\\\/repliquemangacine.fr\\\/figurines-one-piece\\\/figurine-luffy-gear-4\\\/#breadcrumb\",\"itemListElement\":[{\"@type\":\"ListItem\",\"position\":1,\"name\":\"Accueil\",\"item\":\"https:\\\/\\\/repliquemangacine.fr\\\/\"},{\"@type\":\"ListItem\",\"position\":2,\"name\":\"Produits\",\"item\":\"https:\\\/\\\/repliquemangacine.fr\\\/boutique\\\/\"},{\"@type\":\"ListItem\",\"position\":3,\"name\":\"Figurine Luffy Gear 4\"}]},{\"@type\":\"WebSite\",\"@id\":\"https:\\\/\\\/repliquemangacine.fr\\\/#website\",\"url\":\"https:\\\/\\\/repliquemangacine.fr\\\/\",\"name\":\"R\u00e9plique Manga Cin\u00e9\",\"description\":\"\",\"publisher\":{\"@id\":\"https:\\\/\\\/repliquemangacine.fr\\\/#organization\"},\"potentialAction\":[{\"@type\":\"SearchAction\",\"target\":{\"@type\":\"EntryPoint\",\"urlTemplate\":\"https:\\\/\\\/repliquemangacine.fr\\\/?s={search_term_string}\"},\"query-input\":{\"@type\":\"PropertyValueSpecification\",\"valueRequired\":true,\"valueName\":\"search_term_string\"}}],\"inLanguage\":\"es\"},{\"@type\":\"Organization\",\"@id\":\"https:\\\/\\\/repliquemangacine.fr\\\/#organization\",\"name\":\"R\u00e9plique Manga Cin\u00e9\",\"url\":\"https:\\\/\\\/repliquemangacine.fr\\\/\",\"logo\":{\"@type\":\"ImageObject\",\"inLanguage\":\"es\",\"@id\":\"https:\\\/\\\/repliquemangacine.fr\\\/#\\\/schema\\\/logo\\\/image\\\/\",\"url\":\"https:\\\/\\\/repliquemangacine.fr\\\/wp-content\\\/uploads\\\/2023\\\/10\\\/RMC-500250.png\",\"contentUrl\":\"https:\\\/\\\/repliquemangacine.fr\\\/wp-content\\\/uploads\\\/2023\\\/10\\\/RMC-500250.png\",\"width\":500,\"height\":250,\"caption\":\"R\u00e9plique Manga Cin\u00e9\"},\"image\":{\"@id\":\"https:\\\/\\\/repliquemangacine.fr\\\/#\\\/schema\\\/logo\\\/image\\\/\"},\"sameAs\":[\"https:\\\/\\\/www.facebook.com\\\/RepliqueMangaCine\",\"https:\\\/\\\/www.instagram.com\\\/repliquemangacine.fr\\\/\"]}]}<\/script>\n<!-- \/ Yoast SEO plugin. -->","yoast_head_json":{"title":"Luffy Gear 4 figura de acci\u00f3n - One Piece figura de acci\u00f3n | R\u00e9plique Manga Cin\u00e9","description":"Pida la figura de acci\u00f3n Luffy Gear 4 al mejor precio. M\u00e1xima calidad, detalles precisos: imprescindible para los fans de One Piece. \u00a1P\u00eddelo ya!","robots":{"index":"index","follow":"follow","max-snippet":"max-snippet:-1","max-image-preview":"max-image-preview:large","max-video-preview":"max-video-preview:-1"},"canonical":"https:\/\/repliquemangacine.fr\/es\/figuras-de-una-pieza\/figura-luffy-gear-4\/","og_locale":"es_ES","og_type":"article","og_title":"Figurine Luffy Gear 4 - Figurine One Piece | R\u00e9plique Manga Cin\u00e9","og_description":"Commandez la Figurine Luffy Gear 4 au meilleur prix. Qualit\u00e9 sup\u00e9rieure, d\u00e9tails pr\u00e9cis \u2013 un must pour les fans de One Piece. Commandez maintenant\u202f!","og_url":"https:\/\/repliquemangacine.fr\/es\/figuras-de-una-pieza\/figura-luffy-gear-4\/","og_site_name":"R\u00e9plique Manga Cin\u00e9","article_publisher":"https:\/\/www.facebook.com\/RepliqueMangaCine","og_image":[{"width":500,"height":500,"url":"https:\/\/repliquemangacine.fr\/wp-content\/uploads\/2023\/11\/Figurine-Luffy-One-Piece.jpg","type":"image\/jpeg"}],"twitter_card":"summary_large_image","twitter_misc":{"Tiempo de lectura":"3 minutos"},"schema":{"@context":"https:\/\/schema.org","@graph":[{"@type":"WebPage","@id":"https:\/\/repliquemangacine.fr\/figurines-one-piece\/figurine-luffy-gear-4\/","url":"https:\/\/repliquemangacine.fr\/figurines-one-piece\/figurine-luffy-gear-4\/","name":"Luffy Gear 4 figura de acci\u00f3n - One Piece figura de acci\u00f3n | R\u00e9plique Manga Cin\u00e9","isPartOf":{"@id":"https:\/\/repliquemangacine.fr\/#website"},"primaryImageOfPage":{"@id":"https:\/\/repliquemangacine.fr\/figurines-one-piece\/figurine-luffy-gear-4\/#primaryimage"},"image":{"@id":"https:\/\/repliquemangacine.fr\/figurines-one-piece\/figurine-luffy-gear-4\/#primaryimage"},"thumbnailUrl":"https:\/\/repliquemangacine.fr\/wp-content\/uploads\/2023\/11\/Figurine-Luffy-One-Piece.jpg","datePublished":"2025-11-19T14:23:42+00:00","description":"Pida la figura de acci\u00f3n Luffy Gear 4 al mejor precio. M\u00e1xima calidad, detalles precisos: imprescindible para los fans de One Piece. \u00a1P\u00eddelo ya!","breadcrumb":{"@id":"https:\/\/repliquemangacine.fr\/figurines-one-piece\/figurine-luffy-gear-4\/#breadcrumb"},"inLanguage":"es","potentialAction":[{"@type":"ReadAction","target":["https:\/\/repliquemangacine.fr\/figurines-one-piece\/figurine-luffy-gear-4\/"]}]},{"@type":"ImageObject","inLanguage":"es","@id":"https:\/\/repliquemangacine.fr\/figurines-one-piece\/figurine-luffy-gear-4\/#primaryimage","url":"https:\/\/repliquemangacine.fr\/wp-content\/uploads\/2023\/11\/Figurine-Luffy-One-Piece.jpg","contentUrl":"https:\/\/repliquemangacine.fr\/wp-content\/uploads\/2023\/11\/Figurine-Luffy-One-Piece.jpg","width":500,"height":500,"caption":"Figurine Luffy Gear 4 One piece"},{"@type":"BreadcrumbList","@id":"https:\/\/repliquemangacine.fr\/figurines-one-piece\/figurine-luffy-gear-4\/#breadcrumb","itemListElement":[{"@type":"ListItem","position":1,"name":"Accueil","item":"https:\/\/repliquemangacine.fr\/"},{"@type":"ListItem","position":2,"name":"Produits","item":"https:\/\/repliquemangacine.fr\/boutique\/"},{"@type":"ListItem","position":3,"name":"Figurine Luffy Gear 4"}]},{"@type":"WebSite","@id":"https:\/\/repliquemangacine.fr\/#website","url":"https:\/\/repliquemangacine.fr\/","name":"R\u00e9plique Manga Cin\u00e9","description":"","publisher":{"@id":"https:\/\/repliquemangacine.fr\/#organization"},"potentialAction":[{"@type":"SearchAction","target":{"@type":"EntryPoint","urlTemplate":"https:\/\/repliquemangacine.fr\/?s={search_term_string}"},"query-input":{"@type":"PropertyValueSpecification","valueRequired":true,"valueName":"search_term_string"}}],"inLanguage":"es"},{"@type":"Organization","@id":"https:\/\/repliquemangacine.fr\/#organization","name":"R\u00e9plique Manga Cin\u00e9","url":"https:\/\/repliquemangacine.fr\/","logo":{"@type":"ImageObject","inLanguage":"es","@id":"https:\/\/repliquemangacine.fr\/#\/schema\/logo\/image\/","url":"https:\/\/repliquemangacine.fr\/wp-content\/uploads\/2023\/10\/RMC-500250.png","contentUrl":"https:\/\/repliquemangacine.fr\/wp-content\/uploads\/2023\/10\/RMC-500250.png","width":500,"height":250,"caption":"R\u00e9plique Manga Cin\u00e9"},"image":{"@id":"https:\/\/repliquemangacine.fr\/#\/schema\/logo\/image\/"},"sameAs":["https:\/\/www.facebook.com\/RepliqueMangaCine","https:\/\/www.instagram.com\/repliquemangacine.fr\/"]}]}},"_links":{"self":[{"href":"https:\/\/repliquemangacine.fr\/es\/wp-json\/wp\/v2\/product\/64875","targetHints":{"allow":["GET"]}}],"collection":[{"href":"https:\/\/repliquemangacine.fr\/es\/wp-json\/wp\/v2\/product"}],"about":[{"href":"https:\/\/repliquemangacine.fr\/es\/wp-json\/wp\/v2\/types\/product"}],"wp:featuredmedia":[{"embeddable":true,"href":"https:\/\/repliquemangacine.fr\/es\/wp-json\/wp\/v2\/media\/64877"}],"wp:attachment":[{"href":"https:\/\/repliquemangacine.fr\/es\/wp-json\/wp\/v2\/media?parent=64875"}],"wp:term":[{"taxonomy":"product_brand","embeddable":true,"href":"https:\/\/repliquemangacine.fr\/es\/wp-json\/wp\/v2\/product_brand?post=64875"},{"taxonomy":"product_cat","embeddable":true,"href":"https:\/\/repliquemangacine.fr\/es\/wp-json\/wp\/v2\/product_cat?post=64875"},{"taxonomy":"product_tag","embeddable":true,"href":"https:\/\/repliquemangacine.fr\/es\/wp-json\/wp\/v2\/product_tag?post=64875"}],"curies":[{"name":"wp","href":"https:\/\/api.w.org\/{rel}","templated":true}]}}