





{"id":64788,"date":"2023-11-03T19:16:41","date_gmt":"2023-11-03T18:16:41","guid":{"rendered":"https:\/\/repliquemangacine.fr\/?post_type=product&#038;p=64788"},"modified":"2026-03-11T08:15:18","modified_gmt":"2026-03-11T07:15:18","slug":"daga-dragon-doble-fantasia","status":"publish","type":"product","link":"https:\/\/repliquemangacine.fr\/es\/epees-et-dagues-fantasy\/dague-double-fantasy-dragon\/","title":{"rendered":"Daga doble Fantasy Dragon"},"content":{"rendered":"<h2>Daga decorativa doble Fantasy Dragon.<\/h2>\n<p>Para empezar, la Daga Doble Drag\u00f3n Fantas\u00eda, sublime para su decoraci\u00f3n interior.<\/p>\n<p>La fantas\u00eda, g\u00e9nero art\u00edstico que representa fen\u00f3menos sobrenaturales imaginarios, a menudo asociados con el mito o el uso de la magia.<\/p>\n<p>En el cine, la primera <a href=\"https:\/\/fr.wikipedia.org\/wiki\/Fantasy\">fantas\u00eda<\/a> se remontan a los dibujos animados de Disney adaptados de cuentos de hadas, o a El Mago de Oz. Pero las primeras pel\u00edculas de fantas\u00eda propiamente dichas llegaron a las pantallas en los a\u00f1os 70-80, con Conan el B\u00e1rbaro.<\/p>\n<p>La fantas\u00eda en el cine est\u00e1 viviendo un espectacular resurgimiento con El se\u00f1or de los anillos, adaptaci\u00f3n del cl\u00e1sico de Tolkien, cuyo cuidado universo visual y su \u00e9pico aliento confieren a las pel\u00edculas de fantas\u00eda una nueva dimensi\u00f3n.<\/p>\n<h2>Tu Daga Doble Fantasy Dragon al mejor precio.<\/h2>\n<p>Le ofrecemos una amplia selecci\u00f3n de r\u00e9plicas del g\u00e9nero art\u00edstico Fantasy.<\/p>\n<p>Lo primero y m\u00e1s importante,<\/p>\n<ul>\n<li>El magn\u00edfico <a href=\"https:\/\/repliquemangacine.fr\/es\/espadas-y-dagas-de-fantasia\/daga-escorpion-de-plata-daga-de-fantasia\/\">daga escorpi\u00f3n<\/a> de oro y plata con el mango en forma de cola de escorpi\u00f3n.<\/li>\n<li>As\u00ed como el <a href=\"https:\/\/repliquemangacine.fr\/es\/espadas-y-dagas-de-fantasia\/daga-escorpion-fantasia\/\">daga Fantas\u00eda oscura Escorpi\u00f3n<\/a> con su hoja grabada.<\/li>\n<li>Tambi\u00e9n est\u00e1 lo sublime <a href=\"https:\/\/repliquemangacine.fr\/es\/espadas-y-dagas-de-fantasia\/dague-poignard-kit-rae-dague-de-decoration\/\">daga Kit Rae<\/a> y su soporte de presentaci\u00f3n.<\/li>\n<li>Y muchos m\u00e1s por descubrir en nuestra tienda en l\u00ednea.<\/li>\n<\/ul>\n<p>Por eso, esta es una magn\u00edfica idea de regalo para todos los apasionados del Dark Fantasy.<\/p>\n<p>En conclusi\u00f3n, tambi\u00e9n puede utilizar esta Daga Doble Drag\u00f3n Fantas\u00eda para su decoraci\u00f3n interior. Pero, sobre todo, es una pieza de coleccionista y una pieza decorativa.<\/p>\n<p>R\u00e9plique Manga Cin\u00e9 es una empresa familiar francesa.<\/p>\n<h2>\u00bfC\u00f3mo mantengo la hoja de mi daga?<\/h2>\n<p>Las dagas de colecci\u00f3n y decorativas se fabrican y ensamblan de forma simplificada. Como su uso es decorativo, no cuentan con los elementos de seguridad exigidos para un sable japon\u00e9s destinado al entrenamiento.<\/p>\n<p>Sin embargo, tu Daga Drag\u00f3n Doble Fantas\u00eda tiene una hoja de acero que hay que mantener para evitar que se estropee con el tiempo. Cuando expongas tu daga, tus amigos sentir\u00e1n curiosidad por ver la hoja y tocarla. Aqu\u00ed es donde debes tener cuidado, ya que la acidez de los dedos es muy perjudicial para el acero, sea cual sea su calidad.<\/p>\n<p>Sin embargo, si esto ocurre, no te asustes, simplemente utiliza un pa\u00f1o humedecido con un poco de aceite y limpia las huellas dactilares. Si haces esto, tu daga durar\u00e1 mucho tiempo.<\/p>","protected":false},"excerpt":{"rendered":"<p>Fant\u00e1stica daga con doble decoraci\u00f3n de drag\u00f3n.<\/p>\n<ul>\n<li>Este set incluye dos dagas de drag\u00f3n enfrentadas.<\/li>\n<li>Hojas de acero 440.<\/li>\n<li>Dragones de acero fundido.<\/li>\n<li>Parte del cuerpo es de ABS para formar el mango.<\/li>\n<li>Se entrega con soporte de presentaci\u00f3n.<\/li>\n<li>Tama\u00f1o: 30 cm<\/li>\n<\/ul>","protected":false},"featured_media":64055,"template":"","meta":[],"product_brand":[],"product_cat":[44,26],"product_tag":[],"class_list":{"0":"post-64788","1":"product","2":"type-product","3":"status-publish","4":"has-post-thumbnail","6":"product_cat-epees-et-dagues-fantasy","7":"product_cat-katana-epee","9":"first","10":"instock","11":"taxable","12":"shipping-taxable","13":"purchasable","14":"product-type-variable"},"yoast_head":"<!-- This site is optimized with the Yoast SEO plugin v27.5 - https:\/\/yoast.com\/product\/yoast-seo-wordpress\/ -->\n<title>Dague double Fantasy Dragon | R\u00e9plique Manga Cin\u00e9<\/title>\n<meta name=\"description\" content=\"Offre-lui ! Cette Dague double Fantasy Dragon au meilleur prix - Lame en acier 440 - Poign\u00e9e dragon - Support pr\u00e9sentation - Longueur : 30 cm env.\" \/>\n<meta name=\"robots\" content=\"index, follow, max-snippet:-1, max-image-preview:large, max-video-preview:-1\" \/>\n<link rel=\"canonical\" href=\"https:\/\/repliquemangacine.fr\/es\/espadas-y-dagas-de-fantasia\/daga-dragon-doble-fantasia\/\" \/>\n<meta property=\"og:locale\" content=\"es_ES\" \/>\n<meta property=\"og:type\" content=\"article\" \/>\n<meta property=\"og:title\" content=\"Dague double Fantasy Dragon | R\u00e9plique Manga Cin\u00e9\" \/>\n<meta property=\"og:description\" content=\"Offre-lui ! Cette Dague double Fantasy Dragon au meilleur prix - Lame en acier 440 - Poign\u00e9e dragon - Support pr\u00e9sentation - Longueur : 30 cm env.\" \/>\n<meta property=\"og:url\" content=\"https:\/\/repliquemangacine.fr\/es\/espadas-y-dagas-de-fantasia\/daga-dragon-doble-fantasia\/\" \/>\n<meta property=\"og:site_name\" content=\"R\u00e9plique Manga Cin\u00e9\" \/>\n<meta property=\"article:publisher\" content=\"https:\/\/www.facebook.com\/RepliqueMangaCine\" \/>\n<meta property=\"article:modified_time\" content=\"2026-03-11T07:15:18+00:00\" \/>\n<meta property=\"og:image\" content=\"https:\/\/repliquemangacine.fr\/wp-content\/uploads\/2023\/10\/1772-Dague-fantasy-double-dragon-1.jpg\" \/>\n\t<meta property=\"og:image:width\" content=\"600\" \/>\n\t<meta property=\"og:image:height\" content=\"600\" \/>\n\t<meta property=\"og:image:type\" content=\"image\/jpeg\" \/>\n<meta name=\"twitter:card\" content=\"summary_large_image\" \/>\n<meta name=\"twitter:label1\" content=\"Tiempo de lectura\" \/>\n\t<meta name=\"twitter:data1\" content=\"3 minutos\" \/>\n<script type=\"application\/ld+json\" class=\"yoast-schema-graph\">{\"@context\":\"https:\\\/\\\/schema.org\",\"@graph\":[{\"@type\":\"WebPage\",\"@id\":\"https:\\\/\\\/repliquemangacine.fr\\\/epees-et-dagues-fantasy\\\/dague-double-fantasy-dragon\\\/\",\"url\":\"https:\\\/\\\/repliquemangacine.fr\\\/epees-et-dagues-fantasy\\\/dague-double-fantasy-dragon\\\/\",\"name\":\"Dague double Fantasy Dragon | R\u00e9plique Manga Cin\u00e9\",\"isPartOf\":{\"@id\":\"https:\\\/\\\/repliquemangacine.fr\\\/#website\"},\"primaryImageOfPage\":{\"@id\":\"https:\\\/\\\/repliquemangacine.fr\\\/epees-et-dagues-fantasy\\\/dague-double-fantasy-dragon\\\/#primaryimage\"},\"image\":{\"@id\":\"https:\\\/\\\/repliquemangacine.fr\\\/epees-et-dagues-fantasy\\\/dague-double-fantasy-dragon\\\/#primaryimage\"},\"thumbnailUrl\":\"https:\\\/\\\/repliquemangacine.fr\\\/wp-content\\\/uploads\\\/2023\\\/10\\\/1772-Dague-fantasy-double-dragon-1.jpg\",\"datePublished\":\"2023-11-03T18:16:41+00:00\",\"dateModified\":\"2026-03-11T07:15:18+00:00\",\"description\":\"Offre-lui ! Cette Dague double Fantasy Dragon au meilleur prix - Lame en acier 440 - Poign\u00e9e dragon - Support pr\u00e9sentation - Longueur : 30 cm env.\",\"breadcrumb\":{\"@id\":\"https:\\\/\\\/repliquemangacine.fr\\\/epees-et-dagues-fantasy\\\/dague-double-fantasy-dragon\\\/#breadcrumb\"},\"inLanguage\":\"es\",\"potentialAction\":[{\"@type\":\"ReadAction\",\"target\":[\"https:\\\/\\\/repliquemangacine.fr\\\/epees-et-dagues-fantasy\\\/dague-double-fantasy-dragon\\\/\"]}]},{\"@type\":\"ImageObject\",\"inLanguage\":\"es\",\"@id\":\"https:\\\/\\\/repliquemangacine.fr\\\/epees-et-dagues-fantasy\\\/dague-double-fantasy-dragon\\\/#primaryimage\",\"url\":\"https:\\\/\\\/repliquemangacine.fr\\\/wp-content\\\/uploads\\\/2023\\\/10\\\/1772-Dague-fantasy-double-dragon-1.jpg\",\"contentUrl\":\"https:\\\/\\\/repliquemangacine.fr\\\/wp-content\\\/uploads\\\/2023\\\/10\\\/1772-Dague-fantasy-double-dragon-1.jpg\",\"width\":600,\"height\":600,\"caption\":\"Dague fantasy double dragon\"},{\"@type\":\"BreadcrumbList\",\"@id\":\"https:\\\/\\\/repliquemangacine.fr\\\/epees-et-dagues-fantasy\\\/dague-double-fantasy-dragon\\\/#breadcrumb\",\"itemListElement\":[{\"@type\":\"ListItem\",\"position\":1,\"name\":\"Accueil\",\"item\":\"https:\\\/\\\/repliquemangacine.fr\\\/\"},{\"@type\":\"ListItem\",\"position\":2,\"name\":\"Produits\",\"item\":\"https:\\\/\\\/repliquemangacine.fr\\\/boutique\\\/\"},{\"@type\":\"ListItem\",\"position\":3,\"name\":\"Dague double Fantasy Dragon\"}]},{\"@type\":\"WebSite\",\"@id\":\"https:\\\/\\\/repliquemangacine.fr\\\/#website\",\"url\":\"https:\\\/\\\/repliquemangacine.fr\\\/\",\"name\":\"R\u00e9plique Manga Cin\u00e9\",\"description\":\"\",\"publisher\":{\"@id\":\"https:\\\/\\\/repliquemangacine.fr\\\/#organization\"},\"potentialAction\":[{\"@type\":\"SearchAction\",\"target\":{\"@type\":\"EntryPoint\",\"urlTemplate\":\"https:\\\/\\\/repliquemangacine.fr\\\/?s={search_term_string}\"},\"query-input\":{\"@type\":\"PropertyValueSpecification\",\"valueRequired\":true,\"valueName\":\"search_term_string\"}}],\"inLanguage\":\"es\"},{\"@type\":\"Organization\",\"@id\":\"https:\\\/\\\/repliquemangacine.fr\\\/#organization\",\"name\":\"R\u00e9plique Manga Cin\u00e9\",\"url\":\"https:\\\/\\\/repliquemangacine.fr\\\/\",\"logo\":{\"@type\":\"ImageObject\",\"inLanguage\":\"es\",\"@id\":\"https:\\\/\\\/repliquemangacine.fr\\\/#\\\/schema\\\/logo\\\/image\\\/\",\"url\":\"https:\\\/\\\/repliquemangacine.fr\\\/wp-content\\\/uploads\\\/2023\\\/10\\\/RMC-500250.png\",\"contentUrl\":\"https:\\\/\\\/repliquemangacine.fr\\\/wp-content\\\/uploads\\\/2023\\\/10\\\/RMC-500250.png\",\"width\":500,\"height\":250,\"caption\":\"R\u00e9plique Manga Cin\u00e9\"},\"image\":{\"@id\":\"https:\\\/\\\/repliquemangacine.fr\\\/#\\\/schema\\\/logo\\\/image\\\/\"},\"sameAs\":[\"https:\\\/\\\/www.facebook.com\\\/RepliqueMangaCine\",\"https:\\\/\\\/www.instagram.com\\\/repliquemangacine.fr\\\/\"]}]}<\/script>\n<!-- \/ Yoast SEO plugin. -->","yoast_head_json":{"title":"Daga Drag\u00f3n Doble Fantas\u00eda | R\u00e9plique Manga Cin\u00e9","description":"\u00a1Reg\u00e1lasela! Esta daga doble Fantasy Dragon al mejor precio - Hoja de acero 440 - Empu\u00f1adura de drag\u00f3n - Soporte de presentaci\u00f3n - Longitud: 30 cm aprox.","robots":{"index":"index","follow":"follow","max-snippet":"max-snippet:-1","max-image-preview":"max-image-preview:large","max-video-preview":"max-video-preview:-1"},"canonical":"https:\/\/repliquemangacine.fr\/es\/espadas-y-dagas-de-fantasia\/daga-dragon-doble-fantasia\/","og_locale":"es_ES","og_type":"article","og_title":"Dague double Fantasy Dragon | R\u00e9plique Manga Cin\u00e9","og_description":"Offre-lui ! Cette Dague double Fantasy Dragon au meilleur prix - Lame en acier 440 - Poign\u00e9e dragon - Support pr\u00e9sentation - Longueur : 30 cm env.","og_url":"https:\/\/repliquemangacine.fr\/es\/espadas-y-dagas-de-fantasia\/daga-dragon-doble-fantasia\/","og_site_name":"R\u00e9plique Manga Cin\u00e9","article_publisher":"https:\/\/www.facebook.com\/RepliqueMangaCine","article_modified_time":"2026-03-11T07:15:18+00:00","og_image":[{"width":600,"height":600,"url":"https:\/\/repliquemangacine.fr\/wp-content\/uploads\/2023\/10\/1772-Dague-fantasy-double-dragon-1.jpg","type":"image\/jpeg"}],"twitter_card":"summary_large_image","twitter_misc":{"Tiempo de lectura":"3 minutos"},"schema":{"@context":"https:\/\/schema.org","@graph":[{"@type":"WebPage","@id":"https:\/\/repliquemangacine.fr\/epees-et-dagues-fantasy\/dague-double-fantasy-dragon\/","url":"https:\/\/repliquemangacine.fr\/epees-et-dagues-fantasy\/dague-double-fantasy-dragon\/","name":"Daga Drag\u00f3n Doble Fantas\u00eda | R\u00e9plique Manga Cin\u00e9","isPartOf":{"@id":"https:\/\/repliquemangacine.fr\/#website"},"primaryImageOfPage":{"@id":"https:\/\/repliquemangacine.fr\/epees-et-dagues-fantasy\/dague-double-fantasy-dragon\/#primaryimage"},"image":{"@id":"https:\/\/repliquemangacine.fr\/epees-et-dagues-fantasy\/dague-double-fantasy-dragon\/#primaryimage"},"thumbnailUrl":"https:\/\/repliquemangacine.fr\/wp-content\/uploads\/2023\/10\/1772-Dague-fantasy-double-dragon-1.jpg","datePublished":"2023-11-03T18:16:41+00:00","dateModified":"2026-03-11T07:15:18+00:00","description":"\u00a1Reg\u00e1lasela! Esta daga doble Fantasy Dragon al mejor precio - Hoja de acero 440 - Empu\u00f1adura de drag\u00f3n - Soporte de presentaci\u00f3n - Longitud: 30 cm aprox.","breadcrumb":{"@id":"https:\/\/repliquemangacine.fr\/epees-et-dagues-fantasy\/dague-double-fantasy-dragon\/#breadcrumb"},"inLanguage":"es","potentialAction":[{"@type":"ReadAction","target":["https:\/\/repliquemangacine.fr\/epees-et-dagues-fantasy\/dague-double-fantasy-dragon\/"]}]},{"@type":"ImageObject","inLanguage":"es","@id":"https:\/\/repliquemangacine.fr\/epees-et-dagues-fantasy\/dague-double-fantasy-dragon\/#primaryimage","url":"https:\/\/repliquemangacine.fr\/wp-content\/uploads\/2023\/10\/1772-Dague-fantasy-double-dragon-1.jpg","contentUrl":"https:\/\/repliquemangacine.fr\/wp-content\/uploads\/2023\/10\/1772-Dague-fantasy-double-dragon-1.jpg","width":600,"height":600,"caption":"Dague fantasy double dragon"},{"@type":"BreadcrumbList","@id":"https:\/\/repliquemangacine.fr\/epees-et-dagues-fantasy\/dague-double-fantasy-dragon\/#breadcrumb","itemListElement":[{"@type":"ListItem","position":1,"name":"Accueil","item":"https:\/\/repliquemangacine.fr\/"},{"@type":"ListItem","position":2,"name":"Produits","item":"https:\/\/repliquemangacine.fr\/boutique\/"},{"@type":"ListItem","position":3,"name":"Dague double Fantasy Dragon"}]},{"@type":"WebSite","@id":"https:\/\/repliquemangacine.fr\/#website","url":"https:\/\/repliquemangacine.fr\/","name":"R\u00e9plique Manga Cin\u00e9","description":"","publisher":{"@id":"https:\/\/repliquemangacine.fr\/#organization"},"potentialAction":[{"@type":"SearchAction","target":{"@type":"EntryPoint","urlTemplate":"https:\/\/repliquemangacine.fr\/?s={search_term_string}"},"query-input":{"@type":"PropertyValueSpecification","valueRequired":true,"valueName":"search_term_string"}}],"inLanguage":"es"},{"@type":"Organization","@id":"https:\/\/repliquemangacine.fr\/#organization","name":"R\u00e9plique Manga Cin\u00e9","url":"https:\/\/repliquemangacine.fr\/","logo":{"@type":"ImageObject","inLanguage":"es","@id":"https:\/\/repliquemangacine.fr\/#\/schema\/logo\/image\/","url":"https:\/\/repliquemangacine.fr\/wp-content\/uploads\/2023\/10\/RMC-500250.png","contentUrl":"https:\/\/repliquemangacine.fr\/wp-content\/uploads\/2023\/10\/RMC-500250.png","width":500,"height":250,"caption":"R\u00e9plique Manga Cin\u00e9"},"image":{"@id":"https:\/\/repliquemangacine.fr\/#\/schema\/logo\/image\/"},"sameAs":["https:\/\/www.facebook.com\/RepliqueMangaCine","https:\/\/www.instagram.com\/repliquemangacine.fr\/"]}]}},"_links":{"self":[{"href":"https:\/\/repliquemangacine.fr\/es\/wp-json\/wp\/v2\/product\/64788","targetHints":{"allow":["GET"]}}],"collection":[{"href":"https:\/\/repliquemangacine.fr\/es\/wp-json\/wp\/v2\/product"}],"about":[{"href":"https:\/\/repliquemangacine.fr\/es\/wp-json\/wp\/v2\/types\/product"}],"wp:featuredmedia":[{"embeddable":true,"href":"https:\/\/repliquemangacine.fr\/es\/wp-json\/wp\/v2\/media\/64055"}],"wp:attachment":[{"href":"https:\/\/repliquemangacine.fr\/es\/wp-json\/wp\/v2\/media?parent=64788"}],"wp:term":[{"taxonomy":"product_brand","embeddable":true,"href":"https:\/\/repliquemangacine.fr\/es\/wp-json\/wp\/v2\/product_brand?post=64788"},{"taxonomy":"product_cat","embeddable":true,"href":"https:\/\/repliquemangacine.fr\/es\/wp-json\/wp\/v2\/product_cat?post=64788"},{"taxonomy":"product_tag","embeddable":true,"href":"https:\/\/repliquemangacine.fr\/es\/wp-json\/wp\/v2\/product_tag?post=64788"}],"curies":[{"name":"wp","href":"https:\/\/api.w.org\/{rel}","templated":true}]}}