





{"id":64784,"date":"2023-11-03T19:01:49","date_gmt":"2023-11-03T18:01:49","guid":{"rendered":"https:\/\/repliquemangacine.fr\/?post_type=product&#038;p=64784"},"modified":"2026-04-09T22:50:12","modified_gmt":"2026-04-09T20:50:12","slug":"anillo-unico-titanio-lotr","status":"publish","type":"product","link":"https:\/\/repliquemangacine.fr\/es\/bijoux-anneaux\/anneau-unique-titane-lotr\/","title":{"rendered":"Anillo \u00fanico LOTR de titanio"},"content":{"rendered":"<h2>Anillo \u00danico El Se\u00f1or de los Anillos<\/h2>\n<p>Para empezar, el<strong>Anillo \u00fanico de titanio<\/strong> El Se\u00f1or de los Anillos, llamado \u201dmi tesoro\u201d por Gollum, es magn\u00edficamente realista y est\u00e1 disponible en tres versiones diferentes.<\/p>\n<p>Creado por Sauron, el Se\u00f1or Oscuro, su contorno tiene inscripciones que significan: \u201dUn anillo para gobernarlos a todos. Un anillo para encontrarlos. Un anillo para atraerlos a todos y atarlos en las tinieblas\u201d.\u201d<\/p>\n<p>Los poderes conocidos del anillo son:<\/p>\n<ul>\n<li>Invisibilidad, act\u00faa sobre aquellos que se la colocan en el dedo, proyect\u00e1ndolos al mundo de las sombras donde vagan los esp\u00edritus.<\/li>\n<li>Tambi\u00e9n atrae a los d\u00e9biles mentales.<\/li>\n<li>Aumenta la fuerza.<\/li>\n<li>Elimina el proceso de envejecimiento, lo que es obvio cuando se ve <a href=\"https:\/\/lotr.fandom.com\/fr\/wiki\/Bilbon_Sacquet\" target=\"_blank\" rel=\"noopener noreferrer\">Bilbo<\/a>.<\/li>\n<li>Por \u00faltimo, te hace inmortal, como demuestra Gollum con una vida de varios siglos.<\/li>\n<\/ul>\n<h2>Su Anillo \u00danico titanio SDA al mejor precio.<\/h2>\n<p>Ofrecemos todas las r\u00e9plicas de espadas y joyas de la trilog\u00eda de El Se\u00f1or de los Anillos.<\/p>\n<p>Lo primero y m\u00e1s importante,<\/p>\n<ul>\n<li>El magn\u00edfico <a href=\"https:\/\/repliquemangacine.fr\/es\/joyas-anillos\/el-senor-de-los-anillos-collar-de-arwen\/\">Colgante Arwen<\/a> que le da a Aragorn.<\/li>\n<li>Tambi\u00e9n existe la <a href=\"https:\/\/repliquemangacine.fr\/es\/joyas-anillos\/aragorn-barahir-anillo-plata-925e\/\">Anillo de Aragorn Barahir<\/a> en plata de ley 925e.<\/li>\n<li>As\u00ed como todas las espadas de El Se\u00f1or de los Anillos.<\/li>\n<li>Y muchos m\u00e1s por descubrir en nuestra tienda en l\u00ednea.<\/li>\n<\/ul>\n<p>He aqu\u00ed una estupenda idea de regalo para los fans de la trilog\u00eda de El Se\u00f1or de los Anillos.<\/p>\n<p>En conclusi\u00f3n, puede llevar el\u2019<strong>Anillo \u00fanico de titanio<\/strong> El Se\u00f1or de los Anillos en la vida cotidiana, como anillo o alrededor del cuello como Frodo. Sobre todo, este anillo es una pieza de coleccionista, pero tambi\u00e9n puedes llevarlo puesto.<\/p>\n<h2>\u00bfC\u00f3mo debo cuidar mis joyas de titanio?<\/h2>\n<p>El titanio es uno de los metales m\u00e1s duraderos con los que se pueden fabricar joyas. El titanio no requiere un mantenimiento especial, pero se puede limpiar. A continuaci\u00f3n le ofrecemos algunos consejos para limpiar su anillo \u00danico del Se\u00f1or de los Anillos u otras joyas de titanio y cuidarlas para que duren mucho tiempo.<\/p>\n<p>Llena un bol con agua tibia y a\u00f1ade un poco de detergente lavavajillas suave.<br \/>\nSumergir el anillo de titanio u otras joyas en la soluci\u00f3n durante unos 5 minutos y, a continuaci\u00f3n, eliminar la suciedad frotando suavemente las piezas con un pa\u00f1o suave.<br \/>\nUna vez que sus joyas est\u00e9n limpias, enju\u00e1guelas con agua y s\u00e9quelas con una toalla limpia (dejar que las piezas de titanio se sequen al aire libre puede mancharlas).<\/p>","protected":false},"excerpt":{"rendered":"<p>Sublime reproducci\u00f3n del Anillo \u00fanico de El Se\u00f1or de los Anillos.<\/p>\n<ul>\n<li>Disponible en tres colores.<\/li>\n<li>Este anillo est\u00e1 fabricado en acero inoxidable titanio 100 %.<\/li>\n<li>Escritura \u00e9lfica grabada con l\u00e1ser.<\/li>\n<li>Bolsa de terciopelo.<\/li>\n<li>Talla \u00fanica<\/li>\n<\/ul>","protected":false},"featured_media":64041,"template":"","meta":[],"product_brand":[],"product_cat":[78,24,29],"product_tag":[],"class_list":{"0":"post-64784","1":"product","2":"type-product","3":"status-publish","4":"has-post-thumbnail","6":"product_cat-bijoux-anneaux","7":"product_cat-films-series-tv-vente-de-katana-epee-et-produits-derives","8":"product_cat-le-seigneur-des-anneaux","10":"first","11":"instock","12":"taxable","13":"shipping-taxable","14":"purchasable","15":"product-type-variable"},"yoast_head":"<!-- This site is optimized with the Yoast SEO plugin v27.5 - https:\/\/yoast.com\/product\/yoast-seo-wordpress\/ -->\n<title>Anneau unique Titane LOTR - Bijoux Seigneur des Anneaux | RMC<\/title>\n<meta name=\"description\" content=\"Offrez-lui l&#039;Anneau unique titane Seigneur des Anneaux au meilleur prix. Acier inoxydable 100 % titane - Chaine en acier - 3 coloris - Gravure laser\" \/>\n<meta name=\"robots\" content=\"index, follow, max-snippet:-1, max-image-preview:large, max-video-preview:-1\" \/>\n<link rel=\"canonical\" href=\"https:\/\/repliquemangacine.fr\/es\/joyas-anillos\/anillo-unico-titanio-lotr\/\" \/>\n<meta property=\"og:locale\" content=\"es_ES\" \/>\n<meta property=\"og:type\" content=\"article\" \/>\n<meta property=\"og:title\" content=\"Anneau unique Titane LOTR - Bijoux Seigneur des Anneaux | RMC\" \/>\n<meta property=\"og:description\" content=\"Offrez-lui l&#039;Anneau unique titane Seigneur des Anneaux au meilleur prix. Acier inoxydable 100 % titane - Chaine en acier - 3 coloris - Gravure laser\" \/>\n<meta property=\"og:url\" content=\"https:\/\/repliquemangacine.fr\/es\/joyas-anillos\/anillo-unico-titanio-lotr\/\" \/>\n<meta property=\"og:site_name\" content=\"R\u00e9plique Manga Cin\u00e9\" \/>\n<meta property=\"article:publisher\" content=\"https:\/\/www.facebook.com\/RepliqueMangaCine\" \/>\n<meta property=\"article:modified_time\" content=\"2026-04-09T20:50:12+00:00\" \/>\n<meta property=\"og:image\" content=\"https:\/\/repliquemangacine.fr\/wp-content\/uploads\/2023\/10\/1570-Anneau-unique-Le-Seigneur-des-Anneaux-1.jpg\" \/>\n\t<meta property=\"og:image:width\" content=\"600\" \/>\n\t<meta property=\"og:image:height\" content=\"600\" \/>\n\t<meta property=\"og:image:type\" content=\"image\/jpeg\" \/>\n<meta name=\"twitter:card\" content=\"summary_large_image\" \/>\n<meta name=\"twitter:label1\" content=\"Tiempo de lectura\" \/>\n\t<meta name=\"twitter:data1\" content=\"3 minutos\" \/>\n<script type=\"application\/ld+json\" class=\"yoast-schema-graph\">{\"@context\":\"https:\\\/\\\/schema.org\",\"@graph\":[{\"@type\":\"WebPage\",\"@id\":\"https:\\\/\\\/repliquemangacine.fr\\\/bijoux-anneaux\\\/anneau-unique-titane-lotr\\\/\",\"url\":\"https:\\\/\\\/repliquemangacine.fr\\\/bijoux-anneaux\\\/anneau-unique-titane-lotr\\\/\",\"name\":\"Anneau unique Titane LOTR - Bijoux Seigneur des Anneaux | RMC\",\"isPartOf\":{\"@id\":\"https:\\\/\\\/repliquemangacine.fr\\\/#website\"},\"primaryImageOfPage\":{\"@id\":\"https:\\\/\\\/repliquemangacine.fr\\\/bijoux-anneaux\\\/anneau-unique-titane-lotr\\\/#primaryimage\"},\"image\":{\"@id\":\"https:\\\/\\\/repliquemangacine.fr\\\/bijoux-anneaux\\\/anneau-unique-titane-lotr\\\/#primaryimage\"},\"thumbnailUrl\":\"https:\\\/\\\/repliquemangacine.fr\\\/wp-content\\\/uploads\\\/2023\\\/10\\\/1570-Anneau-unique-Le-Seigneur-des-Anneaux-1.jpg\",\"datePublished\":\"2023-11-03T18:01:49+00:00\",\"dateModified\":\"2026-04-09T20:50:12+00:00\",\"description\":\"Offrez-lui l'Anneau unique titane Seigneur des Anneaux au meilleur prix. Acier inoxydable 100 % titane - Chaine en acier - 3 coloris - Gravure laser\",\"breadcrumb\":{\"@id\":\"https:\\\/\\\/repliquemangacine.fr\\\/bijoux-anneaux\\\/anneau-unique-titane-lotr\\\/#breadcrumb\"},\"inLanguage\":\"es\",\"potentialAction\":[{\"@type\":\"ReadAction\",\"target\":[\"https:\\\/\\\/repliquemangacine.fr\\\/bijoux-anneaux\\\/anneau-unique-titane-lotr\\\/\"]}]},{\"@type\":\"ImageObject\",\"inLanguage\":\"es\",\"@id\":\"https:\\\/\\\/repliquemangacine.fr\\\/bijoux-anneaux\\\/anneau-unique-titane-lotr\\\/#primaryimage\",\"url\":\"https:\\\/\\\/repliquemangacine.fr\\\/wp-content\\\/uploads\\\/2023\\\/10\\\/1570-Anneau-unique-Le-Seigneur-des-Anneaux-1.jpg\",\"contentUrl\":\"https:\\\/\\\/repliquemangacine.fr\\\/wp-content\\\/uploads\\\/2023\\\/10\\\/1570-Anneau-unique-Le-Seigneur-des-Anneaux-1.jpg\",\"width\":600,\"height\":600,\"caption\":\"Anneau unique - Le Seigneur des Anneaux\"},{\"@type\":\"BreadcrumbList\",\"@id\":\"https:\\\/\\\/repliquemangacine.fr\\\/bijoux-anneaux\\\/anneau-unique-titane-lotr\\\/#breadcrumb\",\"itemListElement\":[{\"@type\":\"ListItem\",\"position\":1,\"name\":\"Accueil\",\"item\":\"https:\\\/\\\/repliquemangacine.fr\\\/\"},{\"@type\":\"ListItem\",\"position\":2,\"name\":\"Produits\",\"item\":\"https:\\\/\\\/repliquemangacine.fr\\\/boutique\\\/\"},{\"@type\":\"ListItem\",\"position\":3,\"name\":\"Anneau unique Titane LOTR\"}]},{\"@type\":\"WebSite\",\"@id\":\"https:\\\/\\\/repliquemangacine.fr\\\/#website\",\"url\":\"https:\\\/\\\/repliquemangacine.fr\\\/\",\"name\":\"R\u00e9plique Manga Cin\u00e9\",\"description\":\"\",\"publisher\":{\"@id\":\"https:\\\/\\\/repliquemangacine.fr\\\/#organization\"},\"potentialAction\":[{\"@type\":\"SearchAction\",\"target\":{\"@type\":\"EntryPoint\",\"urlTemplate\":\"https:\\\/\\\/repliquemangacine.fr\\\/?s={search_term_string}\"},\"query-input\":{\"@type\":\"PropertyValueSpecification\",\"valueRequired\":true,\"valueName\":\"search_term_string\"}}],\"inLanguage\":\"es\"},{\"@type\":\"Organization\",\"@id\":\"https:\\\/\\\/repliquemangacine.fr\\\/#organization\",\"name\":\"R\u00e9plique Manga Cin\u00e9\",\"url\":\"https:\\\/\\\/repliquemangacine.fr\\\/\",\"logo\":{\"@type\":\"ImageObject\",\"inLanguage\":\"es\",\"@id\":\"https:\\\/\\\/repliquemangacine.fr\\\/#\\\/schema\\\/logo\\\/image\\\/\",\"url\":\"https:\\\/\\\/repliquemangacine.fr\\\/wp-content\\\/uploads\\\/2023\\\/10\\\/RMC-500250.png\",\"contentUrl\":\"https:\\\/\\\/repliquemangacine.fr\\\/wp-content\\\/uploads\\\/2023\\\/10\\\/RMC-500250.png\",\"width\":500,\"height\":250,\"caption\":\"R\u00e9plique Manga Cin\u00e9\"},\"image\":{\"@id\":\"https:\\\/\\\/repliquemangacine.fr\\\/#\\\/schema\\\/logo\\\/image\\\/\"},\"sameAs\":[\"https:\\\/\\\/www.facebook.com\\\/RepliqueMangaCine\",\"https:\\\/\\\/www.instagram.com\\\/repliquemangacine.fr\\\/\"]}]}<\/script>\n<!-- \/ Yoast SEO plugin. -->","yoast_head_json":{"title":"Anillo \u00fanico de titanio LOTR - Joyer\u00eda El Se\u00f1or de los Anillos | RMC","description":"Ofr\u00e9zcale el Anillo \u00danico de titanio El Se\u00f1or de los Anillos al mejor precio. Acero inoxidable 100 titanio % - Cadena de acero - 3 colores - Grabado l\u00e1ser","robots":{"index":"index","follow":"follow","max-snippet":"max-snippet:-1","max-image-preview":"max-image-preview:large","max-video-preview":"max-video-preview:-1"},"canonical":"https:\/\/repliquemangacine.fr\/es\/joyas-anillos\/anillo-unico-titanio-lotr\/","og_locale":"es_ES","og_type":"article","og_title":"Anneau unique Titane LOTR - Bijoux Seigneur des Anneaux | RMC","og_description":"Offrez-lui l'Anneau unique titane Seigneur des Anneaux au meilleur prix. Acier inoxydable 100 % titane - Chaine en acier - 3 coloris - Gravure laser","og_url":"https:\/\/repliquemangacine.fr\/es\/joyas-anillos\/anillo-unico-titanio-lotr\/","og_site_name":"R\u00e9plique Manga Cin\u00e9","article_publisher":"https:\/\/www.facebook.com\/RepliqueMangaCine","article_modified_time":"2026-04-09T20:50:12+00:00","og_image":[{"width":600,"height":600,"url":"https:\/\/repliquemangacine.fr\/wp-content\/uploads\/2023\/10\/1570-Anneau-unique-Le-Seigneur-des-Anneaux-1.jpg","type":"image\/jpeg"}],"twitter_card":"summary_large_image","twitter_misc":{"Tiempo de lectura":"3 minutos"},"schema":{"@context":"https:\/\/schema.org","@graph":[{"@type":"WebPage","@id":"https:\/\/repliquemangacine.fr\/bijoux-anneaux\/anneau-unique-titane-lotr\/","url":"https:\/\/repliquemangacine.fr\/bijoux-anneaux\/anneau-unique-titane-lotr\/","name":"Anillo \u00fanico de titanio LOTR - Joyer\u00eda El Se\u00f1or de los Anillos | RMC","isPartOf":{"@id":"https:\/\/repliquemangacine.fr\/#website"},"primaryImageOfPage":{"@id":"https:\/\/repliquemangacine.fr\/bijoux-anneaux\/anneau-unique-titane-lotr\/#primaryimage"},"image":{"@id":"https:\/\/repliquemangacine.fr\/bijoux-anneaux\/anneau-unique-titane-lotr\/#primaryimage"},"thumbnailUrl":"https:\/\/repliquemangacine.fr\/wp-content\/uploads\/2023\/10\/1570-Anneau-unique-Le-Seigneur-des-Anneaux-1.jpg","datePublished":"2023-11-03T18:01:49+00:00","dateModified":"2026-04-09T20:50:12+00:00","description":"Ofr\u00e9zcale el Anillo \u00danico de titanio El Se\u00f1or de los Anillos al mejor precio. Acero inoxidable 100 titanio % - Cadena de acero - 3 colores - Grabado l\u00e1ser","breadcrumb":{"@id":"https:\/\/repliquemangacine.fr\/bijoux-anneaux\/anneau-unique-titane-lotr\/#breadcrumb"},"inLanguage":"es","potentialAction":[{"@type":"ReadAction","target":["https:\/\/repliquemangacine.fr\/bijoux-anneaux\/anneau-unique-titane-lotr\/"]}]},{"@type":"ImageObject","inLanguage":"es","@id":"https:\/\/repliquemangacine.fr\/bijoux-anneaux\/anneau-unique-titane-lotr\/#primaryimage","url":"https:\/\/repliquemangacine.fr\/wp-content\/uploads\/2023\/10\/1570-Anneau-unique-Le-Seigneur-des-Anneaux-1.jpg","contentUrl":"https:\/\/repliquemangacine.fr\/wp-content\/uploads\/2023\/10\/1570-Anneau-unique-Le-Seigneur-des-Anneaux-1.jpg","width":600,"height":600,"caption":"Anneau unique - Le Seigneur des Anneaux"},{"@type":"BreadcrumbList","@id":"https:\/\/repliquemangacine.fr\/bijoux-anneaux\/anneau-unique-titane-lotr\/#breadcrumb","itemListElement":[{"@type":"ListItem","position":1,"name":"Accueil","item":"https:\/\/repliquemangacine.fr\/"},{"@type":"ListItem","position":2,"name":"Produits","item":"https:\/\/repliquemangacine.fr\/boutique\/"},{"@type":"ListItem","position":3,"name":"Anneau unique Titane LOTR"}]},{"@type":"WebSite","@id":"https:\/\/repliquemangacine.fr\/#website","url":"https:\/\/repliquemangacine.fr\/","name":"R\u00e9plique Manga Cin\u00e9","description":"","publisher":{"@id":"https:\/\/repliquemangacine.fr\/#organization"},"potentialAction":[{"@type":"SearchAction","target":{"@type":"EntryPoint","urlTemplate":"https:\/\/repliquemangacine.fr\/?s={search_term_string}"},"query-input":{"@type":"PropertyValueSpecification","valueRequired":true,"valueName":"search_term_string"}}],"inLanguage":"es"},{"@type":"Organization","@id":"https:\/\/repliquemangacine.fr\/#organization","name":"R\u00e9plique Manga Cin\u00e9","url":"https:\/\/repliquemangacine.fr\/","logo":{"@type":"ImageObject","inLanguage":"es","@id":"https:\/\/repliquemangacine.fr\/#\/schema\/logo\/image\/","url":"https:\/\/repliquemangacine.fr\/wp-content\/uploads\/2023\/10\/RMC-500250.png","contentUrl":"https:\/\/repliquemangacine.fr\/wp-content\/uploads\/2023\/10\/RMC-500250.png","width":500,"height":250,"caption":"R\u00e9plique Manga Cin\u00e9"},"image":{"@id":"https:\/\/repliquemangacine.fr\/#\/schema\/logo\/image\/"},"sameAs":["https:\/\/www.facebook.com\/RepliqueMangaCine","https:\/\/www.instagram.com\/repliquemangacine.fr\/"]}]}},"_links":{"self":[{"href":"https:\/\/repliquemangacine.fr\/es\/wp-json\/wp\/v2\/product\/64784","targetHints":{"allow":["GET"]}}],"collection":[{"href":"https:\/\/repliquemangacine.fr\/es\/wp-json\/wp\/v2\/product"}],"about":[{"href":"https:\/\/repliquemangacine.fr\/es\/wp-json\/wp\/v2\/types\/product"}],"wp:featuredmedia":[{"embeddable":true,"href":"https:\/\/repliquemangacine.fr\/es\/wp-json\/wp\/v2\/media\/64041"}],"wp:attachment":[{"href":"https:\/\/repliquemangacine.fr\/es\/wp-json\/wp\/v2\/media?parent=64784"}],"wp:term":[{"taxonomy":"product_brand","embeddable":true,"href":"https:\/\/repliquemangacine.fr\/es\/wp-json\/wp\/v2\/product_brand?post=64784"},{"taxonomy":"product_cat","embeddable":true,"href":"https:\/\/repliquemangacine.fr\/es\/wp-json\/wp\/v2\/product_cat?post=64784"},{"taxonomy":"product_tag","embeddable":true,"href":"https:\/\/repliquemangacine.fr\/es\/wp-json\/wp\/v2\/product_tag?post=64784"}],"curies":[{"name":"wp","href":"https:\/\/api.w.org\/{rel}","templated":true}]}}