





{"id":64782,"date":"2023-11-03T18:37:58","date_gmt":"2023-11-03T17:37:58","guid":{"rendered":"https:\/\/repliquemangacine.fr\/?post_type=product&#038;p=64782"},"modified":"2026-03-26T20:11:14","modified_gmt":"2026-03-26T19:11:14","slug":"aragorn-barahir-anillo-plata-925e","status":"publish","type":"product","link":"https:\/\/repliquemangacine.fr\/es\/bijoux-anneaux\/bague-aragorn-barahir-argent-925e\/","title":{"rendered":"Anillo Aragorn Barahir Plata 925e"},"content":{"rendered":"<h2>Anillo Aragorn Anillo Plata Barahir El Se\u00f1or de los Anillos<\/h2>\n<p>Para empezar, el Anillo de Aragorn Anillo de Barahir est\u00e1 hecho de plata 925\u1d49. Este Anillo no es en absoluto un Anillo de poder.<\/p>\n<p>El anillo de Barahir es el nombre que recibe un anillo fabricado por los \u00d1oldor en Valinor. Durante la batalla de Dagor Bragollach, Barahir cubri\u00f3 la retirada de Bragollach, quien le entreg\u00f3 este anillo como muestra de su gratitud.<\/p>\n<p>Cuando Barahir fue asesinado, los orcos le cortaron la mano y el anillo como prueba de su muerte. Sin embargo, Beren, el hijo de Barahir, consigui\u00f3 recuperar su mano y su anillo.<\/p>\n<p>Guardado en Rivendel, Elrond se lo confi\u00f3 a Aragorn cuando revel\u00f3 su linaje. <a href=\"https:\/\/lotr.fandom.com\/fr\/wiki\/Aragorn\" target=\"_blank\" rel=\"noopener noreferrer\">Aragorn<\/a> se lo dio a Arwen el d\u00eda de su boda.<\/p>\n<h2>Tu Anillo Aragorn Barahir al mejor precio<\/h2>\n<p>Ofrecemos una amplia gama de r\u00e9plicas de espadas y joyas de la trilog\u00eda de El Se\u00f1or de los Anillos.<\/p>\n<p>Lo primero y m\u00e1s importante,<\/p>\n<ul>\n<li>El magn\u00edfico <a href=\"https:\/\/repliquemangacine.fr\/es\/joyas-anillos\/replica-colgante-estrella-de-la-noche-arwen\/\">Colgante Arwen<\/a> la estrella de la tarde.<\/li>\n<li>As\u00ed como el<a href=\"https:\/\/repliquemangacine.fr\/es\/joyas-anillos\/lorien-hoja-collar-broche-senor-de-los-anillos\/\"> Hoja de Lorien<\/a>.<\/li>\n<li>Pero tambi\u00e9n todos los <a href=\"https:\/\/repliquemangacine.fr\/es\/espadas-del-senor-de-los-anillos\/\">Espadas de El Se\u00f1or de los Anillos<\/a>.<\/li>\n<li>Y muchos m\u00e1s por descubrir en nuestra tienda en l\u00ednea.<\/li>\n<\/ul>\n<p>He aqu\u00ed una estupenda idea de regalo para los fans de la trilog\u00eda de El Se\u00f1or de los Anillos.<\/p>\n<p>En conclusi\u00f3n, puede llevar el Anillo Barahir de Plata de Aragorn en la vida cotidiana. Pero, sobre todo, es una pieza de coleccionista.<\/p>\n<p>R\u00e9plique Manga Cin\u00e9 es una empresa familiar francesa.<\/p>\n<h2>\u00bfC\u00f3mo cuido mis joyas de plata?<\/h2>\n<p>Cabe destacar que la plata es m\u00e1s fr\u00e1gil que el oro. Con el paso del tiempo, el roce, el sudor y el polvo, pierde su brillo y se empa\u00f1a.<\/p>\n<p>Aqu\u00ed tienes algunos consejos sobre c\u00f3mo limpiar tu Anillo Aragorn Anillo Barahir de Plata para frenar los signos de desgaste.<\/p>\n<p>Bicarbonato s\u00f3dico: una soluci\u00f3n eficaz. Vierte agua en un cuenco y funde el bicarbonato de sodio. Sumerge tus joyas en \u00e9l durante unas horas. Coge un cepillo de dientes muy suave y frota suavemente. Aclara con agua limpia.<br \/>\nVinagre blanco: Del mismo modo, sumerja completamente sus joyas en vinagre blanco. Espere 2 horas, enjuague con agua tibia y s\u00e9quelas con un pa\u00f1o suave.<br \/>\nY luego est\u00e1n todos los trucos de la abuela, como la coca...<\/p>\n<p>As\u00ed podr\u00e1 lucir sus joyas durante m\u00e1s tiempo.<\/p>","protected":false},"excerpt":{"rendered":"<p>R\u00e9plica del anillo de Barahir, el anillo de Aragorn.<\/p>\n<ul>\n<li>Esta reproducci\u00f3n magn\u00edficamente detallada est\u00e1 fabricada en plata maciza 925\u1d49.<\/li>\n<li>Cristal verde (strass) en el centro.<\/li>\n<li>Le sorprender\u00e1 la calidad del acabado de este anillo.<\/li>\n<li>Se entrega en su caja y estuche de terciopelo negro.<\/li>\n<li>Talla : US09 - FR59,9<\/li>\n<\/ul>","protected":false},"featured_media":64049,"template":"","meta":[],"product_brand":[],"product_cat":[78,24,29],"product_tag":[],"class_list":{"0":"post-64782","1":"product","2":"type-product","3":"status-publish","4":"has-post-thumbnail","6":"product_cat-bijoux-anneaux","7":"product_cat-films-series-tv-vente-de-katana-epee-et-produits-derives","8":"product_cat-le-seigneur-des-anneaux","10":"first","11":"instock","12":"taxable","13":"shipping-taxable","14":"purchasable","15":"product-type-variable"},"yoast_head":"<!-- This site is optimized with the Yoast SEO plugin v27.4 - https:\/\/yoast.com\/product\/yoast-seo-wordpress\/ -->\n<title>Bague Aragorn Barahir Argent 925e - Seigneur des anneaux | RMC<\/title>\n<meta name=\"description\" content=\"Offre-lui la Bague Aragorn Barahir argent au meilleur prix. En Argent Massif 925\u1d49 - Pierre de cristal au centre. Prix exceptionnel de 79.90\u20ac ! Envoi 24\/48h\" \/>\n<meta name=\"robots\" content=\"index, follow, max-snippet:-1, max-image-preview:large, max-video-preview:-1\" \/>\n<link rel=\"canonical\" href=\"https:\/\/repliquemangacine.fr\/es\/joyas-anillos\/aragorn-barahir-anillo-plata-925e\/\" \/>\n<meta property=\"og:locale\" content=\"es_ES\" \/>\n<meta property=\"og:type\" content=\"article\" \/>\n<meta property=\"og:title\" content=\"Bague Aragorn Barahir Argent 925e - Seigneur des anneaux | RMC\" \/>\n<meta property=\"og:description\" content=\"Offre-lui la Bague Aragorn Barahir argent au meilleur prix. En Argent Massif 925\u1d49 - Pierre de cristal au centre. Prix exceptionnel de 79.90\u20ac ! Envoi 24\/48h\" \/>\n<meta property=\"og:url\" content=\"https:\/\/repliquemangacine.fr\/es\/joyas-anillos\/aragorn-barahir-anillo-plata-925e\/\" \/>\n<meta property=\"og:site_name\" content=\"R\u00e9plique Manga Cin\u00e9\" \/>\n<meta property=\"article:publisher\" content=\"https:\/\/www.facebook.com\/RepliqueMangaCine\" \/>\n<meta property=\"article:modified_time\" content=\"2026-03-26T19:11:14+00:00\" \/>\n<meta property=\"og:image\" content=\"https:\/\/repliquemangacine.fr\/wp-content\/uploads\/2023\/10\/1586-Anneau-Barahir-Argent-925e-Bague-Aragorn-1.jpg\" \/>\n\t<meta property=\"og:image:width\" content=\"600\" \/>\n\t<meta property=\"og:image:height\" content=\"600\" \/>\n\t<meta property=\"og:image:type\" content=\"image\/jpeg\" \/>\n<meta name=\"twitter:card\" content=\"summary_large_image\" \/>\n<meta name=\"twitter:label1\" content=\"Tiempo de lectura\" \/>\n\t<meta name=\"twitter:data1\" content=\"3 minutos\" \/>\n<script type=\"application\/ld+json\" class=\"yoast-schema-graph\">{\"@context\":\"https:\\\/\\\/schema.org\",\"@graph\":[{\"@type\":\"WebPage\",\"@id\":\"https:\\\/\\\/repliquemangacine.fr\\\/bijoux-anneaux\\\/bague-aragorn-barahir-argent-925e\\\/\",\"url\":\"https:\\\/\\\/repliquemangacine.fr\\\/bijoux-anneaux\\\/bague-aragorn-barahir-argent-925e\\\/\",\"name\":\"Bague Aragorn Barahir Argent 925e - Seigneur des anneaux | RMC\",\"isPartOf\":{\"@id\":\"https:\\\/\\\/repliquemangacine.fr\\\/#website\"},\"primaryImageOfPage\":{\"@id\":\"https:\\\/\\\/repliquemangacine.fr\\\/bijoux-anneaux\\\/bague-aragorn-barahir-argent-925e\\\/#primaryimage\"},\"image\":{\"@id\":\"https:\\\/\\\/repliquemangacine.fr\\\/bijoux-anneaux\\\/bague-aragorn-barahir-argent-925e\\\/#primaryimage\"},\"thumbnailUrl\":\"https:\\\/\\\/repliquemangacine.fr\\\/wp-content\\\/uploads\\\/2023\\\/10\\\/1586-Anneau-Barahir-Argent-925e-Bague-Aragorn-1.jpg\",\"datePublished\":\"2023-11-03T17:37:58+00:00\",\"dateModified\":\"2026-03-26T19:11:14+00:00\",\"description\":\"Offre-lui la Bague Aragorn Barahir argent au meilleur prix. En Argent Massif 925\u1d49 - Pierre de cristal au centre. Prix exceptionnel de 79.90\u20ac ! Envoi 24\\\/48h\",\"breadcrumb\":{\"@id\":\"https:\\\/\\\/repliquemangacine.fr\\\/bijoux-anneaux\\\/bague-aragorn-barahir-argent-925e\\\/#breadcrumb\"},\"inLanguage\":\"es\",\"potentialAction\":[{\"@type\":\"ReadAction\",\"target\":[\"https:\\\/\\\/repliquemangacine.fr\\\/bijoux-anneaux\\\/bague-aragorn-barahir-argent-925e\\\/\"]}]},{\"@type\":\"ImageObject\",\"inLanguage\":\"es\",\"@id\":\"https:\\\/\\\/repliquemangacine.fr\\\/bijoux-anneaux\\\/bague-aragorn-barahir-argent-925e\\\/#primaryimage\",\"url\":\"https:\\\/\\\/repliquemangacine.fr\\\/wp-content\\\/uploads\\\/2023\\\/10\\\/1586-Anneau-Barahir-Argent-925e-Bague-Aragorn-1.jpg\",\"contentUrl\":\"https:\\\/\\\/repliquemangacine.fr\\\/wp-content\\\/uploads\\\/2023\\\/10\\\/1586-Anneau-Barahir-Argent-925e-Bague-Aragorn-1.jpg\",\"width\":600,\"height\":600,\"caption\":\"Anneau Barahir Argent 925e - Bague Aragorn\"},{\"@type\":\"BreadcrumbList\",\"@id\":\"https:\\\/\\\/repliquemangacine.fr\\\/bijoux-anneaux\\\/bague-aragorn-barahir-argent-925e\\\/#breadcrumb\",\"itemListElement\":[{\"@type\":\"ListItem\",\"position\":1,\"name\":\"Accueil\",\"item\":\"https:\\\/\\\/repliquemangacine.fr\\\/\"},{\"@type\":\"ListItem\",\"position\":2,\"name\":\"Produits\",\"item\":\"https:\\\/\\\/repliquemangacine.fr\\\/boutique\\\/\"},{\"@type\":\"ListItem\",\"position\":3,\"name\":\"Bague Aragorn Barahir Argent 925e\"}]},{\"@type\":\"WebSite\",\"@id\":\"https:\\\/\\\/repliquemangacine.fr\\\/#website\",\"url\":\"https:\\\/\\\/repliquemangacine.fr\\\/\",\"name\":\"R\u00e9plique Manga Cin\u00e9\",\"description\":\"\",\"publisher\":{\"@id\":\"https:\\\/\\\/repliquemangacine.fr\\\/#organization\"},\"potentialAction\":[{\"@type\":\"SearchAction\",\"target\":{\"@type\":\"EntryPoint\",\"urlTemplate\":\"https:\\\/\\\/repliquemangacine.fr\\\/?s={search_term_string}\"},\"query-input\":{\"@type\":\"PropertyValueSpecification\",\"valueRequired\":true,\"valueName\":\"search_term_string\"}}],\"inLanguage\":\"es\"},{\"@type\":\"Organization\",\"@id\":\"https:\\\/\\\/repliquemangacine.fr\\\/#organization\",\"name\":\"R\u00e9plique Manga Cin\u00e9\",\"url\":\"https:\\\/\\\/repliquemangacine.fr\\\/\",\"logo\":{\"@type\":\"ImageObject\",\"inLanguage\":\"es\",\"@id\":\"https:\\\/\\\/repliquemangacine.fr\\\/#\\\/schema\\\/logo\\\/image\\\/\",\"url\":\"https:\\\/\\\/repliquemangacine.fr\\\/wp-content\\\/uploads\\\/2023\\\/10\\\/RMC-500250.png\",\"contentUrl\":\"https:\\\/\\\/repliquemangacine.fr\\\/wp-content\\\/uploads\\\/2023\\\/10\\\/RMC-500250.png\",\"width\":500,\"height\":250,\"caption\":\"R\u00e9plique Manga Cin\u00e9\"},\"image\":{\"@id\":\"https:\\\/\\\/repliquemangacine.fr\\\/#\\\/schema\\\/logo\\\/image\\\/\"},\"sameAs\":[\"https:\\\/\\\/www.facebook.com\\\/RepliqueMangaCine\",\"https:\\\/\\\/www.instagram.com\\\/repliquemangacine.fr\\\/\"]}]}<\/script>\n<!-- \/ Yoast SEO plugin. -->","yoast_head_json":{"title":"Anillo Aragorn Barahir Plata 925 - El se\u00f1or de los anillos | RMC","description":"Ofr\u00e9zcale el Anillo Aragorn Barahir plata al mejor precio. En Plata de Ley 925\u1d49 - Piedra de cristal en el centro. \u00a1Precio excepcional de 79.90\u20ac ! Env\u00edo 24\/48h","robots":{"index":"index","follow":"follow","max-snippet":"max-snippet:-1","max-image-preview":"max-image-preview:large","max-video-preview":"max-video-preview:-1"},"canonical":"https:\/\/repliquemangacine.fr\/es\/joyas-anillos\/aragorn-barahir-anillo-plata-925e\/","og_locale":"es_ES","og_type":"article","og_title":"Bague Aragorn Barahir Argent 925e - Seigneur des anneaux | RMC","og_description":"Offre-lui la Bague Aragorn Barahir argent au meilleur prix. En Argent Massif 925\u1d49 - Pierre de cristal au centre. Prix exceptionnel de 79.90\u20ac ! Envoi 24\/48h","og_url":"https:\/\/repliquemangacine.fr\/es\/joyas-anillos\/aragorn-barahir-anillo-plata-925e\/","og_site_name":"R\u00e9plique Manga Cin\u00e9","article_publisher":"https:\/\/www.facebook.com\/RepliqueMangaCine","article_modified_time":"2026-03-26T19:11:14+00:00","og_image":[{"width":600,"height":600,"url":"https:\/\/repliquemangacine.fr\/wp-content\/uploads\/2023\/10\/1586-Anneau-Barahir-Argent-925e-Bague-Aragorn-1.jpg","type":"image\/jpeg"}],"twitter_card":"summary_large_image","twitter_misc":{"Tiempo de lectura":"3 minutos"},"schema":{"@context":"https:\/\/schema.org","@graph":[{"@type":"WebPage","@id":"https:\/\/repliquemangacine.fr\/bijoux-anneaux\/bague-aragorn-barahir-argent-925e\/","url":"https:\/\/repliquemangacine.fr\/bijoux-anneaux\/bague-aragorn-barahir-argent-925e\/","name":"Anillo Aragorn Barahir Plata 925 - El se\u00f1or de los anillos | RMC","isPartOf":{"@id":"https:\/\/repliquemangacine.fr\/#website"},"primaryImageOfPage":{"@id":"https:\/\/repliquemangacine.fr\/bijoux-anneaux\/bague-aragorn-barahir-argent-925e\/#primaryimage"},"image":{"@id":"https:\/\/repliquemangacine.fr\/bijoux-anneaux\/bague-aragorn-barahir-argent-925e\/#primaryimage"},"thumbnailUrl":"https:\/\/repliquemangacine.fr\/wp-content\/uploads\/2023\/10\/1586-Anneau-Barahir-Argent-925e-Bague-Aragorn-1.jpg","datePublished":"2023-11-03T17:37:58+00:00","dateModified":"2026-03-26T19:11:14+00:00","description":"Ofr\u00e9zcale el Anillo Aragorn Barahir plata al mejor precio. En Plata de Ley 925\u1d49 - Piedra de cristal en el centro. \u00a1Precio excepcional de 79.90\u20ac ! Env\u00edo 24\/48h","breadcrumb":{"@id":"https:\/\/repliquemangacine.fr\/bijoux-anneaux\/bague-aragorn-barahir-argent-925e\/#breadcrumb"},"inLanguage":"es","potentialAction":[{"@type":"ReadAction","target":["https:\/\/repliquemangacine.fr\/bijoux-anneaux\/bague-aragorn-barahir-argent-925e\/"]}]},{"@type":"ImageObject","inLanguage":"es","@id":"https:\/\/repliquemangacine.fr\/bijoux-anneaux\/bague-aragorn-barahir-argent-925e\/#primaryimage","url":"https:\/\/repliquemangacine.fr\/wp-content\/uploads\/2023\/10\/1586-Anneau-Barahir-Argent-925e-Bague-Aragorn-1.jpg","contentUrl":"https:\/\/repliquemangacine.fr\/wp-content\/uploads\/2023\/10\/1586-Anneau-Barahir-Argent-925e-Bague-Aragorn-1.jpg","width":600,"height":600,"caption":"Anneau Barahir Argent 925e - Bague Aragorn"},{"@type":"BreadcrumbList","@id":"https:\/\/repliquemangacine.fr\/bijoux-anneaux\/bague-aragorn-barahir-argent-925e\/#breadcrumb","itemListElement":[{"@type":"ListItem","position":1,"name":"Accueil","item":"https:\/\/repliquemangacine.fr\/"},{"@type":"ListItem","position":2,"name":"Produits","item":"https:\/\/repliquemangacine.fr\/boutique\/"},{"@type":"ListItem","position":3,"name":"Bague Aragorn Barahir Argent 925e"}]},{"@type":"WebSite","@id":"https:\/\/repliquemangacine.fr\/#website","url":"https:\/\/repliquemangacine.fr\/","name":"R\u00e9plique Manga Cin\u00e9","description":"","publisher":{"@id":"https:\/\/repliquemangacine.fr\/#organization"},"potentialAction":[{"@type":"SearchAction","target":{"@type":"EntryPoint","urlTemplate":"https:\/\/repliquemangacine.fr\/?s={search_term_string}"},"query-input":{"@type":"PropertyValueSpecification","valueRequired":true,"valueName":"search_term_string"}}],"inLanguage":"es"},{"@type":"Organization","@id":"https:\/\/repliquemangacine.fr\/#organization","name":"R\u00e9plique Manga Cin\u00e9","url":"https:\/\/repliquemangacine.fr\/","logo":{"@type":"ImageObject","inLanguage":"es","@id":"https:\/\/repliquemangacine.fr\/#\/schema\/logo\/image\/","url":"https:\/\/repliquemangacine.fr\/wp-content\/uploads\/2023\/10\/RMC-500250.png","contentUrl":"https:\/\/repliquemangacine.fr\/wp-content\/uploads\/2023\/10\/RMC-500250.png","width":500,"height":250,"caption":"R\u00e9plique Manga Cin\u00e9"},"image":{"@id":"https:\/\/repliquemangacine.fr\/#\/schema\/logo\/image\/"},"sameAs":["https:\/\/www.facebook.com\/RepliqueMangaCine","https:\/\/www.instagram.com\/repliquemangacine.fr\/"]}]}},"_links":{"self":[{"href":"https:\/\/repliquemangacine.fr\/es\/wp-json\/wp\/v2\/product\/64782","targetHints":{"allow":["GET"]}}],"collection":[{"href":"https:\/\/repliquemangacine.fr\/es\/wp-json\/wp\/v2\/product"}],"about":[{"href":"https:\/\/repliquemangacine.fr\/es\/wp-json\/wp\/v2\/types\/product"}],"wp:featuredmedia":[{"embeddable":true,"href":"https:\/\/repliquemangacine.fr\/es\/wp-json\/wp\/v2\/media\/64049"}],"wp:attachment":[{"href":"https:\/\/repliquemangacine.fr\/es\/wp-json\/wp\/v2\/media?parent=64782"}],"wp:term":[{"taxonomy":"product_brand","embeddable":true,"href":"https:\/\/repliquemangacine.fr\/es\/wp-json\/wp\/v2\/product_brand?post=64782"},{"taxonomy":"product_cat","embeddable":true,"href":"https:\/\/repliquemangacine.fr\/es\/wp-json\/wp\/v2\/product_cat?post=64782"},{"taxonomy":"product_tag","embeddable":true,"href":"https:\/\/repliquemangacine.fr\/es\/wp-json\/wp\/v2\/product_tag?post=64782"}],"curies":[{"name":"wp","href":"https:\/\/api.w.org\/{rel}","templated":true}]}}