





{"id":64775,"date":"2023-11-03T18:13:51","date_gmt":"2023-11-03T17:13:51","guid":{"rendered":"https:\/\/repliquemangacine.fr\/?post_type=product&#038;p=64775"},"modified":"2025-12-05T16:58:43","modified_gmt":"2025-12-05T15:58:43","slug":"anillo-unico","status":"publish","type":"product","link":"https:\/\/repliquemangacine.fr\/es\/bijoux-anneaux\/anneau-unique\/","title":{"rendered":"Anillo \u00fanico"},"content":{"rendered":"<h2>R\u00e9plica del Anillo \u00danico de El Se\u00f1or de los Anillos<\/h2>\n<p>Para empezar, el<strong>Anillo \u00fanico<\/strong> Gollum lo llama \u201dmi tesoro\u201d. Creado por Sauron, el Se\u00f1or Oscuro, en su contorno hay unas inscripciones que significan: \u201dUn anillo para gobernarlos a todos. Un anillo para encontrarlos. Un anillo para atraerlos a todos y atarlos en las tinieblas\u201d.\u201d<\/p>\n<p>Los poderes conocidos del anillo son:<\/p>\n<ul>\n<li>Invisibilidad, act\u00faa sobre aquellos que se la colocan en el dedo, proyect\u00e1ndolos al mundo de las sombras donde vagan los esp\u00edritus.<\/li>\n<li>Tambi\u00e9n atrae a los d\u00e9biles mentales.<\/li>\n<li>Aumenta la fuerza.<\/li>\n<li>Elimina el envejecimiento, lo que es obvio cuando ves a Bilbo.<\/li>\n<li>Por \u00faltimo, te hace inmortal, <a href=\"https:\/\/lotr.fandom.com\/fr\/wiki\/Gollum\" target=\"_blank\" rel=\"noopener noreferrer\">Gollum<\/a> es la prueba, con una vida de varios siglos.<\/li>\n<\/ul>\n<h2>Su anillo \u00fanico al mejor precio.<\/h2>\n<p>Ofrecemos todas las r\u00e9plicas de espadas y joyas de la trilog\u00eda de El Se\u00f1or de los Anillos.<\/p>\n<p>Lo primero y m\u00e1s importante,<\/p>\n<ul>\n<li>El magn\u00edfico <a href=\"https:\/\/repliquemangacine.fr\/es\/joyas-anillos\/replica-colgante-estrella-de-la-noche-arwen\/\">Colgante Arwen<\/a> que le regala a Aragorn, quien lo lleva durante toda la trilog\u00eda.<\/li>\n<li>Tambi\u00e9n est\u00e1 la Broche <a href=\"https:\/\/repliquemangacine.fr\/es\/joyas-anillos\/lorien-hoja-collar-broche-senor-de-los-anillos\/\">Hoja de Lorien<\/a>.<\/li>\n<li>As\u00ed como todos <a href=\"https:\/\/repliquemangacine.fr\/es\/espadas-del-senor-de-los-anillos\/\">Espadas de El Se\u00f1or de los Anillos<\/a> de tus h\u00e9roes favoritos.<\/li>\n<li>Y muchos m\u00e1s por descubrir en nuestra tienda en l\u00ednea.<\/li>\n<\/ul>\n<p>He aqu\u00ed una estupenda idea de regalo para los fans de la trilog\u00eda de El Se\u00f1or de los Anillos.<\/p>\n<p>En conclusi\u00f3n, puedes llevar el Anillo \u00danico en tu vida cotidiana, como anillo o alrededor del cuello, como Frodo. Pero, ante todo, es una pieza de colecci\u00f3n.<\/p>\n<h2>\u00bfC\u00f3mo cuido mis joyas de plata u oro?<\/h2>\n<p>Cabe destacar que la plata es m\u00e1s fr\u00e1gil que el oro. Con el paso del tiempo, el roce, el sudor y el polvo, pierde su brillo y se empa\u00f1a.<\/p>\n<p>Aqu\u00ed tienes algunos consejos para limpiar tu Anillo \u00danico de plata u oro, con los que retrasar\u00e1s la aparici\u00f3n de signos de desgaste.<\/p>\n<ul>\n<li>Bicarbonato s\u00f3dico: una soluci\u00f3n eficaz. Vierte agua en un cuenco y funde el bicarbonato de sodio. Sumerge tus joyas en \u00e9l durante unas horas. Coge un cepillo de dientes muy suave y frota suavemente. Aclara con agua limpia.<\/li>\n<li>Vinagre blanco: Del mismo modo, sumerja completamente sus joyas en vinagre blanco. Espere 2 horas, enjuague con agua tibia y s\u00e9quelas con un pa\u00f1o suave.<br \/>\nY luego est\u00e1n todos los trucos de la abuela, como la coca...<\/li>\n<\/ul>\n<p>As\u00ed podr\u00e1 lucir sus joyas durante m\u00e1s tiempo.<\/p>","protected":false},"excerpt":{"rendered":"<p>Sublime reproducci\u00f3n del Anillo \u00fanico de El Se\u00f1or de los Anillos.<\/p>\n<ul>\n<li>Disponible en dos colores.<\/li>\n<li>Este anillo est\u00e1 hecho de acero inoxidable, tungsteno, plomo sin n\u00edquel, chapado en oro o plata.<\/li>\n<li>Escritura \u00e9lfica grabada con l\u00e1ser.<\/li>\n<li>Se entrega en una bolsa de terciopelo.<\/li>\n<\/ul>","protected":false},"featured_media":64044,"template":"","meta":[],"product_brand":[896],"product_cat":[78,24,29],"product_tag":[],"class_list":{"0":"post-64775","1":"product","2":"type-product","3":"status-publish","4":"has-post-thumbnail","6":"product_brand-replique-manga-cine","7":"product_cat-bijoux-anneaux","8":"product_cat-films-series-tv-vente-de-katana-epee-et-produits-derives","9":"product_cat-le-seigneur-des-anneaux","11":"first","12":"instock","13":"taxable","14":"shipping-taxable","15":"purchasable","16":"product-type-variable"},"yoast_head":"<!-- This site is optimized with the Yoast SEO plugin v27.4 - https:\/\/yoast.com\/product\/yoast-seo-wordpress\/ -->\n<title>Anneau Unique - Le Seigneur des Anneaux - R\u00e9plique Manga Cin\u00e9<\/title>\n<meta name=\"description\" content=\"Offrez-vous l&#039;Anneau Unique de Pouvoir dans le Seigneur des Anneaux au meilleur prix. Bague en acier inoxydable plaqu\u00e9 or ou argent, \u00e9critures au laser\" \/>\n<meta name=\"robots\" content=\"index, follow, max-snippet:-1, max-image-preview:large, max-video-preview:-1\" \/>\n<link rel=\"canonical\" href=\"https:\/\/repliquemangacine.fr\/es\/joyas-anillos\/anillo-unico\/\" \/>\n<meta property=\"og:locale\" content=\"es_ES\" \/>\n<meta property=\"og:type\" content=\"article\" \/>\n<meta property=\"og:title\" content=\"Anneau Unique - Le Seigneur des Anneaux - R\u00e9plique Manga Cin\u00e9\" \/>\n<meta property=\"og:description\" content=\"Offrez-vous l&#039;Anneau Unique de Pouvoir dans le Seigneur des Anneaux au meilleur prix. Bague en acier inoxydable plaqu\u00e9 or ou argent, \u00e9critures au laser\" \/>\n<meta property=\"og:url\" content=\"https:\/\/repliquemangacine.fr\/es\/joyas-anillos\/anillo-unico\/\" \/>\n<meta property=\"og:site_name\" content=\"R\u00e9plique Manga Cin\u00e9\" \/>\n<meta property=\"article:publisher\" content=\"https:\/\/www.facebook.com\/RepliqueMangaCine\" \/>\n<meta property=\"article:modified_time\" content=\"2025-12-05T15:58:43+00:00\" \/>\n<meta property=\"og:image\" content=\"https:\/\/repliquemangacine.fr\/wp-content\/uploads\/2023\/10\/1580-Anneau-unique-Le-Signeur-des-Anneaux-1.jpg\" \/>\n\t<meta property=\"og:image:width\" content=\"600\" \/>\n\t<meta property=\"og:image:height\" content=\"600\" \/>\n\t<meta property=\"og:image:type\" content=\"image\/jpeg\" \/>\n<meta name=\"twitter:card\" content=\"summary_large_image\" \/>\n<meta name=\"twitter:label1\" content=\"Tiempo de lectura\" \/>\n\t<meta name=\"twitter:data1\" content=\"3 minutos\" \/>\n<script type=\"application\/ld+json\" class=\"yoast-schema-graph\">{\"@context\":\"https:\\\/\\\/schema.org\",\"@graph\":[{\"@type\":\"WebPage\",\"@id\":\"https:\\\/\\\/repliquemangacine.fr\\\/bijoux-anneaux\\\/anneau-unique\\\/\",\"url\":\"https:\\\/\\\/repliquemangacine.fr\\\/bijoux-anneaux\\\/anneau-unique\\\/\",\"name\":\"Anneau Unique - Le Seigneur des Anneaux - R\u00e9plique Manga Cin\u00e9\",\"isPartOf\":{\"@id\":\"https:\\\/\\\/repliquemangacine.fr\\\/#website\"},\"primaryImageOfPage\":{\"@id\":\"https:\\\/\\\/repliquemangacine.fr\\\/bijoux-anneaux\\\/anneau-unique\\\/#primaryimage\"},\"image\":{\"@id\":\"https:\\\/\\\/repliquemangacine.fr\\\/bijoux-anneaux\\\/anneau-unique\\\/#primaryimage\"},\"thumbnailUrl\":\"https:\\\/\\\/repliquemangacine.fr\\\/wp-content\\\/uploads\\\/2023\\\/10\\\/1580-Anneau-unique-Le-Signeur-des-Anneaux-1.jpg\",\"datePublished\":\"2023-11-03T17:13:51+00:00\",\"dateModified\":\"2025-12-05T15:58:43+00:00\",\"description\":\"Offrez-vous l'Anneau Unique de Pouvoir dans le Seigneur des Anneaux au meilleur prix. Bague en acier inoxydable plaqu\u00e9 or ou argent, \u00e9critures au laser\",\"breadcrumb\":{\"@id\":\"https:\\\/\\\/repliquemangacine.fr\\\/bijoux-anneaux\\\/anneau-unique\\\/#breadcrumb\"},\"inLanguage\":\"es\",\"potentialAction\":[{\"@type\":\"ReadAction\",\"target\":[\"https:\\\/\\\/repliquemangacine.fr\\\/bijoux-anneaux\\\/anneau-unique\\\/\"]}]},{\"@type\":\"ImageObject\",\"inLanguage\":\"es\",\"@id\":\"https:\\\/\\\/repliquemangacine.fr\\\/bijoux-anneaux\\\/anneau-unique\\\/#primaryimage\",\"url\":\"https:\\\/\\\/repliquemangacine.fr\\\/wp-content\\\/uploads\\\/2023\\\/10\\\/1580-Anneau-unique-Le-Signeur-des-Anneaux-1.jpg\",\"contentUrl\":\"https:\\\/\\\/repliquemangacine.fr\\\/wp-content\\\/uploads\\\/2023\\\/10\\\/1580-Anneau-unique-Le-Signeur-des-Anneaux-1.jpg\",\"width\":600,\"height\":600,\"caption\":\"Anneau unique - Le Seigneur des Anneaux\"},{\"@type\":\"BreadcrumbList\",\"@id\":\"https:\\\/\\\/repliquemangacine.fr\\\/bijoux-anneaux\\\/anneau-unique\\\/#breadcrumb\",\"itemListElement\":[{\"@type\":\"ListItem\",\"position\":1,\"name\":\"Accueil\",\"item\":\"https:\\\/\\\/repliquemangacine.fr\\\/\"},{\"@type\":\"ListItem\",\"position\":2,\"name\":\"Produits\",\"item\":\"https:\\\/\\\/repliquemangacine.fr\\\/boutique\\\/\"},{\"@type\":\"ListItem\",\"position\":3,\"name\":\"Anneau Unique\"}]},{\"@type\":\"WebSite\",\"@id\":\"https:\\\/\\\/repliquemangacine.fr\\\/#website\",\"url\":\"https:\\\/\\\/repliquemangacine.fr\\\/\",\"name\":\"R\u00e9plique Manga Cin\u00e9\",\"description\":\"\",\"publisher\":{\"@id\":\"https:\\\/\\\/repliquemangacine.fr\\\/#organization\"},\"potentialAction\":[{\"@type\":\"SearchAction\",\"target\":{\"@type\":\"EntryPoint\",\"urlTemplate\":\"https:\\\/\\\/repliquemangacine.fr\\\/?s={search_term_string}\"},\"query-input\":{\"@type\":\"PropertyValueSpecification\",\"valueRequired\":true,\"valueName\":\"search_term_string\"}}],\"inLanguage\":\"es\"},{\"@type\":\"Organization\",\"@id\":\"https:\\\/\\\/repliquemangacine.fr\\\/#organization\",\"name\":\"R\u00e9plique Manga Cin\u00e9\",\"url\":\"https:\\\/\\\/repliquemangacine.fr\\\/\",\"logo\":{\"@type\":\"ImageObject\",\"inLanguage\":\"es\",\"@id\":\"https:\\\/\\\/repliquemangacine.fr\\\/#\\\/schema\\\/logo\\\/image\\\/\",\"url\":\"https:\\\/\\\/repliquemangacine.fr\\\/wp-content\\\/uploads\\\/2023\\\/10\\\/RMC-500250.png\",\"contentUrl\":\"https:\\\/\\\/repliquemangacine.fr\\\/wp-content\\\/uploads\\\/2023\\\/10\\\/RMC-500250.png\",\"width\":500,\"height\":250,\"caption\":\"R\u00e9plique Manga Cin\u00e9\"},\"image\":{\"@id\":\"https:\\\/\\\/repliquemangacine.fr\\\/#\\\/schema\\\/logo\\\/image\\\/\"},\"sameAs\":[\"https:\\\/\\\/www.facebook.com\\\/RepliqueMangaCine\",\"https:\\\/\\\/www.instagram.com\\\/repliquemangacine.fr\\\/\"]}]}<\/script>\n<!-- \/ Yoast SEO plugin. -->","yoast_head_json":{"title":"Anillo \u00danico - El Se\u00f1or de los Anillos - R\u00e9plique Manga Cin\u00e9","description":"Reg\u00e1late el Anillo \u00danico de Poder de El Se\u00f1or de los Anillos al mejor precio. Anillo de acero inoxidable chapado en oro o plata, grabado con l\u00e1ser","robots":{"index":"index","follow":"follow","max-snippet":"max-snippet:-1","max-image-preview":"max-image-preview:large","max-video-preview":"max-video-preview:-1"},"canonical":"https:\/\/repliquemangacine.fr\/es\/joyas-anillos\/anillo-unico\/","og_locale":"es_ES","og_type":"article","og_title":"Anneau Unique - Le Seigneur des Anneaux - R\u00e9plique Manga Cin\u00e9","og_description":"Offrez-vous l'Anneau Unique de Pouvoir dans le Seigneur des Anneaux au meilleur prix. Bague en acier inoxydable plaqu\u00e9 or ou argent, \u00e9critures au laser","og_url":"https:\/\/repliquemangacine.fr\/es\/joyas-anillos\/anillo-unico\/","og_site_name":"R\u00e9plique Manga Cin\u00e9","article_publisher":"https:\/\/www.facebook.com\/RepliqueMangaCine","article_modified_time":"2025-12-05T15:58:43+00:00","og_image":[{"width":600,"height":600,"url":"https:\/\/repliquemangacine.fr\/wp-content\/uploads\/2023\/10\/1580-Anneau-unique-Le-Signeur-des-Anneaux-1.jpg","type":"image\/jpeg"}],"twitter_card":"summary_large_image","twitter_misc":{"Tiempo de lectura":"3 minutos"},"schema":{"@context":"https:\/\/schema.org","@graph":[{"@type":"WebPage","@id":"https:\/\/repliquemangacine.fr\/bijoux-anneaux\/anneau-unique\/","url":"https:\/\/repliquemangacine.fr\/bijoux-anneaux\/anneau-unique\/","name":"Anillo \u00danico - El Se\u00f1or de los Anillos - R\u00e9plique Manga Cin\u00e9","isPartOf":{"@id":"https:\/\/repliquemangacine.fr\/#website"},"primaryImageOfPage":{"@id":"https:\/\/repliquemangacine.fr\/bijoux-anneaux\/anneau-unique\/#primaryimage"},"image":{"@id":"https:\/\/repliquemangacine.fr\/bijoux-anneaux\/anneau-unique\/#primaryimage"},"thumbnailUrl":"https:\/\/repliquemangacine.fr\/wp-content\/uploads\/2023\/10\/1580-Anneau-unique-Le-Signeur-des-Anneaux-1.jpg","datePublished":"2023-11-03T17:13:51+00:00","dateModified":"2025-12-05T15:58:43+00:00","description":"Reg\u00e1late el Anillo \u00danico de Poder de El Se\u00f1or de los Anillos al mejor precio. Anillo de acero inoxidable chapado en oro o plata, grabado con l\u00e1ser","breadcrumb":{"@id":"https:\/\/repliquemangacine.fr\/bijoux-anneaux\/anneau-unique\/#breadcrumb"},"inLanguage":"es","potentialAction":[{"@type":"ReadAction","target":["https:\/\/repliquemangacine.fr\/bijoux-anneaux\/anneau-unique\/"]}]},{"@type":"ImageObject","inLanguage":"es","@id":"https:\/\/repliquemangacine.fr\/bijoux-anneaux\/anneau-unique\/#primaryimage","url":"https:\/\/repliquemangacine.fr\/wp-content\/uploads\/2023\/10\/1580-Anneau-unique-Le-Signeur-des-Anneaux-1.jpg","contentUrl":"https:\/\/repliquemangacine.fr\/wp-content\/uploads\/2023\/10\/1580-Anneau-unique-Le-Signeur-des-Anneaux-1.jpg","width":600,"height":600,"caption":"Anneau unique - Le Seigneur des Anneaux"},{"@type":"BreadcrumbList","@id":"https:\/\/repliquemangacine.fr\/bijoux-anneaux\/anneau-unique\/#breadcrumb","itemListElement":[{"@type":"ListItem","position":1,"name":"Accueil","item":"https:\/\/repliquemangacine.fr\/"},{"@type":"ListItem","position":2,"name":"Produits","item":"https:\/\/repliquemangacine.fr\/boutique\/"},{"@type":"ListItem","position":3,"name":"Anneau Unique"}]},{"@type":"WebSite","@id":"https:\/\/repliquemangacine.fr\/#website","url":"https:\/\/repliquemangacine.fr\/","name":"R\u00e9plique Manga Cin\u00e9","description":"","publisher":{"@id":"https:\/\/repliquemangacine.fr\/#organization"},"potentialAction":[{"@type":"SearchAction","target":{"@type":"EntryPoint","urlTemplate":"https:\/\/repliquemangacine.fr\/?s={search_term_string}"},"query-input":{"@type":"PropertyValueSpecification","valueRequired":true,"valueName":"search_term_string"}}],"inLanguage":"es"},{"@type":"Organization","@id":"https:\/\/repliquemangacine.fr\/#organization","name":"R\u00e9plique Manga Cin\u00e9","url":"https:\/\/repliquemangacine.fr\/","logo":{"@type":"ImageObject","inLanguage":"es","@id":"https:\/\/repliquemangacine.fr\/#\/schema\/logo\/image\/","url":"https:\/\/repliquemangacine.fr\/wp-content\/uploads\/2023\/10\/RMC-500250.png","contentUrl":"https:\/\/repliquemangacine.fr\/wp-content\/uploads\/2023\/10\/RMC-500250.png","width":500,"height":250,"caption":"R\u00e9plique Manga Cin\u00e9"},"image":{"@id":"https:\/\/repliquemangacine.fr\/#\/schema\/logo\/image\/"},"sameAs":["https:\/\/www.facebook.com\/RepliqueMangaCine","https:\/\/www.instagram.com\/repliquemangacine.fr\/"]}]}},"_links":{"self":[{"href":"https:\/\/repliquemangacine.fr\/es\/wp-json\/wp\/v2\/product\/64775","targetHints":{"allow":["GET"]}}],"collection":[{"href":"https:\/\/repliquemangacine.fr\/es\/wp-json\/wp\/v2\/product"}],"about":[{"href":"https:\/\/repliquemangacine.fr\/es\/wp-json\/wp\/v2\/types\/product"}],"wp:featuredmedia":[{"embeddable":true,"href":"https:\/\/repliquemangacine.fr\/es\/wp-json\/wp\/v2\/media\/64044"}],"wp:attachment":[{"href":"https:\/\/repliquemangacine.fr\/es\/wp-json\/wp\/v2\/media?parent=64775"}],"wp:term":[{"taxonomy":"product_brand","embeddable":true,"href":"https:\/\/repliquemangacine.fr\/es\/wp-json\/wp\/v2\/product_brand?post=64775"},{"taxonomy":"product_cat","embeddable":true,"href":"https:\/\/repliquemangacine.fr\/es\/wp-json\/wp\/v2\/product_cat?post=64775"},{"taxonomy":"product_tag","embeddable":true,"href":"https:\/\/repliquemangacine.fr\/es\/wp-json\/wp\/v2\/product_tag?post=64775"}],"curies":[{"name":"wp","href":"https:\/\/api.w.org\/{rel}","templated":true}]}}