





{"id":64689,"date":"2025-11-19T15:23:42","date_gmt":"2025-11-19T14:23:42","guid":{"rendered":"https:\/\/repliquemangacine.fr\/?post_type=product&#038;p=64689"},"modified":"2025-11-19T15:23:42","modified_gmt":"2025-11-19T14:23:42","slug":"figurita-de-una-pieza-de-la-ley-de-trafalgar","status":"publish","type":"product","link":"https:\/\/repliquemangacine.fr\/es\/figurines-collector\/figurine-trafalgar-law-one-piece\/","title":{"rendered":"Trafalgar Law One Piece figura de acci\u00f3n"},"content":{"rendered":"<h2>Figura no oficial de la Ley de Trafalgar: un tesoro para los fans<\/h2>\n<p>En primer lugar, el <strong>Figurita de la Ley de Trafalgar<\/strong> de One Piece es una pieza excepcional que cautivar\u00e1 los corazones de los fans. Esta r\u00e9plica, aunque no es oficial, captura la esencia del misterioso y carism\u00e1tico cirujano de la muerte.<\/p>\n<p>Cabe destacar que la calidad de esta figura no oficial es sorprendente. Ofrece a los admiradores de One Piece una forma asequible de enriquecer su colecci\u00f3n. Cada detalle, desde los rasgos distintivos de Law hasta los matices de su traje, est\u00e1 cuidadosamente reproducido. Esto permite a los coleccionistas poseer una representaci\u00f3n fiel de <a href=\"https:\/\/onepiece.fandom.com\/fr\/wiki\/Trafalgar_D._Water_Law\" target=\"_blank\" rel=\"noopener noreferrer\">Ley Trafalgar<\/a> sin arruinarse.<\/p>\n<h3>Figurita de Derecho de alta calidad<\/h3>\n<p>Ideal para decorar un espacio personal o como regalo para un fan del universo One Piece. Esta estatuilla es una forma fant\u00e1stica de celebrar a uno de los personajes m\u00e1s intrigantes de la serie. Es una gran adici\u00f3n a la colecci\u00f3n de cualquier fan de One Piece, ya que combina accesibilidad con fidelidad art\u00edstica.<\/p>\n<h2>Estatuilla de la Ley de Trafalgar: relaci\u00f3n calidad-precio excepcional<\/h2>\n<p>La figurita no oficial de la Ley de Trafalgar del cautivador universo One Piece ofrece a los fans una relaci\u00f3n calidad-precio inigualable. De hecho, esta figura demuestra que es posible comprar productos de alta calidad sin arruinarse. Meticulosamente elaborada, esta figurita no oficial de Trafalgar Law combina el detalle con un precio asequible. Destaca el cuidado que se ha puesto en reproducir fielmente el aspecto ic\u00f3nico y el aura misteriosa del personaje.<\/p>\n<h3>Calidad impresionante a un precio asequible<\/h3>\n<p>Los fans de One Piece ya pueden a\u00f1adir a su colecci\u00f3n una representaci\u00f3n aut\u00e9ntica de uno de los personajes m\u00e1s carism\u00e1ticos de la serie, a un precio razonable. Perfecta para adornar una estanter\u00eda o para regalar, esta figurita no oficial es una sabia elecci\u00f3n para quienes buscan combinar la pasi\u00f3n por One Piece con el respeto por el presupuesto.<\/p>\n<h2>\u00bfPor qu\u00e9 elegir nuestras figuras Manga?<\/h2>\n<p>Para empezar, \u00bfpor qu\u00e9 nuestras figuras de manga son una elecci\u00f3n imprescindible para los aficionados y coleccionistas? Encarnan la excelencia en t\u00e9rminos de fidelidad y calidad, sumergiendo a los fans en el coraz\u00f3n de sus universos favoritos.<\/p>\n<p>Se distinguen por su realismo y su atenci\u00f3n al detalle. Cada pieza es fruto de un minucioso trabajo que captura la esencia misma de los personajes y las escenas ic\u00f3nicas.<\/p>\n<p>Tomemos el caso de la <a href=\"https:\/\/repliquemangacine.fr\/es\/figuritas\/figurita-zoro-one-piece\/\">Estatuilla de Zoro<\/a> con sus tres espadas, todo confluye: el esp\u00edritu del personaje, la precisi\u00f3n de la pose y la vivacidad de los colores.<\/p>\n<h3>Lealtad y calidad superior: el compromiso de nuestras figuras<\/h3>\n<p>Adem\u00e1s, nuestras figuras est\u00e1n fabricadas con materiales de calidad, lo que garantiza su durabilidad y elegancia a lo largo del tiempo. Al elegir nuestras figuras de One Piece, no solo estar\u00e1s adquiriendo una excepcional pieza de coleccionista, sino tambi\u00e9n un pedazo de la historia de este famoso anime.<\/p>","protected":false},"excerpt":{"rendered":"<p>Magn\u00edfica estatuilla <strong>no oficial<\/strong> de la Ley de Trafalgar en One Piece.<\/p>\n<ul>\n<li>Todo PVC<\/li>\n<li>Acabados extra<\/li>\n<li>Stand de exposici\u00f3n<\/li>\n<li>Altura: 23 cm<\/li>\n<li>Se entrega sin caja de coleccionista<\/li>\n<\/ul>","protected":false},"featured_media":64690,"template":"","meta":[],"product_brand":[896],"product_cat":[831,124,94,23,36],"product_tag":[],"class_list":{"0":"post-64689","1":"product","2":"type-product","3":"status-publish","4":"has-post-thumbnail","6":"product_brand-replique-manga-cine","7":"product_cat-figurines-collector","8":"product_cat-figurines-one-piece","9":"product_cat-goodies","10":"product_cat-repliques-manga-jeux-video","11":"product_cat-katana-one-piece","13":"first","14":"instock","15":"taxable","16":"shipping-taxable","17":"purchasable","18":"product-type-simple"},"yoast_head":"<!-- This site is optimized with the Yoast SEO plugin v27.4 - https:\/\/yoast.com\/product\/yoast-seo-wordpress\/ -->\n<title>Figurine Trafalgar Law One Piece - R\u00e9plique Manga Cin\u00e9<\/title>\n<meta name=\"description\" content=\"D\u00e9couvrez notre Figurine de Trafalgar Law dans One Piece. R\u00e9plique d\u00e9taill\u00e9e, offrant un excellent rapport qualit\u00e9-prix pour les fans et collectionneurs.\" \/>\n<meta name=\"robots\" content=\"index, follow, max-snippet:-1, max-image-preview:large, max-video-preview:-1\" \/>\n<link rel=\"canonical\" href=\"https:\/\/repliquemangacine.fr\/es\/figuras-de-coleccion\/figurita-de-una-pieza-de-la-ley-de-trafalgar\/\" \/>\n<meta property=\"og:locale\" content=\"es_ES\" \/>\n<meta property=\"og:type\" content=\"article\" \/>\n<meta property=\"og:title\" content=\"Figurine Trafalgar Law One Piece - R\u00e9plique Manga Cin\u00e9\" \/>\n<meta property=\"og:description\" content=\"D\u00e9couvrez notre Figurine de Trafalgar Law dans One Piece. R\u00e9plique d\u00e9taill\u00e9e, offrant un excellent rapport qualit\u00e9-prix pour les fans et collectionneurs.\" \/>\n<meta property=\"og:url\" content=\"https:\/\/repliquemangacine.fr\/es\/figuras-de-coleccion\/figurita-de-una-pieza-de-la-ley-de-trafalgar\/\" \/>\n<meta property=\"og:site_name\" content=\"R\u00e9plique Manga Cin\u00e9\" \/>\n<meta property=\"article:publisher\" content=\"https:\/\/www.facebook.com\/RepliqueMangaCine\" \/>\n<meta property=\"og:image\" content=\"https:\/\/repliquemangacine.fr\/wp-content\/uploads\/2023\/11\/figurine-Trafalgar-Law-avec-socle.jpg\" \/>\n\t<meta property=\"og:image:width\" content=\"500\" \/>\n\t<meta property=\"og:image:height\" content=\"500\" \/>\n\t<meta property=\"og:image:type\" content=\"image\/jpeg\" \/>\n<meta name=\"twitter:card\" content=\"summary_large_image\" \/>\n<meta name=\"twitter:label1\" content=\"Tiempo de lectura\" \/>\n\t<meta name=\"twitter:data1\" content=\"3 minutos\" \/>\n<script type=\"application\/ld+json\" class=\"yoast-schema-graph\">{\"@context\":\"https:\\\/\\\/schema.org\",\"@graph\":[{\"@type\":\"WebPage\",\"@id\":\"https:\\\/\\\/repliquemangacine.fr\\\/figurines-collector\\\/figurine-trafalgar-law-one-piece\\\/\",\"url\":\"https:\\\/\\\/repliquemangacine.fr\\\/figurines-collector\\\/figurine-trafalgar-law-one-piece\\\/\",\"name\":\"Figurine Trafalgar Law One Piece - R\u00e9plique Manga Cin\u00e9\",\"isPartOf\":{\"@id\":\"https:\\\/\\\/repliquemangacine.fr\\\/#website\"},\"primaryImageOfPage\":{\"@id\":\"https:\\\/\\\/repliquemangacine.fr\\\/figurines-collector\\\/figurine-trafalgar-law-one-piece\\\/#primaryimage\"},\"image\":{\"@id\":\"https:\\\/\\\/repliquemangacine.fr\\\/figurines-collector\\\/figurine-trafalgar-law-one-piece\\\/#primaryimage\"},\"thumbnailUrl\":\"https:\\\/\\\/repliquemangacine.fr\\\/wp-content\\\/uploads\\\/2023\\\/11\\\/figurine-Trafalgar-Law-avec-socle.jpg\",\"datePublished\":\"2025-11-19T14:23:42+00:00\",\"description\":\"D\u00e9couvrez notre Figurine de Trafalgar Law dans One Piece. R\u00e9plique d\u00e9taill\u00e9e, offrant un excellent rapport qualit\u00e9-prix pour les fans et collectionneurs.\",\"breadcrumb\":{\"@id\":\"https:\\\/\\\/repliquemangacine.fr\\\/figurines-collector\\\/figurine-trafalgar-law-one-piece\\\/#breadcrumb\"},\"inLanguage\":\"es\",\"potentialAction\":[{\"@type\":\"ReadAction\",\"target\":[\"https:\\\/\\\/repliquemangacine.fr\\\/figurines-collector\\\/figurine-trafalgar-law-one-piece\\\/\"]}]},{\"@type\":\"ImageObject\",\"inLanguage\":\"es\",\"@id\":\"https:\\\/\\\/repliquemangacine.fr\\\/figurines-collector\\\/figurine-trafalgar-law-one-piece\\\/#primaryimage\",\"url\":\"https:\\\/\\\/repliquemangacine.fr\\\/wp-content\\\/uploads\\\/2023\\\/11\\\/figurine-Trafalgar-Law-avec-socle.jpg\",\"contentUrl\":\"https:\\\/\\\/repliquemangacine.fr\\\/wp-content\\\/uploads\\\/2023\\\/11\\\/figurine-Trafalgar-Law-avec-socle.jpg\",\"width\":500,\"height\":500,\"caption\":\"Figurine Trafalgar Law One Piece\"},{\"@type\":\"BreadcrumbList\",\"@id\":\"https:\\\/\\\/repliquemangacine.fr\\\/figurines-collector\\\/figurine-trafalgar-law-one-piece\\\/#breadcrumb\",\"itemListElement\":[{\"@type\":\"ListItem\",\"position\":1,\"name\":\"Accueil\",\"item\":\"https:\\\/\\\/repliquemangacine.fr\\\/\"},{\"@type\":\"ListItem\",\"position\":2,\"name\":\"Produits\",\"item\":\"https:\\\/\\\/repliquemangacine.fr\\\/boutique\\\/\"},{\"@type\":\"ListItem\",\"position\":3,\"name\":\"Figurine Trafalgar Law One Piece\"}]},{\"@type\":\"WebSite\",\"@id\":\"https:\\\/\\\/repliquemangacine.fr\\\/#website\",\"url\":\"https:\\\/\\\/repliquemangacine.fr\\\/\",\"name\":\"R\u00e9plique Manga Cin\u00e9\",\"description\":\"\",\"publisher\":{\"@id\":\"https:\\\/\\\/repliquemangacine.fr\\\/#organization\"},\"potentialAction\":[{\"@type\":\"SearchAction\",\"target\":{\"@type\":\"EntryPoint\",\"urlTemplate\":\"https:\\\/\\\/repliquemangacine.fr\\\/?s={search_term_string}\"},\"query-input\":{\"@type\":\"PropertyValueSpecification\",\"valueRequired\":true,\"valueName\":\"search_term_string\"}}],\"inLanguage\":\"es\"},{\"@type\":\"Organization\",\"@id\":\"https:\\\/\\\/repliquemangacine.fr\\\/#organization\",\"name\":\"R\u00e9plique Manga Cin\u00e9\",\"url\":\"https:\\\/\\\/repliquemangacine.fr\\\/\",\"logo\":{\"@type\":\"ImageObject\",\"inLanguage\":\"es\",\"@id\":\"https:\\\/\\\/repliquemangacine.fr\\\/#\\\/schema\\\/logo\\\/image\\\/\",\"url\":\"https:\\\/\\\/repliquemangacine.fr\\\/wp-content\\\/uploads\\\/2023\\\/10\\\/RMC-500250.png\",\"contentUrl\":\"https:\\\/\\\/repliquemangacine.fr\\\/wp-content\\\/uploads\\\/2023\\\/10\\\/RMC-500250.png\",\"width\":500,\"height\":250,\"caption\":\"R\u00e9plique Manga Cin\u00e9\"},\"image\":{\"@id\":\"https:\\\/\\\/repliquemangacine.fr\\\/#\\\/schema\\\/logo\\\/image\\\/\"},\"sameAs\":[\"https:\\\/\\\/www.facebook.com\\\/RepliqueMangaCine\",\"https:\\\/\\\/www.instagram.com\\\/repliquemangacine.fr\\\/\"]}]}<\/script>\n<!-- \/ Yoast SEO plugin. -->","yoast_head_json":{"title":"Trafalgar Law One Piece figura de acci\u00f3n - R\u00e9plique Manga Cin\u00e9","description":"Descubre nuestra figura de la Ley de Trafalgar de One Piece. Una r\u00e9plica detallada con una excelente relaci\u00f3n calidad-precio para fans y coleccionistas.","robots":{"index":"index","follow":"follow","max-snippet":"max-snippet:-1","max-image-preview":"max-image-preview:large","max-video-preview":"max-video-preview:-1"},"canonical":"https:\/\/repliquemangacine.fr\/es\/figuras-de-coleccion\/figurita-de-una-pieza-de-la-ley-de-trafalgar\/","og_locale":"es_ES","og_type":"article","og_title":"Figurine Trafalgar Law One Piece - R\u00e9plique Manga Cin\u00e9","og_description":"D\u00e9couvrez notre Figurine de Trafalgar Law dans One Piece. R\u00e9plique d\u00e9taill\u00e9e, offrant un excellent rapport qualit\u00e9-prix pour les fans et collectionneurs.","og_url":"https:\/\/repliquemangacine.fr\/es\/figuras-de-coleccion\/figurita-de-una-pieza-de-la-ley-de-trafalgar\/","og_site_name":"R\u00e9plique Manga Cin\u00e9","article_publisher":"https:\/\/www.facebook.com\/RepliqueMangaCine","og_image":[{"width":500,"height":500,"url":"https:\/\/repliquemangacine.fr\/wp-content\/uploads\/2023\/11\/figurine-Trafalgar-Law-avec-socle.jpg","type":"image\/jpeg"}],"twitter_card":"summary_large_image","twitter_misc":{"Tiempo de lectura":"3 minutos"},"schema":{"@context":"https:\/\/schema.org","@graph":[{"@type":"WebPage","@id":"https:\/\/repliquemangacine.fr\/figurines-collector\/figurine-trafalgar-law-one-piece\/","url":"https:\/\/repliquemangacine.fr\/figurines-collector\/figurine-trafalgar-law-one-piece\/","name":"Trafalgar Law One Piece figura de acci\u00f3n - R\u00e9plique Manga Cin\u00e9","isPartOf":{"@id":"https:\/\/repliquemangacine.fr\/#website"},"primaryImageOfPage":{"@id":"https:\/\/repliquemangacine.fr\/figurines-collector\/figurine-trafalgar-law-one-piece\/#primaryimage"},"image":{"@id":"https:\/\/repliquemangacine.fr\/figurines-collector\/figurine-trafalgar-law-one-piece\/#primaryimage"},"thumbnailUrl":"https:\/\/repliquemangacine.fr\/wp-content\/uploads\/2023\/11\/figurine-Trafalgar-Law-avec-socle.jpg","datePublished":"2025-11-19T14:23:42+00:00","description":"Descubre nuestra figura de la Ley de Trafalgar de One Piece. Una r\u00e9plica detallada con una excelente relaci\u00f3n calidad-precio para fans y coleccionistas.","breadcrumb":{"@id":"https:\/\/repliquemangacine.fr\/figurines-collector\/figurine-trafalgar-law-one-piece\/#breadcrumb"},"inLanguage":"es","potentialAction":[{"@type":"ReadAction","target":["https:\/\/repliquemangacine.fr\/figurines-collector\/figurine-trafalgar-law-one-piece\/"]}]},{"@type":"ImageObject","inLanguage":"es","@id":"https:\/\/repliquemangacine.fr\/figurines-collector\/figurine-trafalgar-law-one-piece\/#primaryimage","url":"https:\/\/repliquemangacine.fr\/wp-content\/uploads\/2023\/11\/figurine-Trafalgar-Law-avec-socle.jpg","contentUrl":"https:\/\/repliquemangacine.fr\/wp-content\/uploads\/2023\/11\/figurine-Trafalgar-Law-avec-socle.jpg","width":500,"height":500,"caption":"Figurine Trafalgar Law One Piece"},{"@type":"BreadcrumbList","@id":"https:\/\/repliquemangacine.fr\/figurines-collector\/figurine-trafalgar-law-one-piece\/#breadcrumb","itemListElement":[{"@type":"ListItem","position":1,"name":"Accueil","item":"https:\/\/repliquemangacine.fr\/"},{"@type":"ListItem","position":2,"name":"Produits","item":"https:\/\/repliquemangacine.fr\/boutique\/"},{"@type":"ListItem","position":3,"name":"Figurine Trafalgar Law One Piece"}]},{"@type":"WebSite","@id":"https:\/\/repliquemangacine.fr\/#website","url":"https:\/\/repliquemangacine.fr\/","name":"R\u00e9plique Manga Cin\u00e9","description":"","publisher":{"@id":"https:\/\/repliquemangacine.fr\/#organization"},"potentialAction":[{"@type":"SearchAction","target":{"@type":"EntryPoint","urlTemplate":"https:\/\/repliquemangacine.fr\/?s={search_term_string}"},"query-input":{"@type":"PropertyValueSpecification","valueRequired":true,"valueName":"search_term_string"}}],"inLanguage":"es"},{"@type":"Organization","@id":"https:\/\/repliquemangacine.fr\/#organization","name":"R\u00e9plique Manga Cin\u00e9","url":"https:\/\/repliquemangacine.fr\/","logo":{"@type":"ImageObject","inLanguage":"es","@id":"https:\/\/repliquemangacine.fr\/#\/schema\/logo\/image\/","url":"https:\/\/repliquemangacine.fr\/wp-content\/uploads\/2023\/10\/RMC-500250.png","contentUrl":"https:\/\/repliquemangacine.fr\/wp-content\/uploads\/2023\/10\/RMC-500250.png","width":500,"height":250,"caption":"R\u00e9plique Manga Cin\u00e9"},"image":{"@id":"https:\/\/repliquemangacine.fr\/#\/schema\/logo\/image\/"},"sameAs":["https:\/\/www.facebook.com\/RepliqueMangaCine","https:\/\/www.instagram.com\/repliquemangacine.fr\/"]}]}},"_links":{"self":[{"href":"https:\/\/repliquemangacine.fr\/es\/wp-json\/wp\/v2\/product\/64689","targetHints":{"allow":["GET"]}}],"collection":[{"href":"https:\/\/repliquemangacine.fr\/es\/wp-json\/wp\/v2\/product"}],"about":[{"href":"https:\/\/repliquemangacine.fr\/es\/wp-json\/wp\/v2\/types\/product"}],"wp:featuredmedia":[{"embeddable":true,"href":"https:\/\/repliquemangacine.fr\/es\/wp-json\/wp\/v2\/media\/64690"}],"wp:attachment":[{"href":"https:\/\/repliquemangacine.fr\/es\/wp-json\/wp\/v2\/media?parent=64689"}],"wp:term":[{"taxonomy":"product_brand","embeddable":true,"href":"https:\/\/repliquemangacine.fr\/es\/wp-json\/wp\/v2\/product_brand?post=64689"},{"taxonomy":"product_cat","embeddable":true,"href":"https:\/\/repliquemangacine.fr\/es\/wp-json\/wp\/v2\/product_cat?post=64689"},{"taxonomy":"product_tag","embeddable":true,"href":"https:\/\/repliquemangacine.fr\/es\/wp-json\/wp\/v2\/product_tag?post=64689"}],"curies":[{"name":"wp","href":"https:\/\/api.w.org\/{rel}","templated":true}]}}