





{"id":64675,"date":"2025-11-19T15:23:42","date_gmt":"2025-11-19T14:23:42","guid":{"rendered":"https:\/\/repliquemangacine.fr\/?post_type=product&#038;p=64675"},"modified":"2025-11-19T15:23:42","modified_gmt":"2025-11-19T14:23:42","slug":"figura-ace-one-piece","status":"publish","type":"product","link":"https:\/\/repliquemangacine.fr\/es\/figurines-one-piece\/figurine-ace-one-piece\/","title":{"rendered":"Figura de acci\u00f3n Ace One Piece"},"content":{"rendered":"<h2>Figurita Ace - One Piece: Un tesoro de coleccionista<\/h2>\n<p>Ante todo, la estatuilla Ace de la emblem\u00e1tica saga One Piece es mucho m\u00e1s que un objeto de coleccionista. Estas estatuillas capturan la esencia misma de <a href=\"https:\/\/onepiece.fandom.com\/fr\/wiki\/Portgas_D._Ace\" target=\"_blank\" rel=\"noopener noreferrer\">Portgas D. As<\/a>, uno de los personajes m\u00e1s carism\u00e1ticos y queridos del universo One Piece.<\/p>\n<p>Aunque esta figura no es oficial, la precisi\u00f3n de los detalles, la exactitud de los colores y la fidelidad a la animaci\u00f3n te dejar\u00e1n sin palabras. Estas r\u00e9plicas minuciosamente dise\u00f1adas ofrecen a los fans la oportunidad \u00fanica de poseer una parte de su serie favorita.<\/p>\n<h2>Una inmersi\u00f3n en la aventura de One Piece<\/h2>\n<p>No s\u00f3lo encarna el ardiente carisma de Ace, sino que tambi\u00e9n te invita a un viaje por el mundo de los piratas. Ideal para adornar una estanter\u00eda, esta estatuilla de Ace es imprescindible para cualquier aficionado a One Piece. Sum\u00e9rgete en la \u00e9pica aventura y convierte tu colecci\u00f3n en una leyenda viva.<\/p>\n<h2>Figura de acci\u00f3n Ace: inmejorable relaci\u00f3n calidad-precio, aunque no sea oficial<\/h2>\n<p>Descubre la figura Ace, donde la calidad y la accesibilidad se unen, incluso en nuestra gama no oficial. Cada estatuilla de Portgas D. Ace, personaje emblem\u00e1tico y protagonista de la aventura, encarna el esp\u00edritu de One Piece con una autenticidad impresionante.<\/p>\n<p>Nuestra colecci\u00f3n de figuras Ace no oficiales es una aut\u00e9ntica proeza en cuanto a relaci\u00f3n calidad-precio. Estas creaciones, aunque m\u00e1s asequibles que las versiones oficiales, no renuncian a la calidad. Los cuidados detalles, los colores fieles y el respeto por la est\u00e9tica original de One Piece hacen que estas figuras destaquen sobre las dem\u00e1s.<\/p>\n<h3>Figuras no oficiales de calidad y precio inigualables<\/h3>\n<p>Ofrecen a los aficionados una inmersi\u00f3n total en el mundo de los piratas a un precio imbatible. Perfectos para coleccionistas con presupuesto ajustado. Emb\u00e1rcate en la \u00e9pica aventura de One Piece, donde la calidad va de la mano de precios asequibles.<\/p>\n<h2>Goodies y Sabres de One Piece: Collect the Epic<\/h2>\n<p>Ad\u00e9ntrate en el fascinante mundo de los productos y espadas de One Piece, una colecci\u00f3n que transporta a los fans directamente a las turbulentas aguas de Grand Line.<\/p>\n<p>Nuestras espadas, id\u00e9nticas a las armas de One Piece, ofrecen una calidad y autenticidad sin igual. Estos son algunos ejemplos:<\/p>\n<ul>\n<li>Le <a href=\"https:\/\/repliquemangacine.fr\/es\/katana-de-madera-de-una-pieza\/katana-de-madera-shusui-zoro-una-pieza\/\">Katana de madera Shusui<\/a> de zoro, tambi\u00e9n disponible en metal<\/li>\n<li>As\u00ed como el <a href=\"https:\/\/repliquemangacine.fr\/es\/katana-de-metal-de-una-pieza\/shanks-le-roux-espada\/\">Espada Shanks<\/a> le roux<\/li>\n<li>Tambi\u00e9n hay <a href=\"https:\/\/repliquemangacine.fr\/es\/tanto-mini-katana-de-una-pieza\/\">mini-katanas<\/a> en acero<\/li>\n<\/ul>\n<p>En conclusi\u00f3n, estos objetos de colecci\u00f3n no s\u00f3lo encarnan el poder y la elegancia de los personajes, sino que tambi\u00e9n son una invitaci\u00f3n a poseer un fragmento de su mundo.<\/p>\n<h3>Los sables de One Piece: m\u00e1s que una r\u00e9plica, una leyenda<\/h3>\n<p>Por \u00faltimo, los accesorios, que van desde figuras hasta p\u00f3sters y art\u00edculos tem\u00e1ticos, completan esta inmersi\u00f3n. Con nuestra selecci\u00f3n de art\u00edculos de One Piece, sum\u00e9rgete en la epopeya y guarda un pedazo de esta legendaria aventura en casa.<\/p>","protected":false},"excerpt":{"rendered":"<p>Magn\u00edfica estatuilla <strong>no oficial<\/strong> del personaje Portgas D. Ace en One Piece<\/p>\n<ul>\n<li>Todo PVC<\/li>\n<li>Con todo lujo de detalles<\/li>\n<li>Base<\/li>\n<li>Altura 23 cm<\/li>\n<li>Se entrega en una caja de coleccionista<\/li>\n<\/ul>","protected":false},"featured_media":64680,"template":"","meta":[],"product_brand":[896],"product_cat":[831,124,94,23,36],"product_tag":[],"class_list":{"0":"post-64675","1":"product","2":"type-product","3":"status-publish","4":"has-post-thumbnail","6":"product_brand-replique-manga-cine","7":"product_cat-figurines-collector","8":"product_cat-figurines-one-piece","9":"product_cat-goodies","10":"product_cat-repliques-manga-jeux-video","11":"product_cat-katana-one-piece","13":"first","14":"instock","15":"taxable","16":"shipping-taxable","17":"purchasable","18":"product-type-simple"},"yoast_head":"<!-- This site is optimized with the Yoast SEO plugin v27.4 - https:\/\/yoast.com\/product\/yoast-seo-wordpress\/ -->\n<title>Figurine Ace - Figurine One Piece | R\u00e9plique Manga Cin\u00e9<\/title>\n<meta name=\"description\" content=\"D\u00e9couvrez notre Figurine Ace de One Piece : une r\u00e9plique d\u00e9taill\u00e9e, offrant un excellent rapport qualit\u00e9-prix pour les fans et collectionneurs.\" \/>\n<meta name=\"robots\" content=\"index, follow, max-snippet:-1, max-image-preview:large, max-video-preview:-1\" \/>\n<link rel=\"canonical\" href=\"https:\/\/repliquemangacine.fr\/es\/figuras-de-una-pieza\/figura-ace-one-piece\/\" \/>\n<meta property=\"og:locale\" content=\"es_ES\" \/>\n<meta property=\"og:type\" content=\"article\" \/>\n<meta property=\"og:title\" content=\"Figurine Ace - Figurine One Piece | R\u00e9plique Manga Cin\u00e9\" \/>\n<meta property=\"og:description\" content=\"D\u00e9couvrez notre Figurine Ace de One Piece : une r\u00e9plique d\u00e9taill\u00e9e, offrant un excellent rapport qualit\u00e9-prix pour les fans et collectionneurs.\" \/>\n<meta property=\"og:url\" content=\"https:\/\/repliquemangacine.fr\/es\/figuras-de-una-pieza\/figura-ace-one-piece\/\" \/>\n<meta property=\"og:site_name\" content=\"R\u00e9plique Manga Cin\u00e9\" \/>\n<meta property=\"article:publisher\" content=\"https:\/\/www.facebook.com\/RepliqueMangaCine\" \/>\n<meta property=\"og:image\" content=\"https:\/\/repliquemangacine.fr\/wp-content\/uploads\/2023\/11\/Figurine-Ace-One-Piece.jpg\" \/>\n\t<meta property=\"og:image:width\" content=\"500\" \/>\n\t<meta property=\"og:image:height\" content=\"500\" \/>\n\t<meta property=\"og:image:type\" content=\"image\/jpeg\" \/>\n<meta name=\"twitter:card\" content=\"summary_large_image\" \/>\n<meta name=\"twitter:label1\" content=\"Tiempo de lectura\" \/>\n\t<meta name=\"twitter:data1\" content=\"3 minutos\" \/>\n<script type=\"application\/ld+json\" class=\"yoast-schema-graph\">{\"@context\":\"https:\\\/\\\/schema.org\",\"@graph\":[{\"@type\":\"WebPage\",\"@id\":\"https:\\\/\\\/repliquemangacine.fr\\\/figurines-one-piece\\\/figurine-ace-one-piece\\\/\",\"url\":\"https:\\\/\\\/repliquemangacine.fr\\\/figurines-one-piece\\\/figurine-ace-one-piece\\\/\",\"name\":\"Figurine Ace - Figurine One Piece | R\u00e9plique Manga Cin\u00e9\",\"isPartOf\":{\"@id\":\"https:\\\/\\\/repliquemangacine.fr\\\/#website\"},\"primaryImageOfPage\":{\"@id\":\"https:\\\/\\\/repliquemangacine.fr\\\/figurines-one-piece\\\/figurine-ace-one-piece\\\/#primaryimage\"},\"image\":{\"@id\":\"https:\\\/\\\/repliquemangacine.fr\\\/figurines-one-piece\\\/figurine-ace-one-piece\\\/#primaryimage\"},\"thumbnailUrl\":\"https:\\\/\\\/repliquemangacine.fr\\\/wp-content\\\/uploads\\\/2023\\\/11\\\/Figurine-Ace-One-Piece.jpg\",\"datePublished\":\"2025-11-19T14:23:42+00:00\",\"description\":\"D\u00e9couvrez notre Figurine Ace de One Piece : une r\u00e9plique d\u00e9taill\u00e9e, offrant un excellent rapport qualit\u00e9-prix pour les fans et collectionneurs.\",\"breadcrumb\":{\"@id\":\"https:\\\/\\\/repliquemangacine.fr\\\/figurines-one-piece\\\/figurine-ace-one-piece\\\/#breadcrumb\"},\"inLanguage\":\"es\",\"potentialAction\":[{\"@type\":\"ReadAction\",\"target\":[\"https:\\\/\\\/repliquemangacine.fr\\\/figurines-one-piece\\\/figurine-ace-one-piece\\\/\"]}]},{\"@type\":\"ImageObject\",\"inLanguage\":\"es\",\"@id\":\"https:\\\/\\\/repliquemangacine.fr\\\/figurines-one-piece\\\/figurine-ace-one-piece\\\/#primaryimage\",\"url\":\"https:\\\/\\\/repliquemangacine.fr\\\/wp-content\\\/uploads\\\/2023\\\/11\\\/Figurine-Ace-One-Piece.jpg\",\"contentUrl\":\"https:\\\/\\\/repliquemangacine.fr\\\/wp-content\\\/uploads\\\/2023\\\/11\\\/Figurine-Ace-One-Piece.jpg\",\"width\":500,\"height\":500,\"caption\":\"Figurine Ace One Piece\"},{\"@type\":\"BreadcrumbList\",\"@id\":\"https:\\\/\\\/repliquemangacine.fr\\\/figurines-one-piece\\\/figurine-ace-one-piece\\\/#breadcrumb\",\"itemListElement\":[{\"@type\":\"ListItem\",\"position\":1,\"name\":\"Accueil\",\"item\":\"https:\\\/\\\/repliquemangacine.fr\\\/\"},{\"@type\":\"ListItem\",\"position\":2,\"name\":\"Produits\",\"item\":\"https:\\\/\\\/repliquemangacine.fr\\\/boutique\\\/\"},{\"@type\":\"ListItem\",\"position\":3,\"name\":\"Figurine Ace One Piece\"}]},{\"@type\":\"WebSite\",\"@id\":\"https:\\\/\\\/repliquemangacine.fr\\\/#website\",\"url\":\"https:\\\/\\\/repliquemangacine.fr\\\/\",\"name\":\"R\u00e9plique Manga Cin\u00e9\",\"description\":\"\",\"publisher\":{\"@id\":\"https:\\\/\\\/repliquemangacine.fr\\\/#organization\"},\"potentialAction\":[{\"@type\":\"SearchAction\",\"target\":{\"@type\":\"EntryPoint\",\"urlTemplate\":\"https:\\\/\\\/repliquemangacine.fr\\\/?s={search_term_string}\"},\"query-input\":{\"@type\":\"PropertyValueSpecification\",\"valueRequired\":true,\"valueName\":\"search_term_string\"}}],\"inLanguage\":\"es\"},{\"@type\":\"Organization\",\"@id\":\"https:\\\/\\\/repliquemangacine.fr\\\/#organization\",\"name\":\"R\u00e9plique Manga Cin\u00e9\",\"url\":\"https:\\\/\\\/repliquemangacine.fr\\\/\",\"logo\":{\"@type\":\"ImageObject\",\"inLanguage\":\"es\",\"@id\":\"https:\\\/\\\/repliquemangacine.fr\\\/#\\\/schema\\\/logo\\\/image\\\/\",\"url\":\"https:\\\/\\\/repliquemangacine.fr\\\/wp-content\\\/uploads\\\/2023\\\/10\\\/RMC-500250.png\",\"contentUrl\":\"https:\\\/\\\/repliquemangacine.fr\\\/wp-content\\\/uploads\\\/2023\\\/10\\\/RMC-500250.png\",\"width\":500,\"height\":250,\"caption\":\"R\u00e9plique Manga Cin\u00e9\"},\"image\":{\"@id\":\"https:\\\/\\\/repliquemangacine.fr\\\/#\\\/schema\\\/logo\\\/image\\\/\"},\"sameAs\":[\"https:\\\/\\\/www.facebook.com\\\/RepliqueMangaCine\",\"https:\\\/\\\/www.instagram.com\\\/repliquemangacine.fr\\\/\"]}]}<\/script>\n<!-- \/ Yoast SEO plugin. -->","yoast_head_json":{"title":"Ace figura de acci\u00f3n - One Piece figura de acci\u00f3n | R\u00e9plique Manga Cin\u00e9","description":"Descubre nuestra figura de Ace de One Piece: una r\u00e9plica detallada con una excelente relaci\u00f3n calidad-precio para fans y coleccionistas.","robots":{"index":"index","follow":"follow","max-snippet":"max-snippet:-1","max-image-preview":"max-image-preview:large","max-video-preview":"max-video-preview:-1"},"canonical":"https:\/\/repliquemangacine.fr\/es\/figuras-de-una-pieza\/figura-ace-one-piece\/","og_locale":"es_ES","og_type":"article","og_title":"Figurine Ace - Figurine One Piece | R\u00e9plique Manga Cin\u00e9","og_description":"D\u00e9couvrez notre Figurine Ace de One Piece : une r\u00e9plique d\u00e9taill\u00e9e, offrant un excellent rapport qualit\u00e9-prix pour les fans et collectionneurs.","og_url":"https:\/\/repliquemangacine.fr\/es\/figuras-de-una-pieza\/figura-ace-one-piece\/","og_site_name":"R\u00e9plique Manga Cin\u00e9","article_publisher":"https:\/\/www.facebook.com\/RepliqueMangaCine","og_image":[{"width":500,"height":500,"url":"https:\/\/repliquemangacine.fr\/wp-content\/uploads\/2023\/11\/Figurine-Ace-One-Piece.jpg","type":"image\/jpeg"}],"twitter_card":"summary_large_image","twitter_misc":{"Tiempo de lectura":"3 minutos"},"schema":{"@context":"https:\/\/schema.org","@graph":[{"@type":"WebPage","@id":"https:\/\/repliquemangacine.fr\/figurines-one-piece\/figurine-ace-one-piece\/","url":"https:\/\/repliquemangacine.fr\/figurines-one-piece\/figurine-ace-one-piece\/","name":"Ace figura de acci\u00f3n - One Piece figura de acci\u00f3n | R\u00e9plique Manga Cin\u00e9","isPartOf":{"@id":"https:\/\/repliquemangacine.fr\/#website"},"primaryImageOfPage":{"@id":"https:\/\/repliquemangacine.fr\/figurines-one-piece\/figurine-ace-one-piece\/#primaryimage"},"image":{"@id":"https:\/\/repliquemangacine.fr\/figurines-one-piece\/figurine-ace-one-piece\/#primaryimage"},"thumbnailUrl":"https:\/\/repliquemangacine.fr\/wp-content\/uploads\/2023\/11\/Figurine-Ace-One-Piece.jpg","datePublished":"2025-11-19T14:23:42+00:00","description":"Descubre nuestra figura de Ace de One Piece: una r\u00e9plica detallada con una excelente relaci\u00f3n calidad-precio para fans y coleccionistas.","breadcrumb":{"@id":"https:\/\/repliquemangacine.fr\/figurines-one-piece\/figurine-ace-one-piece\/#breadcrumb"},"inLanguage":"es","potentialAction":[{"@type":"ReadAction","target":["https:\/\/repliquemangacine.fr\/figurines-one-piece\/figurine-ace-one-piece\/"]}]},{"@type":"ImageObject","inLanguage":"es","@id":"https:\/\/repliquemangacine.fr\/figurines-one-piece\/figurine-ace-one-piece\/#primaryimage","url":"https:\/\/repliquemangacine.fr\/wp-content\/uploads\/2023\/11\/Figurine-Ace-One-Piece.jpg","contentUrl":"https:\/\/repliquemangacine.fr\/wp-content\/uploads\/2023\/11\/Figurine-Ace-One-Piece.jpg","width":500,"height":500,"caption":"Figurine Ace One Piece"},{"@type":"BreadcrumbList","@id":"https:\/\/repliquemangacine.fr\/figurines-one-piece\/figurine-ace-one-piece\/#breadcrumb","itemListElement":[{"@type":"ListItem","position":1,"name":"Accueil","item":"https:\/\/repliquemangacine.fr\/"},{"@type":"ListItem","position":2,"name":"Produits","item":"https:\/\/repliquemangacine.fr\/boutique\/"},{"@type":"ListItem","position":3,"name":"Figurine Ace One Piece"}]},{"@type":"WebSite","@id":"https:\/\/repliquemangacine.fr\/#website","url":"https:\/\/repliquemangacine.fr\/","name":"R\u00e9plique Manga Cin\u00e9","description":"","publisher":{"@id":"https:\/\/repliquemangacine.fr\/#organization"},"potentialAction":[{"@type":"SearchAction","target":{"@type":"EntryPoint","urlTemplate":"https:\/\/repliquemangacine.fr\/?s={search_term_string}"},"query-input":{"@type":"PropertyValueSpecification","valueRequired":true,"valueName":"search_term_string"}}],"inLanguage":"es"},{"@type":"Organization","@id":"https:\/\/repliquemangacine.fr\/#organization","name":"R\u00e9plique Manga Cin\u00e9","url":"https:\/\/repliquemangacine.fr\/","logo":{"@type":"ImageObject","inLanguage":"es","@id":"https:\/\/repliquemangacine.fr\/#\/schema\/logo\/image\/","url":"https:\/\/repliquemangacine.fr\/wp-content\/uploads\/2023\/10\/RMC-500250.png","contentUrl":"https:\/\/repliquemangacine.fr\/wp-content\/uploads\/2023\/10\/RMC-500250.png","width":500,"height":250,"caption":"R\u00e9plique Manga Cin\u00e9"},"image":{"@id":"https:\/\/repliquemangacine.fr\/#\/schema\/logo\/image\/"},"sameAs":["https:\/\/www.facebook.com\/RepliqueMangaCine","https:\/\/www.instagram.com\/repliquemangacine.fr\/"]}]}},"_links":{"self":[{"href":"https:\/\/repliquemangacine.fr\/es\/wp-json\/wp\/v2\/product\/64675","targetHints":{"allow":["GET"]}}],"collection":[{"href":"https:\/\/repliquemangacine.fr\/es\/wp-json\/wp\/v2\/product"}],"about":[{"href":"https:\/\/repliquemangacine.fr\/es\/wp-json\/wp\/v2\/types\/product"}],"wp:featuredmedia":[{"embeddable":true,"href":"https:\/\/repliquemangacine.fr\/es\/wp-json\/wp\/v2\/media\/64680"}],"wp:attachment":[{"href":"https:\/\/repliquemangacine.fr\/es\/wp-json\/wp\/v2\/media?parent=64675"}],"wp:term":[{"taxonomy":"product_brand","embeddable":true,"href":"https:\/\/repliquemangacine.fr\/es\/wp-json\/wp\/v2\/product_brand?post=64675"},{"taxonomy":"product_cat","embeddable":true,"href":"https:\/\/repliquemangacine.fr\/es\/wp-json\/wp\/v2\/product_cat?post=64675"},{"taxonomy":"product_tag","embeddable":true,"href":"https:\/\/repliquemangacine.fr\/es\/wp-json\/wp\/v2\/product_tag?post=64675"}],"curies":[{"name":"wp","href":"https:\/\/api.w.org\/{rel}","templated":true}]}}