





{"id":64670,"date":"2025-11-19T15:23:42","date_gmt":"2025-11-19T14:23:42","guid":{"rendered":"https:\/\/repliquemangacine.fr\/?post_type=product&#038;p=64670"},"modified":"2025-12-17T13:37:32","modified_gmt":"2025-12-17T12:37:32","slug":"roronoa-zoro-figurita-one-piece","status":"publish","type":"product","link":"https:\/\/repliquemangacine.fr\/es\/figurines-one-piece\/figurine-roronoa-zoro-one-piece\/","title":{"rendered":"Roronoa Zoro One Piece figura de acci\u00f3n"},"content":{"rendered":"<h2>Sum\u00e9rgete en el universo One Piece con la figura de acci\u00f3n Roronoa Zoro<\/h2>\n<p>Ante todo, nuestra figurita no oficial de Roronoa Zoro de \u201cOne Piece\u201d es una representaci\u00f3n perfecta, que refleja cada detalle del ic\u00f3nico personaje. Cada aspecto, desde el detallado kimono hasta las ic\u00f3nicas espadas, est\u00e1 fielmente reproducido. Ideal para coleccionistas o como pieza central de una exposici\u00f3n tem\u00e1tica, esta figura transporta a los fans de \u201cOne Piece\u201d directamente al apasionante mundo del manga.<\/p>\n<h3>La Figurita Roronoa Zoro: Inmersi\u00f3n en el Mundo de One Piece<\/h3>\n<p>Encarna el esp\u00edritu aventurero y la determinaci\u00f3n de Zoro, rindiendo tributo a su fuerza y carisma. Perfecta para los fans que quieran revivir los momentos \u00e9picos de la serie, esta figurita es un complemento inestimable para cualquier colecci\u00f3n.<\/p>\n<h2>Relaci\u00f3n calidad-precio de la figura de Zoro<\/h2>\n<p>Cabe se\u00f1alar que la estatuilla no oficial de <a href=\"https:\/\/onepiece.fandom.com\/fr\/wiki\/Roronoa_Zoro\" target=\"_blank\" rel=\"noopener noreferrer\">Roronoa Zoro<\/a> de \u201cOne Piece\u201d combina una excelente artesan\u00eda con un precio asequible. Cada detalle de esta figurita ha sido cuidadosamente pensado, desde los expresivos rasgos faciales hasta la din\u00e1mica postura de combate. Ofrece una fidelidad excepcional al personaje original, sin dejar de ser accesible a todos los bolsillos.<\/p>\n<h3>Alta calidad a un precio asequible: la figurita Zoro de Roronoa<\/h3>\n<p>Y lo que es m\u00e1s, esta rara combinaci\u00f3n de calidad superior y precio competitivo la convierte en la mejor opci\u00f3n para coleccionistas y aficionados por igual. Es un excelente regalo para los fans del manga y seguro que se convertir\u00e1 en un tesoro en cualquier colecci\u00f3n de \u201cOne Piece\u201d.<\/p>\n<h2>Ampl\u00ede su colecci\u00f3n One Piece con nuestros productos<\/h2>\n<p>Para empezar, nuestra gama de art\u00edculos de One Piece es el complemento perfecto para tu colecci\u00f3n. Pero eso no es todo. Tambi\u00e9n tenemos espadas de madera e incluso katanas de metal de tus h\u00e9roes favoritos. Encontrar\u00e1s :<\/p>\n<ul>\n<li>todas las espadas de Zoro, la \u00faltima de las cuales es la\u2019<a href=\"https:\/\/repliquemangacine.fr\/es\/katana-de-metal-de-una-pieza\/purpura-enma-katana-una-pieza\/\">enma en morado<\/a><\/li>\n<li>sino tambi\u00e9n la <a href=\"https:\/\/repliquemangacine.fr\/es\/katana-de-metal-de-una-pieza\/nidai-kitetsu-la-espada-de-luffy-one-piece\/\">Katana de Luffy<\/a>,<\/li>\n<li>as\u00ed como el gran <a href=\"https:\/\/repliquemangacine.fr\/es\/katana-de-metal-de-una-pieza\/katana-trafalgar-law-violet-one-piece\/\">La katana de Law<\/a> 143 cm de largo.<\/li>\n<\/ul>\n<h3>Cajas y llaveros de One Piece: tesoros para fans<\/h3>\n<p>Desde cajas de coleccionista hasta llaveros, cada art\u00edculo es una celebraci\u00f3n del esp\u00edritu aventurero de \u201cOne Piece\u201d. Estos coleccionables cuidadosamente seleccionados ofrecen a los fans una forma \u00fanica de mostrar su amor por la serie.<\/p>","protected":false},"excerpt":{"rendered":"<p>Magn\u00edfica estatuilla <strong>no oficial<\/strong> de Roronoa Zoro en One Piece<\/p>\n<ul>\n<li>Todo PVC<\/li>\n<li>Base<\/li>\n<li>Altura: 16 cm<\/li>\n<li>Viene con caja de coleccionista<\/li>\n<\/ul>","protected":false},"featured_media":64671,"template":"","meta":[],"product_brand":[896],"product_cat":[831,124,94,23,36],"product_tag":[],"class_list":{"0":"post-64670","1":"product","2":"type-product","3":"status-publish","4":"has-post-thumbnail","6":"product_brand-replique-manga-cine","7":"product_cat-figurines-collector","8":"product_cat-figurines-one-piece","9":"product_cat-goodies","10":"product_cat-repliques-manga-jeux-video","11":"product_cat-katana-one-piece","13":"first","14":"outofstock","15":"sale","16":"taxable","17":"shipping-taxable","18":"purchasable","19":"product-type-simple"},"yoast_head":"<!-- This site is optimized with the Yoast SEO plugin v27.4 - https:\/\/yoast.com\/product\/yoast-seo-wordpress\/ -->\n<title>Figurine Roronoa Zoro One Piece | R\u00e9plique Manga Cin\u00e9<\/title>\n<meta name=\"description\" content=\"N&#039;attendez plus ! Commandez vite votre Figurine Roronoa Zoro dans One Piece au meilleur prix. Tout en PVC. Hauteur : 16 cm. Boite collector\" \/>\n<meta name=\"robots\" content=\"index, follow, max-snippet:-1, max-image-preview:large, max-video-preview:-1\" \/>\n<link rel=\"canonical\" href=\"https:\/\/repliquemangacine.fr\/es\/figuras-de-una-pieza\/roronoa-zoro-figurita-one-piece\/\" \/>\n<meta property=\"og:locale\" content=\"es_ES\" \/>\n<meta property=\"og:type\" content=\"article\" \/>\n<meta property=\"og:title\" content=\"Figurine Roronoa Zoro One Piece | R\u00e9plique Manga Cin\u00e9\" \/>\n<meta property=\"og:description\" content=\"N&#039;attendez plus ! Commandez vite votre Figurine Roronoa Zoro dans One Piece au meilleur prix. Tout en PVC. Hauteur : 16 cm. Boite collector\" \/>\n<meta property=\"og:url\" content=\"https:\/\/repliquemangacine.fr\/es\/figuras-de-una-pieza\/roronoa-zoro-figurita-one-piece\/\" \/>\n<meta property=\"og:site_name\" content=\"R\u00e9plique Manga Cin\u00e9\" \/>\n<meta property=\"article:publisher\" content=\"https:\/\/www.facebook.com\/RepliqueMangaCine\" \/>\n<meta property=\"article:modified_time\" content=\"2025-12-17T12:37:32+00:00\" \/>\n<meta property=\"og:image\" content=\"https:\/\/repliquemangacine.fr\/wp-content\/uploads\/2023\/11\/Figurine-Roronoa-Zoro-One-Piece-avec-socle.jpg\" \/>\n\t<meta property=\"og:image:width\" content=\"500\" \/>\n\t<meta property=\"og:image:height\" content=\"500\" \/>\n\t<meta property=\"og:image:type\" content=\"image\/jpeg\" \/>\n<meta name=\"twitter:card\" content=\"summary_large_image\" \/>\n<meta name=\"twitter:label1\" content=\"Tiempo de lectura\" \/>\n\t<meta name=\"twitter:data1\" content=\"3 minutos\" \/>\n<script type=\"application\/ld+json\" class=\"yoast-schema-graph\">{\"@context\":\"https:\\\/\\\/schema.org\",\"@graph\":[{\"@type\":\"WebPage\",\"@id\":\"https:\\\/\\\/repliquemangacine.fr\\\/figurines-one-piece\\\/figurine-roronoa-zoro-one-piece\\\/\",\"url\":\"https:\\\/\\\/repliquemangacine.fr\\\/figurines-one-piece\\\/figurine-roronoa-zoro-one-piece\\\/\",\"name\":\"Figurine Roronoa Zoro One Piece | R\u00e9plique Manga Cin\u00e9\",\"isPartOf\":{\"@id\":\"https:\\\/\\\/repliquemangacine.fr\\\/#website\"},\"primaryImageOfPage\":{\"@id\":\"https:\\\/\\\/repliquemangacine.fr\\\/figurines-one-piece\\\/figurine-roronoa-zoro-one-piece\\\/#primaryimage\"},\"image\":{\"@id\":\"https:\\\/\\\/repliquemangacine.fr\\\/figurines-one-piece\\\/figurine-roronoa-zoro-one-piece\\\/#primaryimage\"},\"thumbnailUrl\":\"https:\\\/\\\/repliquemangacine.fr\\\/wp-content\\\/uploads\\\/2023\\\/11\\\/Figurine-Roronoa-Zoro-One-Piece-avec-socle.jpg\",\"datePublished\":\"2025-11-19T14:23:42+00:00\",\"dateModified\":\"2025-12-17T12:37:32+00:00\",\"description\":\"N'attendez plus ! Commandez vite votre Figurine Roronoa Zoro dans One Piece au meilleur prix. Tout en PVC. Hauteur : 16 cm. Boite collector\",\"breadcrumb\":{\"@id\":\"https:\\\/\\\/repliquemangacine.fr\\\/figurines-one-piece\\\/figurine-roronoa-zoro-one-piece\\\/#breadcrumb\"},\"inLanguage\":\"es\",\"potentialAction\":[{\"@type\":\"ReadAction\",\"target\":[\"https:\\\/\\\/repliquemangacine.fr\\\/figurines-one-piece\\\/figurine-roronoa-zoro-one-piece\\\/\"]}]},{\"@type\":\"ImageObject\",\"inLanguage\":\"es\",\"@id\":\"https:\\\/\\\/repliquemangacine.fr\\\/figurines-one-piece\\\/figurine-roronoa-zoro-one-piece\\\/#primaryimage\",\"url\":\"https:\\\/\\\/repliquemangacine.fr\\\/wp-content\\\/uploads\\\/2023\\\/11\\\/Figurine-Roronoa-Zoro-One-Piece-avec-socle.jpg\",\"contentUrl\":\"https:\\\/\\\/repliquemangacine.fr\\\/wp-content\\\/uploads\\\/2023\\\/11\\\/Figurine-Roronoa-Zoro-One-Piece-avec-socle.jpg\",\"width\":500,\"height\":500,\"caption\":\"Figurine Roronoa Zoro avec socle\"},{\"@type\":\"BreadcrumbList\",\"@id\":\"https:\\\/\\\/repliquemangacine.fr\\\/figurines-one-piece\\\/figurine-roronoa-zoro-one-piece\\\/#breadcrumb\",\"itemListElement\":[{\"@type\":\"ListItem\",\"position\":1,\"name\":\"Accueil\",\"item\":\"https:\\\/\\\/repliquemangacine.fr\\\/\"},{\"@type\":\"ListItem\",\"position\":2,\"name\":\"Produits\",\"item\":\"https:\\\/\\\/repliquemangacine.fr\\\/boutique\\\/\"},{\"@type\":\"ListItem\",\"position\":3,\"name\":\"Figurine Roronoa Zoro One Piece\"}]},{\"@type\":\"WebSite\",\"@id\":\"https:\\\/\\\/repliquemangacine.fr\\\/#website\",\"url\":\"https:\\\/\\\/repliquemangacine.fr\\\/\",\"name\":\"R\u00e9plique Manga Cin\u00e9\",\"description\":\"\",\"publisher\":{\"@id\":\"https:\\\/\\\/repliquemangacine.fr\\\/#organization\"},\"potentialAction\":[{\"@type\":\"SearchAction\",\"target\":{\"@type\":\"EntryPoint\",\"urlTemplate\":\"https:\\\/\\\/repliquemangacine.fr\\\/?s={search_term_string}\"},\"query-input\":{\"@type\":\"PropertyValueSpecification\",\"valueRequired\":true,\"valueName\":\"search_term_string\"}}],\"inLanguage\":\"es\"},{\"@type\":\"Organization\",\"@id\":\"https:\\\/\\\/repliquemangacine.fr\\\/#organization\",\"name\":\"R\u00e9plique Manga Cin\u00e9\",\"url\":\"https:\\\/\\\/repliquemangacine.fr\\\/\",\"logo\":{\"@type\":\"ImageObject\",\"inLanguage\":\"es\",\"@id\":\"https:\\\/\\\/repliquemangacine.fr\\\/#\\\/schema\\\/logo\\\/image\\\/\",\"url\":\"https:\\\/\\\/repliquemangacine.fr\\\/wp-content\\\/uploads\\\/2023\\\/10\\\/RMC-500250.png\",\"contentUrl\":\"https:\\\/\\\/repliquemangacine.fr\\\/wp-content\\\/uploads\\\/2023\\\/10\\\/RMC-500250.png\",\"width\":500,\"height\":250,\"caption\":\"R\u00e9plique Manga Cin\u00e9\"},\"image\":{\"@id\":\"https:\\\/\\\/repliquemangacine.fr\\\/#\\\/schema\\\/logo\\\/image\\\/\"},\"sameAs\":[\"https:\\\/\\\/www.facebook.com\\\/RepliqueMangaCine\",\"https:\\\/\\\/www.instagram.com\\\/repliquemangacine.fr\\\/\"]}]}<\/script>\n<!-- \/ Yoast SEO plugin. -->","yoast_head_json":{"title":"Roronoa Zoro One Piece figura | R\u00e9plique Manga Cin\u00e9","description":"\u00a1No esperes m\u00e1s! Haz tu pedido de Roronoa Zoro in One Piece action figure al mejor precio. Todo en PVC. Altura: 16 cm. Caja de coleccionista","robots":{"index":"index","follow":"follow","max-snippet":"max-snippet:-1","max-image-preview":"max-image-preview:large","max-video-preview":"max-video-preview:-1"},"canonical":"https:\/\/repliquemangacine.fr\/es\/figuras-de-una-pieza\/roronoa-zoro-figurita-one-piece\/","og_locale":"es_ES","og_type":"article","og_title":"Figurine Roronoa Zoro One Piece | R\u00e9plique Manga Cin\u00e9","og_description":"N'attendez plus ! Commandez vite votre Figurine Roronoa Zoro dans One Piece au meilleur prix. Tout en PVC. Hauteur : 16 cm. Boite collector","og_url":"https:\/\/repliquemangacine.fr\/es\/figuras-de-una-pieza\/roronoa-zoro-figurita-one-piece\/","og_site_name":"R\u00e9plique Manga Cin\u00e9","article_publisher":"https:\/\/www.facebook.com\/RepliqueMangaCine","article_modified_time":"2025-12-17T12:37:32+00:00","og_image":[{"width":500,"height":500,"url":"https:\/\/repliquemangacine.fr\/wp-content\/uploads\/2023\/11\/Figurine-Roronoa-Zoro-One-Piece-avec-socle.jpg","type":"image\/jpeg"}],"twitter_card":"summary_large_image","twitter_misc":{"Tiempo de lectura":"3 minutos"},"schema":{"@context":"https:\/\/schema.org","@graph":[{"@type":"WebPage","@id":"https:\/\/repliquemangacine.fr\/figurines-one-piece\/figurine-roronoa-zoro-one-piece\/","url":"https:\/\/repliquemangacine.fr\/figurines-one-piece\/figurine-roronoa-zoro-one-piece\/","name":"Roronoa Zoro One Piece figura | R\u00e9plique Manga Cin\u00e9","isPartOf":{"@id":"https:\/\/repliquemangacine.fr\/#website"},"primaryImageOfPage":{"@id":"https:\/\/repliquemangacine.fr\/figurines-one-piece\/figurine-roronoa-zoro-one-piece\/#primaryimage"},"image":{"@id":"https:\/\/repliquemangacine.fr\/figurines-one-piece\/figurine-roronoa-zoro-one-piece\/#primaryimage"},"thumbnailUrl":"https:\/\/repliquemangacine.fr\/wp-content\/uploads\/2023\/11\/Figurine-Roronoa-Zoro-One-Piece-avec-socle.jpg","datePublished":"2025-11-19T14:23:42+00:00","dateModified":"2025-12-17T12:37:32+00:00","description":"\u00a1No esperes m\u00e1s! Haz tu pedido de Roronoa Zoro in One Piece action figure al mejor precio. Todo en PVC. Altura: 16 cm. Caja de coleccionista","breadcrumb":{"@id":"https:\/\/repliquemangacine.fr\/figurines-one-piece\/figurine-roronoa-zoro-one-piece\/#breadcrumb"},"inLanguage":"es","potentialAction":[{"@type":"ReadAction","target":["https:\/\/repliquemangacine.fr\/figurines-one-piece\/figurine-roronoa-zoro-one-piece\/"]}]},{"@type":"ImageObject","inLanguage":"es","@id":"https:\/\/repliquemangacine.fr\/figurines-one-piece\/figurine-roronoa-zoro-one-piece\/#primaryimage","url":"https:\/\/repliquemangacine.fr\/wp-content\/uploads\/2023\/11\/Figurine-Roronoa-Zoro-One-Piece-avec-socle.jpg","contentUrl":"https:\/\/repliquemangacine.fr\/wp-content\/uploads\/2023\/11\/Figurine-Roronoa-Zoro-One-Piece-avec-socle.jpg","width":500,"height":500,"caption":"Figurine Roronoa Zoro avec socle"},{"@type":"BreadcrumbList","@id":"https:\/\/repliquemangacine.fr\/figurines-one-piece\/figurine-roronoa-zoro-one-piece\/#breadcrumb","itemListElement":[{"@type":"ListItem","position":1,"name":"Accueil","item":"https:\/\/repliquemangacine.fr\/"},{"@type":"ListItem","position":2,"name":"Produits","item":"https:\/\/repliquemangacine.fr\/boutique\/"},{"@type":"ListItem","position":3,"name":"Figurine Roronoa Zoro One Piece"}]},{"@type":"WebSite","@id":"https:\/\/repliquemangacine.fr\/#website","url":"https:\/\/repliquemangacine.fr\/","name":"R\u00e9plique Manga Cin\u00e9","description":"","publisher":{"@id":"https:\/\/repliquemangacine.fr\/#organization"},"potentialAction":[{"@type":"SearchAction","target":{"@type":"EntryPoint","urlTemplate":"https:\/\/repliquemangacine.fr\/?s={search_term_string}"},"query-input":{"@type":"PropertyValueSpecification","valueRequired":true,"valueName":"search_term_string"}}],"inLanguage":"es"},{"@type":"Organization","@id":"https:\/\/repliquemangacine.fr\/#organization","name":"R\u00e9plique Manga Cin\u00e9","url":"https:\/\/repliquemangacine.fr\/","logo":{"@type":"ImageObject","inLanguage":"es","@id":"https:\/\/repliquemangacine.fr\/#\/schema\/logo\/image\/","url":"https:\/\/repliquemangacine.fr\/wp-content\/uploads\/2023\/10\/RMC-500250.png","contentUrl":"https:\/\/repliquemangacine.fr\/wp-content\/uploads\/2023\/10\/RMC-500250.png","width":500,"height":250,"caption":"R\u00e9plique Manga Cin\u00e9"},"image":{"@id":"https:\/\/repliquemangacine.fr\/#\/schema\/logo\/image\/"},"sameAs":["https:\/\/www.facebook.com\/RepliqueMangaCine","https:\/\/www.instagram.com\/repliquemangacine.fr\/"]}]}},"_links":{"self":[{"href":"https:\/\/repliquemangacine.fr\/es\/wp-json\/wp\/v2\/product\/64670","targetHints":{"allow":["GET"]}}],"collection":[{"href":"https:\/\/repliquemangacine.fr\/es\/wp-json\/wp\/v2\/product"}],"about":[{"href":"https:\/\/repliquemangacine.fr\/es\/wp-json\/wp\/v2\/types\/product"}],"wp:featuredmedia":[{"embeddable":true,"href":"https:\/\/repliquemangacine.fr\/es\/wp-json\/wp\/v2\/media\/64671"}],"wp:attachment":[{"href":"https:\/\/repliquemangacine.fr\/es\/wp-json\/wp\/v2\/media?parent=64670"}],"wp:term":[{"taxonomy":"product_brand","embeddable":true,"href":"https:\/\/repliquemangacine.fr\/es\/wp-json\/wp\/v2\/product_brand?post=64670"},{"taxonomy":"product_cat","embeddable":true,"href":"https:\/\/repliquemangacine.fr\/es\/wp-json\/wp\/v2\/product_cat?post=64670"},{"taxonomy":"product_tag","embeddable":true,"href":"https:\/\/repliquemangacine.fr\/es\/wp-json\/wp\/v2\/product_tag?post=64670"}],"curies":[{"name":"wp","href":"https:\/\/api.w.org\/{rel}","templated":true}]}}