





{"id":64658,"date":"2025-11-19T15:23:42","date_gmt":"2025-11-19T14:23:42","guid":{"rendered":"https:\/\/repliquemangacine.fr\/?post_type=product&#038;p=64658"},"modified":"2025-11-19T15:27:20","modified_gmt":"2025-11-19T14:27:20","slug":"figurita-zoro-one-piece","status":"publish","type":"product","link":"https:\/\/repliquemangacine.fr\/es\/figurines-collector\/figurine-zoro-one-piece\/","title":{"rendered":"Zoro One Piece figura de acci\u00f3n"},"content":{"rendered":"<h2>Figurita Zoro One Piece : El Guerrero de las Tres Espadas<\/h2>\n<p>En primer lugar, sum\u00e9rgete en el mundo de \u201cOne Piece\u201d con la figurita de Zoro de One Piece. Adem\u00e1s, esta <a href=\"https:\/\/onepiece.fandom.com\/fr\/wiki\/Roronoa_Zoro\" target=\"_blank\" rel=\"noopener noreferrer\">Roronoa Zoro<\/a> capta su car\u00e1cter indomable y su maestr\u00eda con la espada.<\/p>\n<h3>Exquisitos detalles de Zoro y sus Tres Espadas<\/h3>\n<p>De alta calidad, cada figura representa fielmente a Zoro con sus tres espadas emblem\u00e1ticas: Wado Ichimonji, Sandai Kitetsu y Shusui. Cabe destacar que estos minuciosos detalles, desde su feroz expresi\u00f3n facial hasta su cabeza intercambiable, hacen que esta pieza sea imprescindible para los fans de \u201cOne Piece\u201d.<\/p>\n<p>Adem\u00e1s, encarna el poder y el carisma de Zoro, lo que convierte a esta figura en algo m\u00e1s que un simple objeto de colecci\u00f3n: un aut\u00e9ntico homenaje al esp\u00edritu de la serie. Enriquece tu colecci\u00f3n y d\u00e9jate llevar por la \u00e9pica aventura de Zoro y la tripulaci\u00f3n del Sombrero de Paja.<\/p>\n<h2>Figurita de Zoro de One Piece al mejor precio<\/h2>\n<p>Descubre la figurita de Zoro de \u201cOne Piece\u201d, una obra maestra que combina calidad y asequibilidad. Esta fiel reproducci\u00f3n de Roronoa Zoro es imprescindible para los fans del anime y los coleccionistas m\u00e1s exigentes.<\/p>\n<h3>Acabados de alta calidad a precios asequibles<\/h3>\n<p>Dise\u00f1ada con meticulosa atenci\u00f3n al detalle, esta miniatura <strong>no oficial<\/strong> encarna la perfecci\u00f3n en cada rasgo. Colores vivos y aut\u00e9nticos con un acabado preciso en cada espada. La figura de Zoro es un ejemplo llamativo de una excelente relaci\u00f3n calidad-precio.<\/p>\n<p>Adem\u00e1s, sin comprometer la calidad, sigue siendo asequible para todos los bolsillos, lo que garantiza la satisfacci\u00f3n y la admiraci\u00f3n de los fans. Ideal para enriquecer tu colecci\u00f3n o para hacer un regalo \u00fanico, la figura de Zoro de \u201cOne Piece\u201d es la promesa de una pieza de colecci\u00f3n con un valor duradero y un impacto visual impresionante.<\/p>\n<h2>Descubre el universo One Piece en R\u00e9plique Manga Cin\u00e9<\/h2>\n<p>Ad\u00e9ntrate en la \u00e9pica mar\u00edtima de \u201cOne Piece\u201d con la colecci\u00f3n exclusiva de RMC. Nuestra gama va mucho m\u00e1s all\u00e1 de las figuras: te ofrecemos un mundo de r\u00e9plicas y art\u00edculos fascinantes.<\/p>\n<p>Gracias a todos sus productos derivados, te transportamos al vibrante mundo de \u201cOne Piece\u201d. Empecemos con nuestras r\u00e9plicas de espadas, de metal o madera, que son piezas clave para los fans.<\/p>\n<h3>Emb\u00e1rcate en una aventura con art\u00edculos y r\u00e9plicas de One Piece<\/h3>\n<p>De hecho, imagina sostener el <a href=\"https:\/\/repliquemangacine.fr\/es\/katana-de-metal-de-una-pieza\/katana-espada-wado-ichimonji-espada-de-zoro\/\">Espada Wado Ichimonji<\/a> de Zoro, sentir su peso, su textura, una inmersi\u00f3n total en el universo del famoso pirata.<\/p>\n<p>En otras palabras, cada art\u00edculo, como nuestros <a href=\"https:\/\/repliquemangacine.fr\/es\/llaveros\/porte-cles-roronoa-zoro-chibi\/\">Llavero Zoro<\/a> es una puerta abierta a la aventura, una invitaci\u00f3n a revivir los momentos legendarios de \u201cOne Piece\u201d desde la comodidad de tu hogar.<\/p>\n<p>En conclusi\u00f3n, \u00a1emb\u00e1rquese con nosotros en una experiencia coleccionable inolvidable!<\/p>","protected":false},"excerpt":{"rendered":"<p>Magn\u00edfica estatuilla <strong>no oficial<\/strong> de Roronoa Zoro en One Piece<\/p>\n<ul>\n<li>Todo PVC<\/li>\n<li>Detalles de gran calidad<\/li>\n<li>Cabezal intercambiable<\/li>\n<li>Altura: 21 cm<\/li>\n<li>Viene con caja de coleccionista<\/li>\n<\/ul>","protected":false},"featured_media":64660,"template":"","meta":[],"product_brand":[896],"product_cat":[831,124,94,23,36],"product_tag":[],"class_list":{"0":"post-64658","1":"product","2":"type-product","3":"status-publish","4":"has-post-thumbnail","6":"product_brand-replique-manga-cine","7":"product_cat-figurines-collector","8":"product_cat-figurines-one-piece","9":"product_cat-goodies","10":"product_cat-repliques-manga-jeux-video","11":"product_cat-katana-one-piece","13":"first","14":"instock","15":"sale","16":"taxable","17":"shipping-taxable","18":"purchasable","19":"product-type-simple"},"yoast_head":"<!-- This site is optimized with the Yoast SEO plugin v27.4 - https:\/\/yoast.com\/product\/yoast-seo-wordpress\/ -->\n<title>Figurine Zoro One Piece | R\u00e9plique Manga Cin\u00e9<\/title>\n<meta name=\"description\" content=\"D\u00e9couvrez notre Figurine de Zoro dans One Piece. une combinaison parfaite de qualit\u00e9 et de prix avantageux pour les passionn\u00e9s et collectionneurs.\" \/>\n<meta name=\"robots\" content=\"index, follow, max-snippet:-1, max-image-preview:large, max-video-preview:-1\" \/>\n<link rel=\"canonical\" href=\"https:\/\/repliquemangacine.fr\/es\/figuras-de-coleccion\/figurita-zoro-one-piece\/\" \/>\n<meta property=\"og:locale\" content=\"es_ES\" \/>\n<meta property=\"og:type\" content=\"article\" \/>\n<meta property=\"og:title\" content=\"Figurine Zoro One Piece | R\u00e9plique Manga Cin\u00e9\" \/>\n<meta property=\"og:description\" content=\"D\u00e9couvrez notre Figurine de Zoro dans One Piece. une combinaison parfaite de qualit\u00e9 et de prix avantageux pour les passionn\u00e9s et collectionneurs.\" \/>\n<meta property=\"og:url\" content=\"https:\/\/repliquemangacine.fr\/es\/figuras-de-coleccion\/figurita-zoro-one-piece\/\" \/>\n<meta property=\"og:site_name\" content=\"R\u00e9plique Manga Cin\u00e9\" \/>\n<meta property=\"article:publisher\" content=\"https:\/\/www.facebook.com\/RepliqueMangaCine\" \/>\n<meta property=\"article:modified_time\" content=\"2025-11-19T14:27:20+00:00\" \/>\n<meta property=\"og:image\" content=\"https:\/\/repliquemangacine.fr\/wp-content\/uploads\/2023\/11\/figurine-zoro-sur-socle.jpg\" \/>\n\t<meta property=\"og:image:width\" content=\"500\" \/>\n\t<meta property=\"og:image:height\" content=\"500\" \/>\n\t<meta property=\"og:image:type\" content=\"image\/jpeg\" \/>\n<meta name=\"twitter:card\" content=\"summary_large_image\" \/>\n<meta name=\"twitter:label1\" content=\"Tiempo de lectura\" \/>\n\t<meta name=\"twitter:data1\" content=\"3 minutos\" \/>\n<script type=\"application\/ld+json\" class=\"yoast-schema-graph\">{\"@context\":\"https:\\\/\\\/schema.org\",\"@graph\":[{\"@type\":\"WebPage\",\"@id\":\"https:\\\/\\\/repliquemangacine.fr\\\/figurines-collector\\\/figurine-zoro-one-piece\\\/\",\"url\":\"https:\\\/\\\/repliquemangacine.fr\\\/figurines-collector\\\/figurine-zoro-one-piece\\\/\",\"name\":\"Figurine Zoro One Piece | R\u00e9plique Manga Cin\u00e9\",\"isPartOf\":{\"@id\":\"https:\\\/\\\/repliquemangacine.fr\\\/#website\"},\"primaryImageOfPage\":{\"@id\":\"https:\\\/\\\/repliquemangacine.fr\\\/figurines-collector\\\/figurine-zoro-one-piece\\\/#primaryimage\"},\"image\":{\"@id\":\"https:\\\/\\\/repliquemangacine.fr\\\/figurines-collector\\\/figurine-zoro-one-piece\\\/#primaryimage\"},\"thumbnailUrl\":\"https:\\\/\\\/repliquemangacine.fr\\\/wp-content\\\/uploads\\\/2023\\\/11\\\/figurine-zoro-sur-socle.jpg\",\"datePublished\":\"2025-11-19T14:23:42+00:00\",\"dateModified\":\"2025-11-19T14:27:20+00:00\",\"description\":\"D\u00e9couvrez notre Figurine de Zoro dans One Piece. une combinaison parfaite de qualit\u00e9 et de prix avantageux pour les passionn\u00e9s et collectionneurs.\",\"breadcrumb\":{\"@id\":\"https:\\\/\\\/repliquemangacine.fr\\\/figurines-collector\\\/figurine-zoro-one-piece\\\/#breadcrumb\"},\"inLanguage\":\"es\",\"potentialAction\":[{\"@type\":\"ReadAction\",\"target\":[\"https:\\\/\\\/repliquemangacine.fr\\\/figurines-collector\\\/figurine-zoro-one-piece\\\/\"]}]},{\"@type\":\"ImageObject\",\"inLanguage\":\"es\",\"@id\":\"https:\\\/\\\/repliquemangacine.fr\\\/figurines-collector\\\/figurine-zoro-one-piece\\\/#primaryimage\",\"url\":\"https:\\\/\\\/repliquemangacine.fr\\\/wp-content\\\/uploads\\\/2023\\\/11\\\/figurine-zoro-sur-socle.jpg\",\"contentUrl\":\"https:\\\/\\\/repliquemangacine.fr\\\/wp-content\\\/uploads\\\/2023\\\/11\\\/figurine-zoro-sur-socle.jpg\",\"width\":500,\"height\":500,\"caption\":\"Figurine Zoro One Piece avec son socle\"},{\"@type\":\"BreadcrumbList\",\"@id\":\"https:\\\/\\\/repliquemangacine.fr\\\/figurines-collector\\\/figurine-zoro-one-piece\\\/#breadcrumb\",\"itemListElement\":[{\"@type\":\"ListItem\",\"position\":1,\"name\":\"Accueil\",\"item\":\"https:\\\/\\\/repliquemangacine.fr\\\/\"},{\"@type\":\"ListItem\",\"position\":2,\"name\":\"Produits\",\"item\":\"https:\\\/\\\/repliquemangacine.fr\\\/boutique\\\/\"},{\"@type\":\"ListItem\",\"position\":3,\"name\":\"Figurine Zoro One Piece\"}]},{\"@type\":\"WebSite\",\"@id\":\"https:\\\/\\\/repliquemangacine.fr\\\/#website\",\"url\":\"https:\\\/\\\/repliquemangacine.fr\\\/\",\"name\":\"R\u00e9plique Manga Cin\u00e9\",\"description\":\"\",\"publisher\":{\"@id\":\"https:\\\/\\\/repliquemangacine.fr\\\/#organization\"},\"potentialAction\":[{\"@type\":\"SearchAction\",\"target\":{\"@type\":\"EntryPoint\",\"urlTemplate\":\"https:\\\/\\\/repliquemangacine.fr\\\/?s={search_term_string}\"},\"query-input\":{\"@type\":\"PropertyValueSpecification\",\"valueRequired\":true,\"valueName\":\"search_term_string\"}}],\"inLanguage\":\"es\"},{\"@type\":\"Organization\",\"@id\":\"https:\\\/\\\/repliquemangacine.fr\\\/#organization\",\"name\":\"R\u00e9plique Manga Cin\u00e9\",\"url\":\"https:\\\/\\\/repliquemangacine.fr\\\/\",\"logo\":{\"@type\":\"ImageObject\",\"inLanguage\":\"es\",\"@id\":\"https:\\\/\\\/repliquemangacine.fr\\\/#\\\/schema\\\/logo\\\/image\\\/\",\"url\":\"https:\\\/\\\/repliquemangacine.fr\\\/wp-content\\\/uploads\\\/2023\\\/10\\\/RMC-500250.png\",\"contentUrl\":\"https:\\\/\\\/repliquemangacine.fr\\\/wp-content\\\/uploads\\\/2023\\\/10\\\/RMC-500250.png\",\"width\":500,\"height\":250,\"caption\":\"R\u00e9plique Manga Cin\u00e9\"},\"image\":{\"@id\":\"https:\\\/\\\/repliquemangacine.fr\\\/#\\\/schema\\\/logo\\\/image\\\/\"},\"sameAs\":[\"https:\\\/\\\/www.facebook.com\\\/RepliqueMangaCine\",\"https:\\\/\\\/www.instagram.com\\\/repliquemangacine.fr\\\/\"]}]}<\/script>\n<!-- \/ Yoast SEO plugin. -->","yoast_head_json":{"title":"Zoro Figura de una pieza | R\u00e9plique Manga Cin\u00e9","description":"Descubre nuestra figurita de Zoro en One Piece. Una combinaci\u00f3n perfecta de calidad y bajo precio para entusiastas y coleccionistas.","robots":{"index":"index","follow":"follow","max-snippet":"max-snippet:-1","max-image-preview":"max-image-preview:large","max-video-preview":"max-video-preview:-1"},"canonical":"https:\/\/repliquemangacine.fr\/es\/figuras-de-coleccion\/figurita-zoro-one-piece\/","og_locale":"es_ES","og_type":"article","og_title":"Figurine Zoro One Piece | R\u00e9plique Manga Cin\u00e9","og_description":"D\u00e9couvrez notre Figurine de Zoro dans One Piece. une combinaison parfaite de qualit\u00e9 et de prix avantageux pour les passionn\u00e9s et collectionneurs.","og_url":"https:\/\/repliquemangacine.fr\/es\/figuras-de-coleccion\/figurita-zoro-one-piece\/","og_site_name":"R\u00e9plique Manga Cin\u00e9","article_publisher":"https:\/\/www.facebook.com\/RepliqueMangaCine","article_modified_time":"2025-11-19T14:27:20+00:00","og_image":[{"width":500,"height":500,"url":"https:\/\/repliquemangacine.fr\/wp-content\/uploads\/2023\/11\/figurine-zoro-sur-socle.jpg","type":"image\/jpeg"}],"twitter_card":"summary_large_image","twitter_misc":{"Tiempo de lectura":"3 minutos"},"schema":{"@context":"https:\/\/schema.org","@graph":[{"@type":"WebPage","@id":"https:\/\/repliquemangacine.fr\/figurines-collector\/figurine-zoro-one-piece\/","url":"https:\/\/repliquemangacine.fr\/figurines-collector\/figurine-zoro-one-piece\/","name":"Zoro Figura de una pieza | R\u00e9plique Manga Cin\u00e9","isPartOf":{"@id":"https:\/\/repliquemangacine.fr\/#website"},"primaryImageOfPage":{"@id":"https:\/\/repliquemangacine.fr\/figurines-collector\/figurine-zoro-one-piece\/#primaryimage"},"image":{"@id":"https:\/\/repliquemangacine.fr\/figurines-collector\/figurine-zoro-one-piece\/#primaryimage"},"thumbnailUrl":"https:\/\/repliquemangacine.fr\/wp-content\/uploads\/2023\/11\/figurine-zoro-sur-socle.jpg","datePublished":"2025-11-19T14:23:42+00:00","dateModified":"2025-11-19T14:27:20+00:00","description":"Descubre nuestra figurita de Zoro en One Piece. Una combinaci\u00f3n perfecta de calidad y bajo precio para entusiastas y coleccionistas.","breadcrumb":{"@id":"https:\/\/repliquemangacine.fr\/figurines-collector\/figurine-zoro-one-piece\/#breadcrumb"},"inLanguage":"es","potentialAction":[{"@type":"ReadAction","target":["https:\/\/repliquemangacine.fr\/figurines-collector\/figurine-zoro-one-piece\/"]}]},{"@type":"ImageObject","inLanguage":"es","@id":"https:\/\/repliquemangacine.fr\/figurines-collector\/figurine-zoro-one-piece\/#primaryimage","url":"https:\/\/repliquemangacine.fr\/wp-content\/uploads\/2023\/11\/figurine-zoro-sur-socle.jpg","contentUrl":"https:\/\/repliquemangacine.fr\/wp-content\/uploads\/2023\/11\/figurine-zoro-sur-socle.jpg","width":500,"height":500,"caption":"Figurine Zoro One Piece avec son socle"},{"@type":"BreadcrumbList","@id":"https:\/\/repliquemangacine.fr\/figurines-collector\/figurine-zoro-one-piece\/#breadcrumb","itemListElement":[{"@type":"ListItem","position":1,"name":"Accueil","item":"https:\/\/repliquemangacine.fr\/"},{"@type":"ListItem","position":2,"name":"Produits","item":"https:\/\/repliquemangacine.fr\/boutique\/"},{"@type":"ListItem","position":3,"name":"Figurine Zoro One Piece"}]},{"@type":"WebSite","@id":"https:\/\/repliquemangacine.fr\/#website","url":"https:\/\/repliquemangacine.fr\/","name":"R\u00e9plique Manga Cin\u00e9","description":"","publisher":{"@id":"https:\/\/repliquemangacine.fr\/#organization"},"potentialAction":[{"@type":"SearchAction","target":{"@type":"EntryPoint","urlTemplate":"https:\/\/repliquemangacine.fr\/?s={search_term_string}"},"query-input":{"@type":"PropertyValueSpecification","valueRequired":true,"valueName":"search_term_string"}}],"inLanguage":"es"},{"@type":"Organization","@id":"https:\/\/repliquemangacine.fr\/#organization","name":"R\u00e9plique Manga Cin\u00e9","url":"https:\/\/repliquemangacine.fr\/","logo":{"@type":"ImageObject","inLanguage":"es","@id":"https:\/\/repliquemangacine.fr\/#\/schema\/logo\/image\/","url":"https:\/\/repliquemangacine.fr\/wp-content\/uploads\/2023\/10\/RMC-500250.png","contentUrl":"https:\/\/repliquemangacine.fr\/wp-content\/uploads\/2023\/10\/RMC-500250.png","width":500,"height":250,"caption":"R\u00e9plique Manga Cin\u00e9"},"image":{"@id":"https:\/\/repliquemangacine.fr\/#\/schema\/logo\/image\/"},"sameAs":["https:\/\/www.facebook.com\/RepliqueMangaCine","https:\/\/www.instagram.com\/repliquemangacine.fr\/"]}]}},"_links":{"self":[{"href":"https:\/\/repliquemangacine.fr\/es\/wp-json\/wp\/v2\/product\/64658","targetHints":{"allow":["GET"]}}],"collection":[{"href":"https:\/\/repliquemangacine.fr\/es\/wp-json\/wp\/v2\/product"}],"about":[{"href":"https:\/\/repliquemangacine.fr\/es\/wp-json\/wp\/v2\/types\/product"}],"wp:featuredmedia":[{"embeddable":true,"href":"https:\/\/repliquemangacine.fr\/es\/wp-json\/wp\/v2\/media\/64660"}],"wp:attachment":[{"href":"https:\/\/repliquemangacine.fr\/es\/wp-json\/wp\/v2\/media?parent=64658"}],"wp:term":[{"taxonomy":"product_brand","embeddable":true,"href":"https:\/\/repliquemangacine.fr\/es\/wp-json\/wp\/v2\/product_brand?post=64658"},{"taxonomy":"product_cat","embeddable":true,"href":"https:\/\/repliquemangacine.fr\/es\/wp-json\/wp\/v2\/product_cat?post=64658"},{"taxonomy":"product_tag","embeddable":true,"href":"https:\/\/repliquemangacine.fr\/es\/wp-json\/wp\/v2\/product_tag?post=64658"}],"curies":[{"name":"wp","href":"https:\/\/api.w.org\/{rel}","templated":true}]}}