





{"id":63737,"date":"2021-03-18T13:45:29","date_gmt":"2021-03-18T12:45:29","guid":{"rendered":"https:\/\/repliquemangacine.fr\/?post_type=product&#038;p=63737"},"modified":"2025-12-15T09:45:54","modified_gmt":"2025-12-15T08:45:54","slug":"el-baston-del-escuadron-suicida-del-joker","status":"publish","type":"product","link":"https:\/\/repliquemangacine.fr\/es\/super-heros-marvel\/la-canne-de-joker-suicide-squad\/","title":{"rendered":"Bast\u00f3n del Joker del Escuadr\u00f3n Suicida"},"content":{"rendered":"<h2>El bast\u00f3n del Joker en Escuadr\u00f3n Suicida DC.<\/h2>\n<p>Para empezar, el bast\u00f3n del Joker del Escuadr\u00f3n Suicida tiene licencia oficial de los c\u00f3mics de DC del Escuadr\u00f3n Suicida distribuidos por The <a href=\"https:\/\/noblecollection.fr\/canne-joker-suicide-squad-comics-p-5543.html\" target=\"_blank\" rel=\"noopener noreferrer\">Colecci\u00f3n Noble<\/a>.<\/p>\n<p>El Joker, n\u00e9mesis de Batman, es sin duda su mayor enemigo. Ingenioso y virtuoso del crimen, su locura no tiene l\u00edmites. Para completar su atuendo de dandy, el Joker nunca se separa de su bast\u00f3n, que forma parte de su arsenal de g\u00e1nster.<\/p>\n<p>Sus primeros cr\u00edmenes son para Batman aut\u00e9nticos retos casi insuperables. La t\u00e9cnica es siempre la misma: el Joker anuncia que matar\u00e1 a una persona concreta a una hora concreta.<\/p>\n<p>Evidentemente, la polic\u00eda y Batman se encargan de proteger a la futura v\u00edctima, pero sin \u00e9xito. Porque el Joker siempre va un paso por delante.<\/p>\n<p>Batman finalmente lo detiene, pero no sin dejar tras de s\u00ed numerosas v\u00edctimas.<\/p>\n<h2>Tu Bast\u00f3n Joker Escuadr\u00f3n Suicida al mejor precio.<\/h2>\n<p>Le ofrecemos todas las r\u00e9plicas de objetos de colecci\u00f3n de sus superh\u00e9roes favoritos.<\/p>\n<p>Lo primero y m\u00e1s importante,<\/p>\n<ul>\n<li>La <a href=\"https:\/\/repliquemangacine.fr\/es\/superheroes\/bate-de-beisbol-harley-quinn\/\">El bate de b\u00e9isbol de Harley Quinn<\/a> todas de madera con inscripciones como \"Buenas noches\".<\/li>\n<li>Tambi\u00e9n existe la<a href=\"https:\/\/repliquemangacine.fr\/es\/superheroes\/arc-reactor-mk1-iron-man-core-reactor\/\">Reactor de arco<\/a> de Iron Man, en aluminio luminoso.<\/li>\n<li>Adem\u00e1s del magn\u00edfico <a href=\"https:\/\/repliquemangacine.fr\/es\/superheroes\/capitan-america-escudo-version-de-lujo\/\">El escudo del Capit\u00e1n Am\u00e9rica<\/a> todo de acero.<\/li>\n<li>Y mucho m\u00e1s por descubrir en nuestra tienda en l\u00ednea.<\/li>\n<\/ul>\n<p>Por eso, esta es una idea estupenda para regalar a los fans de Batman y Suicide Squad.<\/p>\n<p>En conclusi\u00f3n, puedes utilizar este bast\u00f3n de Joker Suicide Squad en tus desfiles de cosplay o en tus fiestas tem\u00e1ticas. Pero, ante todo, es una pieza de colecci\u00f3n.<\/p>\n<h2>\u00bfC\u00f3mo se fabrican nuestros productos Marvel?<\/h2>\n<p>Para empezar, todos nuestros productos derivados son de la m\u00e1xima calidad, fabricados con meticulosa atenci\u00f3n al detalle. Una parte se hace a mano, para reproducir hasta el m\u00e1s m\u00ednimo detalle. Las partes m\u00e1s importantes se mecanizan con m\u00e1quinas muy precisas. Los grabados se hacen generalmente con punta de diamante o l\u00e1ser.<\/p>\n<p>Tu bast\u00f3n Joker Suicide Squad ha sido fabricado para reproducir con exactitud todos los detalles. El mango est\u00e1 moldeado a presi\u00f3n e incrustado con pedrer\u00eda. Alta calidad. Gran elegancia.<\/p>\n<p>En conclusi\u00f3n, nuestras r\u00e9plicas, importadas de China o Espa\u00f1a, \u00a1le sorprender\u00e1n!<\/p>\n<p>R\u00e9plique Manga Cin\u00e9 es una empresa familiar francesa.<\/p>","protected":false},"excerpt":{"rendered":"<p>R\u00e9plica oficial del bast\u00f3n del Joker\u2122 de la pel\u00edcula Suicid Squad\u2122.<\/p>\n<ul>\n<li>Ca\u00f1a p\u00farpura.<\/li>\n<li>Punta de goma en el extremo del bast\u00f3n.<\/li>\n<li>Asa de fundici\u00f3n con incrustaciones de brillantes.<\/li>\n<li>Caja con los colores de la pel\u00edcula.<\/li>\n<li>Con licencia oficial<\/li>\n<li>Longitud total: 96 cm Peso total: 776 grs<\/li>\n<\/ul>","protected":false},"featured_media":63738,"template":"","meta":[],"product_brand":[896],"product_cat":[24,59],"product_tag":[],"class_list":{"0":"post-63737","1":"product","2":"type-product","3":"status-publish","4":"has-post-thumbnail","6":"product_brand-replique-manga-cine","7":"product_cat-films-series-tv-vente-de-katana-epee-et-produits-derives","8":"product_cat-super-heros-marvel","10":"first","11":"instock","12":"taxable","13":"shipping-taxable","14":"purchasable","15":"product-type-simple"},"yoast_head":"<!-- This site is optimized with the Yoast SEO plugin v27.4 - https:\/\/yoast.com\/product\/yoast-seo-wordpress\/ -->\n<title>Canne de Joker Suicide Squad- DC Comics - R\u00e9plique Manga Cin\u00e9<\/title>\n<meta name=\"description\" content=\"Offrez-vous la Canne du Joker Suicide Squad, au meilleur prix. Tout en m\u00e9tal - Strass incrust\u00e9s sur la poign\u00e9e - Licence officielle Suicide Squad - 96 cm\" \/>\n<meta name=\"robots\" content=\"index, follow, max-snippet:-1, max-image-preview:large, max-video-preview:-1\" \/>\n<link rel=\"canonical\" href=\"https:\/\/repliquemangacine.fr\/es\/superheroes-marvel\/el-baston-del-escuadron-suicida-del-joker\/\" \/>\n<meta property=\"og:locale\" content=\"es_ES\" \/>\n<meta property=\"og:type\" content=\"article\" \/>\n<meta property=\"og:title\" content=\"Canne de Joker Suicide Squad- DC Comics - R\u00e9plique Manga Cin\u00e9\" \/>\n<meta property=\"og:description\" content=\"Offrez-vous la Canne du Joker Suicide Squad, au meilleur prix. Tout en m\u00e9tal - Strass incrust\u00e9s sur la poign\u00e9e - Licence officielle Suicide Squad - 96 cm\" \/>\n<meta property=\"og:url\" content=\"https:\/\/repliquemangacine.fr\/es\/superheroes-marvel\/el-baston-del-escuadron-suicida-del-joker\/\" \/>\n<meta property=\"og:site_name\" content=\"R\u00e9plique Manga Cin\u00e9\" \/>\n<meta property=\"article:publisher\" content=\"https:\/\/www.facebook.com\/RepliqueMangaCine\" \/>\n<meta property=\"article:modified_time\" content=\"2025-12-15T08:45:54+00:00\" \/>\n<meta property=\"og:image\" content=\"https:\/\/repliquemangacine.fr\/wp-content\/uploads\/2023\/10\/4010-Canne-de-marche-joker.jpg\" \/>\n\t<meta property=\"og:image:width\" content=\"800\" \/>\n\t<meta property=\"og:image:height\" content=\"800\" \/>\n\t<meta property=\"og:image:type\" content=\"image\/jpeg\" \/>\n<meta name=\"twitter:card\" content=\"summary_large_image\" \/>\n<meta name=\"twitter:label1\" content=\"Tiempo de lectura\" \/>\n\t<meta name=\"twitter:data1\" content=\"1 minuto\" \/>\n<script type=\"application\/ld+json\" class=\"yoast-schema-graph\">{\"@context\":\"https:\\\/\\\/schema.org\",\"@graph\":[{\"@type\":\"WebPage\",\"@id\":\"https:\\\/\\\/repliquemangacine.fr\\\/super-heros-marvel\\\/la-canne-de-joker-suicide-squad\\\/\",\"url\":\"https:\\\/\\\/repliquemangacine.fr\\\/super-heros-marvel\\\/la-canne-de-joker-suicide-squad\\\/\",\"name\":\"Canne de Joker Suicide Squad- DC Comics - R\u00e9plique Manga Cin\u00e9\",\"isPartOf\":{\"@id\":\"https:\\\/\\\/repliquemangacine.fr\\\/#website\"},\"primaryImageOfPage\":{\"@id\":\"https:\\\/\\\/repliquemangacine.fr\\\/super-heros-marvel\\\/la-canne-de-joker-suicide-squad\\\/#primaryimage\"},\"image\":{\"@id\":\"https:\\\/\\\/repliquemangacine.fr\\\/super-heros-marvel\\\/la-canne-de-joker-suicide-squad\\\/#primaryimage\"},\"thumbnailUrl\":\"https:\\\/\\\/repliquemangacine.fr\\\/wp-content\\\/uploads\\\/2023\\\/10\\\/4010-Canne-de-marche-joker.jpg\",\"datePublished\":\"2021-03-18T12:45:29+00:00\",\"dateModified\":\"2025-12-15T08:45:54+00:00\",\"description\":\"Offrez-vous la Canne du Joker Suicide Squad, au meilleur prix. Tout en m\u00e9tal - Strass incrust\u00e9s sur la poign\u00e9e - Licence officielle Suicide Squad - 96 cm\",\"breadcrumb\":{\"@id\":\"https:\\\/\\\/repliquemangacine.fr\\\/super-heros-marvel\\\/la-canne-de-joker-suicide-squad\\\/#breadcrumb\"},\"inLanguage\":\"es\",\"potentialAction\":[{\"@type\":\"ReadAction\",\"target\":[\"https:\\\/\\\/repliquemangacine.fr\\\/super-heros-marvel\\\/la-canne-de-joker-suicide-squad\\\/\"]}]},{\"@type\":\"ImageObject\",\"inLanguage\":\"es\",\"@id\":\"https:\\\/\\\/repliquemangacine.fr\\\/super-heros-marvel\\\/la-canne-de-joker-suicide-squad\\\/#primaryimage\",\"url\":\"https:\\\/\\\/repliquemangacine.fr\\\/wp-content\\\/uploads\\\/2023\\\/10\\\/4010-Canne-de-marche-joker.jpg\",\"contentUrl\":\"https:\\\/\\\/repliquemangacine.fr\\\/wp-content\\\/uploads\\\/2023\\\/10\\\/4010-Canne-de-marche-joker.jpg\",\"width\":800,\"height\":800,\"caption\":\"Canne de marche joker\"},{\"@type\":\"BreadcrumbList\",\"@id\":\"https:\\\/\\\/repliquemangacine.fr\\\/super-heros-marvel\\\/la-canne-de-joker-suicide-squad\\\/#breadcrumb\",\"itemListElement\":[{\"@type\":\"ListItem\",\"position\":1,\"name\":\"Accueil\",\"item\":\"https:\\\/\\\/repliquemangacine.fr\\\/\"},{\"@type\":\"ListItem\",\"position\":2,\"name\":\"Produits\",\"item\":\"https:\\\/\\\/repliquemangacine.fr\\\/boutique\\\/\"},{\"@type\":\"ListItem\",\"position\":3,\"name\":\"Canne joker Suicide Squad\"}]},{\"@type\":\"WebSite\",\"@id\":\"https:\\\/\\\/repliquemangacine.fr\\\/#website\",\"url\":\"https:\\\/\\\/repliquemangacine.fr\\\/\",\"name\":\"R\u00e9plique Manga Cin\u00e9\",\"description\":\"\",\"publisher\":{\"@id\":\"https:\\\/\\\/repliquemangacine.fr\\\/#organization\"},\"potentialAction\":[{\"@type\":\"SearchAction\",\"target\":{\"@type\":\"EntryPoint\",\"urlTemplate\":\"https:\\\/\\\/repliquemangacine.fr\\\/?s={search_term_string}\"},\"query-input\":{\"@type\":\"PropertyValueSpecification\",\"valueRequired\":true,\"valueName\":\"search_term_string\"}}],\"inLanguage\":\"es\"},{\"@type\":\"Organization\",\"@id\":\"https:\\\/\\\/repliquemangacine.fr\\\/#organization\",\"name\":\"R\u00e9plique Manga Cin\u00e9\",\"url\":\"https:\\\/\\\/repliquemangacine.fr\\\/\",\"logo\":{\"@type\":\"ImageObject\",\"inLanguage\":\"es\",\"@id\":\"https:\\\/\\\/repliquemangacine.fr\\\/#\\\/schema\\\/logo\\\/image\\\/\",\"url\":\"https:\\\/\\\/repliquemangacine.fr\\\/wp-content\\\/uploads\\\/2023\\\/10\\\/RMC-500250.png\",\"contentUrl\":\"https:\\\/\\\/repliquemangacine.fr\\\/wp-content\\\/uploads\\\/2023\\\/10\\\/RMC-500250.png\",\"width\":500,\"height\":250,\"caption\":\"R\u00e9plique Manga Cin\u00e9\"},\"image\":{\"@id\":\"https:\\\/\\\/repliquemangacine.fr\\\/#\\\/schema\\\/logo\\\/image\\\/\"},\"sameAs\":[\"https:\\\/\\\/www.facebook.com\\\/RepliqueMangaCine\",\"https:\\\/\\\/www.instagram.com\\\/repliquemangacine.fr\\\/\"]}]}<\/script>\n<!-- \/ Yoast SEO plugin. -->","yoast_head_json":{"title":"Suicide Squad Joker Bast\u00f3n - DC Comics - R\u00e9plique Manga Cin\u00e9","description":"Reg\u00e1late el bast\u00f3n Joker de Escuadr\u00f3n Suicida, al mejor precio. Todo de metal - Incrustaciones de strass en el mango - Licencia oficial Escuadr\u00f3n Suicida - 96 cm.","robots":{"index":"index","follow":"follow","max-snippet":"max-snippet:-1","max-image-preview":"max-image-preview:large","max-video-preview":"max-video-preview:-1"},"canonical":"https:\/\/repliquemangacine.fr\/es\/superheroes-marvel\/el-baston-del-escuadron-suicida-del-joker\/","og_locale":"es_ES","og_type":"article","og_title":"Canne de Joker Suicide Squad- DC Comics - R\u00e9plique Manga Cin\u00e9","og_description":"Offrez-vous la Canne du Joker Suicide Squad, au meilleur prix. Tout en m\u00e9tal - Strass incrust\u00e9s sur la poign\u00e9e - Licence officielle Suicide Squad - 96 cm","og_url":"https:\/\/repliquemangacine.fr\/es\/superheroes-marvel\/el-baston-del-escuadron-suicida-del-joker\/","og_site_name":"R\u00e9plique Manga Cin\u00e9","article_publisher":"https:\/\/www.facebook.com\/RepliqueMangaCine","article_modified_time":"2025-12-15T08:45:54+00:00","og_image":[{"width":800,"height":800,"url":"https:\/\/repliquemangacine.fr\/wp-content\/uploads\/2023\/10\/4010-Canne-de-marche-joker.jpg","type":"image\/jpeg"}],"twitter_card":"summary_large_image","twitter_misc":{"Tiempo de lectura":"1 minuto"},"schema":{"@context":"https:\/\/schema.org","@graph":[{"@type":"WebPage","@id":"https:\/\/repliquemangacine.fr\/super-heros-marvel\/la-canne-de-joker-suicide-squad\/","url":"https:\/\/repliquemangacine.fr\/super-heros-marvel\/la-canne-de-joker-suicide-squad\/","name":"Suicide Squad Joker Bast\u00f3n - DC Comics - R\u00e9plique Manga Cin\u00e9","isPartOf":{"@id":"https:\/\/repliquemangacine.fr\/#website"},"primaryImageOfPage":{"@id":"https:\/\/repliquemangacine.fr\/super-heros-marvel\/la-canne-de-joker-suicide-squad\/#primaryimage"},"image":{"@id":"https:\/\/repliquemangacine.fr\/super-heros-marvel\/la-canne-de-joker-suicide-squad\/#primaryimage"},"thumbnailUrl":"https:\/\/repliquemangacine.fr\/wp-content\/uploads\/2023\/10\/4010-Canne-de-marche-joker.jpg","datePublished":"2021-03-18T12:45:29+00:00","dateModified":"2025-12-15T08:45:54+00:00","description":"Reg\u00e1late el bast\u00f3n Joker de Escuadr\u00f3n Suicida, al mejor precio. Todo de metal - Incrustaciones de strass en el mango - Licencia oficial Escuadr\u00f3n Suicida - 96 cm.","breadcrumb":{"@id":"https:\/\/repliquemangacine.fr\/super-heros-marvel\/la-canne-de-joker-suicide-squad\/#breadcrumb"},"inLanguage":"es","potentialAction":[{"@type":"ReadAction","target":["https:\/\/repliquemangacine.fr\/super-heros-marvel\/la-canne-de-joker-suicide-squad\/"]}]},{"@type":"ImageObject","inLanguage":"es","@id":"https:\/\/repliquemangacine.fr\/super-heros-marvel\/la-canne-de-joker-suicide-squad\/#primaryimage","url":"https:\/\/repliquemangacine.fr\/wp-content\/uploads\/2023\/10\/4010-Canne-de-marche-joker.jpg","contentUrl":"https:\/\/repliquemangacine.fr\/wp-content\/uploads\/2023\/10\/4010-Canne-de-marche-joker.jpg","width":800,"height":800,"caption":"Canne de marche joker"},{"@type":"BreadcrumbList","@id":"https:\/\/repliquemangacine.fr\/super-heros-marvel\/la-canne-de-joker-suicide-squad\/#breadcrumb","itemListElement":[{"@type":"ListItem","position":1,"name":"Accueil","item":"https:\/\/repliquemangacine.fr\/"},{"@type":"ListItem","position":2,"name":"Produits","item":"https:\/\/repliquemangacine.fr\/boutique\/"},{"@type":"ListItem","position":3,"name":"Canne joker Suicide Squad"}]},{"@type":"WebSite","@id":"https:\/\/repliquemangacine.fr\/#website","url":"https:\/\/repliquemangacine.fr\/","name":"R\u00e9plique Manga Cin\u00e9","description":"","publisher":{"@id":"https:\/\/repliquemangacine.fr\/#organization"},"potentialAction":[{"@type":"SearchAction","target":{"@type":"EntryPoint","urlTemplate":"https:\/\/repliquemangacine.fr\/?s={search_term_string}"},"query-input":{"@type":"PropertyValueSpecification","valueRequired":true,"valueName":"search_term_string"}}],"inLanguage":"es"},{"@type":"Organization","@id":"https:\/\/repliquemangacine.fr\/#organization","name":"R\u00e9plique Manga Cin\u00e9","url":"https:\/\/repliquemangacine.fr\/","logo":{"@type":"ImageObject","inLanguage":"es","@id":"https:\/\/repliquemangacine.fr\/#\/schema\/logo\/image\/","url":"https:\/\/repliquemangacine.fr\/wp-content\/uploads\/2023\/10\/RMC-500250.png","contentUrl":"https:\/\/repliquemangacine.fr\/wp-content\/uploads\/2023\/10\/RMC-500250.png","width":500,"height":250,"caption":"R\u00e9plique Manga Cin\u00e9"},"image":{"@id":"https:\/\/repliquemangacine.fr\/#\/schema\/logo\/image\/"},"sameAs":["https:\/\/www.facebook.com\/RepliqueMangaCine","https:\/\/www.instagram.com\/repliquemangacine.fr\/"]}]}},"_links":{"self":[{"href":"https:\/\/repliquemangacine.fr\/es\/wp-json\/wp\/v2\/product\/63737","targetHints":{"allow":["GET"]}}],"collection":[{"href":"https:\/\/repliquemangacine.fr\/es\/wp-json\/wp\/v2\/product"}],"about":[{"href":"https:\/\/repliquemangacine.fr\/es\/wp-json\/wp\/v2\/types\/product"}],"wp:featuredmedia":[{"embeddable":true,"href":"https:\/\/repliquemangacine.fr\/es\/wp-json\/wp\/v2\/media\/63738"}],"wp:attachment":[{"href":"https:\/\/repliquemangacine.fr\/es\/wp-json\/wp\/v2\/media?parent=63737"}],"wp:term":[{"taxonomy":"product_brand","embeddable":true,"href":"https:\/\/repliquemangacine.fr\/es\/wp-json\/wp\/v2\/product_brand?post=63737"},{"taxonomy":"product_cat","embeddable":true,"href":"https:\/\/repliquemangacine.fr\/es\/wp-json\/wp\/v2\/product_cat?post=63737"},{"taxonomy":"product_tag","embeddable":true,"href":"https:\/\/repliquemangacine.fr\/es\/wp-json\/wp\/v2\/product_tag?post=63737"}],"curies":[{"name":"wp","href":"https:\/\/api.w.org\/{rel}","templated":true}]}}