





{"id":63717,"date":"2019-11-23T15:53:53","date_gmt":"2019-11-23T14:53:53","guid":{"rendered":"https:\/\/repliquemangacine.fr\/?post_type=product&#038;p=63717"},"modified":"2026-01-29T19:44:09","modified_gmt":"2026-01-29T18:44:09","slug":"peacemaker-le-frontier-1873-revolver-gift-set","status":"publish","type":"product","link":"https:\/\/repliquemangacine.fr\/es\/colt-revolver-western\/coffret-cadeaux-revolver-peacemaker-le-frontier-1873\/","title":{"rendered":"Peacemaker 1873 le Frontier boxed set"},"content":{"rendered":"<h2>Reproducci\u00f3n de la caja Peacemaker 1873 Denix.<\/h2>\n<p>Para empezar, el <strong>Peacemaker 1873 en caja<\/strong> Denix es una reproducci\u00f3n id\u00e9ntica al original.<\/p>\n<p>Si hay un arma cuyo prestigio nunca ha flaqueado y, por el contrario, nunca ha dejado de crecer, \u00e9sa es el Colt Single Action. Este rev\u00f3lver, con su caracter\u00edstica forma perfectamente armoniosa, se ha convertido en legendario.<\/p>\n<p>Cabe destacar que fue en 1875 cuando la Single Action recibi\u00f3 el sobrenombre de Frontier, a\u00f1o en el que se adapt\u00f3 el cartucho 44-40 Winchester. As\u00ed, las dos armas m\u00e1s legendarias del Lejano Oeste impon\u00edan la misma ley del fuego.<\/p>\n<p>Tras la conquista del Oeste, comienza para esta arma la conquista de la memoria. Algo que le resultar\u00e1 f\u00e1cil, ya que sus l\u00edneas y sus haza\u00f1as han marcado la imaginaci\u00f3n de los hombres.<\/p>\n<h2>Tu Set Peacemaker 1873 al mejor precio.<\/h2>\n<p>Le ofrecemos una amplia selecci\u00f3n de reproducciones de armas Denix a los precios m\u00e1s bajos del mercado.<\/p>\n<p>Lo primero y m\u00e1s importante,<\/p>\n<ul>\n<li>Le <a href=\"https:\/\/repliquemangacine.fr\/es\/revolver-colts\/revolver-colt-army-1860\/\">colt Army 1860<\/a> de Denix.<\/li>\n<li>Pero tambi\u00e9n <a href=\"https:\/\/repliquemangacine.fr\/es\/pistola-kolser\/coffret-colt-45-saa-31cm-poli-1873-kolser\/\">potro S.A.A poli<\/a> con balas falsas Kolser.<\/li>\n<li>Y muchos m\u00e1s por descubrir en nuestra tienda en l\u00ednea.<\/li>\n<\/ul>\n<p>Por eso es una gran idea de regalo para coleccionistas o aficionados a las pel\u00edculas del Oeste.<\/p>\n<p>En conclusi\u00f3n, puede utilizar el <strong>Peacemaker 1873 en caja<\/strong> para sus demostraciones de Westerns o veladas tem\u00e1ticas.<\/p>\n<p>Le recordamos que solo se trata de armas falsas que no suponen ning\u00fan peligro.<\/p>\n<p>R\u00e9plique Manga Cin\u00e9 es una empresa francesa y distribuidor oficial de la marca. <a href=\"https:\/\/www.denix.fr\/\" target=\"_blank\" rel=\"noopener noreferrer\">Denix<\/a>.<\/p>\n<h2>\u00bfC\u00f3mo se fabrican las r\u00e9plicas de armas Denix?<\/h2>\n<p>Utilizadas en recreaciones hist\u00f3ricas, pel\u00edculas, series y por coleccionistas. Las reproducciones Denix est\u00e1n fabricadas con materiales de alta calidad. Cuidadosamente elaboradas y ensambladas para crear armas de colecci\u00f3n realistas.<\/p>\n<ul>\n<li>Los metales se encuentran en una aleaci\u00f3n met\u00e1lica conocida como Zamac, cuya composici\u00f3n b\u00e1sica es zinc en 95%.<\/li>\n<li>Las piezas de pl\u00e1stico de las r\u00e9plicas son de ABS moldeado, que ofrece una gran resistencia.<\/li>\n<li>Las maderas elegidas por su belleza y durabilidad, como la caoba, el olivo o el nogal, dar\u00e1n a sus culatas y barricas un aspecto elegante y aut\u00e9ntico.<\/li>\n<\/ul>\n<p>Cabe se\u00f1alar que todas las reproducciones Denix son id\u00e9nticas a los originales, como su <strong>Peacemaker 1873 en caja<\/strong>.<\/p>","protected":false},"excerpt":{"rendered":"<p>Peacemaker Le Frontier 1873 calibre 45.<\/p>\n<ul>\n<li>Ca\u00f1\u00f3n corto de 4,75 pulgadas.<\/li>\n<li>Culata de madera maciza.<\/li>\n<li>Marco de Zamac.<\/li>\n<li>Armas y huelgas.<\/li>\n<li>No apto para disparar.<\/li>\n<li>No se requiere autorizaci\u00f3n. Venta y posesi\u00f3n libres<\/li>\n<li>Caja con 6 bolas ficticias.<\/li>\n<li>Longitud total: 29 cm - Peso: 1010 g<\/li>\n<\/ul>","protected":false},"featured_media":63718,"template":"","meta":[],"product_brand":[896],"product_cat":[34,33,77,102,28,27],"product_tag":[],"class_list":{"0":"post-63717","1":"product","2":"type-product","3":"status-publish","4":"has-post-thumbnail","6":"product_brand-replique-manga-cine","7":"product_cat-armes-westerns","8":"product_cat-colt-pistolet","9":"product_cat-colt-revolver-western","10":"product_cat-denix","11":"product_cat-repliques-darmes","12":"product_cat-armes-et-accessoires-western","14":"first","15":"outofstock","16":"sale","17":"taxable","18":"shipping-taxable","19":"purchasable","20":"product-type-simple"},"yoast_head":"<!-- This site is optimized with the Yoast SEO plugin v27.4 - https:\/\/yoast.com\/product\/yoast-seo-wordpress\/ -->\n<title>Coffret Peacemaker 1873 - Denix | R\u00e9plique Manga Cin\u00e9<\/title>\n<meta name=\"description\" content=\"D\u00e9couvrez ! Ce Coffret Peacemaker 1873 au meilleur prix - En m\u00e9tal - Crosse en bois - Barillet rotatif - M\u00e9canisme fonctionnel - Longueur totale : 29 cm\" \/>\n<meta name=\"robots\" content=\"index, follow, max-snippet:-1, max-image-preview:large, max-video-preview:-1\" \/>\n<link rel=\"canonical\" href=\"https:\/\/repliquemangacine.fr\/es\/denix\/peacemaker-le-frontier-1873-revolver-gift-set\/\" \/>\n<meta property=\"og:locale\" content=\"es_ES\" \/>\n<meta property=\"og:type\" content=\"article\" \/>\n<meta property=\"og:title\" content=\"Coffret Peacemaker 1873 - Denix | R\u00e9plique Manga Cin\u00e9\" \/>\n<meta property=\"og:description\" content=\"D\u00e9couvrez ! Ce Coffret Peacemaker 1873 au meilleur prix - En m\u00e9tal - Crosse en bois - Barillet rotatif - M\u00e9canisme fonctionnel - Longueur totale : 29 cm\" \/>\n<meta property=\"og:url\" content=\"https:\/\/repliquemangacine.fr\/es\/denix\/peacemaker-le-frontier-1873-revolver-gift-set\/\" \/>\n<meta property=\"og:site_name\" content=\"R\u00e9plique Manga Cin\u00e9\" \/>\n<meta property=\"article:publisher\" content=\"https:\/\/www.facebook.com\/RepliqueMangaCine\" \/>\n<meta property=\"article:modified_time\" content=\"2026-01-29T18:44:09+00:00\" \/>\n<meta property=\"og:image\" content=\"https:\/\/repliquemangacine.fr\/wp-content\/uploads\/2023\/10\/3280-Coffret-Cadeaux-Revolver-Peacemaker-le-Frontier-1873.jpg\" \/>\n\t<meta property=\"og:image:width\" content=\"800\" \/>\n\t<meta property=\"og:image:height\" content=\"800\" \/>\n\t<meta property=\"og:image:type\" content=\"image\/jpeg\" \/>\n<meta name=\"twitter:card\" content=\"summary_large_image\" \/>\n<meta name=\"twitter:label1\" content=\"Tiempo de lectura\" \/>\n\t<meta name=\"twitter:data1\" content=\"2 minutos\" \/>\n<script type=\"application\/ld+json\" class=\"yoast-schema-graph\">{\"@context\":\"https:\\\/\\\/schema.org\",\"@graph\":[{\"@type\":\"WebPage\",\"@id\":\"https:\\\/\\\/repliquemangacine.fr\\\/denix\\\/coffret-cadeaux-revolver-peacemaker-le-frontier-1873\\\/\",\"url\":\"https:\\\/\\\/repliquemangacine.fr\\\/denix\\\/coffret-cadeaux-revolver-peacemaker-le-frontier-1873\\\/\",\"name\":\"Coffret Peacemaker 1873 - Denix | R\u00e9plique Manga Cin\u00e9\",\"isPartOf\":{\"@id\":\"https:\\\/\\\/repliquemangacine.fr\\\/#website\"},\"primaryImageOfPage\":{\"@id\":\"https:\\\/\\\/repliquemangacine.fr\\\/denix\\\/coffret-cadeaux-revolver-peacemaker-le-frontier-1873\\\/#primaryimage\"},\"image\":{\"@id\":\"https:\\\/\\\/repliquemangacine.fr\\\/denix\\\/coffret-cadeaux-revolver-peacemaker-le-frontier-1873\\\/#primaryimage\"},\"thumbnailUrl\":\"https:\\\/\\\/repliquemangacine.fr\\\/wp-content\\\/uploads\\\/2023\\\/10\\\/3280-Coffret-Cadeaux-Revolver-Peacemaker-le-Frontier-1873.jpg\",\"datePublished\":\"2019-11-23T14:53:53+00:00\",\"dateModified\":\"2026-01-29T18:44:09+00:00\",\"description\":\"D\u00e9couvrez ! Ce Coffret Peacemaker 1873 au meilleur prix - En m\u00e9tal - Crosse en bois - Barillet rotatif - M\u00e9canisme fonctionnel - Longueur totale : 29 cm\",\"breadcrumb\":{\"@id\":\"https:\\\/\\\/repliquemangacine.fr\\\/denix\\\/coffret-cadeaux-revolver-peacemaker-le-frontier-1873\\\/#breadcrumb\"},\"inLanguage\":\"es\",\"potentialAction\":[{\"@type\":\"ReadAction\",\"target\":[\"https:\\\/\\\/repliquemangacine.fr\\\/denix\\\/coffret-cadeaux-revolver-peacemaker-le-frontier-1873\\\/\"]}]},{\"@type\":\"ImageObject\",\"inLanguage\":\"es\",\"@id\":\"https:\\\/\\\/repliquemangacine.fr\\\/denix\\\/coffret-cadeaux-revolver-peacemaker-le-frontier-1873\\\/#primaryimage\",\"url\":\"https:\\\/\\\/repliquemangacine.fr\\\/wp-content\\\/uploads\\\/2023\\\/10\\\/3280-Coffret-Cadeaux-Revolver-Peacemaker-le-Frontier-1873.jpg\",\"contentUrl\":\"https:\\\/\\\/repliquemangacine.fr\\\/wp-content\\\/uploads\\\/2023\\\/10\\\/3280-Coffret-Cadeaux-Revolver-Peacemaker-le-Frontier-1873.jpg\",\"width\":800,\"height\":800,\"caption\":\"Coffret Cadeaux Revolver Peacemaker le Frontier 1873\"},{\"@type\":\"BreadcrumbList\",\"@id\":\"https:\\\/\\\/repliquemangacine.fr\\\/denix\\\/coffret-cadeaux-revolver-peacemaker-le-frontier-1873\\\/#breadcrumb\",\"itemListElement\":[{\"@type\":\"ListItem\",\"position\":1,\"name\":\"Accueil\",\"item\":\"https:\\\/\\\/repliquemangacine.fr\\\/\"},{\"@type\":\"ListItem\",\"position\":2,\"name\":\"Produits\",\"item\":\"https:\\\/\\\/repliquemangacine.fr\\\/boutique\\\/\"},{\"@type\":\"ListItem\",\"position\":3,\"name\":\"Coffret Peacemaker 1873 le Frontier\"}]},{\"@type\":\"WebSite\",\"@id\":\"https:\\\/\\\/repliquemangacine.fr\\\/#website\",\"url\":\"https:\\\/\\\/repliquemangacine.fr\\\/\",\"name\":\"R\u00e9plique Manga Cin\u00e9\",\"description\":\"\",\"publisher\":{\"@id\":\"https:\\\/\\\/repliquemangacine.fr\\\/#organization\"},\"potentialAction\":[{\"@type\":\"SearchAction\",\"target\":{\"@type\":\"EntryPoint\",\"urlTemplate\":\"https:\\\/\\\/repliquemangacine.fr\\\/?s={search_term_string}\"},\"query-input\":{\"@type\":\"PropertyValueSpecification\",\"valueRequired\":true,\"valueName\":\"search_term_string\"}}],\"inLanguage\":\"es\"},{\"@type\":\"Organization\",\"@id\":\"https:\\\/\\\/repliquemangacine.fr\\\/#organization\",\"name\":\"R\u00e9plique Manga Cin\u00e9\",\"url\":\"https:\\\/\\\/repliquemangacine.fr\\\/\",\"logo\":{\"@type\":\"ImageObject\",\"inLanguage\":\"es\",\"@id\":\"https:\\\/\\\/repliquemangacine.fr\\\/#\\\/schema\\\/logo\\\/image\\\/\",\"url\":\"https:\\\/\\\/repliquemangacine.fr\\\/wp-content\\\/uploads\\\/2023\\\/10\\\/RMC-500250.png\",\"contentUrl\":\"https:\\\/\\\/repliquemangacine.fr\\\/wp-content\\\/uploads\\\/2023\\\/10\\\/RMC-500250.png\",\"width\":500,\"height\":250,\"caption\":\"R\u00e9plique Manga Cin\u00e9\"},\"image\":{\"@id\":\"https:\\\/\\\/repliquemangacine.fr\\\/#\\\/schema\\\/logo\\\/image\\\/\"},\"sameAs\":[\"https:\\\/\\\/www.facebook.com\\\/RepliqueMangaCine\",\"https:\\\/\\\/www.instagram.com\\\/repliquemangacine.fr\\\/\"]}]}<\/script>\n<!-- \/ Yoast SEO plugin. -->","yoast_head_json":{"title":"Peacemaker 1873 Box Set - Denix | R\u00e9plique Manga Cin\u00e9","description":"\u00a1Compru\u00e9belo! Este juego Peacemaker 1873 al mejor precio - Metal - Culata de madera - Ca\u00f1\u00f3n giratorio - Mecanismo funcional - Longitud total: 29 cm.","robots":{"index":"index","follow":"follow","max-snippet":"max-snippet:-1","max-image-preview":"max-image-preview:large","max-video-preview":"max-video-preview:-1"},"canonical":"https:\/\/repliquemangacine.fr\/es\/denix\/peacemaker-le-frontier-1873-revolver-gift-set\/","og_locale":"es_ES","og_type":"article","og_title":"Coffret Peacemaker 1873 - Denix | R\u00e9plique Manga Cin\u00e9","og_description":"D\u00e9couvrez ! Ce Coffret Peacemaker 1873 au meilleur prix - En m\u00e9tal - Crosse en bois - Barillet rotatif - M\u00e9canisme fonctionnel - Longueur totale : 29 cm","og_url":"https:\/\/repliquemangacine.fr\/es\/denix\/peacemaker-le-frontier-1873-revolver-gift-set\/","og_site_name":"R\u00e9plique Manga Cin\u00e9","article_publisher":"https:\/\/www.facebook.com\/RepliqueMangaCine","article_modified_time":"2026-01-29T18:44:09+00:00","og_image":[{"width":800,"height":800,"url":"https:\/\/repliquemangacine.fr\/wp-content\/uploads\/2023\/10\/3280-Coffret-Cadeaux-Revolver-Peacemaker-le-Frontier-1873.jpg","type":"image\/jpeg"}],"twitter_card":"summary_large_image","twitter_misc":{"Tiempo de lectura":"2 minutos"},"schema":{"@context":"https:\/\/schema.org","@graph":[{"@type":"WebPage","@id":"https:\/\/repliquemangacine.fr\/denix\/coffret-cadeaux-revolver-peacemaker-le-frontier-1873\/","url":"https:\/\/repliquemangacine.fr\/denix\/coffret-cadeaux-revolver-peacemaker-le-frontier-1873\/","name":"Peacemaker 1873 Box Set - Denix | R\u00e9plique Manga Cin\u00e9","isPartOf":{"@id":"https:\/\/repliquemangacine.fr\/#website"},"primaryImageOfPage":{"@id":"https:\/\/repliquemangacine.fr\/denix\/coffret-cadeaux-revolver-peacemaker-le-frontier-1873\/#primaryimage"},"image":{"@id":"https:\/\/repliquemangacine.fr\/denix\/coffret-cadeaux-revolver-peacemaker-le-frontier-1873\/#primaryimage"},"thumbnailUrl":"https:\/\/repliquemangacine.fr\/wp-content\/uploads\/2023\/10\/3280-Coffret-Cadeaux-Revolver-Peacemaker-le-Frontier-1873.jpg","datePublished":"2019-11-23T14:53:53+00:00","dateModified":"2026-01-29T18:44:09+00:00","description":"\u00a1Compru\u00e9belo! Este juego Peacemaker 1873 al mejor precio - Metal - Culata de madera - Ca\u00f1\u00f3n giratorio - Mecanismo funcional - Longitud total: 29 cm.","breadcrumb":{"@id":"https:\/\/repliquemangacine.fr\/denix\/coffret-cadeaux-revolver-peacemaker-le-frontier-1873\/#breadcrumb"},"inLanguage":"es","potentialAction":[{"@type":"ReadAction","target":["https:\/\/repliquemangacine.fr\/denix\/coffret-cadeaux-revolver-peacemaker-le-frontier-1873\/"]}]},{"@type":"ImageObject","inLanguage":"es","@id":"https:\/\/repliquemangacine.fr\/denix\/coffret-cadeaux-revolver-peacemaker-le-frontier-1873\/#primaryimage","url":"https:\/\/repliquemangacine.fr\/wp-content\/uploads\/2023\/10\/3280-Coffret-Cadeaux-Revolver-Peacemaker-le-Frontier-1873.jpg","contentUrl":"https:\/\/repliquemangacine.fr\/wp-content\/uploads\/2023\/10\/3280-Coffret-Cadeaux-Revolver-Peacemaker-le-Frontier-1873.jpg","width":800,"height":800,"caption":"Coffret Cadeaux Revolver Peacemaker le Frontier 1873"},{"@type":"BreadcrumbList","@id":"https:\/\/repliquemangacine.fr\/denix\/coffret-cadeaux-revolver-peacemaker-le-frontier-1873\/#breadcrumb","itemListElement":[{"@type":"ListItem","position":1,"name":"Accueil","item":"https:\/\/repliquemangacine.fr\/"},{"@type":"ListItem","position":2,"name":"Produits","item":"https:\/\/repliquemangacine.fr\/boutique\/"},{"@type":"ListItem","position":3,"name":"Coffret Peacemaker 1873 le Frontier"}]},{"@type":"WebSite","@id":"https:\/\/repliquemangacine.fr\/#website","url":"https:\/\/repliquemangacine.fr\/","name":"R\u00e9plique Manga Cin\u00e9","description":"","publisher":{"@id":"https:\/\/repliquemangacine.fr\/#organization"},"potentialAction":[{"@type":"SearchAction","target":{"@type":"EntryPoint","urlTemplate":"https:\/\/repliquemangacine.fr\/?s={search_term_string}"},"query-input":{"@type":"PropertyValueSpecification","valueRequired":true,"valueName":"search_term_string"}}],"inLanguage":"es"},{"@type":"Organization","@id":"https:\/\/repliquemangacine.fr\/#organization","name":"R\u00e9plique Manga Cin\u00e9","url":"https:\/\/repliquemangacine.fr\/","logo":{"@type":"ImageObject","inLanguage":"es","@id":"https:\/\/repliquemangacine.fr\/#\/schema\/logo\/image\/","url":"https:\/\/repliquemangacine.fr\/wp-content\/uploads\/2023\/10\/RMC-500250.png","contentUrl":"https:\/\/repliquemangacine.fr\/wp-content\/uploads\/2023\/10\/RMC-500250.png","width":500,"height":250,"caption":"R\u00e9plique Manga Cin\u00e9"},"image":{"@id":"https:\/\/repliquemangacine.fr\/#\/schema\/logo\/image\/"},"sameAs":["https:\/\/www.facebook.com\/RepliqueMangaCine","https:\/\/www.instagram.com\/repliquemangacine.fr\/"]}]}},"_links":{"self":[{"href":"https:\/\/repliquemangacine.fr\/es\/wp-json\/wp\/v2\/product\/63717","targetHints":{"allow":["GET"]}}],"collection":[{"href":"https:\/\/repliquemangacine.fr\/es\/wp-json\/wp\/v2\/product"}],"about":[{"href":"https:\/\/repliquemangacine.fr\/es\/wp-json\/wp\/v2\/types\/product"}],"wp:featuredmedia":[{"embeddable":true,"href":"https:\/\/repliquemangacine.fr\/es\/wp-json\/wp\/v2\/media\/63718"}],"wp:attachment":[{"href":"https:\/\/repliquemangacine.fr\/es\/wp-json\/wp\/v2\/media?parent=63717"}],"wp:term":[{"taxonomy":"product_brand","embeddable":true,"href":"https:\/\/repliquemangacine.fr\/es\/wp-json\/wp\/v2\/product_brand?post=63717"},{"taxonomy":"product_cat","embeddable":true,"href":"https:\/\/repliquemangacine.fr\/es\/wp-json\/wp\/v2\/product_cat?post=63717"},{"taxonomy":"product_tag","embeddable":true,"href":"https:\/\/repliquemangacine.fr\/es\/wp-json\/wp\/v2\/product_tag?post=63717"}],"curies":[{"name":"wp","href":"https:\/\/api.w.org\/{rel}","templated":true}]}}