





{"id":63711,"date":"2018-12-11T18:24:25","date_gmt":"2018-12-11T17:24:25","guid":{"rendered":"https:\/\/repliquemangacine.fr\/?post_type=product&#038;p=63711"},"modified":"2025-09-23T18:03:11","modified_gmt":"2025-09-23T16:03:11","slug":"harry-potter-artefactos-coleccionista-noble-caja-de-coleccion","status":"publish","type":"product","link":"https:\/\/repliquemangacine.fr\/es\/collectors-et-goodies-harry-potter\/boite-artefacts-harry-potter-collector-noble-collection\/","title":{"rendered":"Artefacto Harry Potter Coleccionista Noble colecci\u00f3n"},"content":{"rendered":"<h2>Caja de artefactos de Harry Potter.<\/h2>\n<p>Para empezar, el <strong>Caja de artefactos de Harry Potter<\/strong> re\u00fane objetos que hacen referencia a ella. Con licencia oficial <a href=\"https:\/\/noblecollection.fr\/boite-artefacts-harry-potter-p-701.html\" target=\"_blank\" rel=\"noopener noreferrer\">Colecci\u00f3n Noble<\/a>.<\/p>\n<p>Harry Potter es el hijo de James Potter y Lily Evans. Tambi\u00e9n es el \u00fanico ser humano conocido que ha sobrevivido al hechizo mortal lanzado por Voldemort. De este intento de asesinato le qued\u00f3 una cicatriz en forma de rayo en la frente.<\/p>\n<p>Durante el a\u00f1o, Harry descubre la piedra filosofal de Nicolas Flamel, una piedra que otorga la vida eterna a quien la posee. A finales de a\u00f1o, junto con Ron y Hermione, recupera la piedra antes de que Voldemort se haga con ella.<\/p>\n<p>Vivir\u00e1n numerosas aventuras que los llevar\u00e1n a la batalla de Hogwarts y al cumplimiento de la profec\u00eda.<\/p>\n<h2>Tu pieza de coleccionista de Harry Potter al mejor precio.<\/h2>\n<h3>Ofrecemos una amplia gama de art\u00edculos de Harry Potter.<\/h3>\n<p>En primer lugar, por supuesto, est\u00e1n los palillos de sus amigos, pero tambi\u00e9n el de:<\/p>\n<ul>\n<li>La varita m\u00e1gica de su padrino <a href=\"https:\/\/repliquemangacine.fr\/es\/palillos-de-caracteres\/varilla-de-nucleo-metalico-negro-sirius-de-alta-calidad\/\">Sirius Black<\/a>.<\/li>\n<li>As\u00ed como el <a href=\"https:\/\/repliquemangacine.fr\/es\/palillos-de-caracteres\/varita-de-albus-dumbledore-nucleo-de-metal-de-alta-calidad\/\">La varita de Albus Dumbledore<\/a> su amo.<\/li>\n<li>Y muchos m\u00e1s por descubrir en nuestra tienda en l\u00ednea.<br \/>\nPor supuesto, tambi\u00e9n disponemos de todos los palillos oficiales de la Noble Collection bajo pedido.<\/li>\n<\/ul>\n<p>Por eso, aqu\u00ed tienes una idea estupenda para regalar a todos los fans de Harry Potter.<\/p>\n<p>En conclusi\u00f3n, tambi\u00e9n puede utilizar este <strong>Caja de artefactos de Harry Potter<\/strong> para tus cosplays o fiestas tem\u00e1ticas. Pero, ante todo, es una pieza de colecci\u00f3n y decoraci\u00f3n.<\/p>\n<p>R\u00e9plique Manga Cin\u00e9 es una empresa familiar francesa.<\/p>\n<p>&nbsp;<\/p>","protected":false},"excerpt":{"rendered":"<p>La caja Artefactos de Harry Potter contiene :<\/p>\n<ul>\n<li>Carta de solicitud de Hogwarts.<\/li>\n<li>El aviso exacto de b\u00fasqueda de Sirius Black.<\/li>\n<li>Una entrada para la Copa del Mundo de Quidditch.<\/li>\n<li>La carta de su madre Lily Potter a Sirius Black.<\/li>\n<li>La etiqueta de equipaje del Expreso de Hogwarts.<\/li>\n<li>La lista de firmas del Ej\u00e9rcito de Dumbledore y una foto.<\/li>\n<li>Tama\u00f1o de la caja 21 cm x 28 cm x 3,5 cm<\/li>\n<\/ul>","protected":false},"featured_media":63712,"template":"","meta":[],"product_brand":[896],"product_cat":[87,24,41],"product_tag":[],"class_list":{"0":"post-63711","1":"product","2":"type-product","3":"status-publish","4":"has-post-thumbnail","6":"product_brand-replique-manga-cine","7":"product_cat-collectors-et-goodies-harry-potter","8":"product_cat-films-series-tv-vente-de-katana-epee-et-produits-derives","9":"product_cat-baguettes-et-goodies-harry-potter","11":"first","12":"instock","13":"taxable","14":"shipping-taxable","15":"purchasable","16":"product-type-simple"},"yoast_head":"<!-- This site is optimized with the Yoast SEO plugin v27.4 - https:\/\/yoast.com\/product\/yoast-seo-wordpress\/ -->\n<title>Boite Artefacts Harry Potter - Boutique en ligne - RMC<\/title>\n<meta name=\"description\" content=\"Offrez-lui ! Cette Boite Artefacts Harry Potter au meilleur prix. Objets Collector - Sous licence Officielle - The Noble Collection - Envoi 24\/48h\" \/>\n<meta name=\"robots\" content=\"index, follow, max-snippet:-1, max-image-preview:large, max-video-preview:-1\" \/>\n<link rel=\"canonical\" href=\"https:\/\/repliquemangacine.fr\/es\/coleccionistas-y-objetos-de-harry-potter\/harry-potter-artefactos-coleccionista-noble-caja-de-coleccion\/\" \/>\n<meta property=\"og:locale\" content=\"es_ES\" \/>\n<meta property=\"og:type\" content=\"article\" \/>\n<meta property=\"og:title\" content=\"Boite Artefacts Harry Potter - Boutique en ligne - RMC\" \/>\n<meta property=\"og:description\" content=\"Offrez-lui ! Cette Boite Artefacts Harry Potter au meilleur prix. Objets Collector - Sous licence Officielle - The Noble Collection - Envoi 24\/48h\" \/>\n<meta property=\"og:url\" content=\"https:\/\/repliquemangacine.fr\/es\/coleccionistas-y-objetos-de-harry-potter\/harry-potter-artefactos-coleccionista-noble-caja-de-coleccion\/\" \/>\n<meta property=\"og:site_name\" content=\"R\u00e9plique Manga Cin\u00e9\" \/>\n<meta property=\"article:publisher\" content=\"https:\/\/www.facebook.com\/RepliqueMangaCine\" \/>\n<meta property=\"article:modified_time\" content=\"2025-09-23T16:03:11+00:00\" \/>\n<meta property=\"og:image\" content=\"https:\/\/repliquemangacine.fr\/wp-content\/uploads\/2023\/10\/2689-Boite-Artefact-Harry-Potter-collector.jpg\" \/>\n\t<meta property=\"og:image:width\" content=\"900\" \/>\n\t<meta property=\"og:image:height\" content=\"900\" \/>\n\t<meta property=\"og:image:type\" content=\"image\/jpeg\" \/>\n<meta name=\"twitter:card\" content=\"summary_large_image\" \/>\n<meta name=\"twitter:label1\" content=\"Tiempo de lectura\" \/>\n\t<meta name=\"twitter:data1\" content=\"1 minuto\" \/>\n<script type=\"application\/ld+json\" class=\"yoast-schema-graph\">{\"@context\":\"https:\\\/\\\/schema.org\",\"@graph\":[{\"@type\":\"WebPage\",\"@id\":\"https:\\\/\\\/repliquemangacine.fr\\\/collectors-et-goodies-harry-potter\\\/boite-artefacts-harry-potter-collector-noble-collection\\\/\",\"url\":\"https:\\\/\\\/repliquemangacine.fr\\\/collectors-et-goodies-harry-potter\\\/boite-artefacts-harry-potter-collector-noble-collection\\\/\",\"name\":\"Boite Artefacts Harry Potter - Boutique en ligne - RMC\",\"isPartOf\":{\"@id\":\"https:\\\/\\\/repliquemangacine.fr\\\/#website\"},\"primaryImageOfPage\":{\"@id\":\"https:\\\/\\\/repliquemangacine.fr\\\/collectors-et-goodies-harry-potter\\\/boite-artefacts-harry-potter-collector-noble-collection\\\/#primaryimage\"},\"image\":{\"@id\":\"https:\\\/\\\/repliquemangacine.fr\\\/collectors-et-goodies-harry-potter\\\/boite-artefacts-harry-potter-collector-noble-collection\\\/#primaryimage\"},\"thumbnailUrl\":\"https:\\\/\\\/repliquemangacine.fr\\\/wp-content\\\/uploads\\\/2023\\\/10\\\/2689-Boite-Artefact-Harry-Potter-collector.jpg\",\"datePublished\":\"2018-12-11T17:24:25+00:00\",\"dateModified\":\"2025-09-23T16:03:11+00:00\",\"description\":\"Offrez-lui ! Cette Boite Artefacts Harry Potter au meilleur prix. Objets Collector - Sous licence Officielle - The Noble Collection - Envoi 24\\\/48h\",\"breadcrumb\":{\"@id\":\"https:\\\/\\\/repliquemangacine.fr\\\/collectors-et-goodies-harry-potter\\\/boite-artefacts-harry-potter-collector-noble-collection\\\/#breadcrumb\"},\"inLanguage\":\"es\",\"potentialAction\":[{\"@type\":\"ReadAction\",\"target\":[\"https:\\\/\\\/repliquemangacine.fr\\\/collectors-et-goodies-harry-potter\\\/boite-artefacts-harry-potter-collector-noble-collection\\\/\"]}]},{\"@type\":\"ImageObject\",\"inLanguage\":\"es\",\"@id\":\"https:\\\/\\\/repliquemangacine.fr\\\/collectors-et-goodies-harry-potter\\\/boite-artefacts-harry-potter-collector-noble-collection\\\/#primaryimage\",\"url\":\"https:\\\/\\\/repliquemangacine.fr\\\/wp-content\\\/uploads\\\/2023\\\/10\\\/2689-Boite-Artefact-Harry-Potter-collector.jpg\",\"contentUrl\":\"https:\\\/\\\/repliquemangacine.fr\\\/wp-content\\\/uploads\\\/2023\\\/10\\\/2689-Boite-Artefact-Harry-Potter-collector.jpg\",\"width\":900,\"height\":900,\"caption\":\"Boite Artefact Harry Potter collector\"},{\"@type\":\"BreadcrumbList\",\"@id\":\"https:\\\/\\\/repliquemangacine.fr\\\/collectors-et-goodies-harry-potter\\\/boite-artefacts-harry-potter-collector-noble-collection\\\/#breadcrumb\",\"itemListElement\":[{\"@type\":\"ListItem\",\"position\":1,\"name\":\"Accueil\",\"item\":\"https:\\\/\\\/repliquemangacine.fr\\\/\"},{\"@type\":\"ListItem\",\"position\":2,\"name\":\"Produits\",\"item\":\"https:\\\/\\\/repliquemangacine.fr\\\/boutique\\\/\"},{\"@type\":\"ListItem\",\"position\":3,\"name\":\"Artefact Harry Potter Collector Noble collection\"}]},{\"@type\":\"WebSite\",\"@id\":\"https:\\\/\\\/repliquemangacine.fr\\\/#website\",\"url\":\"https:\\\/\\\/repliquemangacine.fr\\\/\",\"name\":\"R\u00e9plique Manga Cin\u00e9\",\"description\":\"\",\"publisher\":{\"@id\":\"https:\\\/\\\/repliquemangacine.fr\\\/#organization\"},\"potentialAction\":[{\"@type\":\"SearchAction\",\"target\":{\"@type\":\"EntryPoint\",\"urlTemplate\":\"https:\\\/\\\/repliquemangacine.fr\\\/?s={search_term_string}\"},\"query-input\":{\"@type\":\"PropertyValueSpecification\",\"valueRequired\":true,\"valueName\":\"search_term_string\"}}],\"inLanguage\":\"es\"},{\"@type\":\"Organization\",\"@id\":\"https:\\\/\\\/repliquemangacine.fr\\\/#organization\",\"name\":\"R\u00e9plique Manga Cin\u00e9\",\"url\":\"https:\\\/\\\/repliquemangacine.fr\\\/\",\"logo\":{\"@type\":\"ImageObject\",\"inLanguage\":\"es\",\"@id\":\"https:\\\/\\\/repliquemangacine.fr\\\/#\\\/schema\\\/logo\\\/image\\\/\",\"url\":\"https:\\\/\\\/repliquemangacine.fr\\\/wp-content\\\/uploads\\\/2023\\\/10\\\/RMC-500250.png\",\"contentUrl\":\"https:\\\/\\\/repliquemangacine.fr\\\/wp-content\\\/uploads\\\/2023\\\/10\\\/RMC-500250.png\",\"width\":500,\"height\":250,\"caption\":\"R\u00e9plique Manga Cin\u00e9\"},\"image\":{\"@id\":\"https:\\\/\\\/repliquemangacine.fr\\\/#\\\/schema\\\/logo\\\/image\\\/\"},\"sameAs\":[\"https:\\\/\\\/www.facebook.com\\\/RepliqueMangaCine\",\"https:\\\/\\\/www.instagram.com\\\/repliquemangacine.fr\\\/\"]}]}<\/script>\n<!-- \/ Yoast SEO plugin. -->","yoast_head_json":{"title":"Caja de Artefactos Harry Potter - Tienda Online - RMC","description":"Reg\u00e1lale Esta Caja de Artefactos de Harry Potter al mejor precio. Objetos de colecci\u00f3n - Bajo licencia oficial - The Noble Collection - Env\u00edo 24\/48h","robots":{"index":"index","follow":"follow","max-snippet":"max-snippet:-1","max-image-preview":"max-image-preview:large","max-video-preview":"max-video-preview:-1"},"canonical":"https:\/\/repliquemangacine.fr\/es\/coleccionistas-y-objetos-de-harry-potter\/harry-potter-artefactos-coleccionista-noble-caja-de-coleccion\/","og_locale":"es_ES","og_type":"article","og_title":"Boite Artefacts Harry Potter - Boutique en ligne - RMC","og_description":"Offrez-lui ! Cette Boite Artefacts Harry Potter au meilleur prix. Objets Collector - Sous licence Officielle - The Noble Collection - Envoi 24\/48h","og_url":"https:\/\/repliquemangacine.fr\/es\/coleccionistas-y-objetos-de-harry-potter\/harry-potter-artefactos-coleccionista-noble-caja-de-coleccion\/","og_site_name":"R\u00e9plique Manga Cin\u00e9","article_publisher":"https:\/\/www.facebook.com\/RepliqueMangaCine","article_modified_time":"2025-09-23T16:03:11+00:00","og_image":[{"width":900,"height":900,"url":"https:\/\/repliquemangacine.fr\/wp-content\/uploads\/2023\/10\/2689-Boite-Artefact-Harry-Potter-collector.jpg","type":"image\/jpeg"}],"twitter_card":"summary_large_image","twitter_misc":{"Tiempo de lectura":"1 minuto"},"schema":{"@context":"https:\/\/schema.org","@graph":[{"@type":"WebPage","@id":"https:\/\/repliquemangacine.fr\/collectors-et-goodies-harry-potter\/boite-artefacts-harry-potter-collector-noble-collection\/","url":"https:\/\/repliquemangacine.fr\/collectors-et-goodies-harry-potter\/boite-artefacts-harry-potter-collector-noble-collection\/","name":"Caja de Artefactos Harry Potter - Tienda Online - RMC","isPartOf":{"@id":"https:\/\/repliquemangacine.fr\/#website"},"primaryImageOfPage":{"@id":"https:\/\/repliquemangacine.fr\/collectors-et-goodies-harry-potter\/boite-artefacts-harry-potter-collector-noble-collection\/#primaryimage"},"image":{"@id":"https:\/\/repliquemangacine.fr\/collectors-et-goodies-harry-potter\/boite-artefacts-harry-potter-collector-noble-collection\/#primaryimage"},"thumbnailUrl":"https:\/\/repliquemangacine.fr\/wp-content\/uploads\/2023\/10\/2689-Boite-Artefact-Harry-Potter-collector.jpg","datePublished":"2018-12-11T17:24:25+00:00","dateModified":"2025-09-23T16:03:11+00:00","description":"Reg\u00e1lale Esta Caja de Artefactos de Harry Potter al mejor precio. Objetos de colecci\u00f3n - Bajo licencia oficial - The Noble Collection - Env\u00edo 24\/48h","breadcrumb":{"@id":"https:\/\/repliquemangacine.fr\/collectors-et-goodies-harry-potter\/boite-artefacts-harry-potter-collector-noble-collection\/#breadcrumb"},"inLanguage":"es","potentialAction":[{"@type":"ReadAction","target":["https:\/\/repliquemangacine.fr\/collectors-et-goodies-harry-potter\/boite-artefacts-harry-potter-collector-noble-collection\/"]}]},{"@type":"ImageObject","inLanguage":"es","@id":"https:\/\/repliquemangacine.fr\/collectors-et-goodies-harry-potter\/boite-artefacts-harry-potter-collector-noble-collection\/#primaryimage","url":"https:\/\/repliquemangacine.fr\/wp-content\/uploads\/2023\/10\/2689-Boite-Artefact-Harry-Potter-collector.jpg","contentUrl":"https:\/\/repliquemangacine.fr\/wp-content\/uploads\/2023\/10\/2689-Boite-Artefact-Harry-Potter-collector.jpg","width":900,"height":900,"caption":"Boite Artefact Harry Potter collector"},{"@type":"BreadcrumbList","@id":"https:\/\/repliquemangacine.fr\/collectors-et-goodies-harry-potter\/boite-artefacts-harry-potter-collector-noble-collection\/#breadcrumb","itemListElement":[{"@type":"ListItem","position":1,"name":"Accueil","item":"https:\/\/repliquemangacine.fr\/"},{"@type":"ListItem","position":2,"name":"Produits","item":"https:\/\/repliquemangacine.fr\/boutique\/"},{"@type":"ListItem","position":3,"name":"Artefact Harry Potter Collector Noble collection"}]},{"@type":"WebSite","@id":"https:\/\/repliquemangacine.fr\/#website","url":"https:\/\/repliquemangacine.fr\/","name":"R\u00e9plique Manga Cin\u00e9","description":"","publisher":{"@id":"https:\/\/repliquemangacine.fr\/#organization"},"potentialAction":[{"@type":"SearchAction","target":{"@type":"EntryPoint","urlTemplate":"https:\/\/repliquemangacine.fr\/?s={search_term_string}"},"query-input":{"@type":"PropertyValueSpecification","valueRequired":true,"valueName":"search_term_string"}}],"inLanguage":"es"},{"@type":"Organization","@id":"https:\/\/repliquemangacine.fr\/#organization","name":"R\u00e9plique Manga Cin\u00e9","url":"https:\/\/repliquemangacine.fr\/","logo":{"@type":"ImageObject","inLanguage":"es","@id":"https:\/\/repliquemangacine.fr\/#\/schema\/logo\/image\/","url":"https:\/\/repliquemangacine.fr\/wp-content\/uploads\/2023\/10\/RMC-500250.png","contentUrl":"https:\/\/repliquemangacine.fr\/wp-content\/uploads\/2023\/10\/RMC-500250.png","width":500,"height":250,"caption":"R\u00e9plique Manga Cin\u00e9"},"image":{"@id":"https:\/\/repliquemangacine.fr\/#\/schema\/logo\/image\/"},"sameAs":["https:\/\/www.facebook.com\/RepliqueMangaCine","https:\/\/www.instagram.com\/repliquemangacine.fr\/"]}]}},"_links":{"self":[{"href":"https:\/\/repliquemangacine.fr\/es\/wp-json\/wp\/v2\/product\/63711","targetHints":{"allow":["GET"]}}],"collection":[{"href":"https:\/\/repliquemangacine.fr\/es\/wp-json\/wp\/v2\/product"}],"about":[{"href":"https:\/\/repliquemangacine.fr\/es\/wp-json\/wp\/v2\/types\/product"}],"wp:featuredmedia":[{"embeddable":true,"href":"https:\/\/repliquemangacine.fr\/es\/wp-json\/wp\/v2\/media\/63712"}],"wp:attachment":[{"href":"https:\/\/repliquemangacine.fr\/es\/wp-json\/wp\/v2\/media?parent=63711"}],"wp:term":[{"taxonomy":"product_brand","embeddable":true,"href":"https:\/\/repliquemangacine.fr\/es\/wp-json\/wp\/v2\/product_brand?post=63711"},{"taxonomy":"product_cat","embeddable":true,"href":"https:\/\/repliquemangacine.fr\/es\/wp-json\/wp\/v2\/product_cat?post=63711"},{"taxonomy":"product_tag","embeddable":true,"href":"https:\/\/repliquemangacine.fr\/es\/wp-json\/wp\/v2\/product_tag?post=63711"}],"curies":[{"name":"wp","href":"https:\/\/api.w.org\/{rel}","templated":true}]}}