





{"id":63708,"date":"2018-08-02T18:00:52","date_gmt":"2018-08-02T16:00:52","guid":{"rendered":"https:\/\/repliquemangacine.fr\/?post_type=product&#038;p=63708"},"modified":"2026-02-21T23:51:25","modified_gmt":"2026-02-21T22:51:25","slug":"soporte-de-pared-denix-shield","status":"publish","type":"product","link":"https:\/\/repliquemangacine.fr\/es\/replique-d-armes-1er-empire\/denix-support-mural-en-forme-de-bouclier\/","title":{"rendered":"Escudo soporte de pared"},"content":{"rendered":"<h2>Soporte de pared Shield - Denix<\/h2>\n<p>Para empezar, el <strong>Escudo soporte de pared<\/strong> Es totalmente de acero para una bonita presentaci\u00f3n de sus espadas y fusiles, firmado por Denix.<\/p>\n<p>Los soportes de presentaci\u00f3n desempe\u00f1an un papel esencial en la exposici\u00f3n de sus espadas, sables, katanas, pistolas y rifles de colecci\u00f3n. De hecho, este conjunto de dos piezas totalmente de acero, ajustable en profundidad, le garantiza poder mostrar a sus amigos la calidad de sus reproducciones de armas hist\u00f3ricas.<\/p>\n<p>Cabe destacar que Denix ofrece un acabado de fabricaci\u00f3n que sorprender\u00e1 a m\u00e1s de uno. Importador de renombre mundial, Denix es la marca de referencia en reproducciones de armas hist\u00f3ricas. De hecho, todas las grandes historias de batallas y guerras est\u00e1n representadas, como:<\/p>\n<ul>\n<li>El primer Imperio con sus espadas y pistolas.<\/li>\n<li>Espadas y armas de la Edad Media<\/li>\n<li>Potros vaqueros<\/li>\n<li>Por \u00faltimo, las armas de la Segunda Guerra Mundial.<\/li>\n<\/ul>\n<h2>Tus r\u00e9plicas de armas hist\u00f3ricas al mejor precio.<\/h2>\n<p>Le ofrecemos una amplia selecci\u00f3n de r\u00e9plicas de espadas, rifles y pistolas de la marca Denix.<\/p>\n<p>Lo primero y m\u00e1s importante,<\/p>\n<ul>\n<li>En <a href=\"https:\/\/repliquemangacine.fr\/es\/armas-occidentales\/\">colts westerns<\/a> con fundas para ser un aut\u00e9ntico vaquero.<\/li>\n<li>Tambi\u00e9n hay <a href=\"https:\/\/repliquemangacine.fr\/es\/pistola-antigua\/\">pistolas antiguas<\/a>Pero tambi\u00e9n los viejos fusiles con sus bayonetas.<\/li>\n<li>As\u00ed como todas las reproducciones de armas de la Segunda Guerra Mundial\u1d49 y sus desembarcos del D\u00eda D.<\/li>\n<li>Y mucho m\u00e1s por descubrir en nuestra tienda en l\u00ednea.<\/li>\n<\/ul>\n<p>Por eso, aqu\u00ed tienes unas ideas fant\u00e1sticas para regalar a todos los amantes de las historias.<\/p>\n<p>En conclusi\u00f3n, puede utilizar su soporte de pared Fleur de Lys para exhibir todas sus armas de colecci\u00f3n.<\/p>\n<p>R\u00e9plique Manga Cin\u00e9 es una empresa familiar francesa, distribuidora oficial de la marca. <a href=\"https:\/\/www.denix.fr\/fr\/accueil-fr\/\" target=\"_blank\" rel=\"noopener noreferrer\">Denix<\/a>.<\/p>","protected":false},"excerpt":{"rendered":"<p>Precioso juego de dos piezas en forma de escudo para exponer sus pistolas, rifles o espadas en la pared.<\/p>\n<ul>\n<li>Fabricado \u00edntegramente en metal finamente trabajado.<\/li>\n<li>Profundidad ajustable.<\/li>\n<li>Se fija con dos tornillos (suministrados).<\/li>\n<li>Dimensiones: Altura: 10 cm - Anchura: 4,5 cm en la parte m\u00e1s ancha.<\/li>\n<\/ul>","protected":false},"featured_media":63709,"template":"","meta":[],"product_brand":[896],"product_cat":[25,102,55,52,37,83,28,43],"product_tag":[],"class_list":{"0":"post-63708","1":"product","2":"type-product","3":"status-publish","4":"has-post-thumbnail","6":"product_brand-replique-manga-cine","7":"product_cat-armes-historiques","8":"product_cat-denix","9":"product_cat-fusil-ancien","10":"product_cat-pistolet-ancien","11":"product_cat-premier-empire","12":"product_cat-replique-d-armes-1er-empire","13":"product_cat-repliques-darmes","14":"product_cat-reproductions-d-armes-et-accessoires-medievales","16":"first","17":"instock","18":"taxable","19":"shipping-taxable","20":"purchasable","21":"product-type-simple"},"yoast_head":"<!-- This site is optimized with the Yoast SEO plugin v27.4 - https:\/\/yoast.com\/product\/yoast-seo-wordpress\/ -->\n<title>Support mural bouclier - Boutique en ligne | R\u00e9plique Manga Cin\u00e9<\/title>\n<meta name=\"description\" content=\"Superbe support mural bouclier au meilleur prix - Tout en m\u00e9tal - R\u00e9glable - Livr\u00e9 en ensemble de deux pi\u00e8ces - Visseries incluses.\" \/>\n<meta name=\"robots\" content=\"index, follow, max-snippet:-1, max-image-preview:large, max-video-preview:-1\" \/>\n<link rel=\"canonical\" href=\"https:\/\/repliquemangacine.fr\/es\/denix\/soporte-de-pared-denix-shield\/\" \/>\n<meta property=\"og:locale\" content=\"es_ES\" \/>\n<meta property=\"og:type\" content=\"article\" \/>\n<meta property=\"og:title\" content=\"Support mural bouclier - Boutique en ligne | R\u00e9plique Manga Cin\u00e9\" \/>\n<meta property=\"og:description\" content=\"Superbe support mural bouclier au meilleur prix - Tout en m\u00e9tal - R\u00e9glable - Livr\u00e9 en ensemble de deux pi\u00e8ces - Visseries incluses.\" \/>\n<meta property=\"og:url\" content=\"https:\/\/repliquemangacine.fr\/es\/denix\/soporte-de-pared-denix-shield\/\" \/>\n<meta property=\"og:site_name\" content=\"R\u00e9plique Manga Cin\u00e9\" \/>\n<meta property=\"article:publisher\" content=\"https:\/\/www.facebook.com\/RepliqueMangaCine\" \/>\n<meta property=\"article:modified_time\" content=\"2026-02-21T22:51:25+00:00\" \/>\n<meta property=\"og:image\" content=\"https:\/\/repliquemangacine.fr\/wp-content\/uploads\/2023\/10\/2636-Denix-Support-mural-en-forme-de-bouclier.jpg\" \/>\n\t<meta property=\"og:image:width\" content=\"800\" \/>\n\t<meta property=\"og:image:height\" content=\"800\" \/>\n\t<meta property=\"og:image:type\" content=\"image\/jpeg\" \/>\n<meta name=\"twitter:card\" content=\"summary_large_image\" \/>\n<meta name=\"twitter:label1\" content=\"Tiempo de lectura\" \/>\n\t<meta name=\"twitter:data1\" content=\"1 minuto\" \/>\n<script type=\"application\/ld+json\" class=\"yoast-schema-graph\">{\"@context\":\"https:\\\/\\\/schema.org\",\"@graph\":[{\"@type\":\"WebPage\",\"@id\":\"https:\\\/\\\/repliquemangacine.fr\\\/denix\\\/denix-support-mural-en-forme-de-bouclier\\\/\",\"url\":\"https:\\\/\\\/repliquemangacine.fr\\\/denix\\\/denix-support-mural-en-forme-de-bouclier\\\/\",\"name\":\"Support mural bouclier - Boutique en ligne | R\u00e9plique Manga Cin\u00e9\",\"isPartOf\":{\"@id\":\"https:\\\/\\\/repliquemangacine.fr\\\/#website\"},\"primaryImageOfPage\":{\"@id\":\"https:\\\/\\\/repliquemangacine.fr\\\/denix\\\/denix-support-mural-en-forme-de-bouclier\\\/#primaryimage\"},\"image\":{\"@id\":\"https:\\\/\\\/repliquemangacine.fr\\\/denix\\\/denix-support-mural-en-forme-de-bouclier\\\/#primaryimage\"},\"thumbnailUrl\":\"https:\\\/\\\/repliquemangacine.fr\\\/wp-content\\\/uploads\\\/2023\\\/10\\\/2636-Denix-Support-mural-en-forme-de-bouclier.jpg\",\"datePublished\":\"2018-08-02T16:00:52+00:00\",\"dateModified\":\"2026-02-21T22:51:25+00:00\",\"description\":\"Superbe support mural bouclier au meilleur prix - Tout en m\u00e9tal - R\u00e9glable - Livr\u00e9 en ensemble de deux pi\u00e8ces - Visseries incluses.\",\"breadcrumb\":{\"@id\":\"https:\\\/\\\/repliquemangacine.fr\\\/denix\\\/denix-support-mural-en-forme-de-bouclier\\\/#breadcrumb\"},\"inLanguage\":\"es\",\"potentialAction\":[{\"@type\":\"ReadAction\",\"target\":[\"https:\\\/\\\/repliquemangacine.fr\\\/denix\\\/denix-support-mural-en-forme-de-bouclier\\\/\"]}]},{\"@type\":\"ImageObject\",\"inLanguage\":\"es\",\"@id\":\"https:\\\/\\\/repliquemangacine.fr\\\/denix\\\/denix-support-mural-en-forme-de-bouclier\\\/#primaryimage\",\"url\":\"https:\\\/\\\/repliquemangacine.fr\\\/wp-content\\\/uploads\\\/2023\\\/10\\\/2636-Denix-Support-mural-en-forme-de-bouclier.jpg\",\"contentUrl\":\"https:\\\/\\\/repliquemangacine.fr\\\/wp-content\\\/uploads\\\/2023\\\/10\\\/2636-Denix-Support-mural-en-forme-de-bouclier.jpg\",\"width\":800,\"height\":800,\"caption\":\"Denix - Support mural en forme de bouclier\"},{\"@type\":\"BreadcrumbList\",\"@id\":\"https:\\\/\\\/repliquemangacine.fr\\\/denix\\\/denix-support-mural-en-forme-de-bouclier\\\/#breadcrumb\",\"itemListElement\":[{\"@type\":\"ListItem\",\"position\":1,\"name\":\"Accueil\",\"item\":\"https:\\\/\\\/repliquemangacine.fr\\\/\"},{\"@type\":\"ListItem\",\"position\":2,\"name\":\"Produits\",\"item\":\"https:\\\/\\\/repliquemangacine.fr\\\/boutique\\\/\"},{\"@type\":\"ListItem\",\"position\":3,\"name\":\"Support mural bouclier\"}]},{\"@type\":\"WebSite\",\"@id\":\"https:\\\/\\\/repliquemangacine.fr\\\/#website\",\"url\":\"https:\\\/\\\/repliquemangacine.fr\\\/\",\"name\":\"R\u00e9plique Manga Cin\u00e9\",\"description\":\"\",\"publisher\":{\"@id\":\"https:\\\/\\\/repliquemangacine.fr\\\/#organization\"},\"potentialAction\":[{\"@type\":\"SearchAction\",\"target\":{\"@type\":\"EntryPoint\",\"urlTemplate\":\"https:\\\/\\\/repliquemangacine.fr\\\/?s={search_term_string}\"},\"query-input\":{\"@type\":\"PropertyValueSpecification\",\"valueRequired\":true,\"valueName\":\"search_term_string\"}}],\"inLanguage\":\"es\"},{\"@type\":\"Organization\",\"@id\":\"https:\\\/\\\/repliquemangacine.fr\\\/#organization\",\"name\":\"R\u00e9plique Manga Cin\u00e9\",\"url\":\"https:\\\/\\\/repliquemangacine.fr\\\/\",\"logo\":{\"@type\":\"ImageObject\",\"inLanguage\":\"es\",\"@id\":\"https:\\\/\\\/repliquemangacine.fr\\\/#\\\/schema\\\/logo\\\/image\\\/\",\"url\":\"https:\\\/\\\/repliquemangacine.fr\\\/wp-content\\\/uploads\\\/2023\\\/10\\\/RMC-500250.png\",\"contentUrl\":\"https:\\\/\\\/repliquemangacine.fr\\\/wp-content\\\/uploads\\\/2023\\\/10\\\/RMC-500250.png\",\"width\":500,\"height\":250,\"caption\":\"R\u00e9plique Manga Cin\u00e9\"},\"image\":{\"@id\":\"https:\\\/\\\/repliquemangacine.fr\\\/#\\\/schema\\\/logo\\\/image\\\/\"},\"sameAs\":[\"https:\\\/\\\/www.facebook.com\\\/RepliqueMangaCine\",\"https:\\\/\\\/www.instagram.com\\\/repliquemangacine.fr\\\/\"]}]}<\/script>\n<!-- \/ Yoast SEO plugin. -->","yoast_head_json":{"title":"Escudo soporte de pared - Boutique en ligne | R\u00e9plique Manga Cin\u00e9","description":"Magn\u00edfico soporte de pared escudo al mejor precio - Totalmente met\u00e1lico - Ajustable - Se suministra en juego de dos piezas - Tornillos incluidos.","robots":{"index":"index","follow":"follow","max-snippet":"max-snippet:-1","max-image-preview":"max-image-preview:large","max-video-preview":"max-video-preview:-1"},"canonical":"https:\/\/repliquemangacine.fr\/es\/denix\/soporte-de-pared-denix-shield\/","og_locale":"es_ES","og_type":"article","og_title":"Support mural bouclier - Boutique en ligne | R\u00e9plique Manga Cin\u00e9","og_description":"Superbe support mural bouclier au meilleur prix - Tout en m\u00e9tal - R\u00e9glable - Livr\u00e9 en ensemble de deux pi\u00e8ces - Visseries incluses.","og_url":"https:\/\/repliquemangacine.fr\/es\/denix\/soporte-de-pared-denix-shield\/","og_site_name":"R\u00e9plique Manga Cin\u00e9","article_publisher":"https:\/\/www.facebook.com\/RepliqueMangaCine","article_modified_time":"2026-02-21T22:51:25+00:00","og_image":[{"width":800,"height":800,"url":"https:\/\/repliquemangacine.fr\/wp-content\/uploads\/2023\/10\/2636-Denix-Support-mural-en-forme-de-bouclier.jpg","type":"image\/jpeg"}],"twitter_card":"summary_large_image","twitter_misc":{"Tiempo de lectura":"1 minuto"},"schema":{"@context":"https:\/\/schema.org","@graph":[{"@type":"WebPage","@id":"https:\/\/repliquemangacine.fr\/denix\/denix-support-mural-en-forme-de-bouclier\/","url":"https:\/\/repliquemangacine.fr\/denix\/denix-support-mural-en-forme-de-bouclier\/","name":"Escudo soporte de pared - Boutique en ligne | R\u00e9plique Manga Cin\u00e9","isPartOf":{"@id":"https:\/\/repliquemangacine.fr\/#website"},"primaryImageOfPage":{"@id":"https:\/\/repliquemangacine.fr\/denix\/denix-support-mural-en-forme-de-bouclier\/#primaryimage"},"image":{"@id":"https:\/\/repliquemangacine.fr\/denix\/denix-support-mural-en-forme-de-bouclier\/#primaryimage"},"thumbnailUrl":"https:\/\/repliquemangacine.fr\/wp-content\/uploads\/2023\/10\/2636-Denix-Support-mural-en-forme-de-bouclier.jpg","datePublished":"2018-08-02T16:00:52+00:00","dateModified":"2026-02-21T22:51:25+00:00","description":"Magn\u00edfico soporte de pared escudo al mejor precio - Totalmente met\u00e1lico - Ajustable - Se suministra en juego de dos piezas - Tornillos incluidos.","breadcrumb":{"@id":"https:\/\/repliquemangacine.fr\/denix\/denix-support-mural-en-forme-de-bouclier\/#breadcrumb"},"inLanguage":"es","potentialAction":[{"@type":"ReadAction","target":["https:\/\/repliquemangacine.fr\/denix\/denix-support-mural-en-forme-de-bouclier\/"]}]},{"@type":"ImageObject","inLanguage":"es","@id":"https:\/\/repliquemangacine.fr\/denix\/denix-support-mural-en-forme-de-bouclier\/#primaryimage","url":"https:\/\/repliquemangacine.fr\/wp-content\/uploads\/2023\/10\/2636-Denix-Support-mural-en-forme-de-bouclier.jpg","contentUrl":"https:\/\/repliquemangacine.fr\/wp-content\/uploads\/2023\/10\/2636-Denix-Support-mural-en-forme-de-bouclier.jpg","width":800,"height":800,"caption":"Denix - Support mural en forme de bouclier"},{"@type":"BreadcrumbList","@id":"https:\/\/repliquemangacine.fr\/denix\/denix-support-mural-en-forme-de-bouclier\/#breadcrumb","itemListElement":[{"@type":"ListItem","position":1,"name":"Accueil","item":"https:\/\/repliquemangacine.fr\/"},{"@type":"ListItem","position":2,"name":"Produits","item":"https:\/\/repliquemangacine.fr\/boutique\/"},{"@type":"ListItem","position":3,"name":"Support mural bouclier"}]},{"@type":"WebSite","@id":"https:\/\/repliquemangacine.fr\/#website","url":"https:\/\/repliquemangacine.fr\/","name":"R\u00e9plique Manga Cin\u00e9","description":"","publisher":{"@id":"https:\/\/repliquemangacine.fr\/#organization"},"potentialAction":[{"@type":"SearchAction","target":{"@type":"EntryPoint","urlTemplate":"https:\/\/repliquemangacine.fr\/?s={search_term_string}"},"query-input":{"@type":"PropertyValueSpecification","valueRequired":true,"valueName":"search_term_string"}}],"inLanguage":"es"},{"@type":"Organization","@id":"https:\/\/repliquemangacine.fr\/#organization","name":"R\u00e9plique Manga Cin\u00e9","url":"https:\/\/repliquemangacine.fr\/","logo":{"@type":"ImageObject","inLanguage":"es","@id":"https:\/\/repliquemangacine.fr\/#\/schema\/logo\/image\/","url":"https:\/\/repliquemangacine.fr\/wp-content\/uploads\/2023\/10\/RMC-500250.png","contentUrl":"https:\/\/repliquemangacine.fr\/wp-content\/uploads\/2023\/10\/RMC-500250.png","width":500,"height":250,"caption":"R\u00e9plique Manga Cin\u00e9"},"image":{"@id":"https:\/\/repliquemangacine.fr\/#\/schema\/logo\/image\/"},"sameAs":["https:\/\/www.facebook.com\/RepliqueMangaCine","https:\/\/www.instagram.com\/repliquemangacine.fr\/"]}]}},"_links":{"self":[{"href":"https:\/\/repliquemangacine.fr\/es\/wp-json\/wp\/v2\/product\/63708","targetHints":{"allow":["GET"]}}],"collection":[{"href":"https:\/\/repliquemangacine.fr\/es\/wp-json\/wp\/v2\/product"}],"about":[{"href":"https:\/\/repliquemangacine.fr\/es\/wp-json\/wp\/v2\/types\/product"}],"wp:featuredmedia":[{"embeddable":true,"href":"https:\/\/repliquemangacine.fr\/es\/wp-json\/wp\/v2\/media\/63709"}],"wp:attachment":[{"href":"https:\/\/repliquemangacine.fr\/es\/wp-json\/wp\/v2\/media?parent=63708"}],"wp:term":[{"taxonomy":"product_brand","embeddable":true,"href":"https:\/\/repliquemangacine.fr\/es\/wp-json\/wp\/v2\/product_brand?post=63708"},{"taxonomy":"product_cat","embeddable":true,"href":"https:\/\/repliquemangacine.fr\/es\/wp-json\/wp\/v2\/product_cat?post=63708"},{"taxonomy":"product_tag","embeddable":true,"href":"https:\/\/repliquemangacine.fr\/es\/wp-json\/wp\/v2\/product_tag?post=63708"}],"curies":[{"name":"wp","href":"https:\/\/api.w.org\/{rel}","templated":true}]}}