





{"id":63681,"date":"2016-08-23T15:39:34","date_gmt":"2016-08-23T13:39:34","guid":{"rendered":"https:\/\/repliquemangacine.fr\/?post_type=product&#038;p=63681"},"modified":"2025-09-23T18:03:09","modified_gmt":"2025-09-23T16:03:09","slug":"shikai-de-zangetsu-v2-espada-de-ichigo","status":"publish","type":"product","link":"https:\/\/repliquemangacine.fr\/es\/katana-bleach\/shikai-de-zangetsu-v2-epee-ichigo\/","title":{"rendered":"Shika\u00ef Ichigo V2"},"content":{"rendered":"<h2>R\u00e9plica del Shikai Ichigo V2 de Bleach<\/h2>\n<p>Para empezar, el Shikai Ichigo v2 en Bleach aparece en el cap\u00edtulo 459. Esta espada de Ichigo tiene forma de cuchilla.<\/p>\n<p>Cuando Ichigo recupera sus poderes, el shikai de <a href=\"https:\/\/bleach.fandom.com\/fr\/wiki\/Zangetsu_(Pouvoirs_Quincy)\" target=\"_blank\" rel=\"noopener noreferrer\">Zangetsu<\/a> cambio: su forma de gran cuchillo de carnicero puntiagudo es estilizada: la punta de la hoja est\u00e1 curvada como una garra, al igual que la protuberancia en la base de la hoja. El mango de este nuevo Zangetsu no tiene cinta, como el mango de una espada japonesa normal. Su t\u00e9cnica especial sigue siendo el \u201dGestuga Tensho\u00bb.<\/p>\n<p>Ichigo Kurosaki es un humano con la excepcional habilidad de distinguir a los fantasmas. Su vida da un vuelco cuando conoce a Rukia Kuchiki, quien le transfiere sus poderes de Shinigami para salvar a su familia del ataque de un Hollow. Ichigo es el protagonista principal del manga Bleach.<\/p>\n<h2>Tu Shikai Ichigo V2 al mejor precio.<\/h2>\n<p>Te traemos todas las frases de tus personajes favoritos en este manga anime de Bleach.<\/p>\n<p>Lo primero y m\u00e1s importante,<\/p>\n<ul>\n<li>La primera <a href=\"https:\/\/repliquemangacine.fr\/es\/blanqueador-katana\/katana-tensa-zangetsu\/\">bankai d'ichigo<\/a>la versi\u00f3n corta de Tensa Zangetsu.<\/li>\n<li>As\u00ed como el <a href=\"https:\/\/repliquemangacine.fr\/es\/blanqueador-katana\/shikai-ichigo-bleach\/\">Shikai de Ichigo<\/a>una gran espada en forma de cuchilla.<\/li>\n<li>Tambi\u00e9n existe la <a href=\"https:\/\/repliquemangacine.fr\/es\/blanqueador-katana\/katana-bleach-epee-de-kenpachi-nozarashi\/\">Katana Kenpachi<\/a>Este zanpakuto se llama Nozarashi.<\/li>\n<li>Y muchos m\u00e1s por descubrir en nuestra tienda en l\u00ednea.<\/li>\n<\/ul>\n<p>Aqu\u00ed tienes algunas ideas para regalar a los fans de Bleach.<\/p>\n<p>En conclusi\u00f3n, puedes regalarle esto. <strong>Shikai Ichigo v2<\/strong> para ampliar su colecci\u00f3n de Bleach. Pero sobre todo, esta espada de Bleach Ichigo es tambi\u00e9n una pieza de coleccionista y una pieza decorativa.<\/p>\n<h2>\u00bfC\u00f3mo se mantiene la hoja de la katana Bleach?<\/h2>\n<p>Las katanas de colecci\u00f3n y decorativas se fabrican y ensamblan de forma simplificada. Como su uso es decorativo, no cuentan con los elementos de seguridad exigidos a una espada japonesa destinada al entrenamiento.<\/p>\n<p>Sin embargo, su <strong>Shikai Ichigo V2<\/strong> a una hoja de acero que hay que cuidar para evitar que se estropee con el tiempo. Cuando exponga su katana, sus amigos sentir\u00e1n curiosidad por ver la hoja y tocarla. Aqu\u00ed es donde hay que tener cuidado, ya que la acidez de los dedos es muy perjudicial para el acero, sea cual sea su calidad.<\/p>\n<p>Sin embargo, si esto ocurre, no te asustes, todo lo que necesitas es un pa\u00f1o humedecido con un poco de aceite y limpiar las huellas dactilares. Si haces esto, tu espada durar\u00e1 mucho tiempo.<\/p>\n<p>&nbsp;<\/p>","protected":false},"excerpt":{"rendered":"<p>Despu\u00e9s del elipse Shikai, no tiene forma sellada y permanece constantemente en Shikai.<\/p>\n<ul>\n<li>Enorme hoja curva (no afilada) de acero bicolor con muesca en el extremo de la hoja.<\/li>\n<li>Mango recubierto de piel sint\u00e9tica.<\/li>\n<li>Viene con una funda de polipiel con correa que se puede llevar en la espalda debido a su tama\u00f1o.<\/li>\n<\/ul>","protected":false},"featured_media":63682,"template":"","meta":[],"product_brand":[896],"product_cat":[30,23],"product_tag":[],"class_list":{"0":"post-63681","1":"product","2":"type-product","3":"status-publish","4":"has-post-thumbnail","6":"product_brand-replique-manga-cine","7":"product_cat-katana-bleach","8":"product_cat-repliques-manga-jeux-video","10":"first","11":"outofstock","12":"taxable","13":"shipping-taxable","14":"purchasable","15":"product-type-simple"},"yoast_head":"<!-- This site is optimized with the Yoast SEO plugin v27.4 - https:\/\/yoast.com\/product\/yoast-seo-wordpress\/ -->\n<title>Shikai Ichigo v2- Ep\u00e9e Ichigo Bleach - Boutique en ligne | RMC<\/title>\n<meta name=\"description\" content=\"Achetez vite ! Cet \u00e9norme shikai Ichigo v2 dans Bleach au meilleur prix. Lame en acier - Fourreau en simili - Longueur totale : 105 cm - Envoi 24\/48H\" \/>\n<meta name=\"robots\" content=\"index, follow, max-snippet:-1, max-image-preview:large, max-video-preview:-1\" \/>\n<link rel=\"canonical\" href=\"https:\/\/repliquemangacine.fr\/es\/blanqueador-katana\/shikai-de-zangetsu-v2-espada-de-ichigo\/\" \/>\n<meta property=\"og:locale\" content=\"es_ES\" \/>\n<meta property=\"og:type\" content=\"article\" \/>\n<meta property=\"og:title\" content=\"Shikai Ichigo v2- Ep\u00e9e Ichigo Bleach - Boutique en ligne | RMC\" \/>\n<meta property=\"og:description\" content=\"Achetez vite ! Cet \u00e9norme shikai Ichigo v2 dans Bleach au meilleur prix. Lame en acier - Fourreau en simili - Longueur totale : 105 cm - Envoi 24\/48H\" \/>\n<meta property=\"og:url\" content=\"https:\/\/repliquemangacine.fr\/es\/blanqueador-katana\/shikai-de-zangetsu-v2-espada-de-ichigo\/\" \/>\n<meta property=\"og:site_name\" content=\"R\u00e9plique Manga Cin\u00e9\" \/>\n<meta property=\"article:publisher\" content=\"https:\/\/www.facebook.com\/RepliqueMangaCine\" \/>\n<meta property=\"article:modified_time\" content=\"2025-09-23T16:03:09+00:00\" \/>\n<meta property=\"og:image\" content=\"https:\/\/repliquemangacine.fr\/wp-content\/uploads\/2023\/10\/133-Shikai-de-Zangetsu-V2-sabre-Ichigo.jpg\" \/>\n\t<meta property=\"og:image:width\" content=\"800\" \/>\n\t<meta property=\"og:image:height\" content=\"800\" \/>\n\t<meta property=\"og:image:type\" content=\"image\/jpeg\" \/>\n<meta name=\"twitter:card\" content=\"summary_large_image\" \/>\n<meta name=\"twitter:label1\" content=\"Tiempo de lectura\" \/>\n\t<meta name=\"twitter:data1\" content=\"2 minutos\" \/>\n<script type=\"application\/ld+json\" class=\"yoast-schema-graph\">{\"@context\":\"https:\\\/\\\/schema.org\",\"@graph\":[{\"@type\":\"WebPage\",\"@id\":\"https:\\\/\\\/repliquemangacine.fr\\\/katana-bleach\\\/shikai-de-zangetsu-v2-epee-ichigo\\\/\",\"url\":\"https:\\\/\\\/repliquemangacine.fr\\\/katana-bleach\\\/shikai-de-zangetsu-v2-epee-ichigo\\\/\",\"name\":\"Shikai Ichigo v2- Ep\u00e9e Ichigo Bleach - Boutique en ligne | RMC\",\"isPartOf\":{\"@id\":\"https:\\\/\\\/repliquemangacine.fr\\\/#website\"},\"primaryImageOfPage\":{\"@id\":\"https:\\\/\\\/repliquemangacine.fr\\\/katana-bleach\\\/shikai-de-zangetsu-v2-epee-ichigo\\\/#primaryimage\"},\"image\":{\"@id\":\"https:\\\/\\\/repliquemangacine.fr\\\/katana-bleach\\\/shikai-de-zangetsu-v2-epee-ichigo\\\/#primaryimage\"},\"thumbnailUrl\":\"https:\\\/\\\/repliquemangacine.fr\\\/wp-content\\\/uploads\\\/2023\\\/10\\\/133-Shikai-de-Zangetsu-V2-sabre-Ichigo.jpg\",\"datePublished\":\"2016-08-23T13:39:34+00:00\",\"dateModified\":\"2025-09-23T16:03:09+00:00\",\"description\":\"Achetez vite ! Cet \u00e9norme shikai Ichigo v2 dans Bleach au meilleur prix. Lame en acier - Fourreau en simili - Longueur totale : 105 cm - Envoi 24\\\/48H\",\"breadcrumb\":{\"@id\":\"https:\\\/\\\/repliquemangacine.fr\\\/katana-bleach\\\/shikai-de-zangetsu-v2-epee-ichigo\\\/#breadcrumb\"},\"inLanguage\":\"es\",\"potentialAction\":[{\"@type\":\"ReadAction\",\"target\":[\"https:\\\/\\\/repliquemangacine.fr\\\/katana-bleach\\\/shikai-de-zangetsu-v2-epee-ichigo\\\/\"]}]},{\"@type\":\"ImageObject\",\"inLanguage\":\"es\",\"@id\":\"https:\\\/\\\/repliquemangacine.fr\\\/katana-bleach\\\/shikai-de-zangetsu-v2-epee-ichigo\\\/#primaryimage\",\"url\":\"https:\\\/\\\/repliquemangacine.fr\\\/wp-content\\\/uploads\\\/2023\\\/10\\\/133-Shikai-de-Zangetsu-V2-sabre-Ichigo.jpg\",\"contentUrl\":\"https:\\\/\\\/repliquemangacine.fr\\\/wp-content\\\/uploads\\\/2023\\\/10\\\/133-Shikai-de-Zangetsu-V2-sabre-Ichigo.jpg\",\"width\":800,\"height\":800,\"caption\":\"Shika\u00ef de Zangetsu V2 - sabre Ichigo\"},{\"@type\":\"BreadcrumbList\",\"@id\":\"https:\\\/\\\/repliquemangacine.fr\\\/katana-bleach\\\/shikai-de-zangetsu-v2-epee-ichigo\\\/#breadcrumb\",\"itemListElement\":[{\"@type\":\"ListItem\",\"position\":1,\"name\":\"Accueil\",\"item\":\"https:\\\/\\\/repliquemangacine.fr\\\/\"},{\"@type\":\"ListItem\",\"position\":2,\"name\":\"Produits\",\"item\":\"https:\\\/\\\/repliquemangacine.fr\\\/boutique\\\/\"},{\"@type\":\"ListItem\",\"position\":3,\"name\":\"Shika\u00ef Ichigo V2\"}]},{\"@type\":\"WebSite\",\"@id\":\"https:\\\/\\\/repliquemangacine.fr\\\/#website\",\"url\":\"https:\\\/\\\/repliquemangacine.fr\\\/\",\"name\":\"R\u00e9plique Manga Cin\u00e9\",\"description\":\"\",\"publisher\":{\"@id\":\"https:\\\/\\\/repliquemangacine.fr\\\/#organization\"},\"potentialAction\":[{\"@type\":\"SearchAction\",\"target\":{\"@type\":\"EntryPoint\",\"urlTemplate\":\"https:\\\/\\\/repliquemangacine.fr\\\/?s={search_term_string}\"},\"query-input\":{\"@type\":\"PropertyValueSpecification\",\"valueRequired\":true,\"valueName\":\"search_term_string\"}}],\"inLanguage\":\"es\"},{\"@type\":\"Organization\",\"@id\":\"https:\\\/\\\/repliquemangacine.fr\\\/#organization\",\"name\":\"R\u00e9plique Manga Cin\u00e9\",\"url\":\"https:\\\/\\\/repliquemangacine.fr\\\/\",\"logo\":{\"@type\":\"ImageObject\",\"inLanguage\":\"es\",\"@id\":\"https:\\\/\\\/repliquemangacine.fr\\\/#\\\/schema\\\/logo\\\/image\\\/\",\"url\":\"https:\\\/\\\/repliquemangacine.fr\\\/wp-content\\\/uploads\\\/2023\\\/10\\\/RMC-500250.png\",\"contentUrl\":\"https:\\\/\\\/repliquemangacine.fr\\\/wp-content\\\/uploads\\\/2023\\\/10\\\/RMC-500250.png\",\"width\":500,\"height\":250,\"caption\":\"R\u00e9plique Manga Cin\u00e9\"},\"image\":{\"@id\":\"https:\\\/\\\/repliquemangacine.fr\\\/#\\\/schema\\\/logo\\\/image\\\/\"},\"sameAs\":[\"https:\\\/\\\/www.facebook.com\\\/RepliqueMangaCine\",\"https:\\\/\\\/www.instagram.com\\\/repliquemangacine.fr\\\/\"]}]}<\/script>\n<!-- \/ Yoast SEO plugin. -->","yoast_head_json":{"title":"Shikai Ichigo v2 - Espada Ichigo Bleach - Boutique en ligne | RMC","description":"\u00a1C\u00f3mpralo ya! Este enorme shikai Ichigo v2 de Bleach al mejor precio. Hoja de acero - Vaina de imitaci\u00f3n - Longitud total: 105 cm - Env\u00edo 24\/48H","robots":{"index":"index","follow":"follow","max-snippet":"max-snippet:-1","max-image-preview":"max-image-preview:large","max-video-preview":"max-video-preview:-1"},"canonical":"https:\/\/repliquemangacine.fr\/es\/blanqueador-katana\/shikai-de-zangetsu-v2-espada-de-ichigo\/","og_locale":"es_ES","og_type":"article","og_title":"Shikai Ichigo v2- Ep\u00e9e Ichigo Bleach - Boutique en ligne | RMC","og_description":"Achetez vite ! Cet \u00e9norme shikai Ichigo v2 dans Bleach au meilleur prix. Lame en acier - Fourreau en simili - Longueur totale : 105 cm - Envoi 24\/48H","og_url":"https:\/\/repliquemangacine.fr\/es\/blanqueador-katana\/shikai-de-zangetsu-v2-espada-de-ichigo\/","og_site_name":"R\u00e9plique Manga Cin\u00e9","article_publisher":"https:\/\/www.facebook.com\/RepliqueMangaCine","article_modified_time":"2025-09-23T16:03:09+00:00","og_image":[{"width":800,"height":800,"url":"https:\/\/repliquemangacine.fr\/wp-content\/uploads\/2023\/10\/133-Shikai-de-Zangetsu-V2-sabre-Ichigo.jpg","type":"image\/jpeg"}],"twitter_card":"summary_large_image","twitter_misc":{"Tiempo de lectura":"2 minutos"},"schema":{"@context":"https:\/\/schema.org","@graph":[{"@type":"WebPage","@id":"https:\/\/repliquemangacine.fr\/katana-bleach\/shikai-de-zangetsu-v2-epee-ichigo\/","url":"https:\/\/repliquemangacine.fr\/katana-bleach\/shikai-de-zangetsu-v2-epee-ichigo\/","name":"Shikai Ichigo v2 - Espada Ichigo Bleach - Boutique en ligne | RMC","isPartOf":{"@id":"https:\/\/repliquemangacine.fr\/#website"},"primaryImageOfPage":{"@id":"https:\/\/repliquemangacine.fr\/katana-bleach\/shikai-de-zangetsu-v2-epee-ichigo\/#primaryimage"},"image":{"@id":"https:\/\/repliquemangacine.fr\/katana-bleach\/shikai-de-zangetsu-v2-epee-ichigo\/#primaryimage"},"thumbnailUrl":"https:\/\/repliquemangacine.fr\/wp-content\/uploads\/2023\/10\/133-Shikai-de-Zangetsu-V2-sabre-Ichigo.jpg","datePublished":"2016-08-23T13:39:34+00:00","dateModified":"2025-09-23T16:03:09+00:00","description":"\u00a1C\u00f3mpralo ya! Este enorme shikai Ichigo v2 de Bleach al mejor precio. Hoja de acero - Vaina de imitaci\u00f3n - Longitud total: 105 cm - Env\u00edo 24\/48H","breadcrumb":{"@id":"https:\/\/repliquemangacine.fr\/katana-bleach\/shikai-de-zangetsu-v2-epee-ichigo\/#breadcrumb"},"inLanguage":"es","potentialAction":[{"@type":"ReadAction","target":["https:\/\/repliquemangacine.fr\/katana-bleach\/shikai-de-zangetsu-v2-epee-ichigo\/"]}]},{"@type":"ImageObject","inLanguage":"es","@id":"https:\/\/repliquemangacine.fr\/katana-bleach\/shikai-de-zangetsu-v2-epee-ichigo\/#primaryimage","url":"https:\/\/repliquemangacine.fr\/wp-content\/uploads\/2023\/10\/133-Shikai-de-Zangetsu-V2-sabre-Ichigo.jpg","contentUrl":"https:\/\/repliquemangacine.fr\/wp-content\/uploads\/2023\/10\/133-Shikai-de-Zangetsu-V2-sabre-Ichigo.jpg","width":800,"height":800,"caption":"Shika\u00ef de Zangetsu V2 - sabre Ichigo"},{"@type":"BreadcrumbList","@id":"https:\/\/repliquemangacine.fr\/katana-bleach\/shikai-de-zangetsu-v2-epee-ichigo\/#breadcrumb","itemListElement":[{"@type":"ListItem","position":1,"name":"Accueil","item":"https:\/\/repliquemangacine.fr\/"},{"@type":"ListItem","position":2,"name":"Produits","item":"https:\/\/repliquemangacine.fr\/boutique\/"},{"@type":"ListItem","position":3,"name":"Shika\u00ef Ichigo V2"}]},{"@type":"WebSite","@id":"https:\/\/repliquemangacine.fr\/#website","url":"https:\/\/repliquemangacine.fr\/","name":"R\u00e9plique Manga Cin\u00e9","description":"","publisher":{"@id":"https:\/\/repliquemangacine.fr\/#organization"},"potentialAction":[{"@type":"SearchAction","target":{"@type":"EntryPoint","urlTemplate":"https:\/\/repliquemangacine.fr\/?s={search_term_string}"},"query-input":{"@type":"PropertyValueSpecification","valueRequired":true,"valueName":"search_term_string"}}],"inLanguage":"es"},{"@type":"Organization","@id":"https:\/\/repliquemangacine.fr\/#organization","name":"R\u00e9plique Manga Cin\u00e9","url":"https:\/\/repliquemangacine.fr\/","logo":{"@type":"ImageObject","inLanguage":"es","@id":"https:\/\/repliquemangacine.fr\/#\/schema\/logo\/image\/","url":"https:\/\/repliquemangacine.fr\/wp-content\/uploads\/2023\/10\/RMC-500250.png","contentUrl":"https:\/\/repliquemangacine.fr\/wp-content\/uploads\/2023\/10\/RMC-500250.png","width":500,"height":250,"caption":"R\u00e9plique Manga Cin\u00e9"},"image":{"@id":"https:\/\/repliquemangacine.fr\/#\/schema\/logo\/image\/"},"sameAs":["https:\/\/www.facebook.com\/RepliqueMangaCine","https:\/\/www.instagram.com\/repliquemangacine.fr\/"]}]}},"_links":{"self":[{"href":"https:\/\/repliquemangacine.fr\/es\/wp-json\/wp\/v2\/product\/63681","targetHints":{"allow":["GET"]}}],"collection":[{"href":"https:\/\/repliquemangacine.fr\/es\/wp-json\/wp\/v2\/product"}],"about":[{"href":"https:\/\/repliquemangacine.fr\/es\/wp-json\/wp\/v2\/types\/product"}],"wp:featuredmedia":[{"embeddable":true,"href":"https:\/\/repliquemangacine.fr\/es\/wp-json\/wp\/v2\/media\/63682"}],"wp:attachment":[{"href":"https:\/\/repliquemangacine.fr\/es\/wp-json\/wp\/v2\/media?parent=63681"}],"wp:term":[{"taxonomy":"product_brand","embeddable":true,"href":"https:\/\/repliquemangacine.fr\/es\/wp-json\/wp\/v2\/product_brand?post=63681"},{"taxonomy":"product_cat","embeddable":true,"href":"https:\/\/repliquemangacine.fr\/es\/wp-json\/wp\/v2\/product_cat?post=63681"},{"taxonomy":"product_tag","embeddable":true,"href":"https:\/\/repliquemangacine.fr\/es\/wp-json\/wp\/v2\/product_tag?post=63681"}],"curies":[{"name":"wp","href":"https:\/\/api.w.org\/{rel}","templated":true}]}}