





{"id":63668,"date":"2016-08-16T15:00:50","date_gmt":"2016-08-16T13:00:50","guid":{"rendered":"https:\/\/repliquemangacine.fr\/?post_type=product&#038;p=63668"},"modified":"2026-04-20T00:33:31","modified_gmt":"2026-04-19T22:33:31","slug":"fusil-ak47-kalachnicov-dassaut-denix","status":"publish","type":"product","link":"https:\/\/repliquemangacine.fr\/es\/fusil-d-assaut-fusil-moderne\/ak47-kalachnicov-fusil-dassaut-denix\/","title":{"rendered":"AK-47 Kalashnikov"},"content":{"rendered":"<h2>Fusil de asalto AK47 Kalachnicov - Denix<\/h2>\n<p>Para empezar, el fusil de asalto <strong>AK47 Kalachnicov<\/strong>, dise\u00f1ado por el ingeniero sovi\u00e9tico Mija\u00edl Kal\u00e1shnikov.<\/p>\n<p>De todas las armas de fuego existentes en el mundo en el momento de su creaci\u00f3n, el AK-47 es una de las m\u00e1s fiables. De hecho, esta arma rara vez se atasca y resiste todos los entornos: agua, arena, etc.<\/p>\n<p>Su bajo coste, su robustez, su fiabilidad y su gran facilidad de mantenimiento lo hacen extremadamente popular.<\/p>\n<p>Sin embargo, la denominaci\u00f3n \"AK-47\" ha pasado a formar parte del lenguaje cotidiano, hasta el punto de que muy poca gente dice \"AK\" sin el 47.<\/p>\n<p>El mundo de la cultura cinematogr\u00e1fica, los videojuegos...  Todos ellos han adoptado ampliamente esta emblem\u00e1tica arma.<\/p>\n<h2>Su fusil de asalto AK47 Kalachnicov al mejor precio.<\/h2>\n<p>Ofrecemos una amplia gama de reproducciones de armas hist\u00f3ricas.<\/p>\n<p>Lo primero y m\u00e1s importante,<\/p>\n<ul>\n<li>La pistola ametralladora <a href=\"https:\/\/repliquemangacine.fr\/es\/reproducciones-darmes\/pistolet-mitrailleur-mp40-denix\/\">MP40<\/a> de la abreviatura alemana Maschinenpistole 1940.<\/li>\n<li>As\u00ed como el rifle de asalto <a href=\"https:\/\/repliquemangacine.fr\/es\/fusil-moderno\/fusil-d-assaut-m16\/\">M16<\/a> el arma est\u00e1ndar del ej\u00e9rcito estadounidense en Vietnam.<\/li>\n<li>Y muchos m\u00e1s por descubrir en nuestra tienda en l\u00ednea.<\/li>\n<\/ul>\n<p>Por eso es una magn\u00edfica idea de regalo para todos los amantes de las armas hist\u00f3ricas.<\/p>\n<p>En conclusi\u00f3n, puede utilizar este rifle de asalto. <strong>AK47 Kalachnicov<\/strong> para sus recreaciones hist\u00f3ricas. Pero, sobre todo, esta arma es una pieza de coleccionista y una pieza decorativa.<\/p>\n<p>R\u00e9plique Manga Cin\u00e9 es una empresa francesa y distribuidor oficial de la marca <a href=\"https:\/\/www.denix.fr\/fr\/catalogue\/armes-modernes-1945-1982\/mitraillettes-et-mitrailleuses\/1086\/\" target=\"_blank\" rel=\"noopener noreferrer\">Denix<\/a>.<\/p>\n<h2>\u00bfC\u00f3mo se fabrican las r\u00e9plicas de armas Denix?<\/h2>\n<p>Utilizadas en recreaciones hist\u00f3ricas, pel\u00edculas, series y por coleccionistas. Las reproducciones Denix est\u00e1n fabricadas con materiales de alta calidad. Cuidadosamente elaboradas y ensambladas para crear armas de colecci\u00f3n realistas.<\/p>\n<ul>\n<li>Los metales se encuentran en una aleaci\u00f3n met\u00e1lica conocida como Zamac, cuya composici\u00f3n b\u00e1sica es zinc en 95%.<\/li>\n<li>Las piezas de pl\u00e1stico de las r\u00e9plicas son de ABS moldeado, que ofrece una gran resistencia.<\/li>\n<li>Las maderas elegidas por su belleza y durabilidad, como la caoba, el olivo o el nogal, dar\u00e1n a sus culatas y barricas un aspecto elegante y aut\u00e9ntico.<\/li>\n<\/ul>\n<p>Cabe se\u00f1alar que todas las reproducciones Denix son id\u00e9nticas a los originales, como su <strong>AK47 Kalachnicov<\/strong>.<\/p>","protected":false},"excerpt":{"rendered":"<p>Estrictamente id\u00e9ntico al original, el fusil de asalto AK-47 Kalashnikov.<\/p>\n<ul>\n<li>Culata de madera maciza.<\/li>\n<li>Piezas met\u00e1licas en Zamac.<\/li>\n<li>Cargador extra\u00edble.<\/li>\n<li>Arma arriba y golpea, pero <strong>totalmente incapaz de disparar<\/strong>.<\/li>\n<li>No se requiere autorizaci\u00f3n. Venta y posesi\u00f3n libres<\/li>\n<li>Longitud total: 87 cm - Peso: 4250 grs<\/li>\n<\/ul>\n<p><iframe title=\"Reproductor de v\u00eddeo YouTube\" src=\"https:\/\/www.youtube-nocookie.com\/embed\/EU22v4d67RQ\" width=\"370\" height=\"208\" frameborder=\"0\" allowfullscreen=\"allowfullscreen\"><\/iframe><\/p>","protected":false},"featured_media":63669,"template":"","meta":[],"product_brand":[896],"product_cat":[102,46,28],"product_tag":[],"class_list":{"0":"post-63668","1":"product","2":"type-product","3":"status-publish","4":"has-post-thumbnail","6":"product_brand-replique-manga-cine","7":"product_cat-denix","8":"product_cat-fusil-d-assaut-fusil-moderne","9":"product_cat-repliques-darmes","11":"first","12":"outofstock","13":"sale","14":"taxable","15":"shipping-taxable","16":"purchasable","17":"product-type-simple"},"yoast_head":"<!-- This site is optimized with the Yoast SEO plugin v27.4 - https:\/\/yoast.com\/product\/yoast-seo-wordpress\/ -->\n<title>AK47 Kalachnicov - Fusil d&#039;assaut Denix | R\u00e9plique Manga Cin\u00e9<\/title>\n<meta name=\"description\" content=\"Offrez-vous ! Cette r\u00e9plique de l&#039;AK47 Kalachnicov au meilleur prix - Tout en bois et zamac - M\u00e9canisme fonctionnel - Inapte aux tirs - Longueur : 87 cm\" \/>\n<meta name=\"robots\" content=\"index, follow, max-snippet:-1, max-image-preview:large, max-video-preview:-1\" \/>\n<link rel=\"canonical\" href=\"https:\/\/repliquemangacine.fr\/es\/fusil-de-asalto-fusil-moderno\/fusil-ak47-kalachnicov-dassaut-denix\/\" \/>\n<meta property=\"og:locale\" content=\"es_ES\" \/>\n<meta property=\"og:type\" content=\"article\" \/>\n<meta property=\"og:title\" content=\"AK47 Kalachnicov - Fusil d&#039;assaut Denix | R\u00e9plique Manga Cin\u00e9\" \/>\n<meta property=\"og:description\" content=\"Offrez-vous ! Cette r\u00e9plique de l&#039;AK47 Kalachnicov au meilleur prix - Tout en bois et zamac - M\u00e9canisme fonctionnel - Inapte aux tirs - Longueur : 87 cm\" \/>\n<meta property=\"og:url\" content=\"https:\/\/repliquemangacine.fr\/es\/fusil-de-asalto-fusil-moderno\/fusil-ak47-kalachnicov-dassaut-denix\/\" \/>\n<meta property=\"og:site_name\" content=\"R\u00e9plique Manga Cin\u00e9\" \/>\n<meta property=\"article:publisher\" content=\"https:\/\/www.facebook.com\/RepliqueMangaCine\" \/>\n<meta property=\"article:modified_time\" content=\"2026-04-19T22:33:31+00:00\" \/>\n<meta property=\"og:image\" content=\"https:\/\/repliquemangacine.fr\/wp-content\/uploads\/2023\/10\/1448-Kalach-AK-47.jpg\" \/>\n\t<meta property=\"og:image:width\" content=\"800\" \/>\n\t<meta property=\"og:image:height\" content=\"800\" \/>\n\t<meta property=\"og:image:type\" content=\"image\/jpeg\" \/>\n<meta name=\"twitter:card\" content=\"summary_large_image\" \/>\n<meta name=\"twitter:label1\" content=\"Tiempo de lectura\" \/>\n\t<meta name=\"twitter:data1\" content=\"2 minutos\" \/>\n<script type=\"application\/ld+json\" class=\"yoast-schema-graph\">{\"@context\":\"https:\\\/\\\/schema.org\",\"@graph\":[{\"@type\":\"WebPage\",\"@id\":\"https:\\\/\\\/repliquemangacine.fr\\\/fusil-d-assaut-fusil-moderne\\\/ak47-kalachnicov-fusil-dassaut-denix\\\/\",\"url\":\"https:\\\/\\\/repliquemangacine.fr\\\/fusil-d-assaut-fusil-moderne\\\/ak47-kalachnicov-fusil-dassaut-denix\\\/\",\"name\":\"AK47 Kalachnicov - Fusil d'assaut Denix | R\u00e9plique Manga Cin\u00e9\",\"isPartOf\":{\"@id\":\"https:\\\/\\\/repliquemangacine.fr\\\/#website\"},\"primaryImageOfPage\":{\"@id\":\"https:\\\/\\\/repliquemangacine.fr\\\/fusil-d-assaut-fusil-moderne\\\/ak47-kalachnicov-fusil-dassaut-denix\\\/#primaryimage\"},\"image\":{\"@id\":\"https:\\\/\\\/repliquemangacine.fr\\\/fusil-d-assaut-fusil-moderne\\\/ak47-kalachnicov-fusil-dassaut-denix\\\/#primaryimage\"},\"thumbnailUrl\":\"https:\\\/\\\/repliquemangacine.fr\\\/wp-content\\\/uploads\\\/2023\\\/10\\\/1448-Kalach-AK-47.jpg\",\"datePublished\":\"2016-08-16T13:00:50+00:00\",\"dateModified\":\"2026-04-19T22:33:31+00:00\",\"description\":\"Offrez-vous ! Cette r\u00e9plique de l'AK47 Kalachnicov au meilleur prix - Tout en bois et zamac - M\u00e9canisme fonctionnel - Inapte aux tirs - Longueur : 87 cm\",\"breadcrumb\":{\"@id\":\"https:\\\/\\\/repliquemangacine.fr\\\/fusil-d-assaut-fusil-moderne\\\/ak47-kalachnicov-fusil-dassaut-denix\\\/#breadcrumb\"},\"inLanguage\":\"es\",\"potentialAction\":[{\"@type\":\"ReadAction\",\"target\":[\"https:\\\/\\\/repliquemangacine.fr\\\/fusil-d-assaut-fusil-moderne\\\/ak47-kalachnicov-fusil-dassaut-denix\\\/\"]}]},{\"@type\":\"ImageObject\",\"inLanguage\":\"es\",\"@id\":\"https:\\\/\\\/repliquemangacine.fr\\\/fusil-d-assaut-fusil-moderne\\\/ak47-kalachnicov-fusil-dassaut-denix\\\/#primaryimage\",\"url\":\"https:\\\/\\\/repliquemangacine.fr\\\/wp-content\\\/uploads\\\/2023\\\/10\\\/1448-Kalach-AK-47.jpg\",\"contentUrl\":\"https:\\\/\\\/repliquemangacine.fr\\\/wp-content\\\/uploads\\\/2023\\\/10\\\/1448-Kalach-AK-47.jpg\",\"width\":800,\"height\":800,\"caption\":\"AK-47 Kalachnicov fusil d'assaut denix\"},{\"@type\":\"BreadcrumbList\",\"@id\":\"https:\\\/\\\/repliquemangacine.fr\\\/fusil-d-assaut-fusil-moderne\\\/ak47-kalachnicov-fusil-dassaut-denix\\\/#breadcrumb\",\"itemListElement\":[{\"@type\":\"ListItem\",\"position\":1,\"name\":\"Accueil\",\"item\":\"https:\\\/\\\/repliquemangacine.fr\\\/\"},{\"@type\":\"ListItem\",\"position\":2,\"name\":\"Produits\",\"item\":\"https:\\\/\\\/repliquemangacine.fr\\\/boutique\\\/\"},{\"@type\":\"ListItem\",\"position\":3,\"name\":\"AK-47 Kalachnikov\"}]},{\"@type\":\"WebSite\",\"@id\":\"https:\\\/\\\/repliquemangacine.fr\\\/#website\",\"url\":\"https:\\\/\\\/repliquemangacine.fr\\\/\",\"name\":\"R\u00e9plique Manga Cin\u00e9\",\"description\":\"\",\"publisher\":{\"@id\":\"https:\\\/\\\/repliquemangacine.fr\\\/#organization\"},\"potentialAction\":[{\"@type\":\"SearchAction\",\"target\":{\"@type\":\"EntryPoint\",\"urlTemplate\":\"https:\\\/\\\/repliquemangacine.fr\\\/?s={search_term_string}\"},\"query-input\":{\"@type\":\"PropertyValueSpecification\",\"valueRequired\":true,\"valueName\":\"search_term_string\"}}],\"inLanguage\":\"es\"},{\"@type\":\"Organization\",\"@id\":\"https:\\\/\\\/repliquemangacine.fr\\\/#organization\",\"name\":\"R\u00e9plique Manga Cin\u00e9\",\"url\":\"https:\\\/\\\/repliquemangacine.fr\\\/\",\"logo\":{\"@type\":\"ImageObject\",\"inLanguage\":\"es\",\"@id\":\"https:\\\/\\\/repliquemangacine.fr\\\/#\\\/schema\\\/logo\\\/image\\\/\",\"url\":\"https:\\\/\\\/repliquemangacine.fr\\\/wp-content\\\/uploads\\\/2023\\\/10\\\/RMC-500250.png\",\"contentUrl\":\"https:\\\/\\\/repliquemangacine.fr\\\/wp-content\\\/uploads\\\/2023\\\/10\\\/RMC-500250.png\",\"width\":500,\"height\":250,\"caption\":\"R\u00e9plique Manga Cin\u00e9\"},\"image\":{\"@id\":\"https:\\\/\\\/repliquemangacine.fr\\\/#\\\/schema\\\/logo\\\/image\\\/\"},\"sameAs\":[\"https:\\\/\\\/www.facebook.com\\\/RepliqueMangaCine\",\"https:\\\/\\\/www.instagram.com\\\/repliquemangacine.fr\\\/\"]}]}<\/script>\n<!-- \/ Yoast SEO plugin. -->","yoast_head_json":{"title":"AK47 Kalachnicov - Fusil de asalto Denix | R\u00e9plique Manga Cin\u00e9","description":"\u00a1Date un capricho! Esta r\u00e9plica de AK47 Kalachnicov al mejor precio - Todo en madera y zamac - Mecanismo funcional - No apto para disparar - Longitud: 87 cm","robots":{"index":"index","follow":"follow","max-snippet":"max-snippet:-1","max-image-preview":"max-image-preview:large","max-video-preview":"max-video-preview:-1"},"canonical":"https:\/\/repliquemangacine.fr\/es\/fusil-de-asalto-fusil-moderno\/fusil-ak47-kalachnicov-dassaut-denix\/","og_locale":"es_ES","og_type":"article","og_title":"AK47 Kalachnicov - Fusil d'assaut Denix | R\u00e9plique Manga Cin\u00e9","og_description":"Offrez-vous ! Cette r\u00e9plique de l'AK47 Kalachnicov au meilleur prix - Tout en bois et zamac - M\u00e9canisme fonctionnel - Inapte aux tirs - Longueur : 87 cm","og_url":"https:\/\/repliquemangacine.fr\/es\/fusil-de-asalto-fusil-moderno\/fusil-ak47-kalachnicov-dassaut-denix\/","og_site_name":"R\u00e9plique Manga Cin\u00e9","article_publisher":"https:\/\/www.facebook.com\/RepliqueMangaCine","article_modified_time":"2026-04-19T22:33:31+00:00","og_image":[{"width":800,"height":800,"url":"https:\/\/repliquemangacine.fr\/wp-content\/uploads\/2023\/10\/1448-Kalach-AK-47.jpg","type":"image\/jpeg"}],"twitter_card":"summary_large_image","twitter_misc":{"Tiempo de lectura":"2 minutos"},"schema":{"@context":"https:\/\/schema.org","@graph":[{"@type":"WebPage","@id":"https:\/\/repliquemangacine.fr\/fusil-d-assaut-fusil-moderne\/ak47-kalachnicov-fusil-dassaut-denix\/","url":"https:\/\/repliquemangacine.fr\/fusil-d-assaut-fusil-moderne\/ak47-kalachnicov-fusil-dassaut-denix\/","name":"AK47 Kalachnicov - Fusil de asalto Denix | R\u00e9plique Manga Cin\u00e9","isPartOf":{"@id":"https:\/\/repliquemangacine.fr\/#website"},"primaryImageOfPage":{"@id":"https:\/\/repliquemangacine.fr\/fusil-d-assaut-fusil-moderne\/ak47-kalachnicov-fusil-dassaut-denix\/#primaryimage"},"image":{"@id":"https:\/\/repliquemangacine.fr\/fusil-d-assaut-fusil-moderne\/ak47-kalachnicov-fusil-dassaut-denix\/#primaryimage"},"thumbnailUrl":"https:\/\/repliquemangacine.fr\/wp-content\/uploads\/2023\/10\/1448-Kalach-AK-47.jpg","datePublished":"2016-08-16T13:00:50+00:00","dateModified":"2026-04-19T22:33:31+00:00","description":"\u00a1Date un capricho! Esta r\u00e9plica de AK47 Kalachnicov al mejor precio - Todo en madera y zamac - Mecanismo funcional - No apto para disparar - Longitud: 87 cm","breadcrumb":{"@id":"https:\/\/repliquemangacine.fr\/fusil-d-assaut-fusil-moderne\/ak47-kalachnicov-fusil-dassaut-denix\/#breadcrumb"},"inLanguage":"es","potentialAction":[{"@type":"ReadAction","target":["https:\/\/repliquemangacine.fr\/fusil-d-assaut-fusil-moderne\/ak47-kalachnicov-fusil-dassaut-denix\/"]}]},{"@type":"ImageObject","inLanguage":"es","@id":"https:\/\/repliquemangacine.fr\/fusil-d-assaut-fusil-moderne\/ak47-kalachnicov-fusil-dassaut-denix\/#primaryimage","url":"https:\/\/repliquemangacine.fr\/wp-content\/uploads\/2023\/10\/1448-Kalach-AK-47.jpg","contentUrl":"https:\/\/repliquemangacine.fr\/wp-content\/uploads\/2023\/10\/1448-Kalach-AK-47.jpg","width":800,"height":800,"caption":"AK-47 Kalachnicov fusil d'assaut denix"},{"@type":"BreadcrumbList","@id":"https:\/\/repliquemangacine.fr\/fusil-d-assaut-fusil-moderne\/ak47-kalachnicov-fusil-dassaut-denix\/#breadcrumb","itemListElement":[{"@type":"ListItem","position":1,"name":"Accueil","item":"https:\/\/repliquemangacine.fr\/"},{"@type":"ListItem","position":2,"name":"Produits","item":"https:\/\/repliquemangacine.fr\/boutique\/"},{"@type":"ListItem","position":3,"name":"AK-47 Kalachnikov"}]},{"@type":"WebSite","@id":"https:\/\/repliquemangacine.fr\/#website","url":"https:\/\/repliquemangacine.fr\/","name":"R\u00e9plique Manga Cin\u00e9","description":"","publisher":{"@id":"https:\/\/repliquemangacine.fr\/#organization"},"potentialAction":[{"@type":"SearchAction","target":{"@type":"EntryPoint","urlTemplate":"https:\/\/repliquemangacine.fr\/?s={search_term_string}"},"query-input":{"@type":"PropertyValueSpecification","valueRequired":true,"valueName":"search_term_string"}}],"inLanguage":"es"},{"@type":"Organization","@id":"https:\/\/repliquemangacine.fr\/#organization","name":"R\u00e9plique Manga Cin\u00e9","url":"https:\/\/repliquemangacine.fr\/","logo":{"@type":"ImageObject","inLanguage":"es","@id":"https:\/\/repliquemangacine.fr\/#\/schema\/logo\/image\/","url":"https:\/\/repliquemangacine.fr\/wp-content\/uploads\/2023\/10\/RMC-500250.png","contentUrl":"https:\/\/repliquemangacine.fr\/wp-content\/uploads\/2023\/10\/RMC-500250.png","width":500,"height":250,"caption":"R\u00e9plique Manga Cin\u00e9"},"image":{"@id":"https:\/\/repliquemangacine.fr\/#\/schema\/logo\/image\/"},"sameAs":["https:\/\/www.facebook.com\/RepliqueMangaCine","https:\/\/www.instagram.com\/repliquemangacine.fr\/"]}]}},"_links":{"self":[{"href":"https:\/\/repliquemangacine.fr\/es\/wp-json\/wp\/v2\/product\/63668","targetHints":{"allow":["GET"]}}],"collection":[{"href":"https:\/\/repliquemangacine.fr\/es\/wp-json\/wp\/v2\/product"}],"about":[{"href":"https:\/\/repliquemangacine.fr\/es\/wp-json\/wp\/v2\/types\/product"}],"wp:featuredmedia":[{"embeddable":true,"href":"https:\/\/repliquemangacine.fr\/es\/wp-json\/wp\/v2\/media\/63669"}],"wp:attachment":[{"href":"https:\/\/repliquemangacine.fr\/es\/wp-json\/wp\/v2\/media?parent=63668"}],"wp:term":[{"taxonomy":"product_brand","embeddable":true,"href":"https:\/\/repliquemangacine.fr\/es\/wp-json\/wp\/v2\/product_brand?post=63668"},{"taxonomy":"product_cat","embeddable":true,"href":"https:\/\/repliquemangacine.fr\/es\/wp-json\/wp\/v2\/product_cat?post=63668"},{"taxonomy":"product_tag","embeddable":true,"href":"https:\/\/repliquemangacine.fr\/es\/wp-json\/wp\/v2\/product_tag?post=63668"}],"curies":[{"name":"wp","href":"https:\/\/api.w.org\/{rel}","templated":true}]}}