





{"id":63608,"date":"2023-06-24T17:33:23","date_gmt":"2023-06-24T15:33:23","guid":{"rendered":"https:\/\/repliquemangacine.fr\/?post_type=product&#038;p=63608"},"modified":"2025-12-16T20:50:06","modified_gmt":"2025-12-16T19:50:06","slug":"juego-de-6-piezas-de-serpentina","status":"publish","type":"product","link":"https:\/\/repliquemangacine.fr\/es\/collectors-et-goodies-harry-potter\/coffret-6-pieces-serpentard\/","title":{"rendered":"Set de 6 piezas Slytherin"},"content":{"rendered":"<h2>Set de 6 piezas Slytherin<\/h2>\n<p>Para empezar, el <strong>Set de 6 monedas Slytherin<\/strong>Licencia oficial Warner Bros Harry Potter de Cin\u00e9replicas. Este pack de ropa, dise\u00f1ado en Francia, \u00a1es un conjunto completo a un precio estupendo!<\/p>\n<p><a href=\"https:\/\/harrypotter.fandom.com\/fr\/wiki\/Serpentard\" target=\"_blank\" rel=\"noopener noreferrer\">Slytherin<\/a> Es una de las cuatro casas de Hogwarts. Recibe su nombre de Salazar Slytherin, uno de los cuatro fundadores de la escuela. Los colores de Slytherin son el verde y el plateado. Su emblema es la serpiente, en referencia a los poderes de su fundador, Salazar Slytherin, que era un parselhablante.<\/p>\n<p>Acabar\u00e1s en Slytherin si eres bastante astuto, porque ellos son muy listos y siempre consiguen lo que se proponen. \u201cExtracto de una canci\u00f3n del Sombrero Seleccionador\u201d.\u201d<\/p>\n<p>\u00bfQu\u00e9 necesitas para entrar en Hogwarts? Una t\u00fanica de mago, una corbata, un gorro, guantes y una bufanda, todo ello con los colores de Slytherin.<\/p>\n<p>\u00a1Si\u00e9ntete orgulloso de pertenecer a la escuela de magia Hogwarts y a tu casa!<\/p>\n<h2>\u00a1Tu set de 6 piezas de Slytherin al mejor precio!<\/h2>\n<p>Le ofrecemos una amplia selecci\u00f3n de r\u00e9plicas oficiales y no oficiales de la saga Harry Potter.<\/p>\n<p>Lo primero y m\u00e1s importante,<\/p>\n<ul>\n<li>En <a href=\"https:\/\/repliquemangacine.fr\/es\/varitas-de-harry-potter\/\">varitas m\u00e1gicas<\/a> de todos los personajes en t\u00e9rminos oficiales y en l\u00edneas.<\/li>\n<li>Tambi\u00e9n hay objetos de coleccionista, como el <a href=\"https:\/\/repliquemangacine.fr\/es\/coleccionistas-y-objetos-de-harry-potter\/carta-del-merodeador\/\">Tarjeta Marauder<\/a>.<\/li>\n<li>As\u00ed como el juego de ajedrez del mago Harry Potter<\/li>\n<li>Y muchos m\u00e1s por descubrir en nuestra tienda en l\u00ednea.<\/li>\n<\/ul>\n<p>Por eso, aqu\u00ed tienes una idea estupenda para regalar a todos los fans de Harry Potter.<\/p>\n<p>En conclusi\u00f3n, tambi\u00e9n puede utilizar este <strong>Set de 6 monedas Slytherin<\/strong> para tu disfraz en tus fiestas tem\u00e1ticas o para ampliar tu colecci\u00f3n.<\/p>\n<p>R\u00e9plique Manga Cin\u00e9 es una empresa familiar francesa.<\/p>\n<h2>Descubre nuestros \u00faltimos lanzamientos de Harry Potter.<\/h2>\n<p>Siempre a la b\u00fasqueda de las \u00faltimas novedades del mercado, te ofrecemos algunas r\u00e9plicas que necesitas para ampliar tu colecci\u00f3n personal.<\/p>\n<p>En primer lugar, nos lo hab\u00e9is pedido y \u00a1ya est\u00e1 aqu\u00ed!<\/p>\n<ul>\n<li>Le <a href=\"https:\/\/repliquemangacine.fr\/es\/coleccionistas-y-objetos-de-harry-potter\/harry-potter-escoba-de-fuego\/\">Escoba Firebolt<\/a> (Firebolt) en una edici\u00f3n limitada de 10.000 copias en todo el mundo. Bajo licencia oficial de Warner Bros.<\/li>\n<li>Tambi\u00e9n hay una colecci\u00f3n de criaturas m\u00e1gicas, como el <a href=\"https:\/\/repliquemangacine.fr\/es\/coleccionistas-y-objetos-de-harry-potter\/figurita-hedwige-de-harry-potter\/\">Hedwig Harry Potter figura de acci\u00f3n<\/a> que lleva el n\u00ba 1 y Dobby que lleva el n\u00ba 2.<\/li>\n<li>Adem\u00e1s del bolso de Hermione Granger, la r\u00e9plica aut\u00e9ntica del horrocrux...<\/li>\n<li>Y muchos m\u00e1s por descubrir pr\u00f3ximamente en nuestra tienda.<\/li>\n<\/ul>\n<p>Les deseamos a todos un buen viaje por la encrucijada.<\/p>","protected":false},"excerpt":{"rendered":"<p>Si\u00e9ntete orgulloso de pertenecer al Colegio Hogwarts de Magia y Hechicer\u00eda y de tu casa, Slytherin.<\/p>\n<p>Disponible en varios tama\u00f1os<\/p>\n<ul>\n<li>Un vestido de Slytherin<\/li>\n<li>Una corbata de 140 x 7 cm<\/li>\n<li>Una bufanda de 150 cm de largo<\/li>\n<li>Un cap\u00f3<\/li>\n<li>Un par de guantes<\/li>\n<li>Un par de calcetines<\/li>\n<\/ul>\n<p>Producto bajo licencia oficial de Harry Potter<\/p>","protected":false},"featured_media":64323,"template":"","meta":[],"product_brand":[896],"product_cat":[87,24,41],"product_tag":[],"class_list":{"0":"post-63608","1":"product","2":"type-product","3":"status-publish","4":"has-post-thumbnail","6":"product_brand-replique-manga-cine","7":"product_cat-collectors-et-goodies-harry-potter","8":"product_cat-films-series-tv-vente-de-katana-epee-et-produits-derives","9":"product_cat-baguettes-et-goodies-harry-potter","11":"first","12":"instock","13":"taxable","14":"shipping-taxable","15":"purchasable","16":"product-type-variable"},"yoast_head":"<!-- This site is optimized with the Yoast SEO plugin v27.4 - https:\/\/yoast.com\/product\/yoast-seo-wordpress\/ -->\n<title>Coffret 6 Pi\u00e8ces Serpentard - D\u00e9guisements Harry Potter - RMC<\/title>\n<meta name=\"description\" content=\"Offrez-lui vite ! Ce superbe Coffret 6 Pi\u00e8ces Serpentard au meilleur prix. Ce pack comprend : Robe de sorcier, cravate, bonnet, gants, \u00e9charpe, chaussettes\" \/>\n<meta name=\"robots\" content=\"index, follow, max-snippet:-1, max-image-preview:large, max-video-preview:-1\" \/>\n<link rel=\"canonical\" href=\"https:\/\/repliquemangacine.fr\/es\/coleccionistas-y-objetos-de-harry-potter\/juego-de-6-piezas-de-serpentina\/\" \/>\n<meta property=\"og:locale\" content=\"es_ES\" \/>\n<meta property=\"og:type\" content=\"article\" \/>\n<meta property=\"og:title\" content=\"Coffret 6 Pi\u00e8ces Serpentard - D\u00e9guisements Harry Potter - RMC\" \/>\n<meta property=\"og:description\" content=\"Offrez-lui vite ! Ce superbe Coffret 6 Pi\u00e8ces Serpentard au meilleur prix. Ce pack comprend : Robe de sorcier, cravate, bonnet, gants, \u00e9charpe, chaussettes\" \/>\n<meta property=\"og:url\" content=\"https:\/\/repliquemangacine.fr\/es\/coleccionistas-y-objetos-de-harry-potter\/juego-de-6-piezas-de-serpentina\/\" \/>\n<meta property=\"og:site_name\" content=\"R\u00e9plique Manga Cin\u00e9\" \/>\n<meta property=\"article:publisher\" content=\"https:\/\/www.facebook.com\/RepliqueMangaCine\" \/>\n<meta property=\"article:modified_time\" content=\"2025-12-16T19:50:06+00:00\" \/>\n<meta property=\"og:image\" content=\"https:\/\/repliquemangacine.fr\/wp-content\/uploads\/2023\/10\/Coffret-6-pieces-Serpentard-9.jpg\" \/>\n\t<meta property=\"og:image:width\" content=\"500\" \/>\n\t<meta property=\"og:image:height\" content=\"500\" \/>\n\t<meta property=\"og:image:type\" content=\"image\/jpeg\" \/>\n<meta name=\"twitter:card\" content=\"summary_large_image\" \/>\n<meta name=\"twitter:label1\" content=\"Tiempo de lectura\" \/>\n\t<meta name=\"twitter:data1\" content=\"3 minutos\" \/>\n<script type=\"application\/ld+json\" class=\"yoast-schema-graph\">{\"@context\":\"https:\\\/\\\/schema.org\",\"@graph\":[{\"@type\":\"WebPage\",\"@id\":\"https:\\\/\\\/repliquemangacine.fr\\\/collectors-et-goodies-harry-potter\\\/coffret-6-pieces-serpentard\\\/\",\"url\":\"https:\\\/\\\/repliquemangacine.fr\\\/collectors-et-goodies-harry-potter\\\/coffret-6-pieces-serpentard\\\/\",\"name\":\"Coffret 6 Pi\u00e8ces Serpentard - D\u00e9guisements Harry Potter - RMC\",\"isPartOf\":{\"@id\":\"https:\\\/\\\/repliquemangacine.fr\\\/#website\"},\"primaryImageOfPage\":{\"@id\":\"https:\\\/\\\/repliquemangacine.fr\\\/collectors-et-goodies-harry-potter\\\/coffret-6-pieces-serpentard\\\/#primaryimage\"},\"image\":{\"@id\":\"https:\\\/\\\/repliquemangacine.fr\\\/collectors-et-goodies-harry-potter\\\/coffret-6-pieces-serpentard\\\/#primaryimage\"},\"thumbnailUrl\":\"https:\\\/\\\/repliquemangacine.fr\\\/wp-content\\\/uploads\\\/2023\\\/10\\\/Coffret-6-pieces-Serpentard-9.jpg\",\"datePublished\":\"2023-06-24T15:33:23+00:00\",\"dateModified\":\"2025-12-16T19:50:06+00:00\",\"description\":\"Offrez-lui vite ! Ce superbe Coffret 6 Pi\u00e8ces Serpentard au meilleur prix. Ce pack comprend : Robe de sorcier, cravate, bonnet, gants, \u00e9charpe, chaussettes\",\"breadcrumb\":{\"@id\":\"https:\\\/\\\/repliquemangacine.fr\\\/collectors-et-goodies-harry-potter\\\/coffret-6-pieces-serpentard\\\/#breadcrumb\"},\"inLanguage\":\"es\",\"potentialAction\":[{\"@type\":\"ReadAction\",\"target\":[\"https:\\\/\\\/repliquemangacine.fr\\\/collectors-et-goodies-harry-potter\\\/coffret-6-pieces-serpentard\\\/\"]}]},{\"@type\":\"ImageObject\",\"inLanguage\":\"es\",\"@id\":\"https:\\\/\\\/repliquemangacine.fr\\\/collectors-et-goodies-harry-potter\\\/coffret-6-pieces-serpentard\\\/#primaryimage\",\"url\":\"https:\\\/\\\/repliquemangacine.fr\\\/wp-content\\\/uploads\\\/2023\\\/10\\\/Coffret-6-pieces-Serpentard-9.jpg\",\"contentUrl\":\"https:\\\/\\\/repliquemangacine.fr\\\/wp-content\\\/uploads\\\/2023\\\/10\\\/Coffret-6-pieces-Serpentard-9.jpg\",\"width\":500,\"height\":500,\"caption\":\"Coffret 6 Pi\u00e8ces Serpentard\"},{\"@type\":\"BreadcrumbList\",\"@id\":\"https:\\\/\\\/repliquemangacine.fr\\\/collectors-et-goodies-harry-potter\\\/coffret-6-pieces-serpentard\\\/#breadcrumb\",\"itemListElement\":[{\"@type\":\"ListItem\",\"position\":1,\"name\":\"Accueil\",\"item\":\"https:\\\/\\\/repliquemangacine.fr\\\/\"},{\"@type\":\"ListItem\",\"position\":2,\"name\":\"Produits\",\"item\":\"https:\\\/\\\/repliquemangacine.fr\\\/boutique\\\/\"},{\"@type\":\"ListItem\",\"position\":3,\"name\":\"Coffret 6 Pi\u00e8ces Serpentard\"}]},{\"@type\":\"WebSite\",\"@id\":\"https:\\\/\\\/repliquemangacine.fr\\\/#website\",\"url\":\"https:\\\/\\\/repliquemangacine.fr\\\/\",\"name\":\"R\u00e9plique Manga Cin\u00e9\",\"description\":\"\",\"publisher\":{\"@id\":\"https:\\\/\\\/repliquemangacine.fr\\\/#organization\"},\"potentialAction\":[{\"@type\":\"SearchAction\",\"target\":{\"@type\":\"EntryPoint\",\"urlTemplate\":\"https:\\\/\\\/repliquemangacine.fr\\\/?s={search_term_string}\"},\"query-input\":{\"@type\":\"PropertyValueSpecification\",\"valueRequired\":true,\"valueName\":\"search_term_string\"}}],\"inLanguage\":\"es\"},{\"@type\":\"Organization\",\"@id\":\"https:\\\/\\\/repliquemangacine.fr\\\/#organization\",\"name\":\"R\u00e9plique Manga Cin\u00e9\",\"url\":\"https:\\\/\\\/repliquemangacine.fr\\\/\",\"logo\":{\"@type\":\"ImageObject\",\"inLanguage\":\"es\",\"@id\":\"https:\\\/\\\/repliquemangacine.fr\\\/#\\\/schema\\\/logo\\\/image\\\/\",\"url\":\"https:\\\/\\\/repliquemangacine.fr\\\/wp-content\\\/uploads\\\/2023\\\/10\\\/RMC-500250.png\",\"contentUrl\":\"https:\\\/\\\/repliquemangacine.fr\\\/wp-content\\\/uploads\\\/2023\\\/10\\\/RMC-500250.png\",\"width\":500,\"height\":250,\"caption\":\"R\u00e9plique Manga Cin\u00e9\"},\"image\":{\"@id\":\"https:\\\/\\\/repliquemangacine.fr\\\/#\\\/schema\\\/logo\\\/image\\\/\"},\"sameAs\":[\"https:\\\/\\\/www.facebook.com\\\/RepliqueMangaCine\",\"https:\\\/\\\/www.instagram.com\\\/repliquemangacine.fr\\\/\"]}]}<\/script>\n<!-- \/ Yoast SEO plugin. -->","yoast_head_json":{"title":"Set de 6 piezas Slytherin - Disfraces Harry Potter - RMC","description":"\u00a1Reg\u00e1laselo ahora! Este magn\u00edfico set de 6 piezas de Slytherin al mejor precio. Este pack incluye : T\u00fanica de mago, corbata, gorro, guantes, bufanda y calcetines.","robots":{"index":"index","follow":"follow","max-snippet":"max-snippet:-1","max-image-preview":"max-image-preview:large","max-video-preview":"max-video-preview:-1"},"canonical":"https:\/\/repliquemangacine.fr\/es\/coleccionistas-y-objetos-de-harry-potter\/juego-de-6-piezas-de-serpentina\/","og_locale":"es_ES","og_type":"article","og_title":"Coffret 6 Pi\u00e8ces Serpentard - D\u00e9guisements Harry Potter - RMC","og_description":"Offrez-lui vite ! Ce superbe Coffret 6 Pi\u00e8ces Serpentard au meilleur prix. Ce pack comprend : Robe de sorcier, cravate, bonnet, gants, \u00e9charpe, chaussettes","og_url":"https:\/\/repliquemangacine.fr\/es\/coleccionistas-y-objetos-de-harry-potter\/juego-de-6-piezas-de-serpentina\/","og_site_name":"R\u00e9plique Manga Cin\u00e9","article_publisher":"https:\/\/www.facebook.com\/RepliqueMangaCine","article_modified_time":"2025-12-16T19:50:06+00:00","og_image":[{"width":500,"height":500,"url":"https:\/\/repliquemangacine.fr\/wp-content\/uploads\/2023\/10\/Coffret-6-pieces-Serpentard-9.jpg","type":"image\/jpeg"}],"twitter_card":"summary_large_image","twitter_misc":{"Tiempo de lectura":"3 minutos"},"schema":{"@context":"https:\/\/schema.org","@graph":[{"@type":"WebPage","@id":"https:\/\/repliquemangacine.fr\/collectors-et-goodies-harry-potter\/coffret-6-pieces-serpentard\/","url":"https:\/\/repliquemangacine.fr\/collectors-et-goodies-harry-potter\/coffret-6-pieces-serpentard\/","name":"Set de 6 piezas Slytherin - Disfraces Harry Potter - RMC","isPartOf":{"@id":"https:\/\/repliquemangacine.fr\/#website"},"primaryImageOfPage":{"@id":"https:\/\/repliquemangacine.fr\/collectors-et-goodies-harry-potter\/coffret-6-pieces-serpentard\/#primaryimage"},"image":{"@id":"https:\/\/repliquemangacine.fr\/collectors-et-goodies-harry-potter\/coffret-6-pieces-serpentard\/#primaryimage"},"thumbnailUrl":"https:\/\/repliquemangacine.fr\/wp-content\/uploads\/2023\/10\/Coffret-6-pieces-Serpentard-9.jpg","datePublished":"2023-06-24T15:33:23+00:00","dateModified":"2025-12-16T19:50:06+00:00","description":"\u00a1Reg\u00e1laselo ahora! Este magn\u00edfico set de 6 piezas de Slytherin al mejor precio. Este pack incluye : T\u00fanica de mago, corbata, gorro, guantes, bufanda y calcetines.","breadcrumb":{"@id":"https:\/\/repliquemangacine.fr\/collectors-et-goodies-harry-potter\/coffret-6-pieces-serpentard\/#breadcrumb"},"inLanguage":"es","potentialAction":[{"@type":"ReadAction","target":["https:\/\/repliquemangacine.fr\/collectors-et-goodies-harry-potter\/coffret-6-pieces-serpentard\/"]}]},{"@type":"ImageObject","inLanguage":"es","@id":"https:\/\/repliquemangacine.fr\/collectors-et-goodies-harry-potter\/coffret-6-pieces-serpentard\/#primaryimage","url":"https:\/\/repliquemangacine.fr\/wp-content\/uploads\/2023\/10\/Coffret-6-pieces-Serpentard-9.jpg","contentUrl":"https:\/\/repliquemangacine.fr\/wp-content\/uploads\/2023\/10\/Coffret-6-pieces-Serpentard-9.jpg","width":500,"height":500,"caption":"Coffret 6 Pi\u00e8ces Serpentard"},{"@type":"BreadcrumbList","@id":"https:\/\/repliquemangacine.fr\/collectors-et-goodies-harry-potter\/coffret-6-pieces-serpentard\/#breadcrumb","itemListElement":[{"@type":"ListItem","position":1,"name":"Accueil","item":"https:\/\/repliquemangacine.fr\/"},{"@type":"ListItem","position":2,"name":"Produits","item":"https:\/\/repliquemangacine.fr\/boutique\/"},{"@type":"ListItem","position":3,"name":"Coffret 6 Pi\u00e8ces Serpentard"}]},{"@type":"WebSite","@id":"https:\/\/repliquemangacine.fr\/#website","url":"https:\/\/repliquemangacine.fr\/","name":"R\u00e9plique Manga Cin\u00e9","description":"","publisher":{"@id":"https:\/\/repliquemangacine.fr\/#organization"},"potentialAction":[{"@type":"SearchAction","target":{"@type":"EntryPoint","urlTemplate":"https:\/\/repliquemangacine.fr\/?s={search_term_string}"},"query-input":{"@type":"PropertyValueSpecification","valueRequired":true,"valueName":"search_term_string"}}],"inLanguage":"es"},{"@type":"Organization","@id":"https:\/\/repliquemangacine.fr\/#organization","name":"R\u00e9plique Manga Cin\u00e9","url":"https:\/\/repliquemangacine.fr\/","logo":{"@type":"ImageObject","inLanguage":"es","@id":"https:\/\/repliquemangacine.fr\/#\/schema\/logo\/image\/","url":"https:\/\/repliquemangacine.fr\/wp-content\/uploads\/2023\/10\/RMC-500250.png","contentUrl":"https:\/\/repliquemangacine.fr\/wp-content\/uploads\/2023\/10\/RMC-500250.png","width":500,"height":250,"caption":"R\u00e9plique Manga Cin\u00e9"},"image":{"@id":"https:\/\/repliquemangacine.fr\/#\/schema\/logo\/image\/"},"sameAs":["https:\/\/www.facebook.com\/RepliqueMangaCine","https:\/\/www.instagram.com\/repliquemangacine.fr\/"]}]}},"_links":{"self":[{"href":"https:\/\/repliquemangacine.fr\/es\/wp-json\/wp\/v2\/product\/63608","targetHints":{"allow":["GET"]}}],"collection":[{"href":"https:\/\/repliquemangacine.fr\/es\/wp-json\/wp\/v2\/product"}],"about":[{"href":"https:\/\/repliquemangacine.fr\/es\/wp-json\/wp\/v2\/types\/product"}],"wp:featuredmedia":[{"embeddable":true,"href":"https:\/\/repliquemangacine.fr\/es\/wp-json\/wp\/v2\/media\/64323"}],"wp:attachment":[{"href":"https:\/\/repliquemangacine.fr\/es\/wp-json\/wp\/v2\/media?parent=63608"}],"wp:term":[{"taxonomy":"product_brand","embeddable":true,"href":"https:\/\/repliquemangacine.fr\/es\/wp-json\/wp\/v2\/product_brand?post=63608"},{"taxonomy":"product_cat","embeddable":true,"href":"https:\/\/repliquemangacine.fr\/es\/wp-json\/wp\/v2\/product_cat?post=63608"},{"taxonomy":"product_tag","embeddable":true,"href":"https:\/\/repliquemangacine.fr\/es\/wp-json\/wp\/v2\/product_tag?post=63608"}],"curies":[{"name":"wp","href":"https:\/\/api.w.org\/{rel}","templated":true}]}}