





{"id":63605,"date":"2022-01-10T19:55:33","date_gmt":"2022-01-10T18:55:33","guid":{"rendered":"https:\/\/repliquemangacine.fr\/?post_type=product&#038;p=63605"},"modified":"2025-09-23T18:03:49","modified_gmt":"2025-09-23T16:03:49","slug":"calamar-juego-guardia-combinacion","status":"publish","type":"product","link":"https:\/\/repliquemangacine.fr\/es\/squid-game-costumes-et-masques\/combinaison-des-gardes-squid-game\/","title":{"rendered":"Combinaci\u00f3n de calamares y guardabosques"},"content":{"rendered":"<h2>Combinaci\u00f3n de calamares y guardabosques<\/h2>\n<p>Para empezar, el <strong>Combinaci\u00f3n de calamares y guardabosques<\/strong> est un ensemble complet de haute qualit\u00e9 avec gants et ceinture.<\/p>\n<p>456 personnes, ont toutes des difficult\u00e9s financi\u00e8res dans la vie, sont invit\u00e9es \u00e0 prendre part \u00e0 une myst\u00e9rieuse comp\u00e9tition de survie. Les joueurs risquent leur vie pour gagner le prix de 45,6 milliards de wons (soit 32 millions d&#8217;euros).<\/p>\n<p>Les gardes, autrement connus sous le nom de Soldiers ou Masked Men, sont le personnel qui g\u00e8re, entretient et applique les r\u00e8gles des Squid Games au nom du Front Man.<\/p>\n<p>En <a href=\"https:\/\/squid-game.fandom.com\/wiki\/Guards\" target=\"_blank\" rel=\"noopener noreferrer\">guardias<\/a> todos llevan la misma ropa b\u00e1sica para preservar su anonimato. Se trata del traje con capucha. Estas m\u00e1scaras tienen uno de los tres s\u00edmbolos que indican su clasificaci\u00f3n.<\/p>\n<h2>Tu Combinaison des Gardes Calamar-Juego al mejor precio.<\/h2>\n<p>Te ofrecemos una amplia selecci\u00f3n de disfraces de la serie de televisi\u00f3n Squid Game.<\/p>\n<p>Lo primero y m\u00e1s importante,<\/p>\n<ul>\n<li>La r\u00e9plica de este <a href=\"https:\/\/repliquemangacine.fr\/es\/juego-del-calamar\/masque-gardiens-carre-squid-game\/\">m\u00e1scara de guardi\u00e1n<\/a> con la figura geom\u00e9trica del cuadrado, que identifica a los supervisores.<\/li>\n<li>Tambi\u00e9n est\u00e1 el ch\u00e1ndal del jugador. <a href=\"https:\/\/repliquemangacine.fr\/es\/juego-del-calamar\/outfit-001-calamar-juego\/\">Oh Il-nam le N\u00b0 001<\/a>.<\/li>\n<li>As\u00ed como el <a href=\"https:\/\/repliquemangacine.fr\/es\/juego-del-calamar\/squid-game-masque-du-chef-a-facettes\/\">m\u00e1scara del Guardi\u00e1n Jefe<\/a> con todas sus facetas.<\/li>\n<li>Y muchos m\u00e1s por descubrir en nuestra tienda en l\u00ednea.<\/li>\n<\/ul>\n<p>Por eso, esta es una idea estupenda para regalar a los fans de la serie Squid Game de Netflix.<\/p>\n<p>En conclusi\u00f3n, puede utilizar el<strong> Combinaci\u00f3n de calamares y guardabosques<\/strong> para tus desfiles de cosplay o veladas tem\u00e1ticas. Sobre todo, es una pieza de coleccionista, pero por supuesto puedes llevarla puesta.<\/p>\n<h2>\u00bfC\u00f3mo se hacen los trajes?<\/h2>\n<p>Para empezar, todos nuestros productos derivados son de la m\u00e1xima calidad, fabricados con meticulosa atenci\u00f3n al detalle. Una parte se hace a mano, para reproducir hasta el m\u00e1s m\u00ednimo detalle. Las partes m\u00e1s importantes se mecanizan con m\u00e1quinas muy precisas. Los grabados se hacen generalmente con punta de diamante o l\u00e1ser.<\/p>\n<p>Su <strong>Combinaci\u00f3n de calamares y guardabosques<\/strong> se ha confeccionado reproduciendo cada detalle con exactitud. Fabricado en tejido de poli\u00e9ster de alta calidad, c\u00f3modo, suave y delicado con la piel.<\/p>\n<p>En conclusi\u00f3n, nuestras r\u00e9plicas, importadas de China o Espa\u00f1a, \u00a1le sorprender\u00e1n!<\/p>\n<p>R\u00e9plique Manga Cin\u00e9 es una empresa familiar francesa.<\/p>\n<p>Disfrute de su visita.<\/p>","protected":false},"excerpt":{"rendered":"<p>Es el atuendo que llevan los soldados encargados de supervisar el juego y eliminar a los participantes al menor error.<\/p>\n<ul>\n<li>Mono con capucha.<\/li>\n<li>Tejido de poli\u00e9ster de alta calidad.<\/li>\n<li>Cintur\u00f3n negro y guantes proporcionados.<\/li>\n<\/ul>\n<p>&nbsp;<\/p>","protected":false},"featured_media":64252,"template":"","meta":[],"product_brand":[896],"product_cat":[24,101,99],"product_tag":[],"class_list":{"0":"post-63605","1":"product","2":"type-product","3":"status-publish","4":"has-post-thumbnail","6":"product_brand-replique-manga-cine","7":"product_cat-films-series-tv-vente-de-katana-epee-et-produits-derives","8":"product_cat-soldes","9":"product_cat-squid-game-costumes-et-masques","11":"first","12":"instock","13":"sale","14":"taxable","15":"shipping-taxable","16":"purchasable","17":"product-type-variable"},"yoast_head":"<!-- This site is optimized with the Yoast SEO plugin v27.4 - https:\/\/yoast.com\/product\/yoast-seo-wordpress\/ -->\n<title>Combinaison des Gardes Squid-Game - R\u00e9plique Manga Cin\u00e9<\/title>\n<meta name=\"description\" content=\"D\u00e9couvrez cette Combinaison des Gardes Squid-Game au meilleur prix. Combinaison de Haute qualit\u00e9 - En Polyester - Ceinture - Gants - Plusieurs tailles.\" \/>\n<meta name=\"robots\" content=\"index, follow, max-snippet:-1, max-image-preview:large, max-video-preview:-1\" \/>\n<link rel=\"canonical\" href=\"https:\/\/repliquemangacine.fr\/es\/saldos\/calamar-juego-guardia-combinacion\/\" \/>\n<meta property=\"og:locale\" content=\"es_ES\" \/>\n<meta property=\"og:type\" content=\"article\" \/>\n<meta property=\"og:title\" content=\"Combinaison des Gardes Squid-Game - R\u00e9plique Manga Cin\u00e9\" \/>\n<meta property=\"og:description\" content=\"D\u00e9couvrez cette Combinaison des Gardes Squid-Game au meilleur prix. Combinaison de Haute qualit\u00e9 - En Polyester - Ceinture - Gants - Plusieurs tailles.\" \/>\n<meta property=\"og:url\" content=\"https:\/\/repliquemangacine.fr\/es\/saldos\/calamar-juego-guardia-combinacion\/\" \/>\n<meta property=\"og:site_name\" content=\"R\u00e9plique Manga Cin\u00e9\" \/>\n<meta property=\"article:publisher\" content=\"https:\/\/www.facebook.com\/RepliqueMangaCine\" \/>\n<meta property=\"article:modified_time\" content=\"2025-09-23T16:03:49+00:00\" \/>\n<meta property=\"og:image\" content=\"https:\/\/repliquemangacine.fr\/wp-content\/uploads\/2023\/10\/COMBINAISON-SQUID-GAME-1.jpg\" \/>\n\t<meta property=\"og:image:width\" content=\"800\" \/>\n\t<meta property=\"og:image:height\" content=\"800\" \/>\n\t<meta property=\"og:image:type\" content=\"image\/jpeg\" \/>\n<meta name=\"twitter:card\" content=\"summary_large_image\" \/>\n<meta name=\"twitter:label1\" content=\"Tiempo de lectura\" \/>\n\t<meta name=\"twitter:data1\" content=\"3 minutos\" \/>\n<script type=\"application\/ld+json\" class=\"yoast-schema-graph\">{\"@context\":\"https:\\\/\\\/schema.org\",\"@graph\":[{\"@type\":\"WebPage\",\"@id\":\"https:\\\/\\\/repliquemangacine.fr\\\/soldes\\\/combinaison-des-gardes-squid-game\\\/\",\"url\":\"https:\\\/\\\/repliquemangacine.fr\\\/soldes\\\/combinaison-des-gardes-squid-game\\\/\",\"name\":\"Combinaison des Gardes Squid-Game - R\u00e9plique Manga Cin\u00e9\",\"isPartOf\":{\"@id\":\"https:\\\/\\\/repliquemangacine.fr\\\/#website\"},\"primaryImageOfPage\":{\"@id\":\"https:\\\/\\\/repliquemangacine.fr\\\/soldes\\\/combinaison-des-gardes-squid-game\\\/#primaryimage\"},\"image\":{\"@id\":\"https:\\\/\\\/repliquemangacine.fr\\\/soldes\\\/combinaison-des-gardes-squid-game\\\/#primaryimage\"},\"thumbnailUrl\":\"https:\\\/\\\/repliquemangacine.fr\\\/wp-content\\\/uploads\\\/2023\\\/10\\\/COMBINAISON-SQUID-GAME-1.jpg\",\"datePublished\":\"2022-01-10T18:55:33+00:00\",\"dateModified\":\"2025-09-23T16:03:49+00:00\",\"description\":\"D\u00e9couvrez cette Combinaison des Gardes Squid-Game au meilleur prix. Combinaison de Haute qualit\u00e9 - En Polyester - Ceinture - Gants - Plusieurs tailles.\",\"breadcrumb\":{\"@id\":\"https:\\\/\\\/repliquemangacine.fr\\\/soldes\\\/combinaison-des-gardes-squid-game\\\/#breadcrumb\"},\"inLanguage\":\"es\",\"potentialAction\":[{\"@type\":\"ReadAction\",\"target\":[\"https:\\\/\\\/repliquemangacine.fr\\\/soldes\\\/combinaison-des-gardes-squid-game\\\/\"]}]},{\"@type\":\"ImageObject\",\"inLanguage\":\"es\",\"@id\":\"https:\\\/\\\/repliquemangacine.fr\\\/soldes\\\/combinaison-des-gardes-squid-game\\\/#primaryimage\",\"url\":\"https:\\\/\\\/repliquemangacine.fr\\\/wp-content\\\/uploads\\\/2023\\\/10\\\/COMBINAISON-SQUID-GAME-1.jpg\",\"contentUrl\":\"https:\\\/\\\/repliquemangacine.fr\\\/wp-content\\\/uploads\\\/2023\\\/10\\\/COMBINAISON-SQUID-GAME-1.jpg\",\"width\":800,\"height\":800,\"caption\":\"Combinaison des Gardes Squid-Game tenue compl\u00e8te\"},{\"@type\":\"BreadcrumbList\",\"@id\":\"https:\\\/\\\/repliquemangacine.fr\\\/soldes\\\/combinaison-des-gardes-squid-game\\\/#breadcrumb\",\"itemListElement\":[{\"@type\":\"ListItem\",\"position\":1,\"name\":\"Accueil\",\"item\":\"https:\\\/\\\/repliquemangacine.fr\\\/\"},{\"@type\":\"ListItem\",\"position\":2,\"name\":\"Produits\",\"item\":\"https:\\\/\\\/repliquemangacine.fr\\\/boutique\\\/\"},{\"@type\":\"ListItem\",\"position\":3,\"name\":\"Combinaison des Gardes Squid-Game\"}]},{\"@type\":\"WebSite\",\"@id\":\"https:\\\/\\\/repliquemangacine.fr\\\/#website\",\"url\":\"https:\\\/\\\/repliquemangacine.fr\\\/\",\"name\":\"R\u00e9plique Manga Cin\u00e9\",\"description\":\"\",\"publisher\":{\"@id\":\"https:\\\/\\\/repliquemangacine.fr\\\/#organization\"},\"potentialAction\":[{\"@type\":\"SearchAction\",\"target\":{\"@type\":\"EntryPoint\",\"urlTemplate\":\"https:\\\/\\\/repliquemangacine.fr\\\/?s={search_term_string}\"},\"query-input\":{\"@type\":\"PropertyValueSpecification\",\"valueRequired\":true,\"valueName\":\"search_term_string\"}}],\"inLanguage\":\"es\"},{\"@type\":\"Organization\",\"@id\":\"https:\\\/\\\/repliquemangacine.fr\\\/#organization\",\"name\":\"R\u00e9plique Manga Cin\u00e9\",\"url\":\"https:\\\/\\\/repliquemangacine.fr\\\/\",\"logo\":{\"@type\":\"ImageObject\",\"inLanguage\":\"es\",\"@id\":\"https:\\\/\\\/repliquemangacine.fr\\\/#\\\/schema\\\/logo\\\/image\\\/\",\"url\":\"https:\\\/\\\/repliquemangacine.fr\\\/wp-content\\\/uploads\\\/2023\\\/10\\\/RMC-500250.png\",\"contentUrl\":\"https:\\\/\\\/repliquemangacine.fr\\\/wp-content\\\/uploads\\\/2023\\\/10\\\/RMC-500250.png\",\"width\":500,\"height\":250,\"caption\":\"R\u00e9plique Manga Cin\u00e9\"},\"image\":{\"@id\":\"https:\\\/\\\/repliquemangacine.fr\\\/#\\\/schema\\\/logo\\\/image\\\/\"},\"sameAs\":[\"https:\\\/\\\/www.facebook.com\\\/RepliqueMangaCine\",\"https:\\\/\\\/www.instagram.com\\\/repliquemangacine.fr\\\/\"]}]}<\/script>\n<!-- \/ Yoast SEO plugin. -->","yoast_head_json":{"title":"Combinaci\u00f3n Calamar-Juegos - R\u00e9plique Manga Cin\u00e9","description":"Descubra este Traje de Guardia Calamar al mejor precio. Mono de alta calidad - Poli\u00e9ster - Cintur\u00f3n - Guantes - Varias tallas.","robots":{"index":"index","follow":"follow","max-snippet":"max-snippet:-1","max-image-preview":"max-image-preview:large","max-video-preview":"max-video-preview:-1"},"canonical":"https:\/\/repliquemangacine.fr\/es\/saldos\/calamar-juego-guardia-combinacion\/","og_locale":"es_ES","og_type":"article","og_title":"Combinaison des Gardes Squid-Game - R\u00e9plique Manga Cin\u00e9","og_description":"D\u00e9couvrez cette Combinaison des Gardes Squid-Game au meilleur prix. Combinaison de Haute qualit\u00e9 - En Polyester - Ceinture - Gants - Plusieurs tailles.","og_url":"https:\/\/repliquemangacine.fr\/es\/saldos\/calamar-juego-guardia-combinacion\/","og_site_name":"R\u00e9plique Manga Cin\u00e9","article_publisher":"https:\/\/www.facebook.com\/RepliqueMangaCine","article_modified_time":"2025-09-23T16:03:49+00:00","og_image":[{"width":800,"height":800,"url":"https:\/\/repliquemangacine.fr\/wp-content\/uploads\/2023\/10\/COMBINAISON-SQUID-GAME-1.jpg","type":"image\/jpeg"}],"twitter_card":"summary_large_image","twitter_misc":{"Tiempo de lectura":"3 minutos"},"schema":{"@context":"https:\/\/schema.org","@graph":[{"@type":"WebPage","@id":"https:\/\/repliquemangacine.fr\/soldes\/combinaison-des-gardes-squid-game\/","url":"https:\/\/repliquemangacine.fr\/soldes\/combinaison-des-gardes-squid-game\/","name":"Combinaci\u00f3n Calamar-Juegos - R\u00e9plique Manga Cin\u00e9","isPartOf":{"@id":"https:\/\/repliquemangacine.fr\/#website"},"primaryImageOfPage":{"@id":"https:\/\/repliquemangacine.fr\/soldes\/combinaison-des-gardes-squid-game\/#primaryimage"},"image":{"@id":"https:\/\/repliquemangacine.fr\/soldes\/combinaison-des-gardes-squid-game\/#primaryimage"},"thumbnailUrl":"https:\/\/repliquemangacine.fr\/wp-content\/uploads\/2023\/10\/COMBINAISON-SQUID-GAME-1.jpg","datePublished":"2022-01-10T18:55:33+00:00","dateModified":"2025-09-23T16:03:49+00:00","description":"Descubra este Traje de Guardia Calamar al mejor precio. Mono de alta calidad - Poli\u00e9ster - Cintur\u00f3n - Guantes - Varias tallas.","breadcrumb":{"@id":"https:\/\/repliquemangacine.fr\/soldes\/combinaison-des-gardes-squid-game\/#breadcrumb"},"inLanguage":"es","potentialAction":[{"@type":"ReadAction","target":["https:\/\/repliquemangacine.fr\/soldes\/combinaison-des-gardes-squid-game\/"]}]},{"@type":"ImageObject","inLanguage":"es","@id":"https:\/\/repliquemangacine.fr\/soldes\/combinaison-des-gardes-squid-game\/#primaryimage","url":"https:\/\/repliquemangacine.fr\/wp-content\/uploads\/2023\/10\/COMBINAISON-SQUID-GAME-1.jpg","contentUrl":"https:\/\/repliquemangacine.fr\/wp-content\/uploads\/2023\/10\/COMBINAISON-SQUID-GAME-1.jpg","width":800,"height":800,"caption":"Combinaison des Gardes Squid-Game tenue compl\u00e8te"},{"@type":"BreadcrumbList","@id":"https:\/\/repliquemangacine.fr\/soldes\/combinaison-des-gardes-squid-game\/#breadcrumb","itemListElement":[{"@type":"ListItem","position":1,"name":"Accueil","item":"https:\/\/repliquemangacine.fr\/"},{"@type":"ListItem","position":2,"name":"Produits","item":"https:\/\/repliquemangacine.fr\/boutique\/"},{"@type":"ListItem","position":3,"name":"Combinaison des Gardes Squid-Game"}]},{"@type":"WebSite","@id":"https:\/\/repliquemangacine.fr\/#website","url":"https:\/\/repliquemangacine.fr\/","name":"R\u00e9plique Manga Cin\u00e9","description":"","publisher":{"@id":"https:\/\/repliquemangacine.fr\/#organization"},"potentialAction":[{"@type":"SearchAction","target":{"@type":"EntryPoint","urlTemplate":"https:\/\/repliquemangacine.fr\/?s={search_term_string}"},"query-input":{"@type":"PropertyValueSpecification","valueRequired":true,"valueName":"search_term_string"}}],"inLanguage":"es"},{"@type":"Organization","@id":"https:\/\/repliquemangacine.fr\/#organization","name":"R\u00e9plique Manga Cin\u00e9","url":"https:\/\/repliquemangacine.fr\/","logo":{"@type":"ImageObject","inLanguage":"es","@id":"https:\/\/repliquemangacine.fr\/#\/schema\/logo\/image\/","url":"https:\/\/repliquemangacine.fr\/wp-content\/uploads\/2023\/10\/RMC-500250.png","contentUrl":"https:\/\/repliquemangacine.fr\/wp-content\/uploads\/2023\/10\/RMC-500250.png","width":500,"height":250,"caption":"R\u00e9plique Manga Cin\u00e9"},"image":{"@id":"https:\/\/repliquemangacine.fr\/#\/schema\/logo\/image\/"},"sameAs":["https:\/\/www.facebook.com\/RepliqueMangaCine","https:\/\/www.instagram.com\/repliquemangacine.fr\/"]}]}},"_links":{"self":[{"href":"https:\/\/repliquemangacine.fr\/es\/wp-json\/wp\/v2\/product\/63605","targetHints":{"allow":["GET"]}}],"collection":[{"href":"https:\/\/repliquemangacine.fr\/es\/wp-json\/wp\/v2\/product"}],"about":[{"href":"https:\/\/repliquemangacine.fr\/es\/wp-json\/wp\/v2\/types\/product"}],"wp:featuredmedia":[{"embeddable":true,"href":"https:\/\/repliquemangacine.fr\/es\/wp-json\/wp\/v2\/media\/64252"}],"wp:attachment":[{"href":"https:\/\/repliquemangacine.fr\/es\/wp-json\/wp\/v2\/media?parent=63605"}],"wp:term":[{"taxonomy":"product_brand","embeddable":true,"href":"https:\/\/repliquemangacine.fr\/es\/wp-json\/wp\/v2\/product_brand?post=63605"},{"taxonomy":"product_cat","embeddable":true,"href":"https:\/\/repliquemangacine.fr\/es\/wp-json\/wp\/v2\/product_cat?post=63605"},{"taxonomy":"product_tag","embeddable":true,"href":"https:\/\/repliquemangacine.fr\/es\/wp-json\/wp\/v2\/product_tag?post=63605"}],"curies":[{"name":"wp","href":"https:\/\/api.w.org\/{rel}","templated":true}]}}