





{"id":63604,"date":"2022-01-10T18:54:35","date_gmt":"2022-01-10T17:54:35","guid":{"rendered":"https:\/\/repliquemangacine.fr\/?post_type=product&#038;p=63604"},"modified":"2026-04-13T17:17:29","modified_gmt":"2026-04-13T15:17:29","slug":"outfit-240-calamar-juego","status":"publish","type":"product","link":"https:\/\/repliquemangacine.fr\/es\/squid-game-costumes-et-masques\/tenue-240-squid-game\/","title":{"rendered":"240 Calamar Juego de conjunto"},"content":{"rendered":"<h2>Completo 240 Calamar Juego traje traje<\/h2>\n<p>Para empezar, el <strong>240 Calamar Juego de conjunto<\/strong> es un jogging y una sudadera de alta calidad. Lo lleva Ji-yeong.<\/p>\n<p>456 personas, todas con problemas econ\u00f3micos, son invitadas a participar en una misteriosa competici\u00f3n de supervivencia. Participan en una serie de juegos infantiles tradicionales, pero con desenlaces mortales. Los jugadores arriesgan sus vidas para ganar el premio de 45.600 millones de wones (32 millones de euros).<\/p>\n<p>Lo primero es lo primero, <a href=\"https:\/\/squid-game.fandom.com\/fr\/wiki\/Ji-yeong\" target=\"_blank\" rel=\"noopener noreferrer\">Ji-yeong<\/a> vida con sus padres. Su padre es un hombre violento que golpea a su mujer y acaba apu\u00f1al\u00e1ndola hasta la muerte. Ji-yeong descubre el cad\u00e1ver de su madre cuando vuelve del colegio.<\/p>\n<h2>Tu Traje de Juego Calamar 240 al mejor precio.<\/h2>\n<p>Te ofrecemos una amplia selecci\u00f3n de disfraces de la serie de televisi\u00f3n Squid Game.<\/p>\n<p>Lo primero y m\u00e1s importante,<\/p>\n<ul>\n<li>La r\u00e9plica de este <a href=\"https:\/\/repliquemangacine.fr\/es\/juego-del-calamar\/masque-gardiens-carre-squid-game\/\">m\u00e1scara de guardi\u00e1n<\/a> con la figura geom\u00e9trica del cuadrado para identificar a los supervisores.<\/li>\n<li>Tambi\u00e9n est\u00e1 el ch\u00e1ndal del jugador. <a href=\"https:\/\/repliquemangacine.fr\/es\/juego-del-calamar\/survetement-joueur-001-oh-il-nam-squid-game\/\">Oh Il-nam le N\u00b0 001<\/a>.<\/li>\n<li>As\u00ed como el <a href=\"https:\/\/repliquemangacine.fr\/es\/juego-del-calamar\/squid-game-masque-du-chef-a-facettes\/\">m\u00e1scara del Guardi\u00e1n Jefe<\/a> con todas sus facetas.<\/li>\n<li>Y muchos m\u00e1s por descubrir en nuestra tienda en l\u00ednea.<\/li>\n<\/ul>\n<p>Por eso, esta es una idea estupenda para regalar a los fans de la serie Squid Game de Netflix.<\/p>\n<p>En conclusi\u00f3n, puede utilizar el <strong>240 Calamar Juego de conjunto<\/strong> para tus desfiles de cosplay o veladas tem\u00e1ticas. Sobre todo, es una pieza de coleccionista, pero por supuesto puedes llevarla puesta.<\/p>\n<h2>\u00bfC\u00f3mo se hacen los trajes?<\/h2>\n<p>Para empezar, todos nuestros productos derivados son de la m\u00e1xima calidad, fabricados con meticulosa atenci\u00f3n al detalle. Una parte se hace a mano, para reproducir hasta el m\u00e1s m\u00ednimo detalle. Las partes m\u00e1s importantes se mecanizan con m\u00e1quinas muy precisas. Los grabados se hacen generalmente con punta de diamante o l\u00e1ser.<\/p>\n<p>Su <strong>240 Calamar Juego de conjunto<\/strong> se ha confeccionado reproduciendo cada detalle con exactitud. Fabricado en tejido de poli\u00e9ster de alta calidad, c\u00f3modo, suave y delicado con la piel.<br \/>\nEn conclusi\u00f3n, nuestras r\u00e9plicas, importadas de China o Espa\u00f1a, \u00a1le sorprender\u00e1n!<\/p>\n<p>R\u00e9plique Manga Cin\u00e9 es una empresa familiar francesa.<\/p>\n<p>Disfrute de su visita.<\/p>","protected":false},"excerpt":{"rendered":"<p>Sudadera deportiva inspirada en la serie.<\/p>\n<ul>\n<li>Tejido de poli\u00e9ster de alta calidad.<\/li>\n<li>Cintura el\u00e1stica con cord\u00f3n de ajuste.<\/li>\n<li>Chaqueta con el n\u00famero 240 del jugador en la parte delantera y trasera.<\/li>\n<li>Dos bolsillos. Cierre con cremallera<\/li>\n<\/ul>\n<p>Disponible en tres tallas: M - L - XL<\/p>","protected":false},"featured_media":64251,"template":"","meta":[],"product_brand":[896],"product_cat":[24,101,99],"product_tag":[],"class_list":{"0":"post-63604","1":"product","2":"type-product","3":"status-publish","4":"has-post-thumbnail","6":"product_brand-replique-manga-cine","7":"product_cat-films-series-tv-vente-de-katana-epee-et-produits-derives","8":"product_cat-soldes","9":"product_cat-squid-game-costumes-et-masques","11":"first","12":"instock","13":"sale","14":"taxable","15":"shipping-taxable","16":"purchasable","17":"product-type-variable"},"yoast_head":"<!-- This site is optimized with the Yoast SEO plugin v27.5 - https:\/\/yoast.com\/product\/yoast-seo-wordpress\/ -->\n<title>Tenue 240 Squid Game - Boutique en ligne - R\u00e9plique Manga Cin\u00e9<\/title>\n<meta name=\"description\" content=\"D\u00e9couvrez votre d\u00e9guisement de la Tenue 240 Squid Game au meilleur prix. Tissu de polyester de haute qualit\u00e9 - Ensemble Jogging Sweatshirt.\" \/>\n<meta name=\"robots\" content=\"index, follow, max-snippet:-1, max-image-preview:large, max-video-preview:-1\" \/>\n<link rel=\"canonical\" href=\"https:\/\/repliquemangacine.fr\/es\/saldos\/outfit-240-calamar-juego\/\" \/>\n<meta property=\"og:locale\" content=\"es_ES\" \/>\n<meta property=\"og:type\" content=\"article\" \/>\n<meta property=\"og:title\" content=\"Tenue 240 Squid Game - Boutique en ligne - R\u00e9plique Manga Cin\u00e9\" \/>\n<meta property=\"og:description\" content=\"D\u00e9couvrez votre d\u00e9guisement de la Tenue 240 Squid Game au meilleur prix. Tissu de polyester de haute qualit\u00e9 - Ensemble Jogging Sweatshirt.\" \/>\n<meta property=\"og:url\" content=\"https:\/\/repliquemangacine.fr\/es\/saldos\/outfit-240-calamar-juego\/\" \/>\n<meta property=\"og:site_name\" content=\"R\u00e9plique Manga Cin\u00e9\" \/>\n<meta property=\"article:publisher\" content=\"https:\/\/www.facebook.com\/RepliqueMangaCine\" \/>\n<meta property=\"article:modified_time\" content=\"2026-04-13T15:17:29+00:00\" \/>\n<meta property=\"og:image\" content=\"https:\/\/repliquemangacine.fr\/wp-content\/uploads\/2023\/10\/squid-game-240-1.jpg\" \/>\n\t<meta property=\"og:image:width\" content=\"800\" \/>\n\t<meta property=\"og:image:height\" content=\"800\" \/>\n\t<meta property=\"og:image:type\" content=\"image\/jpeg\" \/>\n<meta name=\"twitter:card\" content=\"summary_large_image\" \/>\n<meta name=\"twitter:label1\" content=\"Tiempo de lectura\" \/>\n\t<meta name=\"twitter:data1\" content=\"3 minutos\" \/>\n<script type=\"application\/ld+json\" class=\"yoast-schema-graph\">{\"@context\":\"https:\\\/\\\/schema.org\",\"@graph\":[{\"@type\":\"WebPage\",\"@id\":\"https:\\\/\\\/repliquemangacine.fr\\\/de\\\/ausverkauf\\\/outfit-240-squid-game\\\/\",\"url\":\"https:\\\/\\\/repliquemangacine.fr\\\/de\\\/ausverkauf\\\/outfit-240-squid-game\\\/\",\"name\":\"Tenue 240 Squid Game - Boutique en ligne - R\u00e9plique Manga Cin\u00e9\",\"isPartOf\":{\"@id\":\"https:\\\/\\\/repliquemangacine.fr\\\/#website\"},\"primaryImageOfPage\":{\"@id\":\"https:\\\/\\\/repliquemangacine.fr\\\/de\\\/ausverkauf\\\/outfit-240-squid-game\\\/#primaryimage\"},\"image\":{\"@id\":\"https:\\\/\\\/repliquemangacine.fr\\\/de\\\/ausverkauf\\\/outfit-240-squid-game\\\/#primaryimage\"},\"thumbnailUrl\":\"https:\\\/\\\/repliquemangacine.fr\\\/wp-content\\\/uploads\\\/2023\\\/10\\\/squid-game-240-1.jpg\",\"datePublished\":\"2022-01-10T17:54:35+00:00\",\"dateModified\":\"2026-04-13T15:17:29+00:00\",\"description\":\"D\u00e9couvrez votre d\u00e9guisement de la Tenue 240 Squid Game au meilleur prix. Tissu de polyester de haute qualit\u00e9 - Ensemble Jogging Sweatshirt.\",\"breadcrumb\":{\"@id\":\"https:\\\/\\\/repliquemangacine.fr\\\/de\\\/ausverkauf\\\/outfit-240-squid-game\\\/#breadcrumb\"},\"inLanguage\":\"es\",\"potentialAction\":[{\"@type\":\"ReadAction\",\"target\":[\"https:\\\/\\\/repliquemangacine.fr\\\/de\\\/ausverkauf\\\/outfit-240-squid-game\\\/\"]}]},{\"@type\":\"ImageObject\",\"inLanguage\":\"es\",\"@id\":\"https:\\\/\\\/repliquemangacine.fr\\\/de\\\/ausverkauf\\\/outfit-240-squid-game\\\/#primaryimage\",\"url\":\"https:\\\/\\\/repliquemangacine.fr\\\/wp-content\\\/uploads\\\/2023\\\/10\\\/squid-game-240-1.jpg\",\"contentUrl\":\"https:\\\/\\\/repliquemangacine.fr\\\/wp-content\\\/uploads\\\/2023\\\/10\\\/squid-game-240-1.jpg\",\"width\":800,\"height\":800,\"caption\":\"surv\u00eatement N\u00b0 240 squid game\"},{\"@type\":\"BreadcrumbList\",\"@id\":\"https:\\\/\\\/repliquemangacine.fr\\\/de\\\/ausverkauf\\\/outfit-240-squid-game\\\/#breadcrumb\",\"itemListElement\":[{\"@type\":\"ListItem\",\"position\":1,\"name\":\"Accueil\",\"item\":\"https:\\\/\\\/repliquemangacine.fr\\\/\"},{\"@type\":\"ListItem\",\"position\":2,\"name\":\"Produits\",\"item\":\"https:\\\/\\\/repliquemangacine.fr\\\/boutique\\\/\"},{\"@type\":\"ListItem\",\"position\":3,\"name\":\"Tenue 240 Squid Game\"}]},{\"@type\":\"WebSite\",\"@id\":\"https:\\\/\\\/repliquemangacine.fr\\\/#website\",\"url\":\"https:\\\/\\\/repliquemangacine.fr\\\/\",\"name\":\"R\u00e9plique Manga Cin\u00e9\",\"description\":\"\",\"publisher\":{\"@id\":\"https:\\\/\\\/repliquemangacine.fr\\\/#organization\"},\"potentialAction\":[{\"@type\":\"SearchAction\",\"target\":{\"@type\":\"EntryPoint\",\"urlTemplate\":\"https:\\\/\\\/repliquemangacine.fr\\\/?s={search_term_string}\"},\"query-input\":{\"@type\":\"PropertyValueSpecification\",\"valueRequired\":true,\"valueName\":\"search_term_string\"}}],\"inLanguage\":\"es\"},{\"@type\":\"Organization\",\"@id\":\"https:\\\/\\\/repliquemangacine.fr\\\/#organization\",\"name\":\"R\u00e9plique Manga Cin\u00e9\",\"url\":\"https:\\\/\\\/repliquemangacine.fr\\\/\",\"logo\":{\"@type\":\"ImageObject\",\"inLanguage\":\"es\",\"@id\":\"https:\\\/\\\/repliquemangacine.fr\\\/#\\\/schema\\\/logo\\\/image\\\/\",\"url\":\"https:\\\/\\\/repliquemangacine.fr\\\/wp-content\\\/uploads\\\/2023\\\/10\\\/RMC-500250.png\",\"contentUrl\":\"https:\\\/\\\/repliquemangacine.fr\\\/wp-content\\\/uploads\\\/2023\\\/10\\\/RMC-500250.png\",\"width\":500,\"height\":250,\"caption\":\"R\u00e9plique Manga Cin\u00e9\"},\"image\":{\"@id\":\"https:\\\/\\\/repliquemangacine.fr\\\/#\\\/schema\\\/logo\\\/image\\\/\"},\"sameAs\":[\"https:\\\/\\\/www.facebook.com\\\/RepliqueMangaCine\",\"https:\\\/\\\/www.instagram.com\\\/repliquemangacine.fr\\\/\"]}]}<\/script>\n<!-- \/ Yoast SEO plugin. -->","yoast_head_json":{"title":"Tenue 240 Calamar Juego - Tienda Online - R\u00e9plique Manga Cin\u00e9","description":"Descubre tu Conjunto 240 Squid Game al mejor precio. Tejido de poli\u00e9ster de alta calidad - Sudadera Jogging Set.","robots":{"index":"index","follow":"follow","max-snippet":"max-snippet:-1","max-image-preview":"max-image-preview:large","max-video-preview":"max-video-preview:-1"},"canonical":"https:\/\/repliquemangacine.fr\/es\/saldos\/outfit-240-calamar-juego\/","og_locale":"es_ES","og_type":"article","og_title":"Tenue 240 Squid Game - Boutique en ligne - R\u00e9plique Manga Cin\u00e9","og_description":"D\u00e9couvrez votre d\u00e9guisement de la Tenue 240 Squid Game au meilleur prix. Tissu de polyester de haute qualit\u00e9 - Ensemble Jogging Sweatshirt.","og_url":"https:\/\/repliquemangacine.fr\/es\/saldos\/outfit-240-calamar-juego\/","og_site_name":"R\u00e9plique Manga Cin\u00e9","article_publisher":"https:\/\/www.facebook.com\/RepliqueMangaCine","article_modified_time":"2026-04-13T15:17:29+00:00","og_image":[{"width":800,"height":800,"url":"https:\/\/repliquemangacine.fr\/wp-content\/uploads\/2023\/10\/squid-game-240-1.jpg","type":"image\/jpeg"}],"twitter_card":"summary_large_image","twitter_misc":{"Tiempo de lectura":"3 minutos"},"schema":{"@context":"https:\/\/schema.org","@graph":[{"@type":"WebPage","@id":"https:\/\/repliquemangacine.fr\/de\/ausverkauf\/outfit-240-squid-game\/","url":"https:\/\/repliquemangacine.fr\/de\/ausverkauf\/outfit-240-squid-game\/","name":"Tenue 240 Calamar Juego - Tienda Online - R\u00e9plique Manga Cin\u00e9","isPartOf":{"@id":"https:\/\/repliquemangacine.fr\/#website"},"primaryImageOfPage":{"@id":"https:\/\/repliquemangacine.fr\/de\/ausverkauf\/outfit-240-squid-game\/#primaryimage"},"image":{"@id":"https:\/\/repliquemangacine.fr\/de\/ausverkauf\/outfit-240-squid-game\/#primaryimage"},"thumbnailUrl":"https:\/\/repliquemangacine.fr\/wp-content\/uploads\/2023\/10\/squid-game-240-1.jpg","datePublished":"2022-01-10T17:54:35+00:00","dateModified":"2026-04-13T15:17:29+00:00","description":"Descubre tu Conjunto 240 Squid Game al mejor precio. Tejido de poli\u00e9ster de alta calidad - Sudadera Jogging Set.","breadcrumb":{"@id":"https:\/\/repliquemangacine.fr\/de\/ausverkauf\/outfit-240-squid-game\/#breadcrumb"},"inLanguage":"es","potentialAction":[{"@type":"ReadAction","target":["https:\/\/repliquemangacine.fr\/de\/ausverkauf\/outfit-240-squid-game\/"]}]},{"@type":"ImageObject","inLanguage":"es","@id":"https:\/\/repliquemangacine.fr\/de\/ausverkauf\/outfit-240-squid-game\/#primaryimage","url":"https:\/\/repliquemangacine.fr\/wp-content\/uploads\/2023\/10\/squid-game-240-1.jpg","contentUrl":"https:\/\/repliquemangacine.fr\/wp-content\/uploads\/2023\/10\/squid-game-240-1.jpg","width":800,"height":800,"caption":"surv\u00eatement N\u00b0 240 squid game"},{"@type":"BreadcrumbList","@id":"https:\/\/repliquemangacine.fr\/de\/ausverkauf\/outfit-240-squid-game\/#breadcrumb","itemListElement":[{"@type":"ListItem","position":1,"name":"Accueil","item":"https:\/\/repliquemangacine.fr\/"},{"@type":"ListItem","position":2,"name":"Produits","item":"https:\/\/repliquemangacine.fr\/boutique\/"},{"@type":"ListItem","position":3,"name":"Tenue 240 Squid Game"}]},{"@type":"WebSite","@id":"https:\/\/repliquemangacine.fr\/#website","url":"https:\/\/repliquemangacine.fr\/","name":"R\u00e9plique Manga Cin\u00e9","description":"","publisher":{"@id":"https:\/\/repliquemangacine.fr\/#organization"},"potentialAction":[{"@type":"SearchAction","target":{"@type":"EntryPoint","urlTemplate":"https:\/\/repliquemangacine.fr\/?s={search_term_string}"},"query-input":{"@type":"PropertyValueSpecification","valueRequired":true,"valueName":"search_term_string"}}],"inLanguage":"es"},{"@type":"Organization","@id":"https:\/\/repliquemangacine.fr\/#organization","name":"R\u00e9plique Manga Cin\u00e9","url":"https:\/\/repliquemangacine.fr\/","logo":{"@type":"ImageObject","inLanguage":"es","@id":"https:\/\/repliquemangacine.fr\/#\/schema\/logo\/image\/","url":"https:\/\/repliquemangacine.fr\/wp-content\/uploads\/2023\/10\/RMC-500250.png","contentUrl":"https:\/\/repliquemangacine.fr\/wp-content\/uploads\/2023\/10\/RMC-500250.png","width":500,"height":250,"caption":"R\u00e9plique Manga Cin\u00e9"},"image":{"@id":"https:\/\/repliquemangacine.fr\/#\/schema\/logo\/image\/"},"sameAs":["https:\/\/www.facebook.com\/RepliqueMangaCine","https:\/\/www.instagram.com\/repliquemangacine.fr\/"]}]}},"_links":{"self":[{"href":"https:\/\/repliquemangacine.fr\/es\/wp-json\/wp\/v2\/product\/63604","targetHints":{"allow":["GET"]}}],"collection":[{"href":"https:\/\/repliquemangacine.fr\/es\/wp-json\/wp\/v2\/product"}],"about":[{"href":"https:\/\/repliquemangacine.fr\/es\/wp-json\/wp\/v2\/types\/product"}],"wp:featuredmedia":[{"embeddable":true,"href":"https:\/\/repliquemangacine.fr\/es\/wp-json\/wp\/v2\/media\/64251"}],"wp:attachment":[{"href":"https:\/\/repliquemangacine.fr\/es\/wp-json\/wp\/v2\/media?parent=63604"}],"wp:term":[{"taxonomy":"product_brand","embeddable":true,"href":"https:\/\/repliquemangacine.fr\/es\/wp-json\/wp\/v2\/product_brand?post=63604"},{"taxonomy":"product_cat","embeddable":true,"href":"https:\/\/repliquemangacine.fr\/es\/wp-json\/wp\/v2\/product_cat?post=63604"},{"taxonomy":"product_tag","embeddable":true,"href":"https:\/\/repliquemangacine.fr\/es\/wp-json\/wp\/v2\/product_tag?post=63604"}],"curies":[{"name":"wp","href":"https:\/\/api.w.org\/{rel}","templated":true}]}}