





{"id":63602,"date":"2022-01-10T17:52:10","date_gmt":"2022-01-10T16:52:10","guid":{"rendered":"https:\/\/repliquemangacine.fr\/?post_type=product&#038;p=63602"},"modified":"2025-09-23T18:03:20","modified_gmt":"2025-09-23T16:03:20","slug":"outfit-218-juego-del-calamar","status":"publish","type":"product","link":"https:\/\/repliquemangacine.fr\/es\/squid-game-costumes-et-masques\/tenue-218-squid-game\/","title":{"rendered":"218 Calamar Conjunto de juego"},"content":{"rendered":"<h2>Full 218 Calamar traje de juego de disfraces<\/h2>\n<p>Para empezar, el <strong>218 Calamar Conjunto de juego<\/strong> es un jogging y una sudadera de alta calidad. Llevado por Cho Sang-woo.<\/p>\n<p>456 personas, todas con problemas econ\u00f3micos, son invitadas a participar en un misterioso concurso de supervivencia. Los jugadores arriesgan sus vidas para ganar el premio de 45.600 millones de wones (32 millones de euros).<\/p>\n<p>Cho Sang-woo N\u00b0218 es un personaje principal de la primera temporada de la serie Squid Game. Es un hombre calculador que no tiene reparos en sacrificar a otros, sobre todo para seguir con vida.<\/p>\n<p><a href=\"https:\/\/squid-game.fandom.com\/fr\/wiki\/Cho_Sang-woo\" target=\"_blank\" rel=\"noopener noreferrer\">Cho Sang-woo<\/a> fue a la universidad en Se\u00fal y se convirti\u00f3 en jefe de un equipo de inversiones. Sin embargo, malversa el dinero que pierde meti\u00e9ndolo en inversiones arriesgadas.<\/p>\n<h2>Tu uniforme 218 Squid Game al mejor precio.<\/h2>\n<p>Te ofrecemos una amplia selecci\u00f3n de disfraces de la serie de televisi\u00f3n Squid Game.<\/p>\n<p>Lo primero y m\u00e1s importante,<\/p>\n<ul>\n<li>La r\u00e9plica del<a href=\"https:\/\/repliquemangacine.fr\/es\/juego-del-calamar\/combinaison-rouge-des-soldats-squid-game\/\"> combinaci\u00f3n de soldados<\/a> responsable de supervisar el juego y eliminar a los participantes si cometen el m\u00e1s m\u00ednimo error.<\/li>\n<li>Tambi\u00e9n est\u00e1 el <a href=\"https:\/\/repliquemangacine.fr\/es\/juego-del-calamar\/survetement-joueur-n-240-squid-game\/\">ch\u00e1ndal de jugador n\u00ba 240<\/a> llevado por Ji-yeong<\/li>\n<li>As\u00ed como el <a href=\"https:\/\/repliquemangacine.fr\/es\/juego-del-calamar\/squid-game-masque-du-chef-a-facettes\/\">m\u00e1scara del Guardi\u00e1n Jefe<\/a> con todas sus facetas.<\/li>\n<li>Y muchos m\u00e1s por descubrir en nuestra tienda en l\u00ednea.<\/li>\n<\/ul>\n<p>Por eso, esta es una idea estupenda para regalar a los fans de la serie Squid Game de Netflix.<\/p>\n<p>En conclusi\u00f3n, puede utilizar el <strong>218 Calamar Conjunto de juego<\/strong> para tus desfiles de cosplay o veladas tem\u00e1ticas. Sobre todo, es una pieza de coleccionista, pero por supuesto puedes llevarla puesta.<\/p>\n<h2>\u00bfC\u00f3mo se hacen los trajes?<\/h2>\n<p>Para empezar, todos nuestros productos derivados son de la m\u00e1xima calidad, fabricados con meticulosa atenci\u00f3n al detalle. Una parte se hace a mano, para reproducir hasta el m\u00e1s m\u00ednimo detalle. Las partes m\u00e1s importantes se mecanizan con m\u00e1quinas muy precisas. Los grabados se hacen generalmente con punta de diamante o l\u00e1ser.<\/p>\n<p>Su <strong>218 Calamar Conjunto de juego<\/strong> se ha confeccionado reproduciendo cada detalle con exactitud. Fabricado en tejido de poli\u00e9ster de alta calidad, c\u00f3modo, suave y delicado con la piel.<br \/>\nEn conclusi\u00f3n, nuestras r\u00e9plicas, importadas de China o Espa\u00f1a, \u00a1le sorprender\u00e1n!<\/p>\n<p>R\u00e9plique Manga Cin\u00e9 es una empresa familiar francesa.<\/p>\n<p>Disfrute de su visita.<\/p>","protected":false},"excerpt":{"rendered":"<p>Sudadera y jogging de Squid Game.<\/p>\n<ul>\n<li>Tejido de poli\u00e9ster de alta calidad.<\/li>\n<li>Cintura el\u00e1stica con cord\u00f3n para un ajuste ce\u00f1ido.<\/li>\n<li>Chaqueta con el n\u00famero del jugador en la parte delantera y trasera.<\/li>\n<li>Dos bolsillos. Cierre con cremallera<\/li>\n<li>Tres tallas: M - L - XL<\/li>\n<\/ul>","protected":false},"featured_media":64249,"template":"","meta":[],"product_brand":[896],"product_cat":[24,101,99],"product_tag":[],"class_list":{"0":"post-63602","1":"product","2":"type-product","3":"status-publish","4":"has-post-thumbnail","6":"product_brand-replique-manga-cine","7":"product_cat-films-series-tv-vente-de-katana-epee-et-produits-derives","8":"product_cat-soldes","9":"product_cat-squid-game-costumes-et-masques","11":"first","12":"instock","13":"sale","14":"taxable","15":"shipping-taxable","16":"purchasable","17":"product-type-variable"},"yoast_head":"<!-- This site is optimized with the Yoast SEO plugin v27.4 - https:\/\/yoast.com\/product\/yoast-seo-wordpress\/ -->\n<title>Tenue 218 Squid Game - Boutique en ligne - R\u00e9plique Manga Cin\u00e9<\/title>\n<meta name=\"description\" content=\"Offrez-vous la Tenue 218 Squid Game port\u00e9 par Cho Sang-woo au meilleur prix. Tissu polyester de qualit\u00e9 - Ensemble Jogging Sweatshirt - Fermeture zipp\u00e9e\" \/>\n<meta name=\"robots\" content=\"index, follow, max-snippet:-1, max-image-preview:large, max-video-preview:-1\" \/>\n<link rel=\"canonical\" href=\"https:\/\/repliquemangacine.fr\/es\/saldos\/outfit-218-juego-del-calamar\/\" \/>\n<meta property=\"og:locale\" content=\"es_ES\" \/>\n<meta property=\"og:type\" content=\"article\" \/>\n<meta property=\"og:title\" content=\"Tenue 218 Squid Game - Boutique en ligne - R\u00e9plique Manga Cin\u00e9\" \/>\n<meta property=\"og:description\" content=\"Offrez-vous la Tenue 218 Squid Game port\u00e9 par Cho Sang-woo au meilleur prix. Tissu polyester de qualit\u00e9 - Ensemble Jogging Sweatshirt - Fermeture zipp\u00e9e\" \/>\n<meta property=\"og:url\" content=\"https:\/\/repliquemangacine.fr\/es\/saldos\/outfit-218-juego-del-calamar\/\" \/>\n<meta property=\"og:site_name\" content=\"R\u00e9plique Manga Cin\u00e9\" \/>\n<meta property=\"article:publisher\" content=\"https:\/\/www.facebook.com\/RepliqueMangaCine\" \/>\n<meta property=\"article:modified_time\" content=\"2025-09-23T16:03:20+00:00\" \/>\n<meta property=\"og:image\" content=\"https:\/\/repliquemangacine.fr\/wp-content\/uploads\/2023\/10\/squid-game-218-1.jpg\" \/>\n\t<meta property=\"og:image:width\" content=\"800\" \/>\n\t<meta property=\"og:image:height\" content=\"800\" \/>\n\t<meta property=\"og:image:type\" content=\"image\/jpeg\" \/>\n<meta name=\"twitter:card\" content=\"summary_large_image\" \/>\n<meta name=\"twitter:label1\" content=\"Tiempo de lectura\" \/>\n\t<meta name=\"twitter:data1\" content=\"2 minutos\" \/>\n<script type=\"application\/ld+json\" class=\"yoast-schema-graph\">{\"@context\":\"https:\\\/\\\/schema.org\",\"@graph\":[{\"@type\":\"WebPage\",\"@id\":\"https:\\\/\\\/repliquemangacine.fr\\\/soldes\\\/tenue-218-squid-game\\\/\",\"url\":\"https:\\\/\\\/repliquemangacine.fr\\\/soldes\\\/tenue-218-squid-game\\\/\",\"name\":\"Tenue 218 Squid Game - Boutique en ligne - R\u00e9plique Manga Cin\u00e9\",\"isPartOf\":{\"@id\":\"https:\\\/\\\/repliquemangacine.fr\\\/#website\"},\"primaryImageOfPage\":{\"@id\":\"https:\\\/\\\/repliquemangacine.fr\\\/soldes\\\/tenue-218-squid-game\\\/#primaryimage\"},\"image\":{\"@id\":\"https:\\\/\\\/repliquemangacine.fr\\\/soldes\\\/tenue-218-squid-game\\\/#primaryimage\"},\"thumbnailUrl\":\"https:\\\/\\\/repliquemangacine.fr\\\/wp-content\\\/uploads\\\/2023\\\/10\\\/squid-game-218-1.jpg\",\"datePublished\":\"2022-01-10T16:52:10+00:00\",\"dateModified\":\"2025-09-23T16:03:20+00:00\",\"description\":\"Offrez-vous la Tenue 218 Squid Game port\u00e9 par Cho Sang-woo au meilleur prix. Tissu polyester de qualit\u00e9 - Ensemble Jogging Sweatshirt - Fermeture zipp\u00e9e\",\"breadcrumb\":{\"@id\":\"https:\\\/\\\/repliquemangacine.fr\\\/soldes\\\/tenue-218-squid-game\\\/#breadcrumb\"},\"inLanguage\":\"es\",\"potentialAction\":[{\"@type\":\"ReadAction\",\"target\":[\"https:\\\/\\\/repliquemangacine.fr\\\/soldes\\\/tenue-218-squid-game\\\/\"]}]},{\"@type\":\"ImageObject\",\"inLanguage\":\"es\",\"@id\":\"https:\\\/\\\/repliquemangacine.fr\\\/soldes\\\/tenue-218-squid-game\\\/#primaryimage\",\"url\":\"https:\\\/\\\/repliquemangacine.fr\\\/wp-content\\\/uploads\\\/2023\\\/10\\\/squid-game-218-1.jpg\",\"contentUrl\":\"https:\\\/\\\/repliquemangacine.fr\\\/wp-content\\\/uploads\\\/2023\\\/10\\\/squid-game-218-1.jpg\",\"width\":800,\"height\":800,\"caption\":\"Surv\u00eatement joueur 218 squid game\"},{\"@type\":\"BreadcrumbList\",\"@id\":\"https:\\\/\\\/repliquemangacine.fr\\\/soldes\\\/tenue-218-squid-game\\\/#breadcrumb\",\"itemListElement\":[{\"@type\":\"ListItem\",\"position\":1,\"name\":\"Accueil\",\"item\":\"https:\\\/\\\/repliquemangacine.fr\\\/\"},{\"@type\":\"ListItem\",\"position\":2,\"name\":\"Produits\",\"item\":\"https:\\\/\\\/repliquemangacine.fr\\\/boutique\\\/\"},{\"@type\":\"ListItem\",\"position\":3,\"name\":\"Tenue 218 Squid Game\"}]},{\"@type\":\"WebSite\",\"@id\":\"https:\\\/\\\/repliquemangacine.fr\\\/#website\",\"url\":\"https:\\\/\\\/repliquemangacine.fr\\\/\",\"name\":\"R\u00e9plique Manga Cin\u00e9\",\"description\":\"\",\"publisher\":{\"@id\":\"https:\\\/\\\/repliquemangacine.fr\\\/#organization\"},\"potentialAction\":[{\"@type\":\"SearchAction\",\"target\":{\"@type\":\"EntryPoint\",\"urlTemplate\":\"https:\\\/\\\/repliquemangacine.fr\\\/?s={search_term_string}\"},\"query-input\":{\"@type\":\"PropertyValueSpecification\",\"valueRequired\":true,\"valueName\":\"search_term_string\"}}],\"inLanguage\":\"es\"},{\"@type\":\"Organization\",\"@id\":\"https:\\\/\\\/repliquemangacine.fr\\\/#organization\",\"name\":\"R\u00e9plique Manga Cin\u00e9\",\"url\":\"https:\\\/\\\/repliquemangacine.fr\\\/\",\"logo\":{\"@type\":\"ImageObject\",\"inLanguage\":\"es\",\"@id\":\"https:\\\/\\\/repliquemangacine.fr\\\/#\\\/schema\\\/logo\\\/image\\\/\",\"url\":\"https:\\\/\\\/repliquemangacine.fr\\\/wp-content\\\/uploads\\\/2023\\\/10\\\/RMC-500250.png\",\"contentUrl\":\"https:\\\/\\\/repliquemangacine.fr\\\/wp-content\\\/uploads\\\/2023\\\/10\\\/RMC-500250.png\",\"width\":500,\"height\":250,\"caption\":\"R\u00e9plique Manga Cin\u00e9\"},\"image\":{\"@id\":\"https:\\\/\\\/repliquemangacine.fr\\\/#\\\/schema\\\/logo\\\/image\\\/\"},\"sameAs\":[\"https:\\\/\\\/www.facebook.com\\\/RepliqueMangaCine\",\"https:\\\/\\\/www.instagram.com\\\/repliquemangacine.fr\\\/\"]}]}<\/script>\n<!-- \/ Yoast SEO plugin. -->","yoast_head_json":{"title":"Tenue 218 Calamar Juego - Tienda Online - R\u00e9plique Manga Cin\u00e9","description":"Reg\u00e1late el conjunto 218 de Squid Game que lleva Cho Sang-woo al mejor precio. Tejido de poli\u00e9ster de calidad - Sudadera y jogging - Cierre con cremallera.","robots":{"index":"index","follow":"follow","max-snippet":"max-snippet:-1","max-image-preview":"max-image-preview:large","max-video-preview":"max-video-preview:-1"},"canonical":"https:\/\/repliquemangacine.fr\/es\/saldos\/outfit-218-juego-del-calamar\/","og_locale":"es_ES","og_type":"article","og_title":"Tenue 218 Squid Game - Boutique en ligne - R\u00e9plique Manga Cin\u00e9","og_description":"Offrez-vous la Tenue 218 Squid Game port\u00e9 par Cho Sang-woo au meilleur prix. Tissu polyester de qualit\u00e9 - Ensemble Jogging Sweatshirt - Fermeture zipp\u00e9e","og_url":"https:\/\/repliquemangacine.fr\/es\/saldos\/outfit-218-juego-del-calamar\/","og_site_name":"R\u00e9plique Manga Cin\u00e9","article_publisher":"https:\/\/www.facebook.com\/RepliqueMangaCine","article_modified_time":"2025-09-23T16:03:20+00:00","og_image":[{"width":800,"height":800,"url":"https:\/\/repliquemangacine.fr\/wp-content\/uploads\/2023\/10\/squid-game-218-1.jpg","type":"image\/jpeg"}],"twitter_card":"summary_large_image","twitter_misc":{"Tiempo de lectura":"2 minutos"},"schema":{"@context":"https:\/\/schema.org","@graph":[{"@type":"WebPage","@id":"https:\/\/repliquemangacine.fr\/soldes\/tenue-218-squid-game\/","url":"https:\/\/repliquemangacine.fr\/soldes\/tenue-218-squid-game\/","name":"Tenue 218 Calamar Juego - Tienda Online - R\u00e9plique Manga Cin\u00e9","isPartOf":{"@id":"https:\/\/repliquemangacine.fr\/#website"},"primaryImageOfPage":{"@id":"https:\/\/repliquemangacine.fr\/soldes\/tenue-218-squid-game\/#primaryimage"},"image":{"@id":"https:\/\/repliquemangacine.fr\/soldes\/tenue-218-squid-game\/#primaryimage"},"thumbnailUrl":"https:\/\/repliquemangacine.fr\/wp-content\/uploads\/2023\/10\/squid-game-218-1.jpg","datePublished":"2022-01-10T16:52:10+00:00","dateModified":"2025-09-23T16:03:20+00:00","description":"Reg\u00e1late el conjunto 218 de Squid Game que lleva Cho Sang-woo al mejor precio. Tejido de poli\u00e9ster de calidad - Sudadera y jogging - Cierre con cremallera.","breadcrumb":{"@id":"https:\/\/repliquemangacine.fr\/soldes\/tenue-218-squid-game\/#breadcrumb"},"inLanguage":"es","potentialAction":[{"@type":"ReadAction","target":["https:\/\/repliquemangacine.fr\/soldes\/tenue-218-squid-game\/"]}]},{"@type":"ImageObject","inLanguage":"es","@id":"https:\/\/repliquemangacine.fr\/soldes\/tenue-218-squid-game\/#primaryimage","url":"https:\/\/repliquemangacine.fr\/wp-content\/uploads\/2023\/10\/squid-game-218-1.jpg","contentUrl":"https:\/\/repliquemangacine.fr\/wp-content\/uploads\/2023\/10\/squid-game-218-1.jpg","width":800,"height":800,"caption":"Surv\u00eatement joueur 218 squid game"},{"@type":"BreadcrumbList","@id":"https:\/\/repliquemangacine.fr\/soldes\/tenue-218-squid-game\/#breadcrumb","itemListElement":[{"@type":"ListItem","position":1,"name":"Accueil","item":"https:\/\/repliquemangacine.fr\/"},{"@type":"ListItem","position":2,"name":"Produits","item":"https:\/\/repliquemangacine.fr\/boutique\/"},{"@type":"ListItem","position":3,"name":"Tenue 218 Squid Game"}]},{"@type":"WebSite","@id":"https:\/\/repliquemangacine.fr\/#website","url":"https:\/\/repliquemangacine.fr\/","name":"R\u00e9plique Manga Cin\u00e9","description":"","publisher":{"@id":"https:\/\/repliquemangacine.fr\/#organization"},"potentialAction":[{"@type":"SearchAction","target":{"@type":"EntryPoint","urlTemplate":"https:\/\/repliquemangacine.fr\/?s={search_term_string}"},"query-input":{"@type":"PropertyValueSpecification","valueRequired":true,"valueName":"search_term_string"}}],"inLanguage":"es"},{"@type":"Organization","@id":"https:\/\/repliquemangacine.fr\/#organization","name":"R\u00e9plique Manga Cin\u00e9","url":"https:\/\/repliquemangacine.fr\/","logo":{"@type":"ImageObject","inLanguage":"es","@id":"https:\/\/repliquemangacine.fr\/#\/schema\/logo\/image\/","url":"https:\/\/repliquemangacine.fr\/wp-content\/uploads\/2023\/10\/RMC-500250.png","contentUrl":"https:\/\/repliquemangacine.fr\/wp-content\/uploads\/2023\/10\/RMC-500250.png","width":500,"height":250,"caption":"R\u00e9plique Manga Cin\u00e9"},"image":{"@id":"https:\/\/repliquemangacine.fr\/#\/schema\/logo\/image\/"},"sameAs":["https:\/\/www.facebook.com\/RepliqueMangaCine","https:\/\/www.instagram.com\/repliquemangacine.fr\/"]}]}},"_links":{"self":[{"href":"https:\/\/repliquemangacine.fr\/es\/wp-json\/wp\/v2\/product\/63602","targetHints":{"allow":["GET"]}}],"collection":[{"href":"https:\/\/repliquemangacine.fr\/es\/wp-json\/wp\/v2\/product"}],"about":[{"href":"https:\/\/repliquemangacine.fr\/es\/wp-json\/wp\/v2\/types\/product"}],"wp:featuredmedia":[{"embeddable":true,"href":"https:\/\/repliquemangacine.fr\/es\/wp-json\/wp\/v2\/media\/64249"}],"wp:attachment":[{"href":"https:\/\/repliquemangacine.fr\/es\/wp-json\/wp\/v2\/media?parent=63602"}],"wp:term":[{"taxonomy":"product_brand","embeddable":true,"href":"https:\/\/repliquemangacine.fr\/es\/wp-json\/wp\/v2\/product_brand?post=63602"},{"taxonomy":"product_cat","embeddable":true,"href":"https:\/\/repliquemangacine.fr\/es\/wp-json\/wp\/v2\/product_cat?post=63602"},{"taxonomy":"product_tag","embeddable":true,"href":"https:\/\/repliquemangacine.fr\/es\/wp-json\/wp\/v2\/product_tag?post=63602"}],"curies":[{"name":"wp","href":"https:\/\/api.w.org\/{rel}","templated":true}]}}