





{"id":63595,"date":"2017-02-01T15:55:31","date_gmt":"2017-02-01T14:55:31","guid":{"rendered":"https:\/\/repliquemangacine.fr\/?post_type=product&#038;p=63595"},"modified":"2026-02-24T17:34:56","modified_gmt":"2026-02-24T16:34:56","slug":"anillo-aragorn-anillo-barahir","status":"publish","type":"product","link":"https:\/\/repliquemangacine.fr\/es\/bijoux-anneaux\/bague-aragorn-anneau-barahir\/","title":{"rendered":"Anillo de Aragorn Anillo de Barahir"},"content":{"rendered":"<h2>R\u00e9plica del anillo Barahir de Aragorn en El Se\u00f1or de los Anillos<\/h2>\n<p>\u00a1El Anillo de Aragorn Anillo de Barahir es absolutamente espl\u00e9ndido para una r\u00e9plica a un precio bajo! Este Anillo no es de ninguna manera un Anillo de Poder.<\/p>\n<p>El anillo de Barahir (tambi\u00e9n conocido como anillo de Felagund) es el nombre dado a un anillo fabricado por los \u00d1oldor en Valinor y llevado originalmente por Finrod Felagund. En la Batalla de Dagor Bragollach, <a href=\"https:\/\/lotr.fandom.com\/fr\/wiki\/Anneau_de_Barahir\">Barahir<\/a> cubri\u00f3 la retirada de Barahir, y \u00e9ste le entreg\u00f3 este anillo como muestra de su gratitud. Cuando Barahir fue asesinado en Dorthonion, los orcos le cortaron la mano y el anillo como prueba de su muerte. Sin embargo, Beren, el hijo de Barahir, consigui\u00f3 recuperar la mano y el anillo.<\/p>\n<p>El anillo pas\u00f3 entonces al hijo de Beren, Dior Eluch\u00edl, y luego a Elwing, Elros y los reyes de N\u00famenor. Tar-Elendil se lo dio a su hija mayor Silmari\u00ebn, que no pudo subir al trono y se lo confi\u00f3 a su hijo Valandil, primer se\u00f1or de And\u00fani\u00eb. Permaneci\u00f3 en esta familia hasta Elendil. Tra\u00eddo de vuelta a la Tierra Media por Elendil, se convirti\u00f3 en uno de los tesoros reales del reino de Arnor y de la casa de Isildur.<\/p>\n<p>Guardado en Rivendel, Elrond se lo confi\u00f3 a Aragorn cuando revel\u00f3 su linaje. Aragorn se lo dio a Arwen cuando se casaron.<\/p>\n<h3>Ofrecemos una amplia gama de r\u00e9plicas de espadas y joyas de la trilog\u00eda de El Se\u00f1or de los Anillos.<\/h3>\n<p>Lo primero y m\u00e1s importante,<\/p>\n<ul>\n<li>El magn\u00edfico <a href=\"https:\/\/repliquemangacine.fr\/es\/el-senor-de-los-anillos\/replica-colgante-estrella-de-la-noche-arwen\/\">Colgante Arwen<\/a> la estrella de la tarde.<\/li>\n<li>As\u00ed como el <a href=\"https:\/\/repliquemangacine.fr\/es\/joyas-anillos\/lorien-hoja-collar-broche-senor-de-los-anillos\/\">Hoja de Lorien<\/a>.<\/li>\n<li>Pero tambi\u00e9n todos los <a href=\"https:\/\/repliquemangacine.fr\/es\/espadas-del-senor-de-los-anillos\/\">Espadas de El Se\u00f1or de los Anillos<\/a><\/li>\n<\/ul>\n<p>Es una idea de regalo estupenda para los fans de la trilog\u00eda de El Se\u00f1or de los Anillos.<\/p>\n<h3>Puedes utilizar el Anillo de Aragorn de Barahir para completar tu disfraz en veladas tem\u00e1ticas.<\/h3>\n<p>Ante todo, es una pieza de coleccionista, pero tambi\u00e9n se puede utilizar como joya cotidiana.<\/p>","protected":false},"excerpt":{"rendered":"<p>R\u00e9plica del anillo de Barahir, el anillo de Aragorn.<\/p>\n<ul>\n<li>Esta reproducci\u00f3n magn\u00edficamente detallada.<\/li>\n<li>De aleaci\u00f3n de zinc plateado con un cristal verde (strass) en el centro.<\/li>\n<li>Le sorprender\u00e1 la calidad del acabado de esta r\u00e9plica.<\/li>\n<li>Se entrega en una funda negra de El Se\u00f1or del Anillo.<\/li>\n<\/ul>","protected":false},"featured_media":64034,"template":"","meta":[],"product_brand":[896],"product_cat":[78,24,29],"product_tag":[],"class_list":{"0":"post-63595","1":"product","2":"type-product","3":"status-publish","4":"has-post-thumbnail","6":"product_brand-replique-manga-cine","7":"product_cat-bijoux-anneaux","8":"product_cat-films-series-tv-vente-de-katana-epee-et-produits-derives","9":"product_cat-le-seigneur-des-anneaux","11":"first","12":"instock","13":"taxable","14":"shipping-taxable","15":"purchasable","16":"product-type-variable"},"yoast_head":"<!-- This site is optimized with the Yoast SEO plugin v27.4 - https:\/\/yoast.com\/product\/yoast-seo-wordpress\/ -->\n<title>Bague Aragorn Anneau Barahir - LOTR - R\u00e9plique Manga Cin\u00e9<\/title>\n<meta name=\"description\" content=\"Cette reproduction de la bague Aragorn Anneau Barahir va vous \u00e9tonner ! en alliage de zinc avec une finesse des d\u00e9tails incroyable pour 19.90\u20ac seulement !\" \/>\n<meta name=\"robots\" content=\"index, follow, max-snippet:-1, max-image-preview:large, max-video-preview:-1\" \/>\n<link rel=\"canonical\" href=\"https:\/\/repliquemangacine.fr\/es\/joyas-anillos\/anillo-aragorn-anillo-barahir\/\" \/>\n<meta property=\"og:locale\" content=\"es_ES\" \/>\n<meta property=\"og:type\" content=\"article\" \/>\n<meta property=\"og:title\" content=\"Bague Aragorn Anneau Barahir - LOTR - R\u00e9plique Manga Cin\u00e9\" \/>\n<meta property=\"og:description\" content=\"Cette reproduction de la bague Aragorn Anneau Barahir va vous \u00e9tonner ! en alliage de zinc avec une finesse des d\u00e9tails incroyable pour 19.90\u20ac seulement !\" \/>\n<meta property=\"og:url\" content=\"https:\/\/repliquemangacine.fr\/es\/joyas-anillos\/anillo-aragorn-anillo-barahir\/\" \/>\n<meta property=\"og:site_name\" content=\"R\u00e9plique Manga Cin\u00e9\" \/>\n<meta property=\"article:publisher\" content=\"https:\/\/www.facebook.com\/RepliqueMangaCine\" \/>\n<meta property=\"article:modified_time\" content=\"2026-02-24T16:34:56+00:00\" \/>\n<meta property=\"og:image\" content=\"https:\/\/repliquemangacine.fr\/wp-content\/uploads\/2023\/10\/bague-aragorn-1.jpg\" \/>\n\t<meta property=\"og:image:width\" content=\"500\" \/>\n\t<meta property=\"og:image:height\" content=\"500\" \/>\n\t<meta property=\"og:image:type\" content=\"image\/jpeg\" \/>\n<meta name=\"twitter:card\" content=\"summary_large_image\" \/>\n<meta name=\"twitter:label1\" content=\"Tiempo de lectura\" \/>\n\t<meta name=\"twitter:data1\" content=\"2 minutos\" \/>\n<script type=\"application\/ld+json\" class=\"yoast-schema-graph\">{\"@context\":\"https:\\\/\\\/schema.org\",\"@graph\":[{\"@type\":\"WebPage\",\"@id\":\"https:\\\/\\\/repliquemangacine.fr\\\/bijoux-anneaux\\\/bague-aragorn-anneau-barahir\\\/\",\"url\":\"https:\\\/\\\/repliquemangacine.fr\\\/bijoux-anneaux\\\/bague-aragorn-anneau-barahir\\\/\",\"name\":\"Bague Aragorn Anneau Barahir - LOTR - R\u00e9plique Manga Cin\u00e9\",\"isPartOf\":{\"@id\":\"https:\\\/\\\/repliquemangacine.fr\\\/#website\"},\"primaryImageOfPage\":{\"@id\":\"https:\\\/\\\/repliquemangacine.fr\\\/bijoux-anneaux\\\/bague-aragorn-anneau-barahir\\\/#primaryimage\"},\"image\":{\"@id\":\"https:\\\/\\\/repliquemangacine.fr\\\/bijoux-anneaux\\\/bague-aragorn-anneau-barahir\\\/#primaryimage\"},\"thumbnailUrl\":\"https:\\\/\\\/repliquemangacine.fr\\\/wp-content\\\/uploads\\\/2023\\\/10\\\/bague-aragorn-1.jpg\",\"datePublished\":\"2017-02-01T14:55:31+00:00\",\"dateModified\":\"2026-02-24T16:34:56+00:00\",\"description\":\"Cette reproduction de la bague Aragorn Anneau Barahir va vous \u00e9tonner ! en alliage de zinc avec une finesse des d\u00e9tails incroyable pour 19.90\u20ac seulement !\",\"breadcrumb\":{\"@id\":\"https:\\\/\\\/repliquemangacine.fr\\\/bijoux-anneaux\\\/bague-aragorn-anneau-barahir\\\/#breadcrumb\"},\"inLanguage\":\"es\",\"potentialAction\":[{\"@type\":\"ReadAction\",\"target\":[\"https:\\\/\\\/repliquemangacine.fr\\\/bijoux-anneaux\\\/bague-aragorn-anneau-barahir\\\/\"]}]},{\"@type\":\"ImageObject\",\"inLanguage\":\"es\",\"@id\":\"https:\\\/\\\/repliquemangacine.fr\\\/bijoux-anneaux\\\/bague-aragorn-anneau-barahir\\\/#primaryimage\",\"url\":\"https:\\\/\\\/repliquemangacine.fr\\\/wp-content\\\/uploads\\\/2023\\\/10\\\/bague-aragorn-1.jpg\",\"contentUrl\":\"https:\\\/\\\/repliquemangacine.fr\\\/wp-content\\\/uploads\\\/2023\\\/10\\\/bague-aragorn-1.jpg\",\"width\":500,\"height\":500,\"caption\":\"Bague Aragorn Anneau Barahir\"},{\"@type\":\"BreadcrumbList\",\"@id\":\"https:\\\/\\\/repliquemangacine.fr\\\/bijoux-anneaux\\\/bague-aragorn-anneau-barahir\\\/#breadcrumb\",\"itemListElement\":[{\"@type\":\"ListItem\",\"position\":1,\"name\":\"Accueil\",\"item\":\"https:\\\/\\\/repliquemangacine.fr\\\/\"},{\"@type\":\"ListItem\",\"position\":2,\"name\":\"Produits\",\"item\":\"https:\\\/\\\/repliquemangacine.fr\\\/boutique\\\/\"},{\"@type\":\"ListItem\",\"position\":3,\"name\":\"Bague Aragorn Anneau Barahir\"}]},{\"@type\":\"WebSite\",\"@id\":\"https:\\\/\\\/repliquemangacine.fr\\\/#website\",\"url\":\"https:\\\/\\\/repliquemangacine.fr\\\/\",\"name\":\"R\u00e9plique Manga Cin\u00e9\",\"description\":\"\",\"publisher\":{\"@id\":\"https:\\\/\\\/repliquemangacine.fr\\\/#organization\"},\"potentialAction\":[{\"@type\":\"SearchAction\",\"target\":{\"@type\":\"EntryPoint\",\"urlTemplate\":\"https:\\\/\\\/repliquemangacine.fr\\\/?s={search_term_string}\"},\"query-input\":{\"@type\":\"PropertyValueSpecification\",\"valueRequired\":true,\"valueName\":\"search_term_string\"}}],\"inLanguage\":\"es\"},{\"@type\":\"Organization\",\"@id\":\"https:\\\/\\\/repliquemangacine.fr\\\/#organization\",\"name\":\"R\u00e9plique Manga Cin\u00e9\",\"url\":\"https:\\\/\\\/repliquemangacine.fr\\\/\",\"logo\":{\"@type\":\"ImageObject\",\"inLanguage\":\"es\",\"@id\":\"https:\\\/\\\/repliquemangacine.fr\\\/#\\\/schema\\\/logo\\\/image\\\/\",\"url\":\"https:\\\/\\\/repliquemangacine.fr\\\/wp-content\\\/uploads\\\/2023\\\/10\\\/RMC-500250.png\",\"contentUrl\":\"https:\\\/\\\/repliquemangacine.fr\\\/wp-content\\\/uploads\\\/2023\\\/10\\\/RMC-500250.png\",\"width\":500,\"height\":250,\"caption\":\"R\u00e9plique Manga Cin\u00e9\"},\"image\":{\"@id\":\"https:\\\/\\\/repliquemangacine.fr\\\/#\\\/schema\\\/logo\\\/image\\\/\"},\"sameAs\":[\"https:\\\/\\\/www.facebook.com\\\/RepliqueMangaCine\",\"https:\\\/\\\/www.instagram.com\\\/repliquemangacine.fr\\\/\"]}]}<\/script>\n<!-- \/ Yoast SEO plugin. -->","yoast_head_json":{"title":"Anillo Aragorn Anillo Barahir - LOTR - R\u00e9plique Manga Cin\u00e9","description":"Esta reproducci\u00f3n del anillo Aragorn Anneau Barahir le sorprender\u00e1! Aleaci\u00f3n de zinc con un detalle incre\u00edblemente fino \u00a1por s\u00f3lo 19,90 euros!","robots":{"index":"index","follow":"follow","max-snippet":"max-snippet:-1","max-image-preview":"max-image-preview:large","max-video-preview":"max-video-preview:-1"},"canonical":"https:\/\/repliquemangacine.fr\/es\/joyas-anillos\/anillo-aragorn-anillo-barahir\/","og_locale":"es_ES","og_type":"article","og_title":"Bague Aragorn Anneau Barahir - LOTR - R\u00e9plique Manga Cin\u00e9","og_description":"Cette reproduction de la bague Aragorn Anneau Barahir va vous \u00e9tonner ! en alliage de zinc avec une finesse des d\u00e9tails incroyable pour 19.90\u20ac seulement !","og_url":"https:\/\/repliquemangacine.fr\/es\/joyas-anillos\/anillo-aragorn-anillo-barahir\/","og_site_name":"R\u00e9plique Manga Cin\u00e9","article_publisher":"https:\/\/www.facebook.com\/RepliqueMangaCine","article_modified_time":"2026-02-24T16:34:56+00:00","og_image":[{"width":500,"height":500,"url":"https:\/\/repliquemangacine.fr\/wp-content\/uploads\/2023\/10\/bague-aragorn-1.jpg","type":"image\/jpeg"}],"twitter_card":"summary_large_image","twitter_misc":{"Tiempo de lectura":"2 minutos"},"schema":{"@context":"https:\/\/schema.org","@graph":[{"@type":"WebPage","@id":"https:\/\/repliquemangacine.fr\/bijoux-anneaux\/bague-aragorn-anneau-barahir\/","url":"https:\/\/repliquemangacine.fr\/bijoux-anneaux\/bague-aragorn-anneau-barahir\/","name":"Anillo Aragorn Anillo Barahir - LOTR - R\u00e9plique Manga Cin\u00e9","isPartOf":{"@id":"https:\/\/repliquemangacine.fr\/#website"},"primaryImageOfPage":{"@id":"https:\/\/repliquemangacine.fr\/bijoux-anneaux\/bague-aragorn-anneau-barahir\/#primaryimage"},"image":{"@id":"https:\/\/repliquemangacine.fr\/bijoux-anneaux\/bague-aragorn-anneau-barahir\/#primaryimage"},"thumbnailUrl":"https:\/\/repliquemangacine.fr\/wp-content\/uploads\/2023\/10\/bague-aragorn-1.jpg","datePublished":"2017-02-01T14:55:31+00:00","dateModified":"2026-02-24T16:34:56+00:00","description":"Esta reproducci\u00f3n del anillo Aragorn Anneau Barahir le sorprender\u00e1! Aleaci\u00f3n de zinc con un detalle incre\u00edblemente fino \u00a1por s\u00f3lo 19,90 euros!","breadcrumb":{"@id":"https:\/\/repliquemangacine.fr\/bijoux-anneaux\/bague-aragorn-anneau-barahir\/#breadcrumb"},"inLanguage":"es","potentialAction":[{"@type":"ReadAction","target":["https:\/\/repliquemangacine.fr\/bijoux-anneaux\/bague-aragorn-anneau-barahir\/"]}]},{"@type":"ImageObject","inLanguage":"es","@id":"https:\/\/repliquemangacine.fr\/bijoux-anneaux\/bague-aragorn-anneau-barahir\/#primaryimage","url":"https:\/\/repliquemangacine.fr\/wp-content\/uploads\/2023\/10\/bague-aragorn-1.jpg","contentUrl":"https:\/\/repliquemangacine.fr\/wp-content\/uploads\/2023\/10\/bague-aragorn-1.jpg","width":500,"height":500,"caption":"Bague Aragorn Anneau Barahir"},{"@type":"BreadcrumbList","@id":"https:\/\/repliquemangacine.fr\/bijoux-anneaux\/bague-aragorn-anneau-barahir\/#breadcrumb","itemListElement":[{"@type":"ListItem","position":1,"name":"Accueil","item":"https:\/\/repliquemangacine.fr\/"},{"@type":"ListItem","position":2,"name":"Produits","item":"https:\/\/repliquemangacine.fr\/boutique\/"},{"@type":"ListItem","position":3,"name":"Bague Aragorn Anneau Barahir"}]},{"@type":"WebSite","@id":"https:\/\/repliquemangacine.fr\/#website","url":"https:\/\/repliquemangacine.fr\/","name":"R\u00e9plique Manga Cin\u00e9","description":"","publisher":{"@id":"https:\/\/repliquemangacine.fr\/#organization"},"potentialAction":[{"@type":"SearchAction","target":{"@type":"EntryPoint","urlTemplate":"https:\/\/repliquemangacine.fr\/?s={search_term_string}"},"query-input":{"@type":"PropertyValueSpecification","valueRequired":true,"valueName":"search_term_string"}}],"inLanguage":"es"},{"@type":"Organization","@id":"https:\/\/repliquemangacine.fr\/#organization","name":"R\u00e9plique Manga Cin\u00e9","url":"https:\/\/repliquemangacine.fr\/","logo":{"@type":"ImageObject","inLanguage":"es","@id":"https:\/\/repliquemangacine.fr\/#\/schema\/logo\/image\/","url":"https:\/\/repliquemangacine.fr\/wp-content\/uploads\/2023\/10\/RMC-500250.png","contentUrl":"https:\/\/repliquemangacine.fr\/wp-content\/uploads\/2023\/10\/RMC-500250.png","width":500,"height":250,"caption":"R\u00e9plique Manga Cin\u00e9"},"image":{"@id":"https:\/\/repliquemangacine.fr\/#\/schema\/logo\/image\/"},"sameAs":["https:\/\/www.facebook.com\/RepliqueMangaCine","https:\/\/www.instagram.com\/repliquemangacine.fr\/"]}]}},"_links":{"self":[{"href":"https:\/\/repliquemangacine.fr\/es\/wp-json\/wp\/v2\/product\/63595","targetHints":{"allow":["GET"]}}],"collection":[{"href":"https:\/\/repliquemangacine.fr\/es\/wp-json\/wp\/v2\/product"}],"about":[{"href":"https:\/\/repliquemangacine.fr\/es\/wp-json\/wp\/v2\/types\/product"}],"wp:featuredmedia":[{"embeddable":true,"href":"https:\/\/repliquemangacine.fr\/es\/wp-json\/wp\/v2\/media\/64034"}],"wp:attachment":[{"href":"https:\/\/repliquemangacine.fr\/es\/wp-json\/wp\/v2\/media?parent=63595"}],"wp:term":[{"taxonomy":"product_brand","embeddable":true,"href":"https:\/\/repliquemangacine.fr\/es\/wp-json\/wp\/v2\/product_brand?post=63595"},{"taxonomy":"product_cat","embeddable":true,"href":"https:\/\/repliquemangacine.fr\/es\/wp-json\/wp\/v2\/product_cat?post=63595"},{"taxonomy":"product_tag","embeddable":true,"href":"https:\/\/repliquemangacine.fr\/es\/wp-json\/wp\/v2\/product_tag?post=63595"}],"curies":[{"name":"wp","href":"https:\/\/api.w.org\/{rel}","templated":true}]}}