





{"id":62751,"date":"2023-09-25T19:27:42","date_gmt":"2023-09-25T17:27:42","guid":{"rendered":"https:\/\/repliquemangacine.fr\/?post_type=product&#038;p=62751"},"modified":"2025-11-18T18:26:53","modified_gmt":"2025-11-18T17:26:53","slug":"fredom-espada-jurada-en-impacto-genshin","status":"publish","type":"product","link":"https:\/\/repliquemangacine.fr\/es\/katana-et-epee-de-jeux-video-autre-jeux-video\/epee-fredom-sworn-dans-genshin-impact\/","title":{"rendered":"Fredom-Sworn en Genshin Impact"},"content":{"rendered":"<h2>Fredom-Sworn en Genshin Impact<\/h2>\n<p>Para empezar, el <strong>Fredom-Sworn en Genshin Impact<\/strong>Una espada de cinco estrellas. Se puede obtener de la invocaci\u00f3n Ep\u00edtome siempre que est\u00e9 en el estandarte destacado. Est\u00e1 muy bien considerada como la mejor arma de centavo para <a href=\"https:\/\/genshin-impact.fandom.com\/fr\/wiki\/Kaedehara_Kazuha\/Aptitudes\" target=\"_blank\" rel=\"noopener noreferrer\">Kaedehara Kazuha.<\/a> Pero puede funcionar con otros personajes que dominan los elementos, como Jean y Albedo.<\/p>\n<p>En resumen, Freedom-Sworn es imprescindible si tienes a Kaedehara Kazuha y lideras un equipo que desencadena reacciones de fusi\u00f3n y vaporizaci\u00f3n. Es una opci\u00f3n minoritaria para otros personajes que empu\u00f1an una espada y pueden desencadenar reacciones, como el viajero Anemo, Jean, Albedo, Bennett y Xingqiu.<\/p>\n<h2>Su Fredom-Sworn en Genshin Impact al mejor precio<\/h2>\n<p>Ofrecemos una amplia gama de r\u00e9plicas de las espadas de tu videojuego favorito Genshim Impact.<\/p>\n<p>Lo primero y m\u00e1s importante,<\/p>\n<ul>\n<li>L'<a href=\"https:\/\/repliquemangacine.fr\/es\/katana-y-espada-videojuego-otros-videojuegos\/epee-de-diluc-genshin-impact-wolfs-graveston\/\">Espada Diluc<\/a> en Genshin Impact todo en resina y fibra de vidrio.<\/li>\n<li>Tambi\u00e9n existe la<a href=\"https:\/\/repliquemangacine.fr\/es\/katana-y-espada-videojuego-otros-videojuegos\/espada-rompe-niebla-forjada\/\">espada de filo marron<\/a> reforjada, espada Inazuman de una mano.<\/li>\n<li>Y la espada <a href=\"https:\/\/repliquemangacine.fr\/es\/katana-y-espada-videojuego-otros-videojuegos\/skyward-blade-genshin-impacto\/\">Hoja hacia el cielo<\/a>Impacto Genshin, espada con filo hacia el cielo<\/li>\n<li>Y mucho m\u00e1s por descubrir en nuestra tienda en l\u00ednea.<\/li>\n<\/ul>\n<p>Por eso, aqu\u00ed tienes unas ideas fant\u00e1sticas para regalar a todos los aficionados a los videojuegos.<\/p>\n<p>En conclusi\u00f3n, puedes usar la espada. <strong>Fredom-Sworn en Genshin Impact<\/strong> para tus desfiles de cosplay o fiestas tem\u00e1ticas. Pero, sobre todo, es una pieza de coleccionista y decoraci\u00f3n.<\/p>\n<h2>\u00bfC\u00f3mo mantengo la hoja de mi espada?<\/h2>\n<p>Espadas de colecci\u00f3n y decorativas, fabricadas y ensambladas de forma simplificada. Al ser de uso decorativo, no cuentan con los elementos de seguridad necesarios para una espada japonesa destinada al entrenamiento.<\/p>\n<p>Sin embargo, tu espada <strong>Fredom-Sworn en Genshin Impact<\/strong> a una hoja de acero que hay que mantener para evitar que se da\u00f1e con el tiempo. Cuando muestres tu espada, tus amigos sentir\u00e1n curiosidad por ver la hoja y tocarla. Aqu\u00ed es donde hay que tener cuidado, porque la acidez de los dedos es muy perjudicial para el acero, sea cual sea su calidad.<\/p>\n<p>Sin embargo, si esto ocurre, no se asuste, simplemente utilice un pa\u00f1o humedecido con un poco de aceite y limpie las huellas dactilares. Si haces esto, tu espada durar\u00e1 mucho tiempo.<\/p>","protected":false},"excerpt":{"rendered":"<p>Magn\u00edfica r\u00e9plica de la espada Fredom-Sworn en Genshin Impact<\/p>\n<ul>\n<li>Hoja de acero inoxidable azul<\/li>\n<li>Guarda de metal dorado finamente detallada con piedra turquesa de resina<\/li>\n<li>La parte superior de la hoja presenta una cruz dorada con una piedra.<\/li>\n<li>Pomo de acero dorado con forma especial<\/li>\n<li>Mango negro decorado.<\/li>\n<li>Longitud de la hoja: 75,6 cm - Longitud total: 115 cm<\/li>\n<\/ul>","protected":false},"featured_media":62752,"template":"","meta":[],"product_brand":[896],"product_cat":[119,23,67],"product_tag":[],"class_list":{"0":"post-62751","1":"product","2":"type-product","3":"status-publish","4":"has-post-thumbnail","6":"product_brand-replique-manga-cine","7":"product_cat-genshin-impact","8":"product_cat-repliques-manga-jeux-video","9":"product_cat-katana-et-epee-de-jeux-video-autre-jeux-video","11":"first","12":"instock","13":"taxable","14":"shipping-taxable","15":"purchasable","16":"product-type-simple"},"yoast_head":"<!-- This site is optimized with the Yoast SEO plugin v27.4 - https:\/\/yoast.com\/product\/yoast-seo-wordpress\/ -->\n<title>Fredom-Sworn dans Genshin Impact - R\u00e9plique Manga Cin\u00e9<\/title>\n<meta name=\"description\" content=\"D\u00e9couvrez cette superbe \u00e9p\u00e9e Fredom-Sworn dans Genshin Impact au meilleur prix. Lame en acier bleu. Garde acier dor\u00e9 . Longueur:115 cm. Livraison 24\/48h\" \/>\n<meta name=\"robots\" content=\"index, follow, max-snippet:-1, max-image-preview:large, max-video-preview:-1\" \/>\n<link rel=\"canonical\" href=\"https:\/\/repliquemangacine.fr\/es\/impacto-genshin\/fredom-espada-jurada-en-impacto-genshin\/\" \/>\n<meta property=\"og:locale\" content=\"es_ES\" \/>\n<meta property=\"og:type\" content=\"article\" \/>\n<meta property=\"og:title\" content=\"Fredom-Sworn dans Genshin Impact - R\u00e9plique Manga Cin\u00e9\" \/>\n<meta property=\"og:description\" content=\"D\u00e9couvrez cette superbe \u00e9p\u00e9e Fredom-Sworn dans Genshin Impact au meilleur prix. Lame en acier bleu. Garde acier dor\u00e9 . Longueur:115 cm. Livraison 24\/48h\" \/>\n<meta property=\"og:url\" content=\"https:\/\/repliquemangacine.fr\/es\/impacto-genshin\/fredom-espada-jurada-en-impacto-genshin\/\" \/>\n<meta property=\"og:site_name\" content=\"R\u00e9plique Manga Cin\u00e9\" \/>\n<meta property=\"article:publisher\" content=\"https:\/\/www.facebook.com\/RepliqueMangaCine\" \/>\n<meta property=\"article:modified_time\" content=\"2025-11-18T17:26:53+00:00\" \/>\n<meta property=\"og:image\" content=\"https:\/\/repliquemangacine.fr\/wp-content\/uploads\/2023\/10\/Fredom-Sworn-dans-Genshin-Impact.jpg\" \/>\n\t<meta property=\"og:image:width\" content=\"500\" \/>\n\t<meta property=\"og:image:height\" content=\"500\" \/>\n\t<meta property=\"og:image:type\" content=\"image\/jpeg\" \/>\n<meta name=\"twitter:card\" content=\"summary_large_image\" \/>\n<meta name=\"twitter:label1\" content=\"Tiempo de lectura\" \/>\n\t<meta name=\"twitter:data1\" content=\"3 minutos\" \/>\n<script type=\"application\/ld+json\" class=\"yoast-schema-graph\">{\"@context\":\"https:\\\/\\\/schema.org\",\"@graph\":[{\"@type\":\"WebPage\",\"@id\":\"https:\\\/\\\/repliquemangacine.fr\\\/genshin-impact\\\/epee-fredom-sworn-dans-genshin-impact\\\/\",\"url\":\"https:\\\/\\\/repliquemangacine.fr\\\/genshin-impact\\\/epee-fredom-sworn-dans-genshin-impact\\\/\",\"name\":\"Fredom-Sworn dans Genshin Impact - R\u00e9plique Manga Cin\u00e9\",\"isPartOf\":{\"@id\":\"https:\\\/\\\/repliquemangacine.fr\\\/#website\"},\"primaryImageOfPage\":{\"@id\":\"https:\\\/\\\/repliquemangacine.fr\\\/genshin-impact\\\/epee-fredom-sworn-dans-genshin-impact\\\/#primaryimage\"},\"image\":{\"@id\":\"https:\\\/\\\/repliquemangacine.fr\\\/genshin-impact\\\/epee-fredom-sworn-dans-genshin-impact\\\/#primaryimage\"},\"thumbnailUrl\":\"https:\\\/\\\/repliquemangacine.fr\\\/wp-content\\\/uploads\\\/2023\\\/10\\\/Fredom-Sworn-dans-Genshin-Impact.jpg\",\"datePublished\":\"2023-09-25T17:27:42+00:00\",\"dateModified\":\"2025-11-18T17:26:53+00:00\",\"description\":\"D\u00e9couvrez cette superbe \u00e9p\u00e9e Fredom-Sworn dans Genshin Impact au meilleur prix. Lame en acier bleu. Garde acier dor\u00e9 . Longueur:115 cm. Livraison 24\\\/48h\",\"breadcrumb\":{\"@id\":\"https:\\\/\\\/repliquemangacine.fr\\\/genshin-impact\\\/epee-fredom-sworn-dans-genshin-impact\\\/#breadcrumb\"},\"inLanguage\":\"es\",\"potentialAction\":[{\"@type\":\"ReadAction\",\"target\":[\"https:\\\/\\\/repliquemangacine.fr\\\/genshin-impact\\\/epee-fredom-sworn-dans-genshin-impact\\\/\"]}]},{\"@type\":\"ImageObject\",\"inLanguage\":\"es\",\"@id\":\"https:\\\/\\\/repliquemangacine.fr\\\/genshin-impact\\\/epee-fredom-sworn-dans-genshin-impact\\\/#primaryimage\",\"url\":\"https:\\\/\\\/repliquemangacine.fr\\\/wp-content\\\/uploads\\\/2023\\\/10\\\/Fredom-Sworn-dans-Genshin-Impact.jpg\",\"contentUrl\":\"https:\\\/\\\/repliquemangacine.fr\\\/wp-content\\\/uploads\\\/2023\\\/10\\\/Fredom-Sworn-dans-Genshin-Impact.jpg\",\"width\":500,\"height\":500,\"caption\":\"Fredom-Sworn dans Genshin Impact\"},{\"@type\":\"BreadcrumbList\",\"@id\":\"https:\\\/\\\/repliquemangacine.fr\\\/genshin-impact\\\/epee-fredom-sworn-dans-genshin-impact\\\/#breadcrumb\",\"itemListElement\":[{\"@type\":\"ListItem\",\"position\":1,\"name\":\"Accueil\",\"item\":\"https:\\\/\\\/repliquemangacine.fr\\\/\"},{\"@type\":\"ListItem\",\"position\":2,\"name\":\"Produits\",\"item\":\"https:\\\/\\\/repliquemangacine.fr\\\/boutique\\\/\"},{\"@type\":\"ListItem\",\"position\":3,\"name\":\"Fredom-Sworn dans Genshin Impact\"}]},{\"@type\":\"WebSite\",\"@id\":\"https:\\\/\\\/repliquemangacine.fr\\\/#website\",\"url\":\"https:\\\/\\\/repliquemangacine.fr\\\/\",\"name\":\"R\u00e9plique Manga Cin\u00e9\",\"description\":\"\",\"publisher\":{\"@id\":\"https:\\\/\\\/repliquemangacine.fr\\\/#organization\"},\"potentialAction\":[{\"@type\":\"SearchAction\",\"target\":{\"@type\":\"EntryPoint\",\"urlTemplate\":\"https:\\\/\\\/repliquemangacine.fr\\\/?s={search_term_string}\"},\"query-input\":{\"@type\":\"PropertyValueSpecification\",\"valueRequired\":true,\"valueName\":\"search_term_string\"}}],\"inLanguage\":\"es\"},{\"@type\":\"Organization\",\"@id\":\"https:\\\/\\\/repliquemangacine.fr\\\/#organization\",\"name\":\"R\u00e9plique Manga Cin\u00e9\",\"url\":\"https:\\\/\\\/repliquemangacine.fr\\\/\",\"logo\":{\"@type\":\"ImageObject\",\"inLanguage\":\"es\",\"@id\":\"https:\\\/\\\/repliquemangacine.fr\\\/#\\\/schema\\\/logo\\\/image\\\/\",\"url\":\"https:\\\/\\\/repliquemangacine.fr\\\/wp-content\\\/uploads\\\/2023\\\/10\\\/RMC-500250.png\",\"contentUrl\":\"https:\\\/\\\/repliquemangacine.fr\\\/wp-content\\\/uploads\\\/2023\\\/10\\\/RMC-500250.png\",\"width\":500,\"height\":250,\"caption\":\"R\u00e9plique Manga Cin\u00e9\"},\"image\":{\"@id\":\"https:\\\/\\\/repliquemangacine.fr\\\/#\\\/schema\\\/logo\\\/image\\\/\"},\"sameAs\":[\"https:\\\/\\\/www.facebook.com\\\/RepliqueMangaCine\",\"https:\\\/\\\/www.instagram.com\\\/repliquemangacine.fr\\\/\"]}]}<\/script>\n<!-- \/ Yoast SEO plugin. -->","yoast_head_json":{"title":"Fredom-Esclavitud en Genshin Impacto - R\u00e9plique Manga Cin\u00e9","description":"Descubre esta magn\u00edfica espada Fredom-Sworn en Genshin Impact al mejor precio. Hoja de acero azul. Guarda de acero dorado. Longitud: 115 cm. Entrega 24\/48h","robots":{"index":"index","follow":"follow","max-snippet":"max-snippet:-1","max-image-preview":"max-image-preview:large","max-video-preview":"max-video-preview:-1"},"canonical":"https:\/\/repliquemangacine.fr\/es\/impacto-genshin\/fredom-espada-jurada-en-impacto-genshin\/","og_locale":"es_ES","og_type":"article","og_title":"Fredom-Sworn dans Genshin Impact - R\u00e9plique Manga Cin\u00e9","og_description":"D\u00e9couvrez cette superbe \u00e9p\u00e9e Fredom-Sworn dans Genshin Impact au meilleur prix. Lame en acier bleu. Garde acier dor\u00e9 . Longueur:115 cm. Livraison 24\/48h","og_url":"https:\/\/repliquemangacine.fr\/es\/impacto-genshin\/fredom-espada-jurada-en-impacto-genshin\/","og_site_name":"R\u00e9plique Manga Cin\u00e9","article_publisher":"https:\/\/www.facebook.com\/RepliqueMangaCine","article_modified_time":"2025-11-18T17:26:53+00:00","og_image":[{"width":500,"height":500,"url":"https:\/\/repliquemangacine.fr\/wp-content\/uploads\/2023\/10\/Fredom-Sworn-dans-Genshin-Impact.jpg","type":"image\/jpeg"}],"twitter_card":"summary_large_image","twitter_misc":{"Tiempo de lectura":"3 minutos"},"schema":{"@context":"https:\/\/schema.org","@graph":[{"@type":"WebPage","@id":"https:\/\/repliquemangacine.fr\/genshin-impact\/epee-fredom-sworn-dans-genshin-impact\/","url":"https:\/\/repliquemangacine.fr\/genshin-impact\/epee-fredom-sworn-dans-genshin-impact\/","name":"Fredom-Esclavitud en Genshin Impacto - R\u00e9plique Manga Cin\u00e9","isPartOf":{"@id":"https:\/\/repliquemangacine.fr\/#website"},"primaryImageOfPage":{"@id":"https:\/\/repliquemangacine.fr\/genshin-impact\/epee-fredom-sworn-dans-genshin-impact\/#primaryimage"},"image":{"@id":"https:\/\/repliquemangacine.fr\/genshin-impact\/epee-fredom-sworn-dans-genshin-impact\/#primaryimage"},"thumbnailUrl":"https:\/\/repliquemangacine.fr\/wp-content\/uploads\/2023\/10\/Fredom-Sworn-dans-Genshin-Impact.jpg","datePublished":"2023-09-25T17:27:42+00:00","dateModified":"2025-11-18T17:26:53+00:00","description":"Descubre esta magn\u00edfica espada Fredom-Sworn en Genshin Impact al mejor precio. Hoja de acero azul. Guarda de acero dorado. Longitud: 115 cm. Entrega 24\/48h","breadcrumb":{"@id":"https:\/\/repliquemangacine.fr\/genshin-impact\/epee-fredom-sworn-dans-genshin-impact\/#breadcrumb"},"inLanguage":"es","potentialAction":[{"@type":"ReadAction","target":["https:\/\/repliquemangacine.fr\/genshin-impact\/epee-fredom-sworn-dans-genshin-impact\/"]}]},{"@type":"ImageObject","inLanguage":"es","@id":"https:\/\/repliquemangacine.fr\/genshin-impact\/epee-fredom-sworn-dans-genshin-impact\/#primaryimage","url":"https:\/\/repliquemangacine.fr\/wp-content\/uploads\/2023\/10\/Fredom-Sworn-dans-Genshin-Impact.jpg","contentUrl":"https:\/\/repliquemangacine.fr\/wp-content\/uploads\/2023\/10\/Fredom-Sworn-dans-Genshin-Impact.jpg","width":500,"height":500,"caption":"Fredom-Sworn dans Genshin Impact"},{"@type":"BreadcrumbList","@id":"https:\/\/repliquemangacine.fr\/genshin-impact\/epee-fredom-sworn-dans-genshin-impact\/#breadcrumb","itemListElement":[{"@type":"ListItem","position":1,"name":"Accueil","item":"https:\/\/repliquemangacine.fr\/"},{"@type":"ListItem","position":2,"name":"Produits","item":"https:\/\/repliquemangacine.fr\/boutique\/"},{"@type":"ListItem","position":3,"name":"Fredom-Sworn dans Genshin Impact"}]},{"@type":"WebSite","@id":"https:\/\/repliquemangacine.fr\/#website","url":"https:\/\/repliquemangacine.fr\/","name":"R\u00e9plique Manga Cin\u00e9","description":"","publisher":{"@id":"https:\/\/repliquemangacine.fr\/#organization"},"potentialAction":[{"@type":"SearchAction","target":{"@type":"EntryPoint","urlTemplate":"https:\/\/repliquemangacine.fr\/?s={search_term_string}"},"query-input":{"@type":"PropertyValueSpecification","valueRequired":true,"valueName":"search_term_string"}}],"inLanguage":"es"},{"@type":"Organization","@id":"https:\/\/repliquemangacine.fr\/#organization","name":"R\u00e9plique Manga Cin\u00e9","url":"https:\/\/repliquemangacine.fr\/","logo":{"@type":"ImageObject","inLanguage":"es","@id":"https:\/\/repliquemangacine.fr\/#\/schema\/logo\/image\/","url":"https:\/\/repliquemangacine.fr\/wp-content\/uploads\/2023\/10\/RMC-500250.png","contentUrl":"https:\/\/repliquemangacine.fr\/wp-content\/uploads\/2023\/10\/RMC-500250.png","width":500,"height":250,"caption":"R\u00e9plique Manga Cin\u00e9"},"image":{"@id":"https:\/\/repliquemangacine.fr\/#\/schema\/logo\/image\/"},"sameAs":["https:\/\/www.facebook.com\/RepliqueMangaCine","https:\/\/www.instagram.com\/repliquemangacine.fr\/"]}]}},"_links":{"self":[{"href":"https:\/\/repliquemangacine.fr\/es\/wp-json\/wp\/v2\/product\/62751","targetHints":{"allow":["GET"]}}],"collection":[{"href":"https:\/\/repliquemangacine.fr\/es\/wp-json\/wp\/v2\/product"}],"about":[{"href":"https:\/\/repliquemangacine.fr\/es\/wp-json\/wp\/v2\/types\/product"}],"wp:featuredmedia":[{"embeddable":true,"href":"https:\/\/repliquemangacine.fr\/es\/wp-json\/wp\/v2\/media\/62752"}],"wp:attachment":[{"href":"https:\/\/repliquemangacine.fr\/es\/wp-json\/wp\/v2\/media?parent=62751"}],"wp:term":[{"taxonomy":"product_brand","embeddable":true,"href":"https:\/\/repliquemangacine.fr\/es\/wp-json\/wp\/v2\/product_brand?post=62751"},{"taxonomy":"product_cat","embeddable":true,"href":"https:\/\/repliquemangacine.fr\/es\/wp-json\/wp\/v2\/product_cat?post=62751"},{"taxonomy":"product_tag","embeddable":true,"href":"https:\/\/repliquemangacine.fr\/es\/wp-json\/wp\/v2\/product_tag?post=62751"}],"curies":[{"name":"wp","href":"https:\/\/api.w.org\/{rel}","templated":true}]}}