





{"id":62693,"date":"2023-09-24T13:14:36","date_gmt":"2023-09-24T11:14:36","guid":{"rendered":"https:\/\/repliquemangacine.fr\/?post_type=product&#038;p=62693"},"modified":"2025-12-24T00:08:42","modified_gmt":"2025-12-23T23:08:42","slug":"obanai-iguro-mini-katana","status":"publish","type":"product","link":"https:\/\/repliquemangacine.fr\/es\/tanto-mini-katana-demon-slayer\/mini-katana-obanai-iguro\/","title":{"rendered":"Obanai Iguro Mini-Katana"},"content":{"rendered":"<h2>Minikatana Obanai Iguro - Matademonios<\/h2>\n<p>Para empezar, el <strong>Obanai Iguro Mini-Katana<\/strong> en Demon Slayer es absolutamente extraordinaria, con su hoja en forma de serpiente.<\/p>\n<p><a href=\"https:\/\/kimetsu-no-yaiba.fandom.com\/fr\/wiki\/Obanai_Iguro\" target=\"_blank\" rel=\"noopener noreferrer\">Obanai Iguro<\/a>, personaje secundario importante de Demon Slayer: Kimetsu no Yaiba. Obanai lleva una venda en la boca para ocultar una gran herida. Tambi\u00e9n se le ve siempre con su serpiente blanca, Kaburamaru, enrollada alrededor de los hombros.<\/p>\n<p>Como Pilar de la Serpiente, Obanai utiliza este aliento. Se concentra en girar y flexionar la espada como lo hace una serpiente al moverse. Se parece al Aliento del Amor de Mitsuri, pero su espada se asemeja mucho m\u00e1s a una espada t\u00edpica con una hoja con forma de serpiente que se arrastra.<\/p>\n<h2>Tu Obanai Iguro Mini-Katana al mejor precio<\/h2>\n<p>Tenemos todas las frases de tus personajes favoritos en este manga anime de Demon Slayer.<\/p>\n<p>Lo primero y m\u00e1s importante,<\/p>\n<ul>\n<li>el <a href=\"https:\/\/repliquemangacine.fr\/es\/katana-cazademonios\/katana-mitsuri-kanroji-cazademonios\/\">Katana Mitsuri<\/a> su amante, con su guarda en forma de coraz\u00f3n.<\/li>\n<li>As\u00ed como el <a href=\"https:\/\/repliquemangacine.fr\/es\/katana-cazademonios\/juego-de-15-piezas-de-cazademonios\/\">Juego de 15 piezas Demon Slayer<\/a> para ampliar su colecci\u00f3n.<\/li>\n<li>Tambi\u00e9n est\u00e1n todos los <a href=\"https:\/\/repliquemangacine.fr\/es\/katana-de-madera-demon-slayer\/\">katanas de madera<\/a> para los m\u00e1s peque\u00f1os.<\/li>\n<li>Y muchos m\u00e1s por descubrir en nuestra tienda en l\u00ednea.<\/li>\n<\/ul>\n<p>Por eso, aqu\u00ed tienes unas ideas estupendas para regalar a los fans de Kimetsu no Yaiba o Demon Slayer.<\/p>\n<p>En conclusi\u00f3n, tambi\u00e9n puede utilizar este <strong>Obanai Iguro Mini-Katana<\/strong> para tus desfiles de cosplay o veladas tem\u00e1ticas. Por encima de todo, esta espada es tambi\u00e9n una pieza de coleccionista y una pieza decorativa.<\/p>\n<h2>\u00bfC\u00f3mo mantengo la hoja de mi Mini-Katana Demon Slayer?<\/h2>\n<p>Las katanas de colecci\u00f3n y decorativas se fabrican y ensamblan de forma simplificada. Al ser de uso decorativo, no cuentan con los elementos de seguridad necesarios para una espada japonesa destinada al entrenamiento.<\/p>\n<p>Sin embargo, su <strong>Obanai Iguro Mini-Katana<\/strong> una hoja de acero que hay que cuidar para evitar que se da\u00f1e con el tiempo. De hecho, vas a exponer tu katana, tus amigos sentir\u00e1n curiosidad por ver la hoja y tocarla. Ah\u00ed es donde hay que tener cuidado, hay que saber que la acidez de los dedos es muy perjudicial para el acero, independientemente de su calidad.<\/p>\n<p>Si esto ocurre, no se preocupe, solo tiene que humedecer un pa\u00f1o con un poco de aceite y limpiar las huellas dactilares. De esta forma, conservar\u00e1 su espada durante mucho tiempo.<\/p>","protected":false},"excerpt":{"rendered":"<p>Magn\u00edfica r\u00e9plica de la katana de Obanai Iguro en la versi\u00f3n tanto de Demon Slayer.<\/p>\n<ul>\n<li>Hoja de acero con Kanjis.<\/li>\n<li>Mango de algod\u00f3n multicolor.<\/li>\n<li>Empu\u00f1adura de acero decorada con una serpiente.<\/li>\n<li>Se suministra con funda de cuero de imitaci\u00f3n<\/li>\n<li>Longitud de la hoja: 29 cm - Longitud total: 45 cm - Peso: 248 g<\/li>\n<\/ul>","protected":false},"featured_media":62694,"template":"","meta":[],"product_brand":[896],"product_cat":[63,23,118],"product_tag":[],"class_list":{"0":"post-62693","1":"product","2":"type-product","3":"status-publish","4":"has-post-thumbnail","6":"product_brand-replique-manga-cine","7":"product_cat-katana-demon-slayer","8":"product_cat-repliques-manga-jeux-video","9":"product_cat-tanto-mini-katana-demon-slayer","11":"first","12":"instock","13":"taxable","14":"shipping-taxable","15":"purchasable","16":"product-type-simple"},"yoast_head":"<!-- This site is optimized with the Yoast SEO plugin v27.4 - https:\/\/yoast.com\/product\/yoast-seo-wordpress\/ -->\n<title>Mini-Katana Obanai Iguro - R\u00e9plique Manga Cin\u00e9<\/title>\n<meta name=\"description\" content=\"D\u00e9couvrez ce superbe Mini-Katana Obanai Iguro dans Demon Slayer au meilleur prix. Lame de 29 cm en acier en forme de serpent. Fourreau. L. 45 cm\" \/>\n<meta name=\"robots\" content=\"index, follow, max-snippet:-1, max-image-preview:large, max-video-preview:-1\" \/>\n<link rel=\"canonical\" href=\"https:\/\/repliquemangacine.fr\/es\/tanto-mini-katana-demon-slayer\/obanai-iguro-mini-katana\/\" \/>\n<meta property=\"og:locale\" content=\"es_ES\" \/>\n<meta property=\"og:type\" content=\"article\" \/>\n<meta property=\"og:title\" content=\"Mini-Katana Obanai Iguro - R\u00e9plique Manga Cin\u00e9\" \/>\n<meta property=\"og:description\" content=\"D\u00e9couvrez ce superbe Mini-Katana Obanai Iguro dans Demon Slayer au meilleur prix. Lame de 29 cm en acier en forme de serpent. Fourreau. L. 45 cm\" \/>\n<meta property=\"og:url\" content=\"https:\/\/repliquemangacine.fr\/es\/tanto-mini-katana-demon-slayer\/obanai-iguro-mini-katana\/\" \/>\n<meta property=\"og:site_name\" content=\"R\u00e9plique Manga Cin\u00e9\" \/>\n<meta property=\"article:publisher\" content=\"https:\/\/www.facebook.com\/RepliqueMangaCine\" \/>\n<meta property=\"article:modified_time\" content=\"2025-12-23T23:08:42+00:00\" \/>\n<meta property=\"og:image\" content=\"https:\/\/repliquemangacine.fr\/wp-content\/uploads\/2023\/10\/mini-katana-Obanai-Iguro.jpg\" \/>\n\t<meta property=\"og:image:width\" content=\"500\" \/>\n\t<meta property=\"og:image:height\" content=\"500\" \/>\n\t<meta property=\"og:image:type\" content=\"image\/jpeg\" \/>\n<meta name=\"twitter:card\" content=\"summary_large_image\" \/>\n<meta name=\"twitter:label1\" content=\"Tiempo de lectura\" \/>\n\t<meta name=\"twitter:data1\" content=\"3 minutos\" \/>\n<script type=\"application\/ld+json\" class=\"yoast-schema-graph\">{\"@context\":\"https:\\\/\\\/schema.org\",\"@graph\":[{\"@type\":\"WebPage\",\"@id\":\"https:\\\/\\\/repliquemangacine.fr\\\/tanto-mini-katana-demon-slayer\\\/mini-katana-obanai-iguro\\\/\",\"url\":\"https:\\\/\\\/repliquemangacine.fr\\\/tanto-mini-katana-demon-slayer\\\/mini-katana-obanai-iguro\\\/\",\"name\":\"Mini-Katana Obanai Iguro - R\u00e9plique Manga Cin\u00e9\",\"isPartOf\":{\"@id\":\"https:\\\/\\\/repliquemangacine.fr\\\/#website\"},\"primaryImageOfPage\":{\"@id\":\"https:\\\/\\\/repliquemangacine.fr\\\/tanto-mini-katana-demon-slayer\\\/mini-katana-obanai-iguro\\\/#primaryimage\"},\"image\":{\"@id\":\"https:\\\/\\\/repliquemangacine.fr\\\/tanto-mini-katana-demon-slayer\\\/mini-katana-obanai-iguro\\\/#primaryimage\"},\"thumbnailUrl\":\"https:\\\/\\\/repliquemangacine.fr\\\/wp-content\\\/uploads\\\/2023\\\/10\\\/mini-katana-Obanai-Iguro.jpg\",\"datePublished\":\"2023-09-24T11:14:36+00:00\",\"dateModified\":\"2025-12-23T23:08:42+00:00\",\"description\":\"D\u00e9couvrez ce superbe Mini-Katana Obanai Iguro dans Demon Slayer au meilleur prix. Lame de 29 cm en acier en forme de serpent. Fourreau. L. 45 cm\",\"breadcrumb\":{\"@id\":\"https:\\\/\\\/repliquemangacine.fr\\\/tanto-mini-katana-demon-slayer\\\/mini-katana-obanai-iguro\\\/#breadcrumb\"},\"inLanguage\":\"es\",\"potentialAction\":[{\"@type\":\"ReadAction\",\"target\":[\"https:\\\/\\\/repliquemangacine.fr\\\/tanto-mini-katana-demon-slayer\\\/mini-katana-obanai-iguro\\\/\"]}]},{\"@type\":\"ImageObject\",\"inLanguage\":\"es\",\"@id\":\"https:\\\/\\\/repliquemangacine.fr\\\/tanto-mini-katana-demon-slayer\\\/mini-katana-obanai-iguro\\\/#primaryimage\",\"url\":\"https:\\\/\\\/repliquemangacine.fr\\\/wp-content\\\/uploads\\\/2023\\\/10\\\/mini-katana-Obanai-Iguro.jpg\",\"contentUrl\":\"https:\\\/\\\/repliquemangacine.fr\\\/wp-content\\\/uploads\\\/2023\\\/10\\\/mini-katana-Obanai-Iguro.jpg\",\"width\":500,\"height\":500,\"caption\":\"mini-katana-Obanai-Iguro\"},{\"@type\":\"BreadcrumbList\",\"@id\":\"https:\\\/\\\/repliquemangacine.fr\\\/tanto-mini-katana-demon-slayer\\\/mini-katana-obanai-iguro\\\/#breadcrumb\",\"itemListElement\":[{\"@type\":\"ListItem\",\"position\":1,\"name\":\"Accueil\",\"item\":\"https:\\\/\\\/repliquemangacine.fr\\\/\"},{\"@type\":\"ListItem\",\"position\":2,\"name\":\"Produits\",\"item\":\"https:\\\/\\\/repliquemangacine.fr\\\/boutique\\\/\"},{\"@type\":\"ListItem\",\"position\":3,\"name\":\"Mini-Katana Obanai Iguro\"}]},{\"@type\":\"WebSite\",\"@id\":\"https:\\\/\\\/repliquemangacine.fr\\\/#website\",\"url\":\"https:\\\/\\\/repliquemangacine.fr\\\/\",\"name\":\"R\u00e9plique Manga Cin\u00e9\",\"description\":\"\",\"publisher\":{\"@id\":\"https:\\\/\\\/repliquemangacine.fr\\\/#organization\"},\"potentialAction\":[{\"@type\":\"SearchAction\",\"target\":{\"@type\":\"EntryPoint\",\"urlTemplate\":\"https:\\\/\\\/repliquemangacine.fr\\\/?s={search_term_string}\"},\"query-input\":{\"@type\":\"PropertyValueSpecification\",\"valueRequired\":true,\"valueName\":\"search_term_string\"}}],\"inLanguage\":\"es\"},{\"@type\":\"Organization\",\"@id\":\"https:\\\/\\\/repliquemangacine.fr\\\/#organization\",\"name\":\"R\u00e9plique Manga Cin\u00e9\",\"url\":\"https:\\\/\\\/repliquemangacine.fr\\\/\",\"logo\":{\"@type\":\"ImageObject\",\"inLanguage\":\"es\",\"@id\":\"https:\\\/\\\/repliquemangacine.fr\\\/#\\\/schema\\\/logo\\\/image\\\/\",\"url\":\"https:\\\/\\\/repliquemangacine.fr\\\/wp-content\\\/uploads\\\/2023\\\/10\\\/RMC-500250.png\",\"contentUrl\":\"https:\\\/\\\/repliquemangacine.fr\\\/wp-content\\\/uploads\\\/2023\\\/10\\\/RMC-500250.png\",\"width\":500,\"height\":250,\"caption\":\"R\u00e9plique Manga Cin\u00e9\"},\"image\":{\"@id\":\"https:\\\/\\\/repliquemangacine.fr\\\/#\\\/schema\\\/logo\\\/image\\\/\"},\"sameAs\":[\"https:\\\/\\\/www.facebook.com\\\/RepliqueMangaCine\",\"https:\\\/\\\/www.instagram.com\\\/repliquemangacine.fr\\\/\"]}]}<\/script>\n<!-- \/ Yoast SEO plugin. -->","yoast_head_json":{"title":"Obanai Iguro Mini-Katana - R\u00e9plique Manga Cin\u00e9","description":"Descubra esta magn\u00edfica Obanai Iguro Mini-Katana en Demon Slayer al mejor precio. Hoja de acero de 29 cm en forma de serpiente. Vaina. L. 45 cm","robots":{"index":"index","follow":"follow","max-snippet":"max-snippet:-1","max-image-preview":"max-image-preview:large","max-video-preview":"max-video-preview:-1"},"canonical":"https:\/\/repliquemangacine.fr\/es\/tanto-mini-katana-demon-slayer\/obanai-iguro-mini-katana\/","og_locale":"es_ES","og_type":"article","og_title":"Mini-Katana Obanai Iguro - R\u00e9plique Manga Cin\u00e9","og_description":"D\u00e9couvrez ce superbe Mini-Katana Obanai Iguro dans Demon Slayer au meilleur prix. Lame de 29 cm en acier en forme de serpent. Fourreau. L. 45 cm","og_url":"https:\/\/repliquemangacine.fr\/es\/tanto-mini-katana-demon-slayer\/obanai-iguro-mini-katana\/","og_site_name":"R\u00e9plique Manga Cin\u00e9","article_publisher":"https:\/\/www.facebook.com\/RepliqueMangaCine","article_modified_time":"2025-12-23T23:08:42+00:00","og_image":[{"width":500,"height":500,"url":"https:\/\/repliquemangacine.fr\/wp-content\/uploads\/2023\/10\/mini-katana-Obanai-Iguro.jpg","type":"image\/jpeg"}],"twitter_card":"summary_large_image","twitter_misc":{"Tiempo de lectura":"3 minutos"},"schema":{"@context":"https:\/\/schema.org","@graph":[{"@type":"WebPage","@id":"https:\/\/repliquemangacine.fr\/tanto-mini-katana-demon-slayer\/mini-katana-obanai-iguro\/","url":"https:\/\/repliquemangacine.fr\/tanto-mini-katana-demon-slayer\/mini-katana-obanai-iguro\/","name":"Obanai Iguro Mini-Katana - R\u00e9plique Manga Cin\u00e9","isPartOf":{"@id":"https:\/\/repliquemangacine.fr\/#website"},"primaryImageOfPage":{"@id":"https:\/\/repliquemangacine.fr\/tanto-mini-katana-demon-slayer\/mini-katana-obanai-iguro\/#primaryimage"},"image":{"@id":"https:\/\/repliquemangacine.fr\/tanto-mini-katana-demon-slayer\/mini-katana-obanai-iguro\/#primaryimage"},"thumbnailUrl":"https:\/\/repliquemangacine.fr\/wp-content\/uploads\/2023\/10\/mini-katana-Obanai-Iguro.jpg","datePublished":"2023-09-24T11:14:36+00:00","dateModified":"2025-12-23T23:08:42+00:00","description":"Descubra esta magn\u00edfica Obanai Iguro Mini-Katana en Demon Slayer al mejor precio. Hoja de acero de 29 cm en forma de serpiente. Vaina. L. 45 cm","breadcrumb":{"@id":"https:\/\/repliquemangacine.fr\/tanto-mini-katana-demon-slayer\/mini-katana-obanai-iguro\/#breadcrumb"},"inLanguage":"es","potentialAction":[{"@type":"ReadAction","target":["https:\/\/repliquemangacine.fr\/tanto-mini-katana-demon-slayer\/mini-katana-obanai-iguro\/"]}]},{"@type":"ImageObject","inLanguage":"es","@id":"https:\/\/repliquemangacine.fr\/tanto-mini-katana-demon-slayer\/mini-katana-obanai-iguro\/#primaryimage","url":"https:\/\/repliquemangacine.fr\/wp-content\/uploads\/2023\/10\/mini-katana-Obanai-Iguro.jpg","contentUrl":"https:\/\/repliquemangacine.fr\/wp-content\/uploads\/2023\/10\/mini-katana-Obanai-Iguro.jpg","width":500,"height":500,"caption":"mini-katana-Obanai-Iguro"},{"@type":"BreadcrumbList","@id":"https:\/\/repliquemangacine.fr\/tanto-mini-katana-demon-slayer\/mini-katana-obanai-iguro\/#breadcrumb","itemListElement":[{"@type":"ListItem","position":1,"name":"Accueil","item":"https:\/\/repliquemangacine.fr\/"},{"@type":"ListItem","position":2,"name":"Produits","item":"https:\/\/repliquemangacine.fr\/boutique\/"},{"@type":"ListItem","position":3,"name":"Mini-Katana Obanai Iguro"}]},{"@type":"WebSite","@id":"https:\/\/repliquemangacine.fr\/#website","url":"https:\/\/repliquemangacine.fr\/","name":"R\u00e9plique Manga Cin\u00e9","description":"","publisher":{"@id":"https:\/\/repliquemangacine.fr\/#organization"},"potentialAction":[{"@type":"SearchAction","target":{"@type":"EntryPoint","urlTemplate":"https:\/\/repliquemangacine.fr\/?s={search_term_string}"},"query-input":{"@type":"PropertyValueSpecification","valueRequired":true,"valueName":"search_term_string"}}],"inLanguage":"es"},{"@type":"Organization","@id":"https:\/\/repliquemangacine.fr\/#organization","name":"R\u00e9plique Manga Cin\u00e9","url":"https:\/\/repliquemangacine.fr\/","logo":{"@type":"ImageObject","inLanguage":"es","@id":"https:\/\/repliquemangacine.fr\/#\/schema\/logo\/image\/","url":"https:\/\/repliquemangacine.fr\/wp-content\/uploads\/2023\/10\/RMC-500250.png","contentUrl":"https:\/\/repliquemangacine.fr\/wp-content\/uploads\/2023\/10\/RMC-500250.png","width":500,"height":250,"caption":"R\u00e9plique Manga Cin\u00e9"},"image":{"@id":"https:\/\/repliquemangacine.fr\/#\/schema\/logo\/image\/"},"sameAs":["https:\/\/www.facebook.com\/RepliqueMangaCine","https:\/\/www.instagram.com\/repliquemangacine.fr\/"]}]}},"_links":{"self":[{"href":"https:\/\/repliquemangacine.fr\/es\/wp-json\/wp\/v2\/product\/62693","targetHints":{"allow":["GET"]}}],"collection":[{"href":"https:\/\/repliquemangacine.fr\/es\/wp-json\/wp\/v2\/product"}],"about":[{"href":"https:\/\/repliquemangacine.fr\/es\/wp-json\/wp\/v2\/types\/product"}],"wp:featuredmedia":[{"embeddable":true,"href":"https:\/\/repliquemangacine.fr\/es\/wp-json\/wp\/v2\/media\/62694"}],"wp:attachment":[{"href":"https:\/\/repliquemangacine.fr\/es\/wp-json\/wp\/v2\/media?parent=62693"}],"wp:term":[{"taxonomy":"product_brand","embeddable":true,"href":"https:\/\/repliquemangacine.fr\/es\/wp-json\/wp\/v2\/product_brand?post=62693"},{"taxonomy":"product_cat","embeddable":true,"href":"https:\/\/repliquemangacine.fr\/es\/wp-json\/wp\/v2\/product_cat?post=62693"},{"taxonomy":"product_tag","embeddable":true,"href":"https:\/\/repliquemangacine.fr\/es\/wp-json\/wp\/v2\/product_tag?post=62693"}],"curies":[{"name":"wp","href":"https:\/\/api.w.org\/{rel}","templated":true}]}}