





{"id":62677,"date":"2023-09-24T11:34:25","date_gmt":"2023-09-24T09:34:25","guid":{"rendered":"https:\/\/repliquemangacine.fr\/?post_type=product&#038;p=62677"},"modified":"2026-04-05T15:49:26","modified_gmt":"2026-04-05T13:49:26","slug":"tanto-nichirin-tanjiro-cazador-de-demonios","status":"publish","type":"product","link":"https:\/\/repliquemangacine.fr\/es\/tanto-mini-katana-demon-slayer\/tanto-nichirin-tanjiro-demon-slayer\/","title":{"rendered":"Tanto Nichirin Tanjiro - Cazador de demonios"},"content":{"rendered":"<h2>Tanto Nichirin Tanjiro - Cazador de demonios<\/h2>\n<p>Para empezar, el <strong>Tanto Nichirin Tanjiro<\/strong> destaca por su acabado. Inspirada en la espada, esta mini katana cumple todas sus promesas.<\/p>\n<p>Como todos los Demon Slayer, Tanjiro posee una espada Nichirin est\u00e1ndar. Las espadas Nichirin pueden transformarse en pr\u00e1cticamente cualquier color, dependiendo del usuario y su estilo de respiraci\u00f3n.<\/p>\n<p>Sin embargo, hay un color que no es accesible, que es el rojo brillante. Este color fue descubierto por primera vez por Yoriichi Tsugikuni, quien se convirti\u00f3 en un asesino de demonios gracias a su respiraci\u00f3n solar.<\/p>\n<p>La principal y \u00fanica habilidad especial de las espadas rojas es obstaculizar o incluso anular las capacidades de regeneraci\u00f3n y curaci\u00f3n de los demonios. Se supone que imita el efecto del sol sobre ellos. Por eso se llama espada del sol.<\/p>\n<h2>Tu Tanto Nichirin Tanjiro al mejor precio<\/h2>\n<p>Tenemos todas las frases de tus personajes favoritos en este manga anime de Demon Slayer.<\/p>\n<p>Lo primero y m\u00e1s importante,<\/p>\n<ul>\n<li>el <a href=\"https:\/\/repliquemangacine.fr\/es\/katana-cazademonios\/kokushibo-katana-mata-demonios\/\">Katana Kyokokukamusari<\/a> utilizado por Kokushibo y su hoja magn\u00edficamente decorada.<\/li>\n<li>As\u00ed como el <a href=\"https:\/\/repliquemangacine.fr\/es\/katana-cazademonios\/katana-de-inosuke-hashibira-cazademonios\/\">katana Inosuke Hashibira<\/a> con su hoja dentada.<\/li>\n<li>Y muchos m\u00e1s por descubrir en nuestra tienda en l\u00ednea.<\/li>\n<\/ul>\n<p>Por eso hemos pensado en algunas ideas para regalar a los fans de <a href=\"https:\/\/kimetsu-no-yaiba.fandom.com\/fr\/wiki\/Wiki_Kimetsu_no_Yaiba\" target=\"_blank\" rel=\"noopener noreferrer\">Kimetsu no Yaiba<\/a> o Demon Slayer.<\/p>\n<p>En conclusi\u00f3n, tambi\u00e9n puede utilizar este <strong>Tanto Nichirin Tanjiro<\/strong> para tus desfiles de cosplay o veladas tem\u00e1ticas. Pero, sobre todo, es tambi\u00e9n una pieza de coleccionista y una gran decoraci\u00f3n.<\/p>\n<h2>\u00bfC\u00f3mo se mantiene la hoja de la minikatana?<\/h2>\n<p>Las katanas de colecci\u00f3n y decorativas se fabrican y ensamblan de forma simplificada. Al ser de uso decorativo, no cuentan con los elementos de seguridad necesarios para una espada japonesa destinada al entrenamiento.<\/p>\n<p>Sin embargo, su <strong>Tanto Nichirin Tanjiro<\/strong> una hoja de acero que hay que cuidar para evitar que se deteriore con el tiempo. De hecho, vas a exponer tu katana, tus amigos sentir\u00e1n curiosidad por ver la hoja y tocarla. Ah\u00ed es donde hay que tener cuidado, hay que destacar que la acidez de los dedos es muy perjudicial para el acero, independientemente de su calidad.<\/p>\n<p>Si esto ocurre, no se preocupe, solo tiene que humedecer un pa\u00f1o con un poco de aceite y limpiar las huellas dactilares. De esta forma, conservar\u00e1 su mini katana durante mucho tiempo.<\/p>","protected":false},"excerpt":{"rendered":"<p>El magn\u00edfico Nichirin Tanto de Tanjiro, inspirado en su espada.<\/p>\n<ul>\n<li>Hoja de acero bicolor con serigraf\u00eda.<\/li>\n<li>Vaina lacada en negro.<\/li>\n<li>Protecci\u00f3n espec\u00edfica de acero<\/li>\n<li>Mango recubierto de trenza de algod\u00f3n negro.<\/li>\n<li>Se suministra con un soporte de exposici\u00f3n de ABS.<\/li>\n<li>Longitud de la hoja: 28 cm - Longitud total: 43 cm - Peso 242g<\/li>\n<\/ul>","protected":false},"featured_media":62678,"template":"","meta":[],"product_brand":[896],"product_cat":[63,23,118],"product_tag":[],"class_list":{"0":"post-62677","1":"product","2":"type-product","3":"status-publish","4":"has-post-thumbnail","6":"product_brand-replique-manga-cine","7":"product_cat-katana-demon-slayer","8":"product_cat-repliques-manga-jeux-video","9":"product_cat-tanto-mini-katana-demon-slayer","11":"first","12":"outofstock","13":"taxable","14":"shipping-taxable","15":"purchasable","16":"product-type-simple"},"yoast_head":"<!-- This site is optimized with the Yoast SEO plugin v27.4 - https:\/\/yoast.com\/product\/yoast-seo-wordpress\/ -->\n<title>Tanto Nichirin Tanjiro - Demon Slayer Mini-katana - R\u00e9plique Manga Cin\u00e9<\/title>\n<meta name=\"description\" content=\"D\u00e9couvrez ce superbe Tanto Nichirin de Tanjiro dans Demon Slayer au meilleur prix. Lame de 28 cm en acier. Fourreau laqu\u00e9 noir. Support \u00e0 poser. 43 cm\" \/>\n<meta name=\"robots\" content=\"index, follow, max-snippet:-1, max-image-preview:large, max-video-preview:-1\" \/>\n<link rel=\"canonical\" href=\"https:\/\/repliquemangacine.fr\/es\/tanto-mini-katana-demon-slayer\/tanto-nichirin-tanjiro-cazador-de-demonios\/\" \/>\n<meta property=\"og:locale\" content=\"es_ES\" \/>\n<meta property=\"og:type\" content=\"article\" \/>\n<meta property=\"og:title\" content=\"Tanto Nichirin Tanjiro - Demon Slayer Mini-katana - R\u00e9plique Manga Cin\u00e9\" \/>\n<meta property=\"og:description\" content=\"D\u00e9couvrez ce superbe Tanto Nichirin de Tanjiro dans Demon Slayer au meilleur prix. Lame de 28 cm en acier. Fourreau laqu\u00e9 noir. Support \u00e0 poser. 43 cm\" \/>\n<meta property=\"og:url\" content=\"https:\/\/repliquemangacine.fr\/es\/tanto-mini-katana-demon-slayer\/tanto-nichirin-tanjiro-cazador-de-demonios\/\" \/>\n<meta property=\"og:site_name\" content=\"R\u00e9plique Manga Cin\u00e9\" \/>\n<meta property=\"article:publisher\" content=\"https:\/\/www.facebook.com\/RepliqueMangaCine\" \/>\n<meta property=\"article:modified_time\" content=\"2026-04-05T13:49:26+00:00\" \/>\n<meta property=\"og:image\" content=\"https:\/\/repliquemangacine.fr\/wp-content\/uploads\/2023\/10\/tanto-nichirin-tanjiro.jpg\" \/>\n\t<meta property=\"og:image:width\" content=\"500\" \/>\n\t<meta property=\"og:image:height\" content=\"500\" \/>\n\t<meta property=\"og:image:type\" content=\"image\/jpeg\" \/>\n<meta name=\"twitter:card\" content=\"summary_large_image\" \/>\n<meta name=\"twitter:label1\" content=\"Tiempo de lectura\" \/>\n\t<meta name=\"twitter:data1\" content=\"3 minutos\" \/>\n<script type=\"application\/ld+json\" class=\"yoast-schema-graph\">{\"@context\":\"https:\\\/\\\/schema.org\",\"@graph\":[{\"@type\":\"WebPage\",\"@id\":\"https:\\\/\\\/repliquemangacine.fr\\\/tanto-mini-katana-demon-slayer\\\/tanto-nichirin-tanjiro-demon-slayer\\\/\",\"url\":\"https:\\\/\\\/repliquemangacine.fr\\\/tanto-mini-katana-demon-slayer\\\/tanto-nichirin-tanjiro-demon-slayer\\\/\",\"name\":\"Tanto Nichirin Tanjiro - Demon Slayer Mini-katana - R\u00e9plique Manga Cin\u00e9\",\"isPartOf\":{\"@id\":\"https:\\\/\\\/repliquemangacine.fr\\\/#website\"},\"primaryImageOfPage\":{\"@id\":\"https:\\\/\\\/repliquemangacine.fr\\\/tanto-mini-katana-demon-slayer\\\/tanto-nichirin-tanjiro-demon-slayer\\\/#primaryimage\"},\"image\":{\"@id\":\"https:\\\/\\\/repliquemangacine.fr\\\/tanto-mini-katana-demon-slayer\\\/tanto-nichirin-tanjiro-demon-slayer\\\/#primaryimage\"},\"thumbnailUrl\":\"https:\\\/\\\/repliquemangacine.fr\\\/wp-content\\\/uploads\\\/2023\\\/10\\\/tanto-nichirin-tanjiro.jpg\",\"datePublished\":\"2023-09-24T09:34:25+00:00\",\"dateModified\":\"2026-04-05T13:49:26+00:00\",\"description\":\"D\u00e9couvrez ce superbe Tanto Nichirin de Tanjiro dans Demon Slayer au meilleur prix. Lame de 28 cm en acier. Fourreau laqu\u00e9 noir. Support \u00e0 poser. 43 cm\",\"breadcrumb\":{\"@id\":\"https:\\\/\\\/repliquemangacine.fr\\\/tanto-mini-katana-demon-slayer\\\/tanto-nichirin-tanjiro-demon-slayer\\\/#breadcrumb\"},\"inLanguage\":\"es\",\"potentialAction\":[{\"@type\":\"ReadAction\",\"target\":[\"https:\\\/\\\/repliquemangacine.fr\\\/tanto-mini-katana-demon-slayer\\\/tanto-nichirin-tanjiro-demon-slayer\\\/\"]}]},{\"@type\":\"ImageObject\",\"inLanguage\":\"es\",\"@id\":\"https:\\\/\\\/repliquemangacine.fr\\\/tanto-mini-katana-demon-slayer\\\/tanto-nichirin-tanjiro-demon-slayer\\\/#primaryimage\",\"url\":\"https:\\\/\\\/repliquemangacine.fr\\\/wp-content\\\/uploads\\\/2023\\\/10\\\/tanto-nichirin-tanjiro.jpg\",\"contentUrl\":\"https:\\\/\\\/repliquemangacine.fr\\\/wp-content\\\/uploads\\\/2023\\\/10\\\/tanto-nichirin-tanjiro.jpg\",\"width\":500,\"height\":500,\"caption\":\"Tanto Nichirin Tanjiro\"},{\"@type\":\"BreadcrumbList\",\"@id\":\"https:\\\/\\\/repliquemangacine.fr\\\/tanto-mini-katana-demon-slayer\\\/tanto-nichirin-tanjiro-demon-slayer\\\/#breadcrumb\",\"itemListElement\":[{\"@type\":\"ListItem\",\"position\":1,\"name\":\"Accueil\",\"item\":\"https:\\\/\\\/repliquemangacine.fr\\\/\"},{\"@type\":\"ListItem\",\"position\":2,\"name\":\"Produits\",\"item\":\"https:\\\/\\\/repliquemangacine.fr\\\/boutique\\\/\"},{\"@type\":\"ListItem\",\"position\":3,\"name\":\"Tanto Nichirin Tanjiro &#8211; Demon Slayer\"}]},{\"@type\":\"WebSite\",\"@id\":\"https:\\\/\\\/repliquemangacine.fr\\\/#website\",\"url\":\"https:\\\/\\\/repliquemangacine.fr\\\/\",\"name\":\"R\u00e9plique Manga Cin\u00e9\",\"description\":\"\",\"publisher\":{\"@id\":\"https:\\\/\\\/repliquemangacine.fr\\\/#organization\"},\"potentialAction\":[{\"@type\":\"SearchAction\",\"target\":{\"@type\":\"EntryPoint\",\"urlTemplate\":\"https:\\\/\\\/repliquemangacine.fr\\\/?s={search_term_string}\"},\"query-input\":{\"@type\":\"PropertyValueSpecification\",\"valueRequired\":true,\"valueName\":\"search_term_string\"}}],\"inLanguage\":\"es\"},{\"@type\":\"Organization\",\"@id\":\"https:\\\/\\\/repliquemangacine.fr\\\/#organization\",\"name\":\"R\u00e9plique Manga Cin\u00e9\",\"url\":\"https:\\\/\\\/repliquemangacine.fr\\\/\",\"logo\":{\"@type\":\"ImageObject\",\"inLanguage\":\"es\",\"@id\":\"https:\\\/\\\/repliquemangacine.fr\\\/#\\\/schema\\\/logo\\\/image\\\/\",\"url\":\"https:\\\/\\\/repliquemangacine.fr\\\/wp-content\\\/uploads\\\/2023\\\/10\\\/RMC-500250.png\",\"contentUrl\":\"https:\\\/\\\/repliquemangacine.fr\\\/wp-content\\\/uploads\\\/2023\\\/10\\\/RMC-500250.png\",\"width\":500,\"height\":250,\"caption\":\"R\u00e9plique Manga Cin\u00e9\"},\"image\":{\"@id\":\"https:\\\/\\\/repliquemangacine.fr\\\/#\\\/schema\\\/logo\\\/image\\\/\"},\"sameAs\":[\"https:\\\/\\\/www.facebook.com\\\/RepliqueMangaCine\",\"https:\\\/\\\/www.instagram.com\\\/repliquemangacine.fr\\\/\"]}]}<\/script>\n<!-- \/ Yoast SEO plugin. -->","yoast_head_json":{"title":"Tanto Nichirin Tanjiro - Matademonios Mini-katana - R\u00e9plique Manga Cin\u00e9","description":"Descubre este magn\u00edfico Tanto Nichirin de Tanjiro en Demon Slayer al mejor precio. Hoja de acero de 28 cm. Vaina lacada en negro. Soporte. 43 cm de largo","robots":{"index":"index","follow":"follow","max-snippet":"max-snippet:-1","max-image-preview":"max-image-preview:large","max-video-preview":"max-video-preview:-1"},"canonical":"https:\/\/repliquemangacine.fr\/es\/tanto-mini-katana-demon-slayer\/tanto-nichirin-tanjiro-cazador-de-demonios\/","og_locale":"es_ES","og_type":"article","og_title":"Tanto Nichirin Tanjiro - Demon Slayer Mini-katana - R\u00e9plique Manga Cin\u00e9","og_description":"D\u00e9couvrez ce superbe Tanto Nichirin de Tanjiro dans Demon Slayer au meilleur prix. Lame de 28 cm en acier. Fourreau laqu\u00e9 noir. Support \u00e0 poser. 43 cm","og_url":"https:\/\/repliquemangacine.fr\/es\/tanto-mini-katana-demon-slayer\/tanto-nichirin-tanjiro-cazador-de-demonios\/","og_site_name":"R\u00e9plique Manga Cin\u00e9","article_publisher":"https:\/\/www.facebook.com\/RepliqueMangaCine","article_modified_time":"2026-04-05T13:49:26+00:00","og_image":[{"width":500,"height":500,"url":"https:\/\/repliquemangacine.fr\/wp-content\/uploads\/2023\/10\/tanto-nichirin-tanjiro.jpg","type":"image\/jpeg"}],"twitter_card":"summary_large_image","twitter_misc":{"Tiempo de lectura":"3 minutos"},"schema":{"@context":"https:\/\/schema.org","@graph":[{"@type":"WebPage","@id":"https:\/\/repliquemangacine.fr\/tanto-mini-katana-demon-slayer\/tanto-nichirin-tanjiro-demon-slayer\/","url":"https:\/\/repliquemangacine.fr\/tanto-mini-katana-demon-slayer\/tanto-nichirin-tanjiro-demon-slayer\/","name":"Tanto Nichirin Tanjiro - Matademonios Mini-katana - R\u00e9plique Manga Cin\u00e9","isPartOf":{"@id":"https:\/\/repliquemangacine.fr\/#website"},"primaryImageOfPage":{"@id":"https:\/\/repliquemangacine.fr\/tanto-mini-katana-demon-slayer\/tanto-nichirin-tanjiro-demon-slayer\/#primaryimage"},"image":{"@id":"https:\/\/repliquemangacine.fr\/tanto-mini-katana-demon-slayer\/tanto-nichirin-tanjiro-demon-slayer\/#primaryimage"},"thumbnailUrl":"https:\/\/repliquemangacine.fr\/wp-content\/uploads\/2023\/10\/tanto-nichirin-tanjiro.jpg","datePublished":"2023-09-24T09:34:25+00:00","dateModified":"2026-04-05T13:49:26+00:00","description":"Descubre este magn\u00edfico Tanto Nichirin de Tanjiro en Demon Slayer al mejor precio. Hoja de acero de 28 cm. Vaina lacada en negro. Soporte. 43 cm de largo","breadcrumb":{"@id":"https:\/\/repliquemangacine.fr\/tanto-mini-katana-demon-slayer\/tanto-nichirin-tanjiro-demon-slayer\/#breadcrumb"},"inLanguage":"es","potentialAction":[{"@type":"ReadAction","target":["https:\/\/repliquemangacine.fr\/tanto-mini-katana-demon-slayer\/tanto-nichirin-tanjiro-demon-slayer\/"]}]},{"@type":"ImageObject","inLanguage":"es","@id":"https:\/\/repliquemangacine.fr\/tanto-mini-katana-demon-slayer\/tanto-nichirin-tanjiro-demon-slayer\/#primaryimage","url":"https:\/\/repliquemangacine.fr\/wp-content\/uploads\/2023\/10\/tanto-nichirin-tanjiro.jpg","contentUrl":"https:\/\/repliquemangacine.fr\/wp-content\/uploads\/2023\/10\/tanto-nichirin-tanjiro.jpg","width":500,"height":500,"caption":"Tanto Nichirin Tanjiro"},{"@type":"BreadcrumbList","@id":"https:\/\/repliquemangacine.fr\/tanto-mini-katana-demon-slayer\/tanto-nichirin-tanjiro-demon-slayer\/#breadcrumb","itemListElement":[{"@type":"ListItem","position":1,"name":"Accueil","item":"https:\/\/repliquemangacine.fr\/"},{"@type":"ListItem","position":2,"name":"Produits","item":"https:\/\/repliquemangacine.fr\/boutique\/"},{"@type":"ListItem","position":3,"name":"Tanto Nichirin Tanjiro &#8211; Demon Slayer"}]},{"@type":"WebSite","@id":"https:\/\/repliquemangacine.fr\/#website","url":"https:\/\/repliquemangacine.fr\/","name":"R\u00e9plique Manga Cin\u00e9","description":"","publisher":{"@id":"https:\/\/repliquemangacine.fr\/#organization"},"potentialAction":[{"@type":"SearchAction","target":{"@type":"EntryPoint","urlTemplate":"https:\/\/repliquemangacine.fr\/?s={search_term_string}"},"query-input":{"@type":"PropertyValueSpecification","valueRequired":true,"valueName":"search_term_string"}}],"inLanguage":"es"},{"@type":"Organization","@id":"https:\/\/repliquemangacine.fr\/#organization","name":"R\u00e9plique Manga Cin\u00e9","url":"https:\/\/repliquemangacine.fr\/","logo":{"@type":"ImageObject","inLanguage":"es","@id":"https:\/\/repliquemangacine.fr\/#\/schema\/logo\/image\/","url":"https:\/\/repliquemangacine.fr\/wp-content\/uploads\/2023\/10\/RMC-500250.png","contentUrl":"https:\/\/repliquemangacine.fr\/wp-content\/uploads\/2023\/10\/RMC-500250.png","width":500,"height":250,"caption":"R\u00e9plique Manga Cin\u00e9"},"image":{"@id":"https:\/\/repliquemangacine.fr\/#\/schema\/logo\/image\/"},"sameAs":["https:\/\/www.facebook.com\/RepliqueMangaCine","https:\/\/www.instagram.com\/repliquemangacine.fr\/"]}]}},"_links":{"self":[{"href":"https:\/\/repliquemangacine.fr\/es\/wp-json\/wp\/v2\/product\/62677","targetHints":{"allow":["GET"]}}],"collection":[{"href":"https:\/\/repliquemangacine.fr\/es\/wp-json\/wp\/v2\/product"}],"about":[{"href":"https:\/\/repliquemangacine.fr\/es\/wp-json\/wp\/v2\/types\/product"}],"wp:featuredmedia":[{"embeddable":true,"href":"https:\/\/repliquemangacine.fr\/es\/wp-json\/wp\/v2\/media\/62678"}],"wp:attachment":[{"href":"https:\/\/repliquemangacine.fr\/es\/wp-json\/wp\/v2\/media?parent=62677"}],"wp:term":[{"taxonomy":"product_brand","embeddable":true,"href":"https:\/\/repliquemangacine.fr\/es\/wp-json\/wp\/v2\/product_brand?post=62677"},{"taxonomy":"product_cat","embeddable":true,"href":"https:\/\/repliquemangacine.fr\/es\/wp-json\/wp\/v2\/product_cat?post=62677"},{"taxonomy":"product_tag","embeddable":true,"href":"https:\/\/repliquemangacine.fr\/es\/wp-json\/wp\/v2\/product_tag?post=62677"}],"curies":[{"name":"wp","href":"https:\/\/api.w.org\/{rel}","templated":true}]}}