





{"id":62665,"date":"2023-09-23T19:28:09","date_gmt":"2023-09-23T17:28:09","guid":{"rendered":"https:\/\/repliquemangacine.fr\/?post_type=product&#038;p=62665"},"modified":"2025-12-20T12:29:29","modified_gmt":"2025-12-20T11:29:29","slug":"tanto-por-muichiro-tokito-cazador-de-demonios","status":"publish","type":"product","link":"https:\/\/repliquemangacine.fr\/es\/tanto-mini-katana-demon-slayer\/tanto-de-muichiro-tokito-demon-slayer\/","title":{"rendered":"Tanto de Muichir\u014d Tokit\u014d - Cazador de demonios."},"content":{"rendered":"<h2>Tanto de Muichir\u014d Tokit\u014d en Cazademonios.<\/h2>\n<p>Para empezar, el<strong> Tanto de Muichir\u014d Tokit\u014d<\/strong> en Demon Slayer, es una mini katana. Una espada del sol.<\/p>\n<p><a href=\"https:\/\/kimetsu-no-yaiba.fandom.com\/fr\/wiki\/Muichiro_Tokito\" target=\"_blank\" rel=\"noopener noreferrer\">Muichiro Tokito<\/a> Cazador de demonios y Pilar de la Niebla del Ej\u00e9rcito de Cazadores de Demonios. Conocido por haber dominado completamente este aliento. Se ha vuelto tan h\u00e1bil en su uso que podr\u00eda luchar f\u00e1cilmente contra la Quinta Luna Superior de las Doce Lunas Demon\u00edacas y vencerla.<\/p>\n<p>Muichiro aprendi\u00f3 a realizar la respiraci\u00f3n de concentraci\u00f3n total en todo momento, al igual que todos los Pilares, aumentando a\u00fan m\u00e1s su fuerza b\u00e1sica, su velocidad y su resistencia. Existen seis movimientos de la Respiraci\u00f3n de la Niebla. Pero, en realidad, existe un s\u00e9ptimo movimiento que es una t\u00e9cnica original creada por Muichiro Tokito.<\/p>\n<p>Utilizado principalmente por los samur\u00e1is, el tanto es un cuchillo japon\u00e9s ligeramente curvado con un solo filo y una longitud inferior a 30 cm.<\/p>\n<h2>Tu Muichir\u014d Tokit\u014d Tanto en Demon Slayer al mejor precio.<\/h2>\n<p>Tenemos todas las frases de tus personajes favoritos en este manga anime de Demon Slayer.<\/p>\n<p>Lo primero y m\u00e1s importante,<\/p>\n<ul>\n<li>Le <a href=\"https:\/\/repliquemangacine.fr\/es\/katana-cazademonios\/katana-giyu-tomioka-cazadora-de-demonios-azul\/\">katana de Giyu Tomioka<\/a> con su serigraf\u00eda en la hoja.<\/li>\n<li>As\u00ed como el <a href=\"https:\/\/repliquemangacine.fr\/es\/katana-cazademonios\/kanao-demon-slayer-katana\/\">Katana de Kanao Tsuyuri<\/a> con la hoja serigrafiada con s\u00edmbolos japoneses.<\/li>\n<li>Tambi\u00e9n hay katanas de madera para los m\u00e1s peque\u00f1os.<\/li>\n<li>Y muchos m\u00e1s por descubrir en nuestra tienda en l\u00ednea.<\/li>\n<\/ul>\n<p>Por eso, aqu\u00ed tienes unas ideas estupendas para regalar a los fans de Kimetsu no Yaiba o Demon Slayer.<\/p>\n<p>En conclusi\u00f3n, tambi\u00e9n puede utilizar este <strong>Tanto de Muichir\u014d Tokit\u014d<\/strong> en Demon Slayer para tus desfiles de cosplay o fiestas tem\u00e1ticas. Pero, sobre todo, la minikatana es tambi\u00e9n una pieza de coleccionista y un objeto decorativo.<\/p>\n<h2>\u00bfC\u00f3mo se mantiene la hoja de la minikatana?<\/h2>\n<p>Las katanas de colecci\u00f3n y decorativas se fabrican y ensamblan de forma simplificada. Al ser de uso decorativo, no cuentan con los elementos de seguridad necesarios para una espada japonesa destinada al entrenamiento.<\/p>\n<p>Sin embargo, su <strong>Tanto de Muichir\u014d Tokit\u014d<\/strong> En Demon Slayer, una hoja de acero debe cuidarse para evitar que se da\u00f1e con el tiempo. De hecho, cuando expongas tu katana, tus amigos sentir\u00e1n curiosidad por ver la hoja y tocarla. Ah\u00ed es donde hay que tener cuidado. Cabe destacar que la acidez de los dedos es muy perjudicial para el acero, independientemente de su calidad.<\/p>\n<p>Si esto ocurre, no se preocupe, solo tiene que humedecer un pa\u00f1o con un poco de aceite y limpiar las huellas dactilares. De esta forma, conservar\u00e1 su mini katana durante mucho tiempo.<\/p>","protected":false},"excerpt":{"rendered":"<p>Soberbio Tanto de Muichir\u014d Tokit\u014d en Cazademonios.<\/p>\n<ul>\n<li>Hoja de acero inoxidable.<\/li>\n<li>Protector met\u00e1lico con forma especial<\/li>\n<li>Mango recubierto de trenza de algod\u00f3n negro<\/li>\n<li>Se suministra con soporte de ABS<\/li>\n<li>Longitud de la hoja: 28 cm - Longitud total: 43 cm - Peso: 230g<\/li>\n<\/ul>","protected":false},"featured_media":62666,"template":"","meta":[],"product_brand":[896],"product_cat":[63,23,118],"product_tag":[],"class_list":{"0":"post-62665","1":"product","2":"type-product","3":"status-publish","4":"has-post-thumbnail","6":"product_brand-replique-manga-cine","7":"product_cat-katana-demon-slayer","8":"product_cat-repliques-manga-jeux-video","9":"product_cat-tanto-mini-katana-demon-slayer","11":"first","12":"instock","13":"taxable","14":"shipping-taxable","15":"purchasable","16":"product-type-simple"},"yoast_head":"<!-- This site is optimized with the Yoast SEO plugin v27.5 - https:\/\/yoast.com\/product\/yoast-seo-wordpress\/ -->\n<title>Tanto de Muichir\u014d Tokit\u014d - Demon Slayer Mini katana - R\u00e9plique Manga Cin\u00e9<\/title>\n<meta name=\"description\" content=\"D\u00e9couvrez ce superbe Tanto de Muichir\u014d Tokit\u014d dans Demon Slayer au meilleur prix. Lame en acier de 28 cm - Fourreau. Livr\u00e9 avec son support en ABS - 43 cm\" \/>\n<meta name=\"robots\" content=\"index, follow, max-snippet:-1, max-image-preview:large, max-video-preview:-1\" \/>\n<link rel=\"canonical\" href=\"https:\/\/repliquemangacine.fr\/es\/tanto-mini-katana-demon-slayer\/tanto-por-muichiro-tokito-cazador-de-demonios\/\" \/>\n<meta property=\"og:locale\" content=\"es_ES\" \/>\n<meta property=\"og:type\" content=\"article\" \/>\n<meta property=\"og:title\" content=\"Tanto de Muichir\u014d Tokit\u014d - Demon Slayer Mini katana - R\u00e9plique Manga Cin\u00e9\" \/>\n<meta property=\"og:description\" content=\"D\u00e9couvrez ce superbe Tanto de Muichir\u014d Tokit\u014d dans Demon Slayer au meilleur prix. Lame en acier de 28 cm - Fourreau. Livr\u00e9 avec son support en ABS - 43 cm\" \/>\n<meta property=\"og:url\" content=\"https:\/\/repliquemangacine.fr\/es\/tanto-mini-katana-demon-slayer\/tanto-por-muichiro-tokito-cazador-de-demonios\/\" \/>\n<meta property=\"og:site_name\" content=\"R\u00e9plique Manga Cin\u00e9\" \/>\n<meta property=\"article:publisher\" content=\"https:\/\/www.facebook.com\/RepliqueMangaCine\" \/>\n<meta property=\"article:modified_time\" content=\"2025-12-20T11:29:29+00:00\" \/>\n<meta property=\"og:image\" content=\"https:\/\/repliquemangacine.fr\/wp-content\/uploads\/2023\/10\/Tanto-de-Muichiro-Tokito.jpg\" \/>\n\t<meta property=\"og:image:width\" content=\"500\" \/>\n\t<meta property=\"og:image:height\" content=\"500\" \/>\n\t<meta property=\"og:image:type\" content=\"image\/jpeg\" \/>\n<meta name=\"twitter:card\" content=\"summary_large_image\" \/>\n<meta name=\"twitter:label1\" content=\"Tiempo de lectura\" \/>\n\t<meta name=\"twitter:data1\" content=\"3 minutos\" \/>\n<script type=\"application\/ld+json\" class=\"yoast-schema-graph\">{\"@context\":\"https:\\\/\\\/schema.org\",\"@graph\":[{\"@type\":\"WebPage\",\"@id\":\"https:\\\/\\\/repliquemangacine.fr\\\/tanto-mini-katana-demon-slayer\\\/tanto-de-muichiro-tokito-demon-slayer\\\/\",\"url\":\"https:\\\/\\\/repliquemangacine.fr\\\/tanto-mini-katana-demon-slayer\\\/tanto-de-muichiro-tokito-demon-slayer\\\/\",\"name\":\"Tanto de Muichir\u014d Tokit\u014d - Demon Slayer Mini katana - R\u00e9plique Manga Cin\u00e9\",\"isPartOf\":{\"@id\":\"https:\\\/\\\/repliquemangacine.fr\\\/#website\"},\"primaryImageOfPage\":{\"@id\":\"https:\\\/\\\/repliquemangacine.fr\\\/tanto-mini-katana-demon-slayer\\\/tanto-de-muichiro-tokito-demon-slayer\\\/#primaryimage\"},\"image\":{\"@id\":\"https:\\\/\\\/repliquemangacine.fr\\\/tanto-mini-katana-demon-slayer\\\/tanto-de-muichiro-tokito-demon-slayer\\\/#primaryimage\"},\"thumbnailUrl\":\"https:\\\/\\\/repliquemangacine.fr\\\/wp-content\\\/uploads\\\/2023\\\/10\\\/Tanto-de-Muichiro-Tokito.jpg\",\"datePublished\":\"2023-09-23T17:28:09+00:00\",\"dateModified\":\"2025-12-20T11:29:29+00:00\",\"description\":\"D\u00e9couvrez ce superbe Tanto de Muichir\u014d Tokit\u014d dans Demon Slayer au meilleur prix. Lame en acier de 28 cm - Fourreau. Livr\u00e9 avec son support en ABS - 43 cm\",\"breadcrumb\":{\"@id\":\"https:\\\/\\\/repliquemangacine.fr\\\/tanto-mini-katana-demon-slayer\\\/tanto-de-muichiro-tokito-demon-slayer\\\/#breadcrumb\"},\"inLanguage\":\"es\",\"potentialAction\":[{\"@type\":\"ReadAction\",\"target\":[\"https:\\\/\\\/repliquemangacine.fr\\\/tanto-mini-katana-demon-slayer\\\/tanto-de-muichiro-tokito-demon-slayer\\\/\"]}]},{\"@type\":\"ImageObject\",\"inLanguage\":\"es\",\"@id\":\"https:\\\/\\\/repliquemangacine.fr\\\/tanto-mini-katana-demon-slayer\\\/tanto-de-muichiro-tokito-demon-slayer\\\/#primaryimage\",\"url\":\"https:\\\/\\\/repliquemangacine.fr\\\/wp-content\\\/uploads\\\/2023\\\/10\\\/Tanto-de-Muichiro-Tokito.jpg\",\"contentUrl\":\"https:\\\/\\\/repliquemangacine.fr\\\/wp-content\\\/uploads\\\/2023\\\/10\\\/Tanto-de-Muichiro-Tokito.jpg\",\"width\":500,\"height\":500,\"caption\":\"Tanto de Muichir\u014d Tokit\u014d\"},{\"@type\":\"BreadcrumbList\",\"@id\":\"https:\\\/\\\/repliquemangacine.fr\\\/tanto-mini-katana-demon-slayer\\\/tanto-de-muichiro-tokito-demon-slayer\\\/#breadcrumb\",\"itemListElement\":[{\"@type\":\"ListItem\",\"position\":1,\"name\":\"Accueil\",\"item\":\"https:\\\/\\\/repliquemangacine.fr\\\/\"},{\"@type\":\"ListItem\",\"position\":2,\"name\":\"Produits\",\"item\":\"https:\\\/\\\/repliquemangacine.fr\\\/boutique\\\/\"},{\"@type\":\"ListItem\",\"position\":3,\"name\":\"Tanto de Muichir\u014d Tokit\u014d &#8211; Demon Slayer\"}]},{\"@type\":\"WebSite\",\"@id\":\"https:\\\/\\\/repliquemangacine.fr\\\/#website\",\"url\":\"https:\\\/\\\/repliquemangacine.fr\\\/\",\"name\":\"R\u00e9plique Manga Cin\u00e9\",\"description\":\"\",\"publisher\":{\"@id\":\"https:\\\/\\\/repliquemangacine.fr\\\/#organization\"},\"potentialAction\":[{\"@type\":\"SearchAction\",\"target\":{\"@type\":\"EntryPoint\",\"urlTemplate\":\"https:\\\/\\\/repliquemangacine.fr\\\/?s={search_term_string}\"},\"query-input\":{\"@type\":\"PropertyValueSpecification\",\"valueRequired\":true,\"valueName\":\"search_term_string\"}}],\"inLanguage\":\"es\"},{\"@type\":\"Organization\",\"@id\":\"https:\\\/\\\/repliquemangacine.fr\\\/#organization\",\"name\":\"R\u00e9plique Manga Cin\u00e9\",\"url\":\"https:\\\/\\\/repliquemangacine.fr\\\/\",\"logo\":{\"@type\":\"ImageObject\",\"inLanguage\":\"es\",\"@id\":\"https:\\\/\\\/repliquemangacine.fr\\\/#\\\/schema\\\/logo\\\/image\\\/\",\"url\":\"https:\\\/\\\/repliquemangacine.fr\\\/wp-content\\\/uploads\\\/2023\\\/10\\\/RMC-500250.png\",\"contentUrl\":\"https:\\\/\\\/repliquemangacine.fr\\\/wp-content\\\/uploads\\\/2023\\\/10\\\/RMC-500250.png\",\"width\":500,\"height\":250,\"caption\":\"R\u00e9plique Manga Cin\u00e9\"},\"image\":{\"@id\":\"https:\\\/\\\/repliquemangacine.fr\\\/#\\\/schema\\\/logo\\\/image\\\/\"},\"sameAs\":[\"https:\\\/\\\/www.facebook.com\\\/RepliqueMangaCine\",\"https:\\\/\\\/www.instagram.com\\\/repliquemangacine.fr\\\/\"]}]}<\/script>\n<!-- \/ Yoast SEO plugin. -->","yoast_head_json":{"title":"Tanto de Muichir\u014d Tokit\u014d - Matademonios Mini katana - R\u00e9plique Manga Cin\u00e9","description":"Descubre este magn\u00edfico Tanto de Muichir\u014d Tokit\u014d en Demon Slayer al mejor precio. Hoja de acero de 28 cm - Vaina. Se entrega con su soporte de ABS - 43 cm","robots":{"index":"index","follow":"follow","max-snippet":"max-snippet:-1","max-image-preview":"max-image-preview:large","max-video-preview":"max-video-preview:-1"},"canonical":"https:\/\/repliquemangacine.fr\/es\/tanto-mini-katana-demon-slayer\/tanto-por-muichiro-tokito-cazador-de-demonios\/","og_locale":"es_ES","og_type":"article","og_title":"Tanto de Muichir\u014d Tokit\u014d - Demon Slayer Mini katana - R\u00e9plique Manga Cin\u00e9","og_description":"D\u00e9couvrez ce superbe Tanto de Muichir\u014d Tokit\u014d dans Demon Slayer au meilleur prix. Lame en acier de 28 cm - Fourreau. Livr\u00e9 avec son support en ABS - 43 cm","og_url":"https:\/\/repliquemangacine.fr\/es\/tanto-mini-katana-demon-slayer\/tanto-por-muichiro-tokito-cazador-de-demonios\/","og_site_name":"R\u00e9plique Manga Cin\u00e9","article_publisher":"https:\/\/www.facebook.com\/RepliqueMangaCine","article_modified_time":"2025-12-20T11:29:29+00:00","og_image":[{"width":500,"height":500,"url":"https:\/\/repliquemangacine.fr\/wp-content\/uploads\/2023\/10\/Tanto-de-Muichiro-Tokito.jpg","type":"image\/jpeg"}],"twitter_card":"summary_large_image","twitter_misc":{"Tiempo de lectura":"3 minutos"},"schema":{"@context":"https:\/\/schema.org","@graph":[{"@type":"WebPage","@id":"https:\/\/repliquemangacine.fr\/tanto-mini-katana-demon-slayer\/tanto-de-muichiro-tokito-demon-slayer\/","url":"https:\/\/repliquemangacine.fr\/tanto-mini-katana-demon-slayer\/tanto-de-muichiro-tokito-demon-slayer\/","name":"Tanto de Muichir\u014d Tokit\u014d - Matademonios Mini katana - R\u00e9plique Manga Cin\u00e9","isPartOf":{"@id":"https:\/\/repliquemangacine.fr\/#website"},"primaryImageOfPage":{"@id":"https:\/\/repliquemangacine.fr\/tanto-mini-katana-demon-slayer\/tanto-de-muichiro-tokito-demon-slayer\/#primaryimage"},"image":{"@id":"https:\/\/repliquemangacine.fr\/tanto-mini-katana-demon-slayer\/tanto-de-muichiro-tokito-demon-slayer\/#primaryimage"},"thumbnailUrl":"https:\/\/repliquemangacine.fr\/wp-content\/uploads\/2023\/10\/Tanto-de-Muichiro-Tokito.jpg","datePublished":"2023-09-23T17:28:09+00:00","dateModified":"2025-12-20T11:29:29+00:00","description":"Descubre este magn\u00edfico Tanto de Muichir\u014d Tokit\u014d en Demon Slayer al mejor precio. Hoja de acero de 28 cm - Vaina. Se entrega con su soporte de ABS - 43 cm","breadcrumb":{"@id":"https:\/\/repliquemangacine.fr\/tanto-mini-katana-demon-slayer\/tanto-de-muichiro-tokito-demon-slayer\/#breadcrumb"},"inLanguage":"es","potentialAction":[{"@type":"ReadAction","target":["https:\/\/repliquemangacine.fr\/tanto-mini-katana-demon-slayer\/tanto-de-muichiro-tokito-demon-slayer\/"]}]},{"@type":"ImageObject","inLanguage":"es","@id":"https:\/\/repliquemangacine.fr\/tanto-mini-katana-demon-slayer\/tanto-de-muichiro-tokito-demon-slayer\/#primaryimage","url":"https:\/\/repliquemangacine.fr\/wp-content\/uploads\/2023\/10\/Tanto-de-Muichiro-Tokito.jpg","contentUrl":"https:\/\/repliquemangacine.fr\/wp-content\/uploads\/2023\/10\/Tanto-de-Muichiro-Tokito.jpg","width":500,"height":500,"caption":"Tanto de Muichir\u014d Tokit\u014d"},{"@type":"BreadcrumbList","@id":"https:\/\/repliquemangacine.fr\/tanto-mini-katana-demon-slayer\/tanto-de-muichiro-tokito-demon-slayer\/#breadcrumb","itemListElement":[{"@type":"ListItem","position":1,"name":"Accueil","item":"https:\/\/repliquemangacine.fr\/"},{"@type":"ListItem","position":2,"name":"Produits","item":"https:\/\/repliquemangacine.fr\/boutique\/"},{"@type":"ListItem","position":3,"name":"Tanto de Muichir\u014d Tokit\u014d &#8211; Demon Slayer"}]},{"@type":"WebSite","@id":"https:\/\/repliquemangacine.fr\/#website","url":"https:\/\/repliquemangacine.fr\/","name":"R\u00e9plique Manga Cin\u00e9","description":"","publisher":{"@id":"https:\/\/repliquemangacine.fr\/#organization"},"potentialAction":[{"@type":"SearchAction","target":{"@type":"EntryPoint","urlTemplate":"https:\/\/repliquemangacine.fr\/?s={search_term_string}"},"query-input":{"@type":"PropertyValueSpecification","valueRequired":true,"valueName":"search_term_string"}}],"inLanguage":"es"},{"@type":"Organization","@id":"https:\/\/repliquemangacine.fr\/#organization","name":"R\u00e9plique Manga Cin\u00e9","url":"https:\/\/repliquemangacine.fr\/","logo":{"@type":"ImageObject","inLanguage":"es","@id":"https:\/\/repliquemangacine.fr\/#\/schema\/logo\/image\/","url":"https:\/\/repliquemangacine.fr\/wp-content\/uploads\/2023\/10\/RMC-500250.png","contentUrl":"https:\/\/repliquemangacine.fr\/wp-content\/uploads\/2023\/10\/RMC-500250.png","width":500,"height":250,"caption":"R\u00e9plique Manga Cin\u00e9"},"image":{"@id":"https:\/\/repliquemangacine.fr\/#\/schema\/logo\/image\/"},"sameAs":["https:\/\/www.facebook.com\/RepliqueMangaCine","https:\/\/www.instagram.com\/repliquemangacine.fr\/"]}]}},"_links":{"self":[{"href":"https:\/\/repliquemangacine.fr\/es\/wp-json\/wp\/v2\/product\/62665","targetHints":{"allow":["GET"]}}],"collection":[{"href":"https:\/\/repliquemangacine.fr\/es\/wp-json\/wp\/v2\/product"}],"about":[{"href":"https:\/\/repliquemangacine.fr\/es\/wp-json\/wp\/v2\/types\/product"}],"wp:featuredmedia":[{"embeddable":true,"href":"https:\/\/repliquemangacine.fr\/es\/wp-json\/wp\/v2\/media\/62666"}],"wp:attachment":[{"href":"https:\/\/repliquemangacine.fr\/es\/wp-json\/wp\/v2\/media?parent=62665"}],"wp:term":[{"taxonomy":"product_brand","embeddable":true,"href":"https:\/\/repliquemangacine.fr\/es\/wp-json\/wp\/v2\/product_brand?post=62665"},{"taxonomy":"product_cat","embeddable":true,"href":"https:\/\/repliquemangacine.fr\/es\/wp-json\/wp\/v2\/product_cat?post=62665"},{"taxonomy":"product_tag","embeddable":true,"href":"https:\/\/repliquemangacine.fr\/es\/wp-json\/wp\/v2\/product_tag?post=62665"}],"curies":[{"name":"wp","href":"https:\/\/api.w.org\/{rel}","templated":true}]}}