





{"id":62032,"date":"2023-08-08T11:58:14","date_gmt":"2023-08-08T09:58:14","guid":{"rendered":"https:\/\/repliquemangacine.fr\/?post_type=product&#038;p=62032"},"modified":"2026-04-22T14:47:44","modified_gmt":"2026-04-22T12:47:44","slug":"soporte-de-pared-de-15-cm","status":"publish","type":"product","link":"https:\/\/repliquemangacine.fr\/es\/accessoires-katana\/support-mural-15-cm\/","title":{"rendered":"Soporte de pared 15 cm"},"content":{"rendered":"<h2>Soporte de pared 15 cm<\/h2>\n<p>Para empezar, el <strong>Soporte de pared 15 cm<\/strong> un lugar, un papel esencial para la presentaci\u00f3n de sus katanas. De hecho, sus soportes est\u00e1n dise\u00f1ados para embellecer su colecci\u00f3n y su interior. F\u00e1ciles de montar, ya sea encaj\u00e1ndolos para los soportes de mesa o con dos tornillos para los soportes de pared.<\/p>\n<p>Existen varias versiones de soportes para katanas, espadas o sables con diferentes presentaciones, por ejemplo:<\/p>\n<ul>\n<li>Soportes de pared: dise\u00f1ados para fijarse a la pared para una exposici\u00f3n colgante, dan a su exposici\u00f3n de armas un toque elegante y decorativo. Pueden ser de madera o de metal.<\/li>\n<li>Soportes autoportantes: dise\u00f1ados para exponerse sobre un mueble, una mesa o un escritorio. Suelen ser de madera y se montan sin clavos ni tornillos.<\/li>\n<li>Soportes verticales: generalmente de madera, dise\u00f1ados para exponer la katana verticalmente.<\/li>\n<\/ul>\n<h2>Tus r\u00e9plicas de katanas y espadas al mejor precio.<\/h2>\n<p>Le ofrecemos una amplia selecci\u00f3n de reproducciones de espadas y katanas a precios econ\u00f3micos.<\/p>\n<p>Lo primero y m\u00e1s importante,<\/p>\n<ul>\n<li>Le <a href=\"https:\/\/repliquemangacine.fr\/es\/katana-cazademonios\/katana-de-kyojuro-rengoku-cazademonios\/\">Katana de Kyojuro<\/a> en el manga animado Demon Slayer, as\u00ed como todos tus personajes favoritos.<\/li>\n<li>As\u00ed como el<a href=\"https:\/\/repliquemangacine.fr\/es\/katana-de-una-pieza\/shanks-le-roux-espada\/\">espada de Shanks el pelirrojo<\/a> En One Piece, tambi\u00e9n est\u00e1n todas las espadas de Zoro.<\/li>\n<li>Para sus desfiles de cosplay, el <a href=\"https:\/\/repliquemangacine.fr\/es\/accesorios-para-katanas\/cinturon-para-3-katanas\/\">cintur\u00f3n de 3 katanas<\/a> ser\u00e1 ideal para sus convenciones manga.<\/li>\n<li>Y mucho, mucho m\u00e1s por descubrir en nuestra tienda en l\u00ednea.<\/li>\n<\/ul>\n<p>Por eso, aqu\u00ed tienes unas ideas fant\u00e1sticas para regalar a todos los amantes del arte japon\u00e9s.<\/p>\n<p>En conclusi\u00f3n, puede utilizar su <strong>Soporte de pared 15 cm<\/strong> para exponer todas tus armas de colecci\u00f3n.<\/p>\n<p>R\u00e9plique Manga Cin\u00e9 es una empresa familiar francesa, distribuidora oficial de la marca. <a href=\"https:\/\/www.denix.fr\/\" target=\"_blank\" rel=\"noopener noreferrer\">Denix<\/a> y Kolser.<\/p>","protected":false},"excerpt":{"rendered":"<p>Magn\u00edfico soporte de pared de 15 cm para katana o espada.<\/p>\n<ul>\n<li>Todo en madera negra<\/li>\n<li>Protecci\u00f3n de terciopelo rojo para la zona de la katana<\/li>\n<li>Altura: 15 cm<\/li>\n<\/ul>","protected":false},"featured_media":62033,"template":"","meta":[],"product_brand":[896],"product_cat":[50,26],"product_tag":[],"class_list":{"0":"post-62032","1":"product","2":"type-product","3":"status-publish","4":"has-post-thumbnail","6":"product_brand-replique-manga-cine","7":"product_cat-accessoires-katana","8":"product_cat-katana-epee","10":"first","11":"instock","12":"taxable","13":"shipping-taxable","14":"purchasable","15":"product-type-simple"},"yoast_head":"<!-- This site is optimized with the Yoast SEO plugin v27.4 - https:\/\/yoast.com\/product\/yoast-seo-wordpress\/ -->\n<title>Support mural 15 cm - Vente en ligne de katana manga - R\u00e9plique Manga Cin\u00e9<\/title>\n<meta name=\"description\" content=\"Superbe nouveaut\u00e9 que ce Support mural 15 cm pour katana ou \u00e9p\u00e9e. Tout en bois. Velours rouge de protection pour poser le katana. Hauteur : 15 cm\" \/>\n<meta name=\"robots\" content=\"index, follow, max-snippet:-1, max-image-preview:large, max-video-preview:-1\" \/>\n<link rel=\"canonical\" href=\"https:\/\/repliquemangacine.fr\/es\/accesorios-para-katanas\/soporte-de-pared-de-15-cm\/\" \/>\n<meta property=\"og:locale\" content=\"es_ES\" \/>\n<meta property=\"og:type\" content=\"article\" \/>\n<meta property=\"og:title\" content=\"Support mural 15 cm - Vente en ligne de katana manga - R\u00e9plique Manga Cin\u00e9\" \/>\n<meta property=\"og:description\" content=\"Superbe nouveaut\u00e9 que ce Support mural 15 cm pour katana ou \u00e9p\u00e9e. Tout en bois. Velours rouge de protection pour poser le katana. Hauteur : 15 cm\" \/>\n<meta property=\"og:url\" content=\"https:\/\/repliquemangacine.fr\/es\/accesorios-para-katanas\/soporte-de-pared-de-15-cm\/\" \/>\n<meta property=\"og:site_name\" content=\"R\u00e9plique Manga Cin\u00e9\" \/>\n<meta property=\"article:publisher\" content=\"https:\/\/www.facebook.com\/RepliqueMangaCine\" \/>\n<meta property=\"article:modified_time\" content=\"2026-04-22T12:47:44+00:00\" \/>\n<meta property=\"og:image\" content=\"https:\/\/repliquemangacine.fr\/wp-content\/uploads\/2023\/10\/support-mural.jpg\" \/>\n\t<meta property=\"og:image:width\" content=\"500\" \/>\n\t<meta property=\"og:image:height\" content=\"500\" \/>\n\t<meta property=\"og:image:type\" content=\"image\/jpeg\" \/>\n<meta name=\"twitter:card\" content=\"summary_large_image\" \/>\n<meta name=\"twitter:label1\" content=\"Tiempo de lectura\" \/>\n\t<meta name=\"twitter:data1\" content=\"2 minutos\" \/>\n<script type=\"application\/ld+json\" class=\"yoast-schema-graph\">{\"@context\":\"https:\\\/\\\/schema.org\",\"@graph\":[{\"@type\":\"WebPage\",\"@id\":\"https:\\\/\\\/repliquemangacine.fr\\\/accessoires-katana\\\/support-mural-15-cm\\\/\",\"url\":\"https:\\\/\\\/repliquemangacine.fr\\\/accessoires-katana\\\/support-mural-15-cm\\\/\",\"name\":\"Support mural 15 cm - Vente en ligne de katana manga - R\u00e9plique Manga Cin\u00e9\",\"isPartOf\":{\"@id\":\"https:\\\/\\\/repliquemangacine.fr\\\/#website\"},\"primaryImageOfPage\":{\"@id\":\"https:\\\/\\\/repliquemangacine.fr\\\/accessoires-katana\\\/support-mural-15-cm\\\/#primaryimage\"},\"image\":{\"@id\":\"https:\\\/\\\/repliquemangacine.fr\\\/accessoires-katana\\\/support-mural-15-cm\\\/#primaryimage\"},\"thumbnailUrl\":\"https:\\\/\\\/repliquemangacine.fr\\\/wp-content\\\/uploads\\\/2023\\\/10\\\/support-mural.jpg\",\"datePublished\":\"2023-08-08T09:58:14+00:00\",\"dateModified\":\"2026-04-22T12:47:44+00:00\",\"description\":\"Superbe nouveaut\u00e9 que ce Support mural 15 cm pour katana ou \u00e9p\u00e9e. Tout en bois. Velours rouge de protection pour poser le katana. Hauteur : 15 cm\",\"breadcrumb\":{\"@id\":\"https:\\\/\\\/repliquemangacine.fr\\\/accessoires-katana\\\/support-mural-15-cm\\\/#breadcrumb\"},\"inLanguage\":\"es\",\"potentialAction\":[{\"@type\":\"ReadAction\",\"target\":[\"https:\\\/\\\/repliquemangacine.fr\\\/accessoires-katana\\\/support-mural-15-cm\\\/\"]}]},{\"@type\":\"ImageObject\",\"inLanguage\":\"es\",\"@id\":\"https:\\\/\\\/repliquemangacine.fr\\\/accessoires-katana\\\/support-mural-15-cm\\\/#primaryimage\",\"url\":\"https:\\\/\\\/repliquemangacine.fr\\\/wp-content\\\/uploads\\\/2023\\\/10\\\/support-mural.jpg\",\"contentUrl\":\"https:\\\/\\\/repliquemangacine.fr\\\/wp-content\\\/uploads\\\/2023\\\/10\\\/support-mural.jpg\",\"width\":500,\"height\":500,\"caption\":\"Support mural 15 cm, une place\"},{\"@type\":\"BreadcrumbList\",\"@id\":\"https:\\\/\\\/repliquemangacine.fr\\\/accessoires-katana\\\/support-mural-15-cm\\\/#breadcrumb\",\"itemListElement\":[{\"@type\":\"ListItem\",\"position\":1,\"name\":\"Accueil\",\"item\":\"https:\\\/\\\/repliquemangacine.fr\\\/\"},{\"@type\":\"ListItem\",\"position\":2,\"name\":\"Produits\",\"item\":\"https:\\\/\\\/repliquemangacine.fr\\\/boutique\\\/\"},{\"@type\":\"ListItem\",\"position\":3,\"name\":\"Support mural 15 cm\"}]},{\"@type\":\"WebSite\",\"@id\":\"https:\\\/\\\/repliquemangacine.fr\\\/#website\",\"url\":\"https:\\\/\\\/repliquemangacine.fr\\\/\",\"name\":\"R\u00e9plique Manga Cin\u00e9\",\"description\":\"\",\"publisher\":{\"@id\":\"https:\\\/\\\/repliquemangacine.fr\\\/#organization\"},\"potentialAction\":[{\"@type\":\"SearchAction\",\"target\":{\"@type\":\"EntryPoint\",\"urlTemplate\":\"https:\\\/\\\/repliquemangacine.fr\\\/?s={search_term_string}\"},\"query-input\":{\"@type\":\"PropertyValueSpecification\",\"valueRequired\":true,\"valueName\":\"search_term_string\"}}],\"inLanguage\":\"es\"},{\"@type\":\"Organization\",\"@id\":\"https:\\\/\\\/repliquemangacine.fr\\\/#organization\",\"name\":\"R\u00e9plique Manga Cin\u00e9\",\"url\":\"https:\\\/\\\/repliquemangacine.fr\\\/\",\"logo\":{\"@type\":\"ImageObject\",\"inLanguage\":\"es\",\"@id\":\"https:\\\/\\\/repliquemangacine.fr\\\/#\\\/schema\\\/logo\\\/image\\\/\",\"url\":\"https:\\\/\\\/repliquemangacine.fr\\\/wp-content\\\/uploads\\\/2023\\\/10\\\/RMC-500250.png\",\"contentUrl\":\"https:\\\/\\\/repliquemangacine.fr\\\/wp-content\\\/uploads\\\/2023\\\/10\\\/RMC-500250.png\",\"width\":500,\"height\":250,\"caption\":\"R\u00e9plique Manga Cin\u00e9\"},\"image\":{\"@id\":\"https:\\\/\\\/repliquemangacine.fr\\\/#\\\/schema\\\/logo\\\/image\\\/\"},\"sameAs\":[\"https:\\\/\\\/www.facebook.com\\\/RepliqueMangaCine\",\"https:\\\/\\\/www.instagram.com\\\/repliquemangacine.fr\\\/\"]}]}<\/script>\n<!-- \/ Yoast SEO plugin. -->","yoast_head_json":{"title":"Soporte de pared de 15 cm - Manga katana venta online - R\u00e9plique Manga Cin\u00e9","description":"Este soporte de pared de 15 cm para una katana o espada es una magn\u00edfica novedad. Fabricado totalmente en madera. Protecci\u00f3n de terciopelo rojo para la katana. Altura: 15 cm","robots":{"index":"index","follow":"follow","max-snippet":"max-snippet:-1","max-image-preview":"max-image-preview:large","max-video-preview":"max-video-preview:-1"},"canonical":"https:\/\/repliquemangacine.fr\/es\/accesorios-para-katanas\/soporte-de-pared-de-15-cm\/","og_locale":"es_ES","og_type":"article","og_title":"Support mural 15 cm - Vente en ligne de katana manga - R\u00e9plique Manga Cin\u00e9","og_description":"Superbe nouveaut\u00e9 que ce Support mural 15 cm pour katana ou \u00e9p\u00e9e. Tout en bois. Velours rouge de protection pour poser le katana. Hauteur : 15 cm","og_url":"https:\/\/repliquemangacine.fr\/es\/accesorios-para-katanas\/soporte-de-pared-de-15-cm\/","og_site_name":"R\u00e9plique Manga Cin\u00e9","article_publisher":"https:\/\/www.facebook.com\/RepliqueMangaCine","article_modified_time":"2026-04-22T12:47:44+00:00","og_image":[{"width":500,"height":500,"url":"https:\/\/repliquemangacine.fr\/wp-content\/uploads\/2023\/10\/support-mural.jpg","type":"image\/jpeg"}],"twitter_card":"summary_large_image","twitter_misc":{"Tiempo de lectura":"2 minutos"},"schema":{"@context":"https:\/\/schema.org","@graph":[{"@type":"WebPage","@id":"https:\/\/repliquemangacine.fr\/accessoires-katana\/support-mural-15-cm\/","url":"https:\/\/repliquemangacine.fr\/accessoires-katana\/support-mural-15-cm\/","name":"Soporte de pared de 15 cm - Manga katana venta online - R\u00e9plique Manga Cin\u00e9","isPartOf":{"@id":"https:\/\/repliquemangacine.fr\/#website"},"primaryImageOfPage":{"@id":"https:\/\/repliquemangacine.fr\/accessoires-katana\/support-mural-15-cm\/#primaryimage"},"image":{"@id":"https:\/\/repliquemangacine.fr\/accessoires-katana\/support-mural-15-cm\/#primaryimage"},"thumbnailUrl":"https:\/\/repliquemangacine.fr\/wp-content\/uploads\/2023\/10\/support-mural.jpg","datePublished":"2023-08-08T09:58:14+00:00","dateModified":"2026-04-22T12:47:44+00:00","description":"Este soporte de pared de 15 cm para una katana o espada es una magn\u00edfica novedad. Fabricado totalmente en madera. Protecci\u00f3n de terciopelo rojo para la katana. Altura: 15 cm","breadcrumb":{"@id":"https:\/\/repliquemangacine.fr\/accessoires-katana\/support-mural-15-cm\/#breadcrumb"},"inLanguage":"es","potentialAction":[{"@type":"ReadAction","target":["https:\/\/repliquemangacine.fr\/accessoires-katana\/support-mural-15-cm\/"]}]},{"@type":"ImageObject","inLanguage":"es","@id":"https:\/\/repliquemangacine.fr\/accessoires-katana\/support-mural-15-cm\/#primaryimage","url":"https:\/\/repliquemangacine.fr\/wp-content\/uploads\/2023\/10\/support-mural.jpg","contentUrl":"https:\/\/repliquemangacine.fr\/wp-content\/uploads\/2023\/10\/support-mural.jpg","width":500,"height":500,"caption":"Support mural 15 cm, une place"},{"@type":"BreadcrumbList","@id":"https:\/\/repliquemangacine.fr\/accessoires-katana\/support-mural-15-cm\/#breadcrumb","itemListElement":[{"@type":"ListItem","position":1,"name":"Accueil","item":"https:\/\/repliquemangacine.fr\/"},{"@type":"ListItem","position":2,"name":"Produits","item":"https:\/\/repliquemangacine.fr\/boutique\/"},{"@type":"ListItem","position":3,"name":"Support mural 15 cm"}]},{"@type":"WebSite","@id":"https:\/\/repliquemangacine.fr\/#website","url":"https:\/\/repliquemangacine.fr\/","name":"R\u00e9plique Manga Cin\u00e9","description":"","publisher":{"@id":"https:\/\/repliquemangacine.fr\/#organization"},"potentialAction":[{"@type":"SearchAction","target":{"@type":"EntryPoint","urlTemplate":"https:\/\/repliquemangacine.fr\/?s={search_term_string}"},"query-input":{"@type":"PropertyValueSpecification","valueRequired":true,"valueName":"search_term_string"}}],"inLanguage":"es"},{"@type":"Organization","@id":"https:\/\/repliquemangacine.fr\/#organization","name":"R\u00e9plique Manga Cin\u00e9","url":"https:\/\/repliquemangacine.fr\/","logo":{"@type":"ImageObject","inLanguage":"es","@id":"https:\/\/repliquemangacine.fr\/#\/schema\/logo\/image\/","url":"https:\/\/repliquemangacine.fr\/wp-content\/uploads\/2023\/10\/RMC-500250.png","contentUrl":"https:\/\/repliquemangacine.fr\/wp-content\/uploads\/2023\/10\/RMC-500250.png","width":500,"height":250,"caption":"R\u00e9plique Manga Cin\u00e9"},"image":{"@id":"https:\/\/repliquemangacine.fr\/#\/schema\/logo\/image\/"},"sameAs":["https:\/\/www.facebook.com\/RepliqueMangaCine","https:\/\/www.instagram.com\/repliquemangacine.fr\/"]}]}},"_links":{"self":[{"href":"https:\/\/repliquemangacine.fr\/es\/wp-json\/wp\/v2\/product\/62032","targetHints":{"allow":["GET"]}}],"collection":[{"href":"https:\/\/repliquemangacine.fr\/es\/wp-json\/wp\/v2\/product"}],"about":[{"href":"https:\/\/repliquemangacine.fr\/es\/wp-json\/wp\/v2\/types\/product"}],"wp:featuredmedia":[{"embeddable":true,"href":"https:\/\/repliquemangacine.fr\/es\/wp-json\/wp\/v2\/media\/62033"}],"wp:attachment":[{"href":"https:\/\/repliquemangacine.fr\/es\/wp-json\/wp\/v2\/media?parent=62032"}],"wp:term":[{"taxonomy":"product_brand","embeddable":true,"href":"https:\/\/repliquemangacine.fr\/es\/wp-json\/wp\/v2\/product_brand?post=62032"},{"taxonomy":"product_cat","embeddable":true,"href":"https:\/\/repliquemangacine.fr\/es\/wp-json\/wp\/v2\/product_cat?post=62032"},{"taxonomy":"product_tag","embeddable":true,"href":"https:\/\/repliquemangacine.fr\/es\/wp-json\/wp\/v2\/product_tag?post=62032"}],"curies":[{"name":"wp","href":"https:\/\/api.w.org\/{rel}","templated":true}]}}