





{"id":61822,"date":"2023-07-31T17:38:30","date_gmt":"2023-07-31T15:38:30","guid":{"rendered":"https:\/\/repliquemangacine.fr\/?post_type=product&#038;p=61822"},"modified":"2025-11-18T21:39:45","modified_gmt":"2025-11-18T20:39:45","slug":"daga-templaria-negra","status":"publish","type":"product","link":"https:\/\/repliquemangacine.fr\/es\/dagues-medievales\/dague-templier-noir\/","title":{"rendered":"Daga templaria negra"},"content":{"rendered":"<h2>Daga templaria negra<\/h2>\n<p>Para empezar, el <strong>Daga templaria negra<\/strong> es un objeto de colecci\u00f3n y decoraci\u00f3n.<\/p>\n<p><a href=\"https:\/\/www.templars-route.eu\/fr\/ordre-du-temple\/histoire-templiers\/\" target=\"_blank\" rel=\"noopener noreferrer\">La Orden del Temple<\/a>, orden religiosa y militar surgida de la caballer\u00eda cristiana de la Edad Media. La vocaci\u00f3n de la Orden del Temple era proteger a los peregrinos cristianos que se dirig\u00edan a Tierra Santa. Esta peregrinaci\u00f3n era una de las tres m\u00e1s importantes de la cristiandad medieval.<\/p>\n<p>El sello, un distintivo personal que autentifica un acto y certifica una firma. Por cierto, se conocen una veintena de sellos templarios. Pertenec\u00edan a maestros, altos dignatarios, comandantes o caballeros de la orden en el siglo XIII.<\/p>\n<p>Cabe destacar que la cruz patada indica la pertenencia de los templarios a la cristiandad y el color rojo recuerda la sangre derramada por Cristo.<\/p>\n<h2>Tu Daga Templaria Negra al mejor precio.<\/h2>\n<p>Le ofrecemos una amplia selecci\u00f3n de r\u00e9plicas de la \u00e9poca medieval.<\/p>\n<p>Lo primero y m\u00e1s importante,<\/p>\n<ul>\n<li>L'<a href=\"https:\/\/repliquemangacine.fr\/es\/espada-templaria-medieval\/espada-de-ceremonia-templaria\/\">Espada ceremonial templaria<\/a> ricamente decorado.<\/li>\n<li>Pero tambi\u00e9n <a href=\"https:\/\/repliquemangacine.fr\/es\/escudo-y-armadura\/escudo-medieval-de-los-templarios\/\">Escudo templario<\/a> esencial para el combate.<\/li>\n<li>Y muchos m\u00e1s por descubrir en nuestra tienda en l\u00ednea.<\/li>\n<\/ul>\n<p>Por eso, esta es una magn\u00edfica idea de regalo para todos los apasionados de la \u00e9poca medieval.<\/p>\n<p>En conclusi\u00f3n, tambi\u00e9n puede utilizar este <strong>Daga templaria negra<\/strong> para su interiorismo. Pero, ante todo, es una pieza de coleccionista y un objeto decorativo.<\/p>\n<h2>\u00bfC\u00f3mo mantengo la hoja de mi daga?<\/h2>\n<p>Las dagas de colecci\u00f3n y decorativas se fabrican y ensamblan de forma simplificada. Dado que su uso es decorativo, no cuentan con los elementos de seguridad necesarios para una espada japonesa destinada al entrenamiento.<\/p>\n<p>Sin embargo, su <strong>Daga templaria negra<\/strong> una hoja de acero que hay que cuidar para evitar que se da\u00f1e con el tiempo. De hecho, vas a exponer tu daga, tus amigos sentir\u00e1n curiosidad por ver la hoja y tocarla. Ah\u00ed es donde hay que tener cuidado, hay que saber que la acidez de los dedos es muy perjudicial para el acero, independientemente de su calidad.<\/p>\n<p>Sin embargo, si esto ocurre, no se preocupe, solo tiene que humedecer un pa\u00f1o con un poco de aceite y limpiar las huellas dactilares. De esta forma, conservar\u00e1 su daga durante mucho tiempo.<\/p>","protected":false},"excerpt":{"rendered":"<p>Magn\u00edfica daga decorativa medieval.<\/p>\n<ul>\n<li>Hoja de acero inoxidable serigrafiada.<\/li>\n<li>Asa de ABS con templario.<\/li>\n<li>Pomo de acero con forma de casco templario.<\/li>\n<li>Guarda met\u00e1lica decorada.<\/li>\n<li>Funda de ABS negro moldeado con decoraci\u00f3n.<\/li>\n<li>Longitud de la hoja: 24 cm - Longitud total: 39,5 cm - Peso 250 g<\/li>\n<\/ul>","protected":false},"featured_media":61823,"template":"","meta":[],"product_brand":[896],"product_cat":[25,93,43],"product_tag":[],"class_list":{"0":"post-61822","1":"product","2":"type-product","3":"status-publish","4":"has-post-thumbnail","6":"product_brand-replique-manga-cine","7":"product_cat-armes-historiques","8":"product_cat-dagues-medievales","9":"product_cat-reproductions-d-armes-et-accessoires-medievales","11":"first","12":"outofstock","13":"taxable","14":"shipping-taxable","15":"purchasable","16":"product-type-simple"},"yoast_head":"<!-- This site is optimized with the Yoast SEO plugin v27.4 - https:\/\/yoast.com\/product\/yoast-seo-wordpress\/ -->\n<title>Dague Templier noir - R\u00e9plique Manga Cin\u00e9<\/title>\n<meta name=\"description\" content=\"D\u00e9couvrez cette Dague Templier noir au meilleur prix. Lame en acier 440 avec s\u00e9rigraphie. Fourreau ABS moul\u00e9. Garde m\u00e9tal d\u00e9cor\u00e9. Longueur totale : 39.5 cm\" \/>\n<meta name=\"robots\" content=\"index, follow, max-snippet:-1, max-image-preview:large, max-video-preview:-1\" \/>\n<link rel=\"canonical\" href=\"https:\/\/repliquemangacine.fr\/es\/dagas-medievales\/daga-templaria-negra\/\" \/>\n<meta property=\"og:locale\" content=\"es_ES\" \/>\n<meta property=\"og:type\" content=\"article\" \/>\n<meta property=\"og:title\" content=\"Dague Templier noir - R\u00e9plique Manga Cin\u00e9\" \/>\n<meta property=\"og:description\" content=\"D\u00e9couvrez cette Dague Templier noir au meilleur prix. Lame en acier 440 avec s\u00e9rigraphie. Fourreau ABS moul\u00e9. Garde m\u00e9tal d\u00e9cor\u00e9. Longueur totale : 39.5 cm\" \/>\n<meta property=\"og:url\" content=\"https:\/\/repliquemangacine.fr\/es\/dagas-medievales\/daga-templaria-negra\/\" \/>\n<meta property=\"og:site_name\" content=\"R\u00e9plique Manga Cin\u00e9\" \/>\n<meta property=\"article:publisher\" content=\"https:\/\/www.facebook.com\/RepliqueMangaCine\" \/>\n<meta property=\"article:modified_time\" content=\"2025-11-18T20:39:45+00:00\" \/>\n<meta property=\"og:image\" content=\"https:\/\/repliquemangacine.fr\/wp-content\/uploads\/2023\/10\/0213ks.jpg\" \/>\n\t<meta property=\"og:image:width\" content=\"500\" \/>\n\t<meta property=\"og:image:height\" content=\"500\" \/>\n\t<meta property=\"og:image:type\" content=\"image\/jpeg\" \/>\n<meta name=\"twitter:card\" content=\"summary_large_image\" \/>\n<meta name=\"twitter:label1\" content=\"Tiempo de lectura\" \/>\n\t<meta name=\"twitter:data1\" content=\"2 minutos\" \/>\n<script type=\"application\/ld+json\" class=\"yoast-schema-graph\">{\"@context\":\"https:\\\/\\\/schema.org\",\"@graph\":[{\"@type\":\"WebPage\",\"@id\":\"https:\\\/\\\/repliquemangacine.fr\\\/dagues-medievales\\\/dague-templier-noir\\\/\",\"url\":\"https:\\\/\\\/repliquemangacine.fr\\\/dagues-medievales\\\/dague-templier-noir\\\/\",\"name\":\"Dague Templier noir - R\u00e9plique Manga Cin\u00e9\",\"isPartOf\":{\"@id\":\"https:\\\/\\\/repliquemangacine.fr\\\/#website\"},\"primaryImageOfPage\":{\"@id\":\"https:\\\/\\\/repliquemangacine.fr\\\/dagues-medievales\\\/dague-templier-noir\\\/#primaryimage\"},\"image\":{\"@id\":\"https:\\\/\\\/repliquemangacine.fr\\\/dagues-medievales\\\/dague-templier-noir\\\/#primaryimage\"},\"thumbnailUrl\":\"https:\\\/\\\/repliquemangacine.fr\\\/wp-content\\\/uploads\\\/2023\\\/10\\\/0213ks.jpg\",\"datePublished\":\"2023-07-31T15:38:30+00:00\",\"dateModified\":\"2025-11-18T20:39:45+00:00\",\"description\":\"D\u00e9couvrez cette Dague Templier noir au meilleur prix. Lame en acier 440 avec s\u00e9rigraphie. Fourreau ABS moul\u00e9. Garde m\u00e9tal d\u00e9cor\u00e9. Longueur totale : 39.5 cm\",\"breadcrumb\":{\"@id\":\"https:\\\/\\\/repliquemangacine.fr\\\/dagues-medievales\\\/dague-templier-noir\\\/#breadcrumb\"},\"inLanguage\":\"es\",\"potentialAction\":[{\"@type\":\"ReadAction\",\"target\":[\"https:\\\/\\\/repliquemangacine.fr\\\/dagues-medievales\\\/dague-templier-noir\\\/\"]}]},{\"@type\":\"ImageObject\",\"inLanguage\":\"es\",\"@id\":\"https:\\\/\\\/repliquemangacine.fr\\\/dagues-medievales\\\/dague-templier-noir\\\/#primaryimage\",\"url\":\"https:\\\/\\\/repliquemangacine.fr\\\/wp-content\\\/uploads\\\/2023\\\/10\\\/0213ks.jpg\",\"contentUrl\":\"https:\\\/\\\/repliquemangacine.fr\\\/wp-content\\\/uploads\\\/2023\\\/10\\\/0213ks.jpg\",\"width\":500,\"height\":500,\"caption\":\"Dague Templier noir\"},{\"@type\":\"BreadcrumbList\",\"@id\":\"https:\\\/\\\/repliquemangacine.fr\\\/dagues-medievales\\\/dague-templier-noir\\\/#breadcrumb\",\"itemListElement\":[{\"@type\":\"ListItem\",\"position\":1,\"name\":\"Accueil\",\"item\":\"https:\\\/\\\/repliquemangacine.fr\\\/\"},{\"@type\":\"ListItem\",\"position\":2,\"name\":\"Produits\",\"item\":\"https:\\\/\\\/repliquemangacine.fr\\\/boutique\\\/\"},{\"@type\":\"ListItem\",\"position\":3,\"name\":\"Dague Templier noir\"}]},{\"@type\":\"WebSite\",\"@id\":\"https:\\\/\\\/repliquemangacine.fr\\\/#website\",\"url\":\"https:\\\/\\\/repliquemangacine.fr\\\/\",\"name\":\"R\u00e9plique Manga Cin\u00e9\",\"description\":\"\",\"publisher\":{\"@id\":\"https:\\\/\\\/repliquemangacine.fr\\\/#organization\"},\"potentialAction\":[{\"@type\":\"SearchAction\",\"target\":{\"@type\":\"EntryPoint\",\"urlTemplate\":\"https:\\\/\\\/repliquemangacine.fr\\\/?s={search_term_string}\"},\"query-input\":{\"@type\":\"PropertyValueSpecification\",\"valueRequired\":true,\"valueName\":\"search_term_string\"}}],\"inLanguage\":\"es\"},{\"@type\":\"Organization\",\"@id\":\"https:\\\/\\\/repliquemangacine.fr\\\/#organization\",\"name\":\"R\u00e9plique Manga Cin\u00e9\",\"url\":\"https:\\\/\\\/repliquemangacine.fr\\\/\",\"logo\":{\"@type\":\"ImageObject\",\"inLanguage\":\"es\",\"@id\":\"https:\\\/\\\/repliquemangacine.fr\\\/#\\\/schema\\\/logo\\\/image\\\/\",\"url\":\"https:\\\/\\\/repliquemangacine.fr\\\/wp-content\\\/uploads\\\/2023\\\/10\\\/RMC-500250.png\",\"contentUrl\":\"https:\\\/\\\/repliquemangacine.fr\\\/wp-content\\\/uploads\\\/2023\\\/10\\\/RMC-500250.png\",\"width\":500,\"height\":250,\"caption\":\"R\u00e9plique Manga Cin\u00e9\"},\"image\":{\"@id\":\"https:\\\/\\\/repliquemangacine.fr\\\/#\\\/schema\\\/logo\\\/image\\\/\"},\"sameAs\":[\"https:\\\/\\\/www.facebook.com\\\/RepliqueMangaCine\",\"https:\\\/\\\/www.instagram.com\\\/repliquemangacine.fr\\\/\"]}]}<\/script>\n<!-- \/ Yoast SEO plugin. -->","yoast_head_json":{"title":"Daga templaria negra - R\u00e9plique Manga Cin\u00e9","description":"Descubre esta Daga Templaria negra al mejor precio. Hoja de acero 440 con serigraf\u00eda. Vaina de ABS moldeado. Guarda de metal decorada. Longitud total: 39,5 cm","robots":{"index":"index","follow":"follow","max-snippet":"max-snippet:-1","max-image-preview":"max-image-preview:large","max-video-preview":"max-video-preview:-1"},"canonical":"https:\/\/repliquemangacine.fr\/es\/dagas-medievales\/daga-templaria-negra\/","og_locale":"es_ES","og_type":"article","og_title":"Dague Templier noir - R\u00e9plique Manga Cin\u00e9","og_description":"D\u00e9couvrez cette Dague Templier noir au meilleur prix. Lame en acier 440 avec s\u00e9rigraphie. Fourreau ABS moul\u00e9. Garde m\u00e9tal d\u00e9cor\u00e9. Longueur totale : 39.5 cm","og_url":"https:\/\/repliquemangacine.fr\/es\/dagas-medievales\/daga-templaria-negra\/","og_site_name":"R\u00e9plique Manga Cin\u00e9","article_publisher":"https:\/\/www.facebook.com\/RepliqueMangaCine","article_modified_time":"2025-11-18T20:39:45+00:00","og_image":[{"width":500,"height":500,"url":"https:\/\/repliquemangacine.fr\/wp-content\/uploads\/2023\/10\/0213ks.jpg","type":"image\/jpeg"}],"twitter_card":"summary_large_image","twitter_misc":{"Tiempo de lectura":"2 minutos"},"schema":{"@context":"https:\/\/schema.org","@graph":[{"@type":"WebPage","@id":"https:\/\/repliquemangacine.fr\/dagues-medievales\/dague-templier-noir\/","url":"https:\/\/repliquemangacine.fr\/dagues-medievales\/dague-templier-noir\/","name":"Daga templaria negra - R\u00e9plique Manga Cin\u00e9","isPartOf":{"@id":"https:\/\/repliquemangacine.fr\/#website"},"primaryImageOfPage":{"@id":"https:\/\/repliquemangacine.fr\/dagues-medievales\/dague-templier-noir\/#primaryimage"},"image":{"@id":"https:\/\/repliquemangacine.fr\/dagues-medievales\/dague-templier-noir\/#primaryimage"},"thumbnailUrl":"https:\/\/repliquemangacine.fr\/wp-content\/uploads\/2023\/10\/0213ks.jpg","datePublished":"2023-07-31T15:38:30+00:00","dateModified":"2025-11-18T20:39:45+00:00","description":"Descubre esta Daga Templaria negra al mejor precio. Hoja de acero 440 con serigraf\u00eda. Vaina de ABS moldeado. Guarda de metal decorada. Longitud total: 39,5 cm","breadcrumb":{"@id":"https:\/\/repliquemangacine.fr\/dagues-medievales\/dague-templier-noir\/#breadcrumb"},"inLanguage":"es","potentialAction":[{"@type":"ReadAction","target":["https:\/\/repliquemangacine.fr\/dagues-medievales\/dague-templier-noir\/"]}]},{"@type":"ImageObject","inLanguage":"es","@id":"https:\/\/repliquemangacine.fr\/dagues-medievales\/dague-templier-noir\/#primaryimage","url":"https:\/\/repliquemangacine.fr\/wp-content\/uploads\/2023\/10\/0213ks.jpg","contentUrl":"https:\/\/repliquemangacine.fr\/wp-content\/uploads\/2023\/10\/0213ks.jpg","width":500,"height":500,"caption":"Dague Templier noir"},{"@type":"BreadcrumbList","@id":"https:\/\/repliquemangacine.fr\/dagues-medievales\/dague-templier-noir\/#breadcrumb","itemListElement":[{"@type":"ListItem","position":1,"name":"Accueil","item":"https:\/\/repliquemangacine.fr\/"},{"@type":"ListItem","position":2,"name":"Produits","item":"https:\/\/repliquemangacine.fr\/boutique\/"},{"@type":"ListItem","position":3,"name":"Dague Templier noir"}]},{"@type":"WebSite","@id":"https:\/\/repliquemangacine.fr\/#website","url":"https:\/\/repliquemangacine.fr\/","name":"R\u00e9plique Manga Cin\u00e9","description":"","publisher":{"@id":"https:\/\/repliquemangacine.fr\/#organization"},"potentialAction":[{"@type":"SearchAction","target":{"@type":"EntryPoint","urlTemplate":"https:\/\/repliquemangacine.fr\/?s={search_term_string}"},"query-input":{"@type":"PropertyValueSpecification","valueRequired":true,"valueName":"search_term_string"}}],"inLanguage":"es"},{"@type":"Organization","@id":"https:\/\/repliquemangacine.fr\/#organization","name":"R\u00e9plique Manga Cin\u00e9","url":"https:\/\/repliquemangacine.fr\/","logo":{"@type":"ImageObject","inLanguage":"es","@id":"https:\/\/repliquemangacine.fr\/#\/schema\/logo\/image\/","url":"https:\/\/repliquemangacine.fr\/wp-content\/uploads\/2023\/10\/RMC-500250.png","contentUrl":"https:\/\/repliquemangacine.fr\/wp-content\/uploads\/2023\/10\/RMC-500250.png","width":500,"height":250,"caption":"R\u00e9plique Manga Cin\u00e9"},"image":{"@id":"https:\/\/repliquemangacine.fr\/#\/schema\/logo\/image\/"},"sameAs":["https:\/\/www.facebook.com\/RepliqueMangaCine","https:\/\/www.instagram.com\/repliquemangacine.fr\/"]}]}},"_links":{"self":[{"href":"https:\/\/repliquemangacine.fr\/es\/wp-json\/wp\/v2\/product\/61822","targetHints":{"allow":["GET"]}}],"collection":[{"href":"https:\/\/repliquemangacine.fr\/es\/wp-json\/wp\/v2\/product"}],"about":[{"href":"https:\/\/repliquemangacine.fr\/es\/wp-json\/wp\/v2\/types\/product"}],"wp:featuredmedia":[{"embeddable":true,"href":"https:\/\/repliquemangacine.fr\/es\/wp-json\/wp\/v2\/media\/61823"}],"wp:attachment":[{"href":"https:\/\/repliquemangacine.fr\/es\/wp-json\/wp\/v2\/media?parent=61822"}],"wp:term":[{"taxonomy":"product_brand","embeddable":true,"href":"https:\/\/repliquemangacine.fr\/es\/wp-json\/wp\/v2\/product_brand?post=61822"},{"taxonomy":"product_cat","embeddable":true,"href":"https:\/\/repliquemangacine.fr\/es\/wp-json\/wp\/v2\/product_cat?post=61822"},{"taxonomy":"product_tag","embeddable":true,"href":"https:\/\/repliquemangacine.fr\/es\/wp-json\/wp\/v2\/product_tag?post=61822"}],"curies":[{"name":"wp","href":"https:\/\/api.w.org\/{rel}","templated":true}]}}